{"id":3671,"date":"2024-09-13T20:22:46","date_gmt":"2024-09-13T12:22:46","guid":{"rendered":"https:\/\/www.jinpinlub.com\/?post_type=product&#038;p=3671"},"modified":"2024-09-13T21:41:18","modified_gmt":"2024-09-13T13:41:18","slug":"van-dinh-luong-dv-h-zvc-cho-he-thong-boi-tron-duong-ong-kep","status":"publish","type":"product","link":"https:\/\/www.jinpinlub.com\/vi\/product\/dv-h-zvc-metering-valves-for-dual-line-lubrication-systems\/","title":{"rendered":"Van \u0111\u1ecbnh l\u01b0\u1ee3ng DV-H ZVC cho h\u1ec7 th\u1ed1ng b\u00f4i tr\u01a1n \u0111\u01b0\u1eddng \u1ed1ng k\u00e9p"},"content":{"rendered":"<h2>T\u00ednh n\u0103ng<\/h2>\n<p>Th\u00edch h\u1ee3p cho h\u1ec7 th\u1ed1ng b\u00f4i tr\u01a1n t\u1eadp trung hai \u0111\u01b0\u1eddng \u1ed1ng 20MPa. N\u00f3 d\u1eabn \u0111\u1ed9ng piston \u0111\u1ec3 \u0111\u01b0a ch\u1ea5t b\u00f4i tr\u01a1n ra ngo\u00e0i d\u01b0\u1edbi \u00e1p su\u1ea5t cung c\u1ea5p d\u1ea7u lu\u00e2n phi\u00ean c\u1ee7a hai \u1ed1ng cung c\u1ea5p d\u1ea7u, ho\u00e0n th\u00e0nh vi\u1ec7c ph\u00e2n ph\u1ed1i \u0111\u1ecbnh l\u01b0\u1ee3ng ch\u1ea5t b\u00f4i tr\u01a1n.<br \/>\nC\u00e1c \u0111\u1ea7u ra DV-H \u0111\u1ec1u \u1edf ph\u00eda d\u01b0\u1edbi v\u00e0 piston ph\u00e2n ph\u1ed1i di chuy\u1ec3n v\u1ec1 ph\u00eda tr\u01b0\u1edbc v\u00e0 ph\u00eda sau t\u1eeb c\u00f9ng m\u1ed9t \u0111\u1ea7u ra \u0111\u1ec3 xu\u1ea5t ra. M\u1ed7i khi h\u1ec7 th\u1ed1ng ho\u1ea1t \u0111\u1ed9ng, m\u1ed7i \u0111\u1ea7u ra \u0111\u01b0\u1ee3c xu\u1ea5t ra m\u1ed9t l\u1ea7n.<br \/>\nHo\u1ea1t \u0111\u1ed9ng c\u1ee7a DV-H c\u00f3 th\u1ec3 \u0111\u01b0\u1ee3c quan s\u00e1t tr\u1ef1c ti\u1ebfp t\u1eeb \u0111\u00e8n b\u00e1o v\u00e0 c\u00f3 th\u1ec3 \u0111i\u1ec1u ch\u1ec9nh \u00e2m l\u01b0\u1ee3ng \u0111\u1ea7u ra c\u1ee7a m\u1ed7i \u1ed5 c\u1eafm trong ph\u1ea1m vi ch\u1ec9 \u0111\u1ecbnh b\u1eb1ng c\u00e1ch \u0111i\u1ec1u ch\u1ec9nh c\u00e1c v\u00edt.<\/p>\n<h2>\u0110\u1eb7c \u0111i\u1ec3m k\u1ef9 thu\u1eadt<\/h2>\n<figure id=\"attachment_3672\" aria-describedby=\"caption-attachment-3672\" style=\"width: 900px\" class=\"wp-caption alignnone\"><img loading=\"lazy\" decoding=\"async\" class=\"size-full wp-image-3672\" src=\"https:\/\/www.jinpinlub.com\/wp-content\/uploads\/2024\/09\/DV-H-Specification.jpg\" alt=\"Th\u00f4ng s\u1ed1 k\u1ef9 thu\u1eadt DV-H\" width=\"900\" height=\"660\" srcset=\"https:\/\/www.jinpinlub.com\/wp-content\/uploads\/2024\/09\/DV-H-Specification.jpg 900w, https:\/\/www.jinpinlub.com\/wp-content\/uploads\/2024\/09\/DV-H-Specification-300x220.jpg 300w, https:\/\/www.jinpinlub.com\/wp-content\/uploads\/2024\/09\/DV-H-Specification-768x563.jpg 768w, https:\/\/www.jinpinlub.com\/wp-content\/uploads\/2024\/09\/DV-H-Specification-16x12.jpg 16w, https:\/\/www.jinpinlub.com\/wp-content\/uploads\/2024\/09\/DV-H-Specification-800x587.jpg 800w\" sizes=\"auto, (max-width: 900px) 100vw, 900px\" \/><figcaption id=\"caption-attachment-3672\" class=\"wp-caption-text\">Th\u00f4ng s\u1ed1 k\u1ef9 thu\u1eadt DV-H<\/figcaption><\/figure>\n<h2>\u1ee8ng d\u1ee5ng<\/h2>\n<p>Ng\u00e0nh s\u1ea3n xu\u1ea5t: B\u1ed9 ph\u00e2n ph\u1ed1i ZVC \u0111\u01b0\u1ee3c s\u1eed d\u1ee5ng trong c\u00e1c h\u1ec7 th\u1ed1ng b\u00f4i tr\u01a1n hai d\u00f2ng nh\u01b0 m\u00e1y c\u00f4ng c\u1ee5, m\u00e1y \u0111\u00fac khu\u00f4n v\u00e0 m\u00e1y \u00e9p phun.<br \/>\nNg\u00e0nh c\u00f4ng nghi\u1ec7p th\u00e9p: B\u1ed9 ph\u00e2n ph\u1ed1i ZVC \u0111\u01b0\u1ee3c s\u1eed d\u1ee5ng trong h\u1ec7 th\u1ed1ng b\u00f4i tr\u01a1n hai d\u00f2ng cho c\u00e1c nh\u00e0 m\u00e1y c\u00e1n, m\u00e1y \u0111\u00fac li\u00ean t\u1ee5c v\u00e0 c\u00e1c thi\u1ebft b\u1ecb kh\u00e1c.<br \/>\nNg\u00e0nh khai th\u00e1c m\u1ecf: Van \u0111\u1ecbnh l\u01b0\u1ee3ng hai d\u00f2ng ZVC \u0111\u01b0\u1ee3c s\u1eed d\u1ee5ng \u0111\u1ec3 b\u00f4i tr\u01a1n m\u00e1y m\u00f3c v\u00e0 thi\u1ebft b\u1ecb khai th\u00e1c m\u1ecf, ch\u1eb3ng h\u1ea1n nh\u01b0 m\u00e1y nghi\u1ec1n v\u00e0 m\u00e1y s\u00e0ng.<br \/>\nNg\u00e0nh s\u1ea3n xu\u1ea5t gi\u1ea5y: Thi\u1ebft b\u1ecb \u0111\u1ecbnh l\u01b0\u1ee3ng hai \u0111\u01b0\u1eddng ZVC \u0111\u01b0\u1ee3c s\u1eed d\u1ee5ng \u0111\u1ec3 b\u00f4i tr\u01a1n m\u00e1y m\u00f3c s\u1ea3n xu\u1ea5t gi\u1ea5y nh\u1eb1m \u0111\u1ea3m b\u1ea3o thi\u1ebft b\u1ecb ho\u1ea1t \u0111\u1ed9ng tr\u01a1n tru.<br \/>\nNg\u00e0nh c\u00f4ng nghi\u1ec7p h\u00f3a ch\u1ea5t: B\u1ed9 ph\u00e2n ph\u1ed1i DV-H \u0111\u01b0\u1ee3c s\u1eed d\u1ee5ng \u0111\u1ec3 b\u00f4i tr\u01a1n c\u00e1c thi\u1ebft b\u1ecb h\u00f3a ch\u1ea5t nh\u1eb1m ng\u0103n ng\u1eeba hao m\u00f2n v\u00e0 \u0103n m\u00f2n thi\u1ebft b\u1ecb.<\/p>\n<h2>H\u01b0\u1edbng d\u1eabn s\u1eed d\u1ee5ng<\/h2>\n<div class=\"sdm_download_button_box_default\"><div class=\"sdm_download_link\"><a href=\"https:\/\/www.jinpinlub.com\/vi\/?sdm_process_download=1&download_id=3656\" class=\"sdm_download white\" title=\"Ri\u00eang t\u01b0: DV-H Dual-line Distributor\" target=\"&quot;_blank&quot;\">Xem B\u1ea3ng d\u1eef li\u1ec7u - Nh\u00e0 ph\u00e2n ph\u1ed1i DV-H<\/a><\/div><\/div>","protected":false},"excerpt":{"rendered":"<p>B\u1ed9 ph\u00e2n ph\u1ed1i hai d\u00f2ng ZV-C \u0111\u01b0\u1ee3c s\u1eed d\u1ee5ng trong h\u1ec7 th\u1ed1ng b\u00f4i tr\u01a1n t\u1eadp trung hai d\u00f2ng, c\u00f3 th\u1ec3 ph\u00e2n ph\u1ed1i \u0111\u1ecbnh l\u01b0\u1ee3ng m\u1ee1 b\u00f4i tr\u01a1n \u0111\u1ebfn t\u1eebng \u0111i\u1ec3m b\u00f4i tr\u01a1n. Th\u00edch h\u1ee3p cho c\u00e1c ng\u00e0nh s\u1ea3n xu\u1ea5t, th\u00e9p, khai th\u00e1c, l\u00e0m gi\u1ea5y v\u00e0 h\u00f3a ch\u1ea5t. C\u00f3 th\u1ec3 \u0111i\u1ec1u ch\u1ec9nh l\u01b0\u1ee3ng x\u1ea3.<\/p>","protected":false},"featured_media":3673,"template":"","meta":{"ocean_post_layout":"","ocean_both_sidebars_style":"","ocean_both_sidebars_content_width":0,"ocean_both_sidebars_sidebars_width":0,"ocean_sidebar":"0","ocean_second_sidebar":"0","ocean_disable_margins":"enable","ocean_add_body_class":"","ocean_shortcode_before_top_bar":"","ocean_shortcode_after_top_bar":"","ocean_shortcode_before_header":"","ocean_shortcode_after_header":"","ocean_has_shortcode":"","ocean_shortcode_after_title":"","ocean_shortcode_before_footer_widgets":"","ocean_shortcode_after_footer_widgets":"","ocean_shortcode_before_footer_bottom":"","ocean_shortcode_after_footer_bottom":"","ocean_display_top_bar":"default","ocean_display_header":"default","ocean_header_style":"","ocean_center_header_left_menu":"0","ocean_custom_header_template":"0","ocean_custom_logo":0,"ocean_custom_retina_logo":0,"ocean_custom_logo_max_width":0,"ocean_custom_logo_tablet_max_width":0,"ocean_custom_logo_mobile_max_width":0,"ocean_custom_logo_max_height":0,"ocean_custom_logo_tablet_max_height":0,"ocean_custom_logo_mobile_max_height":0,"ocean_header_custom_menu":"0","ocean_menu_typo_font_family":"0","ocean_menu_typo_font_subset":"","ocean_menu_typo_font_size":0,"ocean_menu_typo_font_size_tablet":0,"ocean_menu_typo_font_size_mobile":0,"ocean_menu_typo_font_size_unit":"px","ocean_menu_typo_font_weight":"","ocean_menu_typo_font_weight_tablet":"","ocean_menu_typo_font_weight_mobile":"","ocean_menu_typo_transform":"","ocean_menu_typo_transform_tablet":"","ocean_menu_typo_transform_mobile":"","ocean_menu_typo_line_height":0,"ocean_menu_typo_line_height_tablet":0,"ocean_menu_typo_line_height_mobile":0,"ocean_menu_typo_line_height_unit":"","ocean_menu_typo_spacing":0,"ocean_menu_typo_spacing_tablet":0,"ocean_menu_typo_spacing_mobile":0,"ocean_menu_typo_spacing_unit":"","ocean_menu_link_color":"","ocean_menu_link_color_hover":"","ocean_menu_link_color_active":"","ocean_menu_link_background":"","ocean_menu_link_hover_background":"","ocean_menu_link_active_background":"","ocean_menu_social_links_bg":"","ocean_menu_social_hover_links_bg":"","ocean_menu_social_links_color":"","ocean_menu_social_hover_links_color":"","ocean_disable_title":"default","ocean_disable_heading":"default","ocean_post_title":"","ocean_post_subheading":"","ocean_post_title_style":"","ocean_post_title_background_color":"","ocean_post_title_background":0,"ocean_post_title_bg_image_position":"","ocean_post_title_bg_image_attachment":"","ocean_post_title_bg_image_repeat":"","ocean_post_title_bg_image_size":"","ocean_post_title_height":0,"ocean_post_title_bg_overlay":0.5,"ocean_post_title_bg_overlay_color":"","ocean_disable_breadcrumbs":"default","ocean_breadcrumbs_color":"","ocean_breadcrumbs_separator_color":"","ocean_breadcrumbs_links_color":"","ocean_breadcrumbs_links_hover_color":"","ocean_display_footer_widgets":"default","ocean_display_footer_bottom":"default","ocean_custom_footer_template":"0","osh_disable_topbar_sticky":"default","osh_disable_header_sticky":"default","osh_sticky_header_style":"default","osh_sticky_header_effect":"","osh_custom_sticky_logo":0,"osh_custom_retina_sticky_logo":0,"osh_custom_sticky_logo_height":0,"osh_background_color":"","osh_links_color":"","osh_links_hover_color":"","osh_links_active_color":"","osh_links_bg_color":"","osh_links_hover_bg_color":"","osh_links_active_bg_color":"","osh_menu_social_links_color":"","osh_menu_social_hover_links_color":""},"product_brand":[],"product_cat":[36,34],"product_tag":[300,302,301],"class_list":{"0":"post-3671","1":"product","2":"type-product","3":"status-publish","4":"has-post-thumbnail","6":"product_cat-dual-line-divider-valves","7":"product_cat-dual-line-lubrication-systems","8":"product_tag-dual-line-distributor","9":"product_tag-dual-line-grease-distributor","10":"product_tag-dual-line-metering-valve","12":"entry","13":"has-media","15":"first","16":"instock","17":"shipping-taxable","18":"product-type-external","19":"col","20":"span_1_of_3","21":"owp-content-center","22":"owp-thumbs-layout-horizontal","23":"owp-btn-very-big","24":"owp-tabs-layout-horizontal"},"_links":{"self":[{"href":"https:\/\/www.jinpinlub.com\/vi\/wp-json\/wp\/v2\/product\/3671","targetHints":{"allow":["GET"]}}],"collection":[{"href":"https:\/\/www.jinpinlub.com\/vi\/wp-json\/wp\/v2\/product"}],"about":[{"href":"https:\/\/www.jinpinlub.com\/vi\/wp-json\/wp\/v2\/types\/product"}],"wp:featuredmedia":[{"embeddable":true,"href":"https:\/\/www.jinpinlub.com\/vi\/wp-json\/wp\/v2\/media\/3673"}],"wp:attachment":[{"href":"https:\/\/www.jinpinlub.com\/vi\/wp-json\/wp\/v2\/media?parent=3671"}],"wp:term":[{"taxonomy":"product_brand","embeddable":true,"href":"https:\/\/www.jinpinlub.com\/vi\/wp-json\/wp\/v2\/product_brand?post=3671"},{"taxonomy":"product_cat","embeddable":true,"href":"https:\/\/www.jinpinlub.com\/vi\/wp-json\/wp\/v2\/product_cat?post=3671"},{"taxonomy":"product_tag","embeddable":true,"href":"https:\/\/www.jinpinlub.com\/vi\/wp-json\/wp\/v2\/product_tag?post=3671"}],"curies":[{"name":"wp","href":"https:\/\/api.w.org\/{rel}","templated":true}]}}