{"id":3674,"date":"2024-09-13T22:13:05","date_gmt":"2024-09-13T14:13:05","guid":{"rendered":"https:\/\/www.jinpinlub.com\/?post_type=product&#038;p=3674"},"modified":"2024-09-13T22:36:52","modified_gmt":"2024-09-13T14:36:52","slug":"may-bom-boi-tron-dien-da-diem-315bar-fza-1-14-outlet","status":"publish","type":"product","link":"https:\/\/www.jinpinlub.com\/vi\/product\/fza-1-14-outlet-315bar-multi-point-electric-lubrication-pump\/","title":{"rendered":"B\u01a1m b\u00f4i tr\u01a1n \u0111i\u1ec7n \u0111a \u0111i\u1ec3m FZA 1-14 Outlet 315bar"},"content":{"rendered":"<h2>T\u00ednh n\u0103ng<\/h2>\n<p>M\u00e1y b\u01a1m th\u00edch h\u1ee3p cho h\u1ec7 th\u1ed1ng b\u00f4i tr\u01a1n nhi\u1ec1u d\u00f2ng c\u00f3 t\u1ea7n su\u1ea5t b\u00f4i tr\u01a1n th\u1ea5p, \u0111i\u1ec3m b\u00f4i tr\u01a1n d\u01b0\u1edbi 50 \u0111i\u1ec3m v\u00e0 \u00e1p su\u1ea5t danh \u0111\u1ecbnh l\u00e0 31,5MPa. \u0110\u00e2y l\u00e0 thi\u1ebft b\u1ecb cung c\u1ea5p m\u1ee1 b\u00f4i tr\u01a1n tr\u1ef1c ti\u1ebfp ho\u1eb7c th\u00f4ng qua m\u1ed9t b\u1ed9 ph\u00e2n ph\u1ed1i \u0111\u01b0\u1eddng \u1ed1ng \u0111\u01a1n. \u0110\u1eb7c bi\u1ec7t th\u00edch h\u1ee3p cho c\u00e1c thi\u1ebft b\u1ecb m\u00e1y m\u00f3c \u0111\u01a1n l\u1ebb nh\u01b0 luy\u1ec7n kim, khai th\u00e1c m\u1ecf, m\u00e1y m\u00f3c h\u1ea1ng n\u1eb7ng, x\u00e2y d\u1ef1ng v\u1eadn t\u1ea3i c\u1ea3ng, v.v.<\/p>\n<h2>\u0110\u1eb7c \u0111i\u1ec3m k\u1ef9 thu\u1eadt<\/h2>\n<table>\n<tbody>\n<tr>\n<td>Nhi\u1ec7t \u0111\u1ed9 ho\u1ea1t \u0111\u1ed9ng<\/td>\n<td>(-20 ~ +80\u2103)<\/td>\n<\/tr>\n<tr>\n<td>S\u1ed1 l\u01b0\u1ee3ng c\u1eeda h\u00e0ng<\/td>\n<td>1~14<\/td>\n<\/tr>\n<tr>\n<td>S\u1ee9c ch\u1ee9a h\u1ed3 ch\u1ee9a<\/td>\n<td>10L, 20L, 30L<\/td>\n<\/tr>\n<tr>\n<td>N\u1ea1p l\u1ea1i<\/td>\n<td>Ph\u1ee5 ki\u1ec7n b\u00f4i tr\u01a1n th\u1ee7y l\u1ef1c<\/td>\n<\/tr>\n<tr>\n<td>Ch\u1ea5t b\u00f4i tr\u01a1n<\/td>\n<td>M\u1ee1 NLGI 0 #~2 #, D\u1ea7u \u2265 N68<\/td>\n<\/tr>\n<tr>\n<td>L\u1edbp b\u1ea3o v\u1ec7<\/td>\n<td>IP6K 9K<\/td>\n<\/tr>\n<tr>\n<td>Ph\u00f3ng \u0111i\u1ec7n<\/td>\n<td>1,8, 3,5, 5,8, 10,5, 25 mL\/ph\u00fat<\/td>\n<\/tr>\n<tr>\n<td>\u00c1p su\u1ea5t v\u1eadn h\u00e0nh t\u1ed1i \u0111a<\/td>\n<td>315 thanh<\/td>\n<\/tr>\n<tr>\n<td>Ch\u1ee7 \u0111\u1ec1 k\u1ebft n\u1ed1i<\/td>\n<td>M14*1 (\u03a68)<\/td>\n<\/tr>\n<tr>\n<td>\u0110i\u1ec7n \u00e1p ho\u1ea1t \u0111\u1ed9ng<\/td>\n<td>380VAC<\/td>\n<\/tr>\n<tr>\n<td>T\u1ed1c \u0111\u1ed9 l\u00e0m vi\u1ec7c<\/td>\n<td>22 chu k\u1ef3\/ph\u00fat<\/td>\n<\/tr>\n<\/tbody>\n<\/table>\n<h2>\u1ee8ng d\u1ee5ng<\/h2>\n<p>1. Lo\u1ea1i b\u01a1m b\u00f4i tr\u01a1n \u0111a \u0111i\u1ec3m n\u00e0y n\u00ean \u0111\u01b0\u1ee3c l\u1eafp \u0111\u1eb7t \u1edf n\u01a1i c\u00f3 nhi\u1ec7t \u0111\u1ed9 m\u00f4i tr\u01b0\u1eddng th\u00edch h\u1ee3p, \u00edt b\u1ee5i, d\u1ec5 ki\u1ec3m tra, b\u1ea3o tr\u00ec v\u00e0 b\u1ed5 sung m\u1ee1 thu\u1eadn ti\u1ec7n.<br \/>\n2. Vi\u1ec7c th\u00eam m\u1ee1 v\u00e0o b\u00ecnh ch\u1ee9a ph\u1ea3i \u0111\u01b0\u1ee3c th\u1ef1c hi\u1ec7n th\u00f4ng qua c\u1ed5ng n\u1ea1p c\u1ee7a b\u00ecnh ch\u1ee9a b\u1eb1ng b\u01a1m n\u1ea1p, nghi\u00eam c\u1ea5m th\u00e1o n\u1eafp v\u00e0 th\u00eam ch\u1ea5t b\u00f4i tr\u01a1n ch\u01b0a l\u1ecdc.<br \/>\n3. K\u1ebft n\u1ed1i \u0111\u1ed9ng c\u01a1 theo chi\u1ec1u quay \u0111\u01b0\u1ee3c ch\u1ec9 \u0111\u1ecbnh tr\u00ean th\u00e0nh th\u00f9ng ch\u1ee9a d\u1ea7u v\u00e0 kh\u00f4ng \u0111\u1ea3o ng\u01b0\u1ee3c l\u1ea1i.<br \/>\n4. S\u1ed1 l\u01b0\u1ee3ng c\u1ed5ng d\u1ea7u c\u00f3 th\u1ec3 \u0111\u01b0\u1ee3c l\u1ef1a ch\u1ecdn t\u1ef1 do trong ph\u1ea1m vi t\u1eeb 1-14. T\u00f9y thu\u1ed9c v\u00e0o y\u00eau c\u1ea7u c\u1ee7a thi\u1ebft b\u1ecb, c\u00e1c th\u00e0nh ph\u1ea7n b\u01a1m p\u00edt t\u00f4ng \u00e1p su\u1ea5t kh\u00f4ng c\u1ea7n thi\u1ebft c\u00f3 th\u1ec3 t\u1ef1 th\u00e1o r\u1eddi v\u00e0 c\u00e1c l\u1ed7 v\u00edt c\u00f3 th\u1ec3 \u0111\u01b0\u1ee3c b\u1ecbt k\u00edn b\u1eb1ng ph\u00edch c\u1eafm M20x1.5.<\/p>\n<h2>H\u01b0\u1edbng d\u1eabn s\u1eed d\u1ee5ng<\/h2>\n<div class=\"sdm_download_button_box_default\"><div class=\"sdm_download_link\"><a href=\"https:\/\/www.jinpinlub.com\/vi\/?sdm_process_download=1&download_id=3657\" class=\"sdm_download white\" title=\"Ri\u00eang t\u01b0: FZ-A Multipoint Pump\" target=\"&quot;_blank&quot;\">Xem B\u1ea3ng d\u1eef li\u1ec7u - B\u01a1m \u0111a \u0111i\u1ec3m FZ-A<\/a><\/div><\/div>","protected":false},"excerpt":{"rendered":"<p>FZ-A l\u00e0 b\u01a1m b\u00f4i tr\u01a1n \u0111a \u0111i\u1ec3m \u0111i\u1ec7n c\u00f3 th\u1ec3 ph\u1ee5c v\u1ee5 t\u1edbi 14 \u0111i\u1ec3m b\u00f4i tr\u01a1n. N\u00f3 c\u00f3 c\u00e1c th\u00e0nh ph\u1ea7n ch\u1eafc ch\u1eafn v\u00e0 m\u1ed9t m\u00e1y khu\u1ea5y m\u1ee1 \u0111\u1ec3 \u0111\u1ea3m b\u1ea3o cung c\u1ea5p m\u1ee1 li\u00ean t\u1ee5c. N\u00f3 c\u00f3 nhi\u1ec1u kh\u1ea3 n\u0103ng x\u1ea3 v\u00e0 c\u00f3 th\u1ec3 x\u1eed l\u00fd d\u1ea7u v\u00e0 m\u1ee1 l\u00ean \u0111\u1ebfn NLGI 000-2.<\/p>","protected":false},"featured_media":3607,"template":"","meta":{"ocean_post_layout":"","ocean_both_sidebars_style":"","ocean_both_sidebars_content_width":0,"ocean_both_sidebars_sidebars_width":0,"ocean_sidebar":"0","ocean_second_sidebar":"0","ocean_disable_margins":"enable","ocean_add_body_class":"","ocean_shortcode_before_top_bar":"","ocean_shortcode_after_top_bar":"","ocean_shortcode_before_header":"","ocean_shortcode_after_header":"","ocean_has_shortcode":"","ocean_shortcode_after_title":"","ocean_shortcode_before_footer_widgets":"","ocean_shortcode_after_footer_widgets":"","ocean_shortcode_before_footer_bottom":"","ocean_shortcode_after_footer_bottom":"","ocean_display_top_bar":"default","ocean_display_header":"default","ocean_header_style":"","ocean_center_header_left_menu":"0","ocean_custom_header_template":"0","ocean_custom_logo":0,"ocean_custom_retina_logo":0,"ocean_custom_logo_max_width":0,"ocean_custom_logo_tablet_max_width":0,"ocean_custom_logo_mobile_max_width":0,"ocean_custom_logo_max_height":0,"ocean_custom_logo_tablet_max_height":0,"ocean_custom_logo_mobile_max_height":0,"ocean_header_custom_menu":"0","ocean_menu_typo_font_family":"0","ocean_menu_typo_font_subset":"","ocean_menu_typo_font_size":0,"ocean_menu_typo_font_size_tablet":0,"ocean_menu_typo_font_size_mobile":0,"ocean_menu_typo_font_size_unit":"px","ocean_menu_typo_font_weight":"","ocean_menu_typo_font_weight_tablet":"","ocean_menu_typo_font_weight_mobile":"","ocean_menu_typo_transform":"","ocean_menu_typo_transform_tablet":"","ocean_menu_typo_transform_mobile":"","ocean_menu_typo_line_height":0,"ocean_menu_typo_line_height_tablet":0,"ocean_menu_typo_line_height_mobile":0,"ocean_menu_typo_line_height_unit":"","ocean_menu_typo_spacing":0,"ocean_menu_typo_spacing_tablet":0,"ocean_menu_typo_spacing_mobile":0,"ocean_menu_typo_spacing_unit":"","ocean_menu_link_color":"","ocean_menu_link_color_hover":"","ocean_menu_link_color_active":"","ocean_menu_link_background":"","ocean_menu_link_hover_background":"","ocean_menu_link_active_background":"","ocean_menu_social_links_bg":"","ocean_menu_social_hover_links_bg":"","ocean_menu_social_links_color":"","ocean_menu_social_hover_links_color":"","ocean_disable_title":"default","ocean_disable_heading":"default","ocean_post_title":"","ocean_post_subheading":"","ocean_post_title_style":"","ocean_post_title_background_color":"","ocean_post_title_background":0,"ocean_post_title_bg_image_position":"","ocean_post_title_bg_image_attachment":"","ocean_post_title_bg_image_repeat":"","ocean_post_title_bg_image_size":"","ocean_post_title_height":0,"ocean_post_title_bg_overlay":0.5,"ocean_post_title_bg_overlay_color":"","ocean_disable_breadcrumbs":"default","ocean_breadcrumbs_color":"","ocean_breadcrumbs_separator_color":"","ocean_breadcrumbs_links_color":"","ocean_breadcrumbs_links_hover_color":"","ocean_display_footer_widgets":"default","ocean_display_footer_bottom":"default","ocean_custom_footer_template":"0","osh_disable_topbar_sticky":"default","osh_disable_header_sticky":"default","osh_sticky_header_style":"default","osh_sticky_header_effect":"","osh_custom_sticky_logo":0,"osh_custom_retina_sticky_logo":0,"osh_custom_sticky_logo_height":0,"osh_background_color":"","osh_links_color":"","osh_links_hover_color":"","osh_links_active_color":"","osh_links_bg_color":"","osh_links_hover_bg_color":"","osh_links_active_bg_color":"","osh_menu_social_links_color":"","osh_menu_social_hover_links_color":""},"product_brand":[],"product_cat":[42,41],"product_tag":[73,77,205],"class_list":{"0":"post-3674","1":"product","2":"type-product","3":"status-publish","4":"has-post-thumbnail","6":"product_cat-electric-progressive-pumps","7":"product_cat-progressive-grease-systems","8":"product_tag-electric-lubrication-pump","9":"product_tag-grease-lubrication-pump","10":"product_tag-multi-point-lubrication-pump","12":"entry","13":"has-media","15":"first","16":"instock","17":"shipping-taxable","18":"product-type-external","19":"col","20":"span_1_of_3","21":"owp-content-center","22":"owp-thumbs-layout-horizontal","23":"owp-btn-very-big","24":"owp-tabs-layout-horizontal"},"_links":{"self":[{"href":"https:\/\/www.jinpinlub.com\/vi\/wp-json\/wp\/v2\/product\/3674","targetHints":{"allow":["GET"]}}],"collection":[{"href":"https:\/\/www.jinpinlub.com\/vi\/wp-json\/wp\/v2\/product"}],"about":[{"href":"https:\/\/www.jinpinlub.com\/vi\/wp-json\/wp\/v2\/types\/product"}],"wp:featuredmedia":[{"embeddable":true,"href":"https:\/\/www.jinpinlub.com\/vi\/wp-json\/wp\/v2\/media\/3607"}],"wp:attachment":[{"href":"https:\/\/www.jinpinlub.com\/vi\/wp-json\/wp\/v2\/media?parent=3674"}],"wp:term":[{"taxonomy":"product_brand","embeddable":true,"href":"https:\/\/www.jinpinlub.com\/vi\/wp-json\/wp\/v2\/product_brand?post=3674"},{"taxonomy":"product_cat","embeddable":true,"href":"https:\/\/www.jinpinlub.com\/vi\/wp-json\/wp\/v2\/product_cat?post=3674"},{"taxonomy":"product_tag","embeddable":true,"href":"https:\/\/www.jinpinlub.com\/vi\/wp-json\/wp\/v2\/product_tag?post=3674"}],"curies":[{"name":"wp","href":"https:\/\/api.w.org\/{rel}","templated":true}]}}