{"id":3675,"date":"2024-09-13T22:39:13","date_gmt":"2024-09-13T14:39:13","guid":{"rendered":"https:\/\/www.jinpinlub.com\/?post_type=product&#038;p=3675"},"modified":"2024-09-13T22:55:23","modified_gmt":"2024-09-13T14:55:23","slug":"van-dinh-huong-4-chieu-2-vi-tri-sav-cho-he-thong-duong-ong-doi","status":"publish","type":"product","link":"https:\/\/www.jinpinlub.com\/vi\/product\/sav-2-position-4-way-directional-valve-for-dual-line-system\/","title":{"rendered":"Van \u0111\u1ecbnh h\u01b0\u1edbng 4 chi\u1ec1u 2 v\u1ecb tr\u00ed SAV cho h\u1ec7 th\u1ed1ng \u0111\u01b0\u1eddng \u1ed1ng \u0111\u00f4i"},"content":{"rendered":"<h2>T\u00ednh n\u0103ng<\/h2>\n<p>Van \u0111\u1ecbnh h\u01b0\u1edbng 2 chi\u1ec1u 2 v\u1ecb tr\u00ed lo\u1ea1i SAV s\u1eed d\u1ee5ng \u0111\u1ed9ng c\u01a1 DC \u0111\u1ec3 d\u1eabn \u0111\u1ed9ng l\u00f5i van chuy\u1ec3n \u0111\u1ed9ng. \u0110\u00e2y l\u00e0 thi\u1ebft b\u1ecb \u0111i\u1ec1u khi\u1ec3n \u0111\u1ea3o chi\u1ec1u t\u00edch h\u1ee3p \u0111\u00f3ng m\u1edf \u0111\u01b0\u1eddng \u1ed1ng cung c\u1ea5p d\u1ea7u ho\u1eb7c chuy\u1ec3n h\u01b0\u1edbng cung c\u1ea5p d\u1ea7u. Ngay c\u1ea3 trong \u0111i\u1ec1u ki\u1ec7n l\u00e0m vi\u1ec7c kh\u1eafc nghi\u1ec7t (ch\u1eb3ng h\u1ea1n nh\u01b0 nhi\u1ec7t \u0111\u1ed9 th\u1ea5p ho\u1eb7c m\u1ee1 c\u00f3 \u0111\u1ed9 nh\u1edbt cao), ho\u1ea1t \u0111\u1ed9ng v\u1eabn kh\u00e1 \u0111\u00e1ng tin c\u1eady. Van n\u00e0y ph\u00f9 h\u1ee3p \u0111\u1ec3 s\u1eed d\u1ee5ng trong c\u00e1c h\u1ec7 th\u1ed1ng b\u00f4i tr\u01a1n t\u1eadp trung d\u1ea7u kh\u00f4 v\u00e0 m\u1ecfng v\u1edbi \u00e1p su\u1ea5t danh ngh\u0129a d\u01b0\u1edbi 40MPa v\u00e0 trong c\u00e1c \u0111\u01b0\u1eddng \u1ed1ng nh\u00e1nh ch\u00ednh c\u1ee7a h\u1ec7 th\u1ed1ng th\u1ee7y l\u1ef1c. N\u00f3 c\u0169ng c\u00f3 th\u1ec3 \u0111\u01b0\u1ee3c s\u1eed d\u1ee5ng trong ba lo\u1ea1i: 2 v\u1ecb tr\u00ed 4 chi\u1ec1u, 2 v\u1ecb tr\u00ed 3 chi\u1ec1u v\u00e0 2 v\u1ecb tr\u00ed 2 chi\u1ec1u.<\/p>\n<h2>\u0110\u1eb7c \u0111i\u1ec3m k\u1ef9 thu\u1eadt<\/h2>\n<table>\n<tbody>\n<tr>\n<td>Ng\u01b0\u1eddi m\u1eabu<\/td>\n<td>SAV<\/td>\n<\/tr>\n<tr>\n<td>\u00c1p su\u1ea5t ho\u1ea1t \u0111\u1ed9ng<\/td>\n<td>40MPa<\/td>\n<\/tr>\n<tr>\n<td>\u0110\u1ea3o ng\u01b0\u1ee3c th\u1eddi gian<\/td>\n<td>0,5 gi\u00e2y<\/td>\n<\/tr>\n<tr>\n<td>C\u00f4ng su\u1ea5t \u0111\u1ed9ng c\u01a1<\/td>\n<td>40W<\/td>\n<\/tr>\n<tr>\n<td>\u0110i\u1ec7n \u00e1p<\/td>\n<td>220VAC, 24VDC<\/td>\n<\/tr>\n<tr>\n<td>M\u00f4 men xo\u1eafn c\u1ee7a \u0111\u1ed9ng c\u01a1<\/td>\n<td>20 h\u1ea3i l\u00fd<\/td>\n<\/tr>\n<tr>\n<td>Ch\u1ea5t b\u00f4i tr\u01a1n<\/td>\n<td>M\u1ee1 NLGI 0~3# ho\u1eb7c D\u1ea7u \uff1e N68<\/td>\n<\/tr>\n<tr>\n<td>Nhi\u1ec7t \u0111\u1ed9 ho\u1ea1t \u0111\u1ed9ng<\/td>\n<td>(-20\u2103 ~ +80\u2103)<\/td>\n<\/tr>\n<\/tbody>\n<\/table>\n<h2>Ch\u1ec9 d\u1eabn<\/h2>\n<p>1. Van ph\u1ea3i \u0111\u01b0\u1ee3c l\u1eafp \u0111\u1eb7t \u1edf \u0111\u1ea7u ph\u00eda tr\u01b0\u1edbc c\u1ee7a \u0111\u01b0\u1eddng \u1ed1ng ch\u00ednh v\u00e0 nh\u00e1nh \u0111\u01b0\u1ee3c ki\u1ec3m so\u00e1t c\u1ee7a h\u1ec7 th\u1ed1ng v\u00e0 ph\u1ea3i \u0111\u01b0\u1ee3c \u0111\u1eb7t \u1edf v\u1ecb tr\u00ed th\u00f4ng tho\u00e1ng, kh\u00f4 r\u00e1o, d\u1ec5 ki\u1ec3m tra, kh\u00f4ng b\u1ecb c\u1ea3n tr\u1edf b\u1edfi c\u00e1c c\u01a1 c\u1ea5u chuy\u1ec3n \u0111\u1ed9ng xung quanh.<br \/>\n2. Khi s\u1eed d\u1ee5ng \u1edf ch\u1ebf \u0111\u1ed9 2 v\u1ecb tr\u00ed 2 chi\u1ec1u, c\u1eeda x\u1ea3 d\u1ea7u \u201cB\u201d v\u00e0 c\u1eeda h\u1ed3i d\u1ea7u \u201cR\u201d ph\u1ea3i b\u1ecb ch\u1eb7n.<br \/>\n3. Khi s\u1eed d\u1ee5ng \u1edf ch\u1ebf \u0111\u1ed9 hai v\u1ecb tr\u00ed ba chi\u1ec1u, c\u1eeda x\u1ea3 d\u1ea7u \u201cB\u201d ph\u1ea3i \u0111\u01b0\u1ee3c ch\u1eb7n.<br \/>\n4. K\u1ebft n\u1ed1i h\u1ec7 th\u1ed1ng d\u00e2y \u0111i\u1ec1u khi\u1ec3n \u0111i\u1ec7n t\u1eed theo nguy\u00ean l\u00fd nh\u01b0 h\u00ecnh tr\u00ean.<\/p>\n<h2>H\u01b0\u1edbng d\u1eabn s\u1eed d\u1ee5ng<\/h2>\n<div class=\"sdm_download_button_box_default\"><div class=\"sdm_download_link\"><a href=\"https:\/\/www.jinpinlub.com\/vi\/?sdm_process_download=1&download_id=3659\" class=\"sdm_download white\" title=\"Ri\u00eang t\u01b0: SAV Directional Valve\" target=\"&quot;_blank&quot;\">Xem B\u1ea3ng d\u1eef li\u1ec7u - Van \u0111\u1ecbnh h\u01b0\u1edbng SAV<\/a><\/div><\/div>","protected":false},"excerpt":{"rendered":"<p>SA-V l\u00e0 van b\u1ed1n chi\u1ec1u hai v\u1ecb tr\u00ed \u0111\u01b0\u1ee3c \u0111i\u1ec1u khi\u1ec3n b\u1edfi \u0111\u1ed9ng c\u01a1 DC, th\u00edch h\u1ee3p cho h\u1ec7 th\u1ed1ng b\u00f4i tr\u01a1n v\u00e0 th\u1ee7y l\u1ef1c. N\u00f3 c\u00f3 th\u1ec3 ho\u1ea1t \u0111\u1ed9ng trong \u0111i\u1ec1u ki\u1ec7n kh\u1eafc nghi\u1ec7t nh\u01b0 nhi\u1ec7t \u0111\u1ed9 th\u1ea5p ho\u1eb7c m\u1ee1 c\u00f3 \u0111\u1ed9 nh\u1edbt cao, v\u1edbi \u00e1p su\u1ea5t t\u1ed1i \u0111a l\u00e0 40 MPa, th\u1eddi gian chuy\u1ec3n m\u1ea1ch l\u00e0 0,5 gi\u00e2y.<\/p>","protected":false},"featured_media":3610,"template":"","meta":{"ocean_post_layout":"","ocean_both_sidebars_style":"","ocean_both_sidebars_content_width":0,"ocean_both_sidebars_sidebars_width":0,"ocean_sidebar":"0","ocean_second_sidebar":"0","ocean_disable_margins":"enable","ocean_add_body_class":"","ocean_shortcode_before_top_bar":"","ocean_shortcode_after_top_bar":"","ocean_shortcode_before_header":"","ocean_shortcode_after_header":"","ocean_has_shortcode":"","ocean_shortcode_after_title":"","ocean_shortcode_before_footer_widgets":"","ocean_shortcode_after_footer_widgets":"","ocean_shortcode_before_footer_bottom":"","ocean_shortcode_after_footer_bottom":"","ocean_display_top_bar":"default","ocean_display_header":"default","ocean_header_style":"","ocean_center_header_left_menu":"0","ocean_custom_header_template":"0","ocean_custom_logo":0,"ocean_custom_retina_logo":0,"ocean_custom_logo_max_width":0,"ocean_custom_logo_tablet_max_width":0,"ocean_custom_logo_mobile_max_width":0,"ocean_custom_logo_max_height":0,"ocean_custom_logo_tablet_max_height":0,"ocean_custom_logo_mobile_max_height":0,"ocean_header_custom_menu":"0","ocean_menu_typo_font_family":"0","ocean_menu_typo_font_subset":"","ocean_menu_typo_font_size":0,"ocean_menu_typo_font_size_tablet":0,"ocean_menu_typo_font_size_mobile":0,"ocean_menu_typo_font_size_unit":"px","ocean_menu_typo_font_weight":"","ocean_menu_typo_font_weight_tablet":"","ocean_menu_typo_font_weight_mobile":"","ocean_menu_typo_transform":"","ocean_menu_typo_transform_tablet":"","ocean_menu_typo_transform_mobile":"","ocean_menu_typo_line_height":0,"ocean_menu_typo_line_height_tablet":0,"ocean_menu_typo_line_height_mobile":0,"ocean_menu_typo_line_height_unit":"","ocean_menu_typo_spacing":0,"ocean_menu_typo_spacing_tablet":0,"ocean_menu_typo_spacing_mobile":0,"ocean_menu_typo_spacing_unit":"","ocean_menu_link_color":"","ocean_menu_link_color_hover":"","ocean_menu_link_color_active":"","ocean_menu_link_background":"","ocean_menu_link_hover_background":"","ocean_menu_link_active_background":"","ocean_menu_social_links_bg":"","ocean_menu_social_hover_links_bg":"","ocean_menu_social_links_color":"","ocean_menu_social_hover_links_color":"","ocean_disable_title":"default","ocean_disable_heading":"default","ocean_post_title":"","ocean_post_subheading":"","ocean_post_title_style":"","ocean_post_title_background_color":"","ocean_post_title_background":0,"ocean_post_title_bg_image_position":"","ocean_post_title_bg_image_attachment":"","ocean_post_title_bg_image_repeat":"","ocean_post_title_bg_image_size":"","ocean_post_title_height":0,"ocean_post_title_bg_overlay":0.5,"ocean_post_title_bg_overlay_color":"","ocean_disable_breadcrumbs":"default","ocean_breadcrumbs_color":"","ocean_breadcrumbs_separator_color":"","ocean_breadcrumbs_links_color":"","ocean_breadcrumbs_links_hover_color":"","ocean_display_footer_widgets":"default","ocean_display_footer_bottom":"default","ocean_custom_footer_template":"0","osh_disable_topbar_sticky":"default","osh_disable_header_sticky":"default","osh_sticky_header_style":"default","osh_sticky_header_effect":"","osh_custom_sticky_logo":0,"osh_custom_retina_sticky_logo":0,"osh_custom_sticky_logo_height":0,"osh_background_color":"","osh_links_color":"","osh_links_hover_color":"","osh_links_active_color":"","osh_links_bg_color":"","osh_links_hover_bg_color":"","osh_links_active_bg_color":"","osh_menu_social_links_color":"","osh_menu_social_hover_links_color":""},"product_brand":[],"product_cat":[36,34],"product_tag":[304,303,299],"class_list":{"0":"post-3675","1":"product","2":"type-product","3":"status-publish","4":"has-post-thumbnail","6":"product_cat-dual-line-divider-valves","7":"product_cat-dual-line-lubrication-systems","8":"product_tag-dual-line-reversing-valve","9":"product_tag-lubrication-reversing-valve","10":"product_tag-lubrication-system-reversing-valve","12":"entry","13":"has-media","15":"first","16":"instock","17":"shipping-taxable","18":"product-type-external","19":"col","20":"span_1_of_3","21":"owp-content-center","22":"owp-thumbs-layout-horizontal","23":"owp-btn-very-big","24":"owp-tabs-layout-horizontal"},"_links":{"self":[{"href":"https:\/\/www.jinpinlub.com\/vi\/wp-json\/wp\/v2\/product\/3675","targetHints":{"allow":["GET"]}}],"collection":[{"href":"https:\/\/www.jinpinlub.com\/vi\/wp-json\/wp\/v2\/product"}],"about":[{"href":"https:\/\/www.jinpinlub.com\/vi\/wp-json\/wp\/v2\/types\/product"}],"wp:featuredmedia":[{"embeddable":true,"href":"https:\/\/www.jinpinlub.com\/vi\/wp-json\/wp\/v2\/media\/3610"}],"wp:attachment":[{"href":"https:\/\/www.jinpinlub.com\/vi\/wp-json\/wp\/v2\/media?parent=3675"}],"wp:term":[{"taxonomy":"product_brand","embeddable":true,"href":"https:\/\/www.jinpinlub.com\/vi\/wp-json\/wp\/v2\/product_brand?post=3675"},{"taxonomy":"product_cat","embeddable":true,"href":"https:\/\/www.jinpinlub.com\/vi\/wp-json\/wp\/v2\/product_cat?post=3675"},{"taxonomy":"product_tag","embeddable":true,"href":"https:\/\/www.jinpinlub.com\/vi\/wp-json\/wp\/v2\/product_tag?post=3675"}],"curies":[{"name":"wp","href":"https:\/\/api.w.org\/{rel}","templated":true}]}}