{"id":3677,"date":"2024-09-13T22:58:55","date_gmt":"2024-09-13T14:58:55","guid":{"rendered":"https:\/\/www.jinpinlub.com\/?post_type=product&#038;p=3677"},"modified":"2024-09-13T23:20:47","modified_gmt":"2024-09-13T15:20:47","slug":"van-dinh-huong-dien-tu-sv-cho-bom-boi-tron-duong-ong-kep","status":"publish","type":"product","link":"https:\/\/www.jinpinlub.com\/vi\/product\/sv-solenoid-directional-valve-for-dual-line-lubrication-pump\/","title":{"rendered":"Van \u0111i\u1ec7n t\u1eeb h\u01b0\u1edbng SV cho b\u01a1m b\u00f4i tr\u01a1n \u0111\u01b0\u1eddng \u1ed1ng k\u00e9p"},"content":{"rendered":"<h2>T\u00ednh n\u0103ng<\/h2>\n<p>\u0110\u01b0\u1ee3c s\u1eed d\u1ee5ng trong h\u1ec7 th\u1ed1ng b\u00f4i tr\u01a1n \u0111\u1ea7u cu\u1ed1i \u0111i\u1ec7n. H\u1ed9p \u0111i\u1ec1u khi\u1ec3n \u0111i\u1ec7n nh\u1eadn t\u00edn hi\u1ec7u t\u1eeb van \u0111i\u1ec1u khi\u1ec3n \u00e1p su\u1ea5t v\u00e0 \u0111i\u1ec1u khi\u1ec3n van \u0111\u1ec3 th\u1ef1c hi\u1ec7n vi\u1ec7c cung c\u1ea5p v\u00e0 m\u1edf lu\u00e2n phi\u00ean hai \u0111\u01b0\u1eddng \u1ed1ng ch\u00ednh.<br \/>\nC\u1ea5u tr\u00fac van tr\u01b0\u1ee3t h\u00ecnh tr\u1ee5 \u0111\u01b0\u1ee3c s\u1eed d\u1ee5ng \u0111\u1ec3 l\u00e0m cho c\u1ed5ng van \u0111\u00f3ng m\u1edf ch\u1eb7t ch\u1ebd v\u00e0 duy tr\u00ec \u00e1p su\u1ea5t cao m\u00e0 kh\u00f4ng b\u1ecb r\u00f2 r\u1ec9. Nam ch\u00e2m \u0111i\u1ec7n m\u1ea1nh v\u00e0 b\u1ed9 \u0111\u1ec7m l\u00f2 xo l\u00e0m cho vi\u1ec7c chuy\u1ec3n m\u1ea1ch \u0111\u00e1ng tin c\u1eady.<\/p>\n<h2>\u0110\u1eb7c \u0111i\u1ec3m k\u1ef9 thu\u1eadt<\/h2>\n<table>\n<tbody>\n<tr>\n<td>Ng\u01b0\u1eddi m\u1eabu<\/td>\n<td>SV<\/td>\n<\/tr>\n<tr>\n<td>\u00c1p su\u1ea5t ho\u1ea1t \u0111\u1ed9ng<\/td>\n<td>20MPa<\/td>\n<\/tr>\n<tr>\n<td>C\u1ed5ng tr\u1ea3 v\u1ec1<\/td>\n<td>10MPa<\/td>\n<\/tr>\n<tr>\n<td>T\u1ed1c \u0111\u1ed9 d\u00f2ng ch\u1ea3y<\/td>\n<td>3L\/ph\u00fat<\/td>\n<\/tr>\n<tr>\n<td>Chuy\u1ec3n \u0111\u1ed5i<\/td>\n<td>30 chu k\u1ef3\/ph\u00fat<\/td>\n<\/tr>\n<tr>\n<td>\u0110i\u1ec7n \u00e1p<\/td>\n<td>220VAC, 24VDC<\/td>\n<\/tr>\n<tr>\n<td>M\u00f4 men xo\u1eafn c\u1ee7a \u0111\u1ed9ng c\u01a1<\/td>\n<td>20 h\u1ea3i l\u00fd<\/td>\n<\/tr>\n<tr>\n<td>Ch\u1ea5t b\u00f4i tr\u01a1n<\/td>\n<td>M\u1ee1 NLGI 0~1# ho\u1eb7c D\u1ea7u \uff1e N68<\/td>\n<\/tr>\n<tr>\n<td>Nhi\u1ec7t \u0111\u1ed9 ho\u1ea1t \u0111\u1ed9ng<\/td>\n<td>0~50\u2103<\/td>\n<\/tr>\n<tr>\n<td>Lo\u1ea1i l\u00f2 xo<\/td>\n<td>\u0110\u1ec1n b\u00f9<\/td>\n<\/tr>\n<\/tbody>\n<\/table>\n<h2>\u1ee8ng d\u1ee5ng<\/h2>\n<p>H\u1ec7 th\u1ed1ng th\u1ee7y l\u1ef1c: SV \u0111\u01b0\u1ee3c s\u1eed d\u1ee5ng \u0111\u1ec3 \u0111i\u1ec1u khi\u1ec3n h\u01b0\u1edbng chuy\u1ec3n \u0111\u1ed9ng c\u1ee7a xi lanh th\u1ee7y l\u1ef1c v\u00e0 \u0111\u1ed9ng c\u01a1 th\u1ee7y l\u1ef1c, th\u01b0\u1eddng \u0111\u01b0\u1ee3c s\u1eed d\u1ee5ng trong c\u00e1c m\u00e1y c\u00f4ng c\u1ee5, thi\u1ebft b\u1ecb luy\u1ec7n kim v\u00e0 m\u00e1y m\u00f3c k\u1ef9 thu\u1eadt.<br \/>\nH\u1ec7 th\u1ed1ng b\u00f4i tr\u01a1n: Van \u0111\u1ea3o chi\u1ec1u \u0111i\u1ec7n t\u1eeb SV th\u01b0\u1eddng \u0111\u01b0\u1ee3c s\u1eed d\u1ee5ng trong h\u1ec7 th\u1ed1ng b\u00f4i tr\u01a1n hai \u0111\u01b0\u1eddng \u1ed1ng \u0111\u1ec3 ki\u1ec3m so\u00e1t ngu\u1ed3n cung c\u1ea5p d\u1ea7u lu\u00e2n phi\u00ean c\u1ee7a hai \u0111\u01b0\u1eddng \u1ed1ng b\u00f4i tr\u01a1n ch\u00ednh.<br \/>\nT\u1ef1 \u0111\u1ed9ng h\u00f3a c\u00f4ng nghi\u1ec7p: Trong c\u00e1c d\u00e2y chuy\u1ec1n s\u1ea3n xu\u1ea5t t\u1ef1 \u0111\u1ed9ng, SV \u0111\u01b0\u1ee3c s\u1eed d\u1ee5ng k\u1ebft h\u1ee3p v\u1edbi c\u00e1c c\u1ea3m bi\u1ebfn v\u00e0 b\u1ed9 truy\u1ec1n \u0111\u1ed9ng \u0111\u1ec3 \u0111\u1ea1t \u0111\u01b0\u1ee3c kh\u1ea3 n\u0103ng ki\u1ec3m so\u00e1t ch\u00ednh x\u00e1c c\u00e1c lu\u1ed3ng quy tr\u00ecnh.<\/p>\n<h2>H\u01b0\u1edbng d\u1eabn s\u1eed d\u1ee5ng<\/h2>\n<div class=\"sdm_download_button_box_default\"><div class=\"sdm_download_link\"><a href=\"https:\/\/www.jinpinlub.com\/vi\/?sdm_process_download=1&download_id=3660\" class=\"sdm_download white\" title=\"Ri\u00eang t\u01b0: SV Solenoid Valve\" target=\"&quot;_blank&quot;\">Xem B\u1ea3ng d\u1eef li\u1ec7u - Van \u0111i\u1ec7n t\u1eeb SV<\/a><\/div><\/div>","protected":false},"excerpt":{"rendered":"<p>SV l\u00e0 van \u0111\u01b0\u1ee3c s\u1eed d\u1ee5ng trong h\u1ec7 th\u1ed1ng b\u00f4i tr\u01a1n t\u1eadp trung \u0111\u1ea7u cu\u1ed1i \u0111i\u1ec7n, th\u01b0\u1eddng \u0111\u01b0\u1ee3c s\u1eed d\u1ee5ng \u0111\u1ec3 ki\u1ec3m so\u00e1t ngu\u1ed3n cung c\u1ea5p d\u1ea7u lu\u00e2n phi\u00ean c\u1ee7a 2 \u0111\u01b0\u1eddng \u1ed1ng ch\u00ednh v\u00e0 c\u00f3 van \u0111\u1ea3o chi\u1ec1u \u0111i\u1ec7n t\u1eeb 4\/3 \u0111i\u1ec1u khi\u1ec3n. Thi\u1ebft k\u1ebf c\u1ee7a n\u00f3 cho ph\u00e9p duy tr\u00ec hi\u1ec7u su\u1ea5t \u1ed5n \u0111\u1ecbnh trong qu\u00e1 tr\u00ecnh v\u1eadn h\u00e0nh \u00e1p su\u1ea5t cao.<\/p>","protected":false},"featured_media":3614,"template":"","meta":{"ocean_post_layout":"","ocean_both_sidebars_style":"","ocean_both_sidebars_content_width":0,"ocean_both_sidebars_sidebars_width":0,"ocean_sidebar":"0","ocean_second_sidebar":"0","ocean_disable_margins":"enable","ocean_add_body_class":"","ocean_shortcode_before_top_bar":"","ocean_shortcode_after_top_bar":"","ocean_shortcode_before_header":"","ocean_shortcode_after_header":"","ocean_has_shortcode":"","ocean_shortcode_after_title":"","ocean_shortcode_before_footer_widgets":"","ocean_shortcode_after_footer_widgets":"","ocean_shortcode_before_footer_bottom":"","ocean_shortcode_after_footer_bottom":"","ocean_display_top_bar":"default","ocean_display_header":"default","ocean_header_style":"","ocean_center_header_left_menu":"0","ocean_custom_header_template":"0","ocean_custom_logo":0,"ocean_custom_retina_logo":0,"ocean_custom_logo_max_width":0,"ocean_custom_logo_tablet_max_width":0,"ocean_custom_logo_mobile_max_width":0,"ocean_custom_logo_max_height":0,"ocean_custom_logo_tablet_max_height":0,"ocean_custom_logo_mobile_max_height":0,"ocean_header_custom_menu":"0","ocean_menu_typo_font_family":"0","ocean_menu_typo_font_subset":"","ocean_menu_typo_font_size":0,"ocean_menu_typo_font_size_tablet":0,"ocean_menu_typo_font_size_mobile":0,"ocean_menu_typo_font_size_unit":"px","ocean_menu_typo_font_weight":"","ocean_menu_typo_font_weight_tablet":"","ocean_menu_typo_font_weight_mobile":"","ocean_menu_typo_transform":"","ocean_menu_typo_transform_tablet":"","ocean_menu_typo_transform_mobile":"","ocean_menu_typo_line_height":0,"ocean_menu_typo_line_height_tablet":0,"ocean_menu_typo_line_height_mobile":0,"ocean_menu_typo_line_height_unit":"","ocean_menu_typo_spacing":0,"ocean_menu_typo_spacing_tablet":0,"ocean_menu_typo_spacing_mobile":0,"ocean_menu_typo_spacing_unit":"","ocean_menu_link_color":"","ocean_menu_link_color_hover":"","ocean_menu_link_color_active":"","ocean_menu_link_background":"","ocean_menu_link_hover_background":"","ocean_menu_link_active_background":"","ocean_menu_social_links_bg":"","ocean_menu_social_hover_links_bg":"","ocean_menu_social_links_color":"","ocean_menu_social_hover_links_color":"","ocean_disable_title":"default","ocean_disable_heading":"default","ocean_post_title":"","ocean_post_subheading":"","ocean_post_title_style":"","ocean_post_title_background_color":"","ocean_post_title_background":0,"ocean_post_title_bg_image_position":"","ocean_post_title_bg_image_attachment":"","ocean_post_title_bg_image_repeat":"","ocean_post_title_bg_image_size":"","ocean_post_title_height":0,"ocean_post_title_bg_overlay":0.5,"ocean_post_title_bg_overlay_color":"","ocean_disable_breadcrumbs":"default","ocean_breadcrumbs_color":"","ocean_breadcrumbs_separator_color":"","ocean_breadcrumbs_links_color":"","ocean_breadcrumbs_links_hover_color":"","ocean_display_footer_widgets":"default","ocean_display_footer_bottom":"default","ocean_custom_footer_template":"0","osh_disable_topbar_sticky":"default","osh_disable_header_sticky":"default","osh_sticky_header_style":"default","osh_sticky_header_effect":"","osh_custom_sticky_logo":0,"osh_custom_retina_sticky_logo":0,"osh_custom_sticky_logo_height":0,"osh_background_color":"","osh_links_color":"","osh_links_hover_color":"","osh_links_active_color":"","osh_links_bg_color":"","osh_links_hover_bg_color":"","osh_links_active_bg_color":"","osh_menu_social_links_color":"","osh_menu_social_hover_links_color":""},"product_brand":[],"product_cat":[36,34],"product_tag":[297,305,306],"class_list":{"0":"post-3677","1":"product","2":"type-product","3":"status-publish","4":"has-post-thumbnail","6":"product_cat-dual-line-divider-valves","7":"product_cat-dual-line-lubrication-systems","8":"product_tag-hydraulic-reversing-valve","9":"product_tag-hydraulic-solenoid-valve","10":"product_tag-lubrication-solenoid-valve","12":"entry","13":"has-media","15":"first","16":"instock","17":"shipping-taxable","18":"product-type-external","19":"col","20":"span_1_of_3","21":"owp-content-center","22":"owp-thumbs-layout-horizontal","23":"owp-btn-very-big","24":"owp-tabs-layout-horizontal"},"_links":{"self":[{"href":"https:\/\/www.jinpinlub.com\/vi\/wp-json\/wp\/v2\/product\/3677","targetHints":{"allow":["GET"]}}],"collection":[{"href":"https:\/\/www.jinpinlub.com\/vi\/wp-json\/wp\/v2\/product"}],"about":[{"href":"https:\/\/www.jinpinlub.com\/vi\/wp-json\/wp\/v2\/types\/product"}],"wp:featuredmedia":[{"embeddable":true,"href":"https:\/\/www.jinpinlub.com\/vi\/wp-json\/wp\/v2\/media\/3614"}],"wp:attachment":[{"href":"https:\/\/www.jinpinlub.com\/vi\/wp-json\/wp\/v2\/media?parent=3677"}],"wp:term":[{"taxonomy":"product_brand","embeddable":true,"href":"https:\/\/www.jinpinlub.com\/vi\/wp-json\/wp\/v2\/product_brand?post=3677"},{"taxonomy":"product_cat","embeddable":true,"href":"https:\/\/www.jinpinlub.com\/vi\/wp-json\/wp\/v2\/product_cat?post=3677"},{"taxonomy":"product_tag","embeddable":true,"href":"https:\/\/www.jinpinlub.com\/vi\/wp-json\/wp\/v2\/product_tag?post=3677"}],"curies":[{"name":"wp","href":"https:\/\/api.w.org\/{rel}","templated":true}]}}