{"id":3678,"date":"2024-09-13T23:21:17","date_gmt":"2024-09-13T15:21:17","guid":{"rendered":"https:\/\/www.jinpinlub.com\/?post_type=product&#038;p=3678"},"modified":"2024-09-13T23:39:19","modified_gmt":"2024-09-13T15:39:19","slug":"bo-phan-phoi-dong-kep-vsg-kr-40mpa-cho-he-thong-boi-tron","status":"publish","type":"product","link":"https:\/\/www.jinpinlub.com\/vi\/product\/vsg-kr-40mpa-dual-line-distributor-for-lubrication-system\/","title":{"rendered":"B\u1ed9 ph\u00e2n ph\u1ed1i d\u00f2ng k\u00e9p VSG-KR 40MPa cho h\u1ec7 th\u1ed1ng b\u00f4i tr\u01a1n"},"content":{"rendered":"<h2>T\u00ednh n\u0103ng<\/h2>\n<p>B\u1ed9 ph\u00e2n ph\u1ed1i d\u00f2ng k\u00e9p VSG-KR c\u00f3 c\u00e1c \u0111\u1ea7u ra \u1edf c\u1ea3 tr\u00ean v\u00e0 d\u01b0\u1edbi, v\u00e0 khi piston ph\u00e2n ph\u1ed1i di chuy\u1ec3n v\u1ec1 ph\u00eda tr\u01b0\u1edbc v\u00e0 ph\u00eda sau, n\u00f3 \u0111\u01b0\u1ee3c x\u1ea3 m\u1ed9t l\u1ea7n t\u1eeb c\u00e1c \u0111\u1ea7u ra \u1edf c\u1ea3 hai b\u00ean. C\u00f3 m\u1ed9t c\u1ea5u tr\u00fac x\u1ea3 d\u1ea7u k\u1ebft h\u1ee3p \u1edf c\u00e1c \u0111\u1ea7u ra tr\u00ean v\u00e0 d\u01b0\u1edbi t\u01b0\u01a1ng \u1ee9ng. \u0110\u1ec3 thay \u0111\u1ed5i s\u1ed1 l\u01b0\u1ee3ng \u0111\u1ea7u ra l\u1ebb, ch\u1ec9 c\u1ea7n \u0111i\u1ec1u ch\u1ec9nh h\u01b0\u1edbng c\u1ee7a \u1ed1ng d\u1eabn h\u01b0\u1edbng. Ho\u1ea1t \u0111\u1ed9ng c\u1ee7a b\u1ed9 ph\u00e2n ph\u1ed1i c\u00f3 th\u1ec3 \u0111\u01b0\u1ee3c quan s\u00e1t t\u1eeb t\u00e1c \u0111\u1ed9ng c\u1ee7a thanh ch\u1ec9 b\u00e1o v\u00e0 c\u00f3 th\u1ec3 \u0111i\u1ec1u ch\u1ec9nh l\u01b0\u1ee3ng x\u1ea3 c\u1ee7a m\u1ed7i \u0111\u1ea7u ra trong ph\u1ea1m vi ch\u1ec9 \u0111\u1ecbnh b\u1eb1ng c\u00e1ch \u0111i\u1ec1u ch\u1ec9nh c\u00e1c v\u00edt. Lo\u1ea1i b\u1ed9 ph\u00e2n ph\u1ed1i n\u00e0y \u0111\u01b0\u1ee3c s\u1eed d\u1ee5ng cho c\u00e1c h\u1ec7 th\u1ed1ng b\u00f4i tr\u01a1n m\u1ee1 d\u00f2ng k\u00e9p v\u1edbi \u00e1p su\u1ea5t danh ngh\u0129a l\u00e0 40MPa.<\/p>\n<h2>\u0110\u1eb7c \u0111i\u1ec3m k\u1ef9 thu\u1eadt<\/h2>\n<table>\n<tbody>\n<tr>\n<td>Ng\u01b0\u1eddi m\u1eabu<\/td>\n<td>VSG-KR<\/td>\n<\/tr>\n<tr>\n<td>\u00c1p su\u1ea5t ho\u1ea1t \u0111\u1ed9ng<\/td>\n<td>40MPa<\/td>\n<\/tr>\n<tr>\n<td>\u00c1p l\u1ef1c h\u00e0nh \u0111\u1ed9ng<\/td>\n<td>\u22641,2MPa<\/td>\n<\/tr>\n<tr>\n<td>X\u1ea3 \u0111\u1ecbnh m\u1ee9c<\/td>\n<td>0 ~ 2,3 mL\/chu k\u1ef3<\/td>\n<\/tr>\n<tr>\n<td>\u0110i\u1ec1u ch\u1ec9nh l\u01b0u l\u01b0\u1ee3ng v\u00edt<\/td>\n<td>0,14mL\/v\u00f2ng tr\u00f2n<\/td>\n<\/tr>\n<tr>\n<td>S\u1ed1 l\u01b0\u1ee3ng c\u1eeda h\u00e0ng<\/td>\n<td>2~8<\/td>\n<\/tr>\n<tr>\n<td>Ch\u1ea5t b\u00f4i tr\u01a1n<\/td>\n<td>M\u1ee1 NLGI 0~2# ho\u1eb7c D\u1ea7u \uff1e N68<\/td>\n<\/tr>\n<tr>\n<td>Nhi\u1ec7t \u0111\u1ed9 ho\u1ea1t \u0111\u1ed9ng<\/td>\n<td>(-10\u2103 ~ 80\u2103)<\/td>\n<\/tr>\n<\/tbody>\n<\/table>\n<h2>Ch\u1ec9 d\u1eabn<\/h2>\n<p>M\u00f4i tr\u01b0\u1eddng s\u1eed d\u1ee5ng l\u00e0 m\u1ee1 b\u00f4i tr\u01a1n NLGI 0#~2# ho\u1eb7c d\u1ea7u b\u00f4i tr\u01a1n c\u00f3 c\u1ea5p \u0111\u1ed9 nh\u1edbt l\u1edbn h\u01a1n N68. Nhi\u1ec7t \u0111\u1ed9 m\u00f4i tr\u01b0\u1eddng ho\u1ea1t \u0111\u1ed9ng l\u00e0 -10\u2103~80\u2103. N\u1ebfu m\u00f4i tr\u01b0\u1eddng s\u1eed d\u1ee5ng l\u00e0 d\u1ea7u b\u00f4i tr\u01a1n, vui l\u00f2ng s\u1eed d\u1ee5ng d\u01b0\u1edbi \u00e1p su\u1ea5t 20MPa.<br \/>\nN\u1ebfu c\u1ea7n ph\u1ea3i g\u1ed9p \u1ed5 c\u1eafm tr\u00ean v\u00e0 d\u01b0\u1edbi, h\u00e3y th\u00e1o v\u00edt trong l\u1ed7 v\u00e0 d\u00f9ng v\u00edt G14 b\u1ecbt \u1ed5 c\u1eafm ch\u01b0a s\u1eed d\u1ee5ng \u0111\u1ec3 ng\u0103n b\u1ee5i x\u00e2m nh\u1eadp.<br \/>\nN\u1ebfu nhi\u1ec7t \u0111\u1ed9 m\u00f4i tr\u01b0\u1eddng l\u1eafp \u0111\u1eb7t c\u1ee7a b\u1ed9 ph\u00e2n ph\u1ed1i n\u1eb1m ngo\u00e0i ph\u1ea1m vi -10\u2103 ~ 80\u2103, ph\u1ea3i ghi r\u00f5 trong h\u1ee3p \u0111\u1ed3ng \u0111\u1eb7t h\u00e0ng \u0111\u1ec3 cung c\u1ea5p ph\u1edbt d\u1ea7u nhi\u1ec7t \u0111\u1ed9 th\u1ea5p v\u00e0 nhi\u1ec7t \u0111\u1ed9 cao.<\/p>\n<h2>H\u01b0\u1edbng d\u1eabn s\u1eed d\u1ee5ng<\/h2>\n<div class=\"sdm_download_button_box_default\"><div class=\"sdm_download_link\"><a href=\"https:\/\/www.jinpinlub.com\/vi\/?sdm_process_download=1&download_id=3661\" class=\"sdm_download white\" title=\"Ri\u00eang t\u01b0: VSG Distributor\" target=\"&quot;_blank&quot;\">Xem B\u1ea3ng d\u1eef li\u1ec7u - Nh\u00e0 ph\u00e2n ph\u1ed1i VSG<\/a><\/div><\/div>","protected":false},"excerpt":{"rendered":"<p>B\u1ed9 ph\u1eadn \u0111o VSG l\u00e0 m\u1ed9t th\u00e0nh ph\u1ea7n m\u1ea1nh m\u1ebd cho h\u1ec7 th\u1ed1ng b\u00f4i tr\u01a1n hai \u0111\u01b0\u1eddng \u1ed1ng, c\u00f3 kh\u1ea3 n\u0103ng ch\u1ecbu \u00e1p su\u1ea5t l\u00ean \u0111\u1ebfn 400 bar, \u0111\u01b0\u1ee3c l\u00e0m b\u1eb1ng th\u00e9p m\u1ea1 k\u1ebdm v\u00e0 c\u00f3 t\u1edbi t\u00e1m \u0111\u1ea7u ra, m\u1ed7i \u0111\u1ea7u ra \u0111\u01b0\u1ee3c trang b\u1ecb m\u1ed9t ch\u1ed1t ch\u1ec9 b\u00e1o \u0111\u1ec3 theo d\u00f5i tr\u1ef1c quan.<\/p>","protected":false},"featured_media":3617,"template":"","meta":{"ocean_post_layout":"","ocean_both_sidebars_style":"","ocean_both_sidebars_content_width":0,"ocean_both_sidebars_sidebars_width":0,"ocean_sidebar":"0","ocean_second_sidebar":"0","ocean_disable_margins":"enable","ocean_add_body_class":"","ocean_shortcode_before_top_bar":"","ocean_shortcode_after_top_bar":"","ocean_shortcode_before_header":"","ocean_shortcode_after_header":"","ocean_has_shortcode":"","ocean_shortcode_after_title":"","ocean_shortcode_before_footer_widgets":"","ocean_shortcode_after_footer_widgets":"","ocean_shortcode_before_footer_bottom":"","ocean_shortcode_after_footer_bottom":"","ocean_display_top_bar":"default","ocean_display_header":"default","ocean_header_style":"","ocean_center_header_left_menu":"0","ocean_custom_header_template":"0","ocean_custom_logo":0,"ocean_custom_retina_logo":0,"ocean_custom_logo_max_width":0,"ocean_custom_logo_tablet_max_width":0,"ocean_custom_logo_mobile_max_width":0,"ocean_custom_logo_max_height":0,"ocean_custom_logo_tablet_max_height":0,"ocean_custom_logo_mobile_max_height":0,"ocean_header_custom_menu":"0","ocean_menu_typo_font_family":"0","ocean_menu_typo_font_subset":"","ocean_menu_typo_font_size":0,"ocean_menu_typo_font_size_tablet":0,"ocean_menu_typo_font_size_mobile":0,"ocean_menu_typo_font_size_unit":"px","ocean_menu_typo_font_weight":"","ocean_menu_typo_font_weight_tablet":"","ocean_menu_typo_font_weight_mobile":"","ocean_menu_typo_transform":"","ocean_menu_typo_transform_tablet":"","ocean_menu_typo_transform_mobile":"","ocean_menu_typo_line_height":0,"ocean_menu_typo_line_height_tablet":0,"ocean_menu_typo_line_height_mobile":0,"ocean_menu_typo_line_height_unit":"","ocean_menu_typo_spacing":0,"ocean_menu_typo_spacing_tablet":0,"ocean_menu_typo_spacing_mobile":0,"ocean_menu_typo_spacing_unit":"","ocean_menu_link_color":"","ocean_menu_link_color_hover":"","ocean_menu_link_color_active":"","ocean_menu_link_background":"","ocean_menu_link_hover_background":"","ocean_menu_link_active_background":"","ocean_menu_social_links_bg":"","ocean_menu_social_hover_links_bg":"","ocean_menu_social_links_color":"","ocean_menu_social_hover_links_color":"","ocean_disable_title":"default","ocean_disable_heading":"default","ocean_post_title":"","ocean_post_subheading":"","ocean_post_title_style":"","ocean_post_title_background_color":"","ocean_post_title_background":0,"ocean_post_title_bg_image_position":"","ocean_post_title_bg_image_attachment":"","ocean_post_title_bg_image_repeat":"","ocean_post_title_bg_image_size":"","ocean_post_title_height":0,"ocean_post_title_bg_overlay":0.5,"ocean_post_title_bg_overlay_color":"","ocean_disable_breadcrumbs":"default","ocean_breadcrumbs_color":"","ocean_breadcrumbs_separator_color":"","ocean_breadcrumbs_links_color":"","ocean_breadcrumbs_links_hover_color":"","ocean_display_footer_widgets":"default","ocean_display_footer_bottom":"default","ocean_custom_footer_template":"0","osh_disable_topbar_sticky":"default","osh_disable_header_sticky":"default","osh_sticky_header_style":"default","osh_sticky_header_effect":"","osh_custom_sticky_logo":0,"osh_custom_retina_sticky_logo":0,"osh_custom_sticky_logo_height":0,"osh_background_color":"","osh_links_color":"","osh_links_hover_color":"","osh_links_active_color":"","osh_links_bg_color":"","osh_links_hover_bg_color":"","osh_links_active_bg_color":"","osh_menu_social_links_color":"","osh_menu_social_hover_links_color":""},"product_brand":[],"product_cat":[36,34],"product_tag":[300,308,307],"class_list":{"0":"post-3678","1":"product","2":"type-product","3":"status-publish","4":"has-post-thumbnail","6":"product_cat-dual-line-divider-valves","7":"product_cat-dual-line-lubrication-systems","8":"product_tag-dual-line-distributor","9":"product_tag-vsg-grease-distributor","10":"product_tag-vsg-metering-valve","12":"entry","13":"has-media","15":"first","16":"instock","17":"shipping-taxable","18":"product-type-external","19":"col","20":"span_1_of_3","21":"owp-content-center","22":"owp-thumbs-layout-horizontal","23":"owp-btn-very-big","24":"owp-tabs-layout-horizontal"},"_links":{"self":[{"href":"https:\/\/www.jinpinlub.com\/vi\/wp-json\/wp\/v2\/product\/3678","targetHints":{"allow":["GET"]}}],"collection":[{"href":"https:\/\/www.jinpinlub.com\/vi\/wp-json\/wp\/v2\/product"}],"about":[{"href":"https:\/\/www.jinpinlub.com\/vi\/wp-json\/wp\/v2\/types\/product"}],"wp:featuredmedia":[{"embeddable":true,"href":"https:\/\/www.jinpinlub.com\/vi\/wp-json\/wp\/v2\/media\/3617"}],"wp:attachment":[{"href":"https:\/\/www.jinpinlub.com\/vi\/wp-json\/wp\/v2\/media?parent=3678"}],"wp:term":[{"taxonomy":"product_brand","embeddable":true,"href":"https:\/\/www.jinpinlub.com\/vi\/wp-json\/wp\/v2\/product_brand?post=3678"},{"taxonomy":"product_cat","embeddable":true,"href":"https:\/\/www.jinpinlub.com\/vi\/wp-json\/wp\/v2\/product_cat?post=3678"},{"taxonomy":"product_tag","embeddable":true,"href":"https:\/\/www.jinpinlub.com\/vi\/wp-json\/wp\/v2\/product_tag?post=3678"}],"curies":[{"name":"wp","href":"https:\/\/api.w.org\/{rel}","templated":true}]}}