{"id":3679,"date":"2024-09-13T23:39:41","date_gmt":"2024-09-13T15:39:41","guid":{"rendered":"https:\/\/www.jinpinlub.com\/?post_type=product&#038;p=3679"},"modified":"2024-09-14T00:12:00","modified_gmt":"2024-09-13T16:12:00","slug":"thiet-bi-do-luong-vskh-kr-cho-he-thong-boi-tron-duong-ong-kep","status":"publish","type":"product","link":"https:\/\/www.jinpinlub.com\/vi\/product\/vskh-kr-metering-devices-for-dual-line-lubrication-systems\/","title":{"rendered":"Thi\u1ebft b\u1ecb \u0111o l\u01b0\u1eddng VSKH-KR cho h\u1ec7 th\u1ed1ng b\u00f4i tr\u01a1n \u0111\u01b0\u1eddng \u0111\u00f4i"},"content":{"rendered":"<h2>T\u00ednh n\u0103ng<\/h2>\n<p>B\u1ed9 ph\u00e2n ph\u1ed1i d\u00f2ng k\u00e9p VSKH-KR c\u00f3 c\u00e1c \u0111\u1ea7u ra \u1edf c\u1ea3 hai m\u1eb7t tr\u00ean v\u00e0 d\u01b0\u1edbi. Khi piston ph\u00e2n ph\u1ed1i di chuy\u1ec3n theo c\u1ea3 hai h\u01b0\u1edbng, m\u1ee1 s\u1ebd \u0111\u01b0\u1ee3c x\u1ea3 ra t\u1eeb c\u00e1c \u0111\u1ea7u ra tr\u00ean v\u00e0 d\u01b0\u1edbi t\u01b0\u01a1ng \u1ee9ng. Quan s\u00e1t t\u00ecnh tr\u1ea1ng ho\u1ea1t \u0111\u1ed9ng c\u1ee7a b\u1ed9 ph\u00e2n ph\u1ed1i t\u1eeb t\u00e1c \u0111\u1ed9ng c\u1ee7a thanh ch\u1ec9 b\u00e1o v\u00e0 \u0111i\u1ec1u ch\u1ec9nh l\u01b0\u1ee3ng x\u1ea3 trong ph\u1ea1m vi ch\u1ec9 \u0111\u1ecbnh b\u1eb1ng c\u00e1ch \u0111i\u1ec1u ch\u1ec9nh v\u00edt.<br \/>\nVSKH-KR ph\u00f9 h\u1ee3p v\u1edbi h\u1ec7 th\u1ed1ng b\u00f4i tr\u01a1n t\u1eadp trung m\u1ee1 hai \u0111\u01b0\u1eddng \u1ed1ng 40 MPa. Ho\u1ea1t \u0111\u1ed9ng c\u1ee7a piston \u0111\u01b0\u1ee3c ki\u1ec3m so\u00e1t b\u1eb1ng \u00e1p su\u1ea5t cung c\u1ea5p d\u1ea7u lu\u00e2n phi\u00ean t\u1eeb hai \u0111\u01b0\u1eddng \u1ed1ng b\u00f4i tr\u01a1n ch\u00ednh, ph\u00e2n ph\u1ed1i m\u1ee1 \u0111\u1ecbnh l\u01b0\u1ee3ng \u0111\u1ebfn c\u00e1c \u0111i\u1ec3m b\u00f4i tr\u01a1n.<\/p>\n<h2>\u0110\u1eb7c \u0111i\u1ec3m k\u1ef9 thu\u1eadt<\/h2>\n<table>\n<tbody>\n<tr>\n<td>Ng\u01b0\u1eddi m\u1eabu<\/td>\n<td>VSKH-KR<\/td>\n<\/tr>\n<tr>\n<td>\u00c1p su\u1ea5t ho\u1ea1t \u0111\u1ed9ng<\/td>\n<td>40MPa<\/td>\n<\/tr>\n<tr>\n<td>\u00c1p l\u1ef1c h\u00e0nh \u0111\u1ed9ng<\/td>\n<td>\u22641,5MPa<\/td>\n<\/tr>\n<tr>\n<td>X\u1ea3 \u0111\u1ecbnh m\u1ee9c<\/td>\n<td>0 ~ 1,5 mL\/chu k\u1ef3<\/td>\n<\/tr>\n<tr>\n<td>\u0110i\u1ec1u ch\u1ec9nh l\u01b0u l\u01b0\u1ee3ng v\u00edt<\/td>\n<td>0,05mL\/v\u00f2ng tr\u00f2n<\/td>\n<\/tr>\n<tr>\n<td>S\u1ed1 l\u01b0\u1ee3ng c\u1eeda h\u00e0ng<\/td>\n<td>2~8<\/td>\n<\/tr>\n<tr>\n<td>Ch\u1ea5t b\u00f4i tr\u01a1n<\/td>\n<td>M\u1ee1 NLGI 0~2# ho\u1eb7c D\u1ea7u \uff1e N68<\/td>\n<\/tr>\n<tr>\n<td>Nhi\u1ec7t \u0111\u1ed9 ho\u1ea1t \u0111\u1ed9ng<\/td>\n<td>(-10\u2103 ~ 80\u2103)<\/td>\n<\/tr>\n<\/tbody>\n<\/table>\n<h2>\u1ee8ng d\u1ee5ng<\/h2>\n<p>Nh\u00e0 m\u00e1y xi m\u0103ng: B\u1ed9 ph\u00e2n ph\u1ed1i hai d\u00f2ng VSKH-KR \u0111\u01b0\u1ee3c s\u1eed d\u1ee5ng \u0111\u1ec3 b\u00f4i tr\u01a1n c\u00e1c thi\u1ebft b\u1ecb c\u01a1 kh\u00ed l\u1edbn nh\u1eb1m \u0111\u1ea3m b\u1ea3o thi\u1ebft b\u1ecb ho\u1ea1t \u0111\u1ed9ng b\u00ecnh th\u01b0\u1eddng trong m\u00f4i tr\u01b0\u1eddng \u00e1p su\u1ea5t v\u00e0 nhi\u1ec7t \u0111\u1ed9 cao.<br \/>\nM\u00e1y x\u00fac khai th\u00e1c: Van \u0111\u1ecbnh l\u01b0\u1ee3ng VSKH-KR cung c\u1ea5p kh\u1ea3 n\u0103ng b\u00f4i tr\u01a1n \u0111\u00e1ng tin c\u1eady trong \u0111i\u1ec1u ki\u1ec7n l\u00e0m vi\u1ec7c kh\u1eafc nghi\u1ec7t v\u00e0 k\u00e9o d\u00e0i tu\u1ed5i th\u1ecd c\u1ee7a thi\u1ebft b\u1ecb.<br \/>\nNh\u00e0 m\u00e1y th\u00e9p: Thi\u1ebft b\u1ecb \u0111o VSKH-KR \u0111\u01b0\u1ee3c s\u1eed d\u1ee5ng \u0111\u1ec3 b\u00f4i tr\u01a1n c\u00e1c nh\u00e0 m\u00e1y c\u00e1n v\u00e0 c\u00e1c thi\u1ebft b\u1ecb h\u1ea1ng n\u1eb7ng kh\u00e1c nh\u1eb1m gi\u1ea3m chi ph\u00ed hao m\u00f2n v\u00e0 b\u1ea3o tr\u00ec.<\/p>\n<h2>H\u01b0\u1edbng d\u1eabn s\u1eed d\u1ee5ng<\/h2>\n<div class=\"sdm_download_button_box_default\"><div class=\"sdm_download_link\"><a href=\"https:\/\/www.jinpinlub.com\/vi\/?sdm_process_download=1&download_id=3662\" class=\"sdm_download white\" title=\"Ri\u00eang t\u01b0: VSKH-KR Distributor\" target=\"&quot;_blank&quot;\">Xem Datasheet - Nh\u00e0 ph\u00e2n ph\u1ed1i VSKH-KR<\/a><\/div><\/div>","protected":false},"excerpt":{"rendered":"<p>B\u1ed9 ph\u1eadn \u0111o VSG l\u00e0 m\u1ed9t th\u00e0nh ph\u1ea7n m\u1ea1nh m\u1ebd cho h\u1ec7 th\u1ed1ng b\u00f4i tr\u01a1n hai \u0111\u01b0\u1eddng \u1ed1ng, c\u00f3 kh\u1ea3 n\u0103ng ch\u1ecbu \u00e1p su\u1ea5t l\u00ean \u0111\u1ebfn 400 bar, \u0111\u01b0\u1ee3c l\u00e0m b\u1eb1ng th\u00e9p m\u1ea1 k\u1ebdm v\u00e0 c\u00f3 t\u1edbi t\u00e1m \u0111\u1ea7u ra, m\u1ed7i \u0111\u1ea7u ra \u0111\u01b0\u1ee3c trang b\u1ecb m\u1ed9t ch\u1ed1t ch\u1ec9 b\u00e1o \u0111\u1ec3 theo d\u00f5i tr\u1ef1c quan.<\/p>","protected":false},"featured_media":3623,"template":"","meta":{"ocean_post_layout":"","ocean_both_sidebars_style":"","ocean_both_sidebars_content_width":0,"ocean_both_sidebars_sidebars_width":0,"ocean_sidebar":"0","ocean_second_sidebar":"0","ocean_disable_margins":"enable","ocean_add_body_class":"","ocean_shortcode_before_top_bar":"","ocean_shortcode_after_top_bar":"","ocean_shortcode_before_header":"","ocean_shortcode_after_header":"","ocean_has_shortcode":"","ocean_shortcode_after_title":"","ocean_shortcode_before_footer_widgets":"","ocean_shortcode_after_footer_widgets":"","ocean_shortcode_before_footer_bottom":"","ocean_shortcode_after_footer_bottom":"","ocean_display_top_bar":"default","ocean_display_header":"default","ocean_header_style":"","ocean_center_header_left_menu":"0","ocean_custom_header_template":"0","ocean_custom_logo":0,"ocean_custom_retina_logo":0,"ocean_custom_logo_max_width":0,"ocean_custom_logo_tablet_max_width":0,"ocean_custom_logo_mobile_max_width":0,"ocean_custom_logo_max_height":0,"ocean_custom_logo_tablet_max_height":0,"ocean_custom_logo_mobile_max_height":0,"ocean_header_custom_menu":"0","ocean_menu_typo_font_family":"0","ocean_menu_typo_font_subset":"","ocean_menu_typo_font_size":0,"ocean_menu_typo_font_size_tablet":0,"ocean_menu_typo_font_size_mobile":0,"ocean_menu_typo_font_size_unit":"px","ocean_menu_typo_font_weight":"","ocean_menu_typo_font_weight_tablet":"","ocean_menu_typo_font_weight_mobile":"","ocean_menu_typo_transform":"","ocean_menu_typo_transform_tablet":"","ocean_menu_typo_transform_mobile":"","ocean_menu_typo_line_height":0,"ocean_menu_typo_line_height_tablet":0,"ocean_menu_typo_line_height_mobile":0,"ocean_menu_typo_line_height_unit":"","ocean_menu_typo_spacing":0,"ocean_menu_typo_spacing_tablet":0,"ocean_menu_typo_spacing_mobile":0,"ocean_menu_typo_spacing_unit":"","ocean_menu_link_color":"","ocean_menu_link_color_hover":"","ocean_menu_link_color_active":"","ocean_menu_link_background":"","ocean_menu_link_hover_background":"","ocean_menu_link_active_background":"","ocean_menu_social_links_bg":"","ocean_menu_social_hover_links_bg":"","ocean_menu_social_links_color":"","ocean_menu_social_hover_links_color":"","ocean_disable_title":"default","ocean_disable_heading":"default","ocean_post_title":"","ocean_post_subheading":"","ocean_post_title_style":"","ocean_post_title_background_color":"","ocean_post_title_background":0,"ocean_post_title_bg_image_position":"","ocean_post_title_bg_image_attachment":"","ocean_post_title_bg_image_repeat":"","ocean_post_title_bg_image_size":"","ocean_post_title_height":0,"ocean_post_title_bg_overlay":0.5,"ocean_post_title_bg_overlay_color":"","ocean_disable_breadcrumbs":"default","ocean_breadcrumbs_color":"","ocean_breadcrumbs_separator_color":"","ocean_breadcrumbs_links_color":"","ocean_breadcrumbs_links_hover_color":"","ocean_display_footer_widgets":"default","ocean_display_footer_bottom":"default","ocean_custom_footer_template":"0","osh_disable_topbar_sticky":"default","osh_disable_header_sticky":"default","osh_sticky_header_style":"default","osh_sticky_header_effect":"","osh_custom_sticky_logo":0,"osh_custom_retina_sticky_logo":0,"osh_custom_sticky_logo_height":0,"osh_background_color":"","osh_links_color":"","osh_links_hover_color":"","osh_links_active_color":"","osh_links_bg_color":"","osh_links_hover_bg_color":"","osh_links_active_bg_color":"","osh_menu_social_links_color":"","osh_menu_social_hover_links_color":""},"product_brand":[],"product_cat":[36,34],"product_tag":[309,311,310],"class_list":{"0":"post-3679","1":"product","2":"type-product","3":"status-publish","4":"has-post-thumbnail","6":"product_cat-dual-line-divider-valves","7":"product_cat-dual-line-lubrication-systems","8":"product_tag-vskh-kr-distributor","9":"product_tag-vskh-kr-metering-device","10":"product_tag-vskh-kr-metering-valve","12":"entry","13":"has-media","15":"first","16":"instock","17":"shipping-taxable","18":"product-type-external","19":"col","20":"span_1_of_3","21":"owp-content-center","22":"owp-thumbs-layout-horizontal","23":"owp-btn-very-big","24":"owp-tabs-layout-horizontal"},"_links":{"self":[{"href":"https:\/\/www.jinpinlub.com\/vi\/wp-json\/wp\/v2\/product\/3679","targetHints":{"allow":["GET"]}}],"collection":[{"href":"https:\/\/www.jinpinlub.com\/vi\/wp-json\/wp\/v2\/product"}],"about":[{"href":"https:\/\/www.jinpinlub.com\/vi\/wp-json\/wp\/v2\/types\/product"}],"wp:featuredmedia":[{"embeddable":true,"href":"https:\/\/www.jinpinlub.com\/vi\/wp-json\/wp\/v2\/media\/3623"}],"wp:attachment":[{"href":"https:\/\/www.jinpinlub.com\/vi\/wp-json\/wp\/v2\/media?parent=3679"}],"wp:term":[{"taxonomy":"product_brand","embeddable":true,"href":"https:\/\/www.jinpinlub.com\/vi\/wp-json\/wp\/v2\/product_brand?post=3679"},{"taxonomy":"product_cat","embeddable":true,"href":"https:\/\/www.jinpinlub.com\/vi\/wp-json\/wp\/v2\/product_cat?post=3679"},{"taxonomy":"product_tag","embeddable":true,"href":"https:\/\/www.jinpinlub.com\/vi\/wp-json\/wp\/v2\/product_tag?post=3679"}],"curies":[{"name":"wp","href":"https:\/\/api.w.org\/{rel}","templated":true}]}}