{"id":3681,"date":"2024-09-13T23:58:47","date_gmt":"2024-09-13T15:58:47","guid":{"rendered":"https:\/\/www.jinpinlub.com\/?post_type=product&#038;p=3681"},"modified":"2024-09-14T00:06:12","modified_gmt":"2024-09-13T16:06:12","slug":"thiet-bi-do-luong-vsl-thep-ma-kem-cho-he-thong-duong-day-kep","status":"publish","type":"product","link":"https:\/\/www.jinpinlub.com\/vi\/product\/galvanized-steel-vsl-metering-devices-for-dual-line-system\/","title":{"rendered":"Thi\u1ebft b\u1ecb \u0111o VSL b\u1eb1ng th\u00e9p m\u1ea1 k\u1ebdm cho h\u1ec7 th\u1ed1ng hai \u0111\u01b0\u1eddng d\u00e2y"},"content":{"rendered":"<h2>T\u00ednh n\u0103ng<\/h2>\n<p>C\u00f3 c\u00e1c l\u1ed7 tho\u00e1t \u1edf c\u1ea3 tr\u00ean v\u00e0 d\u01b0\u1edbi c\u1ee7a VSL-KR, v\u00e0 khi piston ph\u00e2n ph\u1ed1i di chuy\u1ec3n v\u1ec1 ph\u00eda tr\u01b0\u1edbc v\u00e0 ph\u00eda sau, m\u1ee1 s\u1ebd \u0111\u01b0\u1ee3c x\u1ea3 ra t\u1eeb c\u00e1c l\u1ed7 tho\u00e1t \u1edf c\u1ea3 hai b\u00ean. C\u00f3 m\u1ed9t c\u1ea5u tr\u00fac x\u1ea3 k\u1ebft h\u1ee3p \u1edf c\u00e1c l\u1ed7 tho\u00e1t tr\u00ean v\u00e0 d\u01b0\u1edbi t\u01b0\u01a1ng \u1ee9ng. \u0110\u1ec3 thay \u0111\u1ed5i s\u1ed1 l\u01b0\u1ee3ng l\u1ed7 tho\u00e1t l\u1ebb, ch\u1ec9 c\u1ea7n th\u00e1o c\u00e1c v\u00edt trong c\u00e1c l\u1ed7. Ho\u1ea1t \u0111\u1ed9ng c\u1ee7a b\u1ed9 ph\u00e2n ph\u1ed1i c\u0169ng c\u00f3 th\u1ec3 \u0111\u01b0\u1ee3c quan s\u00e1t tr\u1ef1c ti\u1ebfp t\u1eeb t\u00e1c \u0111\u1ed9ng c\u1ee7a thanh ch\u1ec9 b\u00e1o v\u00e0 c\u00f3 th\u1ec3 \u0111i\u1ec1u ch\u1ec9nh l\u01b0\u1ee3ng x\u1ea3 c\u1ee7a m\u1ed7i l\u1ed7 tho\u00e1t b\u1eb1ng c\u00e1ch \u0111i\u1ec1u ch\u1ec9nh c\u00e1c v\u00edt. Lo\u1ea1i b\u1ed9 ph\u00e2n ph\u1ed1i n\u00e0y \u0111\u01b0\u1ee3c s\u1eed d\u1ee5ng d\u01b0\u1edbi \u00e1p su\u1ea5t cung c\u1ea5p xen k\u1ebd c\u1ee7a hai \u1ed1ng cung c\u1ea5p ch\u00ednh v\u00e0 t\u00e1c \u0111\u1ed9ng c\u1ee7a piston \u0111\u01b0\u1ee3c \u0111i\u1ec1u khi\u1ec3n tr\u1ef1c ti\u1ebfp b\u1edfi \u00e1p su\u1ea5t cung c\u1ea5p.<\/p>\n<h2>\u0110\u1eb7c \u0111i\u1ec3m k\u1ef9 thu\u1eadt<\/h2>\n<table>\n<tbody>\n<tr>\n<td>Ng\u01b0\u1eddi m\u1eabu<\/td>\n<td>VSL-KR<\/td>\n<\/tr>\n<tr>\n<td>\u00c1p su\u1ea5t ho\u1ea1t \u0111\u1ed9ng<\/td>\n<td>40MPa<\/td>\n<\/tr>\n<tr>\n<td>\u00c1p l\u1ef1c h\u00e0nh \u0111\u1ed9ng<\/td>\n<td>\u22641,0MPa<\/td>\n<\/tr>\n<tr>\n<td>X\u1ea3 \u0111\u1ecbnh m\u1ee9c<\/td>\n<td>0~5 mL\/chu k\u1ef3<\/td>\n<\/tr>\n<tr>\n<td>\u0110i\u1ec1u ch\u1ec9nh l\u01b0u l\u01b0\u1ee3ng v\u00edt<\/td>\n<td>0,15mL\/v\u00f2ng tr\u00f2n<\/td>\n<\/tr>\n<tr>\n<td>S\u1ed1 l\u01b0\u1ee3ng c\u1eeda h\u00e0ng<\/td>\n<td>2~8<\/td>\n<\/tr>\n<tr>\n<td>Ch\u1ea5t b\u00f4i tr\u01a1n<\/td>\n<td>M\u1ee1 NLGI 0~2# ho\u1eb7c D\u1ea7u \uff1e N68<\/td>\n<\/tr>\n<tr>\n<td>Nhi\u1ec7t \u0111\u1ed9 ho\u1ea1t \u0111\u1ed9ng<\/td>\n<td>(-10\u2103 ~ 80\u2103)<\/td>\n<\/tr>\n<\/tbody>\n<\/table>\n<h2>Ch\u1ec9 d\u1eabn<\/h2>\n<p>N\u1ebfu c\u1ea7n ph\u1ea3i h\u1ee3p nh\u1ea5t c\u00e1c \u0111\u1ea7u ra tr\u00ean v\u00e0 d\u01b0\u1edbi t\u01b0\u01a1ng \u1ee9ng, ch\u1ec9 c\u1ea7n th\u00e1o n\u00fat \u00e1p su\u1ea5t trong l\u1ed7 \u0111\u1ea7u ra d\u1ea7u tr\u00ean b\u1eb1ng c\u1edd l\u00ea l\u1ee5c gi\u00e1c 6mm, th\u00e1o \u1ed1ng ph\u00e2n ph\u1ed1i d\u1ea7u qua l\u1ed7 v\u00e0 l\u1eafp xu\u1ed1ng d\u01b0\u1edbi, sau \u0111\u00f3 si\u1ebft ch\u1eb7t n\u00fat \u00e1p su\u1ea5t, \u0111\u1ea7u ra tr\u00ean \u0111\u01b0\u1ee3c ch\u1eb7n b\u1eb1ng n\u00fat G14 \u0111\u1ec3 ng\u0103n b\u1ee5i. C\u00e1c b\u1ed9 ph\u00e2n ph\u1ed1i \u0111\u01b0\u1ee3c s\u1eed d\u1ee5ng ngo\u00e0i ph\u1ea1m vi t\u1eeb -10 \u2103 \u0111\u1ebfn 80 \u2103 ph\u1ea3i \u0111\u01b0\u1ee3c ch\u1ec9 \u0111\u1ecbnh trong qu\u00e1 tr\u00ecnh mua h\u00e0ng \u0111\u1ec3 cung c\u1ea5p ph\u1edbt d\u1ea7u ch\u1ecbu nhi\u1ec7t \u0111\u1ed9 th\u1ea5p v\u00e0 cao trong qu\u00e1 tr\u00ecnh cung c\u1ea5p.<\/p>\n<h2>H\u01b0\u1edbng d\u1eabn s\u1eed d\u1ee5ng<\/h2>\n<div class=\"sdm_download_button_box_default\"><div class=\"sdm_download_link\"><a href=\"https:\/\/www.jinpinlub.com\/vi\/?sdm_process_download=1&download_id=3664\" class=\"sdm_download white\" title=\"Ri\u00eang t\u01b0: VSL-KR Distributor\" target=\"&quot;_blank&quot;\">Xem Datasheet - Nh\u00e0 ph\u00e2n ph\u1ed1i VSL-KR<\/a><\/div><\/div>","protected":false},"excerpt":{"rendered":"<p>Thi\u1ebft b\u1ecb \u0111o l\u01b0\u1eddng d\u00f2ng VSL \u0111\u01b0\u1ee3c thi\u1ebft k\u1ebf cho h\u1ec7 th\u1ed1ng b\u00f4i tr\u01a1n hai \u0111\u01b0\u1eddng \u1ed1ng v\u00e0 c\u00f3 th\u1ec3 x\u1eed l\u00fd \u00e1p su\u1ea5t l\u00ean \u0111\u1ebfn 400 bar. \u0110\u01b0\u1ee3c l\u00e0m t\u1eeb th\u00e9p m\u1ea1 k\u1ebdm b\u1ec1n, ch\u00fang c\u00f3 th\u1ec3 \u0111\u01b0\u1ee3c l\u1eafp t\u1ed1i \u0111a t\u00e1m \u0111\u1ea7u ra, m\u1ed7i \u0111\u1ea7u ra c\u00f3 m\u1ed9t ch\u1ed1t ch\u1ec9 b\u00e1o \u0111\u1ec3 theo d\u00f5i tr\u1ef1c quan.<\/p>","protected":false},"featured_media":3629,"template":"","meta":{"ocean_post_layout":"","ocean_both_sidebars_style":"","ocean_both_sidebars_content_width":0,"ocean_both_sidebars_sidebars_width":0,"ocean_sidebar":"0","ocean_second_sidebar":"0","ocean_disable_margins":"enable","ocean_add_body_class":"","ocean_shortcode_before_top_bar":"","ocean_shortcode_after_top_bar":"","ocean_shortcode_before_header":"","ocean_shortcode_after_header":"","ocean_has_shortcode":"","ocean_shortcode_after_title":"","ocean_shortcode_before_footer_widgets":"","ocean_shortcode_after_footer_widgets":"","ocean_shortcode_before_footer_bottom":"","ocean_shortcode_after_footer_bottom":"","ocean_display_top_bar":"default","ocean_display_header":"default","ocean_header_style":"","ocean_center_header_left_menu":"0","ocean_custom_header_template":"0","ocean_custom_logo":0,"ocean_custom_retina_logo":0,"ocean_custom_logo_max_width":0,"ocean_custom_logo_tablet_max_width":0,"ocean_custom_logo_mobile_max_width":0,"ocean_custom_logo_max_height":0,"ocean_custom_logo_tablet_max_height":0,"ocean_custom_logo_mobile_max_height":0,"ocean_header_custom_menu":"0","ocean_menu_typo_font_family":"0","ocean_menu_typo_font_subset":"","ocean_menu_typo_font_size":0,"ocean_menu_typo_font_size_tablet":0,"ocean_menu_typo_font_size_mobile":0,"ocean_menu_typo_font_size_unit":"px","ocean_menu_typo_font_weight":"","ocean_menu_typo_font_weight_tablet":"","ocean_menu_typo_font_weight_mobile":"","ocean_menu_typo_transform":"","ocean_menu_typo_transform_tablet":"","ocean_menu_typo_transform_mobile":"","ocean_menu_typo_line_height":0,"ocean_menu_typo_line_height_tablet":0,"ocean_menu_typo_line_height_mobile":0,"ocean_menu_typo_line_height_unit":"","ocean_menu_typo_spacing":0,"ocean_menu_typo_spacing_tablet":0,"ocean_menu_typo_spacing_mobile":0,"ocean_menu_typo_spacing_unit":"","ocean_menu_link_color":"","ocean_menu_link_color_hover":"","ocean_menu_link_color_active":"","ocean_menu_link_background":"","ocean_menu_link_hover_background":"","ocean_menu_link_active_background":"","ocean_menu_social_links_bg":"","ocean_menu_social_hover_links_bg":"","ocean_menu_social_links_color":"","ocean_menu_social_hover_links_color":"","ocean_disable_title":"default","ocean_disable_heading":"default","ocean_post_title":"","ocean_post_subheading":"","ocean_post_title_style":"","ocean_post_title_background_color":"","ocean_post_title_background":0,"ocean_post_title_bg_image_position":"","ocean_post_title_bg_image_attachment":"","ocean_post_title_bg_image_repeat":"","ocean_post_title_bg_image_size":"","ocean_post_title_height":0,"ocean_post_title_bg_overlay":0.5,"ocean_post_title_bg_overlay_color":"","ocean_disable_breadcrumbs":"default","ocean_breadcrumbs_color":"","ocean_breadcrumbs_separator_color":"","ocean_breadcrumbs_links_color":"","ocean_breadcrumbs_links_hover_color":"","ocean_display_footer_widgets":"default","ocean_display_footer_bottom":"default","ocean_custom_footer_template":"0","osh_disable_topbar_sticky":"default","osh_disable_header_sticky":"default","osh_sticky_header_style":"default","osh_sticky_header_effect":"","osh_custom_sticky_logo":0,"osh_custom_retina_sticky_logo":0,"osh_custom_sticky_logo_height":0,"osh_background_color":"","osh_links_color":"","osh_links_hover_color":"","osh_links_active_color":"","osh_links_bg_color":"","osh_links_hover_bg_color":"","osh_links_active_bg_color":"","osh_menu_social_links_color":"","osh_menu_social_hover_links_color":""},"product_brand":[],"product_cat":[36,34],"product_tag":[300,313,301],"class_list":{"0":"post-3681","1":"product","2":"type-product","3":"status-publish","4":"has-post-thumbnail","6":"product_cat-dual-line-divider-valves","7":"product_cat-dual-line-lubrication-systems","8":"product_tag-dual-line-distributor","9":"product_tag-dual-line-metering-device","10":"product_tag-dual-line-metering-valve","12":"entry","13":"has-media","15":"first","16":"instock","17":"shipping-taxable","18":"product-type-external","19":"col","20":"span_1_of_3","21":"owp-content-center","22":"owp-thumbs-layout-horizontal","23":"owp-btn-very-big","24":"owp-tabs-layout-horizontal"},"_links":{"self":[{"href":"https:\/\/www.jinpinlub.com\/vi\/wp-json\/wp\/v2\/product\/3681","targetHints":{"allow":["GET"]}}],"collection":[{"href":"https:\/\/www.jinpinlub.com\/vi\/wp-json\/wp\/v2\/product"}],"about":[{"href":"https:\/\/www.jinpinlub.com\/vi\/wp-json\/wp\/v2\/types\/product"}],"wp:featuredmedia":[{"embeddable":true,"href":"https:\/\/www.jinpinlub.com\/vi\/wp-json\/wp\/v2\/media\/3629"}],"wp:attachment":[{"href":"https:\/\/www.jinpinlub.com\/vi\/wp-json\/wp\/v2\/media?parent=3681"}],"wp:term":[{"taxonomy":"product_brand","embeddable":true,"href":"https:\/\/www.jinpinlub.com\/vi\/wp-json\/wp\/v2\/product_brand?post=3681"},{"taxonomy":"product_cat","embeddable":true,"href":"https:\/\/www.jinpinlub.com\/vi\/wp-json\/wp\/v2\/product_cat?post=3681"},{"taxonomy":"product_tag","embeddable":true,"href":"https:\/\/www.jinpinlub.com\/vi\/wp-json\/wp\/v2\/product_tag?post=3681"}],"curies":[{"name":"wp","href":"https:\/\/api.w.org\/{rel}","templated":true}]}}