{"id":3685,"date":"2024-09-14T00:12:37","date_gmt":"2024-09-13T16:12:37","guid":{"rendered":"https:\/\/www.jinpinlub.com\/?post_type=product&#038;p=3685"},"modified":"2024-09-14T00:24:20","modified_gmt":"2024-09-13T16:24:20","slug":"bo-phan-phoi-dong-kep-zv-b-cho-he-thong-boi-tron-dong-kep","status":"publish","type":"product","link":"https:\/\/www.jinpinlub.com\/vi\/product\/zv-b-dual-line-distributor-for-dual-line-lubrication-system\/","title":{"rendered":"B\u1ed9 ph\u00e2n ph\u1ed1i d\u00f2ng k\u00e9p ZV-B cho h\u1ec7 th\u1ed1ng b\u00f4i tr\u01a1n d\u00f2ng k\u00e9p"},"content":{"rendered":"<h2>T\u00ednh n\u0103ng<\/h2>\n<p>B\u1ed9 ph\u00e2n ph\u1ed1i d\u00e2y k\u00e9p ZVB ph\u00f9 h\u1ee3p v\u1edbi h\u1ec7 th\u1ed1ng b\u00f4i tr\u01a1n \u0111\u01b0\u1eddng \u1ed1ng k\u00e9p d\u1ea7u m\u1ee1 40MPa. B\u1ed9 ph\u00e2n ph\u1ed1i c\u00f3 th\u1ec3 \u0111\u01b0\u1ee3c l\u1eafp \u0111\u1eb7t v\u1edbi ba t\u00f9y ch\u1ecdn: V\u00edt \u0111o, Thi\u1ebft b\u1ecb \u0111i\u1ec1u ch\u1ec9nh v\u00e0 Ch\u1ec9 b\u00e1o chuy\u1ec3n \u0111\u1ed9ng.<br \/>\n1. \u0110\u1ed1i v\u1edbi ZVB c\u00f3 b\u1ed9 \u0111i\u1ec1u khi\u1ec3n Metering, kh\u00f4ng th\u1ec3 \u0111i\u1ec1u ch\u1ec9nh \u0111\u01b0\u1ee3c Metered Volume. Ch\u1ec9 c\u00f3 th\u1ec3 thay \u0111\u1ed5i Metered Volume b\u1eb1ng c\u00e1ch ch\u1ecdn c\u00e1c b\u1ed9 \u0111i\u1ec1u khi\u1ec3n Metering c\u00f3 ch\u1ec9 s\u1ed1 kh\u00e1c nhau.<br \/>\n2. ZVB c\u00f3 thi\u1ebft b\u1ecb \u0111i\u1ec1u ch\u1ec9nh, c\u00f3 th\u1ec3 \u0111i\u1ec1u ch\u1ec9nh l\u01b0u l\u01b0\u1ee3ng t\u1eeb 0 \u0111\u1ebfn ph\u1ea1m vi \u0111\u1ecbnh m\u1ee9c v\u00e0 c\u00f3 th\u1ec3 \u0111\u00e1nh gi\u00e1 b\u1ed9 ph\u00e2n ph\u1ed1i c\u00f3 ho\u1ea1t \u0111\u1ed9ng b\u00ecnh th\u01b0\u1eddng hay kh\u00f4ng b\u1eb1ng c\u00e1ch quan s\u00e1t thi\u1ebft b\u1ecb \u0111i\u1ec1u ch\u1ec9nh.<br \/>\n3. ZVB c\u00f3 ch\u1ec9 b\u00e1o chuy\u1ec3n \u0111\u1ed9ng c\u00f3 th\u1ec3 \u0111i\u1ec1u ch\u1ec9nh l\u01b0u l\u01b0\u1ee3ng \u0111o trong ph\u1ea1m vi t\u1eeb 0 \u0111\u1ebfn ph\u1ea1m vi \u0111\u1ecbnh m\u1ee9c v\u00e0 c\u00f3 th\u1ec3 \u0111i\u1ec1u khi\u1ec3n l\u01b0u l\u01b0\u1ee3ng \u0111o b\u1eb1ng c\u00e1ch g\u1eedi t\u00edn hi\u1ec7u qua c\u00f4ng t\u1eafc gi\u00e1m s\u00e1t. M\u1ed7i b\u1ed9 ph\u00e2n ph\u1ed1i ch\u1ec9 c\u00f3 th\u1ec3 \u0111i k\u00e8m m\u1ed9t thi\u1ebft b\u1ecb \u0111i\u1ec1u ch\u1ec9nh.<\/p>\n<h2>\u0110\u1eb7c \u0111i\u1ec3m k\u1ef9 thu\u1eadt<\/h2>\n<table>\n<tbody>\n<tr>\n<td>Ng\u01b0\u1eddi m\u1eabu<\/td>\n<td>ZV-B<\/td>\n<\/tr>\n<tr>\n<td>\u00c1p su\u1ea5t ho\u1ea1t \u0111\u1ed9ng<\/td>\n<td>40MPa<\/td>\n<\/tr>\n<tr>\n<td>\u00c1p l\u1ef1c h\u00e0nh \u0111\u1ed9ng<\/td>\n<td>\u22641,0MPa<\/td>\n<\/tr>\n<tr>\n<td>\u0110\u1ea7u ra c\u1ee7a piston<\/td>\n<td>0,3mL<\/td>\n<\/tr>\n<tr>\n<td>Ph\u00f3ng \u0111i\u1ec7n<\/td>\n<td>0,5, 1,5, 3,0mL\/chu k\u1ef3<\/td>\n<\/tr>\n<tr>\n<td>S\u1ed1 l\u01b0\u1ee3ng c\u1eeda h\u00e0ng<\/td>\n<td>2~8<\/td>\n<\/tr>\n<tr>\n<td>Ch\u1ea5t b\u00f4i tr\u01a1n<\/td>\n<td>M\u1ee1 NLGI 0~3# ho\u1eb7c D\u1ea7u \uff1e N68<\/td>\n<\/tr>\n<tr>\n<td>Nhi\u1ec7t \u0111\u1ed9 ho\u1ea1t \u0111\u1ed9ng<\/td>\n<td>(-20\u2103 ~ 80\u2103)<\/td>\n<\/tr>\n<\/tbody>\n<\/table>\n<h2>Ch\u1ec9 d\u1eabn<\/h2>\n<p>1. Khi s\u1eed d\u1ee5ng trong m\u00f4i tr\u01b0\u1eddng b\u1ee5i b\u1eb7m, \u1ea9m \u01b0\u1edbt v\u00e0 kh\u1eafc nghi\u1ec7t, c\u1ea7n trang b\u1ecb n\u1eafp b\u1ea3o v\u1ec7.<br \/>\n2. Ph\u01b0\u01a1ng ph\u00e1p l\u1eafp \u0111\u1eb7t song song \u0111\u01b0\u1ee3c \u01b0u ti\u00ean trong h\u1ec7 th\u1ed1ng d\u00e2y \u0111\u00f4i. Th\u1ee9 hai, ph\u01b0\u01a1ng ph\u00e1p l\u1eafp \u0111\u1eb7t n\u1ed1i ti\u1ebfp \u0111\u01b0\u1ee3c \u00e1p d\u1ee5ng v\u00e0 hai ph\u00edch c\u1eafm G3\/8 \u1edf \u0111\u1ea7u v\u00e0o \u1edf m\u1ed9t b\u00ean ph\u1ea3i \u0111\u01b0\u1ee3c th\u00e1o ra. S\u1ed1 l\u01b0\u1ee3ng k\u1ebft n\u1ed1i n\u1ed1i ti\u1ebfp t\u1ed1i \u0111a kh\u00f4ng \u0111\u01b0\u1ee3c ph\u00e9p v\u01b0\u1ee3t qu\u00e1 hai v\u00e0 c\u00f3 th\u1ec3 l\u1eafp \u0111\u1eb7t song song v\u00e0 n\u1ed1i ti\u1ebfp n\u1ebfu c\u1ea7n thi\u1ebft.<br \/>\n3. ZVB-S, Th\u1ec3 t\u00edch \u0111o b\u1eb1ng v\u00edt \u0111o kh\u00f4ng th\u1ec3 \u0111i\u1ec1u ch\u1ec9nh \u0111\u01b0\u1ee3c, ch\u1ec9 c\u00f3 th\u1ec3 ch\u1ecdn v\u00edt \u0111o c\u00f3 ch\u1ec9 s\u1ed1 kh\u00e1c nhau \u0111\u1ec3 thay \u0111\u1ed5i v\u00edt \u0111o.<br \/>\n4. \u0110\u1ed1i v\u1edbi ZVB-M c\u00f3 thi\u1ebft b\u1ecb \u0111i\u1ec1u ch\u1ec9nh, vi\u1ec7c \u0111i\u1ec1u ch\u1ec9nh th\u1ec3 t\u00edch \u0111o \u0111\u01b0\u1ee3c ph\u1ea3i xoay v\u00edt \u0111i\u1ec1u ch\u1ec9nh c\u1ee7a b\u1ed9 gi\u1edbi h\u1ea1n khi thanh \u0111\u01b0\u1ee3c thu l\u1ea1i.<br \/>\n5. \u0110\u1ed1i v\u1edbi ZVB-L c\u00f3 ch\u1ec9 b\u00e1o chuy\u1ec3n \u0111\u1ed9ng, vi\u1ec7c \u0111i\u1ec1u ch\u1ec9nh \u00c2m l\u01b0\u1ee3ng \u0111\u01b0\u1ee3c \u0111o ph\u1ea3i \u0111\u01b0\u1ee3c th\u1ef1c hi\u1ec7n khi c\u1ea7n g\u1ea1t ch\u1ec9 b\u00e1o \u0111\u01b0\u1ee3c thu l\u1ea1i.<br \/>\n6. N\u1ebfu s\u1ed1 l\u01b0\u1ee3ng l\u1ed7 tho\u00e1t c\u1ea7n ph\u1ea3i l\u1ebb, h\u00e3y th\u00e1o c\u00e1c v\u00edt gi\u1eefa c\u00e1c l\u1ed7 tho\u00e1t t\u01b0\u01a1ng \u1ee9ng v\u00e0 ch\u1eb7n l\u1ed7 tho\u00e1t kh\u00f4ng s\u1eed d\u1ee5ng b\u1eb1ng ph\u00edch c\u1eafm G1\/4\u201d. C\u00e1c l\u1ed7 tho\u00e1t tr\u00ean v\u00e0 d\u01b0\u1edbi \u0111\u01b0\u1ee3c k\u1ebft n\u1ed1i v\u00e0 c\u1ea3 chuy\u1ec3n \u0111\u1ed9ng ti\u1ebfn v\u00e0 l\u00f9i c\u1ee7a piston \u0111\u1ec1u \u0111\u01b0\u1ee3c x\u1ea3 ra t\u1eeb l\u1ed7 tho\u00e1t n\u00e0y.<br \/>\n7. \u0110\u1ec3 d\u1ec5 th\u00e1o r\u1eddi, t\u1ed1t nh\u1ea5t l\u00e0 u\u1ed1n \u0111\u01b0\u1eddng \u1ed1ng t\u1eeb ZVB \u0111\u1ebfn \u0111i\u1ec3m b\u00f4i tr\u01a1n \u1edf g\u00f3c 90 \u00b0 ho\u1eb7c s\u1eed d\u1ee5ng kh\u1edbp n\u1ed1i \u1ed1ng l\u00f3t.<br \/>\n8. B\u1ec1 m\u1eb7t l\u1eafp \u0111\u1eb7t c\u1ee7a b\u1ed9 ph\u00e2n ph\u1ed1i ph\u1ea3i nh\u1eb5n v\u00e0 ph\u1eb3ng, bu l\u00f4ng l\u1eafp \u0111\u1eb7t kh\u00f4ng \u0111\u01b0\u1ee3c si\u1ebft qu\u00e1 ch\u1eb7t \u0111\u1ec3 tr\u00e1nh bi\u1ebfn d\u1ea1ng v\u00e0 \u1ea3nh h\u01b0\u1edfng \u0111\u1ebfn ho\u1ea1t \u0111\u1ed9ng b\u00ecnh th\u01b0\u1eddng trong qu\u00e1 tr\u00ecnh s\u1eed d\u1ee5ng.<br \/>\n9. N\u00ean s\u1eed d\u1ee5ng v\u00edt GB70-85 M60 x 50 \u0111\u1ec3 l\u1eafp \u0111\u1eb7t v\u00e0 c\u1ed1 \u0111\u1ecbnh ZVB-S v\u00e0 ZVB-M. N\u00ean b\u1ed1 tr\u00ed m\u1ed9t t\u1ea5m \u0111\u1ebf 30mm gi\u1eefa c\u00e1c b\u1ec1 m\u1eb7t l\u1eafp \u0111\u1eb7t c\u1ee7a ZVB-L v\u00e0 n\u00ean s\u1eed d\u1ee5ng v\u00edt \u0111\u1eb7c bi\u1ec7t GB70-85 M6 x 85 \u0111\u1ec3 l\u1eafp \u0111\u1eb7t v\u00e0 c\u1ed1 \u0111\u1ecbnh.<\/p>\n<h2>H\u01b0\u1edbng d\u1eabn s\u1eed d\u1ee5ng<\/h2>\n<div class=\"sdm_download_button_box_default\"><div class=\"sdm_download_link\"><a href=\"https:\/\/www.jinpinlub.com\/vi\/?sdm_process_download=1&download_id=3665\" class=\"sdm_download white\" title=\"Ri\u00eang t\u01b0: ZVB Distributor\" target=\"&quot;_blank&quot;\">Xem B\u1ea3ng d\u1eef li\u1ec7u - Nh\u00e0 ph\u00e2n ph\u1ed1i ZVB<\/a><\/div><\/div>","protected":false},"excerpt":{"rendered":"<p>B\u1ed9 ph\u00e2n ph\u1ed1i ZV-B \u0111\u01b0\u1ee3c s\u1eed d\u1ee5ng trong c\u00e1c h\u1ec7 th\u1ed1ng b\u00f4i tr\u01a1n trung t\u00e2m hai \u0111\u01b0\u1eddng \u1ed1ng v\u00e0 ph\u00f9 h\u1ee3p v\u1edbi d\u1ea7u v\u00e0 m\u1ee1. N\u00f3 \u0111o v\u00e0 ph\u00e2n ph\u1ed1i ch\u1ea5t b\u00f4i tr\u01a1n \u0111\u1ebfn c\u00e1c \u0111i\u1ec3m b\u00f4i tr\u01a1n \u0111\u1ed9c l\u1eadp v\u1edbi \u00e1p su\u1ea5t ng\u01b0\u1ee3c. C\u00e1c t\u00ednh n\u0103ng bao g\u1ed3m t\u1ed1i \u0111a 8 \u0111\u1ea7u ra, \u0111o th\u1ec3 t\u00edch t\u1eeb 0,5 \u0111\u1ebfn 3,0 ml\/chu k\u1ef3.<\/p>","protected":false},"featured_media":3635,"template":"","meta":{"ocean_post_layout":"","ocean_both_sidebars_style":"","ocean_both_sidebars_content_width":0,"ocean_both_sidebars_sidebars_width":0,"ocean_sidebar":"0","ocean_second_sidebar":"0","ocean_disable_margins":"enable","ocean_add_body_class":"","ocean_shortcode_before_top_bar":"","ocean_shortcode_after_top_bar":"","ocean_shortcode_before_header":"","ocean_shortcode_after_header":"","ocean_has_shortcode":"","ocean_shortcode_after_title":"","ocean_shortcode_before_footer_widgets":"","ocean_shortcode_after_footer_widgets":"","ocean_shortcode_before_footer_bottom":"","ocean_shortcode_after_footer_bottom":"","ocean_display_top_bar":"default","ocean_display_header":"default","ocean_header_style":"","ocean_center_header_left_menu":"0","ocean_custom_header_template":"0","ocean_custom_logo":0,"ocean_custom_retina_logo":0,"ocean_custom_logo_max_width":0,"ocean_custom_logo_tablet_max_width":0,"ocean_custom_logo_mobile_max_width":0,"ocean_custom_logo_max_height":0,"ocean_custom_logo_tablet_max_height":0,"ocean_custom_logo_mobile_max_height":0,"ocean_header_custom_menu":"0","ocean_menu_typo_font_family":"0","ocean_menu_typo_font_subset":"","ocean_menu_typo_font_size":0,"ocean_menu_typo_font_size_tablet":0,"ocean_menu_typo_font_size_mobile":0,"ocean_menu_typo_font_size_unit":"px","ocean_menu_typo_font_weight":"","ocean_menu_typo_font_weight_tablet":"","ocean_menu_typo_font_weight_mobile":"","ocean_menu_typo_transform":"","ocean_menu_typo_transform_tablet":"","ocean_menu_typo_transform_mobile":"","ocean_menu_typo_line_height":0,"ocean_menu_typo_line_height_tablet":0,"ocean_menu_typo_line_height_mobile":0,"ocean_menu_typo_line_height_unit":"","ocean_menu_typo_spacing":0,"ocean_menu_typo_spacing_tablet":0,"ocean_menu_typo_spacing_mobile":0,"ocean_menu_typo_spacing_unit":"","ocean_menu_link_color":"","ocean_menu_link_color_hover":"","ocean_menu_link_color_active":"","ocean_menu_link_background":"","ocean_menu_link_hover_background":"","ocean_menu_link_active_background":"","ocean_menu_social_links_bg":"","ocean_menu_social_hover_links_bg":"","ocean_menu_social_links_color":"","ocean_menu_social_hover_links_color":"","ocean_disable_title":"default","ocean_disable_heading":"default","ocean_post_title":"","ocean_post_subheading":"","ocean_post_title_style":"","ocean_post_title_background_color":"","ocean_post_title_background":0,"ocean_post_title_bg_image_position":"","ocean_post_title_bg_image_attachment":"","ocean_post_title_bg_image_repeat":"","ocean_post_title_bg_image_size":"","ocean_post_title_height":0,"ocean_post_title_bg_overlay":0.5,"ocean_post_title_bg_overlay_color":"","ocean_disable_breadcrumbs":"default","ocean_breadcrumbs_color":"","ocean_breadcrumbs_separator_color":"","ocean_breadcrumbs_links_color":"","ocean_breadcrumbs_links_hover_color":"","ocean_display_footer_widgets":"default","ocean_display_footer_bottom":"default","ocean_custom_footer_template":"0","osh_disable_topbar_sticky":"default","osh_disable_header_sticky":"default","osh_sticky_header_style":"default","osh_sticky_header_effect":"","osh_custom_sticky_logo":0,"osh_custom_retina_sticky_logo":0,"osh_custom_sticky_logo_height":0,"osh_background_color":"","osh_links_color":"","osh_links_hover_color":"","osh_links_active_color":"","osh_links_bg_color":"","osh_links_hover_bg_color":"","osh_links_active_bg_color":"","osh_menu_social_links_color":"","osh_menu_social_hover_links_color":""},"product_brand":[],"product_cat":[36,34],"product_tag":[314,313,301],"class_list":{"0":"post-3685","1":"product","2":"type-product","3":"status-publish","4":"has-post-thumbnail","6":"product_cat-dual-line-divider-valves","7":"product_cat-dual-line-lubrication-systems","8":"product_tag-distributor-zv-b","9":"product_tag-dual-line-metering-device","10":"product_tag-dual-line-metering-valve","12":"entry","13":"has-media","15":"first","16":"instock","17":"shipping-taxable","18":"product-type-external","19":"col","20":"span_1_of_3","21":"owp-content-center","22":"owp-thumbs-layout-horizontal","23":"owp-btn-very-big","24":"owp-tabs-layout-horizontal"},"_links":{"self":[{"href":"https:\/\/www.jinpinlub.com\/vi\/wp-json\/wp\/v2\/product\/3685","targetHints":{"allow":["GET"]}}],"collection":[{"href":"https:\/\/www.jinpinlub.com\/vi\/wp-json\/wp\/v2\/product"}],"about":[{"href":"https:\/\/www.jinpinlub.com\/vi\/wp-json\/wp\/v2\/types\/product"}],"wp:featuredmedia":[{"embeddable":true,"href":"https:\/\/www.jinpinlub.com\/vi\/wp-json\/wp\/v2\/media\/3635"}],"wp:attachment":[{"href":"https:\/\/www.jinpinlub.com\/vi\/wp-json\/wp\/v2\/media?parent=3685"}],"wp:term":[{"taxonomy":"product_brand","embeddable":true,"href":"https:\/\/www.jinpinlub.com\/vi\/wp-json\/wp\/v2\/product_brand?post=3685"},{"taxonomy":"product_cat","embeddable":true,"href":"https:\/\/www.jinpinlub.com\/vi\/wp-json\/wp\/v2\/product_cat?post=3685"},{"taxonomy":"product_tag","embeddable":true,"href":"https:\/\/www.jinpinlub.com\/vi\/wp-json\/wp\/v2\/product_tag?post=3685"}],"curies":[{"name":"wp","href":"https:\/\/api.w.org\/{rel}","templated":true}]}}