{"id":3735,"date":"2024-09-29T20:50:08","date_gmt":"2024-09-29T12:50:08","guid":{"rendered":"https:\/\/www.jinpinlub.com\/?post_type=product&#038;p=3735"},"modified":"2024-10-08T04:04:34","modified_gmt":"2024-10-07T20:04:34","slug":"bom-boi-tron-dien-tu-dong-amg1-cho-mo-long","status":"publish","type":"product","link":"https:\/\/www.jinpinlub.com\/vi\/product\/jmg1-automatic-electric-lubrication-pumps-for-fluid-grease\/","title":{"rendered":"M\u00e1y b\u01a1m b\u00f4i tr\u01a1n \u0111i\u1ec7n t\u1ef1 \u0111\u1ed9ng JMG1 cho m\u1ee1 l\u1ecfng"},"content":{"rendered":"<h2>\u0110\u1eb7c tr\u01b0ng<\/h2>\n<p>1. B\u1ed9 h\u1eb9n gi\u1edd c\u00f3 th\u1ec3 \u0111\u01b0\u1ee3c c\u00e0i \u0111\u1eb7t \u1edf hai ch\u1ebf \u0111\u1ed9 ho\u1ea1t \u0111\u1ed9ng:<br \/>\n\u2460 B\u00f4i tr\u01a1n: B\u01a1m b\u1eaft \u0111\u1ea7u th\u1ef1c hi\u1ec7n th\u1eddi gian b\u00f4i tr\u01a1n. \u2461 B\u1ed9 nh\u1edb: B\u01a1m b\u1eaft \u0111\u1ea7u th\u1ef1c hi\u1ec7n th\u1eddi gian kho\u1ea3ng th\u1eddi gian ch\u01b0a ho\u00e0n th\u00e0nh tr\u01b0\u1edbc \u0111\u00f3.<br \/>\n2. C\u00f4ng t\u1eafc \u00e1p su\u1ea5t l\u00e0 t\u00f9y ch\u1ecdn \u0111\u1ec3 ph\u00e1t hi\u1ec7n \u0111\u01b0\u1eddng b\u00f4i tr\u01a1n.<br \/>\n3. C\u1ea3m bi\u1ebfn \u0111i\u1ec7n dung t\u00f9y ch\u1ecdn c\u00f3 th\u1ec3 ph\u00e1t hi\u1ec7n m\u1ee9c d\u1ea7u th\u1ea5p v\u00e0 t\u1ef1 \u0111\u1ed9ng g\u1eedi t\u00edn hi\u1ec7u.<br \/>\n4. V\u1edbi \u0111\u1ed3ng h\u1ed3 \u0111o \u00e1p su\u1ea5t, c\u00f3 th\u1ec3 ph\u00e1t hi\u1ec7n \u00e1p su\u1ea5t v\u1eadn h\u00e0nh c\u1ee7a m\u00e1y b\u01a1m. C\u00f3 th\u1ec3 t\u00f9y ch\u1ecdn x\u1ea3 500mL\/ph\u00fat.<br \/>\n5. B\u1ed9 h\u1eb9n gi\u1edd c\u00f3 ch\u1ee9c n\u0103ng t\u1ef1 kh\u00f3a \u0111\u1ec3 tr\u00e1nh thao t\u00e1c sai.<br \/>\n6. V\u1edbi n\u00fat \u201cRST\u201d, b\u1ea1n c\u00f3 th\u1ec3 \u00e9p b\u00f4i tr\u01a1n ho\u1eb7c lo\u1ea1i b\u1ecf c\u00e1c t\u00edn hi\u1ec7u b\u00e1o \u0111\u1ed9ng b\u1ea5t th\u01b0\u1eddng.<br \/>\n7. B\u01a1m b\u00e1nh r\u0103ng m\u1eb7t \u0111\u1ea5t \u0111\u01b0\u1ee3c trang b\u1ecb \u0111\u1ed9ng c\u01a1 c\u1ea3m \u1ee9ng, c\u00f3 \u00e1p su\u1ea5t \u1ed5n \u0111\u1ecbnh, ti\u1ebfng \u1ed3n th\u1ea5p, b\u1ec1n v\u00e0 \u0111\u00e1ng tin c\u1eady.<br \/>\n8. AMG1 l\u00e0 m\u1ed9t m\u00e1y b\u01a1m b\u00f4i tr\u01a1n ti\u1ebfn b\u1ed9 c\u1ea7n \u0111\u01b0\u1ee3c k\u1ebft h\u1ee3p v\u1edbi <a href=\"https:\/\/www.jinpinlub.com\/vi\/danh-muc-san-pham\/he-thong-mo-boi-tron-tien-bo\/bo-chia-mo-tien-bo\/\" target=\"_blank\" rel=\"noopener\">nh\u00e0 ph\u00e2n ph\u1ed1i m\u1ee1 b\u00f4i tr\u01a1n progressive<\/a> \u0111\u1ec3 t\u1ea1o th\u00e0nh h\u1ec7 th\u1ed1ng b\u00f4i tr\u01a1n.<\/p>\n<h2>\u0110\u1eb7c \u0111i\u1ec3m k\u1ef9 thu\u1eadt<\/h2>\n<table>\n<tbody>\n<tr>\n<td>Ng\u01b0\u1eddi m\u1eabu<\/td>\n<td>JMG1<\/td>\n<\/tr>\n<tr>\n<td>Th\u1eddi gian b\u00f4i tr\u01a1n<\/td>\n<td>1-999 gi\u00e2y<\/td>\n<\/tr>\n<tr>\n<td>Kho\u1ea3ng th\u1eddi gian<\/td>\n<td>1-999 ph\u00fat<\/td>\n<\/tr>\n<tr>\n<td>Nhi\u1ec7t \u0111\u1ed9 ho\u1ea1t \u0111\u1ed9ng<\/td>\n<td>-10\u2103~ +60\u00b0C (\u0110i\u1ec1u ki\u1ec7n nhi\u1ec7t \u0111\u1ed9 th\u1ea5p c\u1ea7n m\u1ee1 ch\u1ed1ng \u0111\u00f4ng)<\/td>\n<\/tr>\n<tr>\n<td>S\u1ed1 l\u01b0\u1ee3ng c\u1eeda h\u00e0ng<\/td>\n<td>1<\/td>\n<\/tr>\n<tr>\n<td>S\u1ee9c ch\u1ee9a h\u1ed3 ch\u1ee9a<\/td>\n<td>3L (B\u00ecnh nh\u1ef1a), 4L, 6L, 8L, 20L (B\u00ecnh kim lo\u1ea1i)<\/td>\n<\/tr>\n<tr>\n<td>N\u1ea1p l\u1ea1i<\/td>\n<td>T\u1eeb tr\u00ean xu\u1ed1ng<\/td>\n<\/tr>\n<tr>\n<td>Ch\u1ea5t b\u00f4i tr\u01a1n<\/td>\n<td>NLGI 000#~00#<\/td>\n<\/tr>\n<tr>\n<td>C\u00f4ng su\u1ea5t \u0111\u1ed9ng c\u01a1<\/td>\n<td>40W<\/td>\n<\/tr>\n<tr>\n<td>Ph\u00f3ng \u0111i\u1ec7n<\/td>\n<td>250 mL\/ph\u00fat<\/td>\n<\/tr>\n<tr>\n<td>\u00c1p su\u1ea5t v\u1eadn h\u00e0nh t\u1ed1i \u0111a<\/td>\n<td>4.0MPa<\/td>\n<\/tr>\n<tr>\n<td>Ch\u1ee7 \u0111\u1ec1 k\u1ebft n\u1ed1i<\/td>\n<td>\u0110\u1ea7u ra \u03a66<\/td>\n<\/tr>\n<tr>\n<td>\u0110i\u1ec7n \u00e1p ho\u1ea1t \u0111\u1ed9ng<\/td>\n<td>110VAC, 220VAC, 12VDC, 24VDC<\/td>\n<\/tr>\n<tr>\n<td>Ch\u1ee9ng nh\u1eadn<\/td>\n<td>Ti\u00eau chu\u1ea9n<\/td>\n<\/tr>\n<tr>\n<td>C\u00f4ng t\u1eafc m\u1ee9c th\u1ea5p<\/td>\n<td>Li\u00ean h\u1ec7 NC<\/td>\n<\/tr>\n<\/tbody>\n<\/table>\n<h2>\u1ee8ng d\u1ee5ng<\/h2>\n<p>1. S\u1ea3n xu\u1ea5t: B\u01a1m b\u00f4i tr\u01a1n c\u1ee7a d\u00f2ng JMG1 ho\u1ea1t \u0111\u1ed9ng theo m\u1ed9t v\u00f2ng tr\u00f2n r\u1ed9ng \u0111\u1ec3 b\u00f4i tr\u01a1n cho b\u0103ng t\u1ea3i, c\u00e1nh tay robot v\u00e0 thi\u1ebft b\u1ecb d\u00e2y chuy\u1ec1n \u0111\u1ec3 ch\u00fang ho\u1ea1t \u0111\u1ed9ng tr\u01a1n tru.<br \/>\n2. \u00d4 t\u00f4: B\u01a1m b\u00f4i tr\u01a1n \u0111i\u1ec7n JMG1 \u0111\u01b0\u1ee3c s\u1eed d\u1ee5ng \u0111\u1ec3 b\u00f4i tr\u01a1n v\u00e0 b\u1ea3o d\u01b0\u1ee1ng khung g\u1ea7m t\u1ea1i c\u00e1c d\u00e2y chuy\u1ec1n l\u1eafp r\u00e1p nh\u1eb1m gi\u1ea3m m\u00e0i m\u00f2n c\u00e1c b\u1ed9 ph\u1eadn chuy\u1ec3n \u0111\u1ed9ng.<br \/>\n3. M\u00e1y m\u00f3c x\u00e2y d\u1ef1ng: L\u00e0m nh\u1eb5n c\u00e1c m\u00e1y m\u00f3c h\u1ea1ng n\u1eb7ng d\u00f9ng trong \u0111\u00e0o \u0111\u1ea5t, b\u1ed1c x\u1ebfp v\u00e0 c\u1ea7n c\u1ea9u \u0111\u1ec3 t\u0103ng tu\u1ed5i th\u1ecd c\u1ee7a c\u00e1c m\u00e1y m\u00f3c n\u00e0y.<br \/>\n4. Ng\u00e0nh c\u00f4ng nghi\u1ec7p th\u1ef1c ph\u1ea9m v\u00e0 \u0111\u1ed3 u\u1ed1ng: B\u01a1m b\u00f4i tr\u01a1n JMG1 \u0111\u01b0\u1ee3c \u1ee9ng d\u1ee5ng trong m\u00e1y m\u00f3c ch\u1ebf bi\u1ebfn v\u00e0 \u0111\u00f3ng g\u00f3i \u0111\u1ec3 duy tr\u00ec v\u1ec7 sinh v\u00e0 gi\u1ea3m g\u00e1nh n\u1eb7ng b\u1ea3o tr\u00ec.<br \/>\n5. M\u00e1y in: B\u01a1m b\u00f4i tr\u01a1n, model JMG1, t\u1ef1 \u0111\u1ed9ng b\u00f4i tr\u01a1n c\u00e1c b\u1ed9 ph\u1eadn chuy\u1ec3n \u0111\u1ed9ng c\u1ee7a m\u00e1y in \u0111\u1ec3 \u0111\u1ea1t \u0111\u01b0\u1ee3c ch\u1ea5t l\u01b0\u1ee3ng \u0111\u1ea7u ra.<\/p>\n<h2>H\u01b0\u1edbng d\u1eabn s\u1eed d\u1ee5ng<\/h2>\n<div class=\"sdm_download_button_box_default\"><div class=\"sdm_download_link\"><a href=\"https:\/\/www.jinpinlub.com\/vi\/?sdm_process_download=1&download_id=3737\" class=\"sdm_download white\" title=\"Ri\u00eang t\u01b0: JMG Grease Pump\" target=\"&quot;_blank&quot;\">Xem B\u1ea3ng d\u1eef li\u1ec7u - B\u01a1m m\u1ee1 JMG<\/a><\/div><\/div>","protected":false},"excerpt":{"rendered":"<p>JMG1 l\u00e0 b\u01a1m m\u1ee1 b\u00f4i tr\u01a1n ti\u1ebfn b\u1ed9, th\u00edch h\u1ee3p cho m\u1ee1 ch\u1ea3y NLGI 000~0#. N\u00f3 s\u1eed d\u1ee5ng b\u01a1m b\u00e1nh r\u0103ng l\u00e0m b\u1eb1ng th\u00e9p h\u1ee3p kim \u0111\u1eb7c bi\u1ec7t v\u00e0 \u0111\u01b0\u1ee3c k\u1ebft h\u1ee3p v\u1edbi \u0111\u1ed9ng c\u01a1 c\u1ea3m \u1ee9ng, c\u00f3 \u01b0u \u0111i\u1ec3m l\u00e0 \u00e1p su\u1ea5t \u0111\u1ea7u ra \u1ed5n \u0111\u1ecbnh, kh\u00f4ng g\u00e2y ti\u1ebfng \u1ed3n v\u00e0 tu\u1ed5i th\u1ecd cao.<\/p>","protected":false},"featured_media":3746,"template":"","meta":{"ocean_post_layout":"","ocean_both_sidebars_style":"","ocean_both_sidebars_content_width":0,"ocean_both_sidebars_sidebars_width":0,"ocean_sidebar":"0","ocean_second_sidebar":"0","ocean_disable_margins":"enable","ocean_add_body_class":"","ocean_shortcode_before_top_bar":"","ocean_shortcode_after_top_bar":"","ocean_shortcode_before_header":"","ocean_shortcode_after_header":"","ocean_has_shortcode":"","ocean_shortcode_after_title":"","ocean_shortcode_before_footer_widgets":"","ocean_shortcode_after_footer_widgets":"","ocean_shortcode_before_footer_bottom":"","ocean_shortcode_after_footer_bottom":"","ocean_display_top_bar":"default","ocean_display_header":"default","ocean_header_style":"","ocean_center_header_left_menu":"0","ocean_custom_header_template":"0","ocean_custom_logo":0,"ocean_custom_retina_logo":0,"ocean_custom_logo_max_width":0,"ocean_custom_logo_tablet_max_width":0,"ocean_custom_logo_mobile_max_width":0,"ocean_custom_logo_max_height":0,"ocean_custom_logo_tablet_max_height":0,"ocean_custom_logo_mobile_max_height":0,"ocean_header_custom_menu":"0","ocean_menu_typo_font_family":"0","ocean_menu_typo_font_subset":"","ocean_menu_typo_font_size":0,"ocean_menu_typo_font_size_tablet":0,"ocean_menu_typo_font_size_mobile":0,"ocean_menu_typo_font_size_unit":"px","ocean_menu_typo_font_weight":"","ocean_menu_typo_font_weight_tablet":"","ocean_menu_typo_font_weight_mobile":"","ocean_menu_typo_transform":"","ocean_menu_typo_transform_tablet":"","ocean_menu_typo_transform_mobile":"","ocean_menu_typo_line_height":0,"ocean_menu_typo_line_height_tablet":0,"ocean_menu_typo_line_height_mobile":0,"ocean_menu_typo_line_height_unit":"","ocean_menu_typo_spacing":0,"ocean_menu_typo_spacing_tablet":0,"ocean_menu_typo_spacing_mobile":0,"ocean_menu_typo_spacing_unit":"","ocean_menu_link_color":"","ocean_menu_link_color_hover":"","ocean_menu_link_color_active":"","ocean_menu_link_background":"","ocean_menu_link_hover_background":"","ocean_menu_link_active_background":"","ocean_menu_social_links_bg":"","ocean_menu_social_hover_links_bg":"","ocean_menu_social_links_color":"","ocean_menu_social_hover_links_color":"","ocean_disable_title":"default","ocean_disable_heading":"default","ocean_post_title":"","ocean_post_subheading":"","ocean_post_title_style":"","ocean_post_title_background_color":"","ocean_post_title_background":0,"ocean_post_title_bg_image_position":"","ocean_post_title_bg_image_attachment":"","ocean_post_title_bg_image_repeat":"","ocean_post_title_bg_image_size":"","ocean_post_title_height":0,"ocean_post_title_bg_overlay":0.5,"ocean_post_title_bg_overlay_color":"","ocean_disable_breadcrumbs":"default","ocean_breadcrumbs_color":"","ocean_breadcrumbs_separator_color":"","ocean_breadcrumbs_links_color":"","ocean_breadcrumbs_links_hover_color":"","ocean_display_footer_widgets":"default","ocean_display_footer_bottom":"default","ocean_custom_footer_template":"0","osh_disable_topbar_sticky":"default","osh_disable_header_sticky":"default","osh_sticky_header_style":"default","osh_sticky_header_effect":"","osh_custom_sticky_logo":0,"osh_custom_retina_sticky_logo":0,"osh_custom_sticky_logo_height":0,"osh_background_color":"","osh_links_color":"","osh_links_hover_color":"","osh_links_active_color":"","osh_links_bg_color":"","osh_links_hover_bg_color":"","osh_links_active_bg_color":"","osh_menu_social_links_color":"","osh_menu_social_hover_links_color":""},"product_brand":[],"product_cat":[42,41],"product_tag":[74,73,77,196,72],"class_list":{"0":"post-3735","1":"product","2":"type-product","3":"status-publish","4":"has-post-thumbnail","6":"product_cat-electric-progressive-pumps","7":"product_cat-progressive-grease-systems","8":"product_tag-automatic-lubrication-pump","9":"product_tag-electric-lubrication-pump","10":"product_tag-grease-lubrication-pump","11":"product_tag-grease-lubrication-system","12":"product_tag-lubrication-system","14":"entry","15":"has-media","17":"first","18":"instock","19":"shipping-taxable","20":"product-type-external","21":"col","22":"span_1_of_3","23":"owp-content-center","24":"owp-thumbs-layout-horizontal","25":"owp-btn-very-big","26":"owp-tabs-layout-horizontal"},"_links":{"self":[{"href":"https:\/\/www.jinpinlub.com\/vi\/wp-json\/wp\/v2\/product\/3735","targetHints":{"allow":["GET"]}}],"collection":[{"href":"https:\/\/www.jinpinlub.com\/vi\/wp-json\/wp\/v2\/product"}],"about":[{"href":"https:\/\/www.jinpinlub.com\/vi\/wp-json\/wp\/v2\/types\/product"}],"wp:featuredmedia":[{"embeddable":true,"href":"https:\/\/www.jinpinlub.com\/vi\/wp-json\/wp\/v2\/media\/3746"}],"wp:attachment":[{"href":"https:\/\/www.jinpinlub.com\/vi\/wp-json\/wp\/v2\/media?parent=3735"}],"wp:term":[{"taxonomy":"product_brand","embeddable":true,"href":"https:\/\/www.jinpinlub.com\/vi\/wp-json\/wp\/v2\/product_brand?post=3735"},{"taxonomy":"product_cat","embeddable":true,"href":"https:\/\/www.jinpinlub.com\/vi\/wp-json\/wp\/v2\/product_cat?post=3735"},{"taxonomy":"product_tag","embeddable":true,"href":"https:\/\/www.jinpinlub.com\/vi\/wp-json\/wp\/v2\/product_tag?post=3735"}],"curies":[{"name":"wp","href":"https:\/\/api.w.org\/{rel}","templated":true}]}}