{"id":3738,"date":"2024-09-29T23:25:43","date_gmt":"2024-09-29T15:25:43","guid":{"rendered":"https:\/\/www.jinpinlub.com\/?post_type=product&#038;p=3738"},"modified":"2024-10-08T03:57:25","modified_gmt":"2024-10-07T19:57:25","slug":"bom-mo-boi-tron-dien-dieu-khien-dong-chay-amg2-plc","status":"publish","type":"product","link":"https:\/\/www.jinpinlub.com\/vi\/product\/jmg2-plc-controlled-flow-grease-electric-lubrication-pumps\/","title":{"rendered":"B\u01a1m m\u1ee1 b\u00f4i tr\u01a1n \u0111i\u1ec7n \u0111i\u1ec1u khi\u1ec3n PLC JMG2"},"content":{"rendered":"<h2>\u0110\u1eb7c tr\u01b0ng<\/h2>\n<p>1. Th\u1eddi gian b\u00f4i tr\u01a1n v\u00e0 kho\u1ea3ng c\u00e1ch \u0111\u01b0\u1ee3c ki\u1ec3m so\u00e1t b\u1edfi PLC ch\u1ee7.<br \/>\n2. C\u00f3 th\u1ec3 l\u1eafp \u0111\u1eb7t c\u00f4ng t\u1eafc \u00e1p su\u1ea5t t\u00f9y ch\u1ecdn \u0111\u1ec3 ph\u00e1t hi\u1ec7n xem m\u1ea1ch d\u1ea7u c\u00f3 b\u1ecb h\u1ecfng hay kh\u00f4ng.<br \/>\n3. C\u1ea3m bi\u1ebfn \u0111i\u1ec7n dung t\u00f9y ch\u1ecdn c\u00f3 th\u1ec3 ph\u00e1t hi\u1ec7n m\u1ee9c ch\u1ea5t l\u1ecfng th\u1ea5p v\u00e0 t\u1ef1 \u0111\u1ed9ng g\u1eedi t\u00edn hi\u1ec7u.<br \/>\n4. C\u00f3 \u0111\u1ed3ng h\u1ed3 \u0111o \u00e1p su\u1ea5t, c\u00f3 th\u1ec3 ph\u00e1t hi\u1ec7n \u00e1p su\u1ea5t ho\u1ea1t \u0111\u1ed9ng c\u1ee7a b\u01a1m d\u1ea7u. C\u00f3 th\u1ec3 t\u00f9y ch\u1ecdn x\u1ea3 500mL\/ph\u00fat.<br \/>\n5. C\u00f3 n\u00fat cung c\u1ea5p d\u1ea7u c\u01b0\u1ee1ng b\u1ee9c v\u00e0 \u0111\u00e8n b\u00e1o b\u00f4i tr\u01a1n.<br \/>\n6. B\u01a1m b\u00e1nh r\u0103ng \u0111\u1ea5t \u0111\u01b0\u1ee3c trang b\u1ecb \u0111\u1ed9ng c\u01a1 c\u1ea3m \u1ee9ng, c\u00f3 \u00e1p su\u1ea5t \u1ed5n \u0111\u1ecbnh, ti\u1ebfng \u1ed3n th\u1ea5p, b\u1ec1n v\u00e0 \u0111\u00e1ng tin c\u1eady.<br \/>\n7. \u0110\u01a1n v\u1ecb b\u01a1m b\u00f4i tr\u01a1n n\u00e0y \u0111\u01b0\u1ee3c thi\u1ebft k\u1ebf theo c\u00e1ch ti\u1ebfn b\u1ed9, t\u1ea1o th\u00e0nh m\u1ed9t h\u1ec7 th\u1ed1ng b\u00f4i tr\u01a1n ti\u1ebfn b\u1ed9 v\u1edbi <a href=\"https:\/\/www.jinpinlub.com\/vi\/danh-muc-san-pham\/he-thong-mo-boi-tron-tien-bo\/bo-chia-mo-tien-bo\/\" target=\"_blank\" rel=\"noopener\">b\u1ed9 chia m\u1ee1 ti\u1ebfn b\u1ed9<\/a>.<\/p>\n<h2>\u0110\u1eb7c \u0111i\u1ec3m k\u1ef9 thu\u1eadt<\/h2>\n<table>\n<tbody>\n<tr>\n<td>Ng\u01b0\u1eddi m\u1eabu<\/td>\n<td>JMG2<\/td>\n<\/tr>\n<tr>\n<td>Th\u1eddi gian b\u00f4i tr\u01a1n<\/td>\n<td>B\u1ed9 \u0111i\u1ec1u khi\u1ec3n PLC<\/td>\n<\/tr>\n<tr>\n<td>Kho\u1ea3ng th\u1eddi gian<\/td>\n<td>B\u1ed9 \u0111i\u1ec1u khi\u1ec3n PLC<\/td>\n<\/tr>\n<tr>\n<td>Nhi\u1ec7t \u0111\u1ed9 ho\u1ea1t \u0111\u1ed9ng<\/td>\n<td>-10\u2103~ +60\u00b0C (\u0110i\u1ec1u ki\u1ec7n nhi\u1ec7t \u0111\u1ed9 th\u1ea5p c\u1ea7n m\u1ee1 ch\u1ed1ng \u0111\u00f4ng)<\/td>\n<\/tr>\n<tr>\n<td>S\u1ed1 l\u01b0\u1ee3ng c\u1eeda h\u00e0ng<\/td>\n<td>1<\/td>\n<\/tr>\n<tr>\n<td>S\u1ee9c ch\u1ee9a h\u1ed3 ch\u1ee9a<\/td>\n<td>3L (B\u00ecnh nh\u1ef1a), 4L, 6L, 8L, 20L (B\u00ecnh kim lo\u1ea1i)<\/td>\n<\/tr>\n<tr>\n<td>N\u1ea1p l\u1ea1i<\/td>\n<td>T\u1eeb tr\u00ean xu\u1ed1ng<\/td>\n<\/tr>\n<tr>\n<td>Ch\u1ea5t b\u00f4i tr\u01a1n<\/td>\n<td>NLGI 000#~00#<\/td>\n<\/tr>\n<tr>\n<td>C\u00f4ng su\u1ea5t \u0111\u1ed9ng c\u01a1<\/td>\n<td>40W<\/td>\n<\/tr>\n<tr>\n<td>Ph\u00f3ng \u0111i\u1ec7n<\/td>\n<td>250 mL\/ph\u00fat<\/td>\n<\/tr>\n<tr>\n<td>\u00c1p su\u1ea5t v\u1eadn h\u00e0nh t\u1ed1i \u0111a<\/td>\n<td>4.0MPa<\/td>\n<\/tr>\n<tr>\n<td>Ch\u1ee7 \u0111\u1ec1 k\u1ebft n\u1ed1i<\/td>\n<td>\u0110\u1ea7u ra \u03a66<\/td>\n<\/tr>\n<tr>\n<td>\u0110i\u1ec7n \u00e1p ho\u1ea1t \u0111\u1ed9ng<\/td>\n<td>110VAC, 220VAC, 12VDC, 24VDC, 3~ 220V, 3~ 380V, 3~ 440V, 3~ 460V<\/td>\n<\/tr>\n<tr>\n<td>Ch\u1ee9ng nh\u1eadn<\/td>\n<td>Ti\u00eau chu\u1ea9n<\/td>\n<\/tr>\n<tr>\n<td>C\u00f4ng t\u1eafc m\u1ee9c th\u1ea5p<\/td>\n<td>Li\u00ean h\u1ec7 NC<\/td>\n<\/tr>\n<\/tbody>\n<\/table>\n<h2>\u1ee8ng d\u1ee5ng<\/h2>\n<p>N\u00f4ng nghi\u1ec7p: B\u01a1m b\u00f4i tr\u01a1n JMG2 b\u00f4i tr\u01a1n m\u00e1y m\u00f3c \u0111\u1ec3 \u0111\u1ea3m b\u1ea3o tu\u1ed5i th\u1ecd l\u00e2u d\u00e0i. Bao g\u1ed3m m\u00e1y k\u00e9o, m\u00e1y g\u1eb7t v\u00e0 c\u00e1c thi\u1ebft b\u1ecb n\u00f4ng nghi\u1ec7p kh\u00e1c.<br \/>\nX\u00e2y d\u1ef1ng v\u00e0 khai th\u00e1c m\u1ecf: H\u1ec7 th\u1ed1ng b\u00f4i tr\u01a1n t\u1ef1 \u0111\u1ed9ng r\u1ea5t c\u1ea7n thi\u1ebft cho m\u00e1y m\u00f3c h\u1ea1ng n\u1eb7ng nh\u01b0 m\u00e1y \u0111\u00e0o, m\u00e1y x\u00fac v\u00e0 thi\u1ebft b\u1ecb khai th\u00e1c m\u1ecf \u0111\u1ec3 gi\u1ea3m s\u1ef1 c\u1ed1.<br \/>\nM\u00e1y m\u00f3c c\u00f4ng nghi\u1ec7p: \u0110\u01b0\u1ee3c s\u1eed d\u1ee5ng trong m\u00e1y c\u00f4ng c\u1ee5, m\u00e1y ch\u1ebf bi\u1ebfn g\u1ed7, m\u00e1y d\u1ec7t, m\u00e1y \u0111\u00f3ng g\u00f3i, v.v. B\u01a1m b\u00f4i tr\u01a1n \u0111i\u1ec7n \u0111\u1ea3m b\u1ea3o b\u00f4i tr\u01a1n ch\u00ednh x\u00e1c v\u00e0 n\u00e2ng cao hi\u1ec7u qu\u1ea3 c\u1ee7a thi\u1ebft b\u1ecb.<br \/>\nNg\u00e0nh c\u00f4ng nghi\u1ec7p th\u1ef1c ph\u1ea9m: B\u01a1m b\u00f4i tr\u01a1n JMG2 \u0111\u1ea3m b\u1ea3o b\u00f4i tr\u01a1n h\u1ee3p v\u1ec7 sinh v\u00e0 hi\u1ec7u qu\u1ea3 cho m\u00e1y m\u00f3c ch\u1ebf bi\u1ebfn th\u1ef1c ph\u1ea9m.<br \/>\nThi\u1ebft b\u1ecb h\u00e0ng h\u1ea3i: B\u01a1m m\u1ee1 b\u00f4i tr\u01a1n c\u00e1c b\u1ed9 ph\u1eadn chuy\u1ec3n \u0111\u1ed9ng trong m\u00e1y m\u00f3c h\u00e0ng h\u1ea3i \u0111\u1ec3 \u0111\u1ea3m b\u1ea3o ho\u1ea1t \u0111\u1ed9ng tr\u01a1n tru v\u00e0 gi\u1ea3m b\u1ea3o tr\u00ec.<\/p>\n<h2>H\u01b0\u1edbng d\u1eabn s\u1eed d\u1ee5ng<\/h2>\n<div class=\"sdm_download_button_box_default\"><div class=\"sdm_download_link\"><a href=\"https:\/\/www.jinpinlub.com\/vi\/?sdm_process_download=1&download_id=3737\" class=\"sdm_download white\" title=\"Ri\u00eang t\u01b0: JMG Grease Pump\" target=\"&quot;_blank&quot;\">Xem B\u1ea3ng d\u1eef li\u1ec7u - B\u01a1m m\u1ee1 JMG<\/a><\/div><\/div>","protected":false},"excerpt":{"rendered":"<p>B\u01a1m b\u00f4i tr\u01a1n ti\u1ebfn b\u1ed9 JMG2 l\u00e0 b\u01a1m b\u00f4i tr\u01a1n \u0111i\u1ec7n \u0111\u01b0\u1ee3c d\u1eabn \u0111\u1ed9ng b\u1eb1ng b\u01a1m b\u00e1nh r\u0103ng m\u1eb7t \u0111\u1ea5t. C\u00f3 th\u1ec3 trang b\u1ecb c\u00f4ng t\u1eafc \u00e1p su\u1ea5t v\u00e0 c\u1ea3m bi\u1ebfn m\u1ee9c th\u1ea5p. \u0110\u1ed9ng c\u01a1 d\u1eabn \u0111\u1ed9ng c\u1ee7a n\u00f3 c\u00f3 m\u1ee9c ti\u00eau th\u1ee5 n\u0103ng l\u01b0\u1ee3ng th\u1ea5p, \u00e1p su\u1ea5t \u1ed5n \u0111\u1ecbnh, ti\u1ebfng \u1ed3n th\u1ea5p, b\u1ec1n v\u00e0 \u0111\u00e1ng tin c\u1eady.<\/p>","protected":false},"featured_media":3747,"template":"","meta":{"ocean_post_layout":"","ocean_both_sidebars_style":"","ocean_both_sidebars_content_width":0,"ocean_both_sidebars_sidebars_width":0,"ocean_sidebar":"0","ocean_second_sidebar":"0","ocean_disable_margins":"enable","ocean_add_body_class":"","ocean_shortcode_before_top_bar":"","ocean_shortcode_after_top_bar":"","ocean_shortcode_before_header":"","ocean_shortcode_after_header":"","ocean_has_shortcode":"","ocean_shortcode_after_title":"","ocean_shortcode_before_footer_widgets":"","ocean_shortcode_after_footer_widgets":"","ocean_shortcode_before_footer_bottom":"","ocean_shortcode_after_footer_bottom":"","ocean_display_top_bar":"default","ocean_display_header":"default","ocean_header_style":"","ocean_center_header_left_menu":"0","ocean_custom_header_template":"0","ocean_custom_logo":0,"ocean_custom_retina_logo":0,"ocean_custom_logo_max_width":0,"ocean_custom_logo_tablet_max_width":0,"ocean_custom_logo_mobile_max_width":0,"ocean_custom_logo_max_height":0,"ocean_custom_logo_tablet_max_height":0,"ocean_custom_logo_mobile_max_height":0,"ocean_header_custom_menu":"0","ocean_menu_typo_font_family":"0","ocean_menu_typo_font_subset":"","ocean_menu_typo_font_size":0,"ocean_menu_typo_font_size_tablet":0,"ocean_menu_typo_font_size_mobile":0,"ocean_menu_typo_font_size_unit":"px","ocean_menu_typo_font_weight":"","ocean_menu_typo_font_weight_tablet":"","ocean_menu_typo_font_weight_mobile":"","ocean_menu_typo_transform":"","ocean_menu_typo_transform_tablet":"","ocean_menu_typo_transform_mobile":"","ocean_menu_typo_line_height":0,"ocean_menu_typo_line_height_tablet":0,"ocean_menu_typo_line_height_mobile":0,"ocean_menu_typo_line_height_unit":"","ocean_menu_typo_spacing":0,"ocean_menu_typo_spacing_tablet":0,"ocean_menu_typo_spacing_mobile":0,"ocean_menu_typo_spacing_unit":"","ocean_menu_link_color":"","ocean_menu_link_color_hover":"","ocean_menu_link_color_active":"","ocean_menu_link_background":"","ocean_menu_link_hover_background":"","ocean_menu_link_active_background":"","ocean_menu_social_links_bg":"","ocean_menu_social_hover_links_bg":"","ocean_menu_social_links_color":"","ocean_menu_social_hover_links_color":"","ocean_disable_title":"default","ocean_disable_heading":"default","ocean_post_title":"","ocean_post_subheading":"","ocean_post_title_style":"","ocean_post_title_background_color":"","ocean_post_title_background":0,"ocean_post_title_bg_image_position":"","ocean_post_title_bg_image_attachment":"","ocean_post_title_bg_image_repeat":"","ocean_post_title_bg_image_size":"","ocean_post_title_height":0,"ocean_post_title_bg_overlay":0.5,"ocean_post_title_bg_overlay_color":"","ocean_disable_breadcrumbs":"default","ocean_breadcrumbs_color":"","ocean_breadcrumbs_separator_color":"","ocean_breadcrumbs_links_color":"","ocean_breadcrumbs_links_hover_color":"","ocean_display_footer_widgets":"default","ocean_display_footer_bottom":"default","ocean_custom_footer_template":"0","osh_disable_topbar_sticky":"default","osh_disable_header_sticky":"default","osh_sticky_header_style":"default","osh_sticky_header_effect":"","osh_custom_sticky_logo":0,"osh_custom_retina_sticky_logo":0,"osh_custom_sticky_logo_height":0,"osh_background_color":"","osh_links_color":"","osh_links_hover_color":"","osh_links_active_color":"","osh_links_bg_color":"","osh_links_hover_bg_color":"","osh_links_active_bg_color":"","osh_menu_social_links_color":"","osh_menu_social_hover_links_color":""},"product_brand":[],"product_cat":[42,41],"product_tag":[74,112,185,73,77],"class_list":{"0":"post-3738","1":"product","2":"type-product","3":"status-publish","4":"has-post-thumbnail","6":"product_cat-electric-progressive-pumps","7":"product_cat-progressive-grease-systems","8":"product_tag-automatic-lubrication-pump","9":"product_tag-centralized-lubrication-system","10":"product_tag-electric-grease-pump","11":"product_tag-electric-lubrication-pump","12":"product_tag-grease-lubrication-pump","14":"entry","15":"has-media","17":"first","18":"instock","19":"shipping-taxable","20":"product-type-external","21":"col","22":"span_1_of_3","23":"owp-content-center","24":"owp-thumbs-layout-horizontal","25":"owp-btn-very-big","26":"owp-tabs-layout-horizontal"},"_links":{"self":[{"href":"https:\/\/www.jinpinlub.com\/vi\/wp-json\/wp\/v2\/product\/3738","targetHints":{"allow":["GET"]}}],"collection":[{"href":"https:\/\/www.jinpinlub.com\/vi\/wp-json\/wp\/v2\/product"}],"about":[{"href":"https:\/\/www.jinpinlub.com\/vi\/wp-json\/wp\/v2\/types\/product"}],"wp:featuredmedia":[{"embeddable":true,"href":"https:\/\/www.jinpinlub.com\/vi\/wp-json\/wp\/v2\/media\/3747"}],"wp:attachment":[{"href":"https:\/\/www.jinpinlub.com\/vi\/wp-json\/wp\/v2\/media?parent=3738"}],"wp:term":[{"taxonomy":"product_brand","embeddable":true,"href":"https:\/\/www.jinpinlub.com\/vi\/wp-json\/wp\/v2\/product_brand?post=3738"},{"taxonomy":"product_cat","embeddable":true,"href":"https:\/\/www.jinpinlub.com\/vi\/wp-json\/wp\/v2\/product_cat?post=3738"},{"taxonomy":"product_tag","embeddable":true,"href":"https:\/\/www.jinpinlub.com\/vi\/wp-json\/wp\/v2\/product_tag?post=3738"}],"curies":[{"name":"wp","href":"https:\/\/api.w.org\/{rel}","templated":true}]}}