{"id":3739,"date":"2024-09-30T00:57:59","date_gmt":"2024-09-29T16:57:59","guid":{"rendered":"https:\/\/www.jinpinlub.com\/?post_type=product&#038;p=3739"},"modified":"2024-10-08T04:06:47","modified_gmt":"2024-10-07T20:06:47","slug":"may-bom-mo-boi-tron-dien-tu-dong-amg3-co-hen-gio","status":"publish","type":"product","link":"https:\/\/www.jinpinlub.com\/vi\/product\/jmg3-automatic-electric-grease-lubrication-pump-with-timer\/","title":{"rendered":"M\u00e1y b\u01a1m m\u1ee1 b\u00f4i tr\u01a1n \u0111i\u1ec7n t\u1ef1 \u0111\u1ed9ng JMG3 c\u00f3 h\u1eb9n gi\u1edd"},"content":{"rendered":"<h2>\u0110\u1eb7c tr\u01b0ng<\/h2>\n<p>1. B\u1ed9 h\u1eb9n gi\u1edd c\u00f3 th\u1ec3 \u0111\u01b0\u1ee3c c\u00e0i \u0111\u1eb7t \u1edf hai ch\u1ebf \u0111\u1ed9 ho\u1ea1t \u0111\u1ed9ng:<br \/>\n\u2460 B\u00f4i tr\u01a1n tr\u01b0\u1edbc khi kh\u1edfi \u0111\u1ed9ng: th\u1eddi gian b\u00f4i tr\u01a1n \u0111\u01b0\u1ee3c th\u1ef1c hi\u1ec7n tr\u01b0\u1edbc khi kh\u1edfi \u0111\u1ed9ng.<br \/>\n\u2461 Kho\u1ea3ng th\u1eddi gian tr\u01b0\u1edbc khi kh\u1edfi \u0111\u1ed9ng: th\u1eddi gian kho\u1ea3ng th\u1eddi gian \u0111\u01b0\u1ee3c th\u1ef1c hi\u1ec7n tr\u01b0\u1edbc khi kh\u1edfi \u0111\u1ed9ng. B\u1eadt l\u1ea1i ngu\u1ed3n v\u00e0 ti\u1ebfp t\u1ee5c th\u1eddi gian kho\u1ea3ng th\u1eddi gian tr\u01b0\u1edbc \u0111\u00f3.<br \/>\n2. C\u00f3 th\u1ec3 l\u1eafp \u0111\u1eb7t c\u00f4ng t\u1eafc \u00e1p su\u1ea5t t\u00f9y ch\u1ecdn \u0111\u1ec3 ph\u00e1t hi\u1ec7n xem m\u1ea1ch d\u1ea7u c\u00f3 b\u1ecb h\u1ecfng hay kh\u00f4ng.<br \/>\n3. C\u1ea3m bi\u1ebfn \u0111i\u1ec7n dung t\u00f9y ch\u1ecdn c\u00f3 th\u1ec3 ph\u00e1t hi\u1ec7n m\u1ee9c d\u1ea7u th\u1ea5p v\u00e0 t\u1ef1 \u0111\u1ed9ng g\u1eedi t\u00edn hi\u1ec7u.<br \/>\n4. \u0110\u1ed3ng h\u1ed3 \u0111o \u00e1p su\u1ea5t \u0111\u01b0\u1ee3c g\u1eafn v\u00e0o \u0111\u1ec3 ph\u00e1t hi\u1ec7n \u00e1p su\u1ea5t ho\u1ea1t \u0111\u1ed9ng c\u1ee7a b\u01a1m d\u1ea7u. L\u01b0u l\u01b0\u1ee3ng 500mL\/ph\u00fat l\u00e0 t\u00f9y ch\u1ecdn.<br \/>\n5. C\u00f3 th\u1ec3 c\u00e0i \u0111\u1eb7t th\u1eddi gian h\u1eb9n gi\u1edd v\u00e0 c\u00f3 ch\u1ee9c n\u0103ng t\u1ef1 kh\u00f3a \u0111\u1ec3 ng\u0103n ng\u01b0\u1eddi kh\u00e1c t\u00f9y \u00fd s\u1eed d\u1ee5ng.<br \/>\n6. H\u1ec7 th\u1ed1ng c\u00f3 th\u1ec3 s\u1eed d\u1ee5ng ph\u00edm \u201cRST\u201d \u0111\u1ec3 \u00e9p b\u00f4i tr\u01a1n ho\u1eb7c lo\u1ea1i b\u1ecf c\u00e1c t\u00edn hi\u1ec7u b\u00e1o \u0111\u1ed9ng b\u1ea5t th\u01b0\u1eddng.<br \/>\n7. B\u01a1m b\u00e1nh r\u0103ng m\u1eb7t \u0111\u1ea5t \u0111\u01b0\u1ee3c trang b\u1ecb \u0111\u1ed9ng c\u01a1 c\u1ea3m \u1ee9ng, c\u00f3 \u00e1p su\u1ea5t \u1ed5n \u0111\u1ecbnh, ti\u1ebfng \u1ed3n th\u1ea5p, b\u1ec1n v\u00e0 \u0111\u00e1ng tin c\u1eady.<br \/>\n8. N\u00f3 c\u1ea7n ph\u1ea3i \u0111\u01b0\u1ee3c s\u1eed d\u1ee5ng v\u1edbi <a href=\"https:\/\/www.jinpinlub.com\/vi\/danh-muc-san-pham\/he-thong-mo-mot-dong\/van-do-giam-ap\/\" target=\"_blank\" rel=\"noopener\">nh\u00e0 ph\u00e2n ph\u1ed1i gi\u1ea3m \u00e1p<\/a> \u0111\u1ec3 \u0111\u1ea1t \u0111\u01b0\u1ee3c hi\u1ec7u qu\u1ea3 cung c\u1ea5p d\u1ea7u v\u1ec1 m\u1eb7t s\u1ed1 l\u01b0\u1ee3ng.<\/p>\n<h2>\u0110\u1eb7c \u0111i\u1ec3m k\u1ef9 thu\u1eadt<\/h2>\n<table>\n<tbody>\n<tr>\n<td>Ng\u01b0\u1eddi m\u1eabu<\/td>\n<td>JMG3<\/td>\n<\/tr>\n<tr>\n<td>Th\u1eddi gian b\u00f4i tr\u01a1n<\/td>\n<td>1-999 gi\u00e2y<\/td>\n<\/tr>\n<tr>\n<td>Kho\u1ea3ng th\u1eddi gian<\/td>\n<td>1-999 ph\u00fat<\/td>\n<\/tr>\n<tr>\n<td>Nhi\u1ec7t \u0111\u1ed9 ho\u1ea1t \u0111\u1ed9ng<\/td>\n<td>-10\u2103~ +60\u00b0C (\u0110i\u1ec1u ki\u1ec7n nhi\u1ec7t \u0111\u1ed9 th\u1ea5p c\u1ea7n m\u1ee1 ch\u1ed1ng \u0111\u00f4ng)<\/td>\n<\/tr>\n<tr>\n<td>S\u1ed1 l\u01b0\u1ee3ng c\u1eeda h\u00e0ng<\/td>\n<td>1<\/td>\n<\/tr>\n<tr>\n<td>S\u1ee9c ch\u1ee9a h\u1ed3 ch\u1ee9a<\/td>\n<td>3L (B\u00ecnh nh\u1ef1a), 4L, 6L, 8L, 20L (B\u00ecnh kim lo\u1ea1i)<\/td>\n<\/tr>\n<tr>\n<td>N\u1ea1p l\u1ea1i<\/td>\n<td>T\u1eeb tr\u00ean xu\u1ed1ng<\/td>\n<\/tr>\n<tr>\n<td>Ch\u1ea5t b\u00f4i tr\u01a1n<\/td>\n<td>NLGI 000#~00#<\/td>\n<\/tr>\n<tr>\n<td>C\u00f4ng su\u1ea5t \u0111\u1ed9ng c\u01a1<\/td>\n<td>40W<\/td>\n<\/tr>\n<tr>\n<td>Ph\u00f3ng \u0111i\u1ec7n<\/td>\n<td>250 mL\/ph\u00fat<\/td>\n<\/tr>\n<tr>\n<td>\u00c1p su\u1ea5t v\u1eadn h\u00e0nh t\u1ed1i \u0111a<\/td>\n<td>4.0MPa<\/td>\n<\/tr>\n<tr>\n<td>Ch\u1ee7 \u0111\u1ec1 k\u1ebft n\u1ed1i<\/td>\n<td>\u0110\u1ea7u ra \u03a66<\/td>\n<\/tr>\n<tr>\n<td>\u0110i\u1ec7n \u00e1p ho\u1ea1t \u0111\u1ed9ng<\/td>\n<td>110VAC, 220VAC, 12VDC, 24VDC<\/td>\n<\/tr>\n<tr>\n<td>Ch\u1ee9ng nh\u1eadn<\/td>\n<td>Ti\u00eau chu\u1ea9n<\/td>\n<\/tr>\n<tr>\n<td>C\u00f4ng t\u1eafc m\u1ee9c th\u1ea5p<\/td>\n<td>Li\u00ean h\u1ec7 NC<\/td>\n<\/tr>\n<\/tbody>\n<\/table>\n<h2>\u1ee8ng d\u1ee5ng<\/h2>\n<p>Thi\u1ebft b\u1ecb c\u00f4ng nghi\u1ec7p: M\u00e1y b\u01a1m b\u00f4i tr\u01a1n d\u00f2ng JMG3 c\u00f3 th\u1ec3 \u0111\u01b0\u1ee3c \u1ee9ng d\u1ee5ng trong c\u00e1c nh\u00e0 m\u00e1y \u0111\u1ec3 b\u00f4i tr\u01a1n li\u00ean t\u1ee5c c\u00e1c b\u1ed9 ph\u1eadn chuy\u1ec3n \u0111\u1ed9ng c\u1ee7a m\u00e1y m\u00f3c, ch\u1eb3ng h\u1ea1n nh\u01b0 \u1ed5 tr\u1ee5c v\u00e0 b\u00e1nh r\u0103ng, \u0111\u1ec3 ch\u00fang ho\u1ea1t \u0111\u1ed9ng tr\u01a1n tru.<br \/>\nThi\u1ebft b\u1ecb x\u00e2y d\u1ef1ng: M\u00e1y \u0111\u00e0o, m\u00e1y x\u00fac, c\u1ea7n c\u1ea9u - c\u00e1c thi\u1ebft b\u1ecb m\u00e1y m\u00f3c h\u1ea1ng n\u1eb7ng - \u0111\u1ec1u c\u00f3 th\u1ec3 s\u1eed d\u1ee5ng b\u01a1m b\u00f4i tr\u01a1n \u0111i\u1ec7n d\u00f2ng JMG3 \u0111\u1ec3 gi\u1ea3m thi\u1ec3u hao m\u00f2n v\u00e0 ho\u1ea1t \u0111\u1ed9ng li\u00ean t\u1ee5c.<br \/>\nNg\u00e0nh khai kho\u00e1ng v\u00e0 xi m\u0103ng: Thi\u1ebft b\u1ecb trong c\u00e1c ng\u00e0nh c\u00f4ng nghi\u1ec7p n\u00e0y ho\u1ea1t \u0111\u1ed9ng trong \u0111i\u1ec1u ki\u1ec7n r\u1ea5t kh\u1eafc nghi\u1ec7t v\u00e0 nhu c\u1ea7u b\u00f4i tr\u01a1n ph\u1ea3i \u0111\u1ee7 m\u1ea1nh \u0111\u1ec3 tr\u00e1nh m\u1ecdi h\u1ecfng h\u00f3c l\u00e0m gi\u1ea3m tu\u1ed5i th\u1ecd.<br \/>\nNg\u00e0nh th\u1ef1c ph\u1ea9m v\u00e0 \u0111\u1ed3 u\u1ed1ng: Ti\u00eau chu\u1ea9n v\u1ec7 sinh v\u1edbi b\u01a1m b\u00f4i tr\u01a1n t\u1ef1 \u0111\u1ed9ng JMG3, \u0111\u1ed3ng th\u1eddi gi\u00fap m\u00e1y m\u00f3c ho\u1ea1t \u0111\u1ed9ng hi\u1ec7u qu\u1ea3.<\/p>\n<h2>H\u01b0\u1edbng d\u1eabn s\u1eed d\u1ee5ng<\/h2>\n<div class=\"sdm_download_button_box_default\"><div class=\"sdm_download_link\"><a href=\"https:\/\/www.jinpinlub.com\/vi\/?sdm_process_download=1&download_id=3737\" class=\"sdm_download white\" title=\"Ri\u00eang t\u01b0: JMG Grease Pump\" target=\"&quot;_blank&quot;\">Xem B\u1ea3ng d\u1eef li\u1ec7u - B\u01a1m m\u1ee1 JMG<\/a><\/div><\/div>","protected":false},"excerpt":{"rendered":"<p>JMG3 l\u00e0 b\u01a1m b\u00f4i tr\u01a1n m\u1ee1 l\u1ecfng \u0111\u01b0\u1ee3c d\u1eabn \u0111\u1ed9ng b\u1eb1ng b\u01a1m b\u00e1nh r\u0103ng m\u1eb7t \u0111\u1ea5t. N\u00f3 t\u01b0\u01a1ng th\u00edch v\u1edbi ch\u1ea5t b\u00f4i tr\u01a1n t\u1eeb NLGI #000 \u0111\u1ebfn #00. V\u00e0 n\u00f3 \u0111\u01b0\u1ee3c trang b\u1ecb \u0111\u1ed3ng h\u1ed3 \u0111o \u00e1p su\u1ea5t, n\u00fat b\u00f4i tr\u01a1n c\u01b0\u1ee1ng b\u1ee9c v\u00e0 b\u1ed9 h\u1eb9n gi\u1edd. N\u00f3 \u1ed5n \u0111\u1ecbnh v\u00e0 b\u1ec1n, ti\u1ebfng \u1ed3n th\u1ea5p v\u00e0 chi ph\u00ed th\u1ea5p.<\/p>","protected":false},"featured_media":3751,"template":"","meta":{"ocean_post_layout":"","ocean_both_sidebars_style":"","ocean_both_sidebars_content_width":0,"ocean_both_sidebars_sidebars_width":0,"ocean_sidebar":"0","ocean_second_sidebar":"0","ocean_disable_margins":"enable","ocean_add_body_class":"","ocean_shortcode_before_top_bar":"","ocean_shortcode_after_top_bar":"","ocean_shortcode_before_header":"","ocean_shortcode_after_header":"","ocean_has_shortcode":"","ocean_shortcode_after_title":"","ocean_shortcode_before_footer_widgets":"","ocean_shortcode_after_footer_widgets":"","ocean_shortcode_before_footer_bottom":"","ocean_shortcode_after_footer_bottom":"","ocean_display_top_bar":"default","ocean_display_header":"default","ocean_header_style":"","ocean_center_header_left_menu":"0","ocean_custom_header_template":"0","ocean_custom_logo":0,"ocean_custom_retina_logo":0,"ocean_custom_logo_max_width":0,"ocean_custom_logo_tablet_max_width":0,"ocean_custom_logo_mobile_max_width":0,"ocean_custom_logo_max_height":0,"ocean_custom_logo_tablet_max_height":0,"ocean_custom_logo_mobile_max_height":0,"ocean_header_custom_menu":"0","ocean_menu_typo_font_family":"0","ocean_menu_typo_font_subset":"","ocean_menu_typo_font_size":0,"ocean_menu_typo_font_size_tablet":0,"ocean_menu_typo_font_size_mobile":0,"ocean_menu_typo_font_size_unit":"px","ocean_menu_typo_font_weight":"","ocean_menu_typo_font_weight_tablet":"","ocean_menu_typo_font_weight_mobile":"","ocean_menu_typo_transform":"","ocean_menu_typo_transform_tablet":"","ocean_menu_typo_transform_mobile":"","ocean_menu_typo_line_height":0,"ocean_menu_typo_line_height_tablet":0,"ocean_menu_typo_line_height_mobile":0,"ocean_menu_typo_line_height_unit":"","ocean_menu_typo_spacing":0,"ocean_menu_typo_spacing_tablet":0,"ocean_menu_typo_spacing_mobile":0,"ocean_menu_typo_spacing_unit":"","ocean_menu_link_color":"","ocean_menu_link_color_hover":"","ocean_menu_link_color_active":"","ocean_menu_link_background":"","ocean_menu_link_hover_background":"","ocean_menu_link_active_background":"","ocean_menu_social_links_bg":"","ocean_menu_social_hover_links_bg":"","ocean_menu_social_links_color":"","ocean_menu_social_hover_links_color":"","ocean_disable_title":"default","ocean_disable_heading":"default","ocean_post_title":"","ocean_post_subheading":"","ocean_post_title_style":"","ocean_post_title_background_color":"","ocean_post_title_background":0,"ocean_post_title_bg_image_position":"","ocean_post_title_bg_image_attachment":"","ocean_post_title_bg_image_repeat":"","ocean_post_title_bg_image_size":"","ocean_post_title_height":0,"ocean_post_title_bg_overlay":0.5,"ocean_post_title_bg_overlay_color":"","ocean_disable_breadcrumbs":"default","ocean_breadcrumbs_color":"","ocean_breadcrumbs_separator_color":"","ocean_breadcrumbs_links_color":"","ocean_breadcrumbs_links_hover_color":"","ocean_display_footer_widgets":"default","ocean_display_footer_bottom":"default","ocean_custom_footer_template":"0","osh_disable_topbar_sticky":"default","osh_disable_header_sticky":"default","osh_sticky_header_style":"default","osh_sticky_header_effect":"","osh_custom_sticky_logo":0,"osh_custom_retina_sticky_logo":0,"osh_custom_sticky_logo_height":0,"osh_background_color":"","osh_links_color":"","osh_links_hover_color":"","osh_links_active_color":"","osh_links_bg_color":"","osh_links_hover_bg_color":"","osh_links_active_bg_color":"","osh_menu_social_links_color":"","osh_menu_social_hover_links_color":""},"product_brand":[],"product_cat":[38,37],"product_tag":[194,112,73,318,317],"class_list":{"0":"post-3739","1":"product","2":"type-product","3":"status-publish","4":"has-post-thumbnail","6":"product_cat-electric-pressure-relief-pumps","7":"product_cat-single-line-grease-systems","8":"product_tag-centralized-lubrication-pump","9":"product_tag-centralized-lubrication-system","10":"product_tag-electric-lubrication-pump","11":"product_tag-fluid-grease-pump","12":"product_tag-gear-lubrication-pump","14":"entry","15":"has-media","17":"first","18":"instock","19":"shipping-taxable","20":"product-type-external","21":"col","22":"span_1_of_3","23":"owp-content-center","24":"owp-thumbs-layout-horizontal","25":"owp-btn-very-big","26":"owp-tabs-layout-horizontal"},"_links":{"self":[{"href":"https:\/\/www.jinpinlub.com\/vi\/wp-json\/wp\/v2\/product\/3739","targetHints":{"allow":["GET"]}}],"collection":[{"href":"https:\/\/www.jinpinlub.com\/vi\/wp-json\/wp\/v2\/product"}],"about":[{"href":"https:\/\/www.jinpinlub.com\/vi\/wp-json\/wp\/v2\/types\/product"}],"wp:featuredmedia":[{"embeddable":true,"href":"https:\/\/www.jinpinlub.com\/vi\/wp-json\/wp\/v2\/media\/3751"}],"wp:attachment":[{"href":"https:\/\/www.jinpinlub.com\/vi\/wp-json\/wp\/v2\/media?parent=3739"}],"wp:term":[{"taxonomy":"product_brand","embeddable":true,"href":"https:\/\/www.jinpinlub.com\/vi\/wp-json\/wp\/v2\/product_brand?post=3739"},{"taxonomy":"product_cat","embeddable":true,"href":"https:\/\/www.jinpinlub.com\/vi\/wp-json\/wp\/v2\/product_cat?post=3739"},{"taxonomy":"product_tag","embeddable":true,"href":"https:\/\/www.jinpinlub.com\/vi\/wp-json\/wp\/v2\/product_tag?post=3739"}],"curies":[{"name":"wp","href":"https:\/\/api.w.org\/{rel}","templated":true}]}}