{"id":3762,"date":"2024-10-08T04:24:08","date_gmt":"2024-10-07T20:24:08","guid":{"rendered":"https:\/\/www.jinpinlub.com\/?post_type=product&#038;p=3762"},"modified":"2024-10-09T18:02:30","modified_gmt":"2024-10-09T10:02:30","slug":"may-bom-mo-boi-tron-dien-tu-dong-amg3-co-hen-gio-2","status":"publish","type":"product","link":"https:\/\/www.jinpinlub.com\/vi\/product\/jmg3-8l-pressure-relief-grease-lubrication-pump-with-timer\/","title":{"rendered":"M\u00e1y b\u01a1m m\u1ee1 b\u00f4i tr\u01a1n gi\u1ea3m \u00e1p JMG3 8L c\u00f3 h\u1eb9n gi\u1edd"},"content":{"rendered":"<h2>\u0110\u1eb7c tr\u01b0ng<\/h2>\n<p>Hi\u1ec7u qu\u1ea3 v\u00e0 \u1ed5n \u0111\u1ecbnh: B\u01a1m b\u00f4i tr\u01a1n s\u1eed d\u1ee5ng truy\u1ec1n \u0111\u1ed9ng \u0111i\u1ec7n \u0111\u1ec3 \u0111\u1ea3m b\u1ea3o ho\u1ea1t \u0111\u1ed9ng \u1ed5n \u0111\u1ecbnh v\u00e0 c\u00f4ng su\u1ea5t \u0111\u1ea7u ra hi\u1ec7u qu\u1ea3 c\u1ee7a b\u01a1m b\u00f4i tr\u01a1n.<br \/>\n\u0110i\u1ec1u khi\u1ec3n t\u1ef1 \u0111\u1ed9ng: B\u01a1m b\u00f4i tr\u01a1n \u0111\u01b0\u1ee3c trang b\u1ecb c\u00f4ng t\u1eafc m\u1ee9c ch\u1ea5t l\u1ecfng \u0111\u1ec3 th\u1ef1c hi\u1ec7n ch\u1ee9c n\u0103ng \u0111i\u1ec1u khi\u1ec3n v\u00e0 b\u00e1o \u0111\u1ed9ng t\u1ef1 \u0111\u1ed9ng nh\u1eb1m \u0111\u1ea3m b\u1ea3o t\u00ednh an to\u00e0n v\u00e0 \u0111\u1ed9 tin c\u1eady c\u1ee7a h\u1ec7 th\u1ed1ng.<br \/>\n\u0110i\u1ec1u ch\u1ec9nh \u00e1p su\u1ea5t: B\u01a1m b\u00f4i tr\u01a1n JMG c\u00f3 van tr\u00e0n t\u00edch h\u1ee3p \u0111\u1ec3 \u0111i\u1ec1u ch\u1ec9nh \u00e1p su\u1ea5t h\u1ec7 th\u1ed1ng v\u00e0 ng\u0103n ng\u1eeba qu\u00e1 t\u1ea3i.<br \/>\nD\u1ec5 b\u1ea3o tr\u00ec: B\u01a1m b\u00f4i tr\u01a1n JMG c\u00f3 thi\u1ebft k\u1ebf \u0111\u01a1n gi\u1ea3n v\u00e0 d\u1ec5 b\u1ea3o tr\u00ec. B\u1ea1n ch\u1ec9 c\u1ea7n th\u00e1o c\u1ee5m b\u01a1m ra kh\u1ecfi m\u1eb7t tr\u01b0\u1edbc v\u00e0 m\u1eb7t b\u00ean.<br \/>\n\u1ee8ng d\u1ee5ng \u0111a d\u1ea1ng: M\u00e1y b\u01a1m m\u1ee1 gi\u1ea3m \u00e1p n\u00e0y ph\u00f9 h\u1ee3p v\u1edbi nhi\u1ec1u lo\u1ea1i m\u1ee1 kh\u00e1c nhau (000#~00#) \u0111\u1ec3 \u0111\u00e1p \u1ee9ng nhu c\u1ea7u b\u00f4i tr\u01a1n chuy\u00ean nghi\u1ec7p c\u1ee5 th\u1ec3.<\/p>\n<h2>\u0110\u1eb7c \u0111i\u1ec3m k\u1ef9 thu\u1eadt<\/h2>\n<table>\n<tbody>\n<tr>\n<td>Ng\u01b0\u1eddi m\u1eabu<\/td>\n<td>JMG3<\/td>\n<\/tr>\n<tr>\n<td>Th\u1eddi gian b\u00f4i tr\u01a1n<\/td>\n<td>1-999 gi\u00e2y<\/td>\n<\/tr>\n<tr>\n<td>Kho\u1ea3ng th\u1eddi gian<\/td>\n<td>1-999 ph\u00fat<\/td>\n<\/tr>\n<tr>\n<td>Nhi\u1ec7t \u0111\u1ed9 ho\u1ea1t \u0111\u1ed9ng<\/td>\n<td>-10\u2103~ +60\u00b0C (\u0110i\u1ec1u ki\u1ec7n nhi\u1ec7t \u0111\u1ed9 th\u1ea5p c\u1ea7n m\u1ee1 ch\u1ed1ng \u0111\u00f4ng)<\/td>\n<\/tr>\n<tr>\n<td>S\u1ed1 l\u01b0\u1ee3ng c\u1eeda h\u00e0ng<\/td>\n<td>1<\/td>\n<\/tr>\n<tr>\n<td>S\u1ee9c ch\u1ee9a h\u1ed3 ch\u1ee9a<\/td>\n<td>3L (B\u00ecnh nh\u1ef1a), 4L, 6L, 8L, 20L (B\u00ecnh kim lo\u1ea1i)<\/td>\n<\/tr>\n<tr>\n<td>N\u1ea1p l\u1ea1i<\/td>\n<td>T\u1eeb tr\u00ean xu\u1ed1ng<\/td>\n<\/tr>\n<tr>\n<td>Ch\u1ea5t b\u00f4i tr\u01a1n<\/td>\n<td>NLGI 000#~00#<\/td>\n<\/tr>\n<tr>\n<td>C\u00f4ng su\u1ea5t \u0111\u1ed9ng c\u01a1<\/td>\n<td>40W<\/td>\n<\/tr>\n<tr>\n<td>Ph\u00f3ng \u0111i\u1ec7n<\/td>\n<td>250 mL\/ph\u00fat<\/td>\n<\/tr>\n<tr>\n<td>\u00c1p su\u1ea5t v\u1eadn h\u00e0nh t\u1ed1i \u0111a<\/td>\n<td>4.0MPa<\/td>\n<\/tr>\n<tr>\n<td>Ch\u1ee7 \u0111\u1ec1 k\u1ebft n\u1ed1i<\/td>\n<td>\u0110\u1ea7u ra \u03a66<\/td>\n<\/tr>\n<tr>\n<td>\u0110i\u1ec7n \u00e1p ho\u1ea1t \u0111\u1ed9ng<\/td>\n<td>110VAC, 220VAC, 12VDC, 24VDC<\/td>\n<\/tr>\n<tr>\n<td>Ch\u1ee9ng nh\u1eadn<\/td>\n<td>Ti\u00eau chu\u1ea9n<\/td>\n<\/tr>\n<tr>\n<td>C\u00f4ng t\u1eafc m\u1ee9c th\u1ea5p<\/td>\n<td>Li\u00ean h\u1ec7 NC<\/td>\n<\/tr>\n<\/tbody>\n<\/table>\n<h2>\u1ee8ng d\u1ee5ng<\/h2>\n<p>Hi\u1ec7u qu\u1ea3 v\u00e0 \u1ed5n \u0111\u1ecbnh: B\u01a1m b\u00f4i tr\u01a1n s\u1eed d\u1ee5ng truy\u1ec1n \u0111\u1ed9ng \u0111i\u1ec7n \u0111\u1ec3 \u0111\u1ea3m b\u1ea3o ho\u1ea1t \u0111\u1ed9ng \u1ed5n \u0111\u1ecbnh v\u00e0 c\u00f4ng su\u1ea5t \u0111\u1ea7u ra hi\u1ec7u qu\u1ea3 c\u1ee7a b\u01a1m b\u00f4i tr\u01a1n.<br \/>\n\u0110i\u1ec1u khi\u1ec3n t\u1ef1 \u0111\u1ed9ng: B\u01a1m b\u00f4i tr\u01a1n \u0111\u01b0\u1ee3c trang b\u1ecb c\u00f4ng t\u1eafc m\u1ee9c ch\u1ea5t l\u1ecfng \u0111\u1ec3 th\u1ef1c hi\u1ec7n ch\u1ee9c n\u0103ng \u0111i\u1ec1u khi\u1ec3n v\u00e0 b\u00e1o \u0111\u1ed9ng t\u1ef1 \u0111\u1ed9ng nh\u1eb1m \u0111\u1ea3m b\u1ea3o t\u00ednh an to\u00e0n v\u00e0 \u0111\u1ed9 tin c\u1eady c\u1ee7a h\u1ec7 th\u1ed1ng.<br \/>\n\u0110i\u1ec1u ch\u1ec9nh \u00e1p su\u1ea5t: B\u01a1m b\u00f4i tr\u01a1n JMG c\u00f3 van tr\u00e0n t\u00edch h\u1ee3p \u0111\u1ec3 \u0111i\u1ec1u ch\u1ec9nh \u00e1p su\u1ea5t h\u1ec7 th\u1ed1ng v\u00e0 ng\u0103n ng\u1eeba qu\u00e1 t\u1ea3i.<br \/>\nD\u1ec5 b\u1ea3o tr\u00ec: B\u01a1m b\u00f4i tr\u01a1n JMG c\u00f3 thi\u1ebft k\u1ebf \u0111\u01a1n gi\u1ea3n v\u00e0 d\u1ec5 b\u1ea3o tr\u00ec. B\u1ea1n ch\u1ec9 c\u1ea7n th\u00e1o c\u1ee5m b\u01a1m ra kh\u1ecfi m\u1eb7t tr\u01b0\u1edbc v\u00e0 m\u1eb7t b\u00ean.<br \/>\n\u1ee8ng d\u1ee5ng \u0111a d\u1ea1ng: B\u01a1m b\u00f4i tr\u01a1n JMG ph\u00f9 h\u1ee3p v\u1edbi nhi\u1ec1u lo\u1ea1i m\u1ee1 b\u00f4i tr\u01a1n kh\u00e1c nhau (000#~00#) \u0111\u1ec3 \u0111\u00e1p \u1ee9ng nhu c\u1ea7u b\u00f4i tr\u01a1n chuy\u00ean nghi\u1ec7p c\u1ee5 th\u1ec3.<\/p>\n<h2>H\u01b0\u1edbng d\u1eabn s\u1eed d\u1ee5ng<\/h2>\n<div class=\"sdm_download_button_box_default\"><div class=\"sdm_download_link\"><a href=\"https:\/\/www.jinpinlub.com\/vi\/?sdm_process_download=1&download_id=3737\" class=\"sdm_download white\" title=\"Ri\u00eang t\u01b0: JMG Grease Pump\" target=\"&quot;_blank&quot;\">Xem B\u1ea3ng d\u1eef li\u1ec7u - B\u01a1m m\u1ee1 JMG<\/a><\/div><\/div>","protected":false},"excerpt":{"rendered":"<p>B\u01a1m m\u1ee1 b\u00f4i tr\u01a1n \u0111i\u1ec7n lo\u1ea1i gi\u1ea3m \u00e1p JMG th\u00edch h\u1ee3p cho m\u00e1y m\u00f3c CNC, m\u00e1y nh\u1ef1a, m\u00e1y \u0111\u00fac khu\u00f4n v\u00e0 c\u00e1c ng\u00e0nh c\u00f4ng nghi\u1ec7p kh\u00e1c. N\u00f3 c\u00f3 c\u00e1c t\u00ednh n\u0103ng hi\u1ec7u su\u1ea5t v\u00e0 \u0111\u1ed9 \u1ed5n \u0111\u1ecbnh cao, \u0111i\u1ec1u khi\u1ec3n t\u1ef1 \u0111\u1ed9ng, \u0111i\u1ec1u ch\u1ec9nh \u00e1p su\u1ea5t v\u00e0 b\u1ea3o tr\u00ec d\u1ec5 d\u00e0ng.<\/p>","protected":false},"featured_media":3767,"template":"","meta":{"ocean_post_layout":"","ocean_both_sidebars_style":"","ocean_both_sidebars_content_width":0,"ocean_both_sidebars_sidebars_width":0,"ocean_sidebar":"0","ocean_second_sidebar":"0","ocean_disable_margins":"enable","ocean_add_body_class":"","ocean_shortcode_before_top_bar":"","ocean_shortcode_after_top_bar":"","ocean_shortcode_before_header":"","ocean_shortcode_after_header":"","ocean_has_shortcode":"","ocean_shortcode_after_title":"","ocean_shortcode_before_footer_widgets":"","ocean_shortcode_after_footer_widgets":"","ocean_shortcode_before_footer_bottom":"","ocean_shortcode_after_footer_bottom":"","ocean_display_top_bar":"default","ocean_display_header":"default","ocean_header_style":"","ocean_center_header_left_menu":"0","ocean_custom_header_template":"0","ocean_custom_logo":0,"ocean_custom_retina_logo":0,"ocean_custom_logo_max_width":0,"ocean_custom_logo_tablet_max_width":0,"ocean_custom_logo_mobile_max_width":0,"ocean_custom_logo_max_height":0,"ocean_custom_logo_tablet_max_height":0,"ocean_custom_logo_mobile_max_height":0,"ocean_header_custom_menu":"0","ocean_menu_typo_font_family":"0","ocean_menu_typo_font_subset":"","ocean_menu_typo_font_size":0,"ocean_menu_typo_font_size_tablet":0,"ocean_menu_typo_font_size_mobile":0,"ocean_menu_typo_font_size_unit":"px","ocean_menu_typo_font_weight":"","ocean_menu_typo_font_weight_tablet":"","ocean_menu_typo_font_weight_mobile":"","ocean_menu_typo_transform":"","ocean_menu_typo_transform_tablet":"","ocean_menu_typo_transform_mobile":"","ocean_menu_typo_line_height":0,"ocean_menu_typo_line_height_tablet":0,"ocean_menu_typo_line_height_mobile":0,"ocean_menu_typo_line_height_unit":"","ocean_menu_typo_spacing":0,"ocean_menu_typo_spacing_tablet":0,"ocean_menu_typo_spacing_mobile":0,"ocean_menu_typo_spacing_unit":"","ocean_menu_link_color":"","ocean_menu_link_color_hover":"","ocean_menu_link_color_active":"","ocean_menu_link_background":"","ocean_menu_link_hover_background":"","ocean_menu_link_active_background":"","ocean_menu_social_links_bg":"","ocean_menu_social_hover_links_bg":"","ocean_menu_social_links_color":"","ocean_menu_social_hover_links_color":"","ocean_disable_title":"default","ocean_disable_heading":"default","ocean_post_title":"","ocean_post_subheading":"","ocean_post_title_style":"","ocean_post_title_background_color":"","ocean_post_title_background":0,"ocean_post_title_bg_image_position":"","ocean_post_title_bg_image_attachment":"","ocean_post_title_bg_image_repeat":"","ocean_post_title_bg_image_size":"","ocean_post_title_height":0,"ocean_post_title_bg_overlay":0.5,"ocean_post_title_bg_overlay_color":"","ocean_disable_breadcrumbs":"default","ocean_breadcrumbs_color":"","ocean_breadcrumbs_separator_color":"","ocean_breadcrumbs_links_color":"","ocean_breadcrumbs_links_hover_color":"","ocean_display_footer_widgets":"default","ocean_display_footer_bottom":"default","ocean_custom_footer_template":"0","osh_disable_topbar_sticky":"default","osh_disable_header_sticky":"default","osh_sticky_header_style":"default","osh_sticky_header_effect":"","osh_custom_sticky_logo":0,"osh_custom_retina_sticky_logo":0,"osh_custom_sticky_logo_height":0,"osh_background_color":"","osh_links_color":"","osh_links_hover_color":"","osh_links_active_color":"","osh_links_bg_color":"","osh_links_hover_bg_color":"","osh_links_active_bg_color":"","osh_menu_social_links_color":"","osh_menu_social_hover_links_color":""},"product_brand":[],"product_cat":[38,37],"product_tag":[74,321,73,77,71],"class_list":{"0":"post-3762","1":"product","2":"type-product","3":"status-publish","4":"has-post-thumbnail","6":"product_cat-electric-pressure-relief-pumps","7":"product_cat-single-line-grease-systems","8":"product_tag-automatic-lubrication-pump","9":"product_tag-automatic-lubrication-system","10":"product_tag-electric-lubrication-pump","11":"product_tag-grease-lubrication-pump","12":"product_tag-lubrication-pump","14":"entry","15":"has-media","17":"first","18":"instock","19":"shipping-taxable","20":"product-type-external","21":"col","22":"span_1_of_3","23":"owp-content-center","24":"owp-thumbs-layout-horizontal","25":"owp-btn-very-big","26":"owp-tabs-layout-horizontal"},"_links":{"self":[{"href":"https:\/\/www.jinpinlub.com\/vi\/wp-json\/wp\/v2\/product\/3762","targetHints":{"allow":["GET"]}}],"collection":[{"href":"https:\/\/www.jinpinlub.com\/vi\/wp-json\/wp\/v2\/product"}],"about":[{"href":"https:\/\/www.jinpinlub.com\/vi\/wp-json\/wp\/v2\/types\/product"}],"wp:featuredmedia":[{"embeddable":true,"href":"https:\/\/www.jinpinlub.com\/vi\/wp-json\/wp\/v2\/media\/3767"}],"wp:attachment":[{"href":"https:\/\/www.jinpinlub.com\/vi\/wp-json\/wp\/v2\/media?parent=3762"}],"wp:term":[{"taxonomy":"product_brand","embeddable":true,"href":"https:\/\/www.jinpinlub.com\/vi\/wp-json\/wp\/v2\/product_brand?post=3762"},{"taxonomy":"product_cat","embeddable":true,"href":"https:\/\/www.jinpinlub.com\/vi\/wp-json\/wp\/v2\/product_cat?post=3762"},{"taxonomy":"product_tag","embeddable":true,"href":"https:\/\/www.jinpinlub.com\/vi\/wp-json\/wp\/v2\/product_tag?post=3762"}],"curies":[{"name":"wp","href":"https:\/\/api.w.org\/{rel}","templated":true}]}}