{"id":3763,"date":"2024-10-08T04:24:09","date_gmt":"2024-10-07T20:24:09","guid":{"rendered":"https:\/\/www.jinpinlub.com\/?post_type=product&#038;p=3763"},"modified":"2024-10-08T04:31:35","modified_gmt":"2024-10-07T20:31:35","slug":"may-bom-mo-boi-tron-dien-tu-dong-amg3-co-hen-gio-3","status":"publish","type":"product","link":"https:\/\/www.jinpinlub.com\/vi\/product\/jmg4-electric-pressure-relief-fluid-grease-lubrication-pump\/","title":{"rendered":"B\u01a1m m\u1ee1 b\u00f4i tr\u01a1n gi\u1ea3m \u00e1p \u0111i\u1ec7n JMG4"},"content":{"rendered":"<h2>\u0110\u1eb7c tr\u01b0ng<\/h2>\n<p>1. PLC ch\u1ee7 \u0111i\u1ec1u khi\u1ec3n chu tr\u00ecnh l\u00e0m vi\u1ec7c c\u1ee7a b\u01a1m b\u00f4i tr\u01a1n: th\u1eddi gian l\u00e0m vi\u1ec7c v\u00e0 th\u1eddi gian gi\u00e1n \u0111o\u1ea1n<br \/>\n2. \u0110\u00e8n b\u00e1o tr\u00ean b\u1ea3ng \u0111i\u1ec1u khi\u1ec3n c\u00f3 th\u1ec3 hi\u1ec3n th\u1ecb tr\u1ea1ng th\u00e1i b\u00f4i tr\u01a1n c\u1ee7a b\u01a1m b\u00f4i tr\u01a1n.<br \/>\n3. H\u1ec7 th\u1ed1ng \u0111\u01b0\u1ee3c trang b\u1ecb ph\u00edm \u201cFEED\u201d \u0111\u1ec3 b\u00f4i tr\u01a1n c\u01b0\u1ee1ng b\u1ee9c.<br \/>\n4. C\u01a1 c\u1ea5u truy\u1ec1n \u0111\u1ed9ng l\u00e0 s\u1ef1 k\u1ebft h\u1ee3p gi\u1eefa b\u01a1m b\u00e1nh r\u0103ng h\u1ee3p kim \u0111\u1eb7c bi\u1ec7t v\u00e0 \u0111\u1ed9ng c\u01a1 c\u1ea3m \u1ee9ng, c\u00f3 tu\u1ed5i th\u1ecd cao v\u00e0 ti\u1ebfng \u1ed3n th\u1ea5p.<br \/>\n5. M\u00e1y b\u01a1m m\u1ee1 \u0111i\u1ec7n n\u00e0y l\u00e0 m\u1ed9t <a href=\"https:\/\/www.jinpinlub.com\/vi\/danh-muc-san-pham\/he-thong-mo-mot-dong\/bom-giam-ap-dien\/\" target=\"_blank\" rel=\"noopener\">b\u01a1m d\u1ecbch chuy\u1ec3n t\u00edch c\u1ef1c<\/a> v\u1edbi thi\u1ebft b\u1ecb gi\u1ea3m \u00e1p. C\u1ea7n s\u1eed d\u1ee5ng v\u1edbi b\u1ed9 ph\u00e2n ph\u1ed1i gi\u1ea3m \u00e1p nh\u01b0 MU\/MG2\/MG \u0111\u1ec3 t\u1ea1o th\u00e0nh h\u1ec7 th\u1ed1ng b\u01a1m b\u00f4i tr\u01a1n t\u1ef1 \u0111\u1ed9ng gi\u1ea3m \u00e1p.<br \/>\n6. D\u00f2ng ch\u1ea5t b\u00f4i tr\u01a1n t\u01b0\u01a1ng th\u00edch: M\u1ee1 b\u00f4i tr\u01a1n lithium NLGI000#~00#.<br \/>\n7. B\u01a1m b\u00f4i tr\u01a1n c\u00f3 nhi\u1ec1u t\u00f9y ch\u1ecdn \u0111i\u1ec7n \u00e1p, m\u1ed9t pha 110\/220V\/DC12\/24V, ba pha 220\/380\/440\/460V.<\/p>\n<h2>\u0110\u1eb7c \u0111i\u1ec3m k\u1ef9 thu\u1eadt<\/h2>\n<table>\n<tbody>\n<tr>\n<td>Ng\u01b0\u1eddi m\u1eabu<\/td>\n<td>JMG4<\/td>\n<\/tr>\n<tr>\n<td>Th\u1eddi gian b\u00f4i tr\u01a1n<\/td>\n<td>B\u1ed9 \u0111i\u1ec1u khi\u1ec3n PLC<\/td>\n<\/tr>\n<tr>\n<td>Kho\u1ea3ng th\u1eddi gian<\/td>\n<td>B\u1ed9 \u0111i\u1ec1u khi\u1ec3n PLC<\/td>\n<\/tr>\n<tr>\n<td>Nhi\u1ec7t \u0111\u1ed9 ho\u1ea1t \u0111\u1ed9ng<\/td>\n<td>-10\u2103~ +60\u00b0C (\u0110i\u1ec1u ki\u1ec7n nhi\u1ec7t \u0111\u1ed9 th\u1ea5p c\u1ea7n m\u1ee1 ch\u1ed1ng \u0111\u00f4ng)<\/td>\n<\/tr>\n<tr>\n<td>S\u1ed1 l\u01b0\u1ee3ng c\u1eeda h\u00e0ng<\/td>\n<td>1<\/td>\n<\/tr>\n<tr>\n<td>S\u1ee9c ch\u1ee9a h\u1ed3 ch\u1ee9a<\/td>\n<td>3L (B\u00ecnh nh\u1ef1a), 4L, 6L, 8L, 20L (B\u00ecnh kim lo\u1ea1i)<\/td>\n<\/tr>\n<tr>\n<td>N\u1ea1p l\u1ea1i<\/td>\n<td>T\u1eeb tr\u00ean xu\u1ed1ng<\/td>\n<\/tr>\n<tr>\n<td>Ch\u1ea5t b\u00f4i tr\u01a1n<\/td>\n<td>NLGI 000#~00#<\/td>\n<\/tr>\n<tr>\n<td>C\u00f4ng su\u1ea5t \u0111\u1ed9ng c\u01a1<\/td>\n<td>40W<\/td>\n<\/tr>\n<tr>\n<td>Ph\u00f3ng \u0111i\u1ec7n<\/td>\n<td>250 mL\/ph\u00fat<\/td>\n<\/tr>\n<tr>\n<td>\u00c1p su\u1ea5t v\u1eadn h\u00e0nh t\u1ed1i \u0111a<\/td>\n<td>4.0MPa<\/td>\n<\/tr>\n<tr>\n<td>Ch\u1ee7 \u0111\u1ec1 k\u1ebft n\u1ed1i<\/td>\n<td>\u0110\u1ea7u ra \u03a66<\/td>\n<\/tr>\n<tr>\n<td>\u0110i\u1ec7n \u00e1p ho\u1ea1t \u0111\u1ed9ng<\/td>\n<td>110VAC, 220VAC, 12VDC, 24VDC, 3~ 220V, 3~ 380V, 3~ 440V, 3~ 460V<\/td>\n<\/tr>\n<tr>\n<td>Ch\u1ee9ng nh\u1eadn<\/td>\n<td>Ti\u00eau chu\u1ea9n<\/td>\n<\/tr>\n<tr>\n<td>C\u00f4ng t\u1eafc m\u1ee9c th\u1ea5p<\/td>\n<td>Li\u00ean h\u1ec7 NC<\/td>\n<\/tr>\n<\/tbody>\n<\/table>\n<h2>\u1ee8ng d\u1ee5ng<\/h2>\n<p>B\u01a1m b\u00f4i tr\u01a1n JMG4 c\u00f3 th\u1ec3 s\u1eed d\u1ee5ng cho m\u00e1y m\u00f3c nh\u1ef1a: nh\u01b0 m\u00e1y \u00e9p phun, m\u00e1y th\u1ed5i khu\u00f4n, v.v.<br \/>\nB\u01a1m b\u00f4i tr\u01a1n JMG4 c\u00f3 th\u1ec3 s\u1eed d\u1ee5ng cho m\u00e1y m\u00f3c k\u1ef9 thu\u1eadt: nh\u01b0 m\u00e1y \u0111\u00e0o, m\u00e1y x\u00fac, v.v.<br \/>\nB\u01a1m b\u00f4i tr\u01a1n JMG4 c\u00f3 th\u1ec3 s\u1eed d\u1ee5ng cho m\u00e1y m\u00f3c d\u1ec7t: nh\u01b0 m\u00e1y k\u00e9o s\u1ee3i, m\u00e1y d\u1ec7t thoi, v.v.<br \/>\nB\u01a1m b\u00f4i tr\u01a1n JMG4 c\u00f3 th\u1ec3 s\u1eed d\u1ee5ng cho m\u00e1y m\u00f3c in \u1ea5n: nh\u01b0 m\u00e1y in, m\u00e1y \u0111\u00f3ng s\u00e1ch, v.v.<br \/>\nB\u01a1m b\u00f4i tr\u01a1n JMG4 c\u00f3 th\u1ec3 s\u1eed d\u1ee5ng cho m\u00e1y m\u00f3c ch\u1ebf bi\u1ebfn g\u1ed7: nh\u01b0 m\u00e1y ti\u1ec7n g\u1ed7, m\u00e1y c\u01b0a, v.v.<br \/>\nB\u01a1m b\u00f4i tr\u01a1n JMG4 c\u00f3 th\u1ec3 s\u1eed d\u1ee5ng cho m\u00e1y m\u00f3c h\u00f3a ch\u1ea5t: nh\u01b0 l\u00f2 ph\u1ea3n \u1ee9ng, m\u00e1y tr\u1ed9n, v.v.<br \/>\nB\u01a1m b\u00f4i tr\u01a1n JMG4 c\u00f3 th\u1ec3 s\u1eed d\u1ee5ng cho m\u00e1y m\u00f3c th\u1ef1c ph\u1ea9m: nh\u01b0 m\u00e1y \u0111\u00f3ng g\u00f3i, m\u00e1y chi\u1ebft r\u00f3t, v.v.<\/p>\n<h2>H\u01b0\u1edbng d\u1eabn s\u1eed d\u1ee5ng<\/h2>\n<div class=\"sdm_download_button_box_default\"><div class=\"sdm_download_link\"><a href=\"https:\/\/www.jinpinlub.com\/vi\/?sdm_process_download=1&download_id=3737\" class=\"sdm_download white\" title=\"Ri\u00eang t\u01b0: JMG Grease Pump\" target=\"&quot;_blank&quot;\">Xem B\u1ea3ng d\u1eef li\u1ec7u - B\u01a1m m\u1ee1 JMG<\/a><\/div><\/div>","protected":false},"excerpt":{"rendered":"<p>M\u00e1y b\u01a1m m\u1ee1 b\u00f4i tr\u01a1n \u0111i\u1ec7n JMG4 \u0111\u01b0\u1ee3c thi\u1ebft k\u1ebf cho c\u00e1c thi\u1ebft b\u1ecb v\u1eeba v\u00e0 nh\u1ecf, \u0111\u01b0\u1ee3c s\u1eed d\u1ee5ng trong m\u00e1y m\u00f3c nh\u1ef1a, d\u1ec7t, m\u00e1y c\u00f4ng c\u1ee5, in \u1ea5n, ch\u1ebf bi\u1ebfn g\u1ed7 v\u00e0 c\u00e1c ng\u00e0nh c\u00f4ng nghi\u1ec7p kh\u00e1c. \u00c1p su\u1ea5t \u0111\u1ea7u ra l\u00e0 3,5MPa, \u0111\u01b0\u1ee3c s\u1eed d\u1ee5ng cho m\u1ee1 l\u1ecfng NLGI 000~00#.<\/p>","protected":false},"featured_media":3755,"template":"","meta":{"ocean_post_layout":"","ocean_both_sidebars_style":"","ocean_both_sidebars_content_width":0,"ocean_both_sidebars_sidebars_width":0,"ocean_sidebar":"0","ocean_second_sidebar":"0","ocean_disable_margins":"enable","ocean_add_body_class":"","ocean_shortcode_before_top_bar":"","ocean_shortcode_after_top_bar":"","ocean_shortcode_before_header":"","ocean_shortcode_after_header":"","ocean_has_shortcode":"","ocean_shortcode_after_title":"","ocean_shortcode_before_footer_widgets":"","ocean_shortcode_after_footer_widgets":"","ocean_shortcode_before_footer_bottom":"","ocean_shortcode_after_footer_bottom":"","ocean_display_top_bar":"default","ocean_display_header":"default","ocean_header_style":"","ocean_center_header_left_menu":"0","ocean_custom_header_template":"0","ocean_custom_logo":0,"ocean_custom_retina_logo":0,"ocean_custom_logo_max_width":0,"ocean_custom_logo_tablet_max_width":0,"ocean_custom_logo_mobile_max_width":0,"ocean_custom_logo_max_height":0,"ocean_custom_logo_tablet_max_height":0,"ocean_custom_logo_mobile_max_height":0,"ocean_header_custom_menu":"0","ocean_menu_typo_font_family":"0","ocean_menu_typo_font_subset":"","ocean_menu_typo_font_size":0,"ocean_menu_typo_font_size_tablet":0,"ocean_menu_typo_font_size_mobile":0,"ocean_menu_typo_font_size_unit":"px","ocean_menu_typo_font_weight":"","ocean_menu_typo_font_weight_tablet":"","ocean_menu_typo_font_weight_mobile":"","ocean_menu_typo_transform":"","ocean_menu_typo_transform_tablet":"","ocean_menu_typo_transform_mobile":"","ocean_menu_typo_line_height":0,"ocean_menu_typo_line_height_tablet":0,"ocean_menu_typo_line_height_mobile":0,"ocean_menu_typo_line_height_unit":"","ocean_menu_typo_spacing":0,"ocean_menu_typo_spacing_tablet":0,"ocean_menu_typo_spacing_mobile":0,"ocean_menu_typo_spacing_unit":"","ocean_menu_link_color":"","ocean_menu_link_color_hover":"","ocean_menu_link_color_active":"","ocean_menu_link_background":"","ocean_menu_link_hover_background":"","ocean_menu_link_active_background":"","ocean_menu_social_links_bg":"","ocean_menu_social_hover_links_bg":"","ocean_menu_social_links_color":"","ocean_menu_social_hover_links_color":"","ocean_disable_title":"default","ocean_disable_heading":"default","ocean_post_title":"","ocean_post_subheading":"","ocean_post_title_style":"","ocean_post_title_background_color":"","ocean_post_title_background":0,"ocean_post_title_bg_image_position":"","ocean_post_title_bg_image_attachment":"","ocean_post_title_bg_image_repeat":"","ocean_post_title_bg_image_size":"","ocean_post_title_height":0,"ocean_post_title_bg_overlay":0.5,"ocean_post_title_bg_overlay_color":"","ocean_disable_breadcrumbs":"default","ocean_breadcrumbs_color":"","ocean_breadcrumbs_separator_color":"","ocean_breadcrumbs_links_color":"","ocean_breadcrumbs_links_hover_color":"","ocean_display_footer_widgets":"default","ocean_display_footer_bottom":"default","ocean_custom_footer_template":"0","osh_disable_topbar_sticky":"default","osh_disable_header_sticky":"default","osh_sticky_header_style":"default","osh_sticky_header_effect":"","osh_custom_sticky_logo":0,"osh_custom_retina_sticky_logo":0,"osh_custom_sticky_logo_height":0,"osh_background_color":"","osh_links_color":"","osh_links_hover_color":"","osh_links_active_color":"","osh_links_bg_color":"","osh_links_hover_bg_color":"","osh_links_active_bg_color":"","osh_menu_social_links_color":"","osh_menu_social_hover_links_color":""},"product_brand":[],"product_cat":[38,37],"product_tag":[185,318,319,320],"class_list":{"0":"post-3763","1":"product","2":"type-product","3":"status-publish","4":"has-post-thumbnail","6":"product_cat-electric-pressure-relief-pumps","7":"product_cat-single-line-grease-systems","8":"product_tag-electric-grease-pump","9":"product_tag-fluid-grease-pump","10":"product_tag-pressure-relief-grease-pump","11":"product_tag-single-line-grease-pump","13":"entry","14":"has-media","16":"first","17":"instock","18":"shipping-taxable","19":"product-type-external","20":"col","21":"span_1_of_3","22":"owp-content-center","23":"owp-thumbs-layout-horizontal","24":"owp-btn-very-big","25":"owp-tabs-layout-horizontal"},"_links":{"self":[{"href":"https:\/\/www.jinpinlub.com\/vi\/wp-json\/wp\/v2\/product\/3763","targetHints":{"allow":["GET"]}}],"collection":[{"href":"https:\/\/www.jinpinlub.com\/vi\/wp-json\/wp\/v2\/product"}],"about":[{"href":"https:\/\/www.jinpinlub.com\/vi\/wp-json\/wp\/v2\/types\/product"}],"wp:featuredmedia":[{"embeddable":true,"href":"https:\/\/www.jinpinlub.com\/vi\/wp-json\/wp\/v2\/media\/3755"}],"wp:attachment":[{"href":"https:\/\/www.jinpinlub.com\/vi\/wp-json\/wp\/v2\/media?parent=3763"}],"wp:term":[{"taxonomy":"product_brand","embeddable":true,"href":"https:\/\/www.jinpinlub.com\/vi\/wp-json\/wp\/v2\/product_brand?post=3763"},{"taxonomy":"product_cat","embeddable":true,"href":"https:\/\/www.jinpinlub.com\/vi\/wp-json\/wp\/v2\/product_cat?post=3763"},{"taxonomy":"product_tag","embeddable":true,"href":"https:\/\/www.jinpinlub.com\/vi\/wp-json\/wp\/v2\/product_tag?post=3763"}],"curies":[{"name":"wp","href":"https:\/\/api.w.org\/{rel}","templated":true}]}}