{"id":3772,"date":"2024-10-10T10:57:37","date_gmt":"2024-10-10T02:57:37","guid":{"rendered":"https:\/\/www.jinpinlub.com\/?post_type=product&#038;p=3772"},"modified":"2024-10-10T11:04:21","modified_gmt":"2024-10-10T03:04:21","slug":"bom-mo-boi-tron-dien-dieu-khien-dong-chay-amg2-plc-2","status":"publish","type":"product","link":"https:\/\/www.jinpinlub.com\/vi\/product\/jmg2-progressive-electric-lubrication-grease-pump-for-cnc\/","title":{"rendered":"M\u00e1y b\u01a1m m\u1ee1 b\u00f4i tr\u01a1n \u0111i\u1ec7n JMG2 Progressive cho CNC"},"content":{"rendered":"<h2>\u0110\u1eb7c tr\u01b0ng<\/h2>\n<p>1. B\u01a1m b\u00f4i tr\u01a1n JMG c\u00f3 \u00e1p su\u1ea5t cao 4MPa v\u1edbi l\u01b0u l\u01b0\u1ee3ng x\u1ea3 t\u1ed1i \u0111a 400 mL\/ph\u00fat. Do \u0111\u00f3, \u0111\u1ea3m b\u1ea3o kh\u1ea3 n\u0103ng cung c\u1ea5p ch\u1ea5t b\u00f4i tr\u01a1n \u1ed5n \u0111\u1ecbnh v\u00e0 hi\u1ec7u qu\u1ea3, \u0111\u00e1p \u1ee9ng nhu c\u1ea7u trong h\u1ea7u h\u1ebft c\u00e1c l\u0129nh v\u1ef1c c\u00f4ng nghi\u1ec7p.<br \/>\n2. B\u01a1m b\u00f4i tr\u01a1n JMG s\u1eed d\u1ee5ng b\u01a1m b\u00e1nh r\u0103ng m\u1eb7t \u0111\u1ea5t v\u1edbi \u0111\u1ed9ng c\u01a1 c\u1ea3m \u1ee9ng truy\u1ec1n \u0111\u1ed9ng. \u0110\u1ed9ng c\u01a1 ch\u1ea1y v\u1edbi ti\u1ebfng \u1ed3n th\u1ea5p, do \u0111\u00f3 gi\u1ea3m thi\u1ec3u \u00f4 nhi\u1ec5m ti\u1ebfng \u1ed3n v\u00e0 t\u1ed5n th\u1ea5t n\u0103ng l\u01b0\u1ee3ng, b\u1ea3o v\u1ec7 m\u00f4i tr\u01b0\u1eddng.<br \/>\n3. B\u01a1m b\u00f4i tr\u01a1n JMG c\u00f3 nhi\u1ec1u l\u1ef1a ch\u1ecdn v\u1ec1 c\u00f4ng su\u1ea5t v\u00e0 c\u0169ng c\u00f3 th\u1ec3 t\u00f9y ch\u1ec9nh \u0111\u1ec3 th\u00edch \u1ee9ng v\u1edbi nhi\u1ec1u m\u00f4i tr\u01b0\u1eddng l\u00e0m vi\u1ec7c kh\u00e1c nhau.<br \/>\n4. B\u01a1m b\u00f4i tr\u01a1n JMG c\u00f3 th\u1ec3 \u0111\u01b0\u1ee3c k\u1ebft n\u1ed1i v\u1edbi PLC c\u1ee7a m\u00e1y \u0111\u1ec3 \u0111i\u1ec1u khi\u1ec3n; theo c\u00e1ch n\u00e0y, ng\u01b0\u1eddi ta c\u00f3 th\u1ec3 theo d\u00f5i t\u00ecnh tr\u1ea1ng b\u00f4i tr\u01a1n v\u00e0 hi\u1ec7u qu\u1ea3 l\u00e0m vi\u1ec7c theo th\u1eddi gian th\u1ef1c.<br \/>\n5. C\u1ea5u tr\u00fac t\u1ed5ng th\u1ec3 c\u1ee7a m\u00e1y b\u01a1m nh\u1ecf g\u1ecdn, gi\u1ea3m thi\u1ec3u c\u00e1c \u0111i\u1ec3m h\u1ecfng h\u00f3c v\u00e0 c\u1ea5u tr\u00fac d\u1ec5 th\u00e1o r\u1eddi gi\u00fap d\u1ec5 d\u00e0ng thay th\u1ebf c\u00e1c b\u1ed9 ph\u1eadn m\u1ed9t c\u00e1ch nhanh ch\u00f3ng.<br \/>\n6. JMG <a href=\"https:\/\/en.wikipedia.org\/wiki\/Automatic_lubrication_system\">h\u1ec7 th\u1ed1ng b\u00f4i tr\u01a1n t\u1ef1 \u0111\u1ed9ng<\/a> c\u00f3 th\u1ec3 \u0111\u01b0\u1ee3c trang b\u1ecb c\u1ea3m bi\u1ebfn \u00e1p su\u1ea5t v\u00e0 c\u1ea3m bi\u1ebfn m\u1ee9c ch\u1ea5t l\u1ecfng th\u1ea5p \u0111\u1ec3 theo d\u00f5i tr\u1ea1ng th\u00e1i l\u00e0m vi\u1ec7c c\u1ee7a b\u01a1m b\u00f4i tr\u01a1n theo th\u1eddi gian th\u1ef1c v\u00e0 t\u1ef1 \u0111\u1ed9ng g\u1eedi t\u00edn hi\u1ec7u.<\/p>\n<h2>\u0110\u1eb7c \u0111i\u1ec3m k\u1ef9 thu\u1eadt<\/h2>\n<table>\n<tbody>\n<tr>\n<td>Ng\u01b0\u1eddi m\u1eabu<\/td>\n<td>JMG2<\/td>\n<\/tr>\n<tr>\n<td>Th\u1eddi gian b\u00f4i tr\u01a1n<\/td>\n<td>B\u1ed9 \u0111i\u1ec1u khi\u1ec3n PLC<\/td>\n<\/tr>\n<tr>\n<td>Kho\u1ea3ng th\u1eddi gian<\/td>\n<td>B\u1ed9 \u0111i\u1ec1u khi\u1ec3n PLC<\/td>\n<\/tr>\n<tr>\n<td>Nhi\u1ec7t \u0111\u1ed9 ho\u1ea1t \u0111\u1ed9ng<\/td>\n<td>-10\u2103~ +60\u00b0C (\u0110i\u1ec1u ki\u1ec7n nhi\u1ec7t \u0111\u1ed9 th\u1ea5p c\u1ea7n m\u1ee1 ch\u1ed1ng \u0111\u00f4ng)<\/td>\n<\/tr>\n<tr>\n<td>S\u1ed1 l\u01b0\u1ee3ng c\u1eeda h\u00e0ng<\/td>\n<td>1<\/td>\n<\/tr>\n<tr>\n<td>S\u1ee9c ch\u1ee9a h\u1ed3 ch\u1ee9a<\/td>\n<td>3L (B\u00ecnh nh\u1ef1a), 4L, 6L, 8L, 20L (B\u00ecnh kim lo\u1ea1i)<\/td>\n<\/tr>\n<tr>\n<td>N\u1ea1p l\u1ea1i<\/td>\n<td>T\u1eeb tr\u00ean xu\u1ed1ng<\/td>\n<\/tr>\n<tr>\n<td>Ch\u1ea5t b\u00f4i tr\u01a1n<\/td>\n<td>NLGI 000#~00#<\/td>\n<\/tr>\n<tr>\n<td>C\u00f4ng su\u1ea5t \u0111\u1ed9ng c\u01a1<\/td>\n<td>40W<\/td>\n<\/tr>\n<tr>\n<td>Ph\u00f3ng \u0111i\u1ec7n<\/td>\n<td>250 mL\/ph\u00fat<\/td>\n<\/tr>\n<tr>\n<td>\u00c1p su\u1ea5t v\u1eadn h\u00e0nh t\u1ed1i \u0111a<\/td>\n<td>4.0MPa<\/td>\n<\/tr>\n<tr>\n<td>Ch\u1ee7 \u0111\u1ec1 k\u1ebft n\u1ed1i<\/td>\n<td>\u0110\u1ea7u ra \u03a66<\/td>\n<\/tr>\n<tr>\n<td>\u0110i\u1ec7n \u00e1p ho\u1ea1t \u0111\u1ed9ng<\/td>\n<td>110VAC, 220VAC, 12VDC, 24VDC, 3~ 220V, 3~ 380V, 3~ 440V, 3~ 460V<\/td>\n<\/tr>\n<tr>\n<td>Ch\u1ee9ng nh\u1eadn<\/td>\n<td>Ti\u00eau chu\u1ea9n<\/td>\n<\/tr>\n<tr>\n<td>C\u00f4ng t\u1eafc m\u1ee9c th\u1ea5p<\/td>\n<td>Li\u00ean h\u1ec7 NC<\/td>\n<\/tr>\n<\/tbody>\n<\/table>\n<h2>\u1ee8ng d\u1ee5ng<\/h2>\n<p>1. B\u00f4i tr\u01a1n thi\u1ebft b\u1ecb c\u01a1 kh\u00ed: B\u01a1m m\u1ee1 JMG \u0111\u01b0\u1ee3c s\u1eed d\u1ee5ng r\u1ed9ng r\u00e3i trong nhi\u1ec1u lo\u1ea1i m\u00e1y c\u00f4ng c\u1ee5, m\u00e1y d\u1ec7t, thi\u1ebft b\u1ecb in \u1ea5n v\u00e0 nh\u1eefng \u1ee9ng d\u1ee5ng kh\u00e1c \u0111\u00f2i h\u1ecfi ph\u1ea3i b\u00f4i tr\u01a1n th\u01b0\u1eddng xuy\u00ean.<br \/>\n2. C\u00f4ng nghi\u1ec7p n\u1eb7ng v\u00e0 khai kho\u00e1ng: JMG \u0111\u00f3ng vai tr\u00f2 quan tr\u1ecdng trong l\u0129nh v\u1ef1c m\u00e1y m\u00f3c khai kho\u00e1ng, m\u00e1y m\u00f3c k\u1ef9 thu\u1eadt v\u00e0 thi\u1ebft b\u1ecb h\u1ea1ng n\u1eb7ng.<br \/>\n3. H\u00f3a d\u1ea7u: B\u01a1m m\u1ee1 JMG th\u00edch h\u1ee3p cho c\u00e1c thi\u1ebft b\u1ecb khoan d\u1ea7u, nh\u00e0 m\u00e1y l\u1ecdc d\u1ea7u v\u00e0 c\u00e1c c\u01a1 s\u1edf li\u00ean quan c\u1ee7a nh\u00e0 m\u00e1y h\u00f3a ch\u1ea5t.<br \/>\n4. V\u1eadn t\u1ea3i: JMG bao g\u1ed3m nhu c\u1ea7u b\u00f4i tr\u01a1n c\u1ee7a \u0111\u1ea7u m\u00e1y xe l\u1eeda, t\u00e0u th\u1ee7y v\u00e0 ng\u00e0nh s\u1ea3n xu\u1ea5t \u00f4 t\u00f4.<br \/>\n5. \u0110i\u1ec7n n\u0103ng: JMG \u0111\u01b0\u1ee3c s\u1eed d\u1ee5ng trong h\u1ec7 th\u1ed1ng b\u00f4i tr\u01a1n c\u1ee7a c\u00e1c thi\u1ebft b\u1ecb quan tr\u1ecdng nh\u01b0 tua bin v\u00e0 m\u00e1y ph\u00e1t \u0111i\u1ec7n trong nh\u00e0 m\u00e1y \u0111i\u1ec7n.<br \/>\n6. Ng\u00e0nh th\u1ef1c ph\u1ea9m v\u00e0 \u0111\u1ed3 u\u1ed1ng: JMG \u0111\u00e1p \u1ee9ng c\u00e1c ti\u00eau chu\u1ea9n v\u1ec7 sinh v\u00e0 c\u00f3 th\u1ec3 \u0111\u01b0\u1ee3c s\u1eed d\u1ee5ng \u0111\u1ec3 b\u00f4i tr\u01a1n m\u00e1y m\u00f3c ch\u1ebf bi\u1ebfn th\u1ef1c ph\u1ea9m.<\/p>\n<h2>H\u01b0\u1edbng d\u1eabn s\u1eed d\u1ee5ng<\/h2>\n<div class=\"sdm_download_button_box_default\"><div class=\"sdm_download_link\"><a href=\"https:\/\/www.jinpinlub.com\/vi\/?sdm_process_download=1&download_id=3737\" class=\"sdm_download white\" title=\"Ri\u00eang t\u01b0: JMG Grease Pump\" target=\"&quot;_blank&quot;\">Xem B\u1ea3ng d\u1eef li\u1ec7u - B\u01a1m m\u1ee1 JMG<\/a><\/div><\/div>","protected":false},"excerpt":{"rendered":"<p>JMG2 l\u00e0 b\u01a1m m\u1ee1 b\u00f4i tr\u01a1n ch\u1ea5t l\u1ecfng \u0111i\u1ec7n t\u1eed c\u00f3 \u00e1p su\u1ea5t 4.0MPa v\u00e0 l\u01b0u l\u01b0\u1ee3ng x\u1ea3 250mL\/ph\u00fat. N\u00f3 t\u1ea1o th\u00e0nh h\u1ec7 th\u1ed1ng b\u00f4i tr\u01a1n m\u1ee1 b\u00f4i tr\u01a1n v\u1edbi b\u1ed9 ph\u00e2n ph\u1ed1i ti\u1ebfn b\u1ed9. N\u00f3 hi\u1ec7u qu\u1ea3, \u0111\u00e1ng tin c\u1eady v\u00e0 \u0111\u01b0\u1ee3c s\u1eed d\u1ee5ng \u0111\u1ec3 b\u00f4i tr\u01a1n nhi\u1ec1u thi\u1ebft b\u1ecb c\u00f4ng nghi\u1ec7p kh\u00e1c nhau.<\/p>","protected":false},"featured_media":3776,"template":"","meta":{"ocean_post_layout":"","ocean_both_sidebars_style":"","ocean_both_sidebars_content_width":0,"ocean_both_sidebars_sidebars_width":0,"ocean_sidebar":"0","ocean_second_sidebar":"0","ocean_disable_margins":"enable","ocean_add_body_class":"","ocean_shortcode_before_top_bar":"","ocean_shortcode_after_top_bar":"","ocean_shortcode_before_header":"","ocean_shortcode_after_header":"","ocean_has_shortcode":"","ocean_shortcode_after_title":"","ocean_shortcode_before_footer_widgets":"","ocean_shortcode_after_footer_widgets":"","ocean_shortcode_before_footer_bottom":"","ocean_shortcode_after_footer_bottom":"","ocean_display_top_bar":"default","ocean_display_header":"default","ocean_header_style":"","ocean_center_header_left_menu":"0","ocean_custom_header_template":"0","ocean_custom_logo":0,"ocean_custom_retina_logo":0,"ocean_custom_logo_max_width":0,"ocean_custom_logo_tablet_max_width":0,"ocean_custom_logo_mobile_max_width":0,"ocean_custom_logo_max_height":0,"ocean_custom_logo_tablet_max_height":0,"ocean_custom_logo_mobile_max_height":0,"ocean_header_custom_menu":"0","ocean_menu_typo_font_family":"0","ocean_menu_typo_font_subset":"","ocean_menu_typo_font_size":0,"ocean_menu_typo_font_size_tablet":0,"ocean_menu_typo_font_size_mobile":0,"ocean_menu_typo_font_size_unit":"px","ocean_menu_typo_font_weight":"","ocean_menu_typo_font_weight_tablet":"","ocean_menu_typo_font_weight_mobile":"","ocean_menu_typo_transform":"","ocean_menu_typo_transform_tablet":"","ocean_menu_typo_transform_mobile":"","ocean_menu_typo_line_height":0,"ocean_menu_typo_line_height_tablet":0,"ocean_menu_typo_line_height_mobile":0,"ocean_menu_typo_line_height_unit":"","ocean_menu_typo_spacing":0,"ocean_menu_typo_spacing_tablet":0,"ocean_menu_typo_spacing_mobile":0,"ocean_menu_typo_spacing_unit":"","ocean_menu_link_color":"","ocean_menu_link_color_hover":"","ocean_menu_link_color_active":"","ocean_menu_link_background":"","ocean_menu_link_hover_background":"","ocean_menu_link_active_background":"","ocean_menu_social_links_bg":"","ocean_menu_social_hover_links_bg":"","ocean_menu_social_links_color":"","ocean_menu_social_hover_links_color":"","ocean_disable_title":"default","ocean_disable_heading":"default","ocean_post_title":"","ocean_post_subheading":"","ocean_post_title_style":"","ocean_post_title_background_color":"","ocean_post_title_background":0,"ocean_post_title_bg_image_position":"","ocean_post_title_bg_image_attachment":"","ocean_post_title_bg_image_repeat":"","ocean_post_title_bg_image_size":"","ocean_post_title_height":0,"ocean_post_title_bg_overlay":0.5,"ocean_post_title_bg_overlay_color":"","ocean_disable_breadcrumbs":"default","ocean_breadcrumbs_color":"","ocean_breadcrumbs_separator_color":"","ocean_breadcrumbs_links_color":"","ocean_breadcrumbs_links_hover_color":"","ocean_display_footer_widgets":"default","ocean_display_footer_bottom":"default","ocean_custom_footer_template":"0","osh_disable_topbar_sticky":"default","osh_disable_header_sticky":"default","osh_sticky_header_style":"default","osh_sticky_header_effect":"","osh_custom_sticky_logo":0,"osh_custom_retina_sticky_logo":0,"osh_custom_sticky_logo_height":0,"osh_background_color":"","osh_links_color":"","osh_links_hover_color":"","osh_links_active_color":"","osh_links_bg_color":"","osh_links_hover_bg_color":"","osh_links_active_bg_color":"","osh_menu_social_links_color":"","osh_menu_social_hover_links_color":""},"product_brand":[],"product_cat":[42,41],"product_tag":[74,322,73,77,72],"class_list":{"0":"post-3772","1":"product","2":"type-product","3":"status-publish","4":"has-post-thumbnail","6":"product_cat-electric-progressive-pumps","7":"product_cat-progressive-grease-systems","8":"product_tag-automatic-lubrication-pump","9":"product_tag-centralized-lubrication","10":"product_tag-electric-lubrication-pump","11":"product_tag-grease-lubrication-pump","12":"product_tag-lubrication-system","14":"entry","15":"has-media","17":"first","18":"instock","19":"shipping-taxable","20":"product-type-external","21":"col","22":"span_1_of_3","23":"owp-content-center","24":"owp-thumbs-layout-horizontal","25":"owp-btn-very-big","26":"owp-tabs-layout-horizontal"},"_links":{"self":[{"href":"https:\/\/www.jinpinlub.com\/vi\/wp-json\/wp\/v2\/product\/3772","targetHints":{"allow":["GET"]}}],"collection":[{"href":"https:\/\/www.jinpinlub.com\/vi\/wp-json\/wp\/v2\/product"}],"about":[{"href":"https:\/\/www.jinpinlub.com\/vi\/wp-json\/wp\/v2\/types\/product"}],"wp:featuredmedia":[{"embeddable":true,"href":"https:\/\/www.jinpinlub.com\/vi\/wp-json\/wp\/v2\/media\/3776"}],"wp:attachment":[{"href":"https:\/\/www.jinpinlub.com\/vi\/wp-json\/wp\/v2\/media?parent=3772"}],"wp:term":[{"taxonomy":"product_brand","embeddable":true,"href":"https:\/\/www.jinpinlub.com\/vi\/wp-json\/wp\/v2\/product_brand?post=3772"},{"taxonomy":"product_cat","embeddable":true,"href":"https:\/\/www.jinpinlub.com\/vi\/wp-json\/wp\/v2\/product_cat?post=3772"},{"taxonomy":"product_tag","embeddable":true,"href":"https:\/\/www.jinpinlub.com\/vi\/wp-json\/wp\/v2\/product_tag?post=3772"}],"curies":[{"name":"wp","href":"https:\/\/api.w.org\/{rel}","templated":true}]}}