{"id":3778,"date":"2024-10-10T12:11:34","date_gmt":"2024-10-10T04:11:34","guid":{"rendered":"https:\/\/www.jinpinlub.com\/?post_type=product&#038;p=3778"},"modified":"2024-10-10T12:15:26","modified_gmt":"2024-10-10T04:15:26","slug":"bom-boi-tron-dien-tu-dong-amg1-cho-mo-long-3","status":"publish","type":"product","link":"https:\/\/www.jinpinlub.com\/vi\/product\/jmg1-progressive-motor-driven-grease-lubrication-gear-pump\/","title":{"rendered":"B\u01a1m b\u00e1nh r\u0103ng b\u00f4i tr\u01a1n m\u1ee1 d\u1eabn \u0111\u1ed9ng b\u1eb1ng \u0111\u1ed9ng c\u01a1 JMG1"},"content":{"rendered":"<h2>\u0110\u1eb7c tr\u01b0ng<\/h2>\n<p>1. H\u1ec7 th\u1ed1ng b\u00f4i tr\u01a1n c\u00f3 hai ch\u1ebf \u0111\u1ed9 kh\u1edfi \u0111\u1ed9ng t\u00f9y ch\u1ecdn: ch\u1ebf \u0111\u1ed9 b\u00f4i tr\u01a1n v\u00e0 ch\u1ebf \u0111\u1ed9 b\u1ed9 nh\u1edb. \u1ede ch\u1ebf \u0111\u1ed9 b\u1ed9 nh\u1edb, khi ngu\u1ed3n \u0111i\u1ec7n \u0111\u01b0\u1ee3c k\u1ebft n\u1ed1i l\u1ea1i, h\u00e0nh \u0111\u1ed9ng b\u00f4i tr\u01a1n ho\u1eb7c kho\u1ea3ng th\u1eddi gian ch\u01b0a ho\u00e0n th\u00e0nh c\u00f3 th\u1ec3 \u0111\u01b0\u1ee3c ti\u1ebfp t\u1ee5c.<br \/>\n2. Cho ph\u00e9p \u0111i\u1ec1u ch\u1ec9nh th\u1eddi gian b\u00f4i tr\u01a1n v\u00e0 kho\u1ea3ng c\u00e1ch, v\u1edbi c\u00e1c l\u1ef1a ch\u1ecdn t\u1eeb nhi\u1ec1u \u0111\u01a1n v\u1ecb nh\u01b0 gi\u00e2y, ph\u00fat v\u00e0 gi\u1edd, gi\u00fap vi\u1ec7c b\u00f4i tr\u01a1n tr\u1edf n\u00ean linh ho\u1ea1t.<br \/>\n3. Van gi\u1ea3m \u00e1p c\u00f3 ch\u1ee9c n\u0103ng duy tr\u00ec \u00e1p su\u1ea5t \u1ed5n \u0111\u1ecbnh, gi\u00fap duy tr\u00ec tr\u1ea1ng th\u00e1i t\u1ed1t v\u00e0 tr\u00e1nh t\u00ecnh tr\u1ea1ng \u00e1p su\u1ea5t h\u1ec7 th\u1ed1ng qu\u00e1 cao.<br \/>\n4. C\u00f3 b\u1ed9 h\u1eb9n gi\u1edd tr\u00ean b\u01a1m b\u00f4i tr\u01a1n JMG; tr\u1ea1ng th\u00e1i l\u00e0m vi\u1ec7c v\u00e0 t\u00ecnh tr\u1ea1ng b\u1ea5t th\u01b0\u1eddng c\u1ee7a b\u00ecnh tra d\u1ea7u c\u00f3 th\u1ec3 \u0111\u01b0\u1ee3c hi\u1ec3n th\u1ecb tr\u00ean m\u00e0n h\u00ecnh b\u1ea3ng \u0111i\u1ec1u khi\u1ec3n v\u00e0 \u0111\u00e8n b\u00e1o.<br \/>\n5. N\u00fat b\u00f4i tr\u01a1n c\u01b0\u1ee1ng b\u1ee9c \u201cRES\u201d tr\u00ean b\u01a1m b\u00f4i tr\u01a1n JMG1 c\u00f3 th\u1ec3 thi\u1ebft l\u1eadp l\u1ea1i v\u00e0 kh\u1edfi \u0111\u1ed9ng l\u1ea1i chu tr\u00ecnh v\u1eadn h\u00e0nh c\u1ee7a b\u01a1m.<br \/>\n6. Theo \u0111i\u1ec1u ki\u1ec7n th\u1ef1c t\u1ebf m\u00e0 kh\u00e1ch h\u00e0ng y\u00eau c\u1ea7u, c\u00f3 th\u1ec3 l\u1ef1a ch\u1ecdn c\u00f4ng t\u1eafc \u00e1p su\u1ea5t \u0111\u1ec3 th\u1ef1c hi\u1ec7n \u0111i\u1ec1u khi\u1ec3n t\u1ef1 \u0111\u1ed9ng.<br \/>\n7. C\u00e1c <a href=\"https:\/\/en.wikipedia.org\/wiki\/Induction_motor\" target=\"_blank\" rel=\"noopener\">\u0111\u1ed9ng c\u01a1 c\u1ea3m \u1ee9ng<\/a> \u0111\u01b0\u1ee3c s\u1eed d\u1ee5ng trong B\u01a1m b\u00f4i tr\u01a1n JMG1 c\u00f3 ch\u1ea5t l\u01b0\u1ee3ng v\u01b0\u1ee3t tr\u1ed9i v\u00e0 c\u00f3 kh\u1ea3 n\u0103ng ho\u1ea1t \u0111\u1ed9ng trong th\u1eddi gian d\u00e0i; n\u00f3 c\u00f3 th\u1ec3 th\u00edch \u1ee9ng v\u1edbi c\u00e1c ho\u1ea1t \u0111\u1ed9ng b\u00f4i tr\u01a1n d\u00e0i h\u1ea1n.<\/p>\n<h2>\u0110\u1eb7c \u0111i\u1ec3m k\u1ef9 thu\u1eadt<\/h2>\n<table>\n<tbody>\n<tr>\n<td>Ng\u01b0\u1eddi m\u1eabu<\/td>\n<td>JMG1<\/td>\n<\/tr>\n<tr>\n<td>Th\u1eddi gian b\u00f4i tr\u01a1n<\/td>\n<td>1-999 gi\u00e2y<\/td>\n<\/tr>\n<tr>\n<td>Kho\u1ea3ng th\u1eddi gian<\/td>\n<td>1-999 ph\u00fat<\/td>\n<\/tr>\n<tr>\n<td>Nhi\u1ec7t \u0111\u1ed9 ho\u1ea1t \u0111\u1ed9ng<\/td>\n<td>-10\u2103~ +60\u00b0C (\u0110i\u1ec1u ki\u1ec7n nhi\u1ec7t \u0111\u1ed9 th\u1ea5p c\u1ea7n m\u1ee1 ch\u1ed1ng \u0111\u00f4ng)<\/td>\n<\/tr>\n<tr>\n<td>S\u1ed1 l\u01b0\u1ee3ng c\u1eeda h\u00e0ng<\/td>\n<td>1<\/td>\n<\/tr>\n<tr>\n<td>S\u1ee9c ch\u1ee9a h\u1ed3 ch\u1ee9a<\/td>\n<td>3L (B\u00ecnh nh\u1ef1a), 4L, 6L, 8L, 20L (B\u00ecnh kim lo\u1ea1i)<\/td>\n<\/tr>\n<tr>\n<td>N\u1ea1p l\u1ea1i<\/td>\n<td>T\u1eeb tr\u00ean xu\u1ed1ng<\/td>\n<\/tr>\n<tr>\n<td>Ch\u1ea5t b\u00f4i tr\u01a1n<\/td>\n<td>NLGI 000#~00#<\/td>\n<\/tr>\n<tr>\n<td>C\u00f4ng su\u1ea5t \u0111\u1ed9ng c\u01a1<\/td>\n<td>40W<\/td>\n<\/tr>\n<tr>\n<td>Ph\u00f3ng \u0111i\u1ec7n<\/td>\n<td>250 mL\/ph\u00fat<\/td>\n<\/tr>\n<tr>\n<td>\u00c1p su\u1ea5t v\u1eadn h\u00e0nh t\u1ed1i \u0111a<\/td>\n<td>4.0MPa<\/td>\n<\/tr>\n<tr>\n<td>Ch\u1ee7 \u0111\u1ec1 k\u1ebft n\u1ed1i<\/td>\n<td>\u0110\u1ea7u ra \u03a66<\/td>\n<\/tr>\n<tr>\n<td>\u0110i\u1ec7n \u00e1p ho\u1ea1t \u0111\u1ed9ng<\/td>\n<td>110VAC, 220VAC, 12VDC, 24VDC<\/td>\n<\/tr>\n<tr>\n<td>Ch\u1ee9ng nh\u1eadn<\/td>\n<td>Ti\u00eau chu\u1ea9n<\/td>\n<\/tr>\n<tr>\n<td>C\u00f4ng t\u1eafc m\u1ee9c th\u1ea5p<\/td>\n<td>Li\u00ean h\u1ec7 NC<\/td>\n<\/tr>\n<\/tbody>\n<\/table>\n<h2>\u1ee8ng d\u1ee5ng<\/h2>\n<p>Ng\u00e0nh c\u00f4ng nghi\u1ec7p m\u00e1y c\u00f4ng c\u1ee5: Trong ng\u00e0nh c\u00f4ng nghi\u1ec7p m\u00e1y c\u00f4ng c\u1ee5, b\u01a1m b\u00f4i tr\u01a1n cung c\u1ea5p ch\u1ea5t b\u00f4i tr\u01a1n cho c\u00e1c b\u1ed9 ph\u1eadn quan tr\u1ecdng c\u1ee7a m\u00e1y c\u00f4ng c\u1ee5 k\u1ecbp th\u1eddi v\u00e0 \u0111\u1ea7y \u0111\u1ee7 v\u1ec1 s\u1ed1 l\u01b0\u1ee3ng, ch\u1eb3ng h\u1ea1n nh\u01b0 thanh d\u1eabn h\u01b0\u1edbng, v\u00edt d\u1eabn, \u1ed5 tr\u1ee5c, v.v., \u0111\u1ec3 gi\u1ea3m ma s\u00e1t v\u00e0 m\u00e0i m\u00f2n.<br \/>\nM\u00e1y m\u00f3c nh\u1ef1a: JMG1 c\u00f3 th\u1ec3 \u0111\u01b0\u1ee3c s\u1eed d\u1ee5ng trong m\u00e1y m\u00f3c ch\u1ebf bi\u1ebfn nh\u1ef1a \u0111\u1ec3 \u0111\u1ea3m b\u1ea3o b\u00f4i tr\u01a1n b\u00ecnh th\u01b0\u1eddng cho c\u00e1c thi\u1ebft b\u1ecb nh\u01b0 m\u00e1y \u00e9p phun v\u00e0 m\u00e1y \u0111\u00f9n. M\u1ed9t l\u01b0\u1ee3ng ch\u1ea5t b\u00f4i tr\u01a1n nh\u1ea5t \u0111\u1ecbnh \u0111\u1ea3m b\u1ea3o ng\u0103n ch\u1eb7n t\u00ecnh tr\u1ea1ng qu\u00e1 nhi\u1ec7t c\u1ee7a c\u01a1 kh\u00ed v\u00e0 duy tr\u00ec \u0111\u1ed9 ch\u00ednh x\u00e1c v\u00e0 \u1ed5n \u0111\u1ecbnh c\u1ee7a c\u01a1 kh\u00ed.<br \/>\nM\u00e1y \u0111\u00fac khu\u00f4n: Trong d\u00e2y chuy\u1ec1n s\u1ea3n xu\u1ea5t \u0111\u00fac khu\u00f4n, JMG1 b\u00f4i tr\u01a1n c\u00e1c b\u1ed9 ph\u1eadn tr\u01b0\u1ee3t kh\u00e1c nhau c\u1ee7a m\u00e1y \u0111\u00fac khu\u00f4n v\u00e0 gi\u1ea3m m\u00e0i m\u00f2n khu\u00f4n v\u00e0 c\u00e1c b\u1ed9 ph\u1eadn c\u01a1 kh\u00ed.<br \/>\nS\u1ea3n xu\u1ea5t theo quy tr\u00ecnh: Trong c\u00e1c l\u0129nh v\u1ef1c s\u1ea3n xu\u1ea5t theo quy tr\u00ecnh ch\u1ebf bi\u1ebfn v\u00e0 \u0111\u00f3ng g\u00f3i th\u1ef1c ph\u1ea9m, b\u01a1m b\u00f4i tr\u01a1n duy tr\u00ec b\u0103ng t\u1ea3i, m\u00e1y \u0111\u00f3ng chai, \u0111\u1ed9ng c\u01a1 v\u00e0 \u1ed5 tr\u1ee5c s\u1ea1ch s\u1ebd v\u00e0 ch\u1ea1y \u00eam \u1edf t\u1ed1c \u0111\u1ed9 cao v\u1edbi m\u1ee9c hao m\u00f2n t\u1ed1i thi\u1ec3u.<\/p>\n<h2>H\u01b0\u1edbng d\u1eabn s\u1eed d\u1ee5ng<\/h2>\n<div class=\"sdm_download_button_box_default\"><div class=\"sdm_download_link\"><a href=\"https:\/\/www.jinpinlub.com\/vi\/?sdm_process_download=1&download_id=3737\" class=\"sdm_download white\" title=\"Ri\u00eang t\u01b0: JMG Grease Pump\" target=\"&quot;_blank&quot;\">Xem B\u1ea3ng d\u1eef li\u1ec7u - B\u01a1m m\u1ee1 JMG<\/a><\/div><\/div>","protected":false},"excerpt":{"rendered":"<p>B\u01a1m b\u00f4i tr\u01a1n JMG1 \u0111\u01b0\u1ee3c s\u1eed d\u1ee5ng trong nhi\u1ec1u h\u1ec7 th\u1ed1ng b\u00f4i tr\u01a1n t\u1eadp trung nh\u01b0 m\u00e1y c\u00f4ng c\u1ee5, m\u00e1y m\u00f3c nh\u1ef1a, m\u00e1y \u0111\u00fac khu\u00f4n, v.v. N\u00f3 bao g\u1ed3m thi\u1ebft b\u1ecb \u0111\u1ecbnh th\u1eddi gian t\u1ef1 \u0111\u1ed9ng, c\u1ea3m bi\u1ebfn m\u1ee9c ch\u1ea5t l\u1ecfng th\u1ea5p, c\u1ea3m bi\u1ebfn \u00e1p su\u1ea5t, v.v. \u0111\u1ec3 c\u1ea3i thi\u1ec7n \u0111\u1ed9 tin c\u1eady c\u1ee7a h\u1ec7 th\u1ed1ng b\u00f4i tr\u01a1n.<\/p>","protected":false},"featured_media":3779,"template":"","meta":{"ocean_post_layout":"","ocean_both_sidebars_style":"","ocean_both_sidebars_content_width":0,"ocean_both_sidebars_sidebars_width":0,"ocean_sidebar":"0","ocean_second_sidebar":"0","ocean_disable_margins":"enable","ocean_add_body_class":"","ocean_shortcode_before_top_bar":"","ocean_shortcode_after_top_bar":"","ocean_shortcode_before_header":"","ocean_shortcode_after_header":"","ocean_has_shortcode":"","ocean_shortcode_after_title":"","ocean_shortcode_before_footer_widgets":"","ocean_shortcode_after_footer_widgets":"","ocean_shortcode_before_footer_bottom":"","ocean_shortcode_after_footer_bottom":"","ocean_display_top_bar":"default","ocean_display_header":"default","ocean_header_style":"","ocean_center_header_left_menu":"0","ocean_custom_header_template":"0","ocean_custom_logo":0,"ocean_custom_retina_logo":0,"ocean_custom_logo_max_width":0,"ocean_custom_logo_tablet_max_width":0,"ocean_custom_logo_mobile_max_width":0,"ocean_custom_logo_max_height":0,"ocean_custom_logo_tablet_max_height":0,"ocean_custom_logo_mobile_max_height":0,"ocean_header_custom_menu":"0","ocean_menu_typo_font_family":"0","ocean_menu_typo_font_subset":"","ocean_menu_typo_font_size":0,"ocean_menu_typo_font_size_tablet":0,"ocean_menu_typo_font_size_mobile":0,"ocean_menu_typo_font_size_unit":"px","ocean_menu_typo_font_weight":"","ocean_menu_typo_font_weight_tablet":"","ocean_menu_typo_font_weight_mobile":"","ocean_menu_typo_transform":"","ocean_menu_typo_transform_tablet":"","ocean_menu_typo_transform_mobile":"","ocean_menu_typo_line_height":0,"ocean_menu_typo_line_height_tablet":0,"ocean_menu_typo_line_height_mobile":0,"ocean_menu_typo_line_height_unit":"","ocean_menu_typo_spacing":0,"ocean_menu_typo_spacing_tablet":0,"ocean_menu_typo_spacing_mobile":0,"ocean_menu_typo_spacing_unit":"","ocean_menu_link_color":"","ocean_menu_link_color_hover":"","ocean_menu_link_color_active":"","ocean_menu_link_background":"","ocean_menu_link_hover_background":"","ocean_menu_link_active_background":"","ocean_menu_social_links_bg":"","ocean_menu_social_hover_links_bg":"","ocean_menu_social_links_color":"","ocean_menu_social_hover_links_color":"","ocean_disable_title":"default","ocean_disable_heading":"default","ocean_post_title":"","ocean_post_subheading":"","ocean_post_title_style":"","ocean_post_title_background_color":"","ocean_post_title_background":0,"ocean_post_title_bg_image_position":"","ocean_post_title_bg_image_attachment":"","ocean_post_title_bg_image_repeat":"","ocean_post_title_bg_image_size":"","ocean_post_title_height":0,"ocean_post_title_bg_overlay":0.5,"ocean_post_title_bg_overlay_color":"","ocean_disable_breadcrumbs":"default","ocean_breadcrumbs_color":"","ocean_breadcrumbs_separator_color":"","ocean_breadcrumbs_links_color":"","ocean_breadcrumbs_links_hover_color":"","ocean_display_footer_widgets":"default","ocean_display_footer_bottom":"default","ocean_custom_footer_template":"0","osh_disable_topbar_sticky":"default","osh_disable_header_sticky":"default","osh_sticky_header_style":"default","osh_sticky_header_effect":"","osh_custom_sticky_logo":0,"osh_custom_retina_sticky_logo":0,"osh_custom_sticky_logo_height":0,"osh_background_color":"","osh_links_color":"","osh_links_hover_color":"","osh_links_active_color":"","osh_links_bg_color":"","osh_links_hover_bg_color":"","osh_links_active_bg_color":"","osh_menu_social_links_color":"","osh_menu_social_hover_links_color":""},"product_brand":[],"product_cat":[42,41],"product_tag":[74,73,77,196,72],"class_list":{"0":"post-3778","1":"product","2":"type-product","3":"status-publish","4":"has-post-thumbnail","6":"product_cat-electric-progressive-pumps","7":"product_cat-progressive-grease-systems","8":"product_tag-automatic-lubrication-pump","9":"product_tag-electric-lubrication-pump","10":"product_tag-grease-lubrication-pump","11":"product_tag-grease-lubrication-system","12":"product_tag-lubrication-system","14":"entry","15":"has-media","17":"first","18":"instock","19":"shipping-taxable","20":"product-type-external","21":"col","22":"span_1_of_3","23":"owp-content-center","24":"owp-thumbs-layout-horizontal","25":"owp-btn-very-big","26":"owp-tabs-layout-horizontal"},"_links":{"self":[{"href":"https:\/\/www.jinpinlub.com\/vi\/wp-json\/wp\/v2\/product\/3778","targetHints":{"allow":["GET"]}}],"collection":[{"href":"https:\/\/www.jinpinlub.com\/vi\/wp-json\/wp\/v2\/product"}],"about":[{"href":"https:\/\/www.jinpinlub.com\/vi\/wp-json\/wp\/v2\/types\/product"}],"wp:featuredmedia":[{"embeddable":true,"href":"https:\/\/www.jinpinlub.com\/vi\/wp-json\/wp\/v2\/media\/3779"}],"wp:attachment":[{"href":"https:\/\/www.jinpinlub.com\/vi\/wp-json\/wp\/v2\/media?parent=3778"}],"wp:term":[{"taxonomy":"product_brand","embeddable":true,"href":"https:\/\/www.jinpinlub.com\/vi\/wp-json\/wp\/v2\/product_brand?post=3778"},{"taxonomy":"product_cat","embeddable":true,"href":"https:\/\/www.jinpinlub.com\/vi\/wp-json\/wp\/v2\/product_cat?post=3778"},{"taxonomy":"product_tag","embeddable":true,"href":"https:\/\/www.jinpinlub.com\/vi\/wp-json\/wp\/v2\/product_tag?post=3778"}],"curies":[{"name":"wp","href":"https:\/\/api.w.org\/{rel}","templated":true}]}}