{"id":3791,"date":"2024-10-16T17:43:49","date_gmt":"2024-10-16T09:43:49","guid":{"rendered":"https:\/\/www.jinpinlub.com\/?post_type=product&#038;p=3791"},"modified":"2024-10-16T17:50:31","modified_gmt":"2024-10-16T09:50:31","slug":"bom-boi-tron-giam-ap-suat-dich-chuyen-tich-cuc-jmt4","status":"publish","type":"product","link":"https:\/\/www.jinpinlub.com\/vi\/product\/jmt4-positive-displacement-pressure-relief-lubrication-pump\/","title":{"rendered":"B\u01a1m b\u00f4i tr\u01a1n gi\u1ea3m \u00e1p su\u1ea5t d\u1ecbch chuy\u1ec3n t\u00edch c\u1ef1c JMT4"},"content":{"rendered":"<h2>\u0110\u1eb7c tr\u01b0ng<\/h2>\n<p>1. Th\u1eddi gian b\u00f4i tr\u01a1n v\u00e0 kho\u1ea3ng c\u00e1ch gi\u1eefa c\u00e1c l\u1ea7n b\u00f4i tr\u01a1n c\u1ee7a b\u01a1m b\u00f4i tr\u01a1n \u0111\u01b0\u1ee3c \u0111i\u1ec1u khi\u1ec3n b\u1edfi PLC c\u1ee7a m\u00e1y ch\u1ee7.<br \/>\n2. B\u01a1m b\u00f4i tr\u01a1n c\u00f3 th\u1ec3 \u0111\u01b0\u1ee3c trang b\u1ecb c\u00f4ng t\u1eafc \u00e1p su\u1ea5t \u0111\u1ec3 ph\u00e1t hi\u1ec7n xem m\u1ea1ch d\u1ea7u c\u00f3 b\u1ecb h\u1ecfng hay kh\u00f4ng.<br \/>\n3. B\u01a1m b\u00f4i tr\u01a1n \u0111\u01b0\u1ee3c trang b\u1ecb c\u00f4ng t\u1eafc n\u1ed5i \u0111\u1ec3 ph\u00e1t hi\u1ec7n m\u1ee9c d\u1ea7u v\u00e0 t\u1ef1 \u0111\u1ed9ng g\u1eedi t\u00edn hi\u1ec7u.<br \/>\n4. M\u00e1y b\u01a1m \u0111\u01b0\u1ee3c trang b\u1ecb \u0111\u1ed3ng h\u1ed3 \u0111o \u00e1p su\u1ea5t theo m\u1eb7c \u0111\u1ecbnh \u0111\u1ec3 ph\u00e1t hi\u1ec7n \u00e1p su\u1ea5t v\u1eadn h\u00e0nh c\u1ee7a m\u00e1y b\u01a1m d\u1ea7u.<br \/>\n5. B\u01a1m b\u00f4i tr\u01a1n \u0111\u01b0\u1ee3c trang b\u1ecb n\u00fat b\u00f4i tr\u01a1n c\u01b0\u1ee1ng b\u1ee9c v\u00e0 \u0111\u00e8n b\u00e1o ho\u1ea1t \u0111\u1ed9ng b\u00f4i tr\u01a1n.<br \/>\n6. B\u01a1m b\u00f4i tr\u01a1n \u0111\u01b0\u1ee3c d\u1eabn \u0111\u1ed9ng b\u1edfi b\u01a1m b\u00e1nh r\u0103ng m\u00e0i c\u00f3 \u0111\u1ed9ng c\u01a1 c\u1ea3m \u1ee9ng, \u00e1p su\u1ea5t \u1ed5n \u0111\u1ecbnh, ti\u1ebfng \u1ed3n th\u1ea5p, b\u1ec1n v\u00e0 \u0111\u00e1ng tin c\u1eady.<br \/>\n7. M\u00f4 h\u00ecnh JMT4 l\u00e0 m\u1ed9t <a href=\"https:\/\/www.jinpinlub.com\/vi\/danh-muc-san-pham\/he-thong-dau-mong-the-tich\/may-bom-the-tich-dien\/\" target=\"_blank\" rel=\"noopener\">b\u01a1m b\u00f4i tr\u01a1n th\u1ec3 t\u00edch<\/a>, c\u1ea7n s\u1eed d\u1ee5ng v\u1edbi b\u1ed9 ph\u00e2n ph\u1ed1i th\u1ec3 t\u00edch \u0111\u1ec3 \u0111\u1ea1t \u0111\u01b0\u1ee3c hi\u1ec7u qu\u1ea3 cung c\u1ea5p d\u1ea7u \u0111\u1ecbnh l\u01b0\u1ee3ng.<\/p>\n<h2>\u0110\u1eb7c \u0111i\u1ec3m k\u1ef9 thu\u1eadt<\/h2>\n<table>\n<tbody>\n<tr>\n<td>Ng\u01b0\u1eddi m\u1eabu<\/td>\n<td>JMT4<\/td>\n<\/tr>\n<tr>\n<td>Th\u1eddi gian b\u00f4i tr\u01a1n<\/td>\n<td>B\u1ed9 \u0111i\u1ec1u khi\u1ec3n PLC<\/td>\n<\/tr>\n<tr>\n<td>Kho\u1ea3ng th\u1eddi gian<\/td>\n<td>B\u1ed9 \u0111i\u1ec1u khi\u1ec3n PLC<\/td>\n<\/tr>\n<tr>\n<td>Nhi\u1ec7t \u0111\u1ed9 ho\u1ea1t \u0111\u1ed9ng<\/td>\n<td>-10\u2103~ +60\u00b0C (\u0110i\u1ec1u ki\u1ec7n nhi\u1ec7t \u0111\u1ed9 th\u1ea5p c\u1ea7n m\u1ee1 ch\u1ed1ng \u0111\u00f4ng)<\/td>\n<\/tr>\n<tr>\n<td>S\u1ed1 l\u01b0\u1ee3ng c\u1eeda h\u00e0ng<\/td>\n<td>1<\/td>\n<\/tr>\n<tr>\n<td>S\u1ee9c ch\u1ee9a h\u1ed3 ch\u1ee9a<\/td>\n<td>3L (B\u00ecnh nh\u1ef1a), 4L, 6L, 8L, 20L (B\u00ecnh kim lo\u1ea1i)<\/td>\n<\/tr>\n<tr>\n<td>N\u1ea1p l\u1ea1i<\/td>\n<td>T\u1eeb tr\u00ean xu\u1ed1ng<\/td>\n<\/tr>\n<tr>\n<td>Ch\u1ea5t b\u00f4i tr\u01a1n<\/td>\n<td>32-68cSt@40\u2103<\/td>\n<\/tr>\n<tr>\n<td>C\u00f4ng su\u1ea5t \u0111\u1ed9ng c\u01a1<\/td>\n<td>40W<\/td>\n<\/tr>\n<tr>\n<td>Ph\u00f3ng \u0111i\u1ec7n<\/td>\n<td>250 mL\/ph\u00fat<\/td>\n<\/tr>\n<tr>\n<td>\u00c1p su\u1ea5t v\u1eadn h\u00e0nh t\u1ed1i \u0111a<\/td>\n<td>2,3MPa<\/td>\n<\/tr>\n<tr>\n<td>Ch\u1ee7 \u0111\u1ec1 k\u1ebft n\u1ed1i<\/td>\n<td>\u0110\u1ea7u ra \u03a66<\/td>\n<\/tr>\n<tr>\n<td>\u0110i\u1ec7n \u00e1p ho\u1ea1t \u0111\u1ed9ng<\/td>\n<td>110VAC, 220VAC, 12VDC, 24VDC, 3~ 220V, 3~ 380V, 3~ 440V, 3~ 460V<\/td>\n<\/tr>\n<tr>\n<td>Ch\u1ee9ng nh\u1eadn<\/td>\n<td>Ti\u00eau chu\u1ea9n<\/td>\n<\/tr>\n<tr>\n<td>C\u00f4ng t\u1eafc m\u1ee9c th\u1ea5p<\/td>\n<td>Li\u00ean h\u1ec7 NC<\/td>\n<\/tr>\n<\/tbody>\n<\/table>\n<h2>C\u00e1c bi\u1ec7n ph\u00e1p ph\u00f2ng ng\u1eeba<\/h2>\n<p>1. Vui l\u00f2ng x\u00e1c nh\u1eadn c\u1ea9n th\u1eadn \u0111i\u1ec7n \u00e1p c\u1ee7a b\u01a1m b\u00f4i tr\u01a1n v\u00e0 k\u1ebft n\u1ed1i ngu\u1ed3n \u0111i\u1ec7n ph\u00f9 h\u1ee3p.<br \/>\n2. B\u01a1m b\u00f4i tr\u01a1n ph\u1ea3i s\u1eed d\u1ee5ng d\u1ea7u s\u1ea1ch, kh\u00f4ng \u0111\u01b0\u1ee3c ph\u00e9p s\u1eed d\u1ee5ng d\u1ea7u b\u00f4i tr\u01a1n t\u00e1i ch\u1ebf.<br \/>\n3. N\u00ean \u0111\u1ed5 th\u00eam d\u1ea7u b\u00f4i tr\u01a1n \u0111\u1ebfn v\u1ea1ch m\u1ee9c m\u1ed7i l\u1ea7n.<br \/>\n4. N\u00ean v\u1ec7 sinh b\u00ecnh ch\u1ee9a d\u1ea7u hai th\u00e1ng m\u1ed9t l\u1ea7n v\u00e0 v\u1ec7 sinh ho\u1eb7c thay th\u1ebf gi\u1ecf l\u1ecdc v\u00e0 b\u1ed9 l\u1ecdc d\u1ea7u \u1edf \u0111\u1ea7u v\u00e0o d\u1ea7u.<br \/>\n5. Vi\u1ec7c t\u0103ng th\u1eddi gian ch\u1ea1y c\u1ee7a b\u01a1m b\u00f4i tr\u01a1n c\u00f3 th\u1ec3 l\u00e0m t\u0103ng t\u1ed5ng l\u01b0\u1ee3ng b\u00f4i tr\u01a1n c\u1ee7a h\u1ec7 th\u1ed1ng b\u00f4i tr\u01a1n, v\u00e0 vi\u1ec7c gi\u1ea3m th\u1eddi gian ch\u1ea1y c\u00f3 th\u1ec3 l\u00e0m gi\u1ea3m t\u1ed5ng l\u01b0\u1ee3ng b\u00f4i tr\u01a1n c\u1ee7a h\u1ec7 th\u1ed1ng b\u00f4i tr\u01a1n.<br \/>\n6. Sau khi l\u1eafp \u0111\u1eb7t h\u1ec7 th\u1ed1ng b\u00f4i tr\u01a1n ho\u1eb7c sau khi th\u00e1o r\u1eddi v\u00e0 thay th\u1ebf c\u00e1c b\u1ed9 ph\u1eadn, tr\u01b0\u1edbc ti\u00ean ph\u1ea3i x\u1ea3 h\u1ebft kh\u00f4ng kh\u00ed trong h\u1ec7 th\u1ed1ng b\u00f4i tr\u01a1n.<br \/>\n7. Sau khi b\u1eadt ngu\u1ed3n b\u01a1m b\u00f4i tr\u01a1n, kh\u00f4ng \u0111\u01b0\u1ee3c m\u1edf n\u1eafp tr\u00ean \u0111\u1ec9nh b\u01a1m \u0111\u1ec3 tr\u00e1nh nguy c\u01a1 b\u1ecb \u0111i\u1ec7n gi\u1eadt.<\/p>\n<h2>H\u01b0\u1edbng d\u1eabn s\u1eed d\u1ee5ng<\/h2>\n<div class=\"sdm_download_button_box_default\"><div class=\"sdm_download_link\"><a href=\"https:\/\/www.jinpinlub.com\/vi\/?sdm_process_download=1&download_id=3796\" class=\"sdm_download white\" title=\"Ri\u00eang t\u01b0: JMT4 lubrication Pump\" target=\"&quot;_blank&quot;\">Xem B\u1ea3ng d\u1eef li\u1ec7u - B\u01a1m m\u1ee1 JMT4<\/a><\/div><\/div>","protected":false},"excerpt":{"rendered":"<p>JMT4 l\u00e0 m\u00e1y b\u01a1m b\u00f4i tr\u01a1n \u0111i\u1ec7n d\u1ecbch chuy\u1ec3n t\u00edch c\u1ef1c c\u00f3 nhi\u1ec1u dung t\u00edch, bao g\u1ed3m 3L, 6L, 4L, 8L, 20L, v.v. M\u00e1y \u0111\u01b0\u1ee3c d\u1eabn \u0111\u1ed9ng b\u1eb1ng \u0111\u1ed9ng c\u01a1 c\u1ea3m \u1ee9ng, cung c\u1ea5p \u00e1p su\u1ea5t \u0111\u1ea7u ra \u1ed5n \u0111\u1ecbnh, c\u00f3 th\u1ec3 ho\u1ea1t \u0111\u1ed9ng trong th\u1eddi gian d\u00e0i v\u00e0 cho ra l\u01b0u l\u01b0\u1ee3ng ch\u1ea5t b\u00f4i tr\u01a1n l\u1edbn.<\/p>","protected":false},"featured_media":3797,"template":"","meta":{"ocean_post_layout":"","ocean_both_sidebars_style":"","ocean_both_sidebars_content_width":0,"ocean_both_sidebars_sidebars_width":0,"ocean_sidebar":"0","ocean_second_sidebar":"0","ocean_disable_margins":"enable","ocean_add_body_class":"","ocean_shortcode_before_top_bar":"","ocean_shortcode_after_top_bar":"","ocean_shortcode_before_header":"","ocean_shortcode_after_header":"","ocean_has_shortcode":"","ocean_shortcode_after_title":"","ocean_shortcode_before_footer_widgets":"","ocean_shortcode_after_footer_widgets":"","ocean_shortcode_before_footer_bottom":"","ocean_shortcode_after_footer_bottom":"","ocean_display_top_bar":"default","ocean_display_header":"default","ocean_header_style":"","ocean_center_header_left_menu":"0","ocean_custom_header_template":"0","ocean_custom_logo":0,"ocean_custom_retina_logo":0,"ocean_custom_logo_max_width":0,"ocean_custom_logo_tablet_max_width":0,"ocean_custom_logo_mobile_max_width":0,"ocean_custom_logo_max_height":0,"ocean_custom_logo_tablet_max_height":0,"ocean_custom_logo_mobile_max_height":0,"ocean_header_custom_menu":"0","ocean_menu_typo_font_family":"0","ocean_menu_typo_font_subset":"","ocean_menu_typo_font_size":0,"ocean_menu_typo_font_size_tablet":0,"ocean_menu_typo_font_size_mobile":0,"ocean_menu_typo_font_size_unit":"px","ocean_menu_typo_font_weight":"","ocean_menu_typo_font_weight_tablet":"","ocean_menu_typo_font_weight_mobile":"","ocean_menu_typo_transform":"","ocean_menu_typo_transform_tablet":"","ocean_menu_typo_transform_mobile":"","ocean_menu_typo_line_height":0,"ocean_menu_typo_line_height_tablet":0,"ocean_menu_typo_line_height_mobile":0,"ocean_menu_typo_line_height_unit":"","ocean_menu_typo_spacing":0,"ocean_menu_typo_spacing_tablet":0,"ocean_menu_typo_spacing_mobile":0,"ocean_menu_typo_spacing_unit":"","ocean_menu_link_color":"","ocean_menu_link_color_hover":"","ocean_menu_link_color_active":"","ocean_menu_link_background":"","ocean_menu_link_hover_background":"","ocean_menu_link_active_background":"","ocean_menu_social_links_bg":"","ocean_menu_social_hover_links_bg":"","ocean_menu_social_links_color":"","ocean_menu_social_hover_links_color":"","ocean_disable_title":"default","ocean_disable_heading":"default","ocean_post_title":"","ocean_post_subheading":"","ocean_post_title_style":"","ocean_post_title_background_color":"","ocean_post_title_background":0,"ocean_post_title_bg_image_position":"","ocean_post_title_bg_image_attachment":"","ocean_post_title_bg_image_repeat":"","ocean_post_title_bg_image_size":"","ocean_post_title_height":0,"ocean_post_title_bg_overlay":0.5,"ocean_post_title_bg_overlay_color":"","ocean_disable_breadcrumbs":"default","ocean_breadcrumbs_color":"","ocean_breadcrumbs_separator_color":"","ocean_breadcrumbs_links_color":"","ocean_breadcrumbs_links_hover_color":"","ocean_display_footer_widgets":"default","ocean_display_footer_bottom":"default","ocean_custom_footer_template":"0","osh_disable_topbar_sticky":"default","osh_disable_header_sticky":"default","osh_sticky_header_style":"default","osh_sticky_header_effect":"","osh_custom_sticky_logo":0,"osh_custom_retina_sticky_logo":0,"osh_custom_sticky_logo_height":0,"osh_background_color":"","osh_links_color":"","osh_links_hover_color":"","osh_links_active_color":"","osh_links_bg_color":"","osh_links_hover_bg_color":"","osh_links_active_bg_color":"","osh_menu_social_links_color":"","osh_menu_social_hover_links_color":""},"product_brand":[],"product_cat":[48,47],"product_tag":[73,323,71,111,114],"class_list":{"0":"post-3791","1":"product","2":"type-product","3":"status-publish","4":"has-post-thumbnail","6":"product_cat-electric-volumetric-pumps","7":"product_cat-volumetric-thin-oil-systems","8":"product_tag-electric-lubrication-pump","9":"product_tag-lubricating-oil-pump","10":"product_tag-lubrication-pump","11":"product_tag-oil-lubrication-pump","12":"product_tag-oil-lubrication-system","14":"entry","15":"has-media","17":"first","18":"instock","19":"shipping-taxable","20":"product-type-external","21":"col","22":"span_1_of_3","23":"owp-content-center","24":"owp-thumbs-layout-horizontal","25":"owp-btn-very-big","26":"owp-tabs-layout-horizontal"},"_links":{"self":[{"href":"https:\/\/www.jinpinlub.com\/vi\/wp-json\/wp\/v2\/product\/3791","targetHints":{"allow":["GET"]}}],"collection":[{"href":"https:\/\/www.jinpinlub.com\/vi\/wp-json\/wp\/v2\/product"}],"about":[{"href":"https:\/\/www.jinpinlub.com\/vi\/wp-json\/wp\/v2\/types\/product"}],"wp:featuredmedia":[{"embeddable":true,"href":"https:\/\/www.jinpinlub.com\/vi\/wp-json\/wp\/v2\/media\/3797"}],"wp:attachment":[{"href":"https:\/\/www.jinpinlub.com\/vi\/wp-json\/wp\/v2\/media?parent=3791"}],"wp:term":[{"taxonomy":"product_brand","embeddable":true,"href":"https:\/\/www.jinpinlub.com\/vi\/wp-json\/wp\/v2\/product_brand?post=3791"},{"taxonomy":"product_cat","embeddable":true,"href":"https:\/\/www.jinpinlub.com\/vi\/wp-json\/wp\/v2\/product_cat?post=3791"},{"taxonomy":"product_tag","embeddable":true,"href":"https:\/\/www.jinpinlub.com\/vi\/wp-json\/wp\/v2\/product_tag?post=3791"}],"curies":[{"name":"wp","href":"https:\/\/api.w.org\/{rel}","templated":true}]}}