{"id":3826,"date":"2024-10-21T11:11:19","date_gmt":"2024-10-21T03:11:19","guid":{"rendered":"https:\/\/www.jinpinlub.com\/?post_type=product&#038;p=3826"},"modified":"2024-10-21T11:51:36","modified_gmt":"2024-10-21T03:51:36","slug":"sung-bom-mo-thu-cong-kvt-60-mpa-de-do-chat-boi-tron","status":"publish","type":"product","link":"https:\/\/www.jinpinlub.com\/vi\/product\/kvt-manual-pull-rod-60-mpa-grease-gun-for-lubricant-filling\/","title":{"rendered":"S\u00fang b\u01a1m m\u1ee1 th\u1ee7 c\u00f4ng KVT 60 MPa \u0111\u1ec3 n\u1ea1p ch\u1ea5t b\u00f4i tr\u01a1n"},"content":{"rendered":"<h2>\u0110\u1eb7c tr\u01b0ng<\/h2>\n<p>S\u00fang m\u1ee1 \u0111\u01b0\u1ee3c trang b\u1ecb ph\u1edbt d\u1ea7u c\u00f4ng nghi\u1ec7p kh\u00f4ng r\u00f2 r\u1ec9 d\u1ea7u. Thi\u1ebft k\u1ebf piston l\u1edbn v\u00e0 piston \u0111\u00f4i \u0111\u01a1n cung c\u1ea5p \u00e1p su\u1ea5t cao v\u00e0 x\u1ea3 nhanh.<br \/>\n\u0110\u1ea7u s\u00fang \u0111\u01b0\u1ee3c \u0111\u00fac nguy\u00ean kh\u1ed1i v\u00e0 c\u00f3 th\u1ec3 ch\u1ecbu \u0111\u01b0\u1ee3c \u00e1p su\u1ea5t l\u00e0m vi\u1ec7c t\u1ed1i \u0111a 60MPa.<br \/>\nS\u1ea3n ph\u1ea9m \u0111\u01b0\u1ee3c trang b\u1ecb l\u00f2 xo d\u00e0y v\u00e0 x\u1eed l\u00fd nhi\u1ec7t c\u00f4ng nghi\u1ec7p \u0111\u1ea3m b\u1ea3o s\u1ea3n ph\u1ea9m kh\u00f4ng d\u1ec5 b\u1ecb bi\u1ebfn d\u1ea1ng ho\u1eb7c l\u00e3o h\u00f3a.<br \/>\nS\u00fang b\u01a1m m\u1ee1 s\u1eed d\u1ee5ng thi\u1ebft k\u1ebf \u1ed1ng cao su c\u00f3 k\u1ebft c\u1ea5u, gi\u00fap ch\u1ed1ng tr\u01b0\u1ee3t v\u00e0 m\u00e0i m\u00f2n hi\u1ec7u qu\u1ea3.<br \/>\nN\u00f3 c\u00f3 nhi\u1ec1u \u1ee9ng d\u1ee5ng kh\u00e1c nhau, ch\u1eb3ng h\u1ea1n nh\u01b0 b\u00f4i tr\u01a1n cho m\u00e1y m\u00f3c n\u00f4ng nghi\u1ec7p, m\u00e1y m\u00f3c k\u1ef9 thu\u1eadt, thi\u1ebft b\u1ecb \u00f4 t\u00f4 v\u00e0 t\u00e0u th\u1ee7y, thi\u1ebft b\u1ecb m\u00e1y m\u00f3c h\u1ea1ng nh\u1eb9 v\u00e0 h\u1ea1ng n\u1eb7ng.<\/p>\n<h2>\u0110\u1eb7c \u0111i\u1ec3m k\u1ef9 thu\u1eadt<\/h2>\n<table>\n<tbody>\n<tr>\n<td>Ng\u01b0\u1eddi m\u1eabu<\/td>\n<td>KVT<\/td>\n<\/tr>\n<tr>\n<td>Th\u1eddi gian b\u00f4i tr\u01a1n<\/td>\n<td>Th\u1ee7 c\u00f4ng<\/td>\n<\/tr>\n<tr>\n<td>Nhi\u1ec7t \u0111\u1ed9 ho\u1ea1t \u0111\u1ed9ng<\/td>\n<td>(-20\u2103~ +60\u00b0C, \u0110i\u1ec1u ki\u1ec7n nhi\u1ec7t \u0111\u1ed9 th\u1ea5p c\u1ea7n m\u1ee1 ch\u1ed1ng \u0111\u00f4ng)<\/td>\n<\/tr>\n<tr>\n<td>S\u1ed1 l\u01b0\u1ee3ng c\u1eeda h\u00e0ng<\/td>\n<td>1<\/td>\n<\/tr>\n<tr>\n<td>S\u1ee9c ch\u1ee9a h\u1ed3 ch\u1ee9a<\/td>\n<td>600mL<\/td>\n<\/tr>\n<tr>\n<td>Ch\u1ea5t b\u00f4i tr\u01a1n<\/td>\n<td>L\u00ean \u0111\u1ebfn NLGI #3<\/td>\n<\/tr>\n<tr>\n<td>P\u00edt t\u00f4ng<\/td>\n<td>\u0110\u01b0\u1eddng k\u00ednh 8mm<\/td>\n<\/tr>\n<tr>\n<td>\u00c1p su\u1ea5t v\u1eadn h\u00e0nh t\u1ed1i \u0111a<\/td>\n<td>60MPa<\/td>\n<\/tr>\n<tr>\n<td>Ch\u1ee9ng nh\u1eadn<\/td>\n<td>Ti\u00eau chu\u1ea9n<\/td>\n<\/tr>\n<\/tbody>\n<\/table>\n<h2>C\u00e1c bi\u1ec7n ph\u00e1p ph\u00f2ng ng\u1eeba<\/h2>\n<p>1. Th\u00e1o \u0111\u1ea7u s\u00fang m\u1ee1 \u0111\u1ec3 t\u00e1ch \u0111\u1ea7u s\u00fang m\u1ee1 ra kh\u1ecfi n\u00f2ng s\u00fang.<br \/>\n2. Kh\u00f3a t\u1ea5m kh\u00f3a \u1edf \u0111\u1ea7u n\u00f2ng v\u00e0 \u0111\u1ea9y tay c\u1ea7m \u1edf \u0111\u1ea7u n\u00f2ng v\u1ec1 ph\u00eda cu\u1ed1i.<br \/>\n3. Nh\u00fang \u0111\u1ea7u s\u00fang b\u01a1m m\u1ee1 v\u00e0o th\u00f9ng m\u1ee1 s\u00e2u kho\u1ea3ng 30 mm, k\u00e9o tay c\u1ea7m \u1edf \u0111\u1ea7u th\u00f9ng \u0111\u1ec3 h\u00fat m\u1ee1 v\u00e0o th\u00f9ng.<br \/>\n4. V\u1eb7n l\u1ea1i \u0111\u1ea7u s\u00fang m\u1ee1, \u1ea5n v\u00e0o t\u1ea5m kh\u00f3a \u1edf \u0111\u1ea7u n\u00f2ng s\u00fang v\u00e0 \u0111\u1ea9y tay c\u1ea7m \u0111\u1ec3 b\u1eaft \u0111\u1ea7u x\u1ea3 m\u1ee1.<br \/>\n5. D\u00f9ng \u0111\u1ea7u ng\u00f3n tay \u0111\u1ec3 \u0111i\u1ec1u khi\u1ec3n l\u1ed7 x\u1ea3. Khi b\u1ea1n th\u1ea5y m\u1ee1 ch\u1ea3y ra t\u1eeb l\u1ed7 x\u1ea3 th\u00ec qu\u00e1 tr\u00ecnh x\u1ea3 \u0111\u00e3 ho\u00e0n t\u1ea5t.<br \/>\n6. Sau khi \u0111\u1ed5 \u0111\u1ea7y, x\u00e1c nh\u1eadn v\u1ecb tr\u00ed th\u00eam m\u1ee1 c\u1ee7a thi\u1ebft b\u1ecb, ho\u00e0n t\u1ea5t k\u1ebft n\u1ed1i v\u00f2i phun v\u00e0 d\u00f9ng l\u1ef1c tay l\u1eafc tay c\u1ea7m \u0111\u1ec3 th\u00eam m\u1ee1.<\/p>\n<h2>H\u01b0\u1edbng d\u1eabn s\u1eed d\u1ee5ng<\/h2>\n<div class=\"sdm_download_button_box_default\"><div class=\"sdm_download_link\"><a href=\"https:\/\/www.jinpinlub.com\/vi\/?sdm_process_download=1&download_id=3824\" class=\"sdm_download white\" title=\"Ri\u00eang t\u01b0: KVT Manual Grease Gun\" target=\"&quot;_blank&quot;\">Xem B\u1ea3ng d\u1eef li\u1ec7u - S\u00fang b\u01a1m m\u1ee1 th\u1ee7 c\u00f4ng KVT<\/a><\/div><\/div>","protected":false},"excerpt":{"rendered":"<p>S\u00fang b\u01a1m m\u1ee1 th\u1ee7 c\u00f4ng l\u00e0 d\u1ee5ng c\u1ee5 th\u1ee7 c\u00f4ng d\u00f9ng \u0111\u1ec3 b\u01a1m m\u1ee1 v\u00e0o c\u00e1c thi\u1ebft b\u1ecb c\u01a1 kh\u00ed. S\u00fang c\u00f3 dung t\u00edch l\u1edbn, kh\u1ea3 n\u0103ng ch\u1ecbu \u00e1p l\u1ef1c m\u1ea1nh, thi\u1ebft k\u1ebf an to\u00e0n, v\u1eadn h\u00e0nh \u0111\u01a1n gi\u1ea3n, d\u1ec5 mang theo. \u0110\u00e2y l\u00e0 d\u1ee5ng c\u1ee5 thi\u1ebft y\u1ebfu cho ng\u01b0\u1eddi v\u1eadn h\u00e0nh m\u00e1y m\u00f3c n\u00f4ng nghi\u1ec7p v\u00e0 trung t\u00e2m b\u1ea3o d\u01b0\u1ee1ng.<\/p>","protected":false},"featured_media":3818,"template":"","meta":{"ocean_post_layout":"","ocean_both_sidebars_style":"","ocean_both_sidebars_content_width":0,"ocean_both_sidebars_sidebars_width":0,"ocean_sidebar":"0","ocean_second_sidebar":"0","ocean_disable_margins":"enable","ocean_add_body_class":"","ocean_shortcode_before_top_bar":"","ocean_shortcode_after_top_bar":"","ocean_shortcode_before_header":"","ocean_shortcode_after_header":"","ocean_has_shortcode":"","ocean_shortcode_after_title":"","ocean_shortcode_before_footer_widgets":"","ocean_shortcode_after_footer_widgets":"","ocean_shortcode_before_footer_bottom":"","ocean_shortcode_after_footer_bottom":"","ocean_display_top_bar":"default","ocean_display_header":"default","ocean_header_style":"","ocean_center_header_left_menu":"0","ocean_custom_header_template":"0","ocean_custom_logo":0,"ocean_custom_retina_logo":0,"ocean_custom_logo_max_width":0,"ocean_custom_logo_tablet_max_width":0,"ocean_custom_logo_mobile_max_width":0,"ocean_custom_logo_max_height":0,"ocean_custom_logo_tablet_max_height":0,"ocean_custom_logo_mobile_max_height":0,"ocean_header_custom_menu":"0","ocean_menu_typo_font_family":"0","ocean_menu_typo_font_subset":"","ocean_menu_typo_font_size":0,"ocean_menu_typo_font_size_tablet":0,"ocean_menu_typo_font_size_mobile":0,"ocean_menu_typo_font_size_unit":"px","ocean_menu_typo_font_weight":"","ocean_menu_typo_font_weight_tablet":"","ocean_menu_typo_font_weight_mobile":"","ocean_menu_typo_transform":"","ocean_menu_typo_transform_tablet":"","ocean_menu_typo_transform_mobile":"","ocean_menu_typo_line_height":0,"ocean_menu_typo_line_height_tablet":0,"ocean_menu_typo_line_height_mobile":0,"ocean_menu_typo_line_height_unit":"","ocean_menu_typo_spacing":0,"ocean_menu_typo_spacing_tablet":0,"ocean_menu_typo_spacing_mobile":0,"ocean_menu_typo_spacing_unit":"","ocean_menu_link_color":"","ocean_menu_link_color_hover":"","ocean_menu_link_color_active":"","ocean_menu_link_background":"","ocean_menu_link_hover_background":"","ocean_menu_link_active_background":"","ocean_menu_social_links_bg":"","ocean_menu_social_hover_links_bg":"","ocean_menu_social_links_color":"","ocean_menu_social_hover_links_color":"","ocean_disable_title":"default","ocean_disable_heading":"default","ocean_post_title":"","ocean_post_subheading":"","ocean_post_title_style":"","ocean_post_title_background_color":"","ocean_post_title_background":0,"ocean_post_title_bg_image_position":"","ocean_post_title_bg_image_attachment":"","ocean_post_title_bg_image_repeat":"","ocean_post_title_bg_image_size":"","ocean_post_title_height":0,"ocean_post_title_bg_overlay":0.5,"ocean_post_title_bg_overlay_color":"","ocean_disable_breadcrumbs":"default","ocean_breadcrumbs_color":"","ocean_breadcrumbs_separator_color":"","ocean_breadcrumbs_links_color":"","ocean_breadcrumbs_links_hover_color":"","ocean_display_footer_widgets":"default","ocean_display_footer_bottom":"default","ocean_custom_footer_template":"0","osh_disable_topbar_sticky":"default","osh_disable_header_sticky":"default","osh_sticky_header_style":"default","osh_sticky_header_effect":"","osh_custom_sticky_logo":0,"osh_custom_retina_sticky_logo":0,"osh_custom_sticky_logo_height":0,"osh_background_color":"","osh_links_color":"","osh_links_hover_color":"","osh_links_active_color":"","osh_links_bg_color":"","osh_links_hover_bg_color":"","osh_links_active_bg_color":"","osh_menu_social_links_color":"","osh_menu_social_hover_links_color":""},"product_brand":[],"product_cat":[32],"product_tag":[327,326,328,325,324],"class_list":{"0":"post-3826","1":"product","2":"type-product","3":"status-publish","4":"has-post-thumbnail","6":"product_cat-lubricant-filling-pumps","7":"product_tag-grease-filler","8":"product_tag-grease-filling-gun","9":"product_tag-grease-syringe","10":"product_tag-hand-operated-grease-gun","11":"product_tag-manual-grease-gun","13":"entry","14":"has-media","16":"first","17":"instock","18":"shipping-taxable","19":"product-type-external","20":"col","21":"span_1_of_3","22":"owp-content-center","23":"owp-thumbs-layout-horizontal","24":"owp-btn-very-big","25":"owp-tabs-layout-horizontal"},"_links":{"self":[{"href":"https:\/\/www.jinpinlub.com\/vi\/wp-json\/wp\/v2\/product\/3826","targetHints":{"allow":["GET"]}}],"collection":[{"href":"https:\/\/www.jinpinlub.com\/vi\/wp-json\/wp\/v2\/product"}],"about":[{"href":"https:\/\/www.jinpinlub.com\/vi\/wp-json\/wp\/v2\/types\/product"}],"wp:featuredmedia":[{"embeddable":true,"href":"https:\/\/www.jinpinlub.com\/vi\/wp-json\/wp\/v2\/media\/3818"}],"wp:attachment":[{"href":"https:\/\/www.jinpinlub.com\/vi\/wp-json\/wp\/v2\/media?parent=3826"}],"wp:term":[{"taxonomy":"product_brand","embeddable":true,"href":"https:\/\/www.jinpinlub.com\/vi\/wp-json\/wp\/v2\/product_brand?post=3826"},{"taxonomy":"product_cat","embeddable":true,"href":"https:\/\/www.jinpinlub.com\/vi\/wp-json\/wp\/v2\/product_cat?post=3826"},{"taxonomy":"product_tag","embeddable":true,"href":"https:\/\/www.jinpinlub.com\/vi\/wp-json\/wp\/v2\/product_tag?post=3826"}],"curies":[{"name":"wp","href":"https:\/\/api.w.org\/{rel}","templated":true}]}}