{"id":3828,"date":"2024-10-21T15:11:16","date_gmt":"2024-10-21T07:11:16","guid":{"rendered":"https:\/\/www.jinpinlub.com\/?post_type=product&#038;p=3828"},"modified":"2024-10-29T17:04:52","modified_gmt":"2024-10-29T09:04:52","slug":"may-chiet-mo-lithium-ap-suat-cuc-cao-jdy-50s","status":"publish","type":"product","link":"https:\/\/www.jinpinlub.com\/vi\/product\/jdy-50s-ultra-high-pressure-lithium-grease-filling-machine\/","title":{"rendered":"M\u00e1y chi\u1ebft r\u00f3t m\u1ee1 Lithium \u00e1p su\u1ea5t c\u1ef1c cao JDY-50S"},"content":{"rendered":"<h2>\u0110\u1eb7c tr\u01b0ng<\/h2>\n<p>C\u1ed5ng h\u00fat d\u1ea7u c\u1ee7a b\u01a1m b\u00f4i tr\u01a1n \u0111\u01b0\u1ee3c trang b\u1ecb b\u1ed9 l\u1ecdc \u0111\u1ec3 ng\u0103n t\u1ea1p ch\u1ea5t x\u00e2m nh\u1eadp v\u00e0o th\u00e2n b\u01a1m. L\u00f5i b\u01a1m s\u1eed d\u1ee5ng ph\u1edbt d\u1ea7u polyurethane ch\u1ea5t l\u01b0\u1ee3ng cao c\u00f3 kh\u1ea3 n\u0103ng ch\u1ed1ng m\u00e0i m\u00f2n m\u1ea1nh h\u01a1n. \u0110\u01b0\u1ee3c thi\u1ebft k\u1ebf \u0111\u1eb7c bi\u1ec7t cho m\u1ee1 c\u00f3 \u0111\u1ed9 nh\u1edbt cao v\u00e0 t\u01b0\u01a1ng th\u00edch t\u1ed1t h\u01a1n v\u1edbi m\u1ee1 c\u00f3 \u0111\u1ed9 nh\u1edbt cao. C\u1eeda h\u00fat kh\u00ed c\u1ee7a \u0111\u1ea7u b\u01a1m kh\u00ed n\u00e9n \u0111\u01b0\u1ee3c trang b\u1ecb b\u1ed9 t\u00e1ch d\u1ea7u-n\u01b0\u1edbc hai c\u1ed1c. M\u00e1y chi\u1ebft r\u00f3t n\u00e0y t\u01b0\u01a1ng th\u00edch v\u1edbi c\u00e1c lo\u1ea1i d\u1ea7u kh\u00f4ng \u0103n m\u00f2n v\u00e0 ph\u00f9 h\u1ee3p v\u1edbi: m\u1ee1 g\u1ed1c lithium NLGI 00#~3# v\u00e0 m\u1ee1 \u0111\u1eb7c bi\u1ec7t ch\u1ecbu nhi\u1ec7t \u0111\u1ed9 cao.<\/p>\n<h2>\u0110\u1eb7c \u0111i\u1ec3m k\u1ef9 thu\u1eadt<\/h2>\n<table>\n<tbody>\n<tr>\n<td>T\u1ef7 l\u1ec7 \u00e1p su\u1ea5t<\/td>\n<td>80:1<\/td>\n<\/tr>\n<tr>\n<td>\u00c1p su\u1ea5t t\u1ed1i \u0111a<\/td>\n<td>80MPa<\/td>\n<\/tr>\n<tr>\n<td>L\u01b0u l\u01b0\u1ee3ng t\u1ed1i \u0111a<\/td>\n<td>600-900g\/ph\u00fat<\/td>\n<\/tr>\n<tr>\n<td>Ch\u1ea5t b\u00f4i tr\u01a1n<\/td>\n<td>NLGI 00# ~ 3#<\/td>\n<\/tr>\n<tr>\n<td>Ph\u1ea1m vi \u00e1p su\u1ea5t<\/td>\n<td>0,5-0,9MPa<\/td>\n<\/tr>\n<tr>\n<td>Nhi\u1ec7t \u0111\u1ed9<\/td>\n<td>80\u2103<\/td>\n<\/tr>\n<tr>\n<td>\u0110\u1ea7u truy\u1ec1n t\u1ea3i<\/td>\n<td>80 ph\u00fat<\/td>\n<\/tr>\n<tr>\n<td>Chi\u1ec1u d\u00e0i \u1ed1ng<\/td>\n<td>10 ph\u00fat\/15 ph\u00fat<\/td>\n<\/tr>\n<tr>\n<td>\u0110\u1ed5 m\u1ee1<\/td>\n<td>Th\u00f9ng 15-20kg<\/td>\n<\/tr>\n<tr>\n<td>C\u00e2n n\u1eb7ng<\/td>\n<td>15kg<\/td>\n<\/tr>\n<tr>\n<td>Bao b\u00ec<\/td>\n<td>800*400*400mm<\/td>\n<\/tr>\n<\/tbody>\n<\/table>\n<h2>C\u00e1c bi\u1ec7n ph\u00e1p ph\u00f2ng ng\u1eeba<\/h2>\n<p>1. \u0110\u00e2y l\u00e0 m\u00e1y n\u1ea1p m\u1ee1 b\u1eb1ng kh\u00ed n\u00e9n v\u00e0 c\u1ea7n ph\u1ea3i \u0111\u01b0\u1ee3c k\u1ebft n\u1ed1i v\u1edbi ngu\u1ed3n kh\u00ed tr\u01b0\u1edbc khi s\u1eed d\u1ee5ng.<br \/>\n2. Nghi\u00eam c\u1ea5m s\u1eed d\u1ee5ng ngu\u1ed3n \u0111i\u1ec7n kh\u00ed d\u1ec5 ch\u00e1y cho m\u00e1y b\u00f4i tr\u01a1n, n\u1ebfu kh\u00f4ng s\u1ebd t\u1ef1 ch\u1ecbu tr\u00e1ch nhi\u1ec7m v\u1ec1 h\u1eadu qu\u1ea3.<br \/>\n3. M\u00e1y n\u1ea1p m\u1ee1 c\u1ea7n ph\u1ea3i t\u01b0\u01a1ng th\u00edch v\u1edbi c\u00e1c lo\u1ea1i ch\u1ea5t b\u00f4i tr\u01a1n kh\u00e1c nhau theo m\u00f9a: NLGI 1#~2# v\u00e0o m\u00f9a xu\u00e2n v\u00e0 m\u00f9a thu, NLGI 2#~3# v\u00e0o m\u00f9a h\u00e8 v\u00e0 NLGI 0#~2# v\u00e0o m\u00f9a \u0111\u00f4ng.<br \/>\n4. N\u1ebfu kh\u00f4ng c\u1ea7n thi\u1ebft ph\u1ea3i l\u00e0m vi\u1ec7c, kh\u00f4ng n\u00ean s\u1eed d\u1ee5ng m\u00e1y b\u01a1m m\u1ee1 kh\u00f4ng t\u1ea3i trong th\u1eddi gian d\u00e0i \u0111\u1ec3 tr\u00e1nh l\u00e0m h\u1ecfng c\u00e1c b\u1ed9 ph\u1eadn b\u00ean trong.<br \/>\n5. Kh\u00f4ng \u0111\u01b0\u1ee3c s\u1eed d\u1ee5ng m\u00e1y n\u00e0y \u0111\u1ec3 phun thu\u1ed1c v\u00e0o ng\u01b0\u1eddi v\u00e0 \u0111\u1ed9ng v\u1eadt.<br \/>\n6. Khi m\u00e1y b\u01a1m m\u1ee1 ng\u1eebng ho\u1ea1t \u0111\u1ed9ng, vui l\u00f2ng t\u1eaft ngu\u1ed3n kh\u00ed v\u00e0 b\u1eafn \u0111\u1ec3 gi\u1ea3i ph\u00f3ng \u00e1p su\u1ea5t trong \u1ed1ng.<br \/>\n7. Ch\u00fa \u00fd b\u1ea3o d\u01b0\u1ee1ng m\u00e1y b\u00f4i m\u1ee1 th\u01b0\u1eddng xuy\u00ean v\u00e0 v\u1ec7 sinh \u1ed1ng d\u1eabn.<\/p>\n<h2>H\u01b0\u1edbng d\u1eabn s\u1eed d\u1ee5ng<\/h2>\n<div class=\"sdm_download_button_box_default\"><div class=\"sdm_download_link\"><a href=\"https:\/\/www.jinpinlub.com\/vi\/?sdm_process_download=1&download_id=3825\" class=\"sdm_download white\" title=\"Ri\u00eang t\u01b0: JDY-50S Filling Pump\" target=\"&quot;_blank&quot;\">Xem B\u1ea3ng d\u1eef li\u1ec7u - B\u01a1m chi\u1ebft r\u00f3t JDY-50S<\/a><\/div><\/div>","protected":false},"excerpt":{"rendered":"<p>JDY-50 l\u00e0 m\u00e1y b\u01a1m m\u1ee1 kh\u00ed n\u00e9n cao \u00e1p, v\u1eadn h\u00e0nh \u0111\u01a1n gi\u1ea3n, l\u01b0u l\u01b0\u1ee3ng l\u1edbn, d\u00f9ng cho b\u1ea3o d\u01b0\u1ee1ng \u00f4 t\u00f4, s\u01a1n, v\u1eadn chuy\u1ec3n, d\u1ee5ng c\u1ee5 c\u01a1 kh\u00ed, k\u1ef9 thu\u1eadt \u0111i\u1ec7n gi\u00f3, nh\u00e0 m\u00e1y \u0111i\u1ec7n, m\u00e1y m\u00f3c n\u00f4ng nghi\u1ec7p, s\u1ea3n xu\u1ea5t kim lo\u1ea1i, v.v.<\/p>","protected":false},"featured_media":3814,"template":"","meta":{"ocean_post_layout":"","ocean_both_sidebars_style":"","ocean_both_sidebars_content_width":0,"ocean_both_sidebars_sidebars_width":0,"ocean_sidebar":"0","ocean_second_sidebar":"0","ocean_disable_margins":"enable","ocean_add_body_class":"","ocean_shortcode_before_top_bar":"","ocean_shortcode_after_top_bar":"","ocean_shortcode_before_header":"","ocean_shortcode_after_header":"","ocean_has_shortcode":"","ocean_shortcode_after_title":"","ocean_shortcode_before_footer_widgets":"","ocean_shortcode_after_footer_widgets":"","ocean_shortcode_before_footer_bottom":"","ocean_shortcode_after_footer_bottom":"","ocean_display_top_bar":"default","ocean_display_header":"default","ocean_header_style":"","ocean_center_header_left_menu":"0","ocean_custom_header_template":"0","ocean_custom_logo":0,"ocean_custom_retina_logo":0,"ocean_custom_logo_max_width":0,"ocean_custom_logo_tablet_max_width":0,"ocean_custom_logo_mobile_max_width":0,"ocean_custom_logo_max_height":0,"ocean_custom_logo_tablet_max_height":0,"ocean_custom_logo_mobile_max_height":0,"ocean_header_custom_menu":"0","ocean_menu_typo_font_family":"0","ocean_menu_typo_font_subset":"","ocean_menu_typo_font_size":0,"ocean_menu_typo_font_size_tablet":0,"ocean_menu_typo_font_size_mobile":0,"ocean_menu_typo_font_size_unit":"px","ocean_menu_typo_font_weight":"","ocean_menu_typo_font_weight_tablet":"","ocean_menu_typo_font_weight_mobile":"","ocean_menu_typo_transform":"","ocean_menu_typo_transform_tablet":"","ocean_menu_typo_transform_mobile":"","ocean_menu_typo_line_height":0,"ocean_menu_typo_line_height_tablet":0,"ocean_menu_typo_line_height_mobile":0,"ocean_menu_typo_line_height_unit":"","ocean_menu_typo_spacing":0,"ocean_menu_typo_spacing_tablet":0,"ocean_menu_typo_spacing_mobile":0,"ocean_menu_typo_spacing_unit":"","ocean_menu_link_color":"","ocean_menu_link_color_hover":"","ocean_menu_link_color_active":"","ocean_menu_link_background":"","ocean_menu_link_hover_background":"","ocean_menu_link_active_background":"","ocean_menu_social_links_bg":"","ocean_menu_social_hover_links_bg":"","ocean_menu_social_links_color":"","ocean_menu_social_hover_links_color":"","ocean_disable_title":"default","ocean_disable_heading":"default","ocean_post_title":"","ocean_post_subheading":"","ocean_post_title_style":"","ocean_post_title_background_color":"","ocean_post_title_background":0,"ocean_post_title_bg_image_position":"","ocean_post_title_bg_image_attachment":"","ocean_post_title_bg_image_repeat":"","ocean_post_title_bg_image_size":"","ocean_post_title_height":0,"ocean_post_title_bg_overlay":0.5,"ocean_post_title_bg_overlay_color":"","ocean_disable_breadcrumbs":"default","ocean_breadcrumbs_color":"","ocean_breadcrumbs_separator_color":"","ocean_breadcrumbs_links_color":"","ocean_breadcrumbs_links_hover_color":"","ocean_display_footer_widgets":"default","ocean_display_footer_bottom":"default","ocean_custom_footer_template":"0","osh_disable_topbar_sticky":"default","osh_disable_header_sticky":"default","osh_sticky_header_style":"default","osh_sticky_header_effect":"","osh_custom_sticky_logo":0,"osh_custom_retina_sticky_logo":0,"osh_custom_sticky_logo_height":0,"osh_background_color":"","osh_links_color":"","osh_links_hover_color":"","osh_links_active_color":"","osh_links_bg_color":"","osh_links_hover_bg_color":"","osh_links_active_bg_color":"","osh_menu_social_links_color":"","osh_menu_social_hover_links_color":""},"product_brand":[],"product_cat":[32],"product_tag":[331,333,332,330,329],"class_list":{"0":"post-3828","1":"product","2":"type-product","3":"status-publish","4":"has-post-thumbnail","6":"product_cat-lubricant-filling-pumps","7":"product_tag-butter-filling-gun","8":"product_tag-high-pressure-grease-injector","9":"product_tag-mobile-grease-machine","10":"product_tag-oil-filling-machine","11":"product_tag-pneumatic-butter-machine","13":"entry","14":"has-media","16":"first","17":"instock","18":"shipping-taxable","19":"product-type-external","20":"col","21":"span_1_of_3","22":"owp-content-center","23":"owp-thumbs-layout-horizontal","24":"owp-btn-very-big","25":"owp-tabs-layout-horizontal"},"_links":{"self":[{"href":"https:\/\/www.jinpinlub.com\/vi\/wp-json\/wp\/v2\/product\/3828","targetHints":{"allow":["GET"]}}],"collection":[{"href":"https:\/\/www.jinpinlub.com\/vi\/wp-json\/wp\/v2\/product"}],"about":[{"href":"https:\/\/www.jinpinlub.com\/vi\/wp-json\/wp\/v2\/types\/product"}],"wp:featuredmedia":[{"embeddable":true,"href":"https:\/\/www.jinpinlub.com\/vi\/wp-json\/wp\/v2\/media\/3814"}],"wp:attachment":[{"href":"https:\/\/www.jinpinlub.com\/vi\/wp-json\/wp\/v2\/media?parent=3828"}],"wp:term":[{"taxonomy":"product_brand","embeddable":true,"href":"https:\/\/www.jinpinlub.com\/vi\/wp-json\/wp\/v2\/product_brand?post=3828"},{"taxonomy":"product_cat","embeddable":true,"href":"https:\/\/www.jinpinlub.com\/vi\/wp-json\/wp\/v2\/product_cat?post=3828"},{"taxonomy":"product_tag","embeddable":true,"href":"https:\/\/www.jinpinlub.com\/vi\/wp-json\/wp\/v2\/product_tag?post=3828"}],"curies":[{"name":"wp","href":"https:\/\/api.w.org\/{rel}","templated":true}]}}