{"id":3837,"date":"2024-10-30T03:05:19","date_gmt":"2024-10-29T19:05:19","guid":{"rendered":"https:\/\/www.jinpinlub.com\/?post_type=product&#038;p=3837"},"modified":"2024-10-30T03:15:16","modified_gmt":"2024-10-29T19:15:16","slug":"jom-pneumatic-dau-khong-khi-hon-hop-dau-phun-suong-boi-tron-co-the-dieu-chinh","status":"publish","type":"product","link":"https:\/\/www.jinpinlub.com\/vi\/product\/jom-pneumatic-oil-air-mixed-adjustable-oil-mist-lubricator\/","title":{"rendered":"M\u00e1y phun s\u01b0\u01a1ng d\u1ea7u kh\u00ed n\u00e9n JOM c\u00f3 th\u1ec3 \u0111i\u1ec1u ch\u1ec9nh"},"content":{"rendered":"<h2>\u0110\u1eb7c tr\u01b0ng<\/h2>\n<p>1. B\u01a1m phun s\u01b0\u01a1ng d\u1ea7u JOM th\u00edch h\u1ee3p cho vi\u1ec7c b\u00f4i tr\u01a1n c\u1eaft t\u1ed1c \u0111\u1ed9 cao, b\u00f4i tr\u01a1n di\u1ec7n t\u00edch l\u1edbn, b\u00f4i tr\u01a1n gia c\u00f4ng \u0111\u1eb7c bi\u1ec7t v\u00e0 l\u00e0m m\u00e1t.<br \/>\n2. \u0110\u1ea7u ra c\u1ee7a b\u01a1m phun s\u01b0\u01a1ng d\u1ea7u c\u00f3 th\u1ec3 \u0111\u01b0\u1ee3c trang b\u1ecb nhi\u1ec1u lo\u1ea1i v\u00f2i phun kh\u00e1c nhau, ph\u00f9 h\u1ee3p v\u1edbi nhi\u1ec1u lo\u1ea1i d\u1ee5ng c\u1ee5 c\u1eaft kh\u00e1c nhau.<br \/>\n3. B\u01a1m s\u01b0\u01a1ng d\u1ea7u \u0111\u01b0\u1ee3c trang b\u1ecb n\u00fam \u0111i\u1ec1u ch\u1ec9nh l\u01b0\u1ee3ng d\u1ea7u, c\u00f3 th\u1ec3 \u0111i\u1ec1u ch\u1ec9nh l\u01b0\u1ee3ng d\u1ea7u. Xoay n\u00fam \u0111i\u1ec1u ch\u1ec9nh l\u01b0\u1ee3ng d\u1ea7u ng\u01b0\u1ee3c chi\u1ec1u kim \u0111\u1ed3ng h\u1ed3, l\u01b0\u1ee3ng kh\u00ed c\u00e0ng l\u1edbn, l\u01b0\u1ee3ng s\u01b0\u01a1ng d\u1ea7u c\u00e0ng nhi\u1ec1u. Xoay theo chi\u1ec1u kim \u0111\u1ed3ng h\u1ed3, l\u01b0\u1ee3ng s\u01b0\u01a1ng d\u1ea7u c\u00e0ng \u00edt.<br \/>\n4. C\u1eeda s\u1ed5 trong su\u1ed1t hi\u1ec3n th\u1ecb gi\u1ecdt d\u1ea7u c\u00f3 th\u1ec3 quan s\u00e1t xem b\u01a1m c\u00f3 b\u00ecnh th\u01b0\u1eddng kh\u00f4ng v\u00e0 g\u01b0\u01a1ng d\u1ea7u c\u00f3 th\u1ec3 quan s\u00e1t m\u1ee9c d\u1ea7u.<br \/>\n5. Ngu\u1ed3n \u00e1p su\u1ea5t kh\u00f4ng kh\u00ed c\u1ee7a b\u01a1m s\u01b0\u01a1ng d\u1ea7u c\u00f3 th\u1ec3 \u0111\u01b0\u1ee3c d\u1eabn \u0111\u1ed9ng tr\u1ef1c ti\u1ebfp b\u1eb1ng m\u00e1y n\u00e9n kh\u00ed ho\u1eb7c c\u00f3 th\u1ec3 s\u1eed d\u1ee5ng van \u0111i\u1ec7n t\u1eeb \u0111\u1ec3 \u0111i\u1ec1u khi\u1ec3n ho\u1ea1t \u0111\u1ed9ng b\u1eadt\/t\u1eaft c\u1ee7a ngu\u1ed3n kh\u00f4ng kh\u00ed.<br \/>\n6. Ph\u1ea1m vi ngu\u1ed3n \u00e1p su\u1ea5t kh\u00f4ng kh\u00ed l\u00e0 4~8bar, hi\u1ec7u \u1ee9ng phun s\u01b0\u01a1ng l\u00e0 t\u1ed1t nh\u1ea5t.<br \/>\n7. Vui l\u00f2ng s\u1eed d\u1ee5ng d\u1ea7u b\u00f4i tr\u01a1n ho\u1eb7c n\u01b0\u1edbc c\u1eaft c\u00f3 \u0111\u1ed9 nh\u1edbt trong kho\u1ea3ng 22-68cst@40\u2103, nh\u01b0ng kh\u00f4ng \u0111\u01b0\u1ee3c ph\u00e9p th\u00eam d\u1ea7u d\u1ec5 bay h\u01a1i nh\u01b0 este, d\u1ea7u g\u1ed1c ethylene glycol.<\/p>\n<h2>\u0110\u1eb7c \u0111i\u1ec3m k\u1ef9 thu\u1eadt<\/h2>\n<table>\n<tbody>\n<tr>\n<td>C\u1eeda v\u00e0o kh\u00f4ng kh\u00ed<\/td>\n<td>PT\/4<\/td>\n<\/tr>\n<tr>\n<td>\u0110\u1ea7u ra s\u01b0\u01a1ng d\u1ea7u<\/td>\n<td>PT\/4<\/td>\n<\/tr>\n<tr>\n<td>Ph\u1ea1m vi \u00e1p su\u1ea5t<\/td>\n<td>T\u1ed1i \u0111a 15bar<\/td>\n<\/tr>\n<tr>\n<td>Dung t\u00edch<\/td>\n<td>2L, 4L, 6L<\/td>\n<\/tr>\n<tr>\n<td>Nhi\u1ec7t \u0111\u1ed9 l\u00e0m vi\u1ec7c<\/td>\n<td>5\u2103~60\u2103<\/td>\n<\/tr>\n<tr>\n<td>\u0110\u1ea7u truy\u1ec1n t\u1ea3i<\/td>\n<td>80 ph\u00fat<\/td>\n<\/tr>\n<tr>\n<td>\u0110\u1ed5 m\u1ee1<\/td>\n<td>Th\u00f9ng 15-20kg<\/td>\n<\/tr>\n<tr>\n<td>C\u00e2n n\u1eb7ng<\/td>\n<td>5~10kg<\/td>\n<\/tr>\n<\/tbody>\n<\/table>\n<h2>C\u00e1c bi\u1ec7n ph\u00e1p ph\u00f2ng ng\u1eeba<\/h2>\n<p>1. Sau khi s\u1eed d\u1ee5ng b\u01a1m b\u00f4i tr\u01a1n s\u01b0\u01a1ng d\u1ea7u trong th\u1eddi gian d\u00e0i, t\u1ea5t c\u1ea3 c\u00e1c \u0111\u01b0\u1eddng \u1ed1ng, \u1ed1ng m\u1ec1m v\u00e0 k\u1ebft n\u1ed1i ph\u1ea3i \u0111\u01b0\u1ee3c ki\u1ec3m tra th\u01b0\u1eddng xuy\u00ean \u0111\u1ec3 x\u00e1c nh\u1eadn xem c\u00f3 r\u00f2 r\u1ec9 ho\u1eb7c h\u01b0 h\u1ecfng c\u00f3 th\u1ec3 nh\u00ecn th\u1ea5y t\u1eeb b\u00ean ngo\u00e0i kh\u00f4ng. N\u1ebfu c\u00f3, ch\u00fang ph\u1ea3i \u0111\u01b0\u1ee3c s\u1eeda ch\u1eefa ngay l\u1eadp t\u1ee9c.<br \/>\n2. Vui l\u00f2ng gi\u1eef g\u00ecn s\u00e1ch h\u01b0\u1edbng d\u1eabn s\u1eed d\u1ee5ng n\u00e0y c\u1ea9n th\u1eadn v\u00e0 \u0111\u1ec3 \u1edf n\u01a1i d\u1ec5 l\u1ea5y.<br \/>\n3. N\u00ean ki\u1ec3m tra b\u01a1m b\u00f4i tr\u01a1n s\u01b0\u01a1ng d\u1ea7u h\u00e0ng ng\u00e0y \u0111\u1ec3 \u0111\u1ea3m b\u1ea3o an to\u00e0n v\u00e0 ho\u1ea1t \u0111\u1ed9ng t\u1ed1t. C\u1ea7n ki\u1ec3m tra to\u00e0n di\u1ec7n h\u01a1n s\u00e1u th\u00e1ng m\u1ed9t l\u1ea7n \u0111\u1ec3 ki\u1ec3m tra xem thi\u1ebft b\u1ecb c\u00f3 b\u1ecb m\u00f2n ho\u1eb7c c\u0169 kh\u00f4ng.<br \/>\n4. Tr\u01b0\u1edbc khi b\u1ea3o tr\u00ec ho\u1eb7c s\u1eeda ch\u1eefa b\u01a1m b\u00f4i tr\u01a1n s\u01b0\u01a1ng d\u1ea7u, h\u00e3y \u0111\u1ea3m b\u1ea3o r\u1eb1ng thi\u1ebft b\u1ecb truy\u1ec1n \u0111\u1ed9ng s\u1ebd kh\u00f4ng kh\u1edfi \u0111\u1ed9ng v\u00f4 t\u00ecnh v\u00e0 d\u1eebng l\u1ea1i c\u0169ng nh\u01b0 ng\u1eaft ngu\u1ed3n \u0111i\u1ec7n tr\u01b0\u1edbc khi x\u1eed l\u00fd, n\u1ebfu kh\u00f4ng c\u00f3 th\u1ec3 g\u00e2y th\u01b0\u01a1ng t\u00edch c\u00e1 nh\u00e2n.<br \/>\n5. M\u1ee5c \u0111\u00edch c\u1ee7a b\u1ea3o tr\u00ec th\u01b0\u1eddng xuy\u00ean l\u00e0 \u0111\u1ec3 \u0111\u1ea3m b\u1ea3o thi\u1ebft b\u1ecb ho\u1ea1t \u0111\u1ed9ng b\u00ecnh th\u01b0\u1eddng v\u00e0 ph\u00e1t huy t\u1ed1i \u0111a hi\u1ec7u qu\u1ea3 c\u1ee7a n\u00f3. Do \u0111\u00f3, ch\u1ea5t l\u01b0\u1ee3ng b\u1ea3o tr\u00ec t\u1ed1t c\u00f3 th\u1ec3 duy tr\u00ec ho\u1ea1t \u0111\u1ed9ng b\u00ecnh th\u01b0\u1eddng c\u1ee7a thi\u1ebft b\u1ecb.<\/p>\n<h2>H\u01b0\u1edbng d\u1eabn s\u1eed d\u1ee5ng<\/h2>\n<div class=\"sdm_download_button_box_default\"><div class=\"sdm_download_link\"><a href=\"https:\/\/www.jinpinlub.com\/vi\/?sdm_process_download=1&download_id=3831\" class=\"sdm_download white\" title=\"Ri\u00eang t\u01b0: JOM Oil-mist Pump\" target=\"&quot;_blank&quot;\">Xem B\u1ea3ng d\u1eef li\u1ec7u - B\u01a1m phun s\u01b0\u01a1ng d\u1ea7u JOM<\/a><\/div><\/div>","protected":false},"excerpt":{"rendered":"<p>B\u01a1m b\u00f4i tr\u01a1n s\u01b0\u01a1ng d\u1ea7u kh\u00ed n\u00e9n JOM th\u00edch h\u1ee3p cho c\u1eaft t\u1ed1c \u0111\u1ed9 cao, b\u00f4i tr\u01a1n di\u1ec7n t\u00edch l\u1edbn, b\u00f4i tr\u01a1n gia c\u00f4ng c\u01a1 kh\u00ed v\u00e0 l\u00e0m m\u00e1t. \u0110\u01b0\u1ee3c trang b\u1ecb c\u1ea3m bi\u1ebfn m\u1ee9c d\u1ea7u th\u1ea5p v\u00e0 c\u00f3 n\u00fam \u0111i\u1ec1u ch\u1ec9nh \u0111\u1ec3 t\u0103ng ho\u1eb7c gi\u1ea3m l\u01b0\u1ee3ng s\u01b0\u01a1ng d\u1ea7u.<\/p>","protected":false},"featured_media":3833,"template":"","meta":{"ocean_post_layout":"","ocean_both_sidebars_style":"","ocean_both_sidebars_content_width":0,"ocean_both_sidebars_sidebars_width":0,"ocean_sidebar":"0","ocean_second_sidebar":"0","ocean_disable_margins":"enable","ocean_add_body_class":"","ocean_shortcode_before_top_bar":"","ocean_shortcode_after_top_bar":"","ocean_shortcode_before_header":"","ocean_shortcode_after_header":"","ocean_has_shortcode":"","ocean_shortcode_after_title":"","ocean_shortcode_before_footer_widgets":"","ocean_shortcode_after_footer_widgets":"","ocean_shortcode_before_footer_bottom":"","ocean_shortcode_after_footer_bottom":"","ocean_display_top_bar":"default","ocean_display_header":"default","ocean_header_style":"","ocean_center_header_left_menu":"0","ocean_custom_header_template":"0","ocean_custom_logo":0,"ocean_custom_retina_logo":0,"ocean_custom_logo_max_width":0,"ocean_custom_logo_tablet_max_width":0,"ocean_custom_logo_mobile_max_width":0,"ocean_custom_logo_max_height":0,"ocean_custom_logo_tablet_max_height":0,"ocean_custom_logo_mobile_max_height":0,"ocean_header_custom_menu":"0","ocean_menu_typo_font_family":"0","ocean_menu_typo_font_subset":"","ocean_menu_typo_font_size":0,"ocean_menu_typo_font_size_tablet":0,"ocean_menu_typo_font_size_mobile":0,"ocean_menu_typo_font_size_unit":"px","ocean_menu_typo_font_weight":"","ocean_menu_typo_font_weight_tablet":"","ocean_menu_typo_font_weight_mobile":"","ocean_menu_typo_transform":"","ocean_menu_typo_transform_tablet":"","ocean_menu_typo_transform_mobile":"","ocean_menu_typo_line_height":0,"ocean_menu_typo_line_height_tablet":0,"ocean_menu_typo_line_height_mobile":0,"ocean_menu_typo_line_height_unit":"","ocean_menu_typo_spacing":0,"ocean_menu_typo_spacing_tablet":0,"ocean_menu_typo_spacing_mobile":0,"ocean_menu_typo_spacing_unit":"","ocean_menu_link_color":"","ocean_menu_link_color_hover":"","ocean_menu_link_color_active":"","ocean_menu_link_background":"","ocean_menu_link_hover_background":"","ocean_menu_link_active_background":"","ocean_menu_social_links_bg":"","ocean_menu_social_hover_links_bg":"","ocean_menu_social_links_color":"","ocean_menu_social_hover_links_color":"","ocean_disable_title":"default","ocean_disable_heading":"default","ocean_post_title":"","ocean_post_subheading":"","ocean_post_title_style":"","ocean_post_title_background_color":"","ocean_post_title_background":0,"ocean_post_title_bg_image_position":"","ocean_post_title_bg_image_attachment":"","ocean_post_title_bg_image_repeat":"","ocean_post_title_bg_image_size":"","ocean_post_title_height":0,"ocean_post_title_bg_overlay":0.5,"ocean_post_title_bg_overlay_color":"","ocean_disable_breadcrumbs":"default","ocean_breadcrumbs_color":"","ocean_breadcrumbs_separator_color":"","ocean_breadcrumbs_links_color":"","ocean_breadcrumbs_links_hover_color":"","ocean_display_footer_widgets":"default","ocean_display_footer_bottom":"default","ocean_custom_footer_template":"0","osh_disable_topbar_sticky":"default","osh_disable_header_sticky":"default","osh_sticky_header_style":"default","osh_sticky_header_effect":"","osh_custom_sticky_logo":0,"osh_custom_retina_sticky_logo":0,"osh_custom_sticky_logo_height":0,"osh_background_color":"","osh_links_color":"","osh_links_hover_color":"","osh_links_active_color":"","osh_links_bg_color":"","osh_links_hover_bg_color":"","osh_links_active_bg_color":"","osh_menu_social_links_color":"","osh_menu_social_hover_links_color":""},"product_brand":[],"product_cat":[46],"product_tag":[338,337,334,336,335],"class_list":{"0":"post-3837","1":"product","2":"type-product","3":"status-publish","4":"has-post-thumbnail","6":"product_cat-oil-mist-lubrication-systems","7":"product_tag-atomizing-lubrication-pump","8":"product_tag-cooling-lubrication-pump","9":"product_tag-oil-mist-lubrication-pump","10":"product_tag-oil-air-mixing-pump","11":"product_tag-pneumatic-lubrication-pump","13":"entry","14":"has-media","16":"first","17":"instock","18":"shipping-taxable","19":"product-type-external","20":"col","21":"span_1_of_3","22":"owp-content-center","23":"owp-thumbs-layout-horizontal","24":"owp-btn-very-big","25":"owp-tabs-layout-horizontal"},"_links":{"self":[{"href":"https:\/\/www.jinpinlub.com\/vi\/wp-json\/wp\/v2\/product\/3837","targetHints":{"allow":["GET"]}}],"collection":[{"href":"https:\/\/www.jinpinlub.com\/vi\/wp-json\/wp\/v2\/product"}],"about":[{"href":"https:\/\/www.jinpinlub.com\/vi\/wp-json\/wp\/v2\/types\/product"}],"wp:featuredmedia":[{"embeddable":true,"href":"https:\/\/www.jinpinlub.com\/vi\/wp-json\/wp\/v2\/media\/3833"}],"wp:attachment":[{"href":"https:\/\/www.jinpinlub.com\/vi\/wp-json\/wp\/v2\/media?parent=3837"}],"wp:term":[{"taxonomy":"product_brand","embeddable":true,"href":"https:\/\/www.jinpinlub.com\/vi\/wp-json\/wp\/v2\/product_brand?post=3837"},{"taxonomy":"product_cat","embeddable":true,"href":"https:\/\/www.jinpinlub.com\/vi\/wp-json\/wp\/v2\/product_cat?post=3837"},{"taxonomy":"product_tag","embeddable":true,"href":"https:\/\/www.jinpinlub.com\/vi\/wp-json\/wp\/v2\/product_tag?post=3837"}],"curies":[{"name":"wp","href":"https:\/\/api.w.org\/{rel}","templated":true}]}}