{"id":3838,"date":"2024-11-01T03:13:38","date_gmt":"2024-10-31T19:13:38","guid":{"rendered":"https:\/\/www.jinpinlub.com\/?post_type=product&#038;p=3838"},"modified":"2024-11-01T03:36:26","modified_gmt":"2024-10-31T19:36:26","slug":"choi-dau-nylon-co-de-de-boi-tron-ray-dan-huong-xich","status":"publish","type":"product","link":"https:\/\/www.jinpinlub.com\/vi\/product\/nylon-oil-brush-with-base-for-chain-guide-rail-lubrication\/","title":{"rendered":"Ch\u1ed5i d\u1ea7u Nylon c\u00f3 \u0111\u1ebf \u0111\u1ec3 b\u00f4i tr\u01a1n ray d\u1eabn h\u01b0\u1edbng x\u00edch"},"content":{"rendered":"<h2>\u0110\u1eb7c tr\u01b0ng<\/h2>\n<p>\u0110\u1ec3 gi\u1ea3i quy\u1ebft nh\u1eefng nh\u01b0\u1ee3c \u0111i\u1ec3m c\u1ee7a vi\u1ec7c b\u00f4i tr\u01a1n x\u00edch th\u1ee7 c\u00f4ng, ch\u00fang t\u00f4i khuy\u00ean b\u1ea1n n\u00ean s\u1eed d\u1ee5ng ch\u1ebf \u0111\u1ed9 b\u00f4i tr\u01a1n t\u1ef1 \u0111\u1ed9ng theo th\u1eddi gian, k\u1ebft h\u1ee3p v\u1edbi ch\u1ed5i d\u1ea7u \u0111\u1ec3 b\u00f4i tr\u01a1n t\u1ed1t.<br \/>\n1. K\u00e9o d\u00e0i tu\u1ed5i th\u1ecd c\u1ee7a x\u00edch.<br \/>\n2. Gi\u1ea3m s\u1ed1 l\u1ea7n ng\u1eebng ho\u1ea1t \u0111\u1ed9ng v\u00e0 th\u1eddi gian ch\u1ebft.<br \/>\n3. Gi\u1ea3m th\u1ea5t tho\u00e1t n\u0103ng l\u01b0\u1ee3ng.<br \/>\n4. Ch\u1ed5i qu\u00e9t d\u1ea7u c\u00f3 th\u1ec3 l\u00e0m gi\u1ea3m l\u01b0\u1ee3ng d\u1ea7u b\u00f4i tr\u01a1n b\u1ecb th\u1ea5t tho\u00e1t.<br \/>\n5. Ch\u1ed5i d\u1ea7u c\u00f3 th\u1ec3 h\u1ea5p th\u1ee5 \u0111\u1ed9 rung v\u00e0 l\u1ef1c t\u00e1c \u0111\u1ed9ng c\u1ee7a x\u00edch v\u00e0 gi\u1ea3m ti\u1ebfng \u1ed3n.<br \/>\n6. Gi\u1ea3m nhi\u1ec7t \u0111\u1ed9 c\u1ee7a x\u00edch ch\u1ea1y t\u1ed1c \u0111\u1ed9 cao.<br \/>\n7. Ch\u1ed5i d\u1ea7u lo\u1ea1i b\u1ecf b\u1ee5i b\u1ea9n, t\u1ea1p ch\u1ea5t, v.v. v\u00e0 t\u1ea1o th\u00e0nh l\u1edbp m\u00e0ng d\u1ea7u t\u1ed1t h\u01a1n \u0111\u1ec3 b\u1ea3o v\u1ec7 qu\u00e1 tr\u00ecnh truy\u1ec1n \u0111\u1ed9ng c\u1ee7a x\u00edch.<br \/>\nC\u00e1c k\u00edch th\u01b0\u1edbc ph\u1ed5 bi\u1ebfn c\u1ee7a ch\u1ed5i x\u00edch l\u00e0 30mm, 45mm, 60mm v\u00e0 80mm.<\/p>\n<h2>\u0110\u1eb7c \u0111i\u1ec3m k\u1ef9 thu\u1eadt<\/h2>\n<figure id=\"attachment_3839\" aria-describedby=\"caption-attachment-3839\" style=\"width: 800px\" class=\"wp-caption alignnone\"><img loading=\"lazy\" decoding=\"async\" class=\"size-full wp-image-3839\" src=\"https:\/\/www.jinpinlub.com\/wp-content\/uploads\/2024\/11\/Nylon-oil-brush-5.jpg\" alt=\"C\u1ecd d\u1ea7u nylon (5)\" width=\"800\" height=\"326\" srcset=\"https:\/\/www.jinpinlub.com\/wp-content\/uploads\/2024\/11\/Nylon-oil-brush-5.jpg 800w, https:\/\/www.jinpinlub.com\/wp-content\/uploads\/2024\/11\/Nylon-oil-brush-5-300x122.jpg 300w, https:\/\/www.jinpinlub.com\/wp-content\/uploads\/2024\/11\/Nylon-oil-brush-5-768x313.jpg 768w, https:\/\/www.jinpinlub.com\/wp-content\/uploads\/2024\/11\/Nylon-oil-brush-5-18x7.jpg 18w\" sizes=\"auto, (max-width: 800px) 100vw, 800px\" \/><figcaption id=\"caption-attachment-3839\" class=\"wp-caption-text\">C\u1ecd d\u1ea7u nylon (5)<\/figcaption><\/figure>\n<table>\n<tbody>\n<tr>\n<td>Ng\u01b0\u1eddi m\u1eabu<\/td>\n<td>S\u1ee3i ch\u1ec9 c\u00e1i<\/td>\n<td>T\u00e2y B\u1eafc (g)<\/td>\n<\/tr>\n<tr>\n<td>OM408<\/td>\n<td>M8xP1.0<\/td>\n<td>11<\/td>\n<\/tr>\n<tr>\n<td>OM610<\/td>\n<td>M10xP1.0<\/td>\n<td>15<\/td>\n<\/tr>\n<tr>\n<td>OM601<\/td>\n<td>Ph\u1ea7n 1\/8<\/td>\n<td>17<\/td>\n<\/tr>\n<tr>\n<td>OML601<\/td>\n<td>Ph\u1ea7n 1\/8<\/td>\n<td>25<\/td>\n<\/tr>\n<tr>\n<td>OML401<\/td>\n<td>Ph\u1ea7n 1\/8<\/td>\n<td>27<\/td>\n<\/tr>\n<\/tbody>\n<\/table>\n<h2>\u1ee8ng d\u1ee5ng<\/h2>\n<p>\u1ee8ng d\u1ee5ng \u0111\u01b0\u1ee3c s\u1eed d\u1ee5ng r\u1ed9ng r\u00e3i nh\u1ea5t c\u1ee7a ch\u1ed5i h\u1ec7 th\u1ed1ng b\u00f4i tr\u01a1n t\u1ef1 \u0111\u1ed9ng l\u00e0 b\u00f4i tr\u01a1n x\u00edch. N\u00f3 ch\u1ee7 y\u1ebfu bao g\u1ed3m x\u00edch b\u0103ng t\u1ea3i, x\u00edch truy\u1ec1n \u0111\u1ed9ng, x\u00edch chuy\u00ean nghi\u1ec7p \u0111\u1eb7c bi\u1ec7t, x\u00edch k\u00e9o, v.v. Truy\u1ec1n \u0111\u1ed9ng x\u00edch \u0111\u01b0\u1ee3c s\u1eed d\u1ee5ng r\u1ed9ng r\u00e3i trong l\u0129nh v\u1ef1c truy\u1ec1n \u0111\u1ed9ng c\u01a1 h\u1ecdc. H\u1ea7u h\u1ebft c\u00e1c x\u00edch truy\u1ec1n th\u1ed1ng \u0111\u1ec1u s\u1eed d\u1ee5ng d\u1ea7u b\u00f4i tr\u01a1n v\u00e0 m\u1ee1 c\u00f3 \u0111\u1ed9 nh\u1edbt cao, \u0111\u01b0\u1ee3c b\u00f4i th\u1ee7 c\u00f4ng l\u00ean b\u1ec1 m\u1eb7t x\u00edch. H\u1ec7 th\u1ed1ng b\u00f4i tr\u01a1n x\u00edch t\u1ef1 \u0111\u1ed9ng v\u1edbi ch\u1ed5i d\u1ea7u c\u00f3 th\u1ec3 gi\u1ea3i quy\u1ebft h\u1ea7u h\u1ebft c\u00e1c l\u1ed7i x\u00edch, ch\u1eb3ng h\u1ea1n nh\u01b0:<br \/>\nKhi b\u00ean trong x\u00edch kh\u00f4ng \u0111\u01b0\u1ee3c b\u00f4i tr\u01a1n \u0111\u1ea7y \u0111\u1ee7, r\u1ea5t d\u1ec5 x\u1ea3y ra hi\u1ec7n t\u01b0\u1ee3ng m\u00e0i m\u00f2n v\u00e0 \u0103n m\u00f2n, khi\u1ebfn x\u00edch b\u1ecb l\u1ecfng ho\u1eb7c xo\u1eafn.<br \/>\nKhi x\u00edch ch\u1ea1y, t\u1ed1c \u0111\u1ed9 cao s\u1ebd l\u00e0m v\u0103ng l\u1edbp d\u1ea7u b\u00f4i tr\u01a1n b\u00e1m tr\u00ean b\u1ec1 m\u1eb7t, khi\u1ebfn x\u00edch m\u1ea5t \u0111i kh\u1ea3 n\u0103ng b\u1ea3o v\u1ec7 c\u1ee7a d\u1ea7u b\u00f4i tr\u01a1n.<br \/>\nKhi x\u00edch ho\u1ea1t \u0111\u1ed9ng, m\u00f4i tr\u01b0\u1eddng \u1ea9m \u01b0\u1edbt ho\u1eb7c nhi\u1ec1u b\u1ee5i th\u00ec b\u1ee5i v\u00e0 c\u00e1c t\u1ea1p ch\u1ea5t kh\u00e1c c\u00f3 th\u1ec3 x\u00e2m nh\u1eadp v\u00e0o b\u00ean trong x\u00edch v\u00e0 g\u00e2y ra hi\u1ec7n t\u01b0\u1ee3ng m\u00e0i m\u00f2n v\u00e0 \u0103n m\u00f2n.<\/p>\n<h2>H\u01b0\u1edbng d\u1eabn s\u1eed d\u1ee5ng<\/h2>\n<div class=\"sdm_download_button_box_default\"><div class=\"sdm_download_link\"><a href=\"https:\/\/www.jinpinlub.com\/vi\/?sdm_process_download=1&download_id=3171\" class=\"sdm_download white\" title=\"Ri\u00eang t\u01b0: OM\/JD\/PKD\/PJD\/PJDB\" target=\"&quot;_blank&quot;\">Xem b\u1ea3ng d\u1eef li\u1ec7u - OM\/JD\/PKD\/PJD\/PJDB<\/a><\/div><\/div>","protected":false},"excerpt":{"rendered":"<p>Ch\u1ed5i d\u1ea7u nylon \u0111\u01b0\u1ee3c s\u1eed d\u1ee5ng trong c\u00e1c h\u1ec7 th\u1ed1ng b\u00f4i tr\u01a1n t\u1ef1 \u0111\u1ed9ng, \u0111\u1ec3 b\u00f4i tr\u01a1n x\u00edch, b\u00f4i tr\u01a1n ray d\u1eabn h\u01b0\u1edbng, v.v. Ch\u00fang kh\u00f4ng ch\u1ec9 c\u00f3 th\u1ec3 cung c\u1ea5p \u0111\u1ee7 l\u01b0\u1ee3ng b\u00f4i tr\u01a1n th\u1ea9m th\u1ea5u cho c\u00e1c b\u1ed9 ph\u1eadn b\u00f4i tr\u01a1n m\u00e0 c\u00f2n lo\u1ea1i b\u1ecf c\u00e1c t\u1ea1p ch\u1ea5t nh\u01b0 b\u1ee5i v\u00e0 m\u1ea3nh v\u1ee5n b\u00e1m tr\u00ean c\u00e1c b\u1ed9 ph\u1eadn b\u00f4i tr\u01a1n.<\/p>","protected":false},"featured_media":3842,"template":"","meta":{"ocean_post_layout":"","ocean_both_sidebars_style":"","ocean_both_sidebars_content_width":0,"ocean_both_sidebars_sidebars_width":0,"ocean_sidebar":"0","ocean_second_sidebar":"0","ocean_disable_margins":"enable","ocean_add_body_class":"","ocean_shortcode_before_top_bar":"","ocean_shortcode_after_top_bar":"","ocean_shortcode_before_header":"","ocean_shortcode_after_header":"","ocean_has_shortcode":"","ocean_shortcode_after_title":"","ocean_shortcode_before_footer_widgets":"","ocean_shortcode_after_footer_widgets":"","ocean_shortcode_before_footer_bottom":"","ocean_shortcode_after_footer_bottom":"","ocean_display_top_bar":"default","ocean_display_header":"default","ocean_header_style":"","ocean_center_header_left_menu":"0","ocean_custom_header_template":"0","ocean_custom_logo":0,"ocean_custom_retina_logo":0,"ocean_custom_logo_max_width":0,"ocean_custom_logo_tablet_max_width":0,"ocean_custom_logo_mobile_max_width":0,"ocean_custom_logo_max_height":0,"ocean_custom_logo_tablet_max_height":0,"ocean_custom_logo_mobile_max_height":0,"ocean_header_custom_menu":"0","ocean_menu_typo_font_family":"0","ocean_menu_typo_font_subset":"","ocean_menu_typo_font_size":0,"ocean_menu_typo_font_size_tablet":0,"ocean_menu_typo_font_size_mobile":0,"ocean_menu_typo_font_size_unit":"px","ocean_menu_typo_font_weight":"","ocean_menu_typo_font_weight_tablet":"","ocean_menu_typo_font_weight_mobile":"","ocean_menu_typo_transform":"","ocean_menu_typo_transform_tablet":"","ocean_menu_typo_transform_mobile":"","ocean_menu_typo_line_height":0,"ocean_menu_typo_line_height_tablet":0,"ocean_menu_typo_line_height_mobile":0,"ocean_menu_typo_line_height_unit":"","ocean_menu_typo_spacing":0,"ocean_menu_typo_spacing_tablet":0,"ocean_menu_typo_spacing_mobile":0,"ocean_menu_typo_spacing_unit":"","ocean_menu_link_color":"","ocean_menu_link_color_hover":"","ocean_menu_link_color_active":"","ocean_menu_link_background":"","ocean_menu_link_hover_background":"","ocean_menu_link_active_background":"","ocean_menu_social_links_bg":"","ocean_menu_social_hover_links_bg":"","ocean_menu_social_links_color":"","ocean_menu_social_hover_links_color":"","ocean_disable_title":"default","ocean_disable_heading":"default","ocean_post_title":"","ocean_post_subheading":"","ocean_post_title_style":"","ocean_post_title_background_color":"","ocean_post_title_background":0,"ocean_post_title_bg_image_position":"","ocean_post_title_bg_image_attachment":"","ocean_post_title_bg_image_repeat":"","ocean_post_title_bg_image_size":"","ocean_post_title_height":0,"ocean_post_title_bg_overlay":0.5,"ocean_post_title_bg_overlay_color":"","ocean_disable_breadcrumbs":"default","ocean_breadcrumbs_color":"","ocean_breadcrumbs_separator_color":"","ocean_breadcrumbs_links_color":"","ocean_breadcrumbs_links_hover_color":"","ocean_display_footer_widgets":"default","ocean_display_footer_bottom":"default","ocean_custom_footer_template":"0","osh_disable_topbar_sticky":"default","osh_disable_header_sticky":"default","osh_sticky_header_style":"default","osh_sticky_header_effect":"","osh_custom_sticky_logo":0,"osh_custom_retina_sticky_logo":0,"osh_custom_sticky_logo_height":0,"osh_background_color":"","osh_links_color":"","osh_links_hover_color":"","osh_links_active_color":"","osh_links_bg_color":"","osh_links_hover_bg_color":"","osh_links_active_bg_color":"","osh_menu_social_links_color":"","osh_menu_social_hover_links_color":""},"product_brand":[],"product_cat":[31],"product_tag":[339,342,343,341,340],"class_list":{"0":"post-3838","1":"product","2":"type-product","3":"status-publish","4":"has-post-thumbnail","6":"product_cat-lube-system-accessories","7":"product_tag-automatic-lubrication-brush","8":"product_tag-chain-lubricating-oil-brush","9":"product_tag-escalator-lubrication-brush","10":"product_tag-lubrication-system-brush","11":"product_tag-nylon-oil-brush","13":"entry","14":"has-media","16":"first","17":"instock","18":"shipping-taxable","19":"product-type-external","20":"col","21":"span_1_of_3","22":"owp-content-center","23":"owp-thumbs-layout-horizontal","24":"owp-btn-very-big","25":"owp-tabs-layout-horizontal"},"_links":{"self":[{"href":"https:\/\/www.jinpinlub.com\/vi\/wp-json\/wp\/v2\/product\/3838","targetHints":{"allow":["GET"]}}],"collection":[{"href":"https:\/\/www.jinpinlub.com\/vi\/wp-json\/wp\/v2\/product"}],"about":[{"href":"https:\/\/www.jinpinlub.com\/vi\/wp-json\/wp\/v2\/types\/product"}],"wp:featuredmedia":[{"embeddable":true,"href":"https:\/\/www.jinpinlub.com\/vi\/wp-json\/wp\/v2\/media\/3842"}],"wp:attachment":[{"href":"https:\/\/www.jinpinlub.com\/vi\/wp-json\/wp\/v2\/media?parent=3838"}],"wp:term":[{"taxonomy":"product_brand","embeddable":true,"href":"https:\/\/www.jinpinlub.com\/vi\/wp-json\/wp\/v2\/product_brand?post=3838"},{"taxonomy":"product_cat","embeddable":true,"href":"https:\/\/www.jinpinlub.com\/vi\/wp-json\/wp\/v2\/product_cat?post=3838"},{"taxonomy":"product_tag","embeddable":true,"href":"https:\/\/www.jinpinlub.com\/vi\/wp-json\/wp\/v2\/product_tag?post=3838"}],"curies":[{"name":"wp","href":"https:\/\/api.w.org\/{rel}","templated":true}]}}