{"id":3851,"date":"2024-11-05T05:21:50","date_gmt":"2024-11-04T21:21:50","guid":{"rendered":"https:\/\/www.jinpinlub.com\/?post_type=product&#038;p=3851"},"modified":"2024-11-05T05:26:27","modified_gmt":"2024-11-04T21:26:27","slug":"ong-lo-xo-ngoai-ben-pst-cho-mach-boi-tron","status":"publish","type":"product","link":"https:\/\/www.jinpinlub.com\/vi\/product\/pst-outer-spring-braided-sheath-hose-for-lubrication-circuit\/","title":{"rendered":"\u1ed0ng l\u00f2 xo ngo\u00e0i b\u1ec7n PST cho m\u1ea1ch b\u00f4i tr\u01a1n"},"content":{"rendered":"<h2>T\u00ednh n\u0103ng<\/h2>\n<p>\u1ed0ng l\u00f2 xo d\u00e2y b\u00ean ngo\u00e0i bao g\u1ed3m \u1ed1ng cao su b\u1ec7n, v\u1ecf d\u00e2y th\u00e9p v\u00e0 \u0111\u1ea7u n\u1ed1i \u1ed1ng l\u00f3t. Th\u00edch h\u1ee3p s\u1eed d\u1ee5ng \u1edf nh\u1eefng n\u01a1i c\u00f3 phoi gia c\u00f4ng v\u00e0 m\u00f4i tr\u01b0\u1eddng l\u00e0m vi\u1ec7c kh\u1eafc nghi\u1ec7t. Ph\u1ea1m vi nhi\u1ec7t \u0111\u1ed9 \u00e1p d\u1ee5ng l\u00e0 -20\u2103-80\u2103.<br \/>\nV\u1eadt li\u1ec7u ch\u1ea5t l\u01b0\u1ee3ng cao. L\u00f2 xo b\u00ean ngo\u00e0i m\u1ec1m m\u1ea1i v\u00e0 c\u00f3 nhi\u1ec1u l\u1edbp b\u1ea3o v\u1ec7. L\u00f2 xo d\u00e2y th\u00e9p b\u00ean ngo\u00e0i v\u00e0 \u1ed1ng cao su b\u1ec7n \u0111\u01b0\u1ee3c k\u1ebft h\u1ee3p, to\u00e0n b\u1ed9 b\u1ec1n v\u00e0 ch\u1ecbu \u0111\u01b0\u1ee3c \u00e1p su\u1ea5t cao.<br \/>\nNhi\u1ec1u th\u00f4ng s\u1ed1 k\u1ef9 thu\u1eadt kh\u00e1c nhau. C\u00f3 nhi\u1ec1u \u0111\u1ed9 d\u00e0i v\u00e0 k\u00edch th\u01b0\u1edbc \u1ed1ng kh\u00e1c nhau t\u00f9y ch\u1ecdn, c\u00f3 s\u1eb5n s\u1ed1 l\u01b0\u1ee3ng l\u1edbn trong kho v\u00e0 t\u1ed1c \u0111\u1ed9 giao h\u00e0ng nhanh.<br \/>\n\u0110\u01b0\u1eddng k\u00ednh \u1ed1ng l\u00f2 xo d\u00e2y b\u00ean ngo\u00e0i l\u00e0 4mm v\u00e0 6mm, \u0111i k\u00e8m v\u1edbi \u0111\u1ea7u n\u1ed1i PA v\u00e0 PB.<\/p>\n<h2>\u0110\u1eb7c \u0111i\u1ec3m k\u1ef9 thu\u1eadt<\/h2>\n<table>\n<tbody>\n<tr>\n<td>Ng\u01b0\u1eddi m\u1eabu<\/td>\n<td>PST-4<\/td>\n<td>PST-6<\/td>\n<\/tr>\n<tr>\n<td>Ph\u1ee5 ki\u1ec7n<\/td>\n<td>\u03a64<\/td>\n<td>\u03a66<\/td>\n<\/tr>\n<tr>\n<td>\u00c1p su\u1ea5t t\u1ed1i \u0111a<\/td>\n<td>10MPa<\/td>\n<td>15MPa<\/td>\n<\/tr>\n<tr>\n<td>B\u00e1n k\u00ednh u\u1ed1n t\u1ed1i thi\u1ec3u<\/td>\n<td>R20<\/td>\n<td>R40<\/td>\n<\/tr>\n<tr>\n<td>Chi\u1ec1u d\u00e0i (m)<\/td>\n<td colspan=\"2\">T\u00f9y ch\u1ec9nh<\/td>\n<\/tr>\n<\/tbody>\n<\/table>\n<h2>\u1ee8ng d\u1ee5ng<\/h2>\n<p>\u1ed0ng l\u00f2 xo d\u00e2y ngo\u00e0i \u0111\u01b0\u1ee3c s\u1eed d\u1ee5ng r\u1ed9ng r\u00e3i trong \u1ed1ng d\u1ea7u b\u00f4i tr\u01a1n c\u1ee7a m\u00e1y c\u00f4ng c\u1ee5 CNC, m\u00e1y phay v\u00e0 m\u00e1y \u00e9p phun. Nh\u1eefng \u1ed1ng n\u00e0y c\u00f3 \u0111\u1ed9 b\u1ec1n v\u00e0 kh\u1ea3 n\u0103ng ch\u1ed1ng m\u00e0i m\u00f2n cao, c\u00f3 th\u1ec3 b\u1ea3o v\u1ec7 hi\u1ec7u qu\u1ea3 \u1ed1ng d\u1ea7u b\u00f4i tr\u01a1n kh\u1ecfi h\u01b0 h\u1ecfng b\u00ean ngo\u00e0i \u0111\u1ed3ng th\u1eddi mang l\u1ea1i \u0111\u1ed9 linh ho\u1ea1t v\u00e0 \u0111\u1ed9 b\u1ec1n t\u1ed1t. \u0110i\u1ec1u n\u00e0y r\u1ea5t quan tr\u1ecdng \u0111\u1ec3 \u0111\u1ea3m b\u1ea3o ho\u1ea1t \u0111\u1ed9ng b\u00ecnh th\u01b0\u1eddng c\u1ee7a m\u00e1y v\u00e0 k\u00e9o d\u00e0i tu\u1ed5i th\u1ecd c\u1ee7a thi\u1ebft b\u1ecb.<\/p>\n<h2>H\u01b0\u1edbng d\u1eabn s\u1eed d\u1ee5ng<\/h2>\n<div class=\"sdm_download_button_box_default\"><div class=\"sdm_download_link\"><a href=\"https:\/\/www.jinpinlub.com\/vi\/?sdm_process_download=1&download_id=3844\" class=\"sdm_download white\" title=\"Ri\u00eang t\u01b0: PST Sheath Hose\" target=\"&quot;_blank&quot;\">Xem B\u1ea3ng d\u1eef li\u1ec7u - \u1ed0ng b\u1ecdc<\/a><\/div><\/div>","protected":false},"excerpt":{"rendered":"<p>\u1ed0ng b\u1ec7n \u0111\u01b0\u1ee3c c\u1ea5u t\u1ea1o b\u1edfi \u1ed1ng b\u1ec7n v\u00e0 m\u1ed1i n\u1ed1i u\u1ed1n. \u1ed0ng \u0111\u01b0\u1ee3c c\u1ea5u t\u1ea1o b\u1edfi ba l\u1edbp: l\u1edbp l\u00f3t cao su b\u00ean trong, s\u1ee3i th\u00e9p gia c\u1ed1 \u1edf gi\u1eefa v\u00e0 l\u01b0\u1edbi b\u1ec7n b\u00ean ngo\u00e0i. Ph\u1ea1m vi nhi\u1ec7t \u0111\u1ed9 \u00e1p d\u1ee5ng l\u00e0 -40\u2103~80\u2103.<\/p>","protected":false},"featured_media":3847,"template":"","meta":{"ocean_post_layout":"","ocean_both_sidebars_style":"","ocean_both_sidebars_content_width":0,"ocean_both_sidebars_sidebars_width":0,"ocean_sidebar":"0","ocean_second_sidebar":"0","ocean_disable_margins":"enable","ocean_add_body_class":"","ocean_shortcode_before_top_bar":"","ocean_shortcode_after_top_bar":"","ocean_shortcode_before_header":"","ocean_shortcode_after_header":"","ocean_has_shortcode":"","ocean_shortcode_after_title":"","ocean_shortcode_before_footer_widgets":"","ocean_shortcode_after_footer_widgets":"","ocean_shortcode_before_footer_bottom":"","ocean_shortcode_after_footer_bottom":"","ocean_display_top_bar":"default","ocean_display_header":"default","ocean_header_style":"","ocean_center_header_left_menu":"0","ocean_custom_header_template":"0","ocean_custom_logo":0,"ocean_custom_retina_logo":0,"ocean_custom_logo_max_width":0,"ocean_custom_logo_tablet_max_width":0,"ocean_custom_logo_mobile_max_width":0,"ocean_custom_logo_max_height":0,"ocean_custom_logo_tablet_max_height":0,"ocean_custom_logo_mobile_max_height":0,"ocean_header_custom_menu":"0","ocean_menu_typo_font_family":"0","ocean_menu_typo_font_subset":"","ocean_menu_typo_font_size":0,"ocean_menu_typo_font_size_tablet":0,"ocean_menu_typo_font_size_mobile":0,"ocean_menu_typo_font_size_unit":"px","ocean_menu_typo_font_weight":"","ocean_menu_typo_font_weight_tablet":"","ocean_menu_typo_font_weight_mobile":"","ocean_menu_typo_transform":"","ocean_menu_typo_transform_tablet":"","ocean_menu_typo_transform_mobile":"","ocean_menu_typo_line_height":0,"ocean_menu_typo_line_height_tablet":0,"ocean_menu_typo_line_height_mobile":0,"ocean_menu_typo_line_height_unit":"","ocean_menu_typo_spacing":0,"ocean_menu_typo_spacing_tablet":0,"ocean_menu_typo_spacing_mobile":0,"ocean_menu_typo_spacing_unit":"","ocean_menu_link_color":"","ocean_menu_link_color_hover":"","ocean_menu_link_color_active":"","ocean_menu_link_background":"","ocean_menu_link_hover_background":"","ocean_menu_link_active_background":"","ocean_menu_social_links_bg":"","ocean_menu_social_hover_links_bg":"","ocean_menu_social_links_color":"","ocean_menu_social_hover_links_color":"","ocean_disable_title":"default","ocean_disable_heading":"default","ocean_post_title":"","ocean_post_subheading":"","ocean_post_title_style":"","ocean_post_title_background_color":"","ocean_post_title_background":0,"ocean_post_title_bg_image_position":"","ocean_post_title_bg_image_attachment":"","ocean_post_title_bg_image_repeat":"","ocean_post_title_bg_image_size":"","ocean_post_title_height":0,"ocean_post_title_bg_overlay":0.5,"ocean_post_title_bg_overlay_color":"","ocean_disable_breadcrumbs":"default","ocean_breadcrumbs_color":"","ocean_breadcrumbs_separator_color":"","ocean_breadcrumbs_links_color":"","ocean_breadcrumbs_links_hover_color":"","ocean_display_footer_widgets":"default","ocean_display_footer_bottom":"default","ocean_custom_footer_template":"0","osh_disable_topbar_sticky":"default","osh_disable_header_sticky":"default","osh_sticky_header_style":"default","osh_sticky_header_effect":"","osh_custom_sticky_logo":0,"osh_custom_retina_sticky_logo":0,"osh_custom_sticky_logo_height":0,"osh_background_color":"","osh_links_color":"","osh_links_hover_color":"","osh_links_active_color":"","osh_links_bg_color":"","osh_links_hover_bg_color":"","osh_links_active_bg_color":"","osh_menu_social_links_color":"","osh_menu_social_hover_links_color":""},"product_brand":[],"product_cat":[31],"product_tag":[344,346,347,348,345],"class_list":{"0":"post-3851","1":"product","2":"type-product","3":"status-publish","4":"has-post-thumbnail","6":"product_cat-lube-system-accessories","7":"product_tag-external-steel-wire-hose","8":"product_tag-lubricating-oil-hose","9":"product_tag-spring-hose","10":"product_tag-spring-sheathed-hose","11":"product_tag-spring-sleeve-hose","13":"entry","14":"has-media","16":"first","17":"instock","18":"shipping-taxable","19":"product-type-external","20":"col","21":"span_1_of_3","22":"owp-content-center","23":"owp-thumbs-layout-horizontal","24":"owp-btn-very-big","25":"owp-tabs-layout-horizontal"},"_links":{"self":[{"href":"https:\/\/www.jinpinlub.com\/vi\/wp-json\/wp\/v2\/product\/3851","targetHints":{"allow":["GET"]}}],"collection":[{"href":"https:\/\/www.jinpinlub.com\/vi\/wp-json\/wp\/v2\/product"}],"about":[{"href":"https:\/\/www.jinpinlub.com\/vi\/wp-json\/wp\/v2\/types\/product"}],"wp:featuredmedia":[{"embeddable":true,"href":"https:\/\/www.jinpinlub.com\/vi\/wp-json\/wp\/v2\/media\/3847"}],"wp:attachment":[{"href":"https:\/\/www.jinpinlub.com\/vi\/wp-json\/wp\/v2\/media?parent=3851"}],"wp:term":[{"taxonomy":"product_brand","embeddable":true,"href":"https:\/\/www.jinpinlub.com\/vi\/wp-json\/wp\/v2\/product_brand?post=3851"},{"taxonomy":"product_cat","embeddable":true,"href":"https:\/\/www.jinpinlub.com\/vi\/wp-json\/wp\/v2\/product_cat?post=3851"},{"taxonomy":"product_tag","embeddable":true,"href":"https:\/\/www.jinpinlub.com\/vi\/wp-json\/wp\/v2\/product_tag?post=3851"}],"curies":[{"name":"wp","href":"https:\/\/api.w.org\/{rel}","templated":true}]}}