{"id":3854,"date":"2024-11-19T19:35:28","date_gmt":"2024-11-19T11:35:28","guid":{"rendered":"https:\/\/www.jinpinlub.com\/?post_type=product&#038;p=3854"},"modified":"2024-11-26T16:48:43","modified_gmt":"2024-11-26T08:48:43","slug":"ong-dau-boi-tron-nylon-trong-suot-pa6-dung-de-boi-tron-may","status":"publish","type":"product","link":"https:\/\/www.jinpinlub.com\/vi\/product\/pa6-transparent-nylon-lubricating-oil-tube-for-machine-lube\/","title":{"rendered":"\u1ed0ng d\u1ea7u b\u00f4i tr\u01a1n b\u1eb1ng nylon trong su\u1ed1t PA6 d\u00f9ng \u0111\u1ec3 b\u00f4i tr\u01a1n m\u00e1y"},"content":{"rendered":"<h2>T\u00ednh n\u0103ng<\/h2>\n<p>V\u1eadt li\u1ec7u s\u1eed d\u1ee5ng trong s\u1ea3n xu\u1ea5t \u1ed1ng nylon \u0111\u01b0\u1ee3c l\u1ef1a ch\u1ecdn nghi\u00eam ng\u1eb7t v\u00e0 kh\u00f4ng ph\u1ea3i l\u00e0 v\u1eadt li\u1ec7u t\u00e1i ch\u1ebf. \u1ed0ng nylon th\u00e0nh ph\u1ea9m d\u00e0y, ch\u1ea5t l\u01b0\u1ee3ng \u0111\u00e1ng tin c\u1eady, b\u1ec1n v\u00e0 c\u00f3 tu\u1ed5i th\u1ecd cao.<br \/>\nC\u00e1c \u1ed1ng nylon \u0111\u01b0\u1ee3c s\u1ea3n xu\u1ea5t b\u1eb1ng thi\u1ebft b\u1ecb s\u1ea3n xu\u1ea5t t\u1ef1 \u0111\u1ed9ng ki\u1ec3m so\u00e1t ch\u1eb7t ch\u1ebd c\u00e1c ti\u00eau chu\u1ea9n s\u1ea3n xu\u1ea5t \u0111\u1ec3 gi\u1eef sai s\u1ed1 trong ph\u1ea1m vi cho ph\u00e9p v\u00e0 l\u1ef1c t\u00e1c \u0111\u1ed9ng l\u00ean t\u1ea5t c\u1ea3 c\u00e1c b\u1ed9 ph\u1eadn c\u1ee7a \u1ed1ng l\u00e0 \u0111\u1ed3ng \u0111\u1ec1u.<br \/>\nTh\u00e0nh trong c\u1ee7a \u1ed1ng nylon nh\u1eb5n, h\u1ec7 s\u1ed1 ma s\u00e1t th\u1ea5p, kh\u1ea3 n\u0103ng truy\u1ec1n m\u00f4i ch\u1ea5t cao.<br \/>\nCh\u00fang t\u00f4i c\u00f3 th\u1ec3 ch\u1ea5p nh\u1eadn c\u00e1c gi\u1ea3i ph\u00e1p in \u1ea5n t\u00f9y ch\u1ec9nh, OEM, ODM v\u00e0 t\u00f9y ch\u1ec9nh cho \u1ed1ng d\u1ea7u b\u00f4i tr\u01a1n \u00e1p su\u1ea5t th\u1ea5p.<\/p>\n<h2>\u0110\u1eb7c \u0111i\u1ec3m k\u1ef9 thu\u1eadt<\/h2>\n<table>\n<tbody>\n<tr>\n<td>Ng\u01b0\u1eddi m\u1eabu<\/td>\n<td>PST-4<\/td>\n<td>PST-6<\/td>\n<\/tr>\n<tr>\n<td>Ph\u1ee5 ki\u1ec7n<\/td>\n<td>\u03a64<\/td>\n<td>\u03a66<\/td>\n<\/tr>\n<tr>\n<td>\u00c1p su\u1ea5t t\u1ed1i \u0111a<\/td>\n<td>10MPa<\/td>\n<td>15MPa<\/td>\n<\/tr>\n<tr>\n<td>B\u00e1n k\u00ednh u\u1ed1n t\u1ed1i thi\u1ec3u<\/td>\n<td>R20<\/td>\n<td>R40<\/td>\n<\/tr>\n<tr>\n<td>Chi\u1ec1u d\u00e0i (m)<\/td>\n<td colspan=\"2\">T\u00f9y ch\u1ec9nh<\/td>\n<\/tr>\n<\/tbody>\n<\/table>\n<h2>\u1ee8ng d\u1ee5ng<\/h2>\n<p>M\u00e1y m\u00f3c c\u00f4ng nghi\u1ec7p: \u1ed0ng nylon PA6 v\u1eadn chuy\u1ec3n d\u1ea7u b\u00f4i tr\u01a1n trong nhi\u1ec1u lo\u1ea1i m\u00e1y m\u00f3c v\u00e0 thi\u1ebft b\u1ecb c\u00f4ng nghi\u1ec7p \u0111\u1ec3 l\u00e0m m\u1ecbn c\u00e1c b\u1ed9 ph\u1eadn c\u01a1 kh\u00ed.<br \/>\nNg\u00e0nh c\u00f4ng nghi\u1ec7p \u00f4 t\u00f4: \u1ed0ng nylon PA6 \u0111ang \u0111\u01b0\u1ee3c s\u1ea3n xu\u1ea5t \u0111\u1ec3 s\u1eed d\u1ee5ng trong nhi\u1ec1u l\u0129nh v\u1ef1c \u1ee9ng d\u1ee5ng, ch\u1eb3ng h\u1ea1n nh\u01b0 trong \u1ed1ng d\u1eabn d\u1ea7u b\u00f4i tr\u01a1n c\u1ee7a \u0111\u1ed9ng c\u01a1, h\u1ed9p s\u1ed1 v\u00e0 c\u00e1c b\u1ed9 ph\u1eadn kh\u00e1c, v\u1edbi kh\u1ea3 n\u0103ng h\u1ed7 tr\u1ee3 b\u00f4i tr\u01a1n \u0111\u00e1ng tin c\u1eady.<br \/>\nH\u00e0ng kh\u00f4ng v\u0169 tr\u1ee5: Trong l\u0129nh v\u1ef1c h\u00e0ng kh\u00f4ng v\u0169 tr\u1ee5 c\u00f3 nhu c\u1ea7u cao, \u1ed1ng nylon PA6 \u0111\u01b0\u1ee3c s\u1eed d\u1ee5ng cho \u0111\u1ed9ng c\u01a1 m\u00e1y bay v\u00e0 c\u00e1c th\u00e0nh ph\u1ea7n quan tr\u1ecdng kh\u00e1c \u0111\u1ec3 b\u00f4i tr\u01a1n h\u1ed9p s\u1ed1 do s\u1ea3n ph\u1ea9m n\u00e0y c\u00f3 \u0111\u1eb7c t\u00ednh ch\u1ecbu \u0111\u01b0\u1ee3c nhi\u1ec7t \u0111\u1ed9 cao v\u00e0 \u0111\u1ed9 b\u1ec1n cao.<\/p>\n<h2>H\u01b0\u1edbng d\u1eabn s\u1eed d\u1ee5ng<\/h2>\n<div class=\"sdm_download_button_box_default\"><div class=\"sdm_download_link\"><a href=\"https:\/\/www.jinpinlub.com\/vi\/?sdm_process_download=1&download_id=3866\" class=\"sdm_download white\" title=\"Ri\u00eang t\u01b0: Lubricant Tube\" target=\"&quot;_blank&quot;\">Xem B\u1ea3ng d\u1eef li\u1ec7u - \u1ed0ng b\u00f4i tr\u01a1n<\/a><\/div><\/div>","protected":false},"excerpt":{"rendered":"<p>\u1ed0ng b\u1ec7n \u0111\u01b0\u1ee3c c\u1ea5u t\u1ea1o b\u1edfi \u1ed1ng b\u1ec7n v\u00e0 m\u1ed1i n\u1ed1i u\u1ed1n. \u1ed0ng \u0111\u01b0\u1ee3c c\u1ea5u t\u1ea1o b\u1edfi ba l\u1edbp: l\u1edbp l\u00f3t cao su b\u00ean trong, s\u1ee3i th\u00e9p gia c\u1ed1 \u1edf gi\u1eefa v\u00e0 l\u01b0\u1edbi b\u1ec7n b\u00ean ngo\u00e0i. Ph\u1ea1m vi nhi\u1ec7t \u0111\u1ed9 \u00e1p d\u1ee5ng l\u00e0 -40\u2103~80\u2103.<\/p>","protected":false},"featured_media":3862,"template":"","meta":{"ocean_post_layout":"","ocean_both_sidebars_style":"","ocean_both_sidebars_content_width":0,"ocean_both_sidebars_sidebars_width":0,"ocean_sidebar":"0","ocean_second_sidebar":"0","ocean_disable_margins":"enable","ocean_add_body_class":"","ocean_shortcode_before_top_bar":"","ocean_shortcode_after_top_bar":"","ocean_shortcode_before_header":"","ocean_shortcode_after_header":"","ocean_has_shortcode":"","ocean_shortcode_after_title":"","ocean_shortcode_before_footer_widgets":"","ocean_shortcode_after_footer_widgets":"","ocean_shortcode_before_footer_bottom":"","ocean_shortcode_after_footer_bottom":"","ocean_display_top_bar":"default","ocean_display_header":"default","ocean_header_style":"","ocean_center_header_left_menu":"0","ocean_custom_header_template":"0","ocean_custom_logo":0,"ocean_custom_retina_logo":0,"ocean_custom_logo_max_width":0,"ocean_custom_logo_tablet_max_width":0,"ocean_custom_logo_mobile_max_width":0,"ocean_custom_logo_max_height":0,"ocean_custom_logo_tablet_max_height":0,"ocean_custom_logo_mobile_max_height":0,"ocean_header_custom_menu":"0","ocean_menu_typo_font_family":"0","ocean_menu_typo_font_subset":"","ocean_menu_typo_font_size":0,"ocean_menu_typo_font_size_tablet":0,"ocean_menu_typo_font_size_mobile":0,"ocean_menu_typo_font_size_unit":"px","ocean_menu_typo_font_weight":"","ocean_menu_typo_font_weight_tablet":"","ocean_menu_typo_font_weight_mobile":"","ocean_menu_typo_transform":"","ocean_menu_typo_transform_tablet":"","ocean_menu_typo_transform_mobile":"","ocean_menu_typo_line_height":0,"ocean_menu_typo_line_height_tablet":0,"ocean_menu_typo_line_height_mobile":0,"ocean_menu_typo_line_height_unit":"","ocean_menu_typo_spacing":0,"ocean_menu_typo_spacing_tablet":0,"ocean_menu_typo_spacing_mobile":0,"ocean_menu_typo_spacing_unit":"","ocean_menu_link_color":"","ocean_menu_link_color_hover":"","ocean_menu_link_color_active":"","ocean_menu_link_background":"","ocean_menu_link_hover_background":"","ocean_menu_link_active_background":"","ocean_menu_social_links_bg":"","ocean_menu_social_hover_links_bg":"","ocean_menu_social_links_color":"","ocean_menu_social_hover_links_color":"","ocean_disable_title":"default","ocean_disable_heading":"default","ocean_post_title":"","ocean_post_subheading":"","ocean_post_title_style":"","ocean_post_title_background_color":"","ocean_post_title_background":0,"ocean_post_title_bg_image_position":"","ocean_post_title_bg_image_attachment":"","ocean_post_title_bg_image_repeat":"","ocean_post_title_bg_image_size":"","ocean_post_title_height":0,"ocean_post_title_bg_overlay":0.5,"ocean_post_title_bg_overlay_color":"","ocean_disable_breadcrumbs":"default","ocean_breadcrumbs_color":"","ocean_breadcrumbs_separator_color":"","ocean_breadcrumbs_links_color":"","ocean_breadcrumbs_links_hover_color":"","ocean_display_footer_widgets":"default","ocean_display_footer_bottom":"default","ocean_custom_footer_template":"0","osh_disable_topbar_sticky":"default","osh_disable_header_sticky":"default","osh_sticky_header_style":"default","osh_sticky_header_effect":"","osh_custom_sticky_logo":0,"osh_custom_retina_sticky_logo":0,"osh_custom_sticky_logo_height":0,"osh_background_color":"","osh_links_color":"","osh_links_hover_color":"","osh_links_active_color":"","osh_links_bg_color":"","osh_links_hover_bg_color":"","osh_links_active_bg_color":"","osh_menu_social_links_color":"","osh_menu_social_hover_links_color":""},"product_brand":[],"product_cat":[31],"product_tag":[350,352,353,349,351],"class_list":{"0":"post-3854","1":"product","2":"type-product","3":"status-publish","4":"has-post-thumbnail","6":"product_cat-lube-system-accessories","7":"product_tag-lubricating-oil-tube","8":"product_tag-lubricating-pipes","9":"product_tag-lubrication-oil-pipeline","10":"product_tag-pa6-nylon-tube","11":"product_tag-transparent-oil-circuit","13":"entry","14":"has-media","16":"first","17":"instock","18":"shipping-taxable","19":"product-type-external","20":"col","21":"span_1_of_3","22":"owp-content-center","23":"owp-thumbs-layout-horizontal","24":"owp-btn-very-big","25":"owp-tabs-layout-horizontal"},"_links":{"self":[{"href":"https:\/\/www.jinpinlub.com\/vi\/wp-json\/wp\/v2\/product\/3854","targetHints":{"allow":["GET"]}}],"collection":[{"href":"https:\/\/www.jinpinlub.com\/vi\/wp-json\/wp\/v2\/product"}],"about":[{"href":"https:\/\/www.jinpinlub.com\/vi\/wp-json\/wp\/v2\/types\/product"}],"wp:featuredmedia":[{"embeddable":true,"href":"https:\/\/www.jinpinlub.com\/vi\/wp-json\/wp\/v2\/media\/3862"}],"wp:attachment":[{"href":"https:\/\/www.jinpinlub.com\/vi\/wp-json\/wp\/v2\/media?parent=3854"}],"wp:term":[{"taxonomy":"product_brand","embeddable":true,"href":"https:\/\/www.jinpinlub.com\/vi\/wp-json\/wp\/v2\/product_brand?post=3854"},{"taxonomy":"product_cat","embeddable":true,"href":"https:\/\/www.jinpinlub.com\/vi\/wp-json\/wp\/v2\/product_cat?post=3854"},{"taxonomy":"product_tag","embeddable":true,"href":"https:\/\/www.jinpinlub.com\/vi\/wp-json\/wp\/v2\/product_tag?post=3854"}],"curies":[{"name":"wp","href":"https:\/\/api.w.org\/{rel}","templated":true}]}}