{"id":3881,"date":"2024-11-26T19:26:16","date_gmt":"2024-11-26T11:26:16","guid":{"rendered":"https:\/\/www.jinpinlub.com\/?post_type=product&#038;p=3881"},"modified":"2024-11-26T19:29:57","modified_gmt":"2024-11-26T11:29:57","slug":"ong-dau-boi-tron-nhom-4-6mm-tuy-chinh-cho-may-phay-cnc","status":"publish","type":"product","link":"https:\/\/www.jinpinlub.com\/vi\/product\/custom-4-6mm-aluminum-lubrication-oil-tube-for-milling-cnc\/","title":{"rendered":"\u1ed0ng d\u1ea7u b\u00f4i tr\u01a1n nh\u00f4m 4\/6mm t\u00f9y ch\u1ec9nh cho m\u00e1y phay CNC"},"content":{"rendered":"<h2>T\u00ednh n\u0103ng<\/h2>\n<p>Nh\u1eb9 v\u00e0 \u0111\u1ed9 b\u1ec1n cao: \u1ed0ng d\u1ea7u nh\u00f4m c\u00f3 tr\u1ecdng l\u01b0\u1ee3ng th\u1ea5p nh\u01b0ng v\u1eabn duy tr\u00ec \u0111\u1ed9 b\u1ec1n cao, ph\u00f9 h\u1ee3p v\u1edbi nhi\u1ec1u thi\u1ebft b\u1ecb c\u01a1 kh\u00ed kh\u00e1c nhau.<br \/>\nCh\u1ed1ng \u0103n m\u00f2n: \u1ed0ng d\u1ea7u nh\u00f4m c\u00f3 kh\u1ea3 n\u0103ng ch\u1ed1ng \u0103n m\u00f2n t\u1ed1t v\u00e0 c\u00f3 th\u1ec3 s\u1eed d\u1ee5ng l\u00e2u d\u00e0i trong m\u00f4i tr\u01b0\u1eddng kh\u1eafc nghi\u1ec7t.<br \/>\nD\u1eabn nhi\u1ec7t t\u1ed1t: Nh\u00f4m c\u00f3 kh\u1ea3 n\u0103ng d\u1eabn nhi\u1ec7t tuy\u1ec7t v\u1eddi, c\u00f3 th\u1ec3 d\u1eabn d\u1ea7u b\u00f4i tr\u01a1n hi\u1ec7u qu\u1ea3 v\u00e0 gi\u1eef nhi\u1ec7t \u0111\u1ed9 c\u1ee7a thi\u1ebft b\u1ecb \u1ed5n \u0111\u1ecbnh.<br \/>\nD\u1ec5 gia c\u00f4ng: \u1ed0ng d\u1ea7u nh\u00f4m d\u1ec5 gia c\u00f4ng v\u00e0 u\u1ed1n cong, d\u1ec5 l\u1eafp \u0111\u1eb7t v\u00e0 b\u1ea3o tr\u00ec trong thi\u1ebft b\u1ecb.<br \/>\nB\u1ea3o v\u1ec7 m\u00f4i tr\u01b0\u1eddng: Nh\u00f4m c\u00f3 th\u1ec3 t\u00e1i ch\u1ebf v\u00e0 th\u00e2n thi\u1ec7n v\u1edbi m\u00f4i tr\u01b0\u1eddng.<\/p>\n<h2>\u0110\u1eb7c \u0111i\u1ec3m k\u1ef9 thu\u1eadt<\/h2>\n<figure id=\"attachment_3873\" aria-describedby=\"caption-attachment-3873\" style=\"width: 800px\" class=\"wp-caption alignnone\"><img loading=\"lazy\" decoding=\"async\" class=\"size-full wp-image-3873\" src=\"https:\/\/www.jinpinlub.com\/wp-content\/uploads\/2024\/11\/Copper-Oil-Tube-5.jpg\" alt=\"\u1ed0ng d\u1ea7u \u0111\u1ed3ng (5)\" width=\"800\" height=\"485\" srcset=\"https:\/\/www.jinpinlub.com\/wp-content\/uploads\/2024\/11\/Copper-Oil-Tube-5.jpg 800w, https:\/\/www.jinpinlub.com\/wp-content\/uploads\/2024\/11\/Copper-Oil-Tube-5-300x182.jpg 300w, https:\/\/www.jinpinlub.com\/wp-content\/uploads\/2024\/11\/Copper-Oil-Tube-5-768x466.jpg 768w, https:\/\/www.jinpinlub.com\/wp-content\/uploads\/2024\/11\/Copper-Oil-Tube-5-18x12.jpg 18w\" sizes=\"auto, (max-width: 800px) 100vw, 800px\" \/><figcaption id=\"caption-attachment-3873\" class=\"wp-caption-text\">\u1ed0ng d\u1ea7u \u0111\u1ed3ng (5)<\/figcaption><\/figure>\n<h2>\u1ee8ng d\u1ee5ng<\/h2>\n<p>Thi\u1ebft b\u1ecb c\u01a1 kh\u00ed: M\u1ed9t s\u1ed1 lo\u1ea1i thi\u1ebft b\u1ecb c\u01a1 kh\u00ed \u0111\u01b0\u1ee3c trang b\u1ecb \u1ed1ng d\u1eabn d\u1ea7u b\u1eb1ng nh\u00f4m trong h\u1ec7 th\u1ed1ng b\u00f4i tr\u01a1n c\u1ee7a ch\u00fang, ch\u1eb3ng h\u1ea1n nh\u01b0 trong \u1ed5 tr\u1ee5c, b\u00e1nh r\u0103ng, v.v.<br \/>\nRobot c\u00f4ng nghi\u1ec7p: Vi\u1ec7c truy\u1ec1n d\u1ea7u b\u00f4i tr\u01a1n qua \u1ed1ng d\u1eabn d\u1ea7u b\u1eb1ng nh\u00f4m gi\u00fap robot c\u00f4ng nghi\u1ec7p ho\u1ea1t \u0111\u1ed9ng tr\u01a1n tru h\u01a1n.<br \/>\nD\u00e2y chuy\u1ec1n s\u1ea3n xu\u1ea5t t\u1ef1 \u0111\u1ed9ng: \u1ed0ng d\u1eabn d\u1ea7u nh\u00f4m \u0111\u01b0\u1ee3c s\u1eed d\u1ee5ng trong h\u1ec7 th\u1ed1ng b\u00f4i tr\u01a1n c\u1ee7a d\u00e2y chuy\u1ec1n s\u1ea3n xu\u1ea5t t\u1ef1 \u0111\u1ed9ng \u0111\u1ec3 \u0111\u1ea3m b\u1ea3o qu\u00e1 tr\u00ecnh s\u1ea3n xu\u1ea5t di\u1ec5n ra tr\u01a1n tru.<br \/>\nNg\u00e0nh c\u00f4ng nghi\u1ec7p \u00f4 t\u00f4: Trong s\u1ea3n xu\u1ea5t \u00f4 t\u00f4, \u1ed1ng d\u1eabn d\u1ea7u nh\u00f4m \u0111\u01b0\u1ee3c s\u1eed d\u1ee5ng \u0111\u1ec3 b\u00f4i tr\u01a1n \u1ed1ng d\u1eabn d\u1ea7u trong \u0111\u1ed9ng c\u01a1, h\u1ed9p s\u1ed1 v\u00e0 c\u00e1c b\u1ed9 ph\u1eadn kh\u00e1c.<\/p>\n<h2>H\u01b0\u1edbng d\u1eabn s\u1eed d\u1ee5ng<\/h2>\n<div class=\"sdm_download_button_box_default\"><div class=\"sdm_download_link\"><a href=\"https:\/\/www.jinpinlub.com\/vi\/?sdm_process_download=1&download_id=3866\" class=\"sdm_download white\" title=\"Ri\u00eang t\u01b0: Lubricant Tube\" target=\"&quot;_blank&quot;\">Xem B\u1ea3ng d\u1eef li\u1ec7u - \u1ed0ng b\u00f4i tr\u01a1n<\/a><\/div><\/div>","protected":false},"excerpt":{"rendered":"<p>\u1ed0ng nh\u00f4m b\u00f4i tr\u01a1n c\u00f4ng nghi\u1ec7p c\u00f3 tr\u1ecdng l\u01b0\u1ee3ng nh\u1eb9 v\u00e0 \u0111\u1ed9 b\u1ec1n cao, ch\u1ed1ng \u0103n m\u00f2n, c\u00f3 \u0111\u1ed9 d\u1eabn nhi\u1ec7t t\u1ed1t v\u00e0 d\u1ec5 gia c\u00f4ng. Ch\u00fang \u0111\u01b0\u1ee3c s\u1eed d\u1ee5ng trong thi\u1ebft b\u1ecb c\u01a1 kh\u00ed, d\u00e2y chuy\u1ec1n s\u1ea3n xu\u1ea5t t\u1ef1 \u0111\u1ed9ng v\u00e0 ng\u00e0nh c\u00f4ng nghi\u1ec7p \u00f4 t\u00f4 \u0111\u1ec3 \u0111\u1ea3m b\u1ea3o ho\u1ea1t \u0111\u1ed9ng hi\u1ec7u qu\u1ea3.<\/p>","protected":false},"featured_media":3885,"template":"","meta":{"ocean_post_layout":"","ocean_both_sidebars_style":"","ocean_both_sidebars_content_width":0,"ocean_both_sidebars_sidebars_width":0,"ocean_sidebar":"0","ocean_second_sidebar":"0","ocean_disable_margins":"enable","ocean_add_body_class":"","ocean_shortcode_before_top_bar":"","ocean_shortcode_after_top_bar":"","ocean_shortcode_before_header":"","ocean_shortcode_after_header":"","ocean_has_shortcode":"","ocean_shortcode_after_title":"","ocean_shortcode_before_footer_widgets":"","ocean_shortcode_after_footer_widgets":"","ocean_shortcode_before_footer_bottom":"","ocean_shortcode_after_footer_bottom":"","ocean_display_top_bar":"default","ocean_display_header":"default","ocean_header_style":"","ocean_center_header_left_menu":"0","ocean_custom_header_template":"0","ocean_custom_logo":0,"ocean_custom_retina_logo":0,"ocean_custom_logo_max_width":0,"ocean_custom_logo_tablet_max_width":0,"ocean_custom_logo_mobile_max_width":0,"ocean_custom_logo_max_height":0,"ocean_custom_logo_tablet_max_height":0,"ocean_custom_logo_mobile_max_height":0,"ocean_header_custom_menu":"0","ocean_menu_typo_font_family":"0","ocean_menu_typo_font_subset":"","ocean_menu_typo_font_size":0,"ocean_menu_typo_font_size_tablet":0,"ocean_menu_typo_font_size_mobile":0,"ocean_menu_typo_font_size_unit":"px","ocean_menu_typo_font_weight":"","ocean_menu_typo_font_weight_tablet":"","ocean_menu_typo_font_weight_mobile":"","ocean_menu_typo_transform":"","ocean_menu_typo_transform_tablet":"","ocean_menu_typo_transform_mobile":"","ocean_menu_typo_line_height":0,"ocean_menu_typo_line_height_tablet":0,"ocean_menu_typo_line_height_mobile":0,"ocean_menu_typo_line_height_unit":"","ocean_menu_typo_spacing":0,"ocean_menu_typo_spacing_tablet":0,"ocean_menu_typo_spacing_mobile":0,"ocean_menu_typo_spacing_unit":"","ocean_menu_link_color":"","ocean_menu_link_color_hover":"","ocean_menu_link_color_active":"","ocean_menu_link_background":"","ocean_menu_link_hover_background":"","ocean_menu_link_active_background":"","ocean_menu_social_links_bg":"","ocean_menu_social_hover_links_bg":"","ocean_menu_social_links_color":"","ocean_menu_social_hover_links_color":"","ocean_disable_title":"default","ocean_disable_heading":"default","ocean_post_title":"","ocean_post_subheading":"","ocean_post_title_style":"","ocean_post_title_background_color":"","ocean_post_title_background":0,"ocean_post_title_bg_image_position":"","ocean_post_title_bg_image_attachment":"","ocean_post_title_bg_image_repeat":"","ocean_post_title_bg_image_size":"","ocean_post_title_height":0,"ocean_post_title_bg_overlay":0.5,"ocean_post_title_bg_overlay_color":"","ocean_disable_breadcrumbs":"default","ocean_breadcrumbs_color":"","ocean_breadcrumbs_separator_color":"","ocean_breadcrumbs_links_color":"","ocean_breadcrumbs_links_hover_color":"","ocean_display_footer_widgets":"default","ocean_display_footer_bottom":"default","ocean_custom_footer_template":"0","osh_disable_topbar_sticky":"default","osh_disable_header_sticky":"default","osh_sticky_header_style":"default","osh_sticky_header_effect":"","osh_custom_sticky_logo":0,"osh_custom_retina_sticky_logo":0,"osh_custom_sticky_logo_height":0,"osh_background_color":"","osh_links_color":"","osh_links_hover_color":"","osh_links_active_color":"","osh_links_bg_color":"","osh_links_hover_bg_color":"","osh_links_active_bg_color":"","osh_menu_social_links_color":"","osh_menu_social_hover_links_color":""},"product_brand":[],"product_cat":[31],"product_tag":[359,358,355,350,356],"class_list":{"0":"post-3881","1":"product","2":"type-product","3":"status-publish","4":"has-post-thumbnail","6":"product_cat-lube-system-accessories","7":"product_tag-4mm-aluminum-tube","8":"product_tag-aluminum-oil-tube","9":"product_tag-lubricating-oil-pipe","10":"product_tag-lubricating-oil-tube","11":"product_tag-lubricating-pipeline","13":"entry","14":"has-media","16":"first","17":"instock","18":"shipping-taxable","19":"product-type-external","20":"col","21":"span_1_of_3","22":"owp-content-center","23":"owp-thumbs-layout-horizontal","24":"owp-btn-very-big","25":"owp-tabs-layout-horizontal"},"_links":{"self":[{"href":"https:\/\/www.jinpinlub.com\/vi\/wp-json\/wp\/v2\/product\/3881","targetHints":{"allow":["GET"]}}],"collection":[{"href":"https:\/\/www.jinpinlub.com\/vi\/wp-json\/wp\/v2\/product"}],"about":[{"href":"https:\/\/www.jinpinlub.com\/vi\/wp-json\/wp\/v2\/types\/product"}],"wp:featuredmedia":[{"embeddable":true,"href":"https:\/\/www.jinpinlub.com\/vi\/wp-json\/wp\/v2\/media\/3885"}],"wp:attachment":[{"href":"https:\/\/www.jinpinlub.com\/vi\/wp-json\/wp\/v2\/media?parent=3881"}],"wp:term":[{"taxonomy":"product_brand","embeddable":true,"href":"https:\/\/www.jinpinlub.com\/vi\/wp-json\/wp\/v2\/product_brand?post=3881"},{"taxonomy":"product_cat","embeddable":true,"href":"https:\/\/www.jinpinlub.com\/vi\/wp-json\/wp\/v2\/product_cat?post=3881"},{"taxonomy":"product_tag","embeddable":true,"href":"https:\/\/www.jinpinlub.com\/vi\/wp-json\/wp\/v2\/product_tag?post=3881"}],"curies":[{"name":"wp","href":"https:\/\/api.w.org\/{rel}","templated":true}]}}