{"id":3896,"date":"2024-11-28T21:44:02","date_gmt":"2024-11-28T13:44:02","guid":{"rendered":"https:\/\/www.jinpinlub.com\/?post_type=product&#038;p=3896"},"modified":"2024-12-01T03:27:08","modified_gmt":"2024-11-30T19:27:08","slug":"mg2k-grease-system-pressure-relief-quantitative-distributor-2","status":"publish","type":"product","link":"https:\/\/www.jinpinlub.com\/vi\/product\/mg2k-grease-system-pressure-relief-quantitative-distributor-2\/","title":{"rendered":"H\u1ec7 th\u1ed1ng m\u1ee1 b\u00f4i tr\u01a1n MG2K B\u1ed9 ph\u00e2n ph\u1ed1i \u0111\u1ecbnh l\u01b0\u1ee3ng gi\u1ea3m \u00e1p"},"content":{"rendered":"<h2>T\u00ednh n\u0103ng<\/h2>\n<p>1. Van \u0111\u1ecbnh l\u01b0\u1ee3ng \u00e1p su\u1ea5t, lo\u1ea1i t\u00e1c \u0111\u1ed9ng \u00e1p su\u1ea5t tr\u1ef1c ti\u1ebfp.<br \/>\n\u00c1p su\u1ea5t d\u1ea7u do m\u00e1y b\u01a1m cung c\u1ea5p \u0111\u1ea9y piston \u0111\u01b0\u1ee3c t\u00edch h\u1ee3p trong van \u0111\u1ecbnh l\u01b0\u1ee3ng di chuy\u1ec3n, bu\u1ed9c ch\u1ea5t b\u00f4i tr\u01a1n \u0111\u1ecbnh l\u01b0\u1ee3ng ph\u1ea3i \u0111\u01b0\u1ee3c x\u1ea3 ra.<br \/>\nKhi b\u01a1m ng\u1eebng ho\u1ea1t \u0111\u1ed9ng, piston c\u1ee7a b\u1ed9 ph\u1eadn \u0111\u1ecbnh l\u01b0\u1ee3ng \u0111\u01b0\u1ee3c \u0111\u1eb7t l\u1ea1i d\u01b0\u1edbi t\u00e1c \u0111\u1ed9ng c\u1ee7a l\u1ef1c l\u00f2 xo, t\u1ee9c l\u00e0 ch\u1ea5t b\u00f4i tr\u01a1n \u0111\u1ecbnh l\u01b0\u1ee3ng \u0111\u01b0\u1ee3c l\u01b0u tr\u1eef.<br \/>\n2. X\u1ea3 ch\u00ednh x\u00e1c, b\u1ed9 ph\u1eadn \u0111o ch\u1ec9 x\u1ea3 m\u1ed9t l\u1ea7n trong m\u1ed9t chu k\u1ef3 v\u00e0 kho\u1ea3ng c\u00e1ch gi\u1eefa ch\u00fang trong h\u1ec7 th\u1ed1ng, d\u00f9 xa, g\u1ea7n, cao hay th\u1ea5p, l\u1eafp \u0111\u1eb7t theo chi\u1ec1u ngang hay chi\u1ec1u d\u1ecdc, \u0111\u1ec1u kh\u00f4ng \u1ea3nh h\u01b0\u1edfng \u0111\u1ebfn qu\u00e1 tr\u00ecnh x\u1ea3.<br \/>\n3. X\u1ea3 c\u01b0\u1ee1ng b\u1ee9c, t\u00e1c \u0111\u1ed9ng nh\u1ea1y c\u1ea3m. S\u1eed d\u1ee5ng hai l\u1edbp ph\u1edbt \u0111\u1ec3 ng\u0103n ch\u1ea5t x\u1ea3 ch\u1ea3y ng\u01b0\u1ee3c tr\u1edf l\u1ea1i.<br \/>\n4. MG2K metering valves can be selected based on the needs of each lubrication point, and can be used in combination with the MG2J junction, either in series or parallel.<br \/>\n5. Sleeve type: \u03a64 nylon tube needs to be combined with PA4 compression bushing and PB4 sleeve. Quick plug-in type: \u03a64 nylon tube can be inserted.<br \/>\n6. Applicable to NLGI 000#, 00#, 0#, 1# and 2# grease.<\/p>\n<h2>\u0110\u1eb7c \u0111i\u1ec3m k\u1ef9 thu\u1eadt<\/h2>\n<table>\n<tbody>\n<tr>\n<td>Nguy\u00ean l\u00fd ch\u1ee9c n\u0103ng<\/td>\n<td>Van \u0111o \u00e1p su\u1ea5t gi\u1ea3m \u00e1p<\/td>\n<\/tr>\n<tr>\n<td>S\u1ed1 l\u01b0\u1ee3ng c\u1eeda h\u00e0ng<\/td>\n<td>1~12<\/td>\n<\/tr>\n<tr>\n<td>\u0110o l\u01b0\u1eddng s\u1ed1 l\u01b0\u1ee3ng<\/td>\n<td>0,03, 0,05, 0,13, 0,20, 0,30, 0,50mL\/chu k\u1ef3<\/td>\n<\/tr>\n<tr>\n<td>Ch\u1ea5t b\u00f4i tr\u01a1n<\/td>\n<td>NLGI 000#, 00#, 0#, 1# v\u00e0 2#<\/td>\n<\/tr>\n<tr>\n<td>Nhi\u1ec7t \u0111\u1ed9 ho\u1ea1t \u0111\u1ed9ng<\/td>\n<td>-20 \u0111\u1ebfn +80 \u00b0C<\/td>\n<\/tr>\n<tr>\n<td>\u00c1p su\u1ea5t ho\u1ea1t \u0111\u1ed9ng<\/td>\n<td>\u22652,5MPa<\/td>\n<\/tr>\n<tr>\n<td>V\u1eadt li\u1ec7u<\/td>\n<td>Nh\u00f4m + \u0110\u1ed3ng<\/td>\n<\/tr>\n<tr>\n<td>\u1ed4 c\u1eafm k\u1ebft n\u1ed1i<\/td>\n<td>\u0110\u1ea7u v\u00e0o M10x1\/Rc1\/8, \u0110\u1ea7u ra \u03a64(M8x1)<\/td>\n<\/tr>\n<tr>\n<td>Ph\u1ee5 ki\u1ec7n \u1ed5 c\u1eafm<\/td>\n<td>Ki\u1ec3u tay \u00e1o, Ki\u1ec3u nhanh<\/td>\n<\/tr>\n<tr>\n<td>V\u1ecb tr\u00ed l\u1eafp \u0111\u1eb7t<\/td>\n<td>B\u1ea5t k\u00ec<\/td>\n<\/tr>\n<\/tbody>\n<\/table>\n<h2>\u1ee8ng d\u1ee5ng<\/h2>\n<p>MG2K is used in machine tool industries for the lubrication of CNC machine tools, lathe machines, milling, grinders, and more to ensure long life of efficiency at work.<br \/>\nAutomated production line: MG2K in the automated production line to ensure the lubrication needs of continuous operation and improve production efficiency.<br \/>\nEngineering machinery: such as excavators, loaders and other heavy machinery equipment, reduce equipment wear and extend service life.<br \/>\nTextile machinery: the MG2K is used to lubricate textile equipment, allowing it to run without hindrances.<\/p>\n<h2>H\u01b0\u1edbng d\u1eabn s\u1eed d\u1ee5ng<\/h2>\n<div class=\"sdm_download_button_box_default\"><div class=\"sdm_download_link\"><a href=\"https:\/\/www.jinpinlub.com\/vi\/?sdm_process_download=1&download_id=3891\" class=\"sdm_download white\" title=\"Ri\u00eang t\u01b0: MG2K Metering Valve\" target=\"&quot;_blank&quot;\">Xem Datasheet - Nh\u00e0 ph\u00e2n ph\u1ed1i MG2K<\/a><\/div><\/div>","protected":false},"excerpt":{"rendered":"<p>MG2K distributor is suitable for greases NLGI 000#, 00#, 0#, 1# and 2#, and is compatible with a variety of pressure relief single-line lubrication systems. It consists of a metering valve and a connector, and users can combine the distributor based on their needs.<\/p>","protected":false},"featured_media":3899,"template":"","meta":{"ocean_post_layout":"","ocean_both_sidebars_style":"","ocean_both_sidebars_content_width":0,"ocean_both_sidebars_sidebars_width":0,"ocean_sidebar":"0","ocean_second_sidebar":"0","ocean_disable_margins":"enable","ocean_add_body_class":"","ocean_shortcode_before_top_bar":"","ocean_shortcode_after_top_bar":"","ocean_shortcode_before_header":"","ocean_shortcode_after_header":"","ocean_has_shortcode":"","ocean_shortcode_after_title":"","ocean_shortcode_before_footer_widgets":"","ocean_shortcode_after_footer_widgets":"","ocean_shortcode_before_footer_bottom":"","ocean_shortcode_after_footer_bottom":"","ocean_display_top_bar":"default","ocean_display_header":"default","ocean_header_style":"","ocean_center_header_left_menu":"0","ocean_custom_header_template":"0","ocean_custom_logo":0,"ocean_custom_retina_logo":0,"ocean_custom_logo_max_width":0,"ocean_custom_logo_tablet_max_width":0,"ocean_custom_logo_mobile_max_width":0,"ocean_custom_logo_max_height":0,"ocean_custom_logo_tablet_max_height":0,"ocean_custom_logo_mobile_max_height":0,"ocean_header_custom_menu":"0","ocean_menu_typo_font_family":"0","ocean_menu_typo_font_subset":"","ocean_menu_typo_font_size":0,"ocean_menu_typo_font_size_tablet":0,"ocean_menu_typo_font_size_mobile":0,"ocean_menu_typo_font_size_unit":"px","ocean_menu_typo_font_weight":"","ocean_menu_typo_font_weight_tablet":"","ocean_menu_typo_font_weight_mobile":"","ocean_menu_typo_transform":"","ocean_menu_typo_transform_tablet":"","ocean_menu_typo_transform_mobile":"","ocean_menu_typo_line_height":0,"ocean_menu_typo_line_height_tablet":0,"ocean_menu_typo_line_height_mobile":0,"ocean_menu_typo_line_height_unit":"","ocean_menu_typo_spacing":0,"ocean_menu_typo_spacing_tablet":0,"ocean_menu_typo_spacing_mobile":0,"ocean_menu_typo_spacing_unit":"","ocean_menu_link_color":"","ocean_menu_link_color_hover":"","ocean_menu_link_color_active":"","ocean_menu_link_background":"","ocean_menu_link_hover_background":"","ocean_menu_link_active_background":"","ocean_menu_social_links_bg":"","ocean_menu_social_hover_links_bg":"","ocean_menu_social_links_color":"","ocean_menu_social_hover_links_color":"","ocean_disable_title":"default","ocean_disable_heading":"default","ocean_post_title":"","ocean_post_subheading":"","ocean_post_title_style":"","ocean_post_title_background_color":"","ocean_post_title_background":0,"ocean_post_title_bg_image_position":"","ocean_post_title_bg_image_attachment":"","ocean_post_title_bg_image_repeat":"","ocean_post_title_bg_image_size":"","ocean_post_title_height":0,"ocean_post_title_bg_overlay":0.5,"ocean_post_title_bg_overlay_color":"","ocean_disable_breadcrumbs":"default","ocean_breadcrumbs_color":"","ocean_breadcrumbs_separator_color":"","ocean_breadcrumbs_links_color":"","ocean_breadcrumbs_links_hover_color":"","ocean_display_footer_widgets":"default","ocean_display_footer_bottom":"default","ocean_custom_footer_template":"0","osh_disable_topbar_sticky":"default","osh_disable_header_sticky":"default","osh_sticky_header_style":"default","osh_sticky_header_effect":"","osh_custom_sticky_logo":0,"osh_custom_retina_sticky_logo":0,"osh_custom_sticky_logo_height":0,"osh_background_color":"","osh_links_color":"","osh_links_hover_color":"","osh_links_active_color":"","osh_links_bg_color":"","osh_links_hover_bg_color":"","osh_links_active_bg_color":"","osh_menu_social_links_color":"","osh_menu_social_hover_links_color":""},"product_brand":[],"product_cat":[40,37],"product_tag":[87,98,100,85,86],"class_list":{"0":"post-3896","1":"product","2":"type-product","3":"status-publish","4":"has-post-thumbnail","6":"product_cat-pressure-relief-metering-valves","7":"product_cat-single-line-grease-systems","8":"product_tag-grease-distributor","9":"product_tag-grease-metering-device","10":"product_tag-grease-metering-valve","11":"product_tag-pressure-relief-metering-valve","12":"product_tag-single-line-distributor","14":"entry","15":"has-media","17":"first","18":"instock","19":"shipping-taxable","20":"product-type-external","21":"col","22":"span_1_of_3","23":"owp-content-center","24":"owp-thumbs-layout-horizontal","25":"owp-btn-very-big","26":"owp-tabs-layout-horizontal"},"_links":{"self":[{"href":"https:\/\/www.jinpinlub.com\/vi\/wp-json\/wp\/v2\/product\/3896","targetHints":{"allow":["GET"]}}],"collection":[{"href":"https:\/\/www.jinpinlub.com\/vi\/wp-json\/wp\/v2\/product"}],"about":[{"href":"https:\/\/www.jinpinlub.com\/vi\/wp-json\/wp\/v2\/types\/product"}],"wp:featuredmedia":[{"embeddable":true,"href":"https:\/\/www.jinpinlub.com\/vi\/wp-json\/wp\/v2\/media\/3899"}],"wp:attachment":[{"href":"https:\/\/www.jinpinlub.com\/vi\/wp-json\/wp\/v2\/media?parent=3896"}],"wp:term":[{"taxonomy":"product_brand","embeddable":true,"href":"https:\/\/www.jinpinlub.com\/vi\/wp-json\/wp\/v2\/product_brand?post=3896"},{"taxonomy":"product_cat","embeddable":true,"href":"https:\/\/www.jinpinlub.com\/vi\/wp-json\/wp\/v2\/product_cat?post=3896"},{"taxonomy":"product_tag","embeddable":true,"href":"https:\/\/www.jinpinlub.com\/vi\/wp-json\/wp\/v2\/product_tag?post=3896"}],"curies":[{"name":"wp","href":"https:\/\/api.w.org\/{rel}","templated":true}]}}