{"id":3901,"date":"2024-11-29T00:49:30","date_gmt":"2024-11-28T16:49:30","guid":{"rendered":"https:\/\/www.jinpinlub.com\/?post_type=product&#038;p=3901"},"modified":"2024-12-01T03:27:01","modified_gmt":"2024-11-30T19:27:01","slug":"kim-phun-dinh-luong-mg2k-8-pdi-cho-he-thong-mo-duong-don","status":"publish","type":"product","link":"https:\/\/www.jinpinlub.com\/vi\/product\/mg2k-8-pdi-metering-injector-for-single-line-grease-system\/","title":{"rendered":"MG2K-8 PDI M\u00e1y phun \u0111\u1ecbnh l\u01b0\u1ee3ng cho h\u1ec7 th\u1ed1ng m\u1ee1 m\u1ed9t d\u00f2ng"},"content":{"rendered":"<h2>T\u00ednh n\u0103ng<\/h2>\n<p><span id=\"input-sentence~0\">K\u1ebft h\u1ee3p: B\u1ed9 ph\u00e2n ph\u1ed1i bao g\u1ed3m m\u1ed9t van \u0111o v\u00e0 m\u1ed9t m\u1ed1i n\u1ed1i. B\u1ea1n c\u00f3 th\u1ec3 ch\u1ecdn \u0111\u1ea7u ra ph\u00f9 h\u1ee3p v\u00e0 l\u1eafp r\u00e1p n\u00f3 v\u00e0o b\u1ed9 ph\u00e2n ph\u1ed1i MG2K khi c\u1ea7n.<br \/>\nVan \u0111o: Van \u0111o MG2 b\u00f4i tr\u01a1n \u0111\u00fang c\u00e1ch, duy tr\u00ec l\u01b0\u1ee3ng c\u1ea5p li\u1ec7u \u1ed5n \u0111\u1ecbnh v\u00e0 ti\u1ebft ki\u1ec7m.<\/span><span id=\"input-sentence~1\"><br \/>\nN\u00fam v\u00fa m\u1ee1: <span id=\"input-sentence~0\">MG2K <\/span>c\u00f3 kh\u1ea3 n\u0103ng b\u00f4i tr\u01a1n 1-12 \u0111i\u1ec3m b\u1eb1ng m\u1ed9t l\u1ea7n b\u01a1m m\u1ee1.<br \/>\nV\u1eadt li\u1ec7u: Th\u00e2n b\u00ecnh th\u01b0\u1eddng \u0111\u01b0\u1ee3c l\u00e0m b\u1eb1ng \u0111\u1ed3ng thau \u0111\u1ec3 \u0111\u1ea3m b\u1ea3o \u0111\u1ed9 b\u1ec1n v\u00e0 ch\u1ed1ng \u0103n m\u00f2n.<br \/>\n\u00c1p su\u1ea5t v\u1eadn h\u00e0nh: Ph\u1ea1m vi \u00e1p su\u1ea5t v\u1eadn h\u00e0nh l\u00e0 2,5 MPa v\u1edbi \u00e1p su\u1ea5t \u0111\u1eb7t l\u1ea1i l\u00e0 1,4 MPa.<br \/>\nTh\u1ec3 t\u00edch x\u1ea3: C\u00f3 nhi\u1ec1u th\u1ec3 t\u00edch x\u1ea3 kh\u00e1c nhau, nh\u01b0 0,03, 0,05, 0,1, 0,2, 0,3 v\u00e0 0,5 ml\/chu k\u1ef3.<\/span><\/p>\n<h2>\u0110\u1eb7c \u0111i\u1ec3m k\u1ef9 thu\u1eadt<\/h2>\n<table>\n<tbody>\n<tr>\n<td>Nguy\u00ean l\u00fd ch\u1ee9c n\u0103ng<\/td>\n<td>Van \u0111o \u00e1p su\u1ea5t gi\u1ea3m \u00e1p<\/td>\n<\/tr>\n<tr>\n<td>S\u1ed1 l\u01b0\u1ee3ng c\u1eeda h\u00e0ng<\/td>\n<td>1~12<\/td>\n<\/tr>\n<tr>\n<td>\u0110o l\u01b0\u1eddng s\u1ed1 l\u01b0\u1ee3ng<\/td>\n<td>0,03, 0,05, 0,13, 0,20, 0,30, 0,50mL\/chu k\u1ef3<\/td>\n<\/tr>\n<tr>\n<td>Ch\u1ea5t b\u00f4i tr\u01a1n<\/td>\n<td>NLGI 000#, 00#, 0#, 1# v\u00e0 2#<\/td>\n<\/tr>\n<tr>\n<td>Nhi\u1ec7t \u0111\u1ed9 ho\u1ea1t \u0111\u1ed9ng<\/td>\n<td>-20 \u0111\u1ebfn +80 \u00b0C<\/td>\n<\/tr>\n<tr>\n<td>\u00c1p su\u1ea5t ho\u1ea1t \u0111\u1ed9ng<\/td>\n<td>\u22652,5MPa<\/td>\n<\/tr>\n<tr>\n<td>V\u1eadt li\u1ec7u<\/td>\n<td>Nh\u00f4m + \u0110\u1ed3ng<\/td>\n<\/tr>\n<tr>\n<td>\u1ed4 c\u1eafm k\u1ebft n\u1ed1i<\/td>\n<td>\u0110\u1ea7u v\u00e0o M10x1\/Rc1\/8, \u0110\u1ea7u ra \u03a64(M8x1)<\/td>\n<\/tr>\n<tr>\n<td>Ph\u1ee5 ki\u1ec7n \u1ed5 c\u1eafm<\/td>\n<td>Ki\u1ec3u tay \u00e1o, Ki\u1ec3u nhanh<\/td>\n<\/tr>\n<tr>\n<td>V\u1ecb tr\u00ed l\u1eafp \u0111\u1eb7t<\/td>\n<td>B\u1ea5t k\u00ec<\/td>\n<\/tr>\n<\/tbody>\n<\/table>\n<h2>C\u00e0i \u0111\u1eb7t<\/h2>\n<p>S\u1ef1 chu\u1ea9n b\u1ecb:<br \/>\nChu\u1ea9n b\u1ecb c\u00e1c c\u00f4ng c\u1ee5 v\u00e0 v\u1eadt li\u1ec7u, bao g\u1ed3m van, n\u00fam m\u1ee1, ph\u1ee5 ki\u1ec7n v\u00e0 lo\u1ea1i m\u1ee1 th\u00edch h\u1ee3p.<br \/>\nV\u1ecb tr\u00ed:<br \/>\nCh\u1ec9 ra v\u1ecb tr\u00ed l\u1eafp van \u0111o. \u0110\u00e2y ph\u1ea3i l\u00e0 khu v\u1ef1c d\u1ec5 ti\u1ebfp c\u1eadn \u0111\u1ec3 b\u1ea3o tr\u00ec v\u00e0 v\u1eadn h\u00e0nh.<br \/>\nK\u1ebft n\u1ed1i ph\u1ee5 ki\u1ec7n:<br \/>\nN\u1ed1i c\u00e1c ph\u1ee5 ki\u1ec7n v\u1edbi van \u0111o v\u00e0 \u0111\u01b0\u1eddng \u1ed1ng m\u1ee1. \u0110\u1ea3m b\u1ea3o t\u1ea5t c\u1ea3 \u0111\u1ec1u \u0111\u01b0\u1ee3c l\u1eafp \u0111\u00fang c\u00e1ch \u0111\u1ec3 tr\u00e1nh r\u00f2 r\u1ec9.<br \/>\nKi\u1ec3m tra h\u1ec7 th\u1ed1ng:<br \/>\nL\u1eafp van v\u00e0 n\u00fam v\u00fa, sau \u0111\u00f3 ki\u1ec3m tra h\u1ec7 th\u1ed1ng b\u1eb1ng c\u00e1ch s\u1eed d\u1ee5ng s\u00fang m\u1ee1. Ki\u1ec3m tra h\u1ec7 th\u1ed1ng xem c\u00f3 r\u00f2 r\u1ec9 ho\u1eb7c d\u00f2ng m\u1ee1 ch\u1ea3y kh\u00f4ng \u0111\u00fang kh\u00f4ng.<br \/>\n\u0110i\u1ec1u ch\u1ec9nh cu\u1ed1i c\u00f9ng:<br \/>\nKi\u1ec3m tra xem t\u1ea5t c\u1ea3 c\u00e1c b\u1ed9 ph\u1eadn c\u00f3 ho\u1ea1t \u0111\u1ed9ng b\u00ecnh th\u01b0\u1eddng kh\u00f4ng v\u00e0 h\u1ec7 th\u1ed1ng b\u00f4i tr\u01a1n c\u00f3 cung c\u1ea5p m\u1ee1 nh\u01b0 mong mu\u1ed1n kh\u00f4ng.<\/p>\n<h2>H\u01b0\u1edbng d\u1eabn s\u1eed d\u1ee5ng<\/h2>\n<div class=\"sdm_download_button_box_default\"><div class=\"sdm_download_link\"><a href=\"https:\/\/www.jinpinlub.com\/vi\/?sdm_process_download=1&download_id=3891\" class=\"sdm_download white\" title=\"Ri\u00eang t\u01b0: MG2K Metering Valve\" target=\"&quot;_blank&quot;\">Xem Datasheet - Nh\u00e0 ph\u00e2n ph\u1ed1i MG2K<\/a><\/div><\/div>","protected":false},"excerpt":{"rendered":"<p>B\u1ed9 ph\u00e2n ph\u1ed1i MG2K Grease PDI l\u00e0 m\u1ed9t ph\u1ea7n c\u1ee7a h\u1ec7 th\u1ed1ng b\u00f4i tr\u01a1n m\u1ee1 m\u1ed9t \u0111\u01b0\u1eddng gi\u1ea3m \u00e1p. M\u1ed7i \u0111\u1ea7u ra c\u00f3 th\u1ec3 \u0111\u01b0\u1ee3c l\u1eafp r\u00e1p d\u1ef1a tr\u00ean nhu c\u1ea7u th\u1ef1c t\u1ebf. To\u00e0n b\u1ed9 \u0111\u01b0\u1ee3c l\u1eafp r\u00e1p t\u1eeb van \u0111o b\u1eb1ng \u0111\u1ed3ng thau v\u00e0 m\u1ed1i n\u1ed1i b\u1eb1ng nh\u00f4m, b\u1ec1n v\u00e0 ch\u00ednh x\u00e1c v\u1ec1 \u0111\u1ea7u ra.<\/p>","protected":false},"featured_media":3904,"template":"","meta":{"ocean_post_layout":"","ocean_both_sidebars_style":"","ocean_both_sidebars_content_width":0,"ocean_both_sidebars_sidebars_width":0,"ocean_sidebar":"0","ocean_second_sidebar":"0","ocean_disable_margins":"enable","ocean_add_body_class":"","ocean_shortcode_before_top_bar":"","ocean_shortcode_after_top_bar":"","ocean_shortcode_before_header":"","ocean_shortcode_after_header":"","ocean_has_shortcode":"","ocean_shortcode_after_title":"","ocean_shortcode_before_footer_widgets":"","ocean_shortcode_after_footer_widgets":"","ocean_shortcode_before_footer_bottom":"","ocean_shortcode_after_footer_bottom":"","ocean_display_top_bar":"default","ocean_display_header":"default","ocean_header_style":"","ocean_center_header_left_menu":"0","ocean_custom_header_template":"0","ocean_custom_logo":0,"ocean_custom_retina_logo":0,"ocean_custom_logo_max_width":0,"ocean_custom_logo_tablet_max_width":0,"ocean_custom_logo_mobile_max_width":0,"ocean_custom_logo_max_height":0,"ocean_custom_logo_tablet_max_height":0,"ocean_custom_logo_mobile_max_height":0,"ocean_header_custom_menu":"0","ocean_menu_typo_font_family":"0","ocean_menu_typo_font_subset":"","ocean_menu_typo_font_size":0,"ocean_menu_typo_font_size_tablet":0,"ocean_menu_typo_font_size_mobile":0,"ocean_menu_typo_font_size_unit":"px","ocean_menu_typo_font_weight":"","ocean_menu_typo_font_weight_tablet":"","ocean_menu_typo_font_weight_mobile":"","ocean_menu_typo_transform":"","ocean_menu_typo_transform_tablet":"","ocean_menu_typo_transform_mobile":"","ocean_menu_typo_line_height":0,"ocean_menu_typo_line_height_tablet":0,"ocean_menu_typo_line_height_mobile":0,"ocean_menu_typo_line_height_unit":"","ocean_menu_typo_spacing":0,"ocean_menu_typo_spacing_tablet":0,"ocean_menu_typo_spacing_mobile":0,"ocean_menu_typo_spacing_unit":"","ocean_menu_link_color":"","ocean_menu_link_color_hover":"","ocean_menu_link_color_active":"","ocean_menu_link_background":"","ocean_menu_link_hover_background":"","ocean_menu_link_active_background":"","ocean_menu_social_links_bg":"","ocean_menu_social_hover_links_bg":"","ocean_menu_social_links_color":"","ocean_menu_social_hover_links_color":"","ocean_disable_title":"default","ocean_disable_heading":"default","ocean_post_title":"","ocean_post_subheading":"","ocean_post_title_style":"","ocean_post_title_background_color":"","ocean_post_title_background":0,"ocean_post_title_bg_image_position":"","ocean_post_title_bg_image_attachment":"","ocean_post_title_bg_image_repeat":"","ocean_post_title_bg_image_size":"","ocean_post_title_height":0,"ocean_post_title_bg_overlay":0.5,"ocean_post_title_bg_overlay_color":"","ocean_disable_breadcrumbs":"default","ocean_breadcrumbs_color":"","ocean_breadcrumbs_separator_color":"","ocean_breadcrumbs_links_color":"","ocean_breadcrumbs_links_hover_color":"","ocean_display_footer_widgets":"default","ocean_display_footer_bottom":"default","ocean_custom_footer_template":"0","osh_disable_topbar_sticky":"default","osh_disable_header_sticky":"default","osh_sticky_header_style":"default","osh_sticky_header_effect":"","osh_custom_sticky_logo":0,"osh_custom_retina_sticky_logo":0,"osh_custom_sticky_logo_height":0,"osh_background_color":"","osh_links_color":"","osh_links_hover_color":"","osh_links_active_color":"","osh_links_bg_color":"","osh_links_hover_bg_color":"","osh_links_active_bg_color":"","osh_menu_social_links_color":"","osh_menu_social_hover_links_color":""},"product_brand":[],"product_cat":[40,37],"product_tag":[87,98,100,85,360],"class_list":{"0":"post-3901","1":"product","2":"type-product","3":"status-publish","4":"has-post-thumbnail","6":"product_cat-pressure-relief-metering-valves","7":"product_cat-single-line-grease-systems","8":"product_tag-grease-distributor","9":"product_tag-grease-metering-device","10":"product_tag-grease-metering-valve","11":"product_tag-pressure-relief-metering-valve","12":"product_tag-pressurized-injector","14":"entry","15":"has-media","17":"first","18":"instock","19":"shipping-taxable","20":"product-type-external","21":"col","22":"span_1_of_3","23":"owp-content-center","24":"owp-thumbs-layout-horizontal","25":"owp-btn-very-big","26":"owp-tabs-layout-horizontal"},"_links":{"self":[{"href":"https:\/\/www.jinpinlub.com\/vi\/wp-json\/wp\/v2\/product\/3901","targetHints":{"allow":["GET"]}}],"collection":[{"href":"https:\/\/www.jinpinlub.com\/vi\/wp-json\/wp\/v2\/product"}],"about":[{"href":"https:\/\/www.jinpinlub.com\/vi\/wp-json\/wp\/v2\/types\/product"}],"wp:featuredmedia":[{"embeddable":true,"href":"https:\/\/www.jinpinlub.com\/vi\/wp-json\/wp\/v2\/media\/3904"}],"wp:attachment":[{"href":"https:\/\/www.jinpinlub.com\/vi\/wp-json\/wp\/v2\/media?parent=3901"}],"wp:term":[{"taxonomy":"product_brand","embeddable":true,"href":"https:\/\/www.jinpinlub.com\/vi\/wp-json\/wp\/v2\/product_brand?post=3901"},{"taxonomy":"product_cat","embeddable":true,"href":"https:\/\/www.jinpinlub.com\/vi\/wp-json\/wp\/v2\/product_cat?post=3901"},{"taxonomy":"product_tag","embeddable":true,"href":"https:\/\/www.jinpinlub.com\/vi\/wp-json\/wp\/v2\/product_tag?post=3901"}],"curies":[{"name":"wp","href":"https:\/\/api.w.org\/{rel}","templated":true}]}}