{"id":3906,"date":"2024-11-29T15:26:22","date_gmt":"2024-11-29T07:26:22","guid":{"rendered":"https:\/\/www.jinpinlub.com\/?post_type=product&#038;p=3906"},"modified":"2024-12-01T03:26:54","modified_gmt":"2024-11-30T19:26:54","slug":"van-dinh-luong-kim-phun-mo-chiu-ap-suat-mgk-series-mg","status":"publish","type":"product","link":"https:\/\/www.jinpinlub.com\/vi\/product\/mgk-pressurized-grease-injector-metering-valves-series-mg\/","title":{"rendered":"Van \u0111\u1ecbnh l\u01b0\u1ee3ng kim phun m\u1ee1 ch\u1ecbu \u00e1p su\u1ea5t MGK Series MG"},"content":{"rendered":"<h2>T\u00ednh n\u0103ng<\/h2>\n<p>Ki\u1ec3m so\u00e1t b\u00f4i tr\u01a1n ch\u00ednh x\u00e1c: Van ph\u00e2n ph\u1ed1i cung c\u1ea5p \u0111\u1ed9 ch\u00ednh x\u00e1c c\u1ee7a th\u1ec3 t\u00edch x\u1ea3 trong ph\u1ea1m vi t\u1eeb 0,03 mL \u0111\u1ebfn 0,5 mL \u0111\u1ec3 b\u00f4i tr\u01a1n t\u1ed1t.<br \/>\nPh\u01b0\u01a1ng ph\u00e1p k\u1ebft n\u1ed1i: Van ph\u00e2n ph\u1ed1i \u0111\u01b0\u1ee3c cung c\u1ea5p v\u1edbi nhi\u1ec1u ph\u01b0\u01a1ng ph\u00e1p k\u1ebft n\u1ed1i kh\u00e1c nhau: \u1ed1ng l\u00f3t, \u0111ai \u1ed1c, k\u1ebft n\u1ed1i m\u1ed9t ch\u1ea1m, v.v. - d\u1ec5 d\u00e0ng th\u00edch \u1ee9ng v\u1edbi thi\u1ebft l\u1eadp \u0111ang s\u1eed d\u1ee5ng.<br \/>\nV\u1eadt li\u1ec7u b\u1ec1n: Th\u00e2n van \u0111\u01b0\u1ee3c l\u00e0m b\u1eb1ng \u0111\u1ed3ng thau n\u00ean r\u1ea5t b\u1ec1n v\u00e0 kh\u00f4ng b\u1ecb \u0103n m\u00f2n.<br \/>\n\u00c1p su\u1ea5t l\u00e0m vi\u1ec7c cao: Van ph\u00e2n ph\u1ed1i c\u00f3 th\u1ec3 ch\u1ecbu \u00e1p su\u1ea5t l\u00e0m vi\u1ec7c \u00edt nh\u1ea5t t\u1eeb 1,2 MPa; do \u0111\u00f3, ch\u00fang ph\u00f9 h\u1ee3p cho c\u00e1c \u1ee9ng d\u1ee5ng \u00e1p su\u1ea5t cao.<br \/>\n\u00c1p su\u1ea5t h\u1ed3i l\u01b0u th\u1ea5p: \u00c1p su\u1ea5t h\u1ed3i l\u01b0u l\u00e0 0,5 MPa. \u0110i\u1ec1u n\u00e0y g\u00f3p ph\u1ea7n v\u00e0o hi\u1ec7u qu\u1ea3 c\u1ee7a h\u1ec7 th\u1ed1ng.<br \/>\nThi\u1ebft k\u1ebf nh\u1ecf g\u1ecdn: C\u00f3 nhi\u1ec1u k\u00edch th\u01b0\u1edbc kh\u00e1c nhau \u0111\u1ec3 ph\u00f9 h\u1ee3p v\u1edbi nhi\u1ec1u lo\u1ea1i m\u00e1y m\u00f3c v\u00e0 thi\u1ebft b\u1ecb.<\/p>\n<h2>\u0110\u1eb7c \u0111i\u1ec3m k\u1ef9 thu\u1eadt<\/h2>\n<table>\n<tbody>\n<tr>\n<td>Nguy\u00ean l\u00fd ch\u1ee9c n\u0103ng<\/td>\n<td>Van \u0111o \u00e1p su\u1ea5t gi\u1ea3m \u00e1p<\/td>\n<\/tr>\n<tr>\n<td>S\u1ed1 l\u01b0\u1ee3ng c\u1eeda h\u00e0ng<\/td>\n<td>1~12<\/td>\n<\/tr>\n<tr>\n<td>\u0110o l\u01b0\u1eddng s\u1ed1 l\u01b0\u1ee3ng<\/td>\n<td>0,03, 0,05, 0,13, 0,20, 0,30, 0,50mL\/chu k\u1ef3<\/td>\n<\/tr>\n<tr>\n<td>Ch\u1ea5t b\u00f4i tr\u01a1n<\/td>\n<td>M\u1ee1 b\u00f4i tr\u01a1n NLGI 000#, 00#.<\/td>\n<\/tr>\n<tr>\n<td>Nhi\u1ec7t \u0111\u1ed9 ho\u1ea1t \u0111\u1ed9ng<\/td>\n<td>-20 \u0111\u1ebfn +80 \u00b0C<\/td>\n<\/tr>\n<tr>\n<td>\u00c1p su\u1ea5t ho\u1ea1t \u0111\u1ed9ng<\/td>\n<td>0,5~1,5MPa<\/td>\n<\/tr>\n<tr>\n<td>V\u1eadt li\u1ec7u<\/td>\n<td>\u0110\u1ed3ng, nh\u00f4m<\/td>\n<\/tr>\n<tr>\n<td>\u1ed4 c\u1eafm k\u1ebft n\u1ed1i<\/td>\n<td>\u0110\u1ea7u v\u00e0o Rc1\/8, \u0110\u1ea7u ra \u03a64(Rc1\/8)<\/td>\n<\/tr>\n<tr>\n<td>Ph\u1ee5 ki\u1ec7n \u1ed5 c\u1eafm<\/td>\n<td>Ki\u1ec3u tay \u00e1o, Ki\u1ec3u nhanh<\/td>\n<\/tr>\n<tr>\n<td>V\u1ecb tr\u00ed l\u1eafp \u0111\u1eb7t<\/td>\n<td>B\u1ea5t k\u00ec<\/td>\n<\/tr>\n<\/tbody>\n<\/table>\n<h2>X\u1eed l\u00fd s\u1ef1 c\u1ed1<\/h2>\n<p>Ki\u1ec3m tra t\u1eafc ngh\u1ebdn: \u0110\u1ea3m b\u1ea3o kh\u00f4ng c\u00f3 b\u1ea5t k\u1ef3 t\u1eafc ngh\u1ebdn n\u00e0o trong van \u0111o ho\u1eb7c \u0111\u01b0\u1eddng \u1ed1ng. L\u00e0m s\u1ea1ch b\u1ea5t k\u1ef3 h\u1ea1t ho\u1eb7c c\u1eb7n b\u1ea9n n\u00e0o c\u00f3 th\u1ec3 c\u1ea3n tr\u1edf thanh tr\u01b0\u1ee3t.<br \/>\nKi\u1ec3m tra k\u1ebft n\u1ed1i: \u0110\u1ea3m b\u1ea3o t\u1ea5t c\u1ea3 c\u00e1c k\u1ebft n\u1ed1i \u0111\u1ec1u an to\u00e0n v\u00e0 kh\u00f4ng c\u00f3 r\u00f2 r\u1ec9. K\u1ebft n\u1ed1i l\u1ecfng l\u1ebbo ho\u1eb7c l\u1ed7i c\u00f3 th\u1ec3 \u1ea3nh h\u01b0\u1edfng \u0111\u1ebfn hi\u1ec7u su\u1ea5t c\u1ee7a van \u0111o.<br \/>\nKi\u1ec3m tra t\u00ecnh tr\u1ea1ng hao m\u00f2n: Ki\u1ec3m tra van \u0111o xem c\u00f3 b\u1ea5t k\u1ef3 d\u1ea5u hi\u1ec7u hao m\u00f2n, \u0103n m\u00f2n ho\u1eb7c h\u01b0 h\u1ecfng n\u00e0o kh\u00f4ng. Thay th\u1ebf b\u1ea5t k\u1ef3 b\u1ed9 ph\u1eadn n\u00e0o b\u1ecb m\u00f2n n\u1ebfu c\u1ea7n.<br \/>\nTheo d\u00f5i m\u1ee9c \u00e1p su\u1ea5t: \u0110\u1ea3m b\u1ea3o r\u1eb1ng \u1ee9ng su\u1ea5t ch\u1ea1y v\u00e0 \u1ee9ng su\u1ea5t tr\u1ea3 v\u1ec1 n\u1eb1m trong ph\u1ea1m vi c\u1ee5 th\u1ec3. C\u00e1c m\u1ee9c \u1ee9ng su\u1ea5t kh\u00f4ng ch\u00ednh x\u00e1c c\u00f3 th\u1ec3 g\u00e2y ra s\u1ef1 c\u1ed1 v\u1edbi vi\u1ec7c b\u00f4i tr\u01a1n.<br \/>\nB\u00f4i tr\u01a1n: Th\u01b0\u1eddng xuy\u00ean b\u00f4i tr\u01a1n van \u0111\u1ecbnh l\u01b0\u1ee3ng \u0111\u1ec3 \u0111\u1ea3m b\u1ea3o v\u1eadn h\u00e0nh d\u1ec5 d\u00e0ng v\u00e0 ch\u1ed1ng k\u1eb9t.<\/p>\n<h2>H\u01b0\u1edbng d\u1eabn s\u1eed d\u1ee5ng<\/h2>\n<div class=\"sdm_download_button_box_default\"><div class=\"sdm_download_link\"><a href=\"https:\/\/www.jinpinlub.com\/vi\/?sdm_process_download=1&download_id=2470\" class=\"sdm_download white\" title=\"Ri\u00eang t\u01b0: MGK Metering Valve\" target=\"&quot;_blank&quot;\">Xem B\u1ea3ng d\u1eef li\u1ec7u - Van \u0111o MGK<\/a><\/div><\/div>","protected":false},"excerpt":{"rendered":"<p>D\u00f2ng van \u0111\u1ecbnh l\u01b0\u1ee3ng MGK l\u00e0 m\u1ed9t ph\u1ea7n c\u1ee7a h\u1ec7 th\u1ed1ng b\u00f4i tr\u01a1n m\u1ee1 m\u1ed9t \u0111\u01b0\u1eddng gi\u1ea3m \u00e1p. C\u00e1c van ph\u00e2n ph\u1ed1i n\u00e0y \u0111\u01b0\u1ee3c thi\u1ebft k\u1ebf \u0111\u1ec3 cung c\u1ea5p kh\u1ea3 n\u0103ng ki\u1ec3m so\u00e1t b\u00f4i tr\u01a1n ch\u00ednh x\u00e1c cho nhi\u1ec1u \u1ee9ng d\u1ee5ng c\u00f4ng nghi\u1ec7p. Ch\u00fang c\u00f3 \u0111\u1ea7u ra ch\u00ednh x\u00e1c, l\u1eafp r\u00e1p linh ho\u1ea1t, \u1ed5n \u0111\u1ecbnh v\u00e0 b\u1ec1n b\u1ec9.<\/p>","protected":false},"featured_media":3907,"template":"","meta":{"ocean_post_layout":"","ocean_both_sidebars_style":"","ocean_both_sidebars_content_width":0,"ocean_both_sidebars_sidebars_width":0,"ocean_sidebar":"0","ocean_second_sidebar":"0","ocean_disable_margins":"enable","ocean_add_body_class":"","ocean_shortcode_before_top_bar":"","ocean_shortcode_after_top_bar":"","ocean_shortcode_before_header":"","ocean_shortcode_after_header":"","ocean_has_shortcode":"","ocean_shortcode_after_title":"","ocean_shortcode_before_footer_widgets":"","ocean_shortcode_after_footer_widgets":"","ocean_shortcode_before_footer_bottom":"","ocean_shortcode_after_footer_bottom":"","ocean_display_top_bar":"default","ocean_display_header":"default","ocean_header_style":"","ocean_center_header_left_menu":"0","ocean_custom_header_template":"0","ocean_custom_logo":0,"ocean_custom_retina_logo":0,"ocean_custom_logo_max_width":0,"ocean_custom_logo_tablet_max_width":0,"ocean_custom_logo_mobile_max_width":0,"ocean_custom_logo_max_height":0,"ocean_custom_logo_tablet_max_height":0,"ocean_custom_logo_mobile_max_height":0,"ocean_header_custom_menu":"0","ocean_menu_typo_font_family":"0","ocean_menu_typo_font_subset":"","ocean_menu_typo_font_size":0,"ocean_menu_typo_font_size_tablet":0,"ocean_menu_typo_font_size_mobile":0,"ocean_menu_typo_font_size_unit":"px","ocean_menu_typo_font_weight":"","ocean_menu_typo_font_weight_tablet":"","ocean_menu_typo_font_weight_mobile":"","ocean_menu_typo_transform":"","ocean_menu_typo_transform_tablet":"","ocean_menu_typo_transform_mobile":"","ocean_menu_typo_line_height":0,"ocean_menu_typo_line_height_tablet":0,"ocean_menu_typo_line_height_mobile":0,"ocean_menu_typo_line_height_unit":"","ocean_menu_typo_spacing":0,"ocean_menu_typo_spacing_tablet":0,"ocean_menu_typo_spacing_mobile":0,"ocean_menu_typo_spacing_unit":"","ocean_menu_link_color":"","ocean_menu_link_color_hover":"","ocean_menu_link_color_active":"","ocean_menu_link_background":"","ocean_menu_link_hover_background":"","ocean_menu_link_active_background":"","ocean_menu_social_links_bg":"","ocean_menu_social_hover_links_bg":"","ocean_menu_social_links_color":"","ocean_menu_social_hover_links_color":"","ocean_disable_title":"default","ocean_disable_heading":"default","ocean_post_title":"","ocean_post_subheading":"","ocean_post_title_style":"","ocean_post_title_background_color":"","ocean_post_title_background":0,"ocean_post_title_bg_image_position":"","ocean_post_title_bg_image_attachment":"","ocean_post_title_bg_image_repeat":"","ocean_post_title_bg_image_size":"","ocean_post_title_height":0,"ocean_post_title_bg_overlay":0.5,"ocean_post_title_bg_overlay_color":"","ocean_disable_breadcrumbs":"default","ocean_breadcrumbs_color":"","ocean_breadcrumbs_separator_color":"","ocean_breadcrumbs_links_color":"","ocean_breadcrumbs_links_hover_color":"","ocean_display_footer_widgets":"default","ocean_display_footer_bottom":"default","ocean_custom_footer_template":"0","osh_disable_topbar_sticky":"default","osh_disable_header_sticky":"default","osh_sticky_header_style":"default","osh_sticky_header_effect":"","osh_custom_sticky_logo":0,"osh_custom_retina_sticky_logo":0,"osh_custom_sticky_logo_height":0,"osh_background_color":"","osh_links_color":"","osh_links_hover_color":"","osh_links_active_color":"","osh_links_bg_color":"","osh_links_hover_bg_color":"","osh_links_active_bg_color":"","osh_menu_social_links_color":"","osh_menu_social_hover_links_color":""},"product_brand":[],"product_cat":[40,37],"product_tag":[87,97,361,85,86],"class_list":{"0":"post-3906","1":"product","2":"type-product","3":"status-publish","4":"has-post-thumbnail","6":"product_cat-pressure-relief-metering-valves","7":"product_cat-single-line-grease-systems","8":"product_tag-grease-distributor","9":"product_tag-grease-injector","10":"product_tag-metering-valves","11":"product_tag-pressure-relief-metering-valve","12":"product_tag-single-line-distributor","14":"entry","15":"has-media","17":"first","18":"instock","19":"shipping-taxable","20":"product-type-external","21":"col","22":"span_1_of_3","23":"owp-content-center","24":"owp-thumbs-layout-horizontal","25":"owp-btn-very-big","26":"owp-tabs-layout-horizontal"},"_links":{"self":[{"href":"https:\/\/www.jinpinlub.com\/vi\/wp-json\/wp\/v2\/product\/3906","targetHints":{"allow":["GET"]}}],"collection":[{"href":"https:\/\/www.jinpinlub.com\/vi\/wp-json\/wp\/v2\/product"}],"about":[{"href":"https:\/\/www.jinpinlub.com\/vi\/wp-json\/wp\/v2\/types\/product"}],"wp:featuredmedia":[{"embeddable":true,"href":"https:\/\/www.jinpinlub.com\/vi\/wp-json\/wp\/v2\/media\/3907"}],"wp:attachment":[{"href":"https:\/\/www.jinpinlub.com\/vi\/wp-json\/wp\/v2\/media?parent=3906"}],"wp:term":[{"taxonomy":"product_brand","embeddable":true,"href":"https:\/\/www.jinpinlub.com\/vi\/wp-json\/wp\/v2\/product_brand?post=3906"},{"taxonomy":"product_cat","embeddable":true,"href":"https:\/\/www.jinpinlub.com\/vi\/wp-json\/wp\/v2\/product_cat?post=3906"},{"taxonomy":"product_tag","embeddable":true,"href":"https:\/\/www.jinpinlub.com\/vi\/wp-json\/wp\/v2\/product_tag?post=3906"}],"curies":[{"name":"wp","href":"https:\/\/api.w.org\/{rel}","templated":true}]}}