{"id":3911,"date":"2024-11-29T17:59:40","date_gmt":"2024-11-29T09:59:40","guid":{"rendered":"https:\/\/www.jinpinlub.com\/?post_type=product&#038;p=3911"},"modified":"2024-12-01T03:26:47","modified_gmt":"2024-11-30T19:26:47","slug":"mgk-10-dau-noi-nhanh-thiet-bi-phan-phoi-mo-the-tich","status":"publish","type":"product","link":"https:\/\/www.jinpinlub.com\/vi\/product\/mgk-10-quick-connector-volumetric-grease-distributor-device\/","title":{"rendered":"Thi\u1ebft b\u1ecb ph\u00e2n ph\u1ed1i m\u1ee1 th\u1ec3 t\u00edch \u0111\u1ea7u n\u1ed1i nhanh MGK-10"},"content":{"rendered":"<h2>T\u00ednh n\u0103ng<\/h2>\n<p>1. Van \u0111\u1ecbnh l\u01b0\u1ee3ng \u00e1p su\u1ea5t, lo\u1ea1i t\u00e1c \u0111\u1ed9ng \u00e1p su\u1ea5t tr\u1ef1c ti\u1ebfp.<br \/>\n\u00c1p su\u1ea5t d\u1ea7u do m\u00e1y b\u01a1m cung c\u1ea5p \u0111\u1ea9y piston \u0111\u01b0\u1ee3c t\u00edch h\u1ee3p trong van \u0111\u1ecbnh l\u01b0\u1ee3ng di chuy\u1ec3n, bu\u1ed9c ch\u1ea5t b\u00f4i tr\u01a1n \u0111\u1ecbnh l\u01b0\u1ee3ng ph\u1ea3i \u0111\u01b0\u1ee3c x\u1ea3 ra.<br \/>\nKhi b\u01a1m ng\u1eebng ho\u1ea1t \u0111\u1ed9ng, piston c\u1ee7a b\u1ed9 ph\u1eadn \u0111\u1ecbnh l\u01b0\u1ee3ng \u0111\u01b0\u1ee3c \u0111\u1eb7t l\u1ea1i d\u01b0\u1edbi t\u00e1c \u0111\u1ed9ng c\u1ee7a l\u1ef1c l\u00f2 xo, t\u1ee9c l\u00e0 ch\u1ea5t b\u00f4i tr\u01a1n \u0111\u1ecbnh l\u01b0\u1ee3ng \u0111\u01b0\u1ee3c l\u01b0u tr\u1eef.<br \/>\n2. X\u1ea3 ch\u00ednh x\u00e1c, b\u1ed9 ph\u1eadn \u0111o ch\u1ec9 x\u1ea3 m\u1ed9t l\u1ea7n trong m\u1ed9t chu k\u1ef3 v\u00e0 kho\u1ea3ng c\u00e1ch gi\u1eefa ch\u00fang trong h\u1ec7 th\u1ed1ng, d\u00f9 xa, g\u1ea7n, cao hay th\u1ea5p, l\u1eafp \u0111\u1eb7t theo chi\u1ec1u ngang hay chi\u1ec1u d\u1ecdc, \u0111\u1ec1u kh\u00f4ng \u1ea3nh h\u01b0\u1edfng \u0111\u1ebfn qu\u00e1 tr\u00ecnh x\u1ea3.<br \/>\n3. X\u1ea3 c\u01b0\u1ee1ng b\u1ee9c, t\u00e1c \u0111\u1ed9ng nh\u1ea1y c\u1ea3m. S\u1eed d\u1ee5ng hai l\u1edbp ph\u1edbt \u0111\u1ec3 ng\u0103n ch\u1ea5t x\u1ea3 ch\u1ea3y ng\u01b0\u1ee3c tr\u1edf l\u1ea1i.<br \/>\n4. Van \u0111\u1ecbnh l\u01b0\u1ee3ng c\u00f3 th\u1ec3 \u0111\u01b0\u1ee3c l\u1ef1a ch\u1ecdn d\u1ef1a tr\u00ean nhu c\u1ea7u c\u1ee7a t\u1eebng \u0111i\u1ec3m b\u00f4i tr\u01a1n v\u00e0 c\u00f3 th\u1ec3 \u0111\u01b0\u1ee3c s\u1eed d\u1ee5ng k\u1ebft h\u1ee3p v\u1edbi m\u1ed1i n\u1ed1i MGJ, theo ki\u1ec3u n\u1ed1i ti\u1ebfp ho\u1eb7c song song.<br \/>\n5. Ki\u1ec3u \u1ed1ng b\u1ecdc: \u1ed0ng nylon \u03a64 c\u1ea7n k\u1ebft h\u1ee3p v\u1edbi kh\u1edbp n\u1ed1i PA-4 v\u00e0 \u1ed1ng n\u1ed1i h\u00ecnh n\u00f3n \u0111\u00f4i PB-4. Ki\u1ec3u c\u1eafm nhanh: C\u00f3 th\u1ec3 l\u1eafp \u1ed1ng nylon \u03a64.<br \/>\n6. \u00c1p d\u1ee5ng cho m\u1ee1 NLGI 000#, 00#.<\/p>\n<h2>\u0110\u1eb7c \u0111i\u1ec3m k\u1ef9 thu\u1eadt<\/h2>\n<table>\n<tbody>\n<tr>\n<td>Nguy\u00ean l\u00fd ch\u1ee9c n\u0103ng<\/td>\n<td>Van \u0111o \u00e1p su\u1ea5t gi\u1ea3m \u00e1p<\/td>\n<\/tr>\n<tr>\n<td>S\u1ed1 l\u01b0\u1ee3ng c\u1eeda h\u00e0ng<\/td>\n<td>1~12<\/td>\n<\/tr>\n<tr>\n<td>\u0110o l\u01b0\u1eddng s\u1ed1 l\u01b0\u1ee3ng<\/td>\n<td>0,03, 0,05, 0,13, 0,20, 0,30, 0,50mL\/chu k\u1ef3<\/td>\n<\/tr>\n<tr>\n<td>Ch\u1ea5t b\u00f4i tr\u01a1n<\/td>\n<td>M\u1ee1 b\u00f4i tr\u01a1n NLGI 000#, 00#.<\/td>\n<\/tr>\n<tr>\n<td>Nhi\u1ec7t \u0111\u1ed9 ho\u1ea1t \u0111\u1ed9ng<\/td>\n<td>-20 \u0111\u1ebfn +80 \u00b0C<\/td>\n<\/tr>\n<tr>\n<td>\u00c1p su\u1ea5t ho\u1ea1t \u0111\u1ed9ng<\/td>\n<td>0,5~1,5MPa<\/td>\n<\/tr>\n<tr>\n<td>V\u1eadt li\u1ec7u<\/td>\n<td>\u0110\u1ed3ng, nh\u00f4m<\/td>\n<\/tr>\n<tr>\n<td>\u1ed4 c\u1eafm k\u1ebft n\u1ed1i<\/td>\n<td>\u0110\u1ea7u v\u00e0o Rc1\/8, \u0110\u1ea7u ra \u03a64(Rc1\/8)<\/td>\n<\/tr>\n<tr>\n<td>Ph\u1ee5 ki\u1ec7n \u1ed5 c\u1eafm<\/td>\n<td>Ki\u1ec3u tay \u00e1o, Ki\u1ec3u nhanh<\/td>\n<\/tr>\n<tr>\n<td>V\u1ecb tr\u00ed l\u1eafp \u0111\u1eb7t<\/td>\n<td>B\u1ea5t k\u00ec<\/td>\n<\/tr>\n<\/tbody>\n<\/table>\n<h2>X\u1eed l\u00fd s\u1ef1 c\u1ed1<\/h2>\n<p><span id=\"input-sentence~0\">Ki\u1ec3m tra th\u01b0\u1eddng xuy\u00ean: C\u1ea7n ki\u1ec3m tra t\u00ecnh tr\u1ea1ng m\u00f2n, h\u01b0 h\u1ecfng v\u00e0 r\u00f2 r\u1ec9 c\u1ee7a b\u1ed9 ph\u00e2n ph\u1ed1i m\u1ee1, \u0111\u1ed3ng th\u1eddi ph\u1ea3i si\u1ebft ch\u1eb7t v\u00e0 c\u0103n ch\u1ec9nh \u0111\u00fang t\u1ea5t c\u1ea3 c\u00e1c k\u1ebft n\u1ed1i.<br \/>\nB\u00f4i tr\u01a1n: S\u1eed d\u1ee5ng \u0111\u00fang lo\u1ea1i m\u1ee1 b\u00f4i tr\u01a1n v\u00e0o b\u1ed9 ph\u00e2n ph\u1ed1i theo h\u01b0\u1edbng d\u1eabn c\u1ee7a nh\u00e0 s\u1ea3n xu\u1ea5t s\u1ebd gi\u00fap gi\u1ea3m ma s\u00e1t v\u00e0 m\u00e0i m\u00f2n.<\/span><span id=\"input-sentence~1\"><br \/>\nV\u1ec7 sinh: B\u1ed9 ph\u00e2n ph\u1ed1i m\u1ee1 v\u00e0 c\u00e1c b\u1ed9 ph\u1eadn c\u1ee7a n\u00f3 c\u1ea7n \u0111\u01b0\u1ee3c v\u1ec7 sinh th\u01b0\u1eddng xuy\u00ean v\u00ec b\u1ee5i b\u1ea9n, m\u1ea3nh v\u1ee5n ho\u1eb7c m\u1ee1 c\u0169 c\u00f3 th\u1ec3 \u1ea3nh h\u01b0\u1edfng x\u1ea5u \u0111\u1ebfn ho\u1ea1t \u0111\u1ed9ng c\u1ee7a b\u1ed9 ph\u1eadn n\u00e0y.<br \/>\nThay th\u1ebf c\u00e1c b\u1ed9 ph\u1eadn: Thay th\u1ebf c\u00e1c b\u1ed9 ph\u1eadn b\u1ecb m\u00f2n ho\u1eb7c h\u01b0 h\u1ecfng nh\u01b0 ph\u1edbt ho\u1eb7c v\u00f2ng \u0111\u1ec7m ch\u1eef O \u0111\u1ec3 tr\u00e1nh r\u00f2 r\u1ec9 v\u00e0 m\u1ea5t hi\u1ec7u qu\u1ea3.<br \/>\nKi\u1ec3m tra \u00e1p su\u1ea5t: \u00c1p su\u1ea5t v\u1eadn h\u00e0nh v\u00e0 \u00e1p su\u1ea5t \u0111\u1eb7t l\u1ea1i ph\u1ea3i \u0111\u01b0\u1ee3c theo d\u00f5i trong ph\u1ea1m vi quy \u0111\u1ecbnh.<\/span><\/p>\n<h2>H\u01b0\u1edbng d\u1eabn s\u1eed d\u1ee5ng<\/h2>\n<div class=\"sdm_download_button_box_default\"><div class=\"sdm_download_link\"><a href=\"https:\/\/www.jinpinlub.com\/vi\/?sdm_process_download=1&download_id=2470\" class=\"sdm_download white\" title=\"Ri\u00eang t\u01b0: MGK Metering Valve\" target=\"&quot;_blank&quot;\">Xem B\u1ea3ng d\u1eef li\u1ec7u - Van \u0111o MGK<\/a><\/div><\/div>","protected":false},"excerpt":{"rendered":"<p>Van m\u1ee1 PDI MG\/MGC l\u00e0 m\u1ed9t ph\u1ea7n c\u1ee7a h\u1ec7 th\u1ed1ng b\u00f4i tr\u01a1n m\u1ed9t d\u00f2ng d\u1ecbch chuy\u1ec3n t\u00edch c\u1ef1c. C\u00e1c van n\u00e0y \u0111\u01b0\u1ee3c thi\u1ebft k\u1ebf cho c\u00e1c h\u1ec7 th\u1ed1ng b\u00f4i tr\u01a1n t\u1eadp trung \u0111\u1ec3 \u0111\u1ea3m b\u1ea3o cung c\u1ea5p m\u1ee1 li\u00ean t\u1ee5c v\u00e0 ti\u1ebft ki\u1ec7m. Ch\u00fang c\u00f3 s\u1eb5n \u1edf nhi\u1ec1u ki\u1ec3u m\u00e1y v\u1edbi l\u01b0u l\u01b0\u1ee3ng x\u1ea3 kh\u00e1c nhau.<\/p>","protected":false},"featured_media":3915,"template":"","meta":{"ocean_post_layout":"","ocean_both_sidebars_style":"","ocean_both_sidebars_content_width":0,"ocean_both_sidebars_sidebars_width":0,"ocean_sidebar":"0","ocean_second_sidebar":"0","ocean_disable_margins":"enable","ocean_add_body_class":"","ocean_shortcode_before_top_bar":"","ocean_shortcode_after_top_bar":"","ocean_shortcode_before_header":"","ocean_shortcode_after_header":"","ocean_has_shortcode":"","ocean_shortcode_after_title":"","ocean_shortcode_before_footer_widgets":"","ocean_shortcode_after_footer_widgets":"","ocean_shortcode_before_footer_bottom":"","ocean_shortcode_after_footer_bottom":"","ocean_display_top_bar":"default","ocean_display_header":"default","ocean_header_style":"","ocean_center_header_left_menu":"0","ocean_custom_header_template":"0","ocean_custom_logo":0,"ocean_custom_retina_logo":0,"ocean_custom_logo_max_width":0,"ocean_custom_logo_tablet_max_width":0,"ocean_custom_logo_mobile_max_width":0,"ocean_custom_logo_max_height":0,"ocean_custom_logo_tablet_max_height":0,"ocean_custom_logo_mobile_max_height":0,"ocean_header_custom_menu":"0","ocean_menu_typo_font_family":"0","ocean_menu_typo_font_subset":"","ocean_menu_typo_font_size":0,"ocean_menu_typo_font_size_tablet":0,"ocean_menu_typo_font_size_mobile":0,"ocean_menu_typo_font_size_unit":"px","ocean_menu_typo_font_weight":"","ocean_menu_typo_font_weight_tablet":"","ocean_menu_typo_font_weight_mobile":"","ocean_menu_typo_transform":"","ocean_menu_typo_transform_tablet":"","ocean_menu_typo_transform_mobile":"","ocean_menu_typo_line_height":0,"ocean_menu_typo_line_height_tablet":0,"ocean_menu_typo_line_height_mobile":0,"ocean_menu_typo_line_height_unit":"","ocean_menu_typo_spacing":0,"ocean_menu_typo_spacing_tablet":0,"ocean_menu_typo_spacing_mobile":0,"ocean_menu_typo_spacing_unit":"","ocean_menu_link_color":"","ocean_menu_link_color_hover":"","ocean_menu_link_color_active":"","ocean_menu_link_background":"","ocean_menu_link_hover_background":"","ocean_menu_link_active_background":"","ocean_menu_social_links_bg":"","ocean_menu_social_hover_links_bg":"","ocean_menu_social_links_color":"","ocean_menu_social_hover_links_color":"","ocean_disable_title":"default","ocean_disable_heading":"default","ocean_post_title":"","ocean_post_subheading":"","ocean_post_title_style":"","ocean_post_title_background_color":"","ocean_post_title_background":0,"ocean_post_title_bg_image_position":"","ocean_post_title_bg_image_attachment":"","ocean_post_title_bg_image_repeat":"","ocean_post_title_bg_image_size":"","ocean_post_title_height":0,"ocean_post_title_bg_overlay":0.5,"ocean_post_title_bg_overlay_color":"","ocean_disable_breadcrumbs":"default","ocean_breadcrumbs_color":"","ocean_breadcrumbs_separator_color":"","ocean_breadcrumbs_links_color":"","ocean_breadcrumbs_links_hover_color":"","ocean_display_footer_widgets":"default","ocean_display_footer_bottom":"default","ocean_custom_footer_template":"0","osh_disable_topbar_sticky":"default","osh_disable_header_sticky":"default","osh_sticky_header_style":"default","osh_sticky_header_effect":"","osh_custom_sticky_logo":0,"osh_custom_retina_sticky_logo":0,"osh_custom_sticky_logo_height":0,"osh_background_color":"","osh_links_color":"","osh_links_hover_color":"","osh_links_active_color":"","osh_links_bg_color":"","osh_links_hover_bg_color":"","osh_links_active_bg_color":"","osh_menu_social_links_color":"","osh_menu_social_hover_links_color":""},"product_brand":[],"product_cat":[40,37],"product_tag":[87,97,361,85,86],"class_list":{"0":"post-3911","1":"product","2":"type-product","3":"status-publish","4":"has-post-thumbnail","6":"product_cat-pressure-relief-metering-valves","7":"product_cat-single-line-grease-systems","8":"product_tag-grease-distributor","9":"product_tag-grease-injector","10":"product_tag-metering-valves","11":"product_tag-pressure-relief-metering-valve","12":"product_tag-single-line-distributor","14":"entry","15":"has-media","17":"first","18":"instock","19":"shipping-taxable","20":"product-type-external","21":"col","22":"span_1_of_3","23":"owp-content-center","24":"owp-thumbs-layout-horizontal","25":"owp-btn-very-big","26":"owp-tabs-layout-horizontal"},"_links":{"self":[{"href":"https:\/\/www.jinpinlub.com\/vi\/wp-json\/wp\/v2\/product\/3911","targetHints":{"allow":["GET"]}}],"collection":[{"href":"https:\/\/www.jinpinlub.com\/vi\/wp-json\/wp\/v2\/product"}],"about":[{"href":"https:\/\/www.jinpinlub.com\/vi\/wp-json\/wp\/v2\/types\/product"}],"wp:featuredmedia":[{"embeddable":true,"href":"https:\/\/www.jinpinlub.com\/vi\/wp-json\/wp\/v2\/media\/3915"}],"wp:attachment":[{"href":"https:\/\/www.jinpinlub.com\/vi\/wp-json\/wp\/v2\/media?parent=3911"}],"wp:term":[{"taxonomy":"product_brand","embeddable":true,"href":"https:\/\/www.jinpinlub.com\/vi\/wp-json\/wp\/v2\/product_brand?post=3911"},{"taxonomy":"product_cat","embeddable":true,"href":"https:\/\/www.jinpinlub.com\/vi\/wp-json\/wp\/v2\/product_cat?post=3911"},{"taxonomy":"product_tag","embeddable":true,"href":"https:\/\/www.jinpinlub.com\/vi\/wp-json\/wp\/v2\/product_tag?post=3911"}],"curies":[{"name":"wp","href":"https:\/\/api.w.org\/{rel}","templated":true}]}}