{"id":3922,"date":"2024-11-30T02:48:33","date_gmt":"2024-11-29T18:48:33","guid":{"rendered":"https:\/\/www.jinpinlub.com\/?post_type=product&#038;p=3922"},"modified":"2024-12-01T03:28:41","modified_gmt":"2024-11-30T19:28:41","slug":"van-dinh-luong-mok-5-cho-he-thong-boi-tron-dich-chuyen-tich-cuc","status":"publish","type":"product","link":"https:\/\/www.jinpinlub.com\/vi\/product\/mok-5-metering-valve-for-positive-displacement-lube-system\/","title":{"rendered":"Van \u0111\u1ecbnh l\u01b0\u1ee3ng MOK-5 cho h\u1ec7 th\u1ed1ng b\u00f4i tr\u01a1n d\u1ecbch chuy\u1ec3n t\u00edch c\u1ef1c"},"content":{"rendered":"<h2>T\u00ednh n\u0103ng<\/h2>\n<p>Ki\u1ec3m so\u00e1t ch\u00ednh x\u00e1c: Chuy\u1ec3n \u0111\u1ed9ng c\u1ee7a p\u00edt t\u00f4ng ph\u00e2n ph\u1ed1i \u0111\u1ea3m b\u1ea3o l\u01b0\u1ee3ng d\u1ea7u \u0111\u01b0\u1ee3c phun ch\u00ednh x\u00e1c trong m\u1ed7i chu k\u1ef3.<br \/>\nT\u00ednh nh\u1ea5t qu\u00e1n: B\u1ed9 ph\u00e2n ph\u1ed1i \u0111\u01b0\u1ee3c thi\u1ebft k\u1ebf \u0111\u1ec3 \u0111\u1ea3m b\u1ea3o b\u00f4i tr\u01a1n \u0111\u1ed3ng \u0111\u1ec1u, \u0111i\u1ec1u n\u00e0y r\u1ea5t quan tr\u1ecdng \u0111\u1ec3 m\u00e1y m\u00f3c ho\u1ea1t \u0111\u1ed9ng \u0111\u00e1ng tin c\u1eady.<br \/>\n\u0110\u1ed9 tin c\u1eady: Nh\u1edd s\u1ef1 d\u1ecbch chuy\u1ec3n t\u00edch c\u1ef1c, ngay c\u1ea3 khi \u00e1p su\u1ea5t thay \u0111\u1ed5i, th\u1ec3 t\u00edch d\u1ea7u cung c\u1ea5p v\u1eabn kh\u00f4ng \u0111\u1ed5i.<br \/>\nT\u00ednh linh ho\u1ea1t: \u0110\u1ea3m b\u1ea3o c\u00e1c th\u00e0nh ph\u1ea7n quan tr\u1ecdng c\u1ee7a M\u00e1y m\u00f3c c\u00f4ng nghi\u1ec7p lu\u00f4n \u0111\u01b0\u1ee3c b\u00f4i tr\u01a1n t\u1ed1t \u0111\u1ec3 tr\u00e1nh hao m\u00f2n. \u0110\u01b0\u1ee3c s\u1eed d\u1ee5ng trong c\u00e1c h\u1ec7 th\u1ed1ng b\u00f4i tr\u01a1n \u0111\u1ec3 b\u1ea3o d\u01b0\u1ee1ng \u0111\u1ed9ng c\u01a1 \u00f4 t\u00f4 v\u00e0 c\u00e1c b\u1ed9 ph\u1eadn chuy\u1ec3n \u0111\u1ed9ng kh\u00e1c. Duy tr\u00ec ho\u1ea1t \u0111\u1ed9ng c\u1ee7a thi\u1ebft b\u1ecb s\u1ea3n xu\u1ea5t b\u1eb1ng c\u00e1ch \u0111\u1ecbnh l\u01b0\u1ee3ng ch\u1ea5t b\u00f4i tr\u01a1n ch\u00ednh x\u00e1c.<\/p>\n<h2>\u0110\u1eb7c \u0111i\u1ec3m k\u1ef9 thu\u1eadt<\/h2>\n<table>\n<tbody>\n<tr>\n<td>Nguy\u00ean l\u00fd ch\u1ee9c n\u0103ng<\/td>\n<td>Van \u0111o \u00e1p su\u1ea5t gi\u1ea3m \u00e1p<\/td>\n<\/tr>\n<tr>\n<td>S\u1ed1 l\u01b0\u1ee3ng c\u1eeda h\u00e0ng<\/td>\n<td>1~12<\/td>\n<\/tr>\n<tr>\n<td>\u0110o l\u01b0\u1eddng s\u1ed1 l\u01b0\u1ee3ng<\/td>\n<td>0,03, 0,05, 0,13, 0,20, 0,30, 0,50mL\/chu k\u1ef3<\/td>\n<\/tr>\n<tr>\n<td>Ch\u1ea5t b\u00f4i tr\u01a1n<\/td>\n<td>15-90 CSt@40\u2103<\/td>\n<\/tr>\n<tr>\n<td>Nhi\u1ec7t \u0111\u1ed9 ho\u1ea1t \u0111\u1ed9ng<\/td>\n<td>-20 \u0111\u1ebfn +80 \u00b0C<\/td>\n<\/tr>\n<tr>\n<td>\u00c1p su\u1ea5t ho\u1ea1t \u0111\u1ed9ng<\/td>\n<td>T\u1ed1i thi\u1ec3u 1.0 MPa<\/td>\n<\/tr>\n<tr>\n<td>V\u1eadt li\u1ec7u<\/td>\n<td>\u0110\u1ed3ng, nh\u00f4m<\/td>\n<\/tr>\n<tr>\n<td>\u1ed4 c\u1eafm k\u1ebft n\u1ed1i<\/td>\n<td>\u0110\u1ea7u v\u00e0o Rc1\/8, \u0110\u1ea7u ra \u03a64(Rc1\/8)<\/td>\n<\/tr>\n<tr>\n<td>Ph\u1ee5 ki\u1ec7n \u1ed5 c\u1eafm<\/td>\n<td>Ki\u1ec3u tay \u00e1o, Ki\u1ec3u nhanh<\/td>\n<\/tr>\n<tr>\n<td>V\u1ecb tr\u00ed l\u1eafp \u0111\u1eb7t<\/td>\n<td>B\u1ea5t k\u00ec<\/td>\n<\/tr>\n<\/tbody>\n<\/table>\n<h2>Nguy\u00ean t\u1eafc<\/h2>\n<p><span id=\"input-sentence~0\">B\u00ecnh ch\u1ee9a d\u1ea7u v\u00e0 \u1ed1ng h\u00fat: P\u00edt-t\u00f4ng trong van \u0111\u1ecbnh l\u01b0\u1ee3ng di chuy\u1ec3n khi h\u1ec7 th\u1ed1ng \u0111\u01b0\u1ee3c b\u1eadt v\u00e0 t\u1ea1o ra l\u1ef1c ch\u00e2n kh\u00f4ng h\u00fat d\u1ea7u t\u1eeb b\u00ecnh ch\u1ee9a v\u00e0o bu\u1ed3ng.<br \/>\n\u0110\u1ed5 \u0111\u1ea7y bu\u1ed3ng: Khi p\u00edt-t\u00f4ng van \u0111\u1ecbnh l\u01b0\u1ee3ng thu v\u00e0o, n\u00f3 s\u1ebd m\u1edf m\u1ed9t c\u1ed5ng v\u00e0o \u0111\u1ec3 d\u1ea7u ch\u1ea3y v\u00e0o bu\u1ed3ng.<\/span><span id=\"input-sentence~1\"> L\u01b0\u1ee3ng d\u1ea7u \u0111\u01b0a v\u00e0o bu\u1ed3ng \u0111\u01b0\u1ee3c ki\u1ec3m so\u00e1t ch\u00ednh x\u00e1c \u0111\u1ec3 \u0111\u1ea3m b\u1ea3o \u0111\u1ecbnh l\u01b0\u1ee3ng ch\u00ednh x\u00e1c.<br \/>\nN\u00e9n v\u00e0 phun: Khi bu\u1ed3ng ch\u1ee9a \u0111\u1ea7y l\u01b0\u1ee3ng d\u1ea7u c\u1ea7n thi\u1ebft, p\u00edt t\u00f4ng s\u1ebd di chuy\u1ec3n v\u1ec1 ph\u00eda tr\u01b0\u1edbc. Chuy\u1ec3n \u0111\u1ed9ng v\u1ec1 ph\u00eda tr\u01b0\u1edbc n\u00e0y \u0111\u00f3ng c\u1ed5ng v\u00e0o v\u00e0 n\u00e9n d\u1ea7u b\u00ean trong bu\u1ed3ng.<\/span><span id=\"input-sentence~2\"><br \/>\nX\u1ea3: D\u1ea7u n\u00e9n \u0111\u01b0\u1ee3c x\u1ea3 qua c\u1ed5ng x\u1ea3. C\u1ed5ng x\u1ea3 n\u00e0y d\u1eabn \u0111\u1ebfn \u0111i\u1ec3m b\u00f4i tr\u01a1n, n\u01a1i c\u1ea7n c\u00f3 d\u1ea7u.<br \/>\nC\u01a1 ch\u1ebf thi\u1ebft l\u1eadp l\u1ea1i: Sau khi d\u1ea7u \u0111\u01b0\u1ee3c x\u1ea3, p\u00edt t\u00f4ng s\u1ebd thi\u1ebft l\u1eadp l\u1ea1i v\u1ecb tr\u00ed ban \u0111\u1ea7u. Vi\u1ec7c thi\u1ebft l\u1eadp l\u1ea1i n\u00e0y cho ph\u00e9p bu\u1ed3ng ch\u1ee9a d\u1ea7u \u0111\u01b0\u1ee3c n\u1ea1p l\u1ea1i cho chu k\u1ef3 ti\u1ebfp theo.<\/span><\/p>\n<h2>H\u01b0\u1edbng d\u1eabn s\u1eed d\u1ee5ng<\/h2>\n<div class=\"sdm_download_button_box_default\"><div class=\"sdm_download_link\"><a href=\"https:\/\/www.jinpinlub.com\/vi\/?sdm_process_download=1&download_id=3886\" class=\"sdm_download white\" title=\"Ri\u00eang t\u01b0: MOK Metering Valve\" target=\"&quot;_blank&quot;\">Xem B\u1ea3ng d\u1eef li\u1ec7u - Van \u0111o MOK<\/a><\/div><\/div>","protected":false},"excerpt":{"rendered":"<p>Van phun d\u1ecbch chuy\u1ec3n t\u00edch c\u1ef1c MO2\/MO2C l\u00e0 van \u0111\u1ecbnh l\u01b0\u1ee3ng c\u01a1 h\u1ecdc cho h\u1ec7 th\u1ed1ng b\u00f4i tr\u01a1n d\u1ea7u. Van \u0111\u1ecbnh l\u01b0\u1ee3ng n\u00e0y, k\u1ebft h\u1ee3p v\u1edbi kh\u1ed1i k\u1ebft n\u1ed1i b\u1eb1ng nh\u00f4m, c\u00f3 th\u1ec3 t\u1ea1o th\u00e0nh b\u1ed9 ph\u00e2n ph\u1ed1i d\u1ea7u \u00e1p su\u1ea5t 1-12 \u0111i\u1ec3m \u0111\u1ec3 s\u1eed d\u1ee5ng trong h\u1ec7 th\u1ed1ng b\u00f4i tr\u01a1n th\u1ec3 t\u00edch.<\/p>","protected":false},"featured_media":3926,"template":"","meta":{"ocean_post_layout":"","ocean_both_sidebars_style":"","ocean_both_sidebars_content_width":0,"ocean_both_sidebars_sidebars_width":0,"ocean_sidebar":"0","ocean_second_sidebar":"0","ocean_disable_margins":"enable","ocean_add_body_class":"","ocean_shortcode_before_top_bar":"","ocean_shortcode_after_top_bar":"","ocean_shortcode_before_header":"","ocean_shortcode_after_header":"","ocean_has_shortcode":"","ocean_shortcode_after_title":"","ocean_shortcode_before_footer_widgets":"","ocean_shortcode_after_footer_widgets":"","ocean_shortcode_before_footer_bottom":"","ocean_shortcode_after_footer_bottom":"","ocean_display_top_bar":"default","ocean_display_header":"default","ocean_header_style":"","ocean_center_header_left_menu":"0","ocean_custom_header_template":"0","ocean_custom_logo":0,"ocean_custom_retina_logo":0,"ocean_custom_logo_max_width":0,"ocean_custom_logo_tablet_max_width":0,"ocean_custom_logo_mobile_max_width":0,"ocean_custom_logo_max_height":0,"ocean_custom_logo_tablet_max_height":0,"ocean_custom_logo_mobile_max_height":0,"ocean_header_custom_menu":"0","ocean_menu_typo_font_family":"0","ocean_menu_typo_font_subset":"","ocean_menu_typo_font_size":0,"ocean_menu_typo_font_size_tablet":0,"ocean_menu_typo_font_size_mobile":0,"ocean_menu_typo_font_size_unit":"px","ocean_menu_typo_font_weight":"","ocean_menu_typo_font_weight_tablet":"","ocean_menu_typo_font_weight_mobile":"","ocean_menu_typo_transform":"","ocean_menu_typo_transform_tablet":"","ocean_menu_typo_transform_mobile":"","ocean_menu_typo_line_height":0,"ocean_menu_typo_line_height_tablet":0,"ocean_menu_typo_line_height_mobile":0,"ocean_menu_typo_line_height_unit":"","ocean_menu_typo_spacing":0,"ocean_menu_typo_spacing_tablet":0,"ocean_menu_typo_spacing_mobile":0,"ocean_menu_typo_spacing_unit":"","ocean_menu_link_color":"","ocean_menu_link_color_hover":"","ocean_menu_link_color_active":"","ocean_menu_link_background":"","ocean_menu_link_hover_background":"","ocean_menu_link_active_background":"","ocean_menu_social_links_bg":"","ocean_menu_social_hover_links_bg":"","ocean_menu_social_links_color":"","ocean_menu_social_hover_links_color":"","ocean_disable_title":"default","ocean_disable_heading":"default","ocean_post_title":"","ocean_post_subheading":"","ocean_post_title_style":"","ocean_post_title_background_color":"","ocean_post_title_background":0,"ocean_post_title_bg_image_position":"","ocean_post_title_bg_image_attachment":"","ocean_post_title_bg_image_repeat":"","ocean_post_title_bg_image_size":"","ocean_post_title_height":0,"ocean_post_title_bg_overlay":0.5,"ocean_post_title_bg_overlay_color":"","ocean_disable_breadcrumbs":"default","ocean_breadcrumbs_color":"","ocean_breadcrumbs_separator_color":"","ocean_breadcrumbs_links_color":"","ocean_breadcrumbs_links_hover_color":"","ocean_display_footer_widgets":"default","ocean_display_footer_bottom":"default","ocean_custom_footer_template":"0","osh_disable_topbar_sticky":"default","osh_disable_header_sticky":"default","osh_sticky_header_style":"default","osh_sticky_header_effect":"","osh_custom_sticky_logo":0,"osh_custom_retina_sticky_logo":0,"osh_custom_sticky_logo_height":0,"osh_background_color":"","osh_links_color":"","osh_links_hover_color":"","osh_links_active_color":"","osh_links_bg_color":"","osh_links_hover_bg_color":"","osh_links_active_bg_color":"","osh_menu_social_links_color":"","osh_menu_social_hover_links_color":""},"product_brand":[],"product_cat":[49,47],"product_tag":[139,229,364,82,240],"class_list":{"0":"post-3922","1":"product","2":"type-product","3":"status-publish","4":"has-post-thumbnail","6":"product_cat-volumetric-oil-injectors","7":"product_cat-volumetric-thin-oil-systems","8":"product_tag-oil-distributor","9":"product_tag-oil-metering-valve","10":"product_tag-positive-displacement-distributor","11":"product_tag-positive-displacement-injector","12":"product_tag-pressurized-distributor","14":"entry","15":"has-media","17":"first","18":"instock","19":"shipping-taxable","20":"product-type-external","21":"col","22":"span_1_of_3","23":"owp-content-center","24":"owp-thumbs-layout-horizontal","25":"owp-btn-very-big","26":"owp-tabs-layout-horizontal"},"_links":{"self":[{"href":"https:\/\/www.jinpinlub.com\/vi\/wp-json\/wp\/v2\/product\/3922","targetHints":{"allow":["GET"]}}],"collection":[{"href":"https:\/\/www.jinpinlub.com\/vi\/wp-json\/wp\/v2\/product"}],"about":[{"href":"https:\/\/www.jinpinlub.com\/vi\/wp-json\/wp\/v2\/types\/product"}],"wp:featuredmedia":[{"embeddable":true,"href":"https:\/\/www.jinpinlub.com\/vi\/wp-json\/wp\/v2\/media\/3926"}],"wp:attachment":[{"href":"https:\/\/www.jinpinlub.com\/vi\/wp-json\/wp\/v2\/media?parent=3922"}],"wp:term":[{"taxonomy":"product_brand","embeddable":true,"href":"https:\/\/www.jinpinlub.com\/vi\/wp-json\/wp\/v2\/product_brand?post=3922"},{"taxonomy":"product_cat","embeddable":true,"href":"https:\/\/www.jinpinlub.com\/vi\/wp-json\/wp\/v2\/product_cat?post=3922"},{"taxonomy":"product_tag","embeddable":true,"href":"https:\/\/www.jinpinlub.com\/vi\/wp-json\/wp\/v2\/product_tag?post=3922"}],"curies":[{"name":"wp","href":"https:\/\/api.w.org\/{rel}","templated":true}]}}