{"id":3930,"date":"2024-11-30T03:21:08","date_gmt":"2024-11-29T19:21:08","guid":{"rendered":"https:\/\/www.jinpinlub.com\/?post_type=product&#038;p=3930"},"modified":"2024-12-01T03:28:50","modified_gmt":"2024-11-30T19:28:50","slug":"van-dinh-luong-dau-phun-dich-chuyen-tich-cuc-mok-6","status":"publish","type":"product","link":"https:\/\/www.jinpinlub.com\/vi\/product\/mok-6-positive-displacement-injection-oil-metering-valves\/","title":{"rendered":"Van \u0111\u1ecbnh l\u01b0\u1ee3ng d\u1ea7u phun d\u1ecbch chuy\u1ec3n t\u00edch c\u1ef1c MOK-6"},"content":{"rendered":"<h2>T\u00ednh n\u0103ng<\/h2>\n<p>1. Van \u0111\u1ecbnh l\u01b0\u1ee3ng \u00e1p su\u1ea5t (th\u1ec3 t\u00edch) l\u00e0 lo\u1ea1i van t\u00e1c \u0111\u1ed9ng \u00e1p su\u1ea5t tr\u1ef1c ti\u1ebfp.<br \/>\nD\u1ea7u \u00e1p su\u1ea5t do b\u01a1m b\u00f4i tr\u01a1n cung c\u1ea5p \u0111\u1ea9y piston \u0111\u01b0\u1ee3c t\u00edch h\u1ee3p trong van \u0111\u1ecbnh l\u01b0\u1ee3ng \u0111\u1ec3 di chuy\u1ec3n v\u00e0 bu\u1ed9c d\u1ea7u \u0111\u1ecbnh l\u01b0\u1ee3ng ph\u1ea3i \u0111\u01b0\u1ee3c x\u1ea3. Khi b\u01a1m b\u00f4i tr\u01a1n ng\u1eebng ho\u1ea1t \u0111\u1ed9ng, piston c\u1ee7a b\u1ed9 ph\u1eadn \u0111\u1ecbnh l\u01b0\u1ee3ng \u0111\u01b0\u1ee3c \u0111\u1eb7t l\u1ea1i d\u01b0\u1edbi t\u00e1c \u0111\u1ed9ng c\u1ee7a l\u1ef1c l\u00f2 xo, t\u1ee9c l\u00e0 th\u1ef1c hi\u1ec7n \u0111\u1ecbnh l\u01b0\u1ee3ng v\u00e0 l\u01b0u tr\u1eef d\u1ea7u \u0111\u1ecbnh l\u01b0\u1ee3ng.<br \/>\n2. Van \u0111\u1ecbnh l\u01b0\u1ee3ng c\u00f3 \u0111\u1ed9 x\u1ea3 d\u1ea7u ch\u00ednh x\u00e1c, b\u1ed9 ph\u1eadn \u0111\u1ecbnh l\u01b0\u1ee3ng ch\u1ec9 x\u1ea3 d\u1ea7u m\u1ed9t l\u1ea7n trong m\u1ed9t chu k\u1ef3 cung c\u1ea5p d\u1ea7u. Kho\u1ea3ng c\u00e1ch gi\u1eefa c\u00e1c van \u0111\u1ecbnh l\u01b0\u1ee3ng trong h\u1ec7 th\u1ed1ng b\u00f4i tr\u01a1n l\u00e0 xa, g\u1ea7n, cao, th\u1ea5p, l\u1eafp \u0111\u1eb7t theo chi\u1ec1u ngang ho\u1eb7c chi\u1ec1u d\u1ecdc. N\u00f3 kh\u00f4ng \u1ea3nh h\u01b0\u1edfng \u0111\u1ebfn \u0111\u1ed9 d\u1ecbch chuy\u1ec3n c\u1ee7a n\u00f3.<br \/>\n3. Van \u0111\u1ecbnh l\u01b0\u1ee3ng r\u1ea5t nh\u1ea1y v\u00e0 s\u1eed d\u1ee5ng hai ph\u1edbt \u0111\u1ec3 ng\u0103n d\u1ea7u x\u1ea3 ch\u1ea3y ng\u01b0\u1ee3c tr\u1edf l\u1ea1i.<br \/>\n4. Van \u0111\u1ecbnh l\u01b0\u1ee3ng v\u00e0 m\u1ed1i n\u1ed1i l\u00e0 c\u1ea5u tr\u00fac t\u00e1ch r\u1eddi. Theo y\u00eau c\u1ea7u c\u1ee7a t\u1eebng \u0111i\u1ec3m b\u00f4i tr\u01a1n, c\u00f3 th\u1ec3 t\u00f9y \u00fd l\u1ef1a ch\u1ecdn van \u0111\u1ecbnh l\u01b0\u1ee3ng t\u01b0\u01a1ng \u1ee9ng v\u00e0 k\u1ebft h\u1ee3p v\u1edbi m\u1ed1i n\u1ed1i MOJ (c\u00f3 th\u1ec3 k\u1ebft h\u1ee3p n\u1ed1i ti\u1ebfp v\u00e0 song song).<br \/>\n5. \u0110\u01b0\u1eddng k\u00ednh \u0111\u1ea7u ra c\u1ee7a van \u0111\u1ecbnh l\u01b0\u1ee3ng l\u00e0 \u03a64 v\u00e0 c\u00f3 hai c\u00e1ch \u0111\u1ec3 k\u1ebft n\u1ed1i.<br \/>\nKi\u1ec3u \u1ed1ng b\u1ecdc card: \u1ed1ng c\u1ea7n \u0111\u01b0\u1ee3c s\u1eed d\u1ee5ng k\u1ebft h\u1ee3p v\u1edbi \u1ed1ng l\u00f3t n\u00e9n PA4 v\u00e0 \u1ed1ng b\u1ecdc PB4.<br \/>\nKi\u1ec3u l\u1eafp nhanh: l\u1eafp tr\u1ef1c ti\u1ebfp \u1ed1ng \u03a64.<\/p>\n<h2>\u0110\u1eb7c \u0111i\u1ec3m k\u1ef9 thu\u1eadt<\/h2>\n<table>\n<tbody>\n<tr>\n<td>Nguy\u00ean l\u00fd ch\u1ee9c n\u0103ng<\/td>\n<td>Van \u0111o \u00e1p su\u1ea5t gi\u1ea3m \u00e1p<\/td>\n<\/tr>\n<tr>\n<td>S\u1ed1 l\u01b0\u1ee3ng c\u1eeda h\u00e0ng<\/td>\n<td>1~12<\/td>\n<\/tr>\n<tr>\n<td>\u0110o l\u01b0\u1eddng s\u1ed1 l\u01b0\u1ee3ng<\/td>\n<td>0,03, 0,05, 0,13, 0,20, 0,30, 0,50mL\/chu k\u1ef3<\/td>\n<\/tr>\n<tr>\n<td>Ch\u1ea5t b\u00f4i tr\u01a1n<\/td>\n<td>15-90 CSt@40\u2103<\/td>\n<\/tr>\n<tr>\n<td>Nhi\u1ec7t \u0111\u1ed9 ho\u1ea1t \u0111\u1ed9ng<\/td>\n<td>-20 \u0111\u1ebfn +80 \u00b0C<\/td>\n<\/tr>\n<tr>\n<td>\u00c1p su\u1ea5t ho\u1ea1t \u0111\u1ed9ng<\/td>\n<td>T\u1ed1i thi\u1ec3u 1.0 MPa<\/td>\n<\/tr>\n<tr>\n<td>V\u1eadt li\u1ec7u<\/td>\n<td>\u0110\u1ed3ng, nh\u00f4m<\/td>\n<\/tr>\n<tr>\n<td>\u1ed4 c\u1eafm k\u1ebft n\u1ed1i<\/td>\n<td>\u0110\u1ea7u v\u00e0o Rc1\/8, \u0110\u1ea7u ra \u03a64(Rc1\/8)<\/td>\n<\/tr>\n<tr>\n<td>Ph\u1ee5 ki\u1ec7n \u1ed5 c\u1eafm<\/td>\n<td>Ki\u1ec3u tay \u00e1o, Ki\u1ec3u nhanh<\/td>\n<\/tr>\n<tr>\n<td>V\u1ecb tr\u00ed l\u1eafp \u0111\u1eb7t<\/td>\n<td>B\u1ea5t k\u00ec<\/td>\n<\/tr>\n<\/tbody>\n<\/table>\n<h2>\u1ee8ng d\u1ee5ng<\/h2>\n<p><span id=\"input-sentence~0\">M\u00e1y m\u00f3c c\u00f4ng nghi\u1ec7p<br \/>\nM\u00e1y CNC: B\u00f4i tr\u01a1n c\u00e1c b\u1ed9 ph\u1eadn chuy\u1ec3n \u0111\u1ed9ng quan tr\u1ecdng \u0111\u1ec3 \u0111\u1ea3m b\u1ea3o ho\u1ea1t \u0111\u1ed9ng tr\u01a1n tru.<br \/>\nB\u0103ng t\u1ea3i: B\u00f4i tr\u01a1n v\u00f2ng bi v\u00e0 con l\u0103n \u0111\u1ec3 gi\u1ea3m ma s\u00e1t v\u00e0 m\u00e0i m\u00f2n.<br \/>\nM\u00e1y d\u1ec7t: Gi\u1eef cho c\u00e1c b\u1ed9 ph\u1eadn nh\u01b0 tr\u1ee5c ch\u00ednh v\u00e0 b\u00e1nh r\u0103ng ho\u1ea1t \u0111\u1ed9ng tr\u01a1n tru.<br \/>\n\u00d4 t\u00f4<br \/>\n\u0110\u1ed9ng c\u01a1: Cung c\u1ea5p l\u01b0\u1ee3ng d\u1ea7u ch\u00ednh x\u00e1c cho c\u00e1c b\u1ed9 ph\u1eadn kh\u00e1c nhau c\u1ee7a \u0111\u1ed9ng c\u01a1, c\u1ea3i thi\u1ec7n hi\u1ec7u su\u1ea5t v\u00e0 \u0111\u1ed9 b\u1ec1n.<\/span><span id=\"input-sentence~1\"><br \/>\nB\u00f4i tr\u01a1n khung g\u1ea7m: Cho ph\u00e9p h\u1ec7 th\u1ed1ng treo v\u00e0 tay l\u00e1i chuy\u1ec3n \u0111\u1ed9ng tr\u01a1n tru.<br \/>\nCh\u1ebf t\u1ea1o<br \/>\nC\u00e1nh tay robot: B\u00f4i tr\u01a1n c\u00e1c kh\u1edbp v\u00e0 b\u1ed9 ph\u1eadn chuy\u1ec3n \u0111\u1ed9ng \u0111\u1ec3 chuy\u1ec3n \u0111\u1ed9ng tr\u01a1n tru v\u00e0 ch\u00ednh x\u00e1c.<br \/>\nThi\u1ebft b\u1ecb \u0111\u00f3ng g\u00f3i: Cung c\u1ea5p ch\u1ea5t b\u00f4i tr\u01a1n cho b\u00e1nh r\u0103ng v\u00e0 c\u00e1c b\u1ed9 ph\u1eadn c\u01a1 kh\u00ed kh\u00e1c \u0111\u1ec3 duy tr\u00ec hi\u1ec7u qu\u1ea3.<br \/>\nThi\u1ebft b\u1ecb n\u1eb7ng<br \/>\nM\u00e1y m\u00f3c x\u00e2y d\u1ef1ng: H\u1ec7 th\u1ed1ng th\u1ee7y l\u1ef1c v\u00e0 c\u00e1c th\u00e0nh ph\u1ea7n quan tr\u1ecdng kh\u00e1c trong m\u00e1y m\u00f3c x\u00e2y d\u1ef1ng ph\u1ea3i \u0111\u01b0\u1ee3c b\u00f4i tr\u01a1n t\u1ed1t.<br \/>\nThi\u1ebft b\u1ecb n\u00f4ng nghi\u1ec7p: B\u00e1nh r\u0103ng, x\u00edch v\u00e0 c\u00e1c b\u1ed9 ph\u1eadn chuy\u1ec3n \u0111\u1ed9ng kh\u00e1c \u0111\u01b0\u1ee3c b\u00f4i tr\u01a1n \u0111\u1ec3 gi\u1ea3m hao m\u00f2n.<\/span><\/p>\n<h2>H\u01b0\u1edbng d\u1eabn s\u1eed d\u1ee5ng<\/h2>\n<div class=\"sdm_download_button_box_default\"><div class=\"sdm_download_link\"><a href=\"https:\/\/www.jinpinlub.com\/vi\/?sdm_process_download=1&download_id=3886\" class=\"sdm_download white\" title=\"Ri\u00eang t\u01b0: MOK Metering Valve\" target=\"&quot;_blank&quot;\">Xem B\u1ea3ng d\u1eef li\u1ec7u - Van \u0111o MOK<\/a><\/div><\/div>","protected":false},"excerpt":{"rendered":"<p>B\u1ed9 ph\u00e2n ph\u1ed1i d\u1ea7u \u0111\u1ecbnh l\u01b0\u1ee3ng \u00e1p su\u1ea5t MOK l\u00e0 van \u0111\u1ecbnh l\u01b0\u1ee3ng d\u1ea7u m\u1ecfng th\u1ec3 t\u00edch \u0111\u01b0\u1ee3c thi\u1ebft k\u1ebf cho h\u1ec7 th\u1ed1ng b\u00f4i tr\u01a1n t\u1eadp trung d\u1ecbch chuy\u1ec3n t\u00edch c\u1ef1c. C\u00e1c t\u00ednh n\u0103ng ch\u00ednh c\u1ee7a n\u00f3 l\u00e0 \u0111\u1ea7u ra d\u1ea7u ch\u00ednh x\u00e1c, l\u01b0u l\u01b0\u1ee3ng c\u00f3 th\u1ec3 t\u00f9y ch\u1ec9nh v\u00e0 kh\u1ea3 n\u0103ng ch\u1ed1ng \u0103n m\u00f2n.<\/p>","protected":false},"featured_media":3933,"template":"","meta":{"ocean_post_layout":"","ocean_both_sidebars_style":"","ocean_both_sidebars_content_width":0,"ocean_both_sidebars_sidebars_width":0,"ocean_sidebar":"0","ocean_second_sidebar":"0","ocean_disable_margins":"enable","ocean_add_body_class":"","ocean_shortcode_before_top_bar":"","ocean_shortcode_after_top_bar":"","ocean_shortcode_before_header":"","ocean_shortcode_after_header":"","ocean_has_shortcode":"","ocean_shortcode_after_title":"","ocean_shortcode_before_footer_widgets":"","ocean_shortcode_after_footer_widgets":"","ocean_shortcode_before_footer_bottom":"","ocean_shortcode_after_footer_bottom":"","ocean_display_top_bar":"default","ocean_display_header":"default","ocean_header_style":"","ocean_center_header_left_menu":"0","ocean_custom_header_template":"0","ocean_custom_logo":0,"ocean_custom_retina_logo":0,"ocean_custom_logo_max_width":0,"ocean_custom_logo_tablet_max_width":0,"ocean_custom_logo_mobile_max_width":0,"ocean_custom_logo_max_height":0,"ocean_custom_logo_tablet_max_height":0,"ocean_custom_logo_mobile_max_height":0,"ocean_header_custom_menu":"0","ocean_menu_typo_font_family":"0","ocean_menu_typo_font_subset":"","ocean_menu_typo_font_size":0,"ocean_menu_typo_font_size_tablet":0,"ocean_menu_typo_font_size_mobile":0,"ocean_menu_typo_font_size_unit":"px","ocean_menu_typo_font_weight":"","ocean_menu_typo_font_weight_tablet":"","ocean_menu_typo_font_weight_mobile":"","ocean_menu_typo_transform":"","ocean_menu_typo_transform_tablet":"","ocean_menu_typo_transform_mobile":"","ocean_menu_typo_line_height":0,"ocean_menu_typo_line_height_tablet":0,"ocean_menu_typo_line_height_mobile":0,"ocean_menu_typo_line_height_unit":"","ocean_menu_typo_spacing":0,"ocean_menu_typo_spacing_tablet":0,"ocean_menu_typo_spacing_mobile":0,"ocean_menu_typo_spacing_unit":"","ocean_menu_link_color":"","ocean_menu_link_color_hover":"","ocean_menu_link_color_active":"","ocean_menu_link_background":"","ocean_menu_link_hover_background":"","ocean_menu_link_active_background":"","ocean_menu_social_links_bg":"","ocean_menu_social_hover_links_bg":"","ocean_menu_social_links_color":"","ocean_menu_social_hover_links_color":"","ocean_disable_title":"default","ocean_disable_heading":"default","ocean_post_title":"","ocean_post_subheading":"","ocean_post_title_style":"","ocean_post_title_background_color":"","ocean_post_title_background":0,"ocean_post_title_bg_image_position":"","ocean_post_title_bg_image_attachment":"","ocean_post_title_bg_image_repeat":"","ocean_post_title_bg_image_size":"","ocean_post_title_height":0,"ocean_post_title_bg_overlay":0.5,"ocean_post_title_bg_overlay_color":"","ocean_disable_breadcrumbs":"default","ocean_breadcrumbs_color":"","ocean_breadcrumbs_separator_color":"","ocean_breadcrumbs_links_color":"","ocean_breadcrumbs_links_hover_color":"","ocean_display_footer_widgets":"default","ocean_display_footer_bottom":"default","ocean_custom_footer_template":"0","osh_disable_topbar_sticky":"default","osh_disable_header_sticky":"default","osh_sticky_header_style":"default","osh_sticky_header_effect":"","osh_custom_sticky_logo":0,"osh_custom_retina_sticky_logo":0,"osh_custom_sticky_logo_height":0,"osh_background_color":"","osh_links_color":"","osh_links_hover_color":"","osh_links_active_color":"","osh_links_bg_color":"","osh_links_hover_bg_color":"","osh_links_active_bg_color":"","osh_menu_social_links_color":"","osh_menu_social_hover_links_color":""},"product_brand":[],"product_cat":[49,47],"product_tag":[139,229,364,82,240],"class_list":{"0":"post-3930","1":"product","2":"type-product","3":"status-publish","4":"has-post-thumbnail","6":"product_cat-volumetric-oil-injectors","7":"product_cat-volumetric-thin-oil-systems","8":"product_tag-oil-distributor","9":"product_tag-oil-metering-valve","10":"product_tag-positive-displacement-distributor","11":"product_tag-positive-displacement-injector","12":"product_tag-pressurized-distributor","14":"entry","15":"has-media","17":"first","18":"instock","19":"shipping-taxable","20":"product-type-external","21":"col","22":"span_1_of_3","23":"owp-content-center","24":"owp-thumbs-layout-horizontal","25":"owp-btn-very-big","26":"owp-tabs-layout-horizontal"},"_links":{"self":[{"href":"https:\/\/www.jinpinlub.com\/vi\/wp-json\/wp\/v2\/product\/3930","targetHints":{"allow":["GET"]}}],"collection":[{"href":"https:\/\/www.jinpinlub.com\/vi\/wp-json\/wp\/v2\/product"}],"about":[{"href":"https:\/\/www.jinpinlub.com\/vi\/wp-json\/wp\/v2\/types\/product"}],"wp:featuredmedia":[{"embeddable":true,"href":"https:\/\/www.jinpinlub.com\/vi\/wp-json\/wp\/v2\/media\/3933"}],"wp:attachment":[{"href":"https:\/\/www.jinpinlub.com\/vi\/wp-json\/wp\/v2\/media?parent=3930"}],"wp:term":[{"taxonomy":"product_brand","embeddable":true,"href":"https:\/\/www.jinpinlub.com\/vi\/wp-json\/wp\/v2\/product_brand?post=3930"},{"taxonomy":"product_cat","embeddable":true,"href":"https:\/\/www.jinpinlub.com\/vi\/wp-json\/wp\/v2\/product_cat?post=3930"},{"taxonomy":"product_tag","embeddable":true,"href":"https:\/\/www.jinpinlub.com\/vi\/wp-json\/wp\/v2\/product_tag?post=3930"}],"curies":[{"name":"wp","href":"https:\/\/api.w.org\/{rel}","templated":true}]}}