{"id":3935,"date":"2024-11-30T10:05:10","date_gmt":"2024-11-30T02:05:10","guid":{"rendered":"https:\/\/www.jinpinlub.com\/?post_type=product&#038;p=3935"},"modified":"2024-12-01T03:28:56","modified_gmt":"2024-11-30T19:28:56","slug":"msk-9-bo-phan-phoi-dau-mong-phun-dich-chuyen-tich-cuc","status":"publish","type":"product","link":"https:\/\/www.jinpinlub.com\/vi\/product\/msk-9-positive-displacement-injection-thin-oil-distributor\/","title":{"rendered":"B\u1ed9 ph\u00e2n ph\u1ed1i d\u1ea7u m\u1ecfng phun d\u1ecbch chuy\u1ec3n t\u00edch c\u1ef1c MSK-9"},"content":{"rendered":"<h2>T\u00ednh n\u0103ng<\/h2>\n<p><span id=\"input-sentence~0\">Th\u1ec3 t\u00edch c\u1ee7a nhi\u1ec1u lo\u1ea1i d\u1ecbch x\u1ea3 kh\u00e1c nhau: C\u00f3 th\u1ec3 c\u00f3 \u1edf nhi\u1ec1u model kh\u00e1c nhau, th\u1ec3 t\u00edch d\u1ecbch x\u1ea3 dao \u0111\u1ed9ng t\u1eeb 0,03 \u0111\u1ebfn 0,5 ml.<br \/>\nHo\u1ea1t \u0111\u1ed9ng d\u01b0\u1edbi \u00e1p su\u1ea5t cao: \u00c1p su\u1ea5t ho\u1ea1t \u0111\u1ed9ng c\u00f3 th\u1ec3 l\u00ean t\u1edbi 1,0 MPa.<br \/>\nThi\u1ebft l\u1eadp l\u1ea1i nhanh: \u00c1p su\u1ea5t thi\u1ebft l\u1eadp l\u1ea1i l\u00e0 0,3 MPa, cho ph\u00e9p ph\u1ee5c h\u1ed3i nhanh h\u01a1n gi\u1eefa c\u00e1c chu k\u1ef3.<\/span><span id=\"input-sentence~1\"><br \/>\nC\u1ea5u t\u1ea1o: B\u1ed9 ph\u00e2n ph\u1ed1i \u0111\u01b0\u1ee3c l\u00e0m b\u1eb1ng \u0111\u1ed3ng thau, do \u0111\u00f3 ch\u1eafc ch\u1eafn v\u00e0 ch\u1ed1ng m\u00e0i m\u00f2n.<br \/>\nD\u1ec5 b\u1ea3o tr\u00ec: Thi\u1ebft k\u1ebf d\u1ec5 l\u1eafp r\u00e1p v\u00e0 th\u00e1o r\u1eddi \u0111\u1ec3 vi\u1ec7c b\u1ea3o tr\u00ec tr\u1edf n\u00ean \u0111\u01a1n gi\u1ea3n nh\u1ea5t c\u00f3 th\u1ec3, v\u1edbi m\u1ee9c t\u1ed5n th\u1ea5t s\u1ea3n xu\u1ea5t \u1edf m\u1ee9c t\u1ed1i thi\u1ec3u.<br \/>\nKh\u1ea3 n\u0103ng ch\u1ed1ng \u0103n m\u00f2n: V\u1eadt li\u1ec7u x\u00e2y d\u1ef1ng \u0111\u1ea3m b\u1ea3o kh\u1ea3 n\u0103ng ch\u1ed1ng \u0103n m\u00f2n, gi\u00fap van ho\u1ea1t \u0111\u1ed9ng l\u00e2u d\u00e0i trong m\u00f4i tr\u01b0\u1eddng kh\u1eafc nghi\u1ec7t.<br \/>\nC\u00f3 th\u1ec3 t\u00f9y ch\u1ec9nh: B\u1ed9 ph\u00e2n ph\u1ed1i c\u0169ng c\u00f3 nhi\u1ec1u k\u00edch c\u1ee1 v\u00e0 th\u00f4ng s\u1ed1 k\u1ef9 thu\u1eadt kh\u00e1c nhau \u0111\u00e1p \u1ee9ng c\u00e1c nhu c\u1ea7u v\u00e0 y\u00eau c\u1ea7u kh\u00e1c nhau c\u1ee7a m\u1ecdi \u1ee9ng d\u1ee5ng.<\/span><\/p>\n<h2>\u0110\u1eb7c \u0111i\u1ec3m k\u1ef9 thu\u1eadt<\/h2>\n<table>\n<tbody>\n<tr>\n<td>Nguy\u00ean l\u00fd ch\u1ee9c n\u0103ng<\/td>\n<td>Kim phun d\u1ecbch chuy\u1ec3n t\u00edch c\u1ef1c<\/td>\n<\/tr>\n<tr>\n<td>S\u1ed1 l\u01b0\u1ee3ng c\u1eeda h\u00e0ng<\/td>\n<td>1~12<\/td>\n<\/tr>\n<tr>\n<td>\u0110o l\u01b0\u1eddng s\u1ed1 l\u01b0\u1ee3ng<\/td>\n<td>0,03, 0,05, 0,13, 0,20, 0,30, 0,50mL\/chu k\u1ef3<\/td>\n<\/tr>\n<tr>\n<td>Ch\u1ea5t b\u00f4i tr\u01a1n<\/td>\n<td>15-90 CSt@40\u2103<\/td>\n<\/tr>\n<tr>\n<td>Nhi\u1ec7t \u0111\u1ed9 ho\u1ea1t \u0111\u1ed9ng<\/td>\n<td>-20 \u0111\u1ebfn +80 \u00b0C<\/td>\n<\/tr>\n<tr>\n<td>\u00c1p su\u1ea5t ho\u1ea1t \u0111\u1ed9ng<\/td>\n<td>T\u1ed1i thi\u1ec3u 1.0 MPa<\/td>\n<\/tr>\n<tr>\n<td>V\u1eadt li\u1ec7u<\/td>\n<td>\u0110\u1ed3ng, nh\u00f4m<\/td>\n<\/tr>\n<tr>\n<td>\u1ed4 c\u1eafm k\u1ebft n\u1ed1i<\/td>\n<td>\u0110\u1ea7u v\u00e0o Rc1\/8, \u0110\u1ea7u ra \u03a64(Rc1\/8)<\/td>\n<\/tr>\n<tr>\n<td>Ph\u1ee5 ki\u1ec7n \u1ed5 c\u1eafm<\/td>\n<td>Ki\u1ec3u tay \u00e1o, Ki\u1ec3u nhanh<\/td>\n<\/tr>\n<tr>\n<td>V\u1ecb tr\u00ed l\u1eafp \u0111\u1eb7t<\/td>\n<td>B\u1ea5t k\u00ec<\/td>\n<\/tr>\n<\/tbody>\n<\/table>\n<h2>Ki\u1ec3m tra<\/h2>\n<p>Ki\u1ec3m tra b\u1eb1ng m\u1eaft: Ki\u1ec3m tra kim phun v\u00e0 t\u1ea5t c\u1ea3 c\u00e1c k\u1ebft n\u1ed1i \u0111\u1ec3 xem c\u00f3 d\u1ea5u hi\u1ec7u h\u01b0 h\u1ecfng ho\u1eb7c r\u00f2 r\u1ec9 n\u00e0o kh\u00f4ng.<br \/>\nKi\u1ec3m tra \u00e1p su\u1ea5t: K\u1ebft n\u1ed1i kim phun v\u1edbi ngu\u1ed3n \u00e1p su\u1ea5t v\u00e0 t\u0103ng d\u1ea7n \u00e1p su\u1ea5t l\u00ean m\u1ee9c ho\u1ea1t \u0111\u1ed9ng l\u00e0 1,0 MPa. Ki\u1ec3m tra r\u00f2 r\u1ec9 ho\u1eb7c c\u00e1c b\u1ea5t th\u01b0\u1eddng kh\u00e1c.<br \/>\nKi\u1ec3m tra l\u01b0u l\u01b0\u1ee3ng: \u0110o th\u1ec3 t\u00edch x\u1ea3 ra \u0111\u1ec3 x\u00e1c minh r\u1eb1ng n\u00f3 n\u1eb1m trong ph\u1ea1m vi t\u1eeb 0,03 \u0111\u1ebfn 0,5 ml m\u1ed7i l\u1ea7n. \u0110i\u1ec1u n\u00e0y c\u00f3 th\u1ec3 th\u1ef1c hi\u1ec7n b\u1eb1ng c\u00e1ch s\u1eed d\u1ee5ng thi\u1ebft b\u1ecb \u0111o \u0111\u00e3 hi\u1ec7u chu\u1ea9n.<br \/>\nKi\u1ec3m tra thi\u1ebft l\u1eadp l\u1ea1i: Ki\u1ec3m tra xem kim phun c\u00f3 thi\u1ebft l\u1eadp l\u1ea1i \u0111\u00fang \u1edf \u00e1p su\u1ea5t thi\u1ebft l\u1eadp l\u1ea1i l\u00e0 0,3 MPa hay kh\u00f4ng.<br \/>\nKi\u1ec3m tra ho\u1ea1t \u0111\u1ed9ng: Ch\u1ea1y kim phun qua nhi\u1ec1u chu k\u1ef3 \u0111\u1ec3 \u0111\u1ea3m b\u1ea3o hi\u1ec7u su\u1ea5t ho\u1ea1t \u0111\u1ed9ng \u1ed5n \u0111\u1ecbnh v\u00e0 ki\u1ec3m tra xem c\u00f3 b\u1ea5t th\u01b0\u1eddng n\u00e0o trong qu\u00e1 tr\u00ecnh ho\u1ea1t \u0111\u1ed9ng kh\u00f4ng.<\/p>\n<h2>H\u01b0\u1edbng d\u1eabn s\u1eed d\u1ee5ng<\/h2>\n<div class=\"sdm_download_button_box_default\"><div class=\"sdm_download_link\"><a href=\"https:\/\/www.jinpinlub.com\/vi\/?sdm_process_download=1&download_id=3889\" class=\"sdm_download white\" title=\"Ri\u00eang t\u01b0: MSK Metering Valve\" target=\"&quot;_blank&quot;\">Xem B\u1ea3ng d\u1eef li\u1ec7u - Van \u0111o MSK<\/a><\/div><\/div>","protected":false},"excerpt":{"rendered":"<p>Van ph\u1ea3n l\u1ef1c d\u1ecbch chuy\u1ec3n t\u00edch c\u1ef1c MSK l\u00e0 van ph\u1ea3n l\u1ef1c \u0111\u01b0\u1ee3c s\u1eed d\u1ee5ng trong nhi\u1ec1u \u1ee9ng d\u1ee5ng c\u00f4ng nghi\u1ec7p. N\u00f3 \u0111\u01b0\u1ee3c thi\u1ebft k\u1ebf \u0111\u1ec3 cung c\u1ea5p lu\u1ed3ng ch\u1ea5t l\u1ecfng phun ch\u00ednh x\u00e1c. C\u00e1c van n\u00e0y \u0111\u01b0\u1ee3c s\u1eed d\u1ee5ng \u0111\u1ec3 cung c\u1ea5p ch\u1ea5t l\u1ecfng ch\u00ednh x\u00e1c v\u00e0 \u0111\u00e1ng tin c\u1eady, th\u01b0\u1eddng l\u00e0 trong c\u00e1c h\u1ec7 th\u1ed1ng b\u00f4i tr\u01a1n.<\/p>","protected":false},"featured_media":3938,"template":"","meta":{"ocean_post_layout":"","ocean_both_sidebars_style":"","ocean_both_sidebars_content_width":0,"ocean_both_sidebars_sidebars_width":0,"ocean_sidebar":"0","ocean_second_sidebar":"0","ocean_disable_margins":"enable","ocean_add_body_class":"","ocean_shortcode_before_top_bar":"","ocean_shortcode_after_top_bar":"","ocean_shortcode_before_header":"","ocean_shortcode_after_header":"","ocean_has_shortcode":"","ocean_shortcode_after_title":"","ocean_shortcode_before_footer_widgets":"","ocean_shortcode_after_footer_widgets":"","ocean_shortcode_before_footer_bottom":"","ocean_shortcode_after_footer_bottom":"","ocean_display_top_bar":"default","ocean_display_header":"default","ocean_header_style":"","ocean_center_header_left_menu":"0","ocean_custom_header_template":"0","ocean_custom_logo":0,"ocean_custom_retina_logo":0,"ocean_custom_logo_max_width":0,"ocean_custom_logo_tablet_max_width":0,"ocean_custom_logo_mobile_max_width":0,"ocean_custom_logo_max_height":0,"ocean_custom_logo_tablet_max_height":0,"ocean_custom_logo_mobile_max_height":0,"ocean_header_custom_menu":"0","ocean_menu_typo_font_family":"0","ocean_menu_typo_font_subset":"","ocean_menu_typo_font_size":0,"ocean_menu_typo_font_size_tablet":0,"ocean_menu_typo_font_size_mobile":0,"ocean_menu_typo_font_size_unit":"px","ocean_menu_typo_font_weight":"","ocean_menu_typo_font_weight_tablet":"","ocean_menu_typo_font_weight_mobile":"","ocean_menu_typo_transform":"","ocean_menu_typo_transform_tablet":"","ocean_menu_typo_transform_mobile":"","ocean_menu_typo_line_height":0,"ocean_menu_typo_line_height_tablet":0,"ocean_menu_typo_line_height_mobile":0,"ocean_menu_typo_line_height_unit":"","ocean_menu_typo_spacing":0,"ocean_menu_typo_spacing_tablet":0,"ocean_menu_typo_spacing_mobile":0,"ocean_menu_typo_spacing_unit":"","ocean_menu_link_color":"","ocean_menu_link_color_hover":"","ocean_menu_link_color_active":"","ocean_menu_link_background":"","ocean_menu_link_hover_background":"","ocean_menu_link_active_background":"","ocean_menu_social_links_bg":"","ocean_menu_social_hover_links_bg":"","ocean_menu_social_links_color":"","ocean_menu_social_hover_links_color":"","ocean_disable_title":"default","ocean_disable_heading":"default","ocean_post_title":"","ocean_post_subheading":"","ocean_post_title_style":"","ocean_post_title_background_color":"","ocean_post_title_background":0,"ocean_post_title_bg_image_position":"","ocean_post_title_bg_image_attachment":"","ocean_post_title_bg_image_repeat":"","ocean_post_title_bg_image_size":"","ocean_post_title_height":0,"ocean_post_title_bg_overlay":0.5,"ocean_post_title_bg_overlay_color":"","ocean_disable_breadcrumbs":"default","ocean_breadcrumbs_color":"","ocean_breadcrumbs_separator_color":"","ocean_breadcrumbs_links_color":"","ocean_breadcrumbs_links_hover_color":"","ocean_display_footer_widgets":"default","ocean_display_footer_bottom":"default","ocean_custom_footer_template":"0","osh_disable_topbar_sticky":"default","osh_disable_header_sticky":"default","osh_sticky_header_style":"default","osh_sticky_header_effect":"","osh_custom_sticky_logo":0,"osh_custom_retina_sticky_logo":0,"osh_custom_sticky_logo_height":0,"osh_background_color":"","osh_links_color":"","osh_links_hover_color":"","osh_links_active_color":"","osh_links_bg_color":"","osh_links_hover_bg_color":"","osh_links_active_bg_color":"","osh_menu_social_links_color":"","osh_menu_social_hover_links_color":""},"product_brand":[],"product_cat":[49,47],"product_tag":[139,229,364,82,240],"class_list":{"0":"post-3935","1":"product","2":"type-product","3":"status-publish","4":"has-post-thumbnail","6":"product_cat-volumetric-oil-injectors","7":"product_cat-volumetric-thin-oil-systems","8":"product_tag-oil-distributor","9":"product_tag-oil-metering-valve","10":"product_tag-positive-displacement-distributor","11":"product_tag-positive-displacement-injector","12":"product_tag-pressurized-distributor","14":"entry","15":"has-media","17":"first","18":"instock","19":"shipping-taxable","20":"product-type-external","21":"col","22":"span_1_of_3","23":"owp-content-center","24":"owp-thumbs-layout-horizontal","25":"owp-btn-very-big","26":"owp-tabs-layout-horizontal"},"_links":{"self":[{"href":"https:\/\/www.jinpinlub.com\/vi\/wp-json\/wp\/v2\/product\/3935","targetHints":{"allow":["GET"]}}],"collection":[{"href":"https:\/\/www.jinpinlub.com\/vi\/wp-json\/wp\/v2\/product"}],"about":[{"href":"https:\/\/www.jinpinlub.com\/vi\/wp-json\/wp\/v2\/types\/product"}],"wp:featuredmedia":[{"embeddable":true,"href":"https:\/\/www.jinpinlub.com\/vi\/wp-json\/wp\/v2\/media\/3938"}],"wp:attachment":[{"href":"https:\/\/www.jinpinlub.com\/vi\/wp-json\/wp\/v2\/media?parent=3935"}],"wp:term":[{"taxonomy":"product_brand","embeddable":true,"href":"https:\/\/www.jinpinlub.com\/vi\/wp-json\/wp\/v2\/product_brand?post=3935"},{"taxonomy":"product_cat","embeddable":true,"href":"https:\/\/www.jinpinlub.com\/vi\/wp-json\/wp\/v2\/product_cat?post=3935"},{"taxonomy":"product_tag","embeddable":true,"href":"https:\/\/www.jinpinlub.com\/vi\/wp-json\/wp\/v2\/product_tag?post=3935"}],"curies":[{"name":"wp","href":"https:\/\/api.w.org\/{rel}","templated":true}]}}