{"id":3943,"date":"2024-11-30T11:25:08","date_gmt":"2024-11-30T03:25:08","guid":{"rendered":"https:\/\/www.jinpinlub.com\/?post_type=product&#038;p=3943"},"modified":"2024-12-01T03:29:03","modified_gmt":"2024-11-30T19:29:03","slug":"msk-co-the-thao-roi-dau-mong-boi-tron-phan-phoi-the-tich","status":"publish","type":"product","link":"https:\/\/www.jinpinlub.com\/vi\/product\/msk-detachable-thin-oil-lubrication-volumetric-distributor\/","title":{"rendered":"B\u1ed9 ph\u00e2n ph\u1ed1i th\u1ec3 t\u00edch b\u00f4i tr\u01a1n d\u1ea7u m\u1ecfng c\u00f3 th\u1ec3 th\u00e1o r\u1eddi MSK"},"content":{"rendered":"<h2>T\u00ednh n\u0103ng<\/h2>\n<p>L\u01b0\u1ee3ng x\u1ea3 \u0111a d\u1ea1ng: B\u1ed9 ph\u00e2n ph\u1ed1i d\u1ea7u d\u00f2ng MSK c\u00f3 th\u1ec3 cung c\u1ea5p l\u01b0\u1ee3ng x\u1ea3 \u0111a d\u1ea1ng t\u1eeb 0,01 \u0111\u1ebfn 1,5 ml cho m\u1ed7i l\u1ea7n x\u1ea3, \u0111\u00e1p \u1ee9ng nhu c\u1ea7u b\u00f4i tr\u01a1n trong c\u00e1c t\u00ecnh hu\u1ed1ng kh\u00e1c nhau.<br \/>\n\u00c1p su\u1ea5t l\u00e0m vi\u1ec7c v\u00e0 \u00e1p su\u1ea5t ng\u01b0\u1ee3c: \u00c1p su\u1ea5t l\u00e0m vi\u1ec7c c\u1ee7a van d\u1ea7u d\u00f2ng n\u00e0y ch\u1ee7 y\u1ebfu l\u00e0 1,0MPa v\u00e0 \u00e1p su\u1ea5t ng\u01b0\u1ee3c l\u00e0 0,3MPa \u0111\u1ec3 \u0111\u1ea3m b\u1ea3o b\u1ed9 ph\u00e2n ph\u1ed1i c\u00f3 th\u1ec3 ho\u1ea1t \u0111\u1ed9ng \u1ed5n \u0111\u1ecbnh.<br \/>\nV\u1eadt li\u1ec7u: Th\u00e2n ch\u00ednh c\u1ee7a b\u1ed9 ph\u00e2n ph\u1ed1i d\u1ea7u d\u00f2ng MSK \u0111\u01b0\u1ee3c l\u00e0m b\u1eb1ng \u0111\u1ed3ng thau, c\u00f3 kh\u1ea3 n\u0103ng ch\u1ed1ng \u0103n m\u00f2n v\u00e0 t\u00ednh ch\u1ea5t c\u01a1 h\u1ecdc t\u1ed1t.<br \/>\nModel v\u00e0 s\u1ed1 hi\u1ec7u s\u1ea3n ph\u1ea9m: Nh\u00e0 ph\u00e2n ph\u1ed1i d\u1ea7u MSK cung c\u1ea5p nhi\u1ec1u model kh\u00e1c nhau, m\u1ed7i model c\u00f3 s\u1ed1 hi\u1ec7u s\u1ea3n ph\u1ea9m t\u01b0\u01a1ng \u1ee9ng, gi\u00fap ng\u01b0\u1eddi d\u00f9ng d\u1ec5 d\u00e0ng l\u1ef1a ch\u1ecdn model ph\u00f9 h\u1ee3p v\u00e0 \u0111\u1eb7t h\u00e0ng theo nhu c\u1ea7u c\u1ee7a m\u00ecnh.<br \/>\nD\u1ec5 b\u1ea3o tr\u00ec: B\u1ed9 ph\u00e2n ph\u1ed1i d\u1ea7u MSK \u0111\u01b0\u1ee3c thi\u1ebft k\u1ebf \u0111\u1ec3 l\u1eafp r\u00e1p v\u00e0 th\u00e1o r\u1eddi d\u1ec5 d\u00e0ng, gi\u00fap vi\u1ec7c b\u1ea3o tr\u00ec tr\u1edf n\u00ean \u0111\u01a1n gi\u1ea3n v\u00e0 gi\u1ea3m thi\u1ec3u th\u1eddi gian ch\u1ebft.<\/p>\n<h2>\u0110\u1eb7c \u0111i\u1ec3m k\u1ef9 thu\u1eadt<\/h2>\n<table>\n<tbody>\n<tr>\n<td>Nguy\u00ean l\u00fd ch\u1ee9c n\u0103ng<\/td>\n<td>Kim phun d\u1ecbch chuy\u1ec3n t\u00edch c\u1ef1c<\/td>\n<\/tr>\n<tr>\n<td>S\u1ed1 l\u01b0\u1ee3ng c\u1eeda h\u00e0ng<\/td>\n<td>1~12<\/td>\n<\/tr>\n<tr>\n<td>\u0110o l\u01b0\u1eddng s\u1ed1 l\u01b0\u1ee3ng<\/td>\n<td>0,03, 0,05, 0,13, 0,20, 0,30, 0,50mL\/chu k\u1ef3<\/td>\n<\/tr>\n<tr>\n<td>Ch\u1ea5t b\u00f4i tr\u01a1n<\/td>\n<td>15-90 CSt@40\u2103<\/td>\n<\/tr>\n<tr>\n<td>Nhi\u1ec7t \u0111\u1ed9 ho\u1ea1t \u0111\u1ed9ng<\/td>\n<td>-20 \u0111\u1ebfn +80 \u00b0C<\/td>\n<\/tr>\n<tr>\n<td>\u00c1p su\u1ea5t ho\u1ea1t \u0111\u1ed9ng<\/td>\n<td>T\u1ed1i thi\u1ec3u 1.0 MPa<\/td>\n<\/tr>\n<tr>\n<td>V\u1eadt li\u1ec7u<\/td>\n<td>\u0110\u1ed3ng, nh\u00f4m<\/td>\n<\/tr>\n<tr>\n<td>\u1ed4 c\u1eafm k\u1ebft n\u1ed1i<\/td>\n<td>\u0110\u1ea7u v\u00e0o Rc1\/8, \u0110\u1ea7u ra \u03a64(Rc1\/8)<\/td>\n<\/tr>\n<tr>\n<td>Ph\u1ee5 ki\u1ec7n \u1ed5 c\u1eafm<\/td>\n<td>Ki\u1ec3u tay \u00e1o, Ki\u1ec3u nhanh<\/td>\n<\/tr>\n<tr>\n<td>V\u1ecb tr\u00ed l\u1eafp \u0111\u1eb7t<\/td>\n<td>B\u1ea5t k\u00ec<\/td>\n<\/tr>\n<\/tbody>\n<\/table>\n<h2>C\u00e0i \u0111\u1eb7t<\/h2>\n<p>Chu\u1ea9n b\u1ecb: C\u1ea7n chu\u1ea9n b\u1ecb s\u1eb5n t\u1ea5t c\u1ea3 c\u00e1c d\u1ee5ng c\u1ee5 v\u00e0 v\u1eadt li\u1ec7u c\u1ea7n thi\u1ebft, bao g\u1ed3m nh\u01b0ng kh\u00f4ng gi\u1edbi h\u1ea1n \u1edf van, \u1ed1ng, ph\u1ee5 ki\u1ec7n, ch\u1ea5t b\u1ecbt k\u00edn v\u00e0 b\u1ed9 chuy\u1ec3n \u0111\u1ed5i n\u1ebfu c\u00f3.<br \/>\nL\u1eafp \u0111\u1eb7t: L\u1eafp b\u1ed9 ph\u00e2n ph\u1ed1i v\u00e0o v\u1ecb tr\u00ed mong mu\u1ed1n, c\u1ed1 \u0111\u1ecbnh ch\u1eafc ch\u1eafn v\u00e0 \u0111\u1ecbnh v\u1ecb sao cho th\u1eb3ng h\u00e0ng v\u1edbi h\u1ec7 th\u1ed1ng \u0111\u01b0\u1eddng \u1ed1ng.<br \/>\n\u1ed0ng k\u1ebft n\u1ed1i: K\u1ebft n\u1ed1i \u1ed1ng v\u1edbi b\u1ed9 ph\u00e2n ph\u1ed1i b\u1eb1ng kh\u1edbp n\u1ed1i n\u00e9n cho m\u1ed9t s\u1ed1 ki\u1ec3u m\u00e1y ho\u1eb7c kh\u1edbp n\u1ed1i \u0111\u1ea9y \u0111\u1ec3 k\u1ebft n\u1ed1i cho c\u00e1c ki\u1ec3u m\u00e1y kh\u00e1c. \u0110\u1ea3m b\u1ea3o k\u1ebft n\u1ed1i t\u1ed1t, ch\u1eafc ch\u1eafn \u0111\u1ec3 tr\u00e1nh r\u00f2 r\u1ec9.<br \/>\nB\u1ecbt k\u00edn: B\u00f4i ch\u1ea5t b\u1ecbt k\u00edn th\u00edch h\u1ee3p v\u00e0o c\u00e1c k\u1ebft n\u1ed1i ren \u0111\u1ec3 tr\u00e1nh r\u00f2 r\u1ec9 khi l\u1eafp \u0111\u1eb7t.<br \/>\nKi\u1ec3m tra \u00e1p su\u1ea5t: Sau khi l\u1eafp \u0111\u1eb7t \u0111\u00fang c\u00e1ch, h\u00e3y ki\u1ec3m tra \u00e1p su\u1ea5t \u0111\u1ec3 xem van \u0111\u00e3 l\u1eafp c\u00f3 b\u1ecb r\u00f2 r\u1ec9 hay kh\u00f4ng \u0111\u1ec3 \u0111\u1ea3m b\u1ea3o van ho\u1ea1t \u0111\u1ed9ng b\u00ecnh th\u01b0\u1eddng.<br \/>\n\u0110i\u1ec1u ch\u1ec9nh cu\u1ed1i c\u00f9ng: Ho\u00e0n thi\u1ec7n t\u1ea5t c\u1ea3 c\u00e1c thi\u1ebft l\u1eadp v\u00e0 k\u1ebft n\u1ed1i c\u1ee7a b\u1ed9 ph\u00e2n ph\u1ed1i \u0111\u1ec3 t\u1ed1i \u01b0u h\u00f3a hi\u1ec7u su\u1ea5t.<\/p>\n<h2>H\u01b0\u1edbng d\u1eabn s\u1eed d\u1ee5ng<\/h2>\n<div class=\"sdm_download_button_box_default\"><div class=\"sdm_download_link\"><a href=\"https:\/\/www.jinpinlub.com\/vi\/?sdm_process_download=1&download_id=3889\" class=\"sdm_download white\" title=\"Ri\u00eang t\u01b0: MSK Metering Valve\" target=\"&quot;_blank&quot;\">Xem B\u1ea3ng d\u1eef li\u1ec7u - Van \u0111o MSK<\/a><\/div><\/div>","protected":false},"excerpt":{"rendered":"<p>Van phun d\u1ecbch chuy\u1ec3n t\u00edch c\u1ef1c MSK l\u00e0 b\u1ed9 ph\u00e2n ph\u1ed1i \u0111\u01b0\u1ee3c thi\u1ebft k\u1ebf \u0111\u1ec3 phun d\u1ea7u m\u1ecfng ch\u00ednh x\u00e1c. Th\u00e2n van th\u01b0\u1eddng \u0111\u01b0\u1ee3c l\u00e0m b\u1eb1ng \u0111\u1ed3ng thau ch\u1ed1ng \u0103n m\u00f2n v\u00e0 \u0111\u01b0\u1ee3c s\u1eed d\u1ee5ng r\u1ed9ng r\u00e3i trong c\u00e1c h\u1ec7 th\u1ed1ng b\u00f4i tr\u01a1n v\u00e0 quy tr\u00ecnh s\u1ea3n xu\u1ea5t \u0111\u1ec3 \u0111\u1ea3m b\u1ea3o \u0111\u1ed9 tin c\u1eady v\u00e0 tu\u1ed5i th\u1ecd cao.<\/p>","protected":false},"featured_media":3944,"template":"","meta":{"ocean_post_layout":"","ocean_both_sidebars_style":"","ocean_both_sidebars_content_width":0,"ocean_both_sidebars_sidebars_width":0,"ocean_sidebar":"0","ocean_second_sidebar":"0","ocean_disable_margins":"enable","ocean_add_body_class":"","ocean_shortcode_before_top_bar":"","ocean_shortcode_after_top_bar":"","ocean_shortcode_before_header":"","ocean_shortcode_after_header":"","ocean_has_shortcode":"","ocean_shortcode_after_title":"","ocean_shortcode_before_footer_widgets":"","ocean_shortcode_after_footer_widgets":"","ocean_shortcode_before_footer_bottom":"","ocean_shortcode_after_footer_bottom":"","ocean_display_top_bar":"default","ocean_display_header":"default","ocean_header_style":"","ocean_center_header_left_menu":"0","ocean_custom_header_template":"0","ocean_custom_logo":0,"ocean_custom_retina_logo":0,"ocean_custom_logo_max_width":0,"ocean_custom_logo_tablet_max_width":0,"ocean_custom_logo_mobile_max_width":0,"ocean_custom_logo_max_height":0,"ocean_custom_logo_tablet_max_height":0,"ocean_custom_logo_mobile_max_height":0,"ocean_header_custom_menu":"0","ocean_menu_typo_font_family":"0","ocean_menu_typo_font_subset":"","ocean_menu_typo_font_size":0,"ocean_menu_typo_font_size_tablet":0,"ocean_menu_typo_font_size_mobile":0,"ocean_menu_typo_font_size_unit":"px","ocean_menu_typo_font_weight":"","ocean_menu_typo_font_weight_tablet":"","ocean_menu_typo_font_weight_mobile":"","ocean_menu_typo_transform":"","ocean_menu_typo_transform_tablet":"","ocean_menu_typo_transform_mobile":"","ocean_menu_typo_line_height":0,"ocean_menu_typo_line_height_tablet":0,"ocean_menu_typo_line_height_mobile":0,"ocean_menu_typo_line_height_unit":"","ocean_menu_typo_spacing":0,"ocean_menu_typo_spacing_tablet":0,"ocean_menu_typo_spacing_mobile":0,"ocean_menu_typo_spacing_unit":"","ocean_menu_link_color":"","ocean_menu_link_color_hover":"","ocean_menu_link_color_active":"","ocean_menu_link_background":"","ocean_menu_link_hover_background":"","ocean_menu_link_active_background":"","ocean_menu_social_links_bg":"","ocean_menu_social_hover_links_bg":"","ocean_menu_social_links_color":"","ocean_menu_social_hover_links_color":"","ocean_disable_title":"default","ocean_disable_heading":"default","ocean_post_title":"","ocean_post_subheading":"","ocean_post_title_style":"","ocean_post_title_background_color":"","ocean_post_title_background":0,"ocean_post_title_bg_image_position":"","ocean_post_title_bg_image_attachment":"","ocean_post_title_bg_image_repeat":"","ocean_post_title_bg_image_size":"","ocean_post_title_height":0,"ocean_post_title_bg_overlay":0.5,"ocean_post_title_bg_overlay_color":"","ocean_disable_breadcrumbs":"default","ocean_breadcrumbs_color":"","ocean_breadcrumbs_separator_color":"","ocean_breadcrumbs_links_color":"","ocean_breadcrumbs_links_hover_color":"","ocean_display_footer_widgets":"default","ocean_display_footer_bottom":"default","ocean_custom_footer_template":"0","osh_disable_topbar_sticky":"default","osh_disable_header_sticky":"default","osh_sticky_header_style":"default","osh_sticky_header_effect":"","osh_custom_sticky_logo":0,"osh_custom_retina_sticky_logo":0,"osh_custom_sticky_logo_height":0,"osh_background_color":"","osh_links_color":"","osh_links_hover_color":"","osh_links_active_color":"","osh_links_bg_color":"","osh_links_hover_bg_color":"","osh_links_active_bg_color":"","osh_menu_social_links_color":"","osh_menu_social_hover_links_color":""},"product_brand":[],"product_cat":[49,47],"product_tag":[229,364,82,240,228],"class_list":{"0":"post-3943","1":"product","2":"type-product","3":"status-publish","4":"has-post-thumbnail","6":"product_cat-volumetric-oil-injectors","7":"product_cat-volumetric-thin-oil-systems","8":"product_tag-oil-metering-valve","9":"product_tag-positive-displacement-distributor","10":"product_tag-positive-displacement-injector","11":"product_tag-pressurized-distributor","12":"product_tag-thin-oil-injector","14":"entry","15":"has-media","17":"first","18":"instock","19":"shipping-taxable","20":"product-type-external","21":"col","22":"span_1_of_3","23":"owp-content-center","24":"owp-thumbs-layout-horizontal","25":"owp-btn-very-big","26":"owp-tabs-layout-horizontal"},"_links":{"self":[{"href":"https:\/\/www.jinpinlub.com\/vi\/wp-json\/wp\/v2\/product\/3943","targetHints":{"allow":["GET"]}}],"collection":[{"href":"https:\/\/www.jinpinlub.com\/vi\/wp-json\/wp\/v2\/product"}],"about":[{"href":"https:\/\/www.jinpinlub.com\/vi\/wp-json\/wp\/v2\/types\/product"}],"wp:featuredmedia":[{"embeddable":true,"href":"https:\/\/www.jinpinlub.com\/vi\/wp-json\/wp\/v2\/media\/3944"}],"wp:attachment":[{"href":"https:\/\/www.jinpinlub.com\/vi\/wp-json\/wp\/v2\/media?parent=3943"}],"wp:term":[{"taxonomy":"product_brand","embeddable":true,"href":"https:\/\/www.jinpinlub.com\/vi\/wp-json\/wp\/v2\/product_brand?post=3943"},{"taxonomy":"product_cat","embeddable":true,"href":"https:\/\/www.jinpinlub.com\/vi\/wp-json\/wp\/v2\/product_cat?post=3943"},{"taxonomy":"product_tag","embeddable":true,"href":"https:\/\/www.jinpinlub.com\/vi\/wp-json\/wp\/v2\/product_tag?post=3943"}],"curies":[{"name":"wp","href":"https:\/\/api.w.org\/{rel}","templated":true}]}}