{"id":3948,"date":"2024-12-01T00:46:54","date_gmt":"2024-11-30T16:46:54","guid":{"rendered":"https:\/\/www.jinpinlub.com\/?post_type=product&#038;p=3948"},"modified":"2024-12-01T01:25:25","modified_gmt":"2024-11-30T17:25:25","slug":"van-chia-phan-phoi-tien-bo-loai-u-216","status":"publish","type":"product","link":"https:\/\/www.jinpinlub.com\/vi\/product\/u-type-216-outlets-progressive-distributor-divider-valves\/","title":{"rendered":"Van chia ph\u00e2n ph\u1ed1i ti\u1ebfn b\u1ed9 lo\u1ea1i U 2~16 c\u1eeda ra"},"content":{"rendered":"<h2>T\u00ednh n\u0103ng<\/h2>\n<p>B\u1ed9 ph\u00e2n ph\u1ed1i d\u1ea7u ti\u1ebfn b\u1ed9 lo\u1ea1i \u222a t\u00edch h\u1ee3p c\u00f3 th\u1ec3 \u0111\u01b0\u1ee3c s\u1eed d\u1ee5ng trong \u0111i\u1ec1u ki\u1ec7n \u00e1p su\u1ea5t trung b\u00ecnh v\u00e0 nhi\u1ec7t \u0111\u1ed9 thay \u0111\u1ed5i r\u1ed9ng. N\u00f3 c\u00f3 th\u1ec3 t\u1ea1o th\u00e0nh h\u1ec7 th\u1ed1ng b\u00f4i tr\u01a1n m\u1ed9t d\u00f2ng v\u1edbi b\u01a1m th\u1ee7 c\u00f4ng, \u0111i\u1ec7n, kh\u00ed n\u00e9n, v.v. N\u00f3 \u0111\u01b0\u1ee3c s\u1eed d\u1ee5ng cho nhi\u1ec1u lo\u1ea1i m\u00e1y c\u00f4ng c\u1ee5 nh\u1ecf v\u00e0 thi\u1ebft b\u1ecb m\u00e1y m\u00f3c nh\u1ef1a ho\u1eb7c l\u00e0 b\u1ed9 ph\u00e2n ph\u1ed1i ph\u1ee5 c\u1ee7a h\u1ec7 th\u1ed1ng b\u00f4i tr\u01a1n m\u1ed9t d\u00f2ng l\u1edbn.<br \/>\nM\u1ed9t b\u1ed9 ph\u00e2n ph\u1ed1i ki\u1ec3u ch\u1eef U th\u00f4ng th\u01b0\u1eddng th\u01b0\u1eddng c\u00f3 th\u1ec3 cung c\u1ea5p ch\u1ea5t b\u00f4i tr\u01a1n cho 4, 6, 8, 10 ho\u1eb7c 12 \u0111i\u1ec3m b\u00f4i tr\u01a1n. B\u1ed9 ph\u00e2n ph\u1ed1i ki\u1ec3u ch\u1eef U ch\u1ec9 c\u00f3 m\u1ed9t th\u00f4ng s\u1ed1 k\u1ef9 thu\u1eadt d\u1ecbch chuy\u1ec3n l\u00e0 0,3mL\/cyc. L\u01b0u \u00fd r\u1eb1ng \u0111\u1ed1i v\u1edbi \u0111\u1ea7u ra d\u1ea7u c\u1ee7a b\u1ed9 ph\u00e2n ph\u1ed1i, kh\u00f4ng \u0111\u01b0\u1ee3c ch\u1eb7n b\u1ea5t k\u1ef3 \u0111\u1ea7u ra d\u1ea7u n\u00e0o \u0111\u1ec3 \u1ea3nh h\u01b0\u1edfng \u0111\u1ebfn ho\u1ea1t \u0111\u1ed9ng b\u00ecnh th\u01b0\u1eddng c\u1ee7a n\u00f3, n\u1ebfu kh\u00f4ng b\u1ed9 ph\u00e2n ph\u1ed1i s\u1ebd b\u1ecb h\u1ecfng.<\/p>\n<h2>\u0110\u1eb7c \u0111i\u1ec3m k\u1ef9 thu\u1eadt<\/h2>\n<p>1. \u00c1p su\u1ea5t danh ngh\u0129a t\u1ed1i \u0111a: 15MPa<br \/>\n2. \u0110\u1ed9 d\u1ecbch chuy\u1ec3n chu\u1ea9n: 0,3 mL\/cyc<br \/>\n3. Ph\u1ea1m vi ch\u1ea5t b\u00f4i tr\u01a1n (\u1edf nhi\u1ec7t \u0111\u1ed9 ti\u00eau chu\u1ea9n): D\u1ea7u b\u00f4i tr\u01a1n \u2265 N68, m\u1ee1 NLGI 000#~1#<br \/>\n4. Nhi\u1ec7t \u0111\u1ed9 m\u00f4i tr\u01b0\u1eddng l\u00e0m vi\u1ec7c: -10\u2103 ~ +60\u2103<br \/>\n5. T\u1ed1c \u0111\u1ed9 tu\u1ea7n ho\u00e0n t\u1ed1i \u0111a c\u1ee7a c\u1eb7p piston c\u1ee7a \u0111\u1ed3ng h\u1ed3 \u0111o chu tr\u00ecnh c\u01a1 h\u1ecdc: 60cyc\/ph\u00fat<br \/>\n6. T\u1ed1c \u0111\u1ed9 tu\u1ea7n ho\u00e0n t\u1ed1i \u0111a c\u1ee7a c\u1eb7p p\u00edt t\u00f4ng: 200cyc\/ph\u00fat<br \/>\n7. S\u1ed1 \u0111i\u1ec3m b\u00f4i tr\u01a1n: 4, 6, 8, 10, 12<br \/>\n8. Chi\u1ec1u d\u00e0i \u0111\u01b0\u1eddng \u1ed1ng: \u03a64\/0.5~2.5m, \u03a66\/1.2~3.5m<br \/>\n9. V\u1eadt li\u1ec7u th\u00e2n van: h\u1ee3p kim nh\u00f4m<\/p>\n<h2>Nguy\u00ean t\u1eafc<\/h2>\n<p>U-shaped l\u00e0 m\u1ed9t b\u1ed9 ph\u00e2n ph\u1ed1i ti\u1ebfn b\u1ed9 cung c\u1ea5p m\u1ed9t l\u01b0\u1ee3ng m\u1ee1 nh\u1ea5t \u0111\u1ecbnh t\u1eeb m\u1ed7i piston l\u00e0m vi\u1ec7c trong th\u00e2n van \u0111\u1ebfn c\u00e1c \u0111i\u1ec3m b\u00f4i tr\u01a1n theo m\u1ed9t tr\u00ecnh t\u1ef1 ch\u1ec9 \u0111\u1ecbnh. M\u1ed7i c\u1eb7p piston l\u00e0m vi\u1ec7c cung c\u1ea5p m\u1ee1 \u0111\u1ecbnh l\u01b0\u1ee3ng \u0111\u1ebfn \u0111i\u1ec3m b\u00f4i tr\u01a1n d\u1ef1a tr\u00ean nguy\u00ean l\u00fd l\u1ef1c th\u1ee7y l\u1ef1c t\u1ea1o ra b\u1edfi t\u00e1c \u0111\u1ed9ng ti\u1ebfn b\u1ed9. \u0110\u1ec3 b\u1ed9 ph\u00e2n ph\u1ed1i c\u00f3 \u0111\u1ea7u ra kh\u00f4ng \u0111\u1ed5i, b\u1ed9 ph\u00e2n ph\u1ed1i h\u00ecnh ch\u1eef U ph\u1ea3i \u0111\u01b0\u1ee3c cung c\u1ea5p m\u1ee1 v\u1edbi m\u1ed9t \u00e1p su\u1ea5t nh\u1ea5t \u0111\u1ecbnh. N\u1ebfu kh\u00f4ng, c\u1eb7p piston l\u00e0m vi\u1ec7c s\u1ebd kh\u00f4ng cung c\u1ea5p m\u1ee1 \u0111\u1ebfn \u0111i\u1ec3m b\u00f4i tr\u01a1n theo c\u00e1ch ti\u1ebfn b\u1ed9 theo tr\u00ecnh t\u1ef1 ch\u1ec9 \u0111\u1ecbnh. . T\u01b0\u01a1ng t\u1ef1 nh\u01b0 v\u1eady, m\u1ed9t khi m\u1ee1 \u00e1p su\u1ea5t \u0111\u01b0\u1ee3c cung c\u1ea5p ng\u1eebng ch\u1ea3y, c\u1eb7p piston l\u00e0m vi\u1ec7c c\u1ee7a b\u1ed9 ph\u00e2n ph\u1ed1i c\u0169ng s\u1ebd ng\u1eebng chuy\u1ec3n \u0111\u1ed9ng. Ch\u1ec9 khi m\u1ee1 ch\u1ecbu \u00e1p su\u1ea5t b\u1eaft \u0111\u1ea7u ch\u1ea3y tr\u1edf l\u1ea1i trong th\u00e2n van, m\u1ed7i c\u1eb7p piston l\u00e0m vi\u1ec7c trong b\u1ed9 ph\u00e2n ph\u1ed1i s\u1ebd l\u1eb7p l\u1ea1i quy tr\u00ecnh l\u00e0m vi\u1ec7c c\u1ee7a chu tr\u00ecnh n\u1ea1p d\u1ea7u t\u1ea1i c\u00f9ng m\u1ed9t \u0111i\u1ec3m.<\/p>\n<h2>H\u01b0\u1edbng d\u1eabn s\u1eed d\u1ee5ng<\/h2>\n<div class=\"sdm_download_button_box_default\"><div class=\"sdm_download_link\"><a href=\"https:\/\/www.jinpinlub.com\/vi\/?sdm_process_download=1&download_id=3949\" class=\"sdm_download white\" title=\"Ri\u00eang t\u01b0: U-type Distributor\" target=\"&quot;_blank&quot;\">Xem B\u1ea3ng d\u1eef li\u1ec7u - B\u1ed9 ph\u00e2n ph\u1ed1i lo\u1ea1i U<\/a><\/div><\/div>","protected":false},"excerpt":{"rendered":"<p>S\u1ed1 l\u01b0\u1ee3ng \u0111\u1ea7u ra c\u1ee7a b\u1ed9 ph\u00e2n ph\u1ed1i ti\u1ebfn b\u1ed9 ki\u1ec3u ch\u1eef U l\u00e0 2, 4, 6, 8, 10, 12 v\u00e0 th\u1ec3 t\u00edch \u0111\u1ea7u ra l\u00e0 0,3ml\/cyc. B\u1ed9 ph\u00e2n ph\u1ed1i n\u00e0y c\u00f3 th\u1ec3 k\u1ebft h\u1ee3p v\u1edbi b\u01a1m tay, b\u01a1m \u0111i\u1ec7n, b\u01a1m kh\u00ed n\u00e9n \u0111\u1ec3 t\u1ea1o th\u00e0nh h\u1ec7 th\u1ed1ng b\u00f4i tr\u01a1n ti\u1ebfn b\u1ed9 m\u1ed9t \u0111\u01b0\u1eddng.<\/p>","protected":false},"featured_media":3951,"template":"","meta":{"ocean_post_layout":"","ocean_both_sidebars_style":"","ocean_both_sidebars_content_width":0,"ocean_both_sidebars_sidebars_width":0,"ocean_sidebar":"0","ocean_second_sidebar":"0","ocean_disable_margins":"enable","ocean_add_body_class":"","ocean_shortcode_before_top_bar":"","ocean_shortcode_after_top_bar":"","ocean_shortcode_before_header":"","ocean_shortcode_after_header":"","ocean_has_shortcode":"","ocean_shortcode_after_title":"","ocean_shortcode_before_footer_widgets":"","ocean_shortcode_after_footer_widgets":"","ocean_shortcode_before_footer_bottom":"","ocean_shortcode_after_footer_bottom":"","ocean_display_top_bar":"default","ocean_display_header":"default","ocean_header_style":"","ocean_center_header_left_menu":"0","ocean_custom_header_template":"0","ocean_custom_logo":0,"ocean_custom_retina_logo":0,"ocean_custom_logo_max_width":0,"ocean_custom_logo_tablet_max_width":0,"ocean_custom_logo_mobile_max_width":0,"ocean_custom_logo_max_height":0,"ocean_custom_logo_tablet_max_height":0,"ocean_custom_logo_mobile_max_height":0,"ocean_header_custom_menu":"0","ocean_menu_typo_font_family":"0","ocean_menu_typo_font_subset":"","ocean_menu_typo_font_size":0,"ocean_menu_typo_font_size_tablet":0,"ocean_menu_typo_font_size_mobile":0,"ocean_menu_typo_font_size_unit":"px","ocean_menu_typo_font_weight":"","ocean_menu_typo_font_weight_tablet":"","ocean_menu_typo_font_weight_mobile":"","ocean_menu_typo_transform":"","ocean_menu_typo_transform_tablet":"","ocean_menu_typo_transform_mobile":"","ocean_menu_typo_line_height":0,"ocean_menu_typo_line_height_tablet":0,"ocean_menu_typo_line_height_mobile":0,"ocean_menu_typo_line_height_unit":"","ocean_menu_typo_spacing":0,"ocean_menu_typo_spacing_tablet":0,"ocean_menu_typo_spacing_mobile":0,"ocean_menu_typo_spacing_unit":"","ocean_menu_link_color":"","ocean_menu_link_color_hover":"","ocean_menu_link_color_active":"","ocean_menu_link_background":"","ocean_menu_link_hover_background":"","ocean_menu_link_active_background":"","ocean_menu_social_links_bg":"","ocean_menu_social_hover_links_bg":"","ocean_menu_social_links_color":"","ocean_menu_social_hover_links_color":"","ocean_disable_title":"default","ocean_disable_heading":"default","ocean_post_title":"","ocean_post_subheading":"","ocean_post_title_style":"","ocean_post_title_background_color":"","ocean_post_title_background":0,"ocean_post_title_bg_image_position":"","ocean_post_title_bg_image_attachment":"","ocean_post_title_bg_image_repeat":"","ocean_post_title_bg_image_size":"","ocean_post_title_height":0,"ocean_post_title_bg_overlay":0.5,"ocean_post_title_bg_overlay_color":"","ocean_disable_breadcrumbs":"default","ocean_breadcrumbs_color":"","ocean_breadcrumbs_separator_color":"","ocean_breadcrumbs_links_color":"","ocean_breadcrumbs_links_hover_color":"","ocean_display_footer_widgets":"default","ocean_display_footer_bottom":"default","ocean_custom_footer_template":"0","osh_disable_topbar_sticky":"default","osh_disable_header_sticky":"default","osh_sticky_header_style":"default","osh_sticky_header_effect":"","osh_custom_sticky_logo":0,"osh_custom_retina_sticky_logo":0,"osh_custom_sticky_logo_height":0,"osh_background_color":"","osh_links_color":"","osh_links_hover_color":"","osh_links_active_color":"","osh_links_bg_color":"","osh_links_hover_bg_color":"","osh_links_active_bg_color":"","osh_menu_social_links_color":"","osh_menu_social_hover_links_color":""},"product_brand":[],"product_cat":[44,41],"product_tag":[87,366,230,99,365],"class_list":{"0":"post-3948","1":"product","2":"type-product","3":"status-publish","4":"has-post-thumbnail","6":"product_cat-progressive-grease-dividers","7":"product_cat-progressive-grease-systems","8":"product_tag-grease-distributor","9":"product_tag-ihi-pump-divider","10":"product_tag-lubrication-metering-device","11":"product_tag-progressive-distributor","12":"product_tag-u-type-divider","14":"entry","15":"has-media","17":"first","18":"instock","19":"shipping-taxable","20":"product-type-external","21":"col","22":"span_1_of_3","23":"owp-content-center","24":"owp-thumbs-layout-horizontal","25":"owp-btn-very-big","26":"owp-tabs-layout-horizontal"},"_links":{"self":[{"href":"https:\/\/www.jinpinlub.com\/vi\/wp-json\/wp\/v2\/product\/3948","targetHints":{"allow":["GET"]}}],"collection":[{"href":"https:\/\/www.jinpinlub.com\/vi\/wp-json\/wp\/v2\/product"}],"about":[{"href":"https:\/\/www.jinpinlub.com\/vi\/wp-json\/wp\/v2\/types\/product"}],"wp:featuredmedia":[{"embeddable":true,"href":"https:\/\/www.jinpinlub.com\/vi\/wp-json\/wp\/v2\/media\/3951"}],"wp:attachment":[{"href":"https:\/\/www.jinpinlub.com\/vi\/wp-json\/wp\/v2\/media?parent=3948"}],"wp:term":[{"taxonomy":"product_brand","embeddable":true,"href":"https:\/\/www.jinpinlub.com\/vi\/wp-json\/wp\/v2\/product_brand?post=3948"},{"taxonomy":"product_cat","embeddable":true,"href":"https:\/\/www.jinpinlub.com\/vi\/wp-json\/wp\/v2\/product_cat?post=3948"},{"taxonomy":"product_tag","embeddable":true,"href":"https:\/\/www.jinpinlub.com\/vi\/wp-json\/wp\/v2\/product_tag?post=3948"}],"curies":[{"name":"wp","href":"https:\/\/api.w.org\/{rel}","templated":true}]}}