{"id":3966,"date":"2024-12-11T15:44:55","date_gmt":"2024-12-11T07:44:55","guid":{"rendered":"https:\/\/www.jinpinlub.com\/?post_type=product&#038;p=3966"},"modified":"2024-12-11T16:36:42","modified_gmt":"2024-12-11T08:36:42","slug":"teflon-ptfe-turcite-b-cnc-guide-rail-wear-resistant-sheet","status":"publish","type":"product","link":"https:\/\/www.jinpinlub.com\/vi\/product\/teflon-ptfe-turcite-b-cnc-guide-rail-wear-resistant-sheet\/","title":{"rendered":"T\u1ea5m ch\u1ed1ng m\u00e0i m\u00f2n thanh ray d\u1eabn h\u01b0\u1edbng CNC Teflon PTFE Turcite-B"},"content":{"rendered":"<h2>T\u00ednh n\u0103ng<\/h2>\n<p>\u00b7Kh\u1ea3 n\u0103ng ch\u1ed1ng m\u00e0i m\u00f2n cao: Kh\u1ea3 n\u0103ng ch\u1ed1ng m\u00e0i m\u00f2n g\u1ea5p 10 l\u1ea7n so v\u1edbi ray d\u1eabn h\u01b0\u1edbng b\u1eb1ng gang v\u00e0 ray d\u1eabn h\u01b0\u1edbng c\u00f3 kh\u1ea3 n\u0103ng gi\u1eef \u0111\u1ed9 ch\u00ednh x\u00e1c t\u1ed1t.<br \/>\n\u00b7 Ma s\u00e1t th\u1ea5p: H\u1ec7 s\u1ed1 ma s\u00e1t &lt;0,04, ch\u1ec9 b\u1eb1ng 1\/3 so v\u1edbi thanh ray d\u1eabn h\u01b0\u1edbng b\u1eb1ng gang, gi\u00fap gi\u1ea3m \u0111\u00e1ng k\u1ec3 m\u1ee9c ti\u00eau th\u1ee5 n\u0103ng l\u01b0\u1ee3ng c\u1ee7a b\u1ed9 truy\u1ec1n \u0111\u1ed9ng.<br \/>\n\u00b7Kh\u00f4ng b\u1ecb tr\u01b0\u1ee3t: H\u1ec7 s\u1ed1 ma s\u00e1t \u0111\u1ed9ng v\u00e0 t\u0129nh g\u1ea7n nhau, \u0111\u1ecbnh v\u1ecb vi n\u1ea1p t\u1ed1t v\u00e0 ho\u1ea1t \u0111\u1ed9ng tr\u01a1n tru.<br \/>\n\u00b7Kh\u1ea3 n\u0103ng h\u1ea5p th\u1ee5 s\u1ed1c t\u1ed1t: C\u00f3 th\u1ec3 gi\u1ea3m ti\u1ebfng \u1ed3n v\u00e0 \u0111\u1ed9 rung, c\u1ea3i thi\u1ec7n \u0111\u1ed9 ch\u00ednh x\u00e1c khi x\u1eed l\u00fd.<br \/>\n\u00b7B\u00f4i tr\u01a1n t\u1ed1t: Hi\u1ec7u su\u1ea5t t\u1ef1 b\u00f4i tr\u01a1n t\u1ed1t, ngay c\u1ea3 khi h\u1ec7 th\u1ed1ng b\u00f4i tr\u01a1n b\u1ecb h\u1ecfng, v\u1eabn c\u00f3 th\u1ec3 tr\u00e1nh \u0111\u01b0\u1ee3c tr\u1ea7y x\u01b0\u1edbc thanh ray d\u1eabn h\u01b0\u1edbng.<br \/>\n\u00b7D\u1ec5 b\u1ea3o tr\u00ec: V\u00ec \u0111\u1ed9 c\u1ee9ng c\u1ee7a \u0111ai m\u1ec1m th\u1ea5p h\u01a1n nhi\u1ec1u so v\u1edbi kim lo\u1ea1i n\u00ean hao m\u00f2n ch\u1ee7 y\u1ebfu \u1edf \u0111ai m\u1ec1m. B\u1ea3o tr\u00ec ch\u1ec9 c\u1ea7n thay \u0111ai m\u1ec1m m\u1edbi, \u0111\u1ed3ng th\u1eddi c\u0169ng tr\u00e1nh ho\u00e0n to\u00e0n ph\u1ea7n l\u00f5m c\u1ee7a thanh d\u1eabn h\u01b0\u1edbng gi\u01b0\u1eddng.<\/p>\n<h2>\u0110\u1eb7c \u0111i\u1ec3m k\u1ef9 thu\u1eadt<\/h2>\n<figure id=\"attachment_3971\" aria-describedby=\"caption-attachment-3971\" style=\"width: 850px\" class=\"wp-caption alignnone\"><img loading=\"lazy\" decoding=\"async\" class=\"size-full wp-image-3971\" src=\"https:\/\/www.jinpinlub.com\/wp-content\/uploads\/2024\/12\/GT15-Turcite-B-5.jpg\" alt=\"GT15 Turcite-B (5)\" width=\"850\" height=\"589\" srcset=\"https:\/\/www.jinpinlub.com\/wp-content\/uploads\/2024\/12\/GT15-Turcite-B-5.jpg 850w, https:\/\/www.jinpinlub.com\/wp-content\/uploads\/2024\/12\/GT15-Turcite-B-5-300x208.jpg 300w, https:\/\/www.jinpinlub.com\/wp-content\/uploads\/2024\/12\/GT15-Turcite-B-5-768x532.jpg 768w, https:\/\/www.jinpinlub.com\/wp-content\/uploads\/2024\/12\/GT15-Turcite-B-5-18x12.jpg 18w, https:\/\/www.jinpinlub.com\/wp-content\/uploads\/2024\/12\/GT15-Turcite-B-5-800x554.jpg 800w\" sizes=\"auto, (max-width: 850px) 100vw, 850px\" \/><figcaption id=\"caption-attachment-3971\" class=\"wp-caption-text\">GT15 Turcite-B (5)<\/figcaption><\/figure>\n<h2>\u1ee8ng d\u1ee5ng<\/h2>\n<p>\u0110\u1ed1i v\u1edbi ray d\u1eabn h\u01b0\u1edbng b\u00e0n m\u00e1y c\u00f4ng c\u1ee5, ma s\u00e1t gi\u1eefa b\u00e0n m\u00e1y v\u00e0 ray d\u1eabn h\u01b0\u1edbng gi\u01b0\u1eddng c\u00f3 th\u1ec3 gi\u1ea3m sau khi d\u00e1n. V\u00ed d\u1ee5, khi b\u00e0n m\u00e1y phay di chuy\u1ec3n, n\u00f3 c\u00f3 th\u1ec3 di chuy\u1ec3n ch\u00ednh x\u00e1c d\u01b0\u1edbi l\u1ef1c truy\u1ec1n \u0111\u1ed9ng th\u1ea5p. Khi l\u1eafp \u0111\u1eb7t, ray d\u1eabn h\u01b0\u1edbng c\u1ea7n \u0111\u01b0\u1ee3c v\u1ec7 sinh v\u00e0 san ph\u1eb3ng, v\u00e0 t\u1ea5m ch\u1ed1ng m\u00e0i m\u00f2n c\u00f3 k\u00edch th\u01b0\u1edbc ph\u00f9 h\u1ee3p c\u1ea7n \u0111\u01b0\u1ee3c c\u1eaft. N\u00f3 \u0111\u01b0\u1ee3c d\u00e1n, n\u00e9n ch\u1eb7t v\u00e0 c\u1ed1 \u0111\u1ecbnh b\u1eb1ng keo \u0111\u1eb7c bi\u1ec7t.<br \/>\n\u0110\u1ed1i v\u1edbi ray d\u1eabn h\u01b0\u1edbng gi\u01b0\u1eddng l\u00e0 gi\u00e1 \u0111\u1ee1 c\u01a1 b\u1ea3n c\u1ee7a m\u00e1y c\u00f4ng c\u1ee5, khi gi\u00e1 \u0111\u1ee1 d\u1ee5ng c\u1ee5 ti\u1ec7n di chuy\u1ec3n, c\u00f3 th\u1ec3 gi\u1ea3m ti\u1ebfng \u1ed3n rung, c\u1ea3i thi\u1ec7n \u0111\u1ed9 ch\u00ednh x\u00e1c v\u00e0 ch\u1ed1ng \u0103n m\u00f2n. Tr\u01b0\u1edbc khi d\u00e1n, h\u00e3y ki\u1ec3m tra v\u00e0 s\u1eeda ch\u1eefa ray d\u1eabn h\u01b0\u1edbng, ch\u00fa \u00fd \u0111\u1ebfn h\u01b0\u1edbng l\u1eafp v\u00e0 \u0111\u1ed9 d\u00e0y c\u1ee7a keo.<br \/>\n\u0110\u1ed1i v\u1edbi thanh d\u1eabn h\u01b0\u1edbng c\u1ed9t m\u00e1y c\u00f4ng c\u1ee5, c\u00f3 th\u1ec3 \u0111\u1ea3m b\u1ea3o h\u1ed9p tr\u1ee5c ch\u00ednh v\u00e0 c\u00e1c b\u1ed9 ph\u1eadn kh\u00e1c chuy\u1ec3n \u0111\u1ed9ng theo chi\u1ec1u d\u1ecdc tr\u01a1n tru v\u00e0 ch\u00ednh x\u00e1c, ch\u1eb3ng h\u1ea1n nh\u01b0 chuy\u1ec3n \u0111\u1ed9ng tr\u1ee5c Z c\u1ee7a h\u1ed9p tr\u1ee5c ch\u00ednh c\u1ee7a trung t\u00e2m gia c\u00f4ng. Khi d\u00e1n, ch\u00fa \u00fd \u0111\u1ebfn \u0111\u1ed9 l\u01b0u \u0111\u1ed9ng v\u00e0 \u0111\u1ed9 th\u1eb3ng \u0111\u1ee9ng c\u1ee7a keo, v\u00e0 ki\u1ec3m tra \u0111\u1ed9 ch\u00ednh x\u00e1c sau khi \u0111\u00f3ng r\u1eafn.<\/p>\n<h2>H\u01b0\u1edbng d\u1eabn s\u1eed d\u1ee5ng<\/h2>\n<div class=\"sdm_download_button_box_default\"><div class=\"sdm_download_link\"><a href=\"https:\/\/www.jinpinlub.com\/vi\/?sdm_process_download=1&download_id=3964\" class=\"sdm_download white\" title=\"Ri\u00eang t\u01b0: PTFE Turcite-B Sheet\" target=\"&quot;_blank&quot;\">Xem B\u1ea3ng d\u1eef li\u1ec7u - T\u1ea5m Turcite-B<\/a><\/div><\/div>","protected":false},"excerpt":{"rendered":"<p>B\u1eb1ng c\u00e1ch g\u1eafn v\u1eadt li\u1ec7u Teflon v\u00e0o b\u1ec1 m\u1eb7t ray d\u1eabn h\u01b0\u1edbng c\u1ee7a m\u00e1y c\u00f4ng c\u1ee5, kh\u1ea3 n\u0103ng ch\u1ed1ng m\u00e0i m\u00f2n v\u00e0 tu\u1ed5i th\u1ecd c\u1ee7a ray d\u1eabn h\u01b0\u1edbng c\u00f3 th\u1ec3 \u0111\u01b0\u1ee3c c\u1ea3i thi\u1ec7n. Quy tr\u00ecnh n\u00e0y c\u00f3 th\u1ec3 \u00e1p d\u1ee5ng cho nhi\u1ec1u lo\u1ea1i ray d\u1eabn h\u01b0\u1edbng kh\u00e1c nhau, bao g\u1ed3m ray d\u1eabn h\u01b0\u1edbng tuy\u1ebfn t\u00ednh, ray d\u1eabn h\u01b0\u1edbng l\u0103n v\u00e0 ray d\u1eabn h\u01b0\u1edbng tr\u01b0\u1ee3t.<\/p>","protected":false},"featured_media":3968,"template":"","meta":{"ocean_post_layout":"","ocean_both_sidebars_style":"","ocean_both_sidebars_content_width":0,"ocean_both_sidebars_sidebars_width":0,"ocean_sidebar":"0","ocean_second_sidebar":"0","ocean_disable_margins":"enable","ocean_add_body_class":"","ocean_shortcode_before_top_bar":"","ocean_shortcode_after_top_bar":"","ocean_shortcode_before_header":"","ocean_shortcode_after_header":"","ocean_has_shortcode":"","ocean_shortcode_after_title":"","ocean_shortcode_before_footer_widgets":"","ocean_shortcode_after_footer_widgets":"","ocean_shortcode_before_footer_bottom":"","ocean_shortcode_after_footer_bottom":"","ocean_display_top_bar":"default","ocean_display_header":"default","ocean_header_style":"","ocean_center_header_left_menu":"0","ocean_custom_header_template":"0","ocean_custom_logo":0,"ocean_custom_retina_logo":0,"ocean_custom_logo_max_width":0,"ocean_custom_logo_tablet_max_width":0,"ocean_custom_logo_mobile_max_width":0,"ocean_custom_logo_max_height":0,"ocean_custom_logo_tablet_max_height":0,"ocean_custom_logo_mobile_max_height":0,"ocean_header_custom_menu":"0","ocean_menu_typo_font_family":"0","ocean_menu_typo_font_subset":"","ocean_menu_typo_font_size":0,"ocean_menu_typo_font_size_tablet":0,"ocean_menu_typo_font_size_mobile":0,"ocean_menu_typo_font_size_unit":"px","ocean_menu_typo_font_weight":"","ocean_menu_typo_font_weight_tablet":"","ocean_menu_typo_font_weight_mobile":"","ocean_menu_typo_transform":"","ocean_menu_typo_transform_tablet":"","ocean_menu_typo_transform_mobile":"","ocean_menu_typo_line_height":0,"ocean_menu_typo_line_height_tablet":0,"ocean_menu_typo_line_height_mobile":0,"ocean_menu_typo_line_height_unit":"","ocean_menu_typo_spacing":0,"ocean_menu_typo_spacing_tablet":0,"ocean_menu_typo_spacing_mobile":0,"ocean_menu_typo_spacing_unit":"","ocean_menu_link_color":"","ocean_menu_link_color_hover":"","ocean_menu_link_color_active":"","ocean_menu_link_background":"","ocean_menu_link_hover_background":"","ocean_menu_link_active_background":"","ocean_menu_social_links_bg":"","ocean_menu_social_hover_links_bg":"","ocean_menu_social_links_color":"","ocean_menu_social_hover_links_color":"","ocean_disable_title":"default","ocean_disable_heading":"default","ocean_post_title":"","ocean_post_subheading":"","ocean_post_title_style":"","ocean_post_title_background_color":"","ocean_post_title_background":0,"ocean_post_title_bg_image_position":"","ocean_post_title_bg_image_attachment":"","ocean_post_title_bg_image_repeat":"","ocean_post_title_bg_image_size":"","ocean_post_title_height":0,"ocean_post_title_bg_overlay":0.5,"ocean_post_title_bg_overlay_color":"","ocean_disable_breadcrumbs":"default","ocean_breadcrumbs_color":"","ocean_breadcrumbs_separator_color":"","ocean_breadcrumbs_links_color":"","ocean_breadcrumbs_links_hover_color":"","ocean_display_footer_widgets":"default","ocean_display_footer_bottom":"default","ocean_custom_footer_template":"0","osh_disable_topbar_sticky":"default","osh_disable_header_sticky":"default","osh_sticky_header_style":"default","osh_sticky_header_effect":"","osh_custom_sticky_logo":0,"osh_custom_retina_sticky_logo":0,"osh_custom_sticky_logo_height":0,"osh_background_color":"","osh_links_color":"","osh_links_hover_color":"","osh_links_active_color":"","osh_links_bg_color":"","osh_links_hover_bg_color":"","osh_links_active_bg_color":"","osh_menu_social_links_color":"","osh_menu_social_hover_links_color":""},"product_brand":[],"product_cat":[31],"product_tag":[371,367,368,369,370],"class_list":{"0":"post-3966","1":"product","2":"type-product","3":"status-publish","4":"has-post-thumbnail","6":"product_cat-lube-system-accessories","7":"product_tag-cnc-plastic-strip","8":"product_tag-guide-rail-wear-resistant-sheet","9":"product_tag-ptfe-guide-rail-belt","10":"product_tag-teflon-soft-belt","11":"product_tag-turcite-b","13":"entry","14":"has-media","16":"first","17":"instock","18":"shipping-taxable","19":"product-type-external","20":"col","21":"span_1_of_3","22":"owp-content-center","23":"owp-thumbs-layout-horizontal","24":"owp-btn-very-big","25":"owp-tabs-layout-horizontal"},"_links":{"self":[{"href":"https:\/\/www.jinpinlub.com\/vi\/wp-json\/wp\/v2\/product\/3966","targetHints":{"allow":["GET"]}}],"collection":[{"href":"https:\/\/www.jinpinlub.com\/vi\/wp-json\/wp\/v2\/product"}],"about":[{"href":"https:\/\/www.jinpinlub.com\/vi\/wp-json\/wp\/v2\/types\/product"}],"wp:featuredmedia":[{"embeddable":true,"href":"https:\/\/www.jinpinlub.com\/vi\/wp-json\/wp\/v2\/media\/3968"}],"wp:attachment":[{"href":"https:\/\/www.jinpinlub.com\/vi\/wp-json\/wp\/v2\/media?parent=3966"}],"wp:term":[{"taxonomy":"product_brand","embeddable":true,"href":"https:\/\/www.jinpinlub.com\/vi\/wp-json\/wp\/v2\/product_brand?post=3966"},{"taxonomy":"product_cat","embeddable":true,"href":"https:\/\/www.jinpinlub.com\/vi\/wp-json\/wp\/v2\/product_cat?post=3966"},{"taxonomy":"product_tag","embeddable":true,"href":"https:\/\/www.jinpinlub.com\/vi\/wp-json\/wp\/v2\/product_tag?post=3966"}],"curies":[{"name":"wp","href":"https:\/\/api.w.org\/{rel}","templated":true}]}}