{"id":3972,"date":"2024-12-11T16:39:53","date_gmt":"2024-12-11T08:39:53","guid":{"rendered":"https:\/\/www.jinpinlub.com\/?post_type=product&#038;p=3972"},"modified":"2024-12-11T17:18:14","modified_gmt":"2024-12-11T09:18:14","slug":"bom-boi-tron-dien-co-binh-chua-roi-j100-3d-300ml","status":"publish","type":"product","link":"https:\/\/www.jinpinlub.com\/vi\/product\/j100-3d-300ml-detachable-reservoir-electric-lubrication-pump\/","title":{"rendered":"B\u01a1m b\u00f4i tr\u01a1n \u0111i\u1ec7n c\u00f3 b\u00ecnh ch\u1ee9a c\u00f3 th\u1ec3 th\u00e1o r\u1eddi J100-3D 300mL"},"content":{"rendered":"<h2>\u0110\u1eb7c tr\u01b0ng<\/h2>\n<p>\u2013 Ho\u1ea1t \u0111\u1ed9ng \u1ed5n \u0111\u1ecbnh: C\u00f3 th\u1ec3 ho\u1ea1t \u0111\u1ed9ng tin c\u1eady trong h\u1ec7 th\u1ed1ng b\u00f4i tr\u01a1n m\u1ed9t \u0111\u01b0\u1eddng \u1ed1ng v\u1edbi t\u1ed1i \u0111a 20 \u0111i\u1ec3m b\u00f4i tr\u01a1n v\u00e0 chi\u1ec1u d\u00e0i \u0111\u01b0\u1eddng \u1ed1ng ch\u00ednh g\u1ea7n 15 m\u00e9t.<br \/>\n\u2013 Ch\u1ee9c n\u0103ng gi\u1ea3m \u00e1p t\u00edch h\u1ee3p: Van gi\u1ea3m \u00e1p t\u00edch h\u1ee3p t\u00f9y ch\u1ecdn \u0111\u00e1p \u1ee9ng c\u00e1c y\u00eau c\u1ea7u c\u1ee7a m\u00e1y b\u01a1m h\u1ec7 th\u1ed1ng b\u00f4i tr\u01a1n m\u1ed9t d\u00f2ng v\u00e0 c\u00f3 th\u1ec3 \u0111\u01b0\u1ee3c s\u1eed d\u1ee5ng \u1ed5n \u0111\u1ecbnh trong <a href=\"https:\/\/www.jinpinlub.com\/vi\/danh-muc-san-pham\/he-thong-mo-mot-dong\/\" target=\"_blank\" rel=\"noopener\">h\u1ec7 th\u1ed1ng b\u00f4i tr\u01a1n t\u1ef1 \u0111\u1ed9ng m\u1ed9t d\u00f2ng<\/a>.<br \/>\n\u2013 S\u1ed1 l\u01b0\u1ee3ng \u0111\u1ea7u ra linh ho\u1ea1t: C\u00f3 thi\u1ebft k\u1ebf 1 ho\u1eb7c 2 \u0111\u1ea7u ra d\u1ea7u, c\u00f3 th\u1ec3 l\u1ef1a ch\u1ecdn theo nhu c\u1ea7u th\u1ef1c t\u1ebf.<br \/>\n\u2013 L\u1eafp \u0111\u1eb7t d\u1ec5 d\u00e0ng: V\u00edt l\u1ed7 th\u00f4ng gi\u00f3 d\u1ec5 ti\u1ebfp c\u1eadn, gi\u00fap l\u1eafp \u0111\u1eb7t v\u00e0 v\u1eadn h\u00e0nh \u0111\u01a1n gi\u1ea3n.<br \/>\n\u2013 Theo d\u00f5i m\u1ee9c ch\u1ea5t l\u1ecfng: Cung c\u1ea5p ch\u1ee9c n\u0103ng theo d\u00f5i m\u1ee9c ch\u1ea5t l\u1ecfng v\u1edbi ch\u1ee9c n\u0103ng c\u1ea3nh b\u00e1o s\u1edbm, c\u00f3 th\u1ec3 theo d\u00f5i m\u1ee9c ch\u1ea5t l\u1ecfng trong b\u00ecnh d\u1ea7u ho\u1eb7c h\u1ed9p m\u1ee1.<br \/>\n\u2013 Nhi\u1ec1u dung t\u00edch: C\u00f3 ba phi\u00ean b\u1ea3n b\u00ecnh ch\u1ee9a, phi\u00ean b\u1ea3n b\u00ecnh ch\u1ee9a c\u1ed1 \u0111\u1ecbnh, phi\u00ean b\u1ea3n b\u00ecnh ch\u1ee9a c\u00f3 th\u1ec3 th\u00e1o r\u1eddi v\u00e0 phi\u00ean b\u1ea3n h\u1ed9p m\u1ef1c thay th\u1ebf, m\u1ed7i phi\u00ean b\u1ea3n c\u00f3 dung t\u00edch kh\u00e1c nhau.<br \/>\n\u2013 C\u1ea5u tr\u00fac nh\u1ecf g\u1ecdn: K\u00edch th\u01b0\u1edbc t\u1ed5ng th\u1ec3 t\u01b0\u01a1ng \u0111\u1ed1i nh\u1ecf, kh\u00f4ng chi\u1ebfm qu\u00e1 nhi\u1ec1u kh\u00f4ng gian, c\u00f3 th\u1ec3 th\u00edch \u1ee9ng v\u1edbi m\u00f4i tr\u01b0\u1eddng l\u1eafp \u0111\u1eb7t nh\u1ecf g\u1ecdn h\u01a1n, thu\u1eadn ti\u1ec7n s\u1eed d\u1ee5ng trong c\u00e1c lo\u1ea1i m\u00e1y m\u00f3c, thi\u1ebft b\u1ecb nh\u1ecf.<\/p>\n<h2>\u0110\u1eb7c \u0111i\u1ec3m k\u1ef9 thu\u1eadt<\/h2>\n<table>\n<tbody>\n<tr>\n<td>Ng\u01b0\u1eddi m\u1eabu<\/td>\n<td>J100-3D<\/td>\n<\/tr>\n<tr>\n<td>Th\u1eddi gian b\u00f4i tr\u01a1n<\/td>\n<td>PLC ho\u1eb7c b\u1ed9 \u0111i\u1ec1u khi\u1ec3n b\u00ean ngo\u00e0i<\/td>\n<\/tr>\n<tr>\n<td>Kho\u1ea3ng th\u1eddi gian<\/td>\n<td>PLC ho\u1eb7c b\u1ed9 \u0111i\u1ec1u khi\u1ec3n b\u00ean ngo\u00e0i<\/td>\n<\/tr>\n<tr>\n<td>Nhi\u1ec7t \u0111\u1ed9 ho\u1ea1t \u0111\u1ed9ng<\/td>\n<td>0\u2103~ +50\u00b0C (\u0110i\u1ec1u ki\u1ec7n nhi\u1ec7t \u0111\u1ed9 th\u1ea5p c\u1ea7n m\u1ee1 ch\u1ed1ng \u0111\u00f4ng)<\/td>\n<\/tr>\n<tr>\n<td>S\u1ed1 l\u01b0\u1ee3ng c\u1eeda h\u00e0ng<\/td>\n<td>1 ho\u1eb7c 2<\/td>\n<\/tr>\n<tr>\n<td>S\u1ee9c ch\u1ee9a h\u1ed3 ch\u1ee9a<\/td>\n<td>0,3L, 0,5L, 0,7L, 1,5L<\/td>\n<\/tr>\n<tr>\n<td>N\u1ea1p l\u1ea1i<\/td>\n<td>C\u1ed5ng n\u1ea1p\/c\u00f3 th\u1ec3 th\u00e1o r\u1eddi\/h\u1ed9p m\u1ef1c<\/td>\n<\/tr>\n<tr>\n<td>Ch\u1ea5t b\u00f4i tr\u01a1n<\/td>\n<td>NLGI 000#~2#<\/td>\n<\/tr>\n<tr>\n<td>Van gi\u1ea3m \u00e1p<\/td>\n<td>Kh\u00f4ng b\u1eaft bu\u1ed9c<\/td>\n<\/tr>\n<tr>\n<td>Ph\u00f3ng \u0111i\u1ec7n<\/td>\n<td>15 mL\/ph\u00fat<\/td>\n<\/tr>\n<tr>\n<td>\u00c1p su\u1ea5t v\u1eadn h\u00e0nh t\u1ed1i \u0111a<\/td>\n<td>8,0MPa<\/td>\n<\/tr>\n<tr>\n<td>Ch\u1ee7 \u0111\u1ec1 k\u1ebft n\u1ed1i<\/td>\n<td>\u0110\u1ea7u ra \u03a66<\/td>\n<\/tr>\n<tr>\n<td>\u0110i\u1ec7n \u00e1p ho\u1ea1t \u0111\u1ed9ng<\/td>\n<td>24VDC<\/td>\n<\/tr>\n<tr>\n<td>Ch\u1ee9ng nh\u1eadn<\/td>\n<td>Ti\u00eau chu\u1ea9n<\/td>\n<\/tr>\n<tr>\n<td>C\u00f4ng t\u1eafc m\u1ee9c th\u1ea5p<\/td>\n<td>Li\u00ean h\u1ec7 NC<\/td>\n<\/tr>\n<\/tbody>\n<\/table>\n<h2>\u0110\u01b0\u1eddng \u1ed1ng<\/h2>\n<p>V\u1ec1 v\u1eadt li\u1ec7u v\u00e0 th\u00f4ng s\u1ed1 k\u1ef9 thu\u1eadt c\u1ee7a \u1ed1ng, c\u1ea7n l\u1ef1a ch\u1ecdn \u1ed1ng ch\u1ed1ng d\u1ea7u, ch\u1ed1ng \u0103n m\u00f2n ph\u00f9 h\u1ee3p theo \u0111\u1eb7c t\u00ednh c\u1ee7a ch\u1ea5t b\u00f4i tr\u01a1n, \u00e1p su\u1ea5t h\u1ec7 th\u1ed1ng v\u00e0 m\u00f4i tr\u01b0\u1eddng.<br \/>\nV\u1ec7 sinh \u0111\u01b0\u1eddng \u1ed1ng r\u1ea5t quan tr\u1ecdng. Tr\u01b0\u1edbc khi l\u1eafp \u0111\u1eb7t, c\u1ea7n lo\u1ea1i b\u1ecf ho\u00e0n to\u00e0n t\u1ea1p ch\u1ea5t b\u1eb1ng c\u00e1ch th\u1ed5i kh\u00ed n\u00e9n v\u00e0 v\u1ec7 sinh h\u00f3a ch\u1ea5t \u0111\u1ec3 tr\u00e1nh v\u1eadt l\u1ea1 x\u00e2m nh\u1eadp v\u00e0o b\u01a1m b\u00f4i tr\u01a1n l\u00e0m h\u1ecfng c\u00e1c b\u1ed9 ph\u1eadn v\u00e0 l\u00e0m gi\u00e1n \u0111o\u1ea1n ho\u1ea1t \u0111\u1ed9ng, \u0111\u1ed3ng th\u1eddi \u0111\u1ea3m b\u1ea3o ch\u1ea5t b\u00f4i tr\u01a1n ch\u1ea3y tr\u01a1n tru v\u00e0 tinh khi\u1ebft.<br \/>\nKhi k\u1ebft n\u1ed1i, c\u1ea7n l\u1ef1a ch\u1ecdn ph\u1edbt c\u1ea9n th\u1eadn, si\u1ebft ch\u1eb7t bu l\u00f4ng, \u0111ai \u1ed1c theo m\u00f4 men quy \u0111\u1ecbnh \u0111\u1ec3 \u0111\u1ea3m b\u1ea3o \u0111\u1ed9 k\u00edn t\u1ed1t v\u00e0 ch\u1eafc ch\u1eafn, \u0111\u1ed3ng th\u1eddi th\u01b0\u1eddng xuy\u00ean ki\u1ec3m tra r\u00f2 r\u1ec9.<br \/>\nV\u1ec1 m\u1eb7t b\u1ed1 tr\u00ed, gi\u1ea3m s\u1ed1 l\u01b0\u1ee3ng \u1ed1ng, tr\u00e1nh u\u1ed1n cong v\u00e0 xo\u1eafn \u0111\u1ed9t ng\u1ed9t, \u0111\u1ea3m b\u1ea3o ch\u1ea5t b\u00f4i tr\u01a1n ch\u1ea3y tr\u01a1n tru, h\u1ed7 tr\u1ee3 v\u00e0 c\u1ed1 \u0111\u1ecbnh \u0111\u00fang c\u00e1ch, ng\u0103n ng\u1eeba rung \u0111\u1ed9ng d\u1ecbch chuy\u1ec3n.<br \/>\nCu\u1ed1i c\u00f9ng, x\u1ea3 sau khi l\u1eafp \u0111\u1eb7t. \u0110\u1eb7t van x\u1ea3 \u1edf \u0111i\u1ec3m cao, t\u1eeb t\u1eeb m\u1edf v\u00e0 x\u1ea3 kh\u00ed, \u0111\u1ee3i ch\u1ea5t b\u00f4i tr\u01a1n ch\u1ea3y ra m\u00e0 kh\u00f4ng c\u00f3 b\u1ecdt kh\u00ed \u0111\u1ec3 tr\u00e1nh t\u00ecnh tr\u1ea1ng b\u00f4i tr\u01a1n kh\u00f4ng \u0111\u1ec1u v\u00e0 b\u01a1m ch\u1ea1y kh\u00f4ng t\u1ea3i.<\/p>\n<h2>H\u01b0\u1edbng d\u1eabn s\u1eed d\u1ee5ng<\/h2>\n<div class=\"sdm_download_button_box_default\"><div class=\"sdm_download_link\"><a href=\"https:\/\/www.jinpinlub.com\/vi\/?sdm_process_download=1&download_id=3960\" class=\"sdm_download white\" title=\"Ri\u00eang t\u01b0: J100 Electric Grease Pump\" target=\"&quot;_blank&quot;\">Xem B\u1ea3ng d\u1eef li\u1ec7u - B\u01a1m m\u1ee1 J100<\/a><\/div><\/div>","protected":false},"excerpt":{"rendered":"<p>B\u01a1m b\u00f4i tr\u01a1n nh\u1ecf g\u1ecdn J100 \u0111\u00e1ng tin c\u1eady v\u00e0 b\u1ec1n b\u1ec9, c\u00f3 nhi\u1ec1u dung t\u00edch c\u00f3 th\u1ec3 th\u00edch \u1ee9ng v\u1edbi nhi\u1ec1u lo\u1ea1i ch\u1ea5t b\u00f4i tr\u01a1n kh\u00e1c nhau. D\u1ec5 d\u00e0ng v\u00e0 thu\u1eadn ti\u1ec7n \u0111\u1ec3 v\u1eadn h\u00e0nh v\u00e0 b\u1ea3o tr\u00ec, c\u00f3 th\u1ec3 \u0111i\u1ec1u khi\u1ec3n b\u1eb1ng PLC, cung c\u1ea5p c\u00e1c gi\u1ea3i ph\u00e1p hi\u1ec7u qu\u1ea3 cho ho\u1ea1t \u0111\u1ed9ng b\u00f4i tr\u01a1n.<\/p>","protected":false},"featured_media":3973,"template":"","meta":{"ocean_post_layout":"","ocean_both_sidebars_style":"","ocean_both_sidebars_content_width":0,"ocean_both_sidebars_sidebars_width":0,"ocean_sidebar":"0","ocean_second_sidebar":"0","ocean_disable_margins":"enable","ocean_add_body_class":"","ocean_shortcode_before_top_bar":"","ocean_shortcode_after_top_bar":"","ocean_shortcode_before_header":"","ocean_shortcode_after_header":"","ocean_has_shortcode":"","ocean_shortcode_after_title":"","ocean_shortcode_before_footer_widgets":"","ocean_shortcode_after_footer_widgets":"","ocean_shortcode_before_footer_bottom":"","ocean_shortcode_after_footer_bottom":"","ocean_display_top_bar":"default","ocean_display_header":"default","ocean_header_style":"","ocean_center_header_left_menu":"0","ocean_custom_header_template":"0","ocean_custom_logo":0,"ocean_custom_retina_logo":0,"ocean_custom_logo_max_width":0,"ocean_custom_logo_tablet_max_width":0,"ocean_custom_logo_mobile_max_width":0,"ocean_custom_logo_max_height":0,"ocean_custom_logo_tablet_max_height":0,"ocean_custom_logo_mobile_max_height":0,"ocean_header_custom_menu":"0","ocean_menu_typo_font_family":"0","ocean_menu_typo_font_subset":"","ocean_menu_typo_font_size":0,"ocean_menu_typo_font_size_tablet":0,"ocean_menu_typo_font_size_mobile":0,"ocean_menu_typo_font_size_unit":"px","ocean_menu_typo_font_weight":"","ocean_menu_typo_font_weight_tablet":"","ocean_menu_typo_font_weight_mobile":"","ocean_menu_typo_transform":"","ocean_menu_typo_transform_tablet":"","ocean_menu_typo_transform_mobile":"","ocean_menu_typo_line_height":0,"ocean_menu_typo_line_height_tablet":0,"ocean_menu_typo_line_height_mobile":0,"ocean_menu_typo_line_height_unit":"","ocean_menu_typo_spacing":0,"ocean_menu_typo_spacing_tablet":0,"ocean_menu_typo_spacing_mobile":0,"ocean_menu_typo_spacing_unit":"","ocean_menu_link_color":"","ocean_menu_link_color_hover":"","ocean_menu_link_color_active":"","ocean_menu_link_background":"","ocean_menu_link_hover_background":"","ocean_menu_link_active_background":"","ocean_menu_social_links_bg":"","ocean_menu_social_hover_links_bg":"","ocean_menu_social_links_color":"","ocean_menu_social_hover_links_color":"","ocean_disable_title":"default","ocean_disable_heading":"default","ocean_post_title":"","ocean_post_subheading":"","ocean_post_title_style":"","ocean_post_title_background_color":"","ocean_post_title_background":0,"ocean_post_title_bg_image_position":"","ocean_post_title_bg_image_attachment":"","ocean_post_title_bg_image_repeat":"","ocean_post_title_bg_image_size":"","ocean_post_title_height":0,"ocean_post_title_bg_overlay":0.5,"ocean_post_title_bg_overlay_color":"","ocean_disable_breadcrumbs":"default","ocean_breadcrumbs_color":"","ocean_breadcrumbs_separator_color":"","ocean_breadcrumbs_links_color":"","ocean_breadcrumbs_links_hover_color":"","ocean_display_footer_widgets":"default","ocean_display_footer_bottom":"default","ocean_custom_footer_template":"0","osh_disable_topbar_sticky":"default","osh_disable_header_sticky":"default","osh_sticky_header_style":"default","osh_sticky_header_effect":"","osh_custom_sticky_logo":0,"osh_custom_retina_sticky_logo":0,"osh_custom_sticky_logo_height":0,"osh_background_color":"","osh_links_color":"","osh_links_hover_color":"","osh_links_active_color":"","osh_links_bg_color":"","osh_links_hover_bg_color":"","osh_links_active_bg_color":"","osh_menu_social_links_color":"","osh_menu_social_hover_links_color":""},"product_brand":[],"product_cat":[42,41],"product_tag":[372,73,77,373,91],"class_list":{"0":"post-3972","1":"product","2":"type-product","3":"status-publish","4":"has-post-thumbnail","6":"product_cat-electric-progressive-pumps","7":"product_cat-progressive-grease-systems","8":"product_tag-compact-lubrication-pump","9":"product_tag-electric-lubrication-pump","10":"product_tag-grease-lubrication-pump","11":"product_tag-grease-lubricator","12":"product_tag-progressive-lubrication-pump","14":"entry","15":"has-media","17":"first","18":"instock","19":"shipping-taxable","20":"product-type-external","21":"col","22":"span_1_of_3","23":"owp-content-center","24":"owp-thumbs-layout-horizontal","25":"owp-btn-very-big","26":"owp-tabs-layout-horizontal"},"_links":{"self":[{"href":"https:\/\/www.jinpinlub.com\/vi\/wp-json\/wp\/v2\/product\/3972","targetHints":{"allow":["GET"]}}],"collection":[{"href":"https:\/\/www.jinpinlub.com\/vi\/wp-json\/wp\/v2\/product"}],"about":[{"href":"https:\/\/www.jinpinlub.com\/vi\/wp-json\/wp\/v2\/types\/product"}],"wp:featuredmedia":[{"embeddable":true,"href":"https:\/\/www.jinpinlub.com\/vi\/wp-json\/wp\/v2\/media\/3973"}],"wp:attachment":[{"href":"https:\/\/www.jinpinlub.com\/vi\/wp-json\/wp\/v2\/media?parent=3972"}],"wp:term":[{"taxonomy":"product_brand","embeddable":true,"href":"https:\/\/www.jinpinlub.com\/vi\/wp-json\/wp\/v2\/product_brand?post=3972"},{"taxonomy":"product_cat","embeddable":true,"href":"https:\/\/www.jinpinlub.com\/vi\/wp-json\/wp\/v2\/product_cat?post=3972"},{"taxonomy":"product_tag","embeddable":true,"href":"https:\/\/www.jinpinlub.com\/vi\/wp-json\/wp\/v2\/product_tag?post=3972"}],"curies":[{"name":"wp","href":"https:\/\/api.w.org\/{rel}","templated":true}]}}