{"id":3977,"date":"2024-12-11T17:28:20","date_gmt":"2024-12-11T09:28:20","guid":{"rendered":"https:\/\/www.jinpinlub.com\/?post_type=product&#038;p=3977"},"modified":"2024-12-11T18:11:05","modified_gmt":"2024-12-11T10:11:05","slug":"bom-boi-tron-mot-dong-j100-3d-co-giam-ap","status":"publish","type":"product","link":"https:\/\/www.jinpinlub.com\/vi\/product\/j100-3d-single-line-lubrication-pump-with-pressure-relief\/","title":{"rendered":"B\u01a1m b\u00f4i tr\u01a1n m\u1ed9t d\u00f2ng J100-3D c\u00f3 ch\u1ee9c n\u0103ng gi\u1ea3m \u00e1p"},"content":{"rendered":"<h2>\u0110\u1eb7c tr\u01b0ng<\/h2>\n<p>\u2013 B\u01a1m b\u00f4i tr\u01a1n J100 \u0111\u01b0\u1ee3c d\u1eabn \u0111\u1ed9ng b\u1edfi m\u1ed9t \u0111\u1ed9ng c\u01a1 \u0111\u1ec3 d\u1eabn \u0111\u1ed9ng b\u01a1m piston di chuy\u1ec3n qua l\u1ea1i \u0111\u1ec3 \u0111\u01b0a m\u1ee1 v\u00e0o \u0111\u1ea7u ra c\u1ee7a b\u01a1m, sau \u0111\u00f3 \u0111\u1ebfn \u0111i\u1ec3m b\u00f4i tr\u01a1n th\u00f4ng qua b\u1ed9 ph\u00e2n ph\u1ed1i \u00e1p su\u1ea5t. Khi \u0111\u1ea1t \u0111\u1ebfn \u00e1p su\u1ea5t c\u00e0i \u0111\u1eb7t tr\u01b0\u1edbc, \u0111\u1ed9ng c\u01a1 ng\u1eebng ho\u1ea1t \u0111\u1ed9ng v\u00e0 van gi\u1ea3m \u00e1p b\u1eaft \u0111\u1ea7u ho\u1ea1t \u0111\u1ed9ng theo \u0111\u00f3, gi\u1ea3i ph\u00f3ng \u00e1p su\u1ea5t trong h\u1ec7 th\u1ed1ng v\u00e0 m\u1ed9t chu tr\u00ecnh \u0111\u01b0\u1ee3c ho\u00e0n th\u00e0nh.<br \/>\n\u2013 B\u01a1m b\u00f4i tr\u01a1n c\u00f3 th\u1ec3 \u0111\u01b0\u1ee3c \u0111i\u1ec1u khi\u1ec3n b\u1eb1ng h\u1ec7 th\u1ed1ng \u0111i\u1ec1u khi\u1ec3n b\u00ean ngo\u00e0i, ch\u1ee7 y\u1ebfu c\u00e0i \u0111\u1eb7t t\u1ea7n su\u1ea5t b\u00f4i tr\u01a1n, th\u1eddi gian k\u1ebft n\u1ed1i v\u00e0 th\u1eddi gian ng\u1eaft qu\u00e3ng.<br \/>\n\u2013 \u00c1p su\u1ea5t h\u1ec7 th\u1ed1ng c\u00f3 th\u1ec3 \u0111\u01b0\u1ee3c theo d\u00f5i b\u1eb1ng c\u00f4ng t\u1eafc \u00e1p su\u1ea5t, th\u01b0\u1eddng \u0111\u01b0\u1ee3c l\u1eafp trong \u0111\u01b0\u1eddng \u1ed1ng d\u1ea7u c\u1ee7a b\u1ed9 ph\u00e2n ph\u1ed1i cu\u1ed1i c\u00f9ng. Khi c\u00f4ng t\u1eafc \u00e1p su\u1ea5t g\u1eedi t\u00edn hi\u1ec7u \u0111\u1ebfn b\u1ed9 \u0111i\u1ec1u khi\u1ec3n, t\u00edn hi\u1ec7u s\u1ebd d\u1eebng b\u01a1m.<br \/>\n\u2013 \u00c1p su\u1ea5t t\u1ed1i \u0111a c\u1ee7a b\u01a1m b\u00f4i tr\u01a1n J100 l\u00e0 8MPa, kho\u1ea3ng th\u1eddi gian b\u00f4i tr\u01a1n t\u1ed1i thi\u1ec3u l\u00e0 5 ph\u00fat, chi\u1ec1u d\u00e0i \u0111\u01b0\u1eddng \u1ed1ng ch\u00ednh l\u00e0 15 m\u00e9t, th\u00edch h\u1ee3p cho c\u00e1c thi\u1ebft b\u1ecb v\u1eeba v\u00e0 nh\u1ecf c\u00f3 t\u1edbi 100 \u0111i\u1ec3m b\u00f4i tr\u01a1n s\u1eed d\u1ee5ng trong nh\u00e0.<\/p>\n<h2>\u0110\u1eb7c \u0111i\u1ec3m k\u1ef9 thu\u1eadt<\/h2>\n<table>\n<tbody>\n<tr>\n<td>Ng\u01b0\u1eddi m\u1eabu<\/td>\n<td>J100-3D<\/td>\n<\/tr>\n<tr>\n<td>Th\u1eddi gian b\u00f4i tr\u01a1n<\/td>\n<td>PLC ho\u1eb7c b\u1ed9 \u0111i\u1ec1u khi\u1ec3n b\u00ean ngo\u00e0i<\/td>\n<\/tr>\n<tr>\n<td>Kho\u1ea3ng th\u1eddi gian<\/td>\n<td>PLC ho\u1eb7c b\u1ed9 \u0111i\u1ec1u khi\u1ec3n b\u00ean ngo\u00e0i<\/td>\n<\/tr>\n<tr>\n<td>Nhi\u1ec7t \u0111\u1ed9 ho\u1ea1t \u0111\u1ed9ng<\/td>\n<td>0\u2103~ +50\u00b0C (\u0110i\u1ec1u ki\u1ec7n nhi\u1ec7t \u0111\u1ed9 th\u1ea5p c\u1ea7n m\u1ee1 ch\u1ed1ng \u0111\u00f4ng)<\/td>\n<\/tr>\n<tr>\n<td>S\u1ed1 l\u01b0\u1ee3ng c\u1eeda h\u00e0ng<\/td>\n<td>1 ho\u1eb7c 2<\/td>\n<\/tr>\n<tr>\n<td>S\u1ee9c ch\u1ee9a h\u1ed3 ch\u1ee9a<\/td>\n<td>0,3L, 0,5L, 0,7L, 1,5L<\/td>\n<\/tr>\n<tr>\n<td>N\u1ea1p l\u1ea1i<\/td>\n<td>C\u1ed5ng n\u1ea1p\/c\u00f3 th\u1ec3 th\u00e1o r\u1eddi\/h\u1ed9p m\u1ef1c<\/td>\n<\/tr>\n<tr>\n<td>Ch\u1ea5t b\u00f4i tr\u01a1n<\/td>\n<td>NLGI 000#~2#<\/td>\n<\/tr>\n<tr>\n<td>Van gi\u1ea3m \u00e1p<\/td>\n<td>Kh\u00f4ng b\u1eaft bu\u1ed9c<\/td>\n<\/tr>\n<tr>\n<td>Ph\u00f3ng \u0111i\u1ec7n<\/td>\n<td>15 mL\/ph\u00fat<\/td>\n<\/tr>\n<tr>\n<td>\u00c1p su\u1ea5t v\u1eadn h\u00e0nh t\u1ed1i \u0111a<\/td>\n<td>8,0MPa<\/td>\n<\/tr>\n<tr>\n<td>Ch\u1ee7 \u0111\u1ec1 k\u1ebft n\u1ed1i<\/td>\n<td>\u0110\u1ea7u ra \u03a66<\/td>\n<\/tr>\n<tr>\n<td>\u0110i\u1ec7n \u00e1p ho\u1ea1t \u0111\u1ed9ng<\/td>\n<td>24VDC<\/td>\n<\/tr>\n<tr>\n<td>Ch\u1ee9ng nh\u1eadn<\/td>\n<td>Ti\u00eau chu\u1ea9n<\/td>\n<\/tr>\n<tr>\n<td>C\u00f4ng t\u1eafc m\u1ee9c th\u1ea5p<\/td>\n<td>Li\u00ean h\u1ec7 NC<\/td>\n<\/tr>\n<\/tbody>\n<\/table>\n<h2>L\u1eafp r\u00e1p<\/h2>\n<p>\u2013 C\u1ed1 \u0111\u1ecbnh b\u01a1m b\u00f4i tr\u01a1n tr\u00ean b\u1ec1 m\u1eb7t th\u1eb3ng \u0111\u1ee9ng v\u00e0 ph\u1eb3ng c\u00f3 th\u1ec3 ch\u1ecbu \u0111\u01b0\u1ee3c to\u00e0n b\u1ed9 tr\u1ecdng l\u01b0\u1ee3ng c\u1ee7a b\u01a1m.<br \/>\n\u2013 L\u1eafp v\u00e0 c\u1ed1 \u0111\u1ecbnh b\u01a1m b\u00f4i tr\u01a1n b\u1eb1ng 6 bu l\u00f4ng M8 qua l\u1ed7 \u03c69.<br \/>\n\u2013 N\u00ean s\u1eed d\u1ee5ng keo ch\u1ed1ng rung khi b\u01a1m b\u00f4i tr\u01a1n ch\u1ecbu t\u00e1c \u0111\u1ed9ng rung \u0111\u1ed9ng.<br \/>\n\u2013 L\u1eafp \u0111\u1eb7t b\u01a1m b\u00f4i tr\u01a1n \u1edf v\u1ecb tr\u00ed c\u00e1ch xa n\u01b0\u1edbc, d\u1ea7u, v\u1ee5n v\u00e0 b\u1ee5i.<br \/>\n\u2013 \u0110\u1ed9 rung t\u1ea1i v\u1ecb tr\u00ed l\u1eafp \u0111\u1eb7t c\u1ea7n \u0111\u1ea1t 9G (88m\/s2) ho\u1eb7c nh\u1ecf h\u01a1n.<br \/>\n\u2013 V\u1ec1 k\u1ebft n\u1ed1i \u0111i\u1ec7n c\u1ee7a c\u1ee5m b\u01a1m b\u00f4i tr\u01a1n, h\u00e3y \u0111\u1ea3m b\u1ea3o th\u1ef1c hi\u1ec7n c\u00e1c bi\u1ec7n ph\u00e1p th\u00edch h\u1ee3p \u0111\u1ec3 ng\u0103n ng\u1eeba nhi\u1ec5u gi\u1eefa c\u00e1c t\u00edn hi\u1ec7u do \u0111\u1ed9 t\u1ef1 c\u1ea3m, \u0111i\u1ec7n dung ho\u1eb7c gh\u00e9p \u0111i\u1ec7n t\u1eeb. M\u1eb7c d\u00f9 c\u00e1c d\u00e2y c\u00e1p \u0111\u01b0\u1ee3c \u0111\u1eb7t ri\u00eang bi\u1ec7t, h\u00e3y s\u1eed d\u1ee5ng c\u00e1p ch\u1ed1ng nhi\u1ec5u \u1edf nh\u1eefng n\u01a1i m\u00e0 tr\u01b0\u1eddng nhi\u1ec5u \u0111i\u1ec7n c\u00f3 th\u1ec3 l\u00e0m m\u00e9o t\u00edn hi\u1ec7u truy\u1ec1n.<\/p>\n<h2>H\u01b0\u1edbng d\u1eabn s\u1eed d\u1ee5ng<\/h2>\n<div class=\"sdm_download_button_box_default\"><div class=\"sdm_download_link\"><a href=\"https:\/\/www.jinpinlub.com\/vi\/?sdm_process_download=1&download_id=3960\" class=\"sdm_download white\" title=\"Ri\u00eang t\u01b0: J100 Electric Grease Pump\" target=\"&quot;_blank&quot;\">Xem B\u1ea3ng d\u1eef li\u1ec7u - B\u01a1m m\u1ee1 J100<\/a><\/div><\/div>","protected":false},"excerpt":{"rendered":"<p>B\u01a1m b\u00f4i tr\u01a1n J100 c\u00f3 hi\u1ec7u su\u1ea5t cao v\u00e0 d\u1ec5 v\u1eadn h\u00e0nh. \u0110\u01b0\u1ee3c thi\u1ebft k\u1ebf cho m\u00e1y m\u00f3c v\u1eeba v\u00e0 nh\u1ecf. C\u00f3 nhi\u1ec1u c\u00f4ng su\u1ea5t v\u00e0 nhi\u1ec1u c\u00e1ch n\u1ea1p l\u1ea1i. C\u00f3 th\u1ec3 t\u1ea1o th\u00e0nh h\u1ec7 th\u1ed1ng b\u00f4i tr\u01a1n t\u1eadp trung m\u1ed9t d\u00f2ng v\u00e0 h\u1ec7 th\u1ed1ng b\u00f4i tr\u01a1n ti\u1ebfn b\u1ed9.<\/p>","protected":false},"featured_media":3978,"template":"","meta":{"ocean_post_layout":"","ocean_both_sidebars_style":"","ocean_both_sidebars_content_width":0,"ocean_both_sidebars_sidebars_width":0,"ocean_sidebar":"0","ocean_second_sidebar":"0","ocean_disable_margins":"enable","ocean_add_body_class":"","ocean_shortcode_before_top_bar":"","ocean_shortcode_after_top_bar":"","ocean_shortcode_before_header":"","ocean_shortcode_after_header":"","ocean_has_shortcode":"","ocean_shortcode_after_title":"","ocean_shortcode_before_footer_widgets":"","ocean_shortcode_after_footer_widgets":"","ocean_shortcode_before_footer_bottom":"","ocean_shortcode_after_footer_bottom":"","ocean_display_top_bar":"default","ocean_display_header":"default","ocean_header_style":"","ocean_center_header_left_menu":"0","ocean_custom_header_template":"0","ocean_custom_logo":0,"ocean_custom_retina_logo":0,"ocean_custom_logo_max_width":0,"ocean_custom_logo_tablet_max_width":0,"ocean_custom_logo_mobile_max_width":0,"ocean_custom_logo_max_height":0,"ocean_custom_logo_tablet_max_height":0,"ocean_custom_logo_mobile_max_height":0,"ocean_header_custom_menu":"0","ocean_menu_typo_font_family":"0","ocean_menu_typo_font_subset":"","ocean_menu_typo_font_size":0,"ocean_menu_typo_font_size_tablet":0,"ocean_menu_typo_font_size_mobile":0,"ocean_menu_typo_font_size_unit":"px","ocean_menu_typo_font_weight":"","ocean_menu_typo_font_weight_tablet":"","ocean_menu_typo_font_weight_mobile":"","ocean_menu_typo_transform":"","ocean_menu_typo_transform_tablet":"","ocean_menu_typo_transform_mobile":"","ocean_menu_typo_line_height":0,"ocean_menu_typo_line_height_tablet":0,"ocean_menu_typo_line_height_mobile":0,"ocean_menu_typo_line_height_unit":"","ocean_menu_typo_spacing":0,"ocean_menu_typo_spacing_tablet":0,"ocean_menu_typo_spacing_mobile":0,"ocean_menu_typo_spacing_unit":"","ocean_menu_link_color":"","ocean_menu_link_color_hover":"","ocean_menu_link_color_active":"","ocean_menu_link_background":"","ocean_menu_link_hover_background":"","ocean_menu_link_active_background":"","ocean_menu_social_links_bg":"","ocean_menu_social_hover_links_bg":"","ocean_menu_social_links_color":"","ocean_menu_social_hover_links_color":"","ocean_disable_title":"default","ocean_disable_heading":"default","ocean_post_title":"","ocean_post_subheading":"","ocean_post_title_style":"","ocean_post_title_background_color":"","ocean_post_title_background":0,"ocean_post_title_bg_image_position":"","ocean_post_title_bg_image_attachment":"","ocean_post_title_bg_image_repeat":"","ocean_post_title_bg_image_size":"","ocean_post_title_height":0,"ocean_post_title_bg_overlay":0.5,"ocean_post_title_bg_overlay_color":"","ocean_disable_breadcrumbs":"default","ocean_breadcrumbs_color":"","ocean_breadcrumbs_separator_color":"","ocean_breadcrumbs_links_color":"","ocean_breadcrumbs_links_hover_color":"","ocean_display_footer_widgets":"default","ocean_display_footer_bottom":"default","ocean_custom_footer_template":"0","osh_disable_topbar_sticky":"default","osh_disable_header_sticky":"default","osh_sticky_header_style":"default","osh_sticky_header_effect":"","osh_custom_sticky_logo":0,"osh_custom_retina_sticky_logo":0,"osh_custom_sticky_logo_height":0,"osh_background_color":"","osh_links_color":"","osh_links_hover_color":"","osh_links_active_color":"","osh_links_bg_color":"","osh_links_hover_bg_color":"","osh_links_active_bg_color":"","osh_menu_social_links_color":"","osh_menu_social_hover_links_color":""},"product_brand":[],"product_cat":[38,37],"product_tag":[372,73,77,373,92],"class_list":{"0":"post-3977","1":"product","2":"type-product","3":"status-publish","4":"has-post-thumbnail","6":"product_cat-electric-pressure-relief-pumps","7":"product_cat-single-line-grease-systems","8":"product_tag-compact-lubrication-pump","9":"product_tag-electric-lubrication-pump","10":"product_tag-grease-lubrication-pump","11":"product_tag-grease-lubricator","12":"product_tag-single-line-lubrication-pump","14":"entry","15":"has-media","17":"first","18":"instock","19":"shipping-taxable","20":"product-type-external","21":"col","22":"span_1_of_3","23":"owp-content-center","24":"owp-thumbs-layout-horizontal","25":"owp-btn-very-big","26":"owp-tabs-layout-horizontal"},"_links":{"self":[{"href":"https:\/\/www.jinpinlub.com\/vi\/wp-json\/wp\/v2\/product\/3977","targetHints":{"allow":["GET"]}}],"collection":[{"href":"https:\/\/www.jinpinlub.com\/vi\/wp-json\/wp\/v2\/product"}],"about":[{"href":"https:\/\/www.jinpinlub.com\/vi\/wp-json\/wp\/v2\/types\/product"}],"wp:featuredmedia":[{"embeddable":true,"href":"https:\/\/www.jinpinlub.com\/vi\/wp-json\/wp\/v2\/media\/3978"}],"wp:attachment":[{"href":"https:\/\/www.jinpinlub.com\/vi\/wp-json\/wp\/v2\/media?parent=3977"}],"wp:term":[{"taxonomy":"product_brand","embeddable":true,"href":"https:\/\/www.jinpinlub.com\/vi\/wp-json\/wp\/v2\/product_brand?post=3977"},{"taxonomy":"product_cat","embeddable":true,"href":"https:\/\/www.jinpinlub.com\/vi\/wp-json\/wp\/v2\/product_cat?post=3977"},{"taxonomy":"product_tag","embeddable":true,"href":"https:\/\/www.jinpinlub.com\/vi\/wp-json\/wp\/v2\/product_tag?post=3977"}],"curies":[{"name":"wp","href":"https:\/\/api.w.org\/{rel}","templated":true}]}}