{"id":3982,"date":"2024-12-12T00:54:08","date_gmt":"2024-12-11T16:54:08","guid":{"rendered":"https:\/\/www.jinpinlub.com\/?post_type=product&#038;p=3982"},"modified":"2024-12-12T01:58:51","modified_gmt":"2024-12-11T17:58:51","slug":"may-bom-mo-boi-tron-chay-bang-dien-j100-3r-300ml","status":"publish","type":"product","link":"https:\/\/www.jinpinlub.com\/vi\/product\/j100-3r-300ml-electrically-driven-grease-lubrication-pump\/","title":{"rendered":"M\u00e1y b\u01a1m m\u1ee1 b\u00f4i tr\u01a1n ch\u1ea1y b\u1eb1ng \u0111i\u1ec7n J100-3R 300ml"},"content":{"rendered":"<h2>\u0110\u1eb7c tr\u01b0ng<\/h2>\n<p>\u2013 M\u1ee5c \u0111\u00edch s\u1eed d\u1ee5ng: B\u01a1m b\u00f4i tr\u01a1n J100 d\u00f9ng \u0111\u1ec3 b\u00f4i tr\u01a1n \u1ed5 tr\u1ee5c v\u00e0 thanh d\u1eabn h\u01b0\u1edbng tuy\u1ebfn t\u00ednh trong c\u00e1c m\u00e1y m\u00f3c nh\u1ecf, th\u00edch h\u1ee3p l\u00e0m vi\u1ec7c v\u1edbi c\u1ea3 d\u1ea7u v\u00e0 m\u1ee1 l\u1ecfng.<br \/>\n\u2013 Ch\u1ee9c n\u0103ng gi\u1ea3m \u00e1p t\u00edch h\u1ee3p: Ch\u1ee9c n\u0103ng gi\u1ea3m \u00e1p t\u00edch h\u1ee3p v\u00e0o b\u01a1m gi\u00fap b\u01a1m b\u00f4i tr\u01a1n J100 \u0111\u00e1p \u1ee9ng m\u1ecdi y\u00eau c\u1ea7u c\u1ee7a b\u1ea5t k\u1ef3 h\u1ec7 th\u1ed1ng b\u01a1m b\u00f4i tr\u01a1n m\u1ed9t d\u00f2ng n\u00e0o.<br \/>\n\u2013 Y\u00eau c\u1ea7u v\u1ec1 ngu\u1ed3n \u0111i\u1ec7n: Ho\u1ea1t \u0111\u1ed9ng b\u1eb1ng ngu\u1ed3n \u0111i\u1ec7n 24V DC. C\u00f3 th\u1ec3 \u0111i\u1ec1u khi\u1ec3n t\u1eeb PLC c\u00f3 th\u1ec3 l\u1eadp tr\u00ecnh c\u1ee7a m\u00e1y.<br \/>\n\u2013 Theo d\u00f5i m\u1ee9c: C\u00f3 th\u1ec3 s\u1eed d\u1ee5ng v\u1edbi c\u00f4ng t\u1eafc m\u1ee9c t\u00f9y ch\u1ecdn \u0111\u1ec3 theo d\u00f5i m\u1ee9c c\u1ee7a b\u00ecnh d\u1ea7u ho\u1eb7c h\u1ed9p m\u1ef1c m\u1ee1.<br \/>\n\u2013 Kh\u1ea3 n\u0103ng t\u01b0\u01a1ng th\u00edch: B\u01a1m b\u00f4i tr\u01a1n J100 t\u01b0\u01a1ng th\u00edch v\u1edbi c\u00e1c lo\u1ea1i m\u1ee1 b\u00f4i tr\u01a1n d\u1ea1ng l\u1ecfng NLGI 000 v\u00e0 1#.<br \/>\n\u2013 Thi\u1ebft k\u1ebf \u0111\u1ea7u ra: B\u01a1m b\u00f4i tr\u01a1n J100 c\u00f3 2 \u0111\u1ea7u ra v\u00e0 c\u00f3 th\u1ec3 c\u1ea5p 2 \u0111\u01b0\u1eddng b\u00f4i tr\u01a1n c\u00f9ng l\u00fac.<br \/>\n\u2013 Nhi\u1ec1u dung t\u00edch: C\u00f3 s\u1eb5n b\u00ecnh ch\u1ee9a ch\u1ea5t b\u00f4i tr\u01a1n c\u00f3 th\u1ec3 n\u1ea1p l\u1ea1i t\u1eeb 0,3 \u0111\u1ebfn 1,5L ho\u1eb7c h\u1ed9p m\u1ef1c b\u00f4i tr\u01a1n ti\u00eau chu\u1ea9n d\u1ec5 thay th\u1ebf 0,3 v\u00e0 0,7L.<\/p>\n<h2>\u0110\u1eb7c \u0111i\u1ec3m k\u1ef9 thu\u1eadt<\/h2>\n<table>\n<tbody>\n<tr>\n<td>Ng\u01b0\u1eddi m\u1eabu<\/td>\n<td>J100-3R<\/td>\n<\/tr>\n<tr>\n<td>Th\u1eddi gian b\u00f4i tr\u01a1n<\/td>\n<td>PLC ho\u1eb7c b\u1ed9 \u0111i\u1ec1u khi\u1ec3n b\u00ean ngo\u00e0i<\/td>\n<\/tr>\n<tr>\n<td>Kho\u1ea3ng th\u1eddi gian<\/td>\n<td>PLC ho\u1eb7c b\u1ed9 \u0111i\u1ec1u khi\u1ec3n b\u00ean ngo\u00e0i<\/td>\n<\/tr>\n<tr>\n<td>Nhi\u1ec7t \u0111\u1ed9 ho\u1ea1t \u0111\u1ed9ng<\/td>\n<td>0\u2103~ +50\u00b0C (\u0110i\u1ec1u ki\u1ec7n nhi\u1ec7t \u0111\u1ed9 th\u1ea5p c\u1ea7n m\u1ee1 ch\u1ed1ng \u0111\u00f4ng)<\/td>\n<\/tr>\n<tr>\n<td>S\u1ed1 l\u01b0\u1ee3ng c\u1eeda h\u00e0ng<\/td>\n<td>1 ho\u1eb7c 2<\/td>\n<\/tr>\n<tr>\n<td>S\u1ee9c ch\u1ee9a h\u1ed3 ch\u1ee9a<\/td>\n<td>0,3L, 0,5L, 0,7L, 1,5L<\/td>\n<\/tr>\n<tr>\n<td>N\u1ea1p l\u1ea1i<\/td>\n<td>C\u1ed5ng n\u1ea1p\/c\u00f3 th\u1ec3 th\u00e1o r\u1eddi\/h\u1ed9p m\u1ef1c<\/td>\n<\/tr>\n<tr>\n<td>Ch\u1ea5t b\u00f4i tr\u01a1n<\/td>\n<td>NLGI 000#~2#<\/td>\n<\/tr>\n<tr>\n<td>Van gi\u1ea3m \u00e1p<\/td>\n<td>Kh\u00f4ng b\u1eaft bu\u1ed9c<\/td>\n<\/tr>\n<tr>\n<td>Ph\u00f3ng \u0111i\u1ec7n<\/td>\n<td>15 mL\/ph\u00fat<\/td>\n<\/tr>\n<tr>\n<td>\u00c1p su\u1ea5t v\u1eadn h\u00e0nh t\u1ed1i \u0111a<\/td>\n<td>8,0MPa<\/td>\n<\/tr>\n<tr>\n<td>Ch\u1ee7 \u0111\u1ec1 k\u1ebft n\u1ed1i<\/td>\n<td>\u0110\u1ea7u ra \u03a66<\/td>\n<\/tr>\n<tr>\n<td>\u0110i\u1ec7n \u00e1p ho\u1ea1t \u0111\u1ed9ng<\/td>\n<td>24VDC<\/td>\n<\/tr>\n<tr>\n<td>Ch\u1ee9ng nh\u1eadn<\/td>\n<td>Ti\u00eau chu\u1ea9n<\/td>\n<\/tr>\n<tr>\n<td>C\u00f4ng t\u1eafc m\u1ee9c th\u1ea5p<\/td>\n<td>Li\u00ean h\u1ec7 NC<\/td>\n<\/tr>\n<\/tbody>\n<\/table>\n<h2>\u1ee8ng d\u1ee5ng<\/h2>\n<p><span id=\"input-sentence~0\">\u2013 Ng\u00e0nh c\u00f4ng nghi\u1ec7p m\u00e1y c\u00f4ng c\u1ee5: J100 \u0111\u01b0\u1ee3c \u1ee9ng d\u1ee5ng \u0111\u1ec3 b\u00f4i tr\u01a1n c\u00e1c \u1ed5 tr\u1ee5c v\u00e0 thanh d\u1eabn h\u01b0\u1edbng tuy\u1ebfn t\u00ednh b\u00ean trong m\u00e1y c\u00f4ng c\u1ee5 nh\u1eb1m gi\u1ea3m m\u00e0i m\u00f2n v\u00e0 k\u00e9o d\u00e0i tu\u1ed5i th\u1ecd c\u1ee7a thi\u1ebft b\u1ecb.<br \/>\n\u2013 D\u00e2y chuy\u1ec1n s\u1ea3n xu\u1ea5t bao b\u00ec: Trong m\u00e1y \u0111\u00f3ng g\u00f3i, J100 \u0111\u1ea3m b\u1ea3o b\u00f4i tr\u01a1n t\u1ed1t c\u00e1c \u1ed5 tr\u1ee5c v\u00e0 b\u1ed9 ph\u1eadn chuy\u1ec3n \u0111\u1ed9ng gi\u00fap n\u00e2ng cao hi\u1ec7u qu\u1ea3 s\u1ea3n xu\u1ea5t.<\/span><span id=\"input-sentence~1\"><br \/>\n\u2013 Thi\u1ebft b\u1ecb t\u1ef1 \u0111\u1ed9ng h\u00f3a: Trong tr\u01b0\u1eddng h\u1ee3p y\u00eau c\u1ea7u ki\u1ec3m so\u00e1t ch\u00ednh x\u00e1c \u0111\u1ec3 b\u00f4i tr\u01a1n, b\u01a1m b\u00f4i tr\u01a1n J100 c\u00f3 th\u1ec3 \u0111\u1ea3m b\u1ea3o \u0111\u1ed9 tin c\u1eady c\u1ee7a thi\u1ebft b\u1ecb v\u1eadn h\u00e0nh trong d\u00e2y chuy\u1ec1n s\u1ea3n xu\u1ea5t t\u1ef1 \u0111\u1ed9ng h\u00f3a ho\u1eb7c kh\u1edbp n\u1ed1i robot.<br \/>\n\u2013 Th\u1ef1c ph\u1ea9m v\u00e0 \u0111\u1ed3 u\u1ed1ng: M\u1ed9t s\u1ed1 thi\u1ebft b\u1ecb ch\u1ebf bi\u1ebfn th\u1ef1c ph\u1ea9m v\u00e0 \u0111\u1ed3 u\u1ed1ng y\u00eau c\u1ea7u lo\u1ea1i d\u1ea7u b\u00f4i tr\u01a1n ho\u1eb7c m\u1ee1 \u0111\u1eb7c bi\u1ec7t m\u00e0 d\u00f2ng J100 c\u00f3 th\u1ec3 d\u1ec5 d\u00e0ng th\u00edch \u1ee9ng.<\/span><\/p>\n<h2>H\u01b0\u1edbng d\u1eabn s\u1eed d\u1ee5ng<\/h2>\n<div class=\"sdm_download_button_box_default\"><div class=\"sdm_download_link\"><a href=\"https:\/\/www.jinpinlub.com\/vi\/?sdm_process_download=1&download_id=3960\" class=\"sdm_download white\" title=\"Ri\u00eang t\u01b0: J100 Electric Grease Pump\" target=\"&quot;_blank&quot;\">Xem B\u1ea3ng d\u1eef li\u1ec7u - B\u01a1m m\u1ee1 J100<\/a><\/div><\/div>","protected":false},"excerpt":{"rendered":"<p>J100-3R l\u00e0 b\u01a1m \u0111i\u1ec7n d\u00f9ng \u0111\u1ec3 b\u00f4i tr\u01a1n \u1ed5 tr\u1ee5c v\u00e0 \u0111\u01b0\u1eddng d\u1eabn h\u01b0\u1edbng c\u1ee7a c\u00e1c m\u00e1y m\u00f3c nh\u1ecf, c\u00f3 ch\u1ee9c n\u0103ng gi\u1ea3m \u00e1p t\u00edch h\u1ee3p, \u0111\u01b0\u1ee3c trang b\u1ecb c\u00f4ng t\u1eafc chu tr\u00ecnh b\u00f4i tr\u01a1n b\u1ed5 sung th\u1ee7 c\u00f4ng v\u00e0 t\u00f9y ch\u1ecdn theo d\u00f5i m\u1ee9c \u0111\u1ed9, c\u00f3 2 \u0111\u1ea7u ra \u0111\u1ec3 ph\u1ee5c v\u1ee5 \u0111\u1ed3ng th\u1eddi hai \u0111\u01b0\u1eddng b\u00f4i tr\u01a1n.<\/p>","protected":false},"featured_media":3983,"template":"","meta":{"ocean_post_layout":"","ocean_both_sidebars_style":"","ocean_both_sidebars_content_width":0,"ocean_both_sidebars_sidebars_width":0,"ocean_sidebar":"0","ocean_second_sidebar":"0","ocean_disable_margins":"enable","ocean_add_body_class":"","ocean_shortcode_before_top_bar":"","ocean_shortcode_after_top_bar":"","ocean_shortcode_before_header":"","ocean_shortcode_after_header":"","ocean_has_shortcode":"","ocean_shortcode_after_title":"","ocean_shortcode_before_footer_widgets":"","ocean_shortcode_after_footer_widgets":"","ocean_shortcode_before_footer_bottom":"","ocean_shortcode_after_footer_bottom":"","ocean_display_top_bar":"default","ocean_display_header":"default","ocean_header_style":"","ocean_center_header_left_menu":"0","ocean_custom_header_template":"0","ocean_custom_logo":0,"ocean_custom_retina_logo":0,"ocean_custom_logo_max_width":0,"ocean_custom_logo_tablet_max_width":0,"ocean_custom_logo_mobile_max_width":0,"ocean_custom_logo_max_height":0,"ocean_custom_logo_tablet_max_height":0,"ocean_custom_logo_mobile_max_height":0,"ocean_header_custom_menu":"0","ocean_menu_typo_font_family":"0","ocean_menu_typo_font_subset":"","ocean_menu_typo_font_size":0,"ocean_menu_typo_font_size_tablet":0,"ocean_menu_typo_font_size_mobile":0,"ocean_menu_typo_font_size_unit":"px","ocean_menu_typo_font_weight":"","ocean_menu_typo_font_weight_tablet":"","ocean_menu_typo_font_weight_mobile":"","ocean_menu_typo_transform":"","ocean_menu_typo_transform_tablet":"","ocean_menu_typo_transform_mobile":"","ocean_menu_typo_line_height":0,"ocean_menu_typo_line_height_tablet":0,"ocean_menu_typo_line_height_mobile":0,"ocean_menu_typo_line_height_unit":"","ocean_menu_typo_spacing":0,"ocean_menu_typo_spacing_tablet":0,"ocean_menu_typo_spacing_mobile":0,"ocean_menu_typo_spacing_unit":"","ocean_menu_link_color":"","ocean_menu_link_color_hover":"","ocean_menu_link_color_active":"","ocean_menu_link_background":"","ocean_menu_link_hover_background":"","ocean_menu_link_active_background":"","ocean_menu_social_links_bg":"","ocean_menu_social_hover_links_bg":"","ocean_menu_social_links_color":"","ocean_menu_social_hover_links_color":"","ocean_disable_title":"default","ocean_disable_heading":"default","ocean_post_title":"","ocean_post_subheading":"","ocean_post_title_style":"","ocean_post_title_background_color":"","ocean_post_title_background":0,"ocean_post_title_bg_image_position":"","ocean_post_title_bg_image_attachment":"","ocean_post_title_bg_image_repeat":"","ocean_post_title_bg_image_size":"","ocean_post_title_height":0,"ocean_post_title_bg_overlay":0.5,"ocean_post_title_bg_overlay_color":"","ocean_disable_breadcrumbs":"default","ocean_breadcrumbs_color":"","ocean_breadcrumbs_separator_color":"","ocean_breadcrumbs_links_color":"","ocean_breadcrumbs_links_hover_color":"","ocean_display_footer_widgets":"default","ocean_display_footer_bottom":"default","ocean_custom_footer_template":"0","osh_disable_topbar_sticky":"default","osh_disable_header_sticky":"default","osh_sticky_header_style":"default","osh_sticky_header_effect":"","osh_custom_sticky_logo":0,"osh_custom_retina_sticky_logo":0,"osh_custom_sticky_logo_height":0,"osh_background_color":"","osh_links_color":"","osh_links_hover_color":"","osh_links_active_color":"","osh_links_bg_color":"","osh_links_hover_bg_color":"","osh_links_active_bg_color":"","osh_menu_social_links_color":"","osh_menu_social_hover_links_color":""},"product_brand":[],"product_cat":[42,41],"product_tag":[190,185,73,374,375],"class_list":{"0":"post-3982","1":"product","2":"type-product","3":"status-publish","4":"has-post-thumbnail","6":"product_cat-electric-progressive-pumps","7":"product_cat-progressive-grease-systems","8":"product_tag-bearing-lubrication-pump","9":"product_tag-electric-grease-pump","10":"product_tag-electric-lubrication-pump","11":"product_tag-guideway-lubrication-pump","12":"product_tag-lubrication-pump-unit","14":"entry","15":"has-media","17":"first","18":"instock","19":"shipping-taxable","20":"product-type-external","21":"col","22":"span_1_of_3","23":"owp-content-center","24":"owp-thumbs-layout-horizontal","25":"owp-btn-very-big","26":"owp-tabs-layout-horizontal"},"_links":{"self":[{"href":"https:\/\/www.jinpinlub.com\/vi\/wp-json\/wp\/v2\/product\/3982","targetHints":{"allow":["GET"]}}],"collection":[{"href":"https:\/\/www.jinpinlub.com\/vi\/wp-json\/wp\/v2\/product"}],"about":[{"href":"https:\/\/www.jinpinlub.com\/vi\/wp-json\/wp\/v2\/types\/product"}],"wp:featuredmedia":[{"embeddable":true,"href":"https:\/\/www.jinpinlub.com\/vi\/wp-json\/wp\/v2\/media\/3983"}],"wp:attachment":[{"href":"https:\/\/www.jinpinlub.com\/vi\/wp-json\/wp\/v2\/media?parent=3982"}],"wp:term":[{"taxonomy":"product_brand","embeddable":true,"href":"https:\/\/www.jinpinlub.com\/vi\/wp-json\/wp\/v2\/product_brand?post=3982"},{"taxonomy":"product_cat","embeddable":true,"href":"https:\/\/www.jinpinlub.com\/vi\/wp-json\/wp\/v2\/product_cat?post=3982"},{"taxonomy":"product_tag","embeddable":true,"href":"https:\/\/www.jinpinlub.com\/vi\/wp-json\/wp\/v2\/product_tag?post=3982"}],"curies":[{"name":"wp","href":"https:\/\/api.w.org\/{rel}","templated":true}]}}