{"id":3987,"date":"2024-12-12T03:02:06","date_gmt":"2024-12-11T19:02:06","guid":{"rendered":"https:\/\/www.jinpinlub.com\/?post_type=product&#038;p=3987"},"modified":"2024-12-12T03:23:01","modified_gmt":"2024-12-11T19:23:01","slug":"bom-piston-boi-tron-trung-tam-co-the-thao-roi-j100-5d-24v","status":"publish","type":"product","link":"https:\/\/www.jinpinlub.com\/vi\/product\/j100-5d-24v-detachable-centralized-lubrication-piston-pump\/","title":{"rendered":"B\u01a1m piston b\u00f4i tr\u01a1n trung t\u00e2m c\u00f3 th\u1ec3 th\u00e1o r\u1eddi J100-5D 24V"},"content":{"rendered":"<h2>\u0110\u1eb7c tr\u01b0ng<\/h2>\n<p>\u2013 Chi\u1ec1u d\u00e0i t\u1ed1i \u0111a c\u1ee7a \u0111\u01b0\u1eddng \u1ed1ng b\u00f4i tr\u01a1n c\u1ee7a h\u1ec7 th\u1ed1ng b\u00f4i tr\u01a1n t\u1eadp trung ti\u1ebfn b\u1ed9 d\u00f2ng J100 c\u00f3 th\u1ec3 \u0111\u1ea1t t\u1edbi 14 m\u00e9t.<br \/>\n\u2013 Khi h\u1ec7 th\u1ed1ng g\u1eb7p s\u1ef1 c\u1ed1, b\u1ed9 ph\u00e2n ph\u1ed1i b\u1ecb t\u1eafc, h\u1ec7 th\u1ed1ng b\u01a1m b\u00f4i tr\u01a1n s\u1ebd ph\u00e1t ra ti\u1ebfng b\u00e1o \u0111\u1ed9ng, gi\u00fap nh\u00e2n vi\u00ean thu\u1eadn ti\u1ec7n trong vi\u1ec7c b\u1ea3o tr\u00ec.<br \/>\n\u2013 \u01afu \u0111i\u1ec3m c\u1ee7a h\u1ec7 th\u1ed1ng b\u00f4i tr\u01a1n t\u1eadp trung l\u00e0 c\u00f3 th\u1ec3 k\u1ebft h\u1ee3p nhi\u1ec1u \u0111i\u1ec3m b\u00f4i tr\u01a1n th\u00e0nh m\u1ed9t b\u01a1m b\u00f4i tr\u01a1n \u0111\u1ec3 cung c\u1ea5p d\u1ea7u t\u1eadp trung.<br \/>\n\u2013 B\u01a1m b\u00f4i tr\u01a1n ti\u1ebfn b\u1ed9 J100 c\u00f3 th\u1ec3 ph\u00e2n ph\u1ed1i ch\u1ea5t b\u00f4i tr\u01a1n \u0111\u1ebfn t\u1eebng \u0111i\u1ec3m b\u00f4i tr\u01a1n theo tr\u00ecnh t\u1ef1 theo t\u1ef7 l\u1ec7 \u0111\u01b0\u1ee3c x\u00e1c \u0111\u1ecbnh tr\u01b0\u1edbc.<br \/>\n\u2013 H\u1ec7 th\u1ed1ng b\u00f4i tr\u01a1n J100 c\u00f3 th\u1ec3 th\u1ef1c hi\u1ec7n ch\u1ee9c n\u0103ng gi\u00e1m s\u00e1t tr\u1ef1c quan ho\u1eb7c gi\u00e1m s\u00e1t \u0111i\u1ec7n.<br \/>\n\u2013 N\u1ebfu h\u1ec7 th\u1ed1ng b\u00f4i tr\u01a1n b\u1ecb t\u1eafc, c\u00f3 th\u1ec3 th\u1ea5y m\u1ee1 tr\u00e0n ra t\u1eeb van an to\u00e0n.<\/p>\n<h2>\u0110\u1eb7c \u0111i\u1ec3m k\u1ef9 thu\u1eadt<\/h2>\n<table>\n<tbody>\n<tr>\n<td>Ng\u01b0\u1eddi m\u1eabu<\/td>\n<td>J100-5D<\/td>\n<\/tr>\n<tr>\n<td>Th\u1eddi gian b\u00f4i tr\u01a1n<\/td>\n<td>PLC ho\u1eb7c b\u1ed9 \u0111i\u1ec1u khi\u1ec3n b\u00ean ngo\u00e0i<\/td>\n<\/tr>\n<tr>\n<td>Kho\u1ea3ng th\u1eddi gian<\/td>\n<td>PLC ho\u1eb7c b\u1ed9 \u0111i\u1ec1u khi\u1ec3n b\u00ean ngo\u00e0i<\/td>\n<\/tr>\n<tr>\n<td>Nhi\u1ec7t \u0111\u1ed9 ho\u1ea1t \u0111\u1ed9ng<\/td>\n<td>0\u2103~ +50\u00b0C (\u0110i\u1ec1u ki\u1ec7n nhi\u1ec7t \u0111\u1ed9 th\u1ea5p c\u1ea7n m\u1ee1 ch\u1ed1ng \u0111\u00f4ng)<\/td>\n<\/tr>\n<tr>\n<td>S\u1ed1 l\u01b0\u1ee3ng c\u1eeda h\u00e0ng<\/td>\n<td>1 ho\u1eb7c 2<\/td>\n<\/tr>\n<tr>\n<td>S\u1ee9c ch\u1ee9a h\u1ed3 ch\u1ee9a<\/td>\n<td>0,3L, 0,5L, 0,7L, 1,5L<\/td>\n<\/tr>\n<tr>\n<td>N\u1ea1p l\u1ea1i<\/td>\n<td>C\u1ed5ng n\u1ea1p\/c\u00f3 th\u1ec3 th\u00e1o r\u1eddi\/h\u1ed9p m\u1ef1c<\/td>\n<\/tr>\n<tr>\n<td>Ch\u1ea5t b\u00f4i tr\u01a1n<\/td>\n<td>NLGI 000#~2#<\/td>\n<\/tr>\n<tr>\n<td>Van gi\u1ea3m \u00e1p<\/td>\n<td>Kh\u00f4ng b\u1eaft bu\u1ed9c<\/td>\n<\/tr>\n<tr>\n<td>Ph\u00f3ng \u0111i\u1ec7n<\/td>\n<td>15 mL\/ph\u00fat<\/td>\n<\/tr>\n<tr>\n<td>\u00c1p su\u1ea5t v\u1eadn h\u00e0nh t\u1ed1i \u0111a<\/td>\n<td>8,0MPa<\/td>\n<\/tr>\n<tr>\n<td>Ch\u1ee7 \u0111\u1ec1 k\u1ebft n\u1ed1i<\/td>\n<td>\u0110\u1ea7u ra \u03a66<\/td>\n<\/tr>\n<tr>\n<td>\u0110i\u1ec7n \u00e1p ho\u1ea1t \u0111\u1ed9ng<\/td>\n<td>24VDC<\/td>\n<\/tr>\n<tr>\n<td>Ch\u1ee9ng nh\u1eadn<\/td>\n<td>Ti\u00eau chu\u1ea9n<\/td>\n<\/tr>\n<tr>\n<td>C\u00f4ng t\u1eafc m\u1ee9c th\u1ea5p<\/td>\n<td>Li\u00ean h\u1ec7 NC<\/td>\n<\/tr>\n<\/tbody>\n<\/table>\n<h2>X\u1eed l\u00fd s\u1ef1 c\u1ed1<\/h2>\n<p>1. \u0110\u1ed9ng c\u01a1 kh\u00f4ng th\u1ec3 kh\u1edfi \u0111\u1ed9ng khi \u0111i\u1ec7n \u00e1p l\u00e0m vi\u1ec7c \u0111\u01b0\u1ee3c \u00e1p d\u1ee5ng<br \/>\n\u2013 \u0110\u1ed9ng c\u01a1 kh\u00f4ng c\u00f3 \u0111i\u1ec7n \u00e1p l\u00e0m vi\u1ec7c: Vui l\u00f2ng ki\u1ec3m tra k\u1ebft n\u1ed1i ngu\u1ed3n \u0111i\u1ec7n c\u1ee7a b\u01a1m b\u00f4i tr\u01a1n, bao g\u1ed3m ki\u1ec3m tra k\u1ebft n\u1ed1i ch\u00ednh x\u00e1c c\u1ee7a ph\u00edch c\u1eafm v\u00e0 c\u00e1p \u0111i\u1ec7n, \u0111\u1ed3ng th\u1eddi ki\u1ec3m tra xem \u0111i\u1ec7n \u00e1p l\u00e0m vi\u1ec7c \u0111\u00e3 \u0111\u01b0\u1ee3c k\u1ebft n\u1ed1i \u0111\u00fang c\u00e1ch ch\u01b0a.<br \/>\n2. Kh\u00f4ng t\u00edch t\u1ee5 ho\u1eb7c gi\u1ea3i ph\u00f3ng \u00e1p su\u1ea5t<br \/>\n\u2013 B\u01a1m cung c\u1ea5p qu\u00e1 \u00edt ch\u1ea5t b\u00f4i tr\u01a1n: Vui l\u00f2ng ki\u1ec3m tra xem h\u1ed9p m\u1ef1c ho\u1eb7c b\u00ecnh ch\u1ee9a c\u1ee7a b\u01a1m b\u00f4i tr\u01a1n c\u00f3 c\u1ea1n kh\u00f4ng.<br \/>\n\u2013 S\u1eed d\u1ee5ng m\u1ee1 b\u00f4i tr\u01a1n kh\u00f4ng ph\u00f9 h\u1ee3p: L\u00e0m s\u1ea1ch m\u1ee1 trong to\u00e0n b\u1ed9 h\u1ec7 th\u1ed1ng b\u00f4i tr\u01a1n v\u00e0 s\u1eed d\u1ee5ng m\u1ee1 b\u00f4i tr\u01a1n ti\u00eau chu\u1ea9n ph\u00f9 h\u1ee3p.<br \/>\n\u2013 \u00c1p su\u1ea5t qu\u00e1 th\u1ea5p ho\u1eb7c qu\u00e1 cao: Van \u0111i\u1ec1u ch\u1ec9nh \u00e1p su\u1ea5t c\u1ee7a b\u01a1m b\u00f4i tr\u01a1n b\u1ecb t\u1eafc ho\u1eb7c h\u1ecfng, h\u00e3y ki\u1ec3m tra v\u00e0 thay th\u1ebf van \u0111i\u1ec1u ch\u1ec9nh \u00e1p su\u1ea5t.<br \/>\n\u2013 C\u00f3 kh\u00f4ng kh\u00ed trong \u0111\u01b0\u1eddng \u1ed1ng ch\u00ednh: x\u1ea3 qua c\u1eeda x\u1ea3 c\u1ee7a b\u01a1m b\u00f4i tr\u01a1n.<br \/>\n\u2013 \u0110\u01b0\u1eddng \u1ed1ng ch\u00ednh b\u1ecb r\u00f2 r\u1ec9 ho\u1eb7c v\u1ee1: Ki\u1ec3m tra t\u00ecnh tr\u1ea1ng \u0111\u01b0\u1eddng \u1ed1ng c\u1ee7a h\u1ec7 th\u1ed1ng b\u00f4i tr\u01a1n v\u00e0 thay th\u1ebf \u0111\u01b0\u1eddng \u1ed1ng.<\/p>\n<h2>H\u01b0\u1edbng d\u1eabn s\u1eed d\u1ee5ng<\/h2>\n<div class=\"sdm_download_button_box_default\"><div class=\"sdm_download_link\"><a href=\"https:\/\/www.jinpinlub.com\/vi\/?sdm_process_download=1&download_id=3960\" class=\"sdm_download white\" title=\"Ri\u00eang t\u01b0: J100 Electric Grease Pump\" target=\"&quot;_blank&quot;\">Xem B\u1ea3ng d\u1eef li\u1ec7u - B\u01a1m m\u1ee1 J100<\/a><\/div><\/div>","protected":false},"excerpt":{"rendered":"<p>B\u00ecnh ch\u1ee9a J100, c\u00f3 s\u1eb5n b\u1eb1ng nh\u1ef1a trong su\u1ed1t, c\u00f3 dung t\u00edch 0,3, 0,5 v\u00e0 1,5 l\u00edt. C\u00e1c b\u00ecnh ch\u1ee9a n\u00e0y gi\u00fap \u0111\u01a1n gi\u1ea3n h\u00f3a vi\u1ec7c n\u1ea1p l\u1ea1i v\u00e0 k\u00e9o d\u00e0i th\u1eddi gian b\u1ea3o d\u01b0\u1ee1ng, ch\u1ec9 c\u1ea7n x\u1ea3 kh\u00ed trong qu\u00e1 tr\u00ecnh kh\u1edfi \u0111\u1ed9ng h\u1ec7 th\u1ed1ng. M\u00e1y b\u01a1m c\u00f3 th\u1ec3 bao g\u1ed3m m\u00e0n h\u00ecnh theo d\u00f5i m\u1ee9c n\u1ea1p, t\u0103ng t\u00ednh ti\u1ec7n l\u1ee3i.<\/p>","protected":false},"featured_media":3988,"template":"","meta":{"ocean_post_layout":"","ocean_both_sidebars_style":"","ocean_both_sidebars_content_width":0,"ocean_both_sidebars_sidebars_width":0,"ocean_sidebar":"0","ocean_second_sidebar":"0","ocean_disable_margins":"enable","ocean_add_body_class":"","ocean_shortcode_before_top_bar":"","ocean_shortcode_after_top_bar":"","ocean_shortcode_before_header":"","ocean_shortcode_after_header":"","ocean_has_shortcode":"","ocean_shortcode_after_title":"","ocean_shortcode_before_footer_widgets":"","ocean_shortcode_after_footer_widgets":"","ocean_shortcode_before_footer_bottom":"","ocean_shortcode_after_footer_bottom":"","ocean_display_top_bar":"default","ocean_display_header":"default","ocean_header_style":"","ocean_center_header_left_menu":"0","ocean_custom_header_template":"0","ocean_custom_logo":0,"ocean_custom_retina_logo":0,"ocean_custom_logo_max_width":0,"ocean_custom_logo_tablet_max_width":0,"ocean_custom_logo_mobile_max_width":0,"ocean_custom_logo_max_height":0,"ocean_custom_logo_tablet_max_height":0,"ocean_custom_logo_mobile_max_height":0,"ocean_header_custom_menu":"0","ocean_menu_typo_font_family":"0","ocean_menu_typo_font_subset":"","ocean_menu_typo_font_size":0,"ocean_menu_typo_font_size_tablet":0,"ocean_menu_typo_font_size_mobile":0,"ocean_menu_typo_font_size_unit":"px","ocean_menu_typo_font_weight":"","ocean_menu_typo_font_weight_tablet":"","ocean_menu_typo_font_weight_mobile":"","ocean_menu_typo_transform":"","ocean_menu_typo_transform_tablet":"","ocean_menu_typo_transform_mobile":"","ocean_menu_typo_line_height":0,"ocean_menu_typo_line_height_tablet":0,"ocean_menu_typo_line_height_mobile":0,"ocean_menu_typo_line_height_unit":"","ocean_menu_typo_spacing":0,"ocean_menu_typo_spacing_tablet":0,"ocean_menu_typo_spacing_mobile":0,"ocean_menu_typo_spacing_unit":"","ocean_menu_link_color":"","ocean_menu_link_color_hover":"","ocean_menu_link_color_active":"","ocean_menu_link_background":"","ocean_menu_link_hover_background":"","ocean_menu_link_active_background":"","ocean_menu_social_links_bg":"","ocean_menu_social_hover_links_bg":"","ocean_menu_social_links_color":"","ocean_menu_social_hover_links_color":"","ocean_disable_title":"default","ocean_disable_heading":"default","ocean_post_title":"","ocean_post_subheading":"","ocean_post_title_style":"","ocean_post_title_background_color":"","ocean_post_title_background":0,"ocean_post_title_bg_image_position":"","ocean_post_title_bg_image_attachment":"","ocean_post_title_bg_image_repeat":"","ocean_post_title_bg_image_size":"","ocean_post_title_height":0,"ocean_post_title_bg_overlay":0.5,"ocean_post_title_bg_overlay_color":"","ocean_disable_breadcrumbs":"default","ocean_breadcrumbs_color":"","ocean_breadcrumbs_separator_color":"","ocean_breadcrumbs_links_color":"","ocean_breadcrumbs_links_hover_color":"","ocean_display_footer_widgets":"default","ocean_display_footer_bottom":"default","ocean_custom_footer_template":"0","osh_disable_topbar_sticky":"default","osh_disable_header_sticky":"default","osh_sticky_header_style":"default","osh_sticky_header_effect":"","osh_custom_sticky_logo":0,"osh_custom_retina_sticky_logo":0,"osh_custom_sticky_logo_height":0,"osh_background_color":"","osh_links_color":"","osh_links_hover_color":"","osh_links_active_color":"","osh_links_bg_color":"","osh_links_hover_bg_color":"","osh_links_active_bg_color":"","osh_menu_social_links_color":"","osh_menu_social_hover_links_color":""},"product_brand":[],"product_cat":[42,41],"product_tag":[321,112,76,196,221],"class_list":{"0":"post-3987","1":"product","2":"type-product","3":"status-publish","4":"has-post-thumbnail","6":"product_cat-electric-progressive-pumps","7":"product_cat-progressive-grease-systems","8":"product_tag-automatic-lubrication-system","9":"product_tag-centralized-lubrication-system","10":"product_tag-electric-lubrication-system","11":"product_tag-grease-lubrication-system","12":"product_tag-progressive-lubrication-system","14":"entry","15":"has-media","17":"first","18":"instock","19":"shipping-taxable","20":"product-type-external","21":"col","22":"span_1_of_3","23":"owp-content-center","24":"owp-thumbs-layout-horizontal","25":"owp-btn-very-big","26":"owp-tabs-layout-horizontal"},"_links":{"self":[{"href":"https:\/\/www.jinpinlub.com\/vi\/wp-json\/wp\/v2\/product\/3987","targetHints":{"allow":["GET"]}}],"collection":[{"href":"https:\/\/www.jinpinlub.com\/vi\/wp-json\/wp\/v2\/product"}],"about":[{"href":"https:\/\/www.jinpinlub.com\/vi\/wp-json\/wp\/v2\/types\/product"}],"wp:featuredmedia":[{"embeddable":true,"href":"https:\/\/www.jinpinlub.com\/vi\/wp-json\/wp\/v2\/media\/3988"}],"wp:attachment":[{"href":"https:\/\/www.jinpinlub.com\/vi\/wp-json\/wp\/v2\/media?parent=3987"}],"wp:term":[{"taxonomy":"product_brand","embeddable":true,"href":"https:\/\/www.jinpinlub.com\/vi\/wp-json\/wp\/v2\/product_brand?post=3987"},{"taxonomy":"product_cat","embeddable":true,"href":"https:\/\/www.jinpinlub.com\/vi\/wp-json\/wp\/v2\/product_cat?post=3987"},{"taxonomy":"product_tag","embeddable":true,"href":"https:\/\/www.jinpinlub.com\/vi\/wp-json\/wp\/v2\/product_tag?post=3987"}],"curies":[{"name":"wp","href":"https:\/\/api.w.org\/{rel}","templated":true}]}}