{"id":3992,"date":"2024-12-12T03:47:40","date_gmt":"2024-12-11T19:47:40","guid":{"rendered":"https:\/\/www.jinpinlub.com\/?post_type=product&#038;p=3992"},"modified":"2024-12-12T04:01:46","modified_gmt":"2024-12-11T20:01:46","slug":"may-bom-mo-boi-tron-tu-dong-cnc-j100-7c","status":"publish","type":"product","link":"https:\/\/www.jinpinlub.com\/vi\/san-pham\/may-bom-mo-boi-tron-tu-dong-cnc-j100-7c\/","title":{"rendered":"M\u00e1y b\u01a1m b\u00f4i tr\u01a1n t\u1ef1 \u0111\u1ed9ng CNC Progressive Graese J100-7C"},"content":{"rendered":"<h2>\u0110\u1eb7c tr\u01b0ng<\/h2>\n<p>\u2013 \u0110\u1ed9 ch\u00ednh x\u00e1c \u0111\u1ecbnh l\u01b0\u1ee3ng cao, b\u01a1m b\u00f4i tr\u01a1n J100 c\u00f3 th\u1ec3 \u0111o l\u01b0\u1ee3ng m\u1ee1 l\u1ecfng l\u00ean t\u1edbi 15mL\/ph\u00fat, c\u00f3 th\u1ec3 ki\u1ec3m so\u00e1t ch\u00ednh x\u00e1c l\u01b0\u1ee3ng m\u1ee1 \u0111\u1ea7u ra v\u00e0 \u0111\u1ea3m b\u1ea3o hi\u1ec7u qu\u1ea3 b\u00f4i tr\u01a1n \u1ed5n \u0111\u1ecbnh v\u00e0 \u0111\u00e1ng tin c\u1eady.<br \/>\n\u2013 \u00c1p su\u1ea5t l\u00e0m vi\u1ec7c c\u1ee7a b\u01a1m b\u00f4i tr\u01a1n J100 c\u00f3 th\u1ec3 \u0111\u1ea1t t\u1ed1i \u0111a 80 bar, \u0111\u00e1p \u1ee9ng \u0111\u01b0\u1ee3c y\u00eau c\u1ea7u v\u1ec1 \u00e1p su\u1ea5t c\u1ee7a h\u1ea7u h\u1ebft c\u00e1c h\u1ec7 th\u1ed1ng b\u00f4i tr\u01a1n v\u00e0 \u0111\u1ea3m b\u1ea3o ch\u1ea5t b\u00f4i tr\u01a1n \u0111\u01b0\u1ee3c \u0111\u01b0a \u0111\u1ebfn \u0111i\u1ec3m b\u00f4i tr\u01a1n m\u1ed9t c\u00e1ch hi\u1ec7u qu\u1ea3.<br \/>\n\u2013 J100 c\u00f3 ch\u1ee9c n\u0103ng gi\u00e1m s\u00e1t m\u1ee9c ch\u1ea5t l\u1ecfng v\u00e0 c\u1ea3nh b\u00e1o s\u1edbm, c\u00f3 th\u1ec3 gi\u00e1m s\u00e1t m\u1ee9c d\u1ea7u trong b\u00ecnh ho\u1eb7c h\u1ed9p m\u1ef1c theo th\u1eddi gian th\u1ef1c, \u0111\u01b0a ra c\u1ea3nh b\u00e1o s\u1edbm v\u00e0 ng\u0103n ng\u1eeba h\u1ecfng h\u00f3c thi\u1ebft b\u1ecb do thi\u1ebfu ch\u1ea5t b\u00f4i tr\u01a1n.<br \/>\n\u2013 J100 s\u1eed d\u1ee5ng \u0111i\u1ec7n \u00e1p l\u00e0m vi\u1ec7c 24V DC v\u1edbi m\u1ee9c ti\u00eau th\u1ee5 \u0111i\u1ec7n n\u0103ng th\u1ea5p, \u0111\u00e1p \u1ee9ng y\u00eau c\u1ea7u ti\u1ebft ki\u1ec7m \u0111i\u1ec7n n\u0103ng c\u1ee7a c\u00e1c thi\u1ebft b\u1ecb hi\u1ec7n \u0111\u1ea1i, gi\u1ea3m chi ph\u00ed v\u1eadn h\u00e0nh, gi\u1ea3m t\u00e1c \u0111\u1ed9ng l\u00ean l\u01b0\u1edbi \u0111i\u1ec7n, \u0111\u1ea3m b\u1ea3o cung c\u1ea5p \u0111i\u1ec7n \u1ed5n \u0111\u1ecbnh cho h\u1ec7 th\u1ed1ng.<br \/>\n\u2013 Nhi\u1ec1u ph\u01b0\u01a1ng ph\u00e1p l\u1eafp \u0111\u1eb7t, m\u00e1y b\u01a1m J100 cung c\u1ea5p t\u00ednh linh ho\u1ea1t l\u1eafp \u0111\u1eb7t t\u1ed1i \u0111a th\u00f4ng qua t\u1ea5m l\u1eafp c\u00f3 4 l\u1ed7 l\u1eafp t\u00f9y ch\u1ecdn.<br \/>\n\u2013 V\u1eadn h\u00e0nh d\u1ec5 d\u00e0ng, n\u00fat b\u00f4i tr\u01a1n th\u1ee7 c\u00f4ng \u0111\u01b0\u1ee3c s\u1eed d\u1ee5ng \u0111\u1ec3 kh\u1edfi \u0111\u1ed9ng ho\u1eb7c x\u1ea3 h\u1ec7 th\u1ed1ng b\u00f4i tr\u01a1n, v\u00edt x\u1ea3 gi\u00fap qu\u00e1 tr\u00ecnh x\u1ea3 sau khi kh\u1edfi \u0111\u1ed9ng h\u1ec7 th\u1ed1ng ho\u1eb7c thay th\u1ebf h\u1ed9p m\u1ef1c tr\u1edf n\u00ean \u0111\u01a1n gi\u1ea3n v\u00e0 d\u1ec5 d\u00e0ng, nh\u00e2n vi\u00ean b\u1ea3o tr\u00ec d\u1ec5 d\u00e0ng v\u1eadn h\u00e0nh v\u00e0 g\u1ee1 l\u1ed7i thi\u1ebft b\u1ecb.<\/p>\n<h2>\u0110\u1eb7c \u0111i\u1ec3m k\u1ef9 thu\u1eadt<\/h2>\n<table>\n<tbody>\n<tr>\n<td>Ng\u01b0\u1eddi m\u1eabu<\/td>\n<td>J100-7C<\/td>\n<\/tr>\n<tr>\n<td>Th\u1eddi gian b\u00f4i tr\u01a1n<\/td>\n<td>PLC ho\u1eb7c b\u1ed9 \u0111i\u1ec1u khi\u1ec3n b\u00ean ngo\u00e0i<\/td>\n<\/tr>\n<tr>\n<td>Kho\u1ea3ng th\u1eddi gian<\/td>\n<td>PLC ho\u1eb7c b\u1ed9 \u0111i\u1ec1u khi\u1ec3n b\u00ean ngo\u00e0i<\/td>\n<\/tr>\n<tr>\n<td>Nhi\u1ec7t \u0111\u1ed9 ho\u1ea1t \u0111\u1ed9ng<\/td>\n<td>0\u2103~ +50\u00b0C (\u0110i\u1ec1u ki\u1ec7n nhi\u1ec7t \u0111\u1ed9 th\u1ea5p c\u1ea7n m\u1ee1 ch\u1ed1ng \u0111\u00f4ng)<\/td>\n<\/tr>\n<tr>\n<td>S\u1ed1 l\u01b0\u1ee3ng c\u1eeda h\u00e0ng<\/td>\n<td>1 ho\u1eb7c 2<\/td>\n<\/tr>\n<tr>\n<td>S\u1ee9c ch\u1ee9a h\u1ed3 ch\u1ee9a<\/td>\n<td>0,3L, 0,5L, 0,7L, 1,5L<\/td>\n<\/tr>\n<tr>\n<td>N\u1ea1p l\u1ea1i<\/td>\n<td>C\u1ed5ng n\u1ea1p\/c\u00f3 th\u1ec3 th\u00e1o r\u1eddi\/h\u1ed9p m\u1ef1c<\/td>\n<\/tr>\n<tr>\n<td>Ch\u1ea5t b\u00f4i tr\u01a1n<\/td>\n<td>NLGI 000#~2#<\/td>\n<\/tr>\n<tr>\n<td>Van gi\u1ea3m \u00e1p<\/td>\n<td>Kh\u00f4ng b\u1eaft bu\u1ed9c<\/td>\n<\/tr>\n<tr>\n<td>Ph\u00f3ng \u0111i\u1ec7n<\/td>\n<td>15 mL\/ph\u00fat<\/td>\n<\/tr>\n<tr>\n<td>\u00c1p su\u1ea5t v\u1eadn h\u00e0nh t\u1ed1i \u0111a<\/td>\n<td>8,0MPa<\/td>\n<\/tr>\n<tr>\n<td>Ch\u1ee7 \u0111\u1ec1 k\u1ebft n\u1ed1i<\/td>\n<td>\u0110\u1ea7u ra \u03a66<\/td>\n<\/tr>\n<tr>\n<td>\u0110i\u1ec7n \u00e1p ho\u1ea1t \u0111\u1ed9ng<\/td>\n<td>24VDC<\/td>\n<\/tr>\n<tr>\n<td>Ch\u1ee9ng nh\u1eadn<\/td>\n<td>Ti\u00eau chu\u1ea9n<\/td>\n<\/tr>\n<tr>\n<td>C\u00f4ng t\u1eafc m\u1ee9c th\u1ea5p<\/td>\n<td>Li\u00ean h\u1ec7 NC<\/td>\n<\/tr>\n<\/tbody>\n<\/table>\n<h2>C\u00e1c bi\u1ec7n ph\u00e1p ph\u00f2ng ng\u1eeba<\/h2>\n<p>\u2013 Th\u00e1o h\u1ed9p m\u1ee1 ch\u01b0a s\u1eed d\u1ee5ng v\u00e0 k\u1ebft n\u1ed1i v\u1edbi b\u01a1m b\u00f4i tr\u01a1n c\u00f3 th\u1ec3 g\u00e2y tr\u1ee5c tr\u1eb7c do c\u00f2n kh\u00ed trong h\u1ed9p. \u0110\u1ea3m b\u1ea3o ch\u1ea5t b\u00f4i tr\u01a1n \u0111\u00e3 \u0111\u01b0\u1ee3c s\u1eed d\u1ee5ng h\u1ebft tr\u01b0\u1edbc khi thay th\u1ebf.<br \/>\n\u2013 Kh\u00f4ng b\u1eadt ngu\u1ed3n khi ch\u01b0a th\u00e1o h\u1ed9p m\u1ef1c r\u1ed7ng, n\u1ebfu kh\u00f4ng b\u01a1m b\u00f4i tr\u01a1n J100 s\u1ebd h\u00fat kh\u00f4ng kh\u00ed ho\u1eb7c v\u1eadt l\u1ea1 v\u00e0o, khi\u1ebfn b\u01a1m ho\u1ea1t \u0111\u1ed9ng kh\u00f4ng b\u00ecnh th\u01b0\u1eddng.<br \/>\n\u2013 Khi thay h\u1ed9p m\u1ef1c, kh\u00f4ng \u0111\u01b0\u1ee3c lau xung quanh \u0111\u1ea7u v\u00e0o c\u1ee7a b\u01a1m b\u00f4i tr\u01a1n b\u1eb1ng v\u1ea3i b\u1ea9n, \u0111i\u1ec1u n\u00e0y s\u1ebd khi\u1ebfn b\u01a1m b\u00f4i tr\u01a1n h\u00fat v\u1eadt l\u1ea1 v\u00e0 g\u00e2y ra s\u1ef1 c\u1ed1.<br \/>\n\u2013 Ch\u1ec9 h\u1ed7 tr\u1ee3 h\u1ed9p m\u1ef1c ti\u00eau chu\u1ea9n. S\u1eed d\u1ee5ng m\u1ee1 kh\u00e1c c\u00f3 th\u1ec3 g\u00e2y tr\u1ee5c tr\u1eb7c h\u1ec7 th\u1ed1ng.<br \/>\n\u2013 Kh\u00f4ng bao gi\u1edd b\u01a1m m\u1ee1 v\u00e0o h\u1ed9p m\u1ef1c r\u1ed7ng \u0111\u00e3 qua s\u1eed d\u1ee5ng v\u00e0 s\u1eed d\u1ee5ng l\u1ea1i v\u00ec \u0111i\u1ec1u n\u00e0y c\u00f3 th\u1ec3 khi\u1ebfn h\u1ed9p m\u1ef1c b\u1ecb v\u1ee1 ho\u1eb7c khi\u1ebfn b\u01a1m b\u00f4i tr\u01a1n ho\u1ea1t \u0111\u1ed9ng kh\u00f4ng b\u00ecnh th\u01b0\u1eddng do kh\u00f4ng kh\u00ed ho\u1eb7c v\u1eadt l\u1ea1 x\u00e2m nh\u1eadp.<\/p>\n<h2>H\u01b0\u1edbng d\u1eabn s\u1eed d\u1ee5ng<\/h2>\n<div class=\"sdm_download_button_box_default\"><div class=\"sdm_download_link\"><a href=\"https:\/\/www.jinpinlub.com\/vi\/?sdm_process_download=1&download_id=3960\" class=\"sdm_download white\" title=\"Ri\u00eang t\u01b0: J100 Electric Grease Pump\" target=\"&quot;_blank&quot;\">Xem B\u1ea3ng d\u1eef li\u1ec7u - B\u01a1m m\u1ee1 J100<\/a><\/div><\/div>","protected":false},"excerpt":{"rendered":"<p>J100 ho\u1ea1t \u0111\u1ed9ng \u1edf 24V, 80 bar v\u00e0 ph\u1ea1m vi nhi\u1ec7t \u0111\u1ed9 r\u1ed9ng. N\u00f3 c\u00f3 c\u00e1c ch\u1ee9c n\u0103ng nh\u01b0 gi\u00e1m s\u00e1t m\u1ee9c v\u00e0 b\u00f4i tr\u01a1n th\u1ee7 c\u00f4ng \u0111\u1ec3 gi\u1ea3m th\u1eddi gian ch\u1ebft. N\u00f3 c\u00f3 nhi\u1ec1u th\u00f4ng s\u1ed1 k\u1ef9 thu\u1eadt b\u1ed3n ch\u1ee9a v\u00e0 ph\u01b0\u01a1ng ph\u00e1p k\u1ebft n\u1ed1i, l\u1eafp \u0111\u1eb7t linh ho\u1ea1t v\u00e0 \u0111\u01b0\u1ee3c s\u1eed d\u1ee5ng r\u1ed9ng r\u00e3i trong nhi\u1ec1u l\u0129nh v\u1ef1c.<\/p>","protected":false},"featured_media":3993,"template":"","meta":{"ocean_post_layout":"","ocean_both_sidebars_style":"","ocean_both_sidebars_content_width":0,"ocean_both_sidebars_sidebars_width":0,"ocean_sidebar":"0","ocean_second_sidebar":"0","ocean_disable_margins":"enable","ocean_add_body_class":"","ocean_shortcode_before_top_bar":"","ocean_shortcode_after_top_bar":"","ocean_shortcode_before_header":"","ocean_shortcode_after_header":"","ocean_has_shortcode":"","ocean_shortcode_after_title":"","ocean_shortcode_before_footer_widgets":"","ocean_shortcode_after_footer_widgets":"","ocean_shortcode_before_footer_bottom":"","ocean_shortcode_after_footer_bottom":"","ocean_display_top_bar":"default","ocean_display_header":"default","ocean_header_style":"","ocean_center_header_left_menu":"0","ocean_custom_header_template":"0","ocean_custom_logo":0,"ocean_custom_retina_logo":0,"ocean_custom_logo_max_width":0,"ocean_custom_logo_tablet_max_width":0,"ocean_custom_logo_mobile_max_width":0,"ocean_custom_logo_max_height":0,"ocean_custom_logo_tablet_max_height":0,"ocean_custom_logo_mobile_max_height":0,"ocean_header_custom_menu":"0","ocean_menu_typo_font_family":"0","ocean_menu_typo_font_subset":"","ocean_menu_typo_font_size":0,"ocean_menu_typo_font_size_tablet":0,"ocean_menu_typo_font_size_mobile":0,"ocean_menu_typo_font_size_unit":"px","ocean_menu_typo_font_weight":"","ocean_menu_typo_font_weight_tablet":"","ocean_menu_typo_font_weight_mobile":"","ocean_menu_typo_transform":"","ocean_menu_typo_transform_tablet":"","ocean_menu_typo_transform_mobile":"","ocean_menu_typo_line_height":0,"ocean_menu_typo_line_height_tablet":0,"ocean_menu_typo_line_height_mobile":0,"ocean_menu_typo_line_height_unit":"","ocean_menu_typo_spacing":0,"ocean_menu_typo_spacing_tablet":0,"ocean_menu_typo_spacing_mobile":0,"ocean_menu_typo_spacing_unit":"","ocean_menu_link_color":"","ocean_menu_link_color_hover":"","ocean_menu_link_color_active":"","ocean_menu_link_background":"","ocean_menu_link_hover_background":"","ocean_menu_link_active_background":"","ocean_menu_social_links_bg":"","ocean_menu_social_hover_links_bg":"","ocean_menu_social_links_color":"","ocean_menu_social_hover_links_color":"","ocean_disable_title":"default","ocean_disable_heading":"default","ocean_post_title":"","ocean_post_subheading":"","ocean_post_title_style":"","ocean_post_title_background_color":"","ocean_post_title_background":0,"ocean_post_title_bg_image_position":"","ocean_post_title_bg_image_attachment":"","ocean_post_title_bg_image_repeat":"","ocean_post_title_bg_image_size":"","ocean_post_title_height":0,"ocean_post_title_bg_overlay":0.5,"ocean_post_title_bg_overlay_color":"","ocean_disable_breadcrumbs":"default","ocean_breadcrumbs_color":"","ocean_breadcrumbs_separator_color":"","ocean_breadcrumbs_links_color":"","ocean_breadcrumbs_links_hover_color":"","ocean_display_footer_widgets":"default","ocean_display_footer_bottom":"default","ocean_custom_footer_template":"0","osh_disable_topbar_sticky":"default","osh_disable_header_sticky":"default","osh_sticky_header_style":"default","osh_sticky_header_effect":"","osh_custom_sticky_logo":0,"osh_custom_retina_sticky_logo":0,"osh_custom_sticky_logo_height":0,"osh_background_color":"","osh_links_color":"","osh_links_hover_color":"","osh_links_active_color":"","osh_links_bg_color":"","osh_links_hover_bg_color":"","osh_links_active_bg_color":"","osh_menu_social_links_color":"","osh_menu_social_hover_links_color":""},"product_brand":[],"product_cat":[41,42],"product_tag":[321,112,76,196,221],"class_list":{"0":"post-3992","1":"product","2":"type-product","3":"status-publish","4":"has-post-thumbnail","6":"product_cat-progressive-grease-systems","7":"product_cat-electric-progressive-pumps","8":"product_tag-automatic-lubrication-system","9":"product_tag-centralized-lubrication-system","10":"product_tag-electric-lubrication-system","11":"product_tag-grease-lubrication-system","12":"product_tag-progressive-lubrication-system","14":"entry","15":"has-media","17":"first","18":"instock","19":"shipping-taxable","20":"product-type-external","21":"col","22":"span_1_of_3","23":"owp-content-center","24":"owp-thumbs-layout-horizontal","25":"owp-btn-very-big","26":"owp-tabs-layout-horizontal"},"_links":{"self":[{"href":"https:\/\/www.jinpinlub.com\/vi\/wp-json\/wp\/v2\/product\/3992","targetHints":{"allow":["GET"]}}],"collection":[{"href":"https:\/\/www.jinpinlub.com\/vi\/wp-json\/wp\/v2\/product"}],"about":[{"href":"https:\/\/www.jinpinlub.com\/vi\/wp-json\/wp\/v2\/types\/product"}],"wp:featuredmedia":[{"embeddable":true,"href":"https:\/\/www.jinpinlub.com\/vi\/wp-json\/wp\/v2\/media\/3993"}],"wp:attachment":[{"href":"https:\/\/www.jinpinlub.com\/vi\/wp-json\/wp\/v2\/media?parent=3992"}],"wp:term":[{"taxonomy":"product_brand","embeddable":true,"href":"https:\/\/www.jinpinlub.com\/vi\/wp-json\/wp\/v2\/product_brand?post=3992"},{"taxonomy":"product_cat","embeddable":true,"href":"https:\/\/www.jinpinlub.com\/vi\/wp-json\/wp\/v2\/product_cat?post=3992"},{"taxonomy":"product_tag","embeddable":true,"href":"https:\/\/www.jinpinlub.com\/vi\/wp-json\/wp\/v2\/product_tag?post=3992"}],"curies":[{"name":"wp","href":"https:\/\/api.w.org\/{rel}","templated":true}]}}