{"id":3997,"date":"2024-12-12T04:17:42","date_gmt":"2024-12-11T20:17:42","guid":{"rendered":"https:\/\/www.jinpinlub.com\/?post_type=product&#038;p=3997"},"modified":"2024-12-12T04:29:59","modified_gmt":"2024-12-11T20:29:59","slug":"bom-piston-boi-tron-dien-j100-24vdc","status":"publish","type":"product","link":"https:\/\/www.jinpinlub.com\/vi\/product\/j100-24vdc-electric-lubrication-greasing-plunger-piston-pump\/","title":{"rendered":"B\u01a1m piston b\u00f4i tr\u01a1n \u0111i\u1ec7n J100 24VDC"},"content":{"rendered":"<h2>\u0110\u1eb7c tr\u01b0ng<\/h2>\n<p>\u2013 Thi\u1ebft k\u1ebf nh\u1ecf g\u1ecdn: B\u01a1m b\u00f4i tr\u01a1n J100 c\u00f3 k\u00edch th\u01b0\u1edbc nh\u1ecf, ph\u00f9 h\u1ee3p l\u1eafp \u0111\u1eb7t \u1edf nh\u1eefng m\u00f4i tr\u01b0\u1eddng c\u00f3 kh\u00f4ng gian h\u1ea1n ch\u1ebf.<br \/>\n\u2013 Kh\u1ea3 n\u0103ng th\u00edch \u1ee9ng v\u1edbi nhi\u1ec7t \u0111\u1ed9: C\u00f3 th\u1ec3 ho\u1ea1t \u0111\u1ed9ng \u1ed5n \u0111\u1ecbnh trong ph\u1ea1m vi nhi\u1ec7t \u0111\u1ed9 t\u1eeb 0 \u0111\u1ebfn 50\u00b0C, th\u00edch \u1ee9ng v\u1edbi nhi\u1ec1u \u0111i\u1ec1u ki\u1ec7n m\u00f4i tr\u01b0\u1eddng trong nh\u00e0 kh\u00e1c nhau.<br \/>\n\u2013 C\u1ea5u h\u00ecnh \u0111\u1ea7u ra k\u00e9p: J100 c\u00f3 hai \u0111\u1ea7u ra, c\u00f3 th\u1ec3 cung c\u1ea5p d\u1ea7u b\u00f4i tr\u01a1n cho hai \u0111\u01b0\u1eddng \u1ed1ng ch\u00ednh c\u1ee7a h\u1ec7 th\u1ed1ng b\u00f4i tr\u01a1n c\u00f9ng m\u1ed9t l\u00fac, c\u1ea3i thi\u1ec7n hi\u1ec7u qu\u1ea3 c\u1ee7a h\u1ec7 th\u1ed1ng.<br \/>\n\u2013 Gi\u00e1m s\u00e1t m\u1ee9c ch\u1ea5t l\u1ecfng v\u00e0 c\u1ea3nh b\u00e1o s\u1edbm: B\u01a1m b\u00f4i tr\u01a1n J100 c\u00f3 ch\u1ee9c n\u0103ng gi\u00e1m s\u00e1t m\u1ee9c ch\u1ea5t l\u1ecfng t\u00edch h\u1ee3p, c\u00f3 th\u1ec3 cung c\u1ea5p c\u1ea3nh b\u00e1o s\u1edbm khi m\u1ee9c ch\u1ea5t b\u00f4i tr\u01a1n trong b\u00ecnh ch\u1ee9a v\u00e0 h\u1ed9p m\u1ef1c th\u1ea5p.<br \/>\n\u2013 T\u00ednh linh ho\u1ea1t khi l\u1eafp \u0111\u1eb7t: B\u01a1m b\u00f4i tr\u01a1n J100 cung c\u1ea5p nhi\u1ec1u t\u00f9y ch\u1ecdn l\u1eafp \u0111\u1eb7t, bao g\u1ed3m gi\u00e1 \u0111\u1ee1 ti\u00eau chu\u1ea9n v\u00e0 nhi\u1ec1u l\u1ed7 l\u1eafp \u0111\u1ec3 \u0111\u00e1p \u1ee9ng c\u00e1c y\u00eau c\u1ea7u l\u1eafp \u0111\u1eb7t kh\u00e1c nhau.<br \/>\n\u2013 D\u1ec5 b\u1ea3o tr\u00ec: V\u1edbi v\u00edt x\u1ea3 d\u1ec5 ti\u1ebfp c\u1eadn, b\u00ecnh ch\u1ee9a c\u1ee7a b\u01a1m b\u00f4i tr\u01a1n c\u00f3 nhi\u1ec1u dung t\u00edch kh\u00e1c nhau, gi\u00fap vi\u1ec7c l\u1eafp \u0111\u1eb7t, v\u1eadn h\u00e0nh v\u00e0 b\u1ea3o tr\u00ec tr\u1edf n\u00ean d\u1ec5 d\u00e0ng.<\/p>\n<h2>\u0110\u1eb7c \u0111i\u1ec3m k\u1ef9 thu\u1eadt<\/h2>\n<table>\n<tbody>\n<tr>\n<td>Ng\u01b0\u1eddi m\u1eabu<\/td>\n<td>J100-3R<\/td>\n<\/tr>\n<tr>\n<td>Th\u1eddi gian b\u00f4i tr\u01a1n<\/td>\n<td>PLC ho\u1eb7c b\u1ed9 \u0111i\u1ec1u khi\u1ec3n b\u00ean ngo\u00e0i<\/td>\n<\/tr>\n<tr>\n<td>Kho\u1ea3ng th\u1eddi gian<\/td>\n<td>PLC ho\u1eb7c b\u1ed9 \u0111i\u1ec1u khi\u1ec3n b\u00ean ngo\u00e0i<\/td>\n<\/tr>\n<tr>\n<td>Nhi\u1ec7t \u0111\u1ed9 ho\u1ea1t \u0111\u1ed9ng<\/td>\n<td>0\u2103~ +50\u00b0C (\u0110i\u1ec1u ki\u1ec7n nhi\u1ec7t \u0111\u1ed9 th\u1ea5p c\u1ea7n m\u1ee1 ch\u1ed1ng \u0111\u00f4ng)<\/td>\n<\/tr>\n<tr>\n<td>S\u1ed1 l\u01b0\u1ee3ng c\u1eeda h\u00e0ng<\/td>\n<td>1 ho\u1eb7c 2<\/td>\n<\/tr>\n<tr>\n<td>S\u1ee9c ch\u1ee9a h\u1ed3 ch\u1ee9a<\/td>\n<td>0,3L, 0,5L, 0,7L, 1,5L<\/td>\n<\/tr>\n<tr>\n<td>N\u1ea1p l\u1ea1i<\/td>\n<td>C\u1ed5ng n\u1ea1p\/c\u00f3 th\u1ec3 th\u00e1o r\u1eddi\/h\u1ed9p m\u1ef1c<\/td>\n<\/tr>\n<tr>\n<td>Ch\u1ea5t b\u00f4i tr\u01a1n<\/td>\n<td>NLGI 000#~2#<\/td>\n<\/tr>\n<tr>\n<td>Van gi\u1ea3m \u00e1p<\/td>\n<td>Kh\u00f4ng b\u1eaft bu\u1ed9c<\/td>\n<\/tr>\n<tr>\n<td>Ph\u00f3ng \u0111i\u1ec7n<\/td>\n<td>15 mL\/ph\u00fat<\/td>\n<\/tr>\n<tr>\n<td>\u00c1p su\u1ea5t v\u1eadn h\u00e0nh t\u1ed1i \u0111a<\/td>\n<td>8,0MPa<\/td>\n<\/tr>\n<tr>\n<td>Ch\u1ee7 \u0111\u1ec1 k\u1ebft n\u1ed1i<\/td>\n<td>\u0110\u1ea7u ra \u03a66<\/td>\n<\/tr>\n<tr>\n<td>\u0110i\u1ec7n \u00e1p ho\u1ea1t \u0111\u1ed9ng<\/td>\n<td>24VDC<\/td>\n<\/tr>\n<tr>\n<td>Ch\u1ee9ng nh\u1eadn<\/td>\n<td>Ti\u00eau chu\u1ea9n<\/td>\n<\/tr>\n<tr>\n<td>C\u00f4ng t\u1eafc m\u1ee9c th\u1ea5p<\/td>\n<td>Li\u00ean h\u1ec7 NC<\/td>\n<\/tr>\n<\/tbody>\n<\/table>\n<h2>C\u00e1c bi\u1ec7n ph\u00e1p ph\u00f2ng ng\u1eeba<\/h2>\n<p>M\u00e1y \u00e9p phun: B\u01a1m b\u00f4i tr\u01a1n J100 \u0111\u01b0\u1ee3c s\u1eed d\u1ee5ng \u0111\u1ec3 b\u00f4i tr\u01a1n \u1ed5 tr\u1ee5c v\u00e0 thanh d\u1eabn h\u01b0\u1edbng tuy\u1ebfn t\u00ednh c\u1ee7a m\u00e1y \u00e9p phun, c\u1ea3i thi\u1ec7n hi\u1ec7u qu\u1ea3 v\u1eadn h\u00e0nh c\u1ee7a m\u00e1y v\u00e0 k\u00e9o d\u00e0i tu\u1ed5i th\u1ecd c\u1ee7a c\u00e1c b\u1ed9 ph\u1eadn.<br \/>\nH\u1ec7 th\u1ed1ng n\u00e2ng v\u00e0 t\u1eddi: Cung c\u1ea5p ch\u1ea5t b\u00f4i tr\u01a1n cho b\u00e1nh r\u0103ng, r\u00f2ng r\u1ecdc v\u00e0 c\u00e1c b\u1ed9 ph\u1eadn chuy\u1ec3n \u0111\u1ed9ng kh\u00e1c trong h\u1ec7 th\u1ed1ng n\u00e2ng v\u00e0 t\u1eddi \u0111\u1ec3 \u0111\u1ea3m b\u1ea3o ho\u1ea1t \u0111\u1ed9ng an to\u00e0n v\u00e0 k\u00e9o d\u00e0i tu\u1ed5i th\u1ecd c\u1ee7a thi\u1ebft b\u1ecb.<br \/>\nX\u1eed l\u00fd v\u1eadt li\u1ec7u: Trong c\u00e1c thi\u1ebft b\u1ecb x\u1eed l\u00fd v\u1eadt li\u1ec7u nh\u01b0 b\u0103ng t\u1ea3i v\u00e0 xe n\u00e2ng, b\u01a1m b\u00f4i tr\u01a1n J100 \u0111\u1ea3m b\u1ea3o b\u00f4i tr\u01a1n \u1ed5 tr\u1ee5c v\u00e0 kh\u1edbp n\u1ed1i, c\u1ea3i thi\u1ec7n hi\u1ec7u qu\u1ea3 v\u1eadn h\u00e0nh v\u00e0 an to\u00e0n.<br \/>\nM\u00e1y c\u00f4ng c\u1ee5: Trong nhi\u1ec1u m\u00e1y c\u00f4ng c\u1ee5, b\u01a1m b\u00f4i tr\u01a1n J100 cung c\u1ea5p ch\u1ea5t b\u00f4i tr\u01a1n cho c\u00e1c th\u00e0nh ph\u1ea7n ch\u00ednh nh\u01b0 thanh d\u1eabn h\u01b0\u1edbng, \u1ed5 tr\u1ee5c v\u00e0 b\u00e1nh r\u0103ng, gi\u00fap gi\u1ea3m m\u00e0i m\u00f2n v\u00e0 c\u1ea3i thi\u1ec7n \u0111\u1ed9 ch\u00ednh x\u00e1c gia c\u00f4ng c\u0169ng nh\u01b0 hi\u1ec7u qu\u1ea3 s\u1ea3n xu\u1ea5t.<\/p>\n<h2>H\u01b0\u1edbng d\u1eabn s\u1eed d\u1ee5ng<\/h2>\n<div class=\"sdm_download_button_box_default\"><div class=\"sdm_download_link\"><a href=\"https:\/\/www.jinpinlub.com\/vi\/?sdm_process_download=1&download_id=3960\" class=\"sdm_download white\" title=\"Ri\u00eang t\u01b0: J100 Electric Grease Pump\" target=\"&quot;_blank&quot;\">Xem B\u1ea3ng d\u1eef li\u1ec7u - B\u01a1m m\u1ee1 J100<\/a><\/div><\/div>","protected":false},"excerpt":{"rendered":"<p>J100 l\u00e0 m\u1ed9t m\u00e1y b\u01a1m nh\u1ecf g\u1ecdn d\u1eabn \u0111\u1ed9ng \u0111i\u1ec7n hi\u1ec7u qu\u1ea3 v\u00e0 \u0111\u00e1ng tin c\u1eady \u0111\u01b0\u1ee3c thi\u1ebft k\u1ebf cho c\u00e1c h\u1ec7 th\u1ed1ng b\u00f4i tr\u01a1n m\u1ed9t \u0111\u01b0\u1eddng. N\u00f3 c\u00f3 \u0111i\u1ec7n \u00e1p ho\u1ea1t \u0111\u1ed9ng 24V DC v\u00e0 c\u1ea5u h\u00ecnh \u1ed5 c\u1eafm k\u00e9p, c\u00f3 th\u1ec3 ph\u1ee5c v\u1ee5 hai \u0111\u01b0\u1eddng b\u00f4i tr\u01a1n c\u00f9ng m\u1ed9t l\u00fac, k\u00e9o d\u00e0i th\u1eddi gian b\u1ea3o d\u01b0\u1ee1ng.<\/p>","protected":false},"featured_media":3998,"template":"","meta":{"ocean_post_layout":"","ocean_both_sidebars_style":"","ocean_both_sidebars_content_width":0,"ocean_both_sidebars_sidebars_width":0,"ocean_sidebar":"0","ocean_second_sidebar":"0","ocean_disable_margins":"enable","ocean_add_body_class":"","ocean_shortcode_before_top_bar":"","ocean_shortcode_after_top_bar":"","ocean_shortcode_before_header":"","ocean_shortcode_after_header":"","ocean_has_shortcode":"","ocean_shortcode_after_title":"","ocean_shortcode_before_footer_widgets":"","ocean_shortcode_after_footer_widgets":"","ocean_shortcode_before_footer_bottom":"","ocean_shortcode_after_footer_bottom":"","ocean_display_top_bar":"default","ocean_display_header":"default","ocean_header_style":"","ocean_center_header_left_menu":"0","ocean_custom_header_template":"0","ocean_custom_logo":0,"ocean_custom_retina_logo":0,"ocean_custom_logo_max_width":0,"ocean_custom_logo_tablet_max_width":0,"ocean_custom_logo_mobile_max_width":0,"ocean_custom_logo_max_height":0,"ocean_custom_logo_tablet_max_height":0,"ocean_custom_logo_mobile_max_height":0,"ocean_header_custom_menu":"0","ocean_menu_typo_font_family":"0","ocean_menu_typo_font_subset":"","ocean_menu_typo_font_size":0,"ocean_menu_typo_font_size_tablet":0,"ocean_menu_typo_font_size_mobile":0,"ocean_menu_typo_font_size_unit":"px","ocean_menu_typo_font_weight":"","ocean_menu_typo_font_weight_tablet":"","ocean_menu_typo_font_weight_mobile":"","ocean_menu_typo_transform":"","ocean_menu_typo_transform_tablet":"","ocean_menu_typo_transform_mobile":"","ocean_menu_typo_line_height":0,"ocean_menu_typo_line_height_tablet":0,"ocean_menu_typo_line_height_mobile":0,"ocean_menu_typo_line_height_unit":"","ocean_menu_typo_spacing":0,"ocean_menu_typo_spacing_tablet":0,"ocean_menu_typo_spacing_mobile":0,"ocean_menu_typo_spacing_unit":"","ocean_menu_link_color":"","ocean_menu_link_color_hover":"","ocean_menu_link_color_active":"","ocean_menu_link_background":"","ocean_menu_link_hover_background":"","ocean_menu_link_active_background":"","ocean_menu_social_links_bg":"","ocean_menu_social_hover_links_bg":"","ocean_menu_social_links_color":"","ocean_menu_social_hover_links_color":"","ocean_disable_title":"default","ocean_disable_heading":"default","ocean_post_title":"","ocean_post_subheading":"","ocean_post_title_style":"","ocean_post_title_background_color":"","ocean_post_title_background":0,"ocean_post_title_bg_image_position":"","ocean_post_title_bg_image_attachment":"","ocean_post_title_bg_image_repeat":"","ocean_post_title_bg_image_size":"","ocean_post_title_height":0,"ocean_post_title_bg_overlay":0.5,"ocean_post_title_bg_overlay_color":"","ocean_disable_breadcrumbs":"default","ocean_breadcrumbs_color":"","ocean_breadcrumbs_separator_color":"","ocean_breadcrumbs_links_color":"","ocean_breadcrumbs_links_hover_color":"","ocean_display_footer_widgets":"default","ocean_display_footer_bottom":"default","ocean_custom_footer_template":"0","osh_disable_topbar_sticky":"default","osh_disable_header_sticky":"default","osh_sticky_header_style":"default","osh_sticky_header_effect":"","osh_custom_sticky_logo":0,"osh_custom_retina_sticky_logo":0,"osh_custom_sticky_logo_height":0,"osh_background_color":"","osh_links_color":"","osh_links_hover_color":"","osh_links_active_color":"","osh_links_bg_color":"","osh_links_hover_bg_color":"","osh_links_active_bg_color":"","osh_menu_social_links_color":"","osh_menu_social_hover_links_color":""},"product_brand":[],"product_cat":[38,37],"product_tag":[185,76,93,320,92],"class_list":{"0":"post-3997","1":"product","2":"type-product","3":"status-publish","4":"has-post-thumbnail","6":"product_cat-electric-pressure-relief-pumps","7":"product_cat-single-line-grease-systems","8":"product_tag-electric-grease-pump","9":"product_tag-electric-lubrication-system","10":"product_tag-pressure-relief-lubrication-pump","11":"product_tag-single-line-grease-pump","12":"product_tag-single-line-lubrication-pump","14":"entry","15":"has-media","17":"first","18":"instock","19":"shipping-taxable","20":"product-type-external","21":"col","22":"span_1_of_3","23":"owp-content-center","24":"owp-thumbs-layout-horizontal","25":"owp-btn-very-big","26":"owp-tabs-layout-horizontal"},"_links":{"self":[{"href":"https:\/\/www.jinpinlub.com\/vi\/wp-json\/wp\/v2\/product\/3997","targetHints":{"allow":["GET"]}}],"collection":[{"href":"https:\/\/www.jinpinlub.com\/vi\/wp-json\/wp\/v2\/product"}],"about":[{"href":"https:\/\/www.jinpinlub.com\/vi\/wp-json\/wp\/v2\/types\/product"}],"wp:featuredmedia":[{"embeddable":true,"href":"https:\/\/www.jinpinlub.com\/vi\/wp-json\/wp\/v2\/media\/3998"}],"wp:attachment":[{"href":"https:\/\/www.jinpinlub.com\/vi\/wp-json\/wp\/v2\/media?parent=3997"}],"wp:term":[{"taxonomy":"product_brand","embeddable":true,"href":"https:\/\/www.jinpinlub.com\/vi\/wp-json\/wp\/v2\/product_brand?post=3997"},{"taxonomy":"product_cat","embeddable":true,"href":"https:\/\/www.jinpinlub.com\/vi\/wp-json\/wp\/v2\/product_cat?post=3997"},{"taxonomy":"product_tag","embeddable":true,"href":"https:\/\/www.jinpinlub.com\/vi\/wp-json\/wp\/v2\/product_tag?post=3997"}],"curies":[{"name":"wp","href":"https:\/\/api.w.org\/{rel}","templated":true}]}}