{"id":4002,"date":"2024-12-12T04:49:31","date_gmt":"2024-12-11T20:49:31","guid":{"rendered":"https:\/\/www.jinpinlub.com\/?post_type=product&#038;p=4002"},"modified":"2024-12-12T05:10:59","modified_gmt":"2024-12-11T21:10:59","slug":"he-thong-boi-tron-mo-dien-j100-co-cong-tac-muc","status":"publish","type":"product","link":"https:\/\/www.jinpinlub.com\/vi\/product\/j100-electric-grease-lubrication-system-with-level-switch\/","title":{"rendered":"H\u1ec7 th\u1ed1ng b\u00f4i tr\u01a1n m\u1ee1 \u0111i\u1ec7n J100 c\u00f3 c\u00f4ng t\u1eafc m\u1ee9c"},"content":{"rendered":"<h2>\u0110\u1eb7c tr\u01b0ng<\/h2>\n<p>\u2013 C\u1ea5u tr\u00fac nh\u1ecf g\u1ecdn: C\u1ea3 b\u01a1m b\u00f4i tr\u01a1n h\u1ed9p m\u1ef1c v\u00e0 b\u01a1m b\u00f4i tr\u01a1n b\u1ec3 ch\u1ee9a \u0111\u1ec1u \u0111\u01b0\u1ee3c thi\u1ebft k\u1ebf v\u1edbi c\u1ea5u tr\u00fac nh\u1ecf g\u1ecdn v\u00e0 d\u1ec5 l\u1eafp \u0111\u1eb7t. Ch\u00fang ph\u00f9 h\u1ee3p v\u1edbi c\u00e1c h\u1ec7 th\u1ed1ng c\u00f3 kh\u00f4ng gian l\u1eafp \u0111\u1eb7t h\u1ea1n ch\u1ebf v\u00e0 c\u00f3 th\u1ec3 x\u00e2y d\u1ef1ng h\u1ec7 th\u1ed1ng b\u00f4i tr\u01a1n m\u1ed9t \u0111\u01b0\u1eddng v\u1edbi \u00edt c\u00f4ng vi\u1ec7c l\u1eafp \u0111\u1eb7t h\u01a1n.<br \/>\n\u2013 Thay th\u1ebf h\u1ed9p m\u1ef1c thu\u1eadn ti\u1ec7n: Thi\u1ebft k\u1ebf h\u1ed9p m\u1ef1c c\u1ee7a b\u01a1m b\u00f4i tr\u01a1n cho ph\u00e9p thay th\u1ebf h\u1ed9p m\u1ef1c b\u00f4i tr\u01a1n nhanh ch\u00f3ng v\u00e0 d\u1ec5 d\u00e0ng \u0111\u1ec3 \u0111\u00e1p \u1ee9ng nhu c\u1ea7u c\u1ee7a kh\u00e1ch h\u00e0ng v\u00e0 t\u1ea1o \u0111i\u1ec1u ki\u1ec7n cho ng\u01b0\u1eddi s\u1eed d\u1ee5ng \u0111i\u1ec1u ch\u1ec9nh ch\u1ea5t b\u00f4i tr\u01a1n theo \u0111i\u1ec1u ki\u1ec7n th\u1ef1c t\u1ebf.<br \/>\n\u2013 Ch\u1ebf \u0111\u1ed9 truy\u1ec1n \u0111\u1ed9ng \u1ed5n \u0111\u1ecbnh: B\u01a1m b\u00f4i tr\u01a1n J100 s\u1eed d\u1ee5ng \u0111\u1ed9ng c\u01a1 \u0111i\u1ec7n \u0111\u1ec3 truy\u1ec1n \u0111\u1ed9ng piston ph\u00e2n ph\u1ed1i th\u00f4ng qua cam l\u1ec7ch t\u00e2m, c\u00f3 th\u1ec3 \u0111\u1ea3m b\u1ea3o truy\u1ec1n l\u1ef1c \u1ed5n \u0111\u1ecbnh v\u00e0 cho ph\u00e9p ch\u1ea5t b\u00f4i tr\u01a1n \u0111\u01b0\u1ee3c ph\u00e2n ph\u1ed1i li\u00ean t\u1ee5c v\u00e0 hi\u1ec7u qu\u1ea3 \u0111\u1ebfn \u0111\u1ea7u ra.<br \/>\n\u2013 B\u1ea3o v\u1ec7 \u0111i\u1ec1u ch\u1ec9nh \u00e1p su\u1ea5t: Van gi\u1ea3m \u00e1p gi\u1ea3i ph\u00f3ng \u00e1p su\u1ea5t h\u1ec7 th\u1ed1ng t\u00edch t\u1ee5 trong chu tr\u00ecnh b\u00f4i tr\u01a1n sau khi \u0111\u1ed9ng c\u01a1 b\u01a1m t\u1eaft, \u0111i\u1ec1u n\u00e0y r\u1ea5t c\u1ea7n thi\u1ebft cho ho\u1ea1t \u0111\u1ed9ng b\u00ecnh th\u01b0\u1eddng c\u1ee7a thi\u1ebft b\u1ecb \u0111o l\u01b0\u1eddng m\u1ed9t \u0111\u01b0\u1eddng. \u0110\u1ed3ng th\u1eddi, van gi\u1edbi h\u1ea1n \u00e1p su\u1ea5t c\u00f3 th\u1ec3 gi\u1edbi h\u1ea1n \u00e1p su\u1ea5t t\u1ed1i \u0111a c\u1ee7a h\u1ec7 th\u1ed1ng b\u00f4i tr\u01a1n t\u1eadp trung \u1edf m\u1ee9c 80bar \u0111\u1ec3 \u0111\u1ea3m b\u1ea3o h\u1ec7 th\u1ed1ng ho\u1ea1t \u0111\u1ed9ng an to\u00e0n.<\/p>\n<h2>\u0110\u1eb7c \u0111i\u1ec3m k\u1ef9 thu\u1eadt<\/h2>\n<table>\n<tbody>\n<tr>\n<td>Ng\u01b0\u1eddi m\u1eabu<\/td>\n<td>J100-5D<\/td>\n<\/tr>\n<tr>\n<td>Th\u1eddi gian b\u00f4i tr\u01a1n<\/td>\n<td>PLC ho\u1eb7c b\u1ed9 \u0111i\u1ec1u khi\u1ec3n b\u00ean ngo\u00e0i<\/td>\n<\/tr>\n<tr>\n<td>Kho\u1ea3ng th\u1eddi gian<\/td>\n<td>PLC ho\u1eb7c b\u1ed9 \u0111i\u1ec1u khi\u1ec3n b\u00ean ngo\u00e0i<\/td>\n<\/tr>\n<tr>\n<td>Nhi\u1ec7t \u0111\u1ed9 ho\u1ea1t \u0111\u1ed9ng<\/td>\n<td>0\u2103~ +50\u00b0C (\u0110i\u1ec1u ki\u1ec7n nhi\u1ec7t \u0111\u1ed9 th\u1ea5p c\u1ea7n m\u1ee1 ch\u1ed1ng \u0111\u00f4ng)<\/td>\n<\/tr>\n<tr>\n<td>S\u1ed1 l\u01b0\u1ee3ng c\u1eeda h\u00e0ng<\/td>\n<td>1 ho\u1eb7c 2<\/td>\n<\/tr>\n<tr>\n<td>S\u1ee9c ch\u1ee9a h\u1ed3 ch\u1ee9a<\/td>\n<td>0,3L, 0,5L, 0,7L, 1,5L<\/td>\n<\/tr>\n<tr>\n<td>N\u1ea1p l\u1ea1i<\/td>\n<td>C\u1ed5ng n\u1ea1p\/c\u00f3 th\u1ec3 th\u00e1o r\u1eddi\/h\u1ed9p m\u1ef1c<\/td>\n<\/tr>\n<tr>\n<td>Ch\u1ea5t b\u00f4i tr\u01a1n<\/td>\n<td>NLGI 000#~2#<\/td>\n<\/tr>\n<tr>\n<td>Van gi\u1ea3m \u00e1p<\/td>\n<td>Kh\u00f4ng b\u1eaft bu\u1ed9c<\/td>\n<\/tr>\n<tr>\n<td>Ph\u00f3ng \u0111i\u1ec7n<\/td>\n<td>15 mL\/ph\u00fat<\/td>\n<\/tr>\n<tr>\n<td>\u00c1p su\u1ea5t v\u1eadn h\u00e0nh t\u1ed1i \u0111a<\/td>\n<td>8,0MPa<\/td>\n<\/tr>\n<tr>\n<td>Ch\u1ee7 \u0111\u1ec1 k\u1ebft n\u1ed1i<\/td>\n<td>\u0110\u1ea7u ra \u03a66<\/td>\n<\/tr>\n<tr>\n<td>\u0110i\u1ec7n \u00e1p ho\u1ea1t \u0111\u1ed9ng<\/td>\n<td>24VDC<\/td>\n<\/tr>\n<tr>\n<td>Ch\u1ee9ng nh\u1eadn<\/td>\n<td>Ti\u00eau chu\u1ea9n<\/td>\n<\/tr>\n<tr>\n<td>C\u00f4ng t\u1eafc m\u1ee9c th\u1ea5p<\/td>\n<td>Li\u00ean h\u1ec7 NC<\/td>\n<\/tr>\n<\/tbody>\n<\/table>\n<h2>C\u00e1c bi\u1ec7n ph\u00e1p ph\u00f2ng ng\u1eeba<\/h2>\n<p>\u2013 Tr\u01b0\u1edbc khi k\u1ebft n\u1ed1i \u1ed1ng v\u1edbi \u0111i\u1ec3m b\u00f4i tr\u01a1n, tr\u01b0\u1edbc ti\u00ean h\u00e3y n\u1ea1p \u0111\u1ea7y \u0111o\u1ea1n \u1ed1ng d\u00e0i \u0111\u1ec3 gi\u00fap lo\u1ea1i b\u1ecf kh\u00f4ng kh\u00ed kh\u1ecfi h\u1ec7 th\u1ed1ng b\u00f4i tr\u01a1n t\u1eadp trung.<br \/>\n\u2013 L\u1eafp \u0111\u01b0\u1eddng \u1ed1ng b\u00f4i tr\u01a1n v\u00e0o thi\u1ebft b\u1ecb \u0111o h\u1ec7 th\u1ed1ng b\u00f4i tr\u01a1n nh\u01b0ng ch\u01b0a k\u1ebft n\u1ed1i v\u1edbi c\u1ee5m b\u01a1m piston.<br \/>\n\u2013 \u0110\u1ed1i v\u1edbi b\u01a1m b\u00f4i tr\u01a1n lo\u1ea1i h\u1ed9p m\u1ef1c, v\u1eb7n h\u1ed9p m\u1ef1c v\u00e0o. \u0110\u1ed1i v\u1edbi b\u01a1m b\u00f4i tr\u01a1n lo\u1ea1i th\u00f9ng, \u0111\u1ed5 \u0111\u1ea7y th\u00f9ng v\u00e0 \u0111\u1ea3m b\u1ea3o h\u1ed9p m\u1ef1c ho\u1eb7c th\u00f9ng \u0111\u00e3 s\u1eb5n s\u00e0ng.<br \/>\n\u2013 Xoay v\u00edt th\u00f4ng h\u01a1i b\u01a1m b\u00f4i tr\u01a1n m\u1ed9t v\u00f2ng, nh\u1ea5n v\u00e0 gi\u1eef n\u00fat x\u1ea3 cho \u0111\u1ebfn khi ch\u1ea5t b\u00f4i tr\u01a1n kh\u00f4ng c\u00f3 b\u1ecdt kh\u00ed \u0111\u01b0\u1ee3c x\u1ea3 ra kh\u1ecfi v\u00edt th\u00f4ng h\u01a1i. Qu\u00e1 tr\u00ecnh n\u00e0y c\u00f3 th\u1ec3 \u0111\u1ea9y kh\u00f4ng kh\u00ed ra kh\u1ecfi th\u00e2n b\u01a1m v\u00e0 c\u00e1c \u0111\u01b0\u1eddng \u1ed1ng g\u1ea7n \u0111\u00f3. Sau \u0111\u00f3 si\u1ebft ch\u1eb7t v\u00edt th\u00f4ng h\u01a1i \u0111\u1ec3 ng\u0103n kh\u00f4ng kh\u00ed x\u00e2m nh\u1eadp l\u1ea1i v\u00e0o h\u1ec7 th\u1ed1ng.<br \/>\n\u2013 N\u1ed1i \u0111\u01b0\u1eddng \u1ed1ng b\u00f4i tr\u01a1n v\u1edbi \u0111\u1ea7u ra c\u1ee7a b\u01a1m, nh\u1ea5n v\u00e0 gi\u1eef n\u00fat x\u1ea3 cho \u0111\u1ebfn khi ch\u1ea5t b\u00f4i tr\u01a1n kh\u00f4ng c\u00f3 b\u1ecdt kh\u00ed \u0111\u01b0\u1ee3c x\u1ea3 ra kh\u1ecfi \u0111\u01b0\u1eddng \u1ed1ng b\u00f4i tr\u01a1n, sau \u0111\u00f3 n\u1ed1i l\u1ea1i \u0111\u01b0\u1eddng \u1ed1ng b\u00f4i tr\u01a1n. \u0110i\u1ec1u n\u00e0y \u0111\u1ea3m b\u1ea3o r\u1eb1ng kh\u00f4ng kh\u00ed trong ph\u1ea7n \u0111\u01b0\u1eddng \u1ed1ng \u0111\u00e3 \u0111\u01b0\u1ee3c x\u1ea3 h\u1ebft.<br \/>\n\u2013 L\u1eb7p l\u1ea1i quy tr\u00ecnh x\u1ea3 kh\u00ed \u1edf tr\u00ean \u0111\u1ec3 x\u1ea3 kh\u00ed cho t\u1ea5t c\u1ea3 c\u00e1c thi\u1ebft b\u1ecb \u0111o nh\u1eb1m \u0111\u1ea3m b\u1ea3o kh\u00f4ng c\u00f3 kh\u00f4ng kh\u00ed n\u00e0o l\u1ecdt v\u00e0o to\u00e0n b\u1ed9 h\u1ec7 th\u1ed1ng b\u00f4i tr\u01a1n.<\/p>\n<h2>H\u01b0\u1edbng d\u1eabn s\u1eed d\u1ee5ng<\/h2>\n<div class=\"sdm_download_button_box_default\"><div class=\"sdm_download_link\"><a href=\"https:\/\/www.jinpinlub.com\/vi\/?sdm_process_download=1&download_id=3960\" class=\"sdm_download white\" title=\"Ri\u00eang t\u01b0: J100 Electric Grease Pump\" target=\"&quot;_blank&quot;\">Xem B\u1ea3ng d\u1eef li\u1ec7u - B\u01a1m m\u1ee1 J100<\/a><\/div><\/div>","protected":false},"excerpt":{"rendered":"<p>\u0110\u1ed9ng c\u01a1 \u0111i\u1ec7n J100 d\u1eabn \u0111\u1ed9ng piston, \u0111\u01b0a ch\u1ea5t b\u00f4i tr\u01a1n \u0111\u1ebfn \u0111\u1ea7u ra c\u1ee7a b\u01a1m th\u00f4ng qua van \u0111i\u1ec1u khi\u1ec3n v\u00e0 sau \u0111\u00f3 cung c\u1ea5p cho thi\u1ebft b\u1ecb \u0111o l\u01b0\u1eddng m\u1ed9t \u0111\u01b0\u1eddng. H\u1ec7 th\u1ed1ng \u0111i\u1ec1u khi\u1ec3n ki\u1ec3m so\u00e1t chu tr\u00ecnh b\u00f4i tr\u01a1n v\u00e0 c\u00f4ng t\u1eafc \u00e1p su\u1ea5t theo d\u00f5i \u00e1p su\u1ea5t h\u1ec7 th\u1ed1ng.<\/p>","protected":false},"featured_media":4003,"template":"","meta":{"ocean_post_layout":"","ocean_both_sidebars_style":"","ocean_both_sidebars_content_width":0,"ocean_both_sidebars_sidebars_width":0,"ocean_sidebar":"0","ocean_second_sidebar":"0","ocean_disable_margins":"enable","ocean_add_body_class":"","ocean_shortcode_before_top_bar":"","ocean_shortcode_after_top_bar":"","ocean_shortcode_before_header":"","ocean_shortcode_after_header":"","ocean_has_shortcode":"","ocean_shortcode_after_title":"","ocean_shortcode_before_footer_widgets":"","ocean_shortcode_after_footer_widgets":"","ocean_shortcode_before_footer_bottom":"","ocean_shortcode_after_footer_bottom":"","ocean_display_top_bar":"default","ocean_display_header":"default","ocean_header_style":"","ocean_center_header_left_menu":"0","ocean_custom_header_template":"0","ocean_custom_logo":0,"ocean_custom_retina_logo":0,"ocean_custom_logo_max_width":0,"ocean_custom_logo_tablet_max_width":0,"ocean_custom_logo_mobile_max_width":0,"ocean_custom_logo_max_height":0,"ocean_custom_logo_tablet_max_height":0,"ocean_custom_logo_mobile_max_height":0,"ocean_header_custom_menu":"0","ocean_menu_typo_font_family":"0","ocean_menu_typo_font_subset":"","ocean_menu_typo_font_size":0,"ocean_menu_typo_font_size_tablet":0,"ocean_menu_typo_font_size_mobile":0,"ocean_menu_typo_font_size_unit":"px","ocean_menu_typo_font_weight":"","ocean_menu_typo_font_weight_tablet":"","ocean_menu_typo_font_weight_mobile":"","ocean_menu_typo_transform":"","ocean_menu_typo_transform_tablet":"","ocean_menu_typo_transform_mobile":"","ocean_menu_typo_line_height":0,"ocean_menu_typo_line_height_tablet":0,"ocean_menu_typo_line_height_mobile":0,"ocean_menu_typo_line_height_unit":"","ocean_menu_typo_spacing":0,"ocean_menu_typo_spacing_tablet":0,"ocean_menu_typo_spacing_mobile":0,"ocean_menu_typo_spacing_unit":"","ocean_menu_link_color":"","ocean_menu_link_color_hover":"","ocean_menu_link_color_active":"","ocean_menu_link_background":"","ocean_menu_link_hover_background":"","ocean_menu_link_active_background":"","ocean_menu_social_links_bg":"","ocean_menu_social_hover_links_bg":"","ocean_menu_social_links_color":"","ocean_menu_social_hover_links_color":"","ocean_disable_title":"default","ocean_disable_heading":"default","ocean_post_title":"","ocean_post_subheading":"","ocean_post_title_style":"","ocean_post_title_background_color":"","ocean_post_title_background":0,"ocean_post_title_bg_image_position":"","ocean_post_title_bg_image_attachment":"","ocean_post_title_bg_image_repeat":"","ocean_post_title_bg_image_size":"","ocean_post_title_height":0,"ocean_post_title_bg_overlay":0.5,"ocean_post_title_bg_overlay_color":"","ocean_disable_breadcrumbs":"default","ocean_breadcrumbs_color":"","ocean_breadcrumbs_separator_color":"","ocean_breadcrumbs_links_color":"","ocean_breadcrumbs_links_hover_color":"","ocean_display_footer_widgets":"default","ocean_display_footer_bottom":"default","ocean_custom_footer_template":"0","osh_disable_topbar_sticky":"default","osh_disable_header_sticky":"default","osh_sticky_header_style":"default","osh_sticky_header_effect":"","osh_custom_sticky_logo":0,"osh_custom_retina_sticky_logo":0,"osh_custom_sticky_logo_height":0,"osh_background_color":"","osh_links_color":"","osh_links_hover_color":"","osh_links_active_color":"","osh_links_bg_color":"","osh_links_hover_bg_color":"","osh_links_active_bg_color":"","osh_menu_social_links_color":"","osh_menu_social_hover_links_color":""},"product_brand":[],"product_cat":[38,37],"product_tag":[74,185,76,93,92],"class_list":{"0":"post-4002","1":"product","2":"type-product","3":"status-publish","4":"has-post-thumbnail","6":"product_cat-electric-pressure-relief-pumps","7":"product_cat-single-line-grease-systems","8":"product_tag-automatic-lubrication-pump","9":"product_tag-electric-grease-pump","10":"product_tag-electric-lubrication-system","11":"product_tag-pressure-relief-lubrication-pump","12":"product_tag-single-line-lubrication-pump","14":"entry","15":"has-media","17":"first","18":"instock","19":"shipping-taxable","20":"product-type-external","21":"col","22":"span_1_of_3","23":"owp-content-center","24":"owp-thumbs-layout-horizontal","25":"owp-btn-very-big","26":"owp-tabs-layout-horizontal"},"_links":{"self":[{"href":"https:\/\/www.jinpinlub.com\/vi\/wp-json\/wp\/v2\/product\/4002","targetHints":{"allow":["GET"]}}],"collection":[{"href":"https:\/\/www.jinpinlub.com\/vi\/wp-json\/wp\/v2\/product"}],"about":[{"href":"https:\/\/www.jinpinlub.com\/vi\/wp-json\/wp\/v2\/types\/product"}],"wp:featuredmedia":[{"embeddable":true,"href":"https:\/\/www.jinpinlub.com\/vi\/wp-json\/wp\/v2\/media\/4003"}],"wp:attachment":[{"href":"https:\/\/www.jinpinlub.com\/vi\/wp-json\/wp\/v2\/media?parent=4002"}],"wp:term":[{"taxonomy":"product_brand","embeddable":true,"href":"https:\/\/www.jinpinlub.com\/vi\/wp-json\/wp\/v2\/product_brand?post=4002"},{"taxonomy":"product_cat","embeddable":true,"href":"https:\/\/www.jinpinlub.com\/vi\/wp-json\/wp\/v2\/product_cat?post=4002"},{"taxonomy":"product_tag","embeddable":true,"href":"https:\/\/www.jinpinlub.com\/vi\/wp-json\/wp\/v2\/product_tag?post=4002"}],"curies":[{"name":"wp","href":"https:\/\/api.w.org\/{rel}","templated":true}]}}