{"id":4008,"date":"2024-12-12T05:23:20","date_gmt":"2024-12-11T21:23:20","guid":{"rendered":"https:\/\/www.jinpinlub.com\/?post_type=product&#038;p=4008"},"modified":"2024-12-12T05:41:01","modified_gmt":"2024-12-11T21:41:01","slug":"may-bom-mo-boi-tron-tu-dong-dien-j100-7c-24vdc","status":"publish","type":"product","link":"https:\/\/www.jinpinlub.com\/vi\/product\/j100-7c-24vdc-electric-automatic-grease-lubrication-pumps\/","title":{"rendered":"M\u00e1y b\u01a1m m\u1ee1 b\u00f4i tr\u01a1n t\u1ef1 \u0111\u1ed9ng \u0111i\u1ec7n J100-7C 24VDC"},"content":{"rendered":"<h2>\u0110\u1eb7c tr\u01b0ng<\/h2>\n<p>\u2013 Truy\u1ec1n \u0111\u1ed9ng \u0111i\u1ec7n: \u0110\u1ed9ng c\u01a1 \u0111i\u1ec7n d\u1eabn \u0111\u1ed9ng c\u1ee5m b\u01a1m piston c\u1ee7a b\u01a1m b\u00f4i tr\u01a1n J100 v\u00e0 th\u00f4ng qua b\u1ed9 ph\u1eadn l\u1ec7ch t\u00e2m, d\u1eabn \u0111\u1ed9ng piston ph\u00e2n ph\u1ed1i theo h\u01b0\u1edbng tr\u1ee5c.<br \/>\n\u2013 Cung c\u1ea5p ch\u1ea5t b\u00f4i tr\u01a1n: Piston cung c\u1ea5p \u0111\u1ea9y ch\u1ea5t b\u00f4i tr\u01a1n t\u1eeb h\u1ed9p m\u1ef1c b\u00f4i tr\u01a1n ho\u1eb7c b\u1ec3 ch\u1ee9a d\u1ea7u c\u1ee7a b\u01a1m b\u00f4i tr\u01a1n th\u00f4ng qua van \u0111i\u1ec1u khi\u1ec3n b\u00ean trong \u0111\u1ebfn \u0111\u1ea7u ra ch\u1ea5t b\u00f4i tr\u01a1n.<br \/>\n\u2013 Gi\u1ea3m \u00e1p su\u1ea5t: Sau chu tr\u00ecnh b\u00f4i tr\u01a1n, khi t\u1eaft \u0111\u1ed9ng c\u01a1 b\u01a1m b\u00f4i tr\u01a1n, van gi\u1ea3m \u00e1p s\u1ebd gi\u1ea3i ph\u00f3ng \u00e1p su\u1ea5t h\u1ec7 th\u1ed1ng theo y\u00eau c\u1ea7u c\u1ee7a c\u00e1c thi\u1ebft b\u1ecb \u0111o \u00e1p su\u1ea5t m\u1ed9t \u0111\u01b0\u1eddng.<br \/>\n\u2013 Gi\u1edbi h\u1ea1n \u00e1p su\u1ea5t: Van gi\u1edbi h\u1ea1n \u00e1p su\u1ea5t t\u00edch h\u1ee3p gi\u1edbi h\u1ea1n \u00e1p su\u1ea5t h\u1ec7 th\u1ed1ng t\u1ed1i \u0111a c\u1ee7a h\u1ec7 th\u1ed1ng b\u00f4i tr\u01a1n t\u1eadp trung \u1edf m\u1ee9c 80 bar.<br \/>\n\u2013 Cung c\u1ea5p ch\u1ea5t b\u00f4i tr\u01a1n: Ch\u1ea5t b\u00f4i tr\u01a1n c\u00f3 th\u1ec3 \u0111\u01b0\u1ee3c cung c\u1ea5p th\u00f4ng qua h\u1ed9p m\u1ef1c b\u00f4i tr\u01a1n d\u00f9ng m\u1ed9t l\u1ea7n ho\u1eb7c b\u00ecnh ch\u1ee9a d\u1ea7u.<br \/>\n\u2013 Theo d\u00f5i m\u1ee9c \u0111\u1ed9 \u0111\u1ea7y: B\u01a1m b\u00f4i tr\u01a1n J100 c\u00f3 th\u1ec3 \u0111\u01b0\u1ee3c trang b\u1ecb th\u00eam c\u00f4ng t\u1eafc m\u1ee9c \u0111\u1ed9 \u0111\u1ea7y \u0111\u1ec3 theo d\u00f5i m\u1ee9c \u0111\u1ed9 \u0111\u1ea7y t\u1ed1i thi\u1ec3u.<\/p>\n<h2>\u0110\u1eb7c \u0111i\u1ec3m k\u1ef9 thu\u1eadt<\/h2>\n<table>\n<tbody>\n<tr>\n<td>Ng\u01b0\u1eddi m\u1eabu<\/td>\n<td>J100-3C<\/td>\n<\/tr>\n<tr>\n<td>Th\u1eddi gian b\u00f4i tr\u01a1n<\/td>\n<td>PLC ho\u1eb7c b\u1ed9 \u0111i\u1ec1u khi\u1ec3n b\u00ean ngo\u00e0i<\/td>\n<\/tr>\n<tr>\n<td>Kho\u1ea3ng th\u1eddi gian<\/td>\n<td>PLC ho\u1eb7c b\u1ed9 \u0111i\u1ec1u khi\u1ec3n b\u00ean ngo\u00e0i<\/td>\n<\/tr>\n<tr>\n<td>Nhi\u1ec7t \u0111\u1ed9 ho\u1ea1t \u0111\u1ed9ng<\/td>\n<td>0\u2103~ +50\u00b0C (\u0110i\u1ec1u ki\u1ec7n nhi\u1ec7t \u0111\u1ed9 th\u1ea5p c\u1ea7n m\u1ee1 ch\u1ed1ng \u0111\u00f4ng)<\/td>\n<\/tr>\n<tr>\n<td>S\u1ed1 l\u01b0\u1ee3ng c\u1eeda h\u00e0ng<\/td>\n<td>1 ho\u1eb7c 2<\/td>\n<\/tr>\n<tr>\n<td>S\u1ee9c ch\u1ee9a h\u1ed3 ch\u1ee9a<\/td>\n<td>0,3L, 0,5L, 0,7L, 1,5L<\/td>\n<\/tr>\n<tr>\n<td>N\u1ea1p l\u1ea1i<\/td>\n<td>C\u1ed5ng n\u1ea1p\/c\u00f3 th\u1ec3 th\u00e1o r\u1eddi\/h\u1ed9p m\u1ef1c<\/td>\n<\/tr>\n<tr>\n<td>Ch\u1ea5t b\u00f4i tr\u01a1n<\/td>\n<td>NLGI 000#~2#<\/td>\n<\/tr>\n<tr>\n<td>Van gi\u1ea3m \u00e1p<\/td>\n<td>Kh\u00f4ng b\u1eaft bu\u1ed9c<\/td>\n<\/tr>\n<tr>\n<td>Ph\u00f3ng \u0111i\u1ec7n<\/td>\n<td>15 mL\/ph\u00fat<\/td>\n<\/tr>\n<tr>\n<td>\u00c1p su\u1ea5t v\u1eadn h\u00e0nh t\u1ed1i \u0111a<\/td>\n<td>8,0MPa<\/td>\n<\/tr>\n<tr>\n<td>Ch\u1ee7 \u0111\u1ec1 k\u1ebft n\u1ed1i<\/td>\n<td>\u0110\u1ea7u ra \u03a66<\/td>\n<\/tr>\n<tr>\n<td>\u0110i\u1ec7n \u00e1p ho\u1ea1t \u0111\u1ed9ng<\/td>\n<td>24VDC<\/td>\n<\/tr>\n<tr>\n<td>Ch\u1ee9ng nh\u1eadn<\/td>\n<td>Ti\u00eau chu\u1ea9n<\/td>\n<\/tr>\n<tr>\n<td>C\u00f4ng t\u1eafc m\u1ee9c th\u1ea5p<\/td>\n<td>Li\u00ean h\u1ec7 NC<\/td>\n<\/tr>\n<\/tbody>\n<\/table>\n<h2>B\u1ea2O TR\u00cc<\/h2>\n<p>\u2013 Ki\u1ec3m tra m\u1ee9c ch\u1ea5t b\u00f4i tr\u01a1n: Ki\u1ec3m tra th\u01b0\u1eddng xuy\u00ean d\u1ef1a tr\u00ean s\u1ed1 chu k\u1ef3 b\u01a1m v\u00e0 c\u00e0i \u0111\u1eb7t h\u1ec7 th\u1ed1ng.<br \/>\n\u2013 Ki\u1ec3m tra r\u00f2 r\u1ec9 h\u1ec7 th\u1ed1ng: Ki\u1ec3m tra r\u00f2 r\u1ec9 \u1edf c\u00e1c b\u1ed9 ph\u1eadn c\u1ee7a h\u1ec7 th\u1ed1ng trong m\u1ed7i l\u1ea7n n\u1ea1p n\u01b0\u1edbc v\u00e0o m\u00e1y b\u01a1m v\u00e0 kh\u1eafc ph\u1ee5c ngay l\u1eadp t\u1ee9c.<br \/>\n\u2013 An to\u00e0n \u0111i\u1ec7n: C\u00e1p c\u1ee7a b\u01a1m b\u00f4i tr\u01a1n \u0111i\u1ec7n ph\u1ea3i \u0111\u01b0\u1ee3c ki\u1ec3m tra th\u01b0\u1eddng xuy\u00ean \u0111\u1ec3 ph\u00e1t hi\u1ec7n h\u01b0 h\u1ecfng. M\u1ecdi c\u00f4ng vi\u1ec7c v\u1ec1 \u0111i\u1ec7n, ch\u1eb3ng h\u1ea1n nh\u01b0 s\u1eeda ch\u1eefa v\u00e0 c\u1ea3i ti\u1ebfn, ph\u1ea3i \u0111\u01b0\u1ee3c th\u1ef1c hi\u1ec7n b\u1edfi m\u1ed9t k\u1ef9 thu\u1eadt vi\u00ean c\u00f3 tr\u00ecnh \u0111\u1ed9 sau khi ng\u1eaft ngu\u1ed3n \u0111i\u1ec7n.<br \/>\n\u2013 V\u1ec7 sinh v\u00e0 ph\u00f2ng ng\u1eeba nhi\u1ec5m b\u1ea9n: S\u1eed d\u1ee5ng ch\u1ea5t t\u1ea9y r\u1eeda t\u01b0\u01a1ng th\u00edch \u0111\u1ec3 tr\u00e1nh nhi\u1ec5m b\u1ea9n b\u01a1m b\u00f4i tr\u01a1n J100.<br \/>\n\u2013 Th\u1ef1c hi\u1ec7n c\u00e1c quy tr\u00ecnh an to\u00e0n: Tr\u01b0\u1edbc khi b\u1eaft \u0111\u1ea7u b\u1ea5t k\u1ef3 c\u00f4ng vi\u1ec7c b\u1ea3o tr\u00ec, v\u1ec7 sinh ho\u1eb7c s\u1eeda ch\u1eefa n\u00e0o tr\u00ean m\u00e1y b\u01a1m, h\u00e3y \u0111\u1ea3m b\u1ea3o c\u00e1c bi\u1ec7n ph\u00e1p an to\u00e0n sau \u0111\u00e2y \u0111\u01b0\u1ee3c th\u1ef1c hi\u1ec7n nghi\u00eam ng\u1eb7t: ng\u1eaft ngu\u1ed3n \u0111i\u1ec7n, gi\u1ea3m \u00e1p, kh\u00f3a\/g\u1eafn th\u1ebb thi\u1ebft b\u1ecb v\u00e0 thi\u1ebft b\u1ecb b\u1ea3o v\u1ec7 c\u00e1 nh\u00e2n.<\/p>\n<h2>H\u01b0\u1edbng d\u1eabn s\u1eed d\u1ee5ng<\/h2>\n<div class=\"sdm_download_button_box_default\"><div class=\"sdm_download_link\"><a href=\"https:\/\/www.jinpinlub.com\/vi\/?sdm_process_download=1&download_id=3960\" class=\"sdm_download white\" title=\"Ri\u00eang t\u01b0: J100 Electric Grease Pump\" target=\"&quot;_blank&quot;\">Xem B\u1ea3ng d\u1eef li\u1ec7u - B\u01a1m m\u1ee1 J100<\/a><\/div><\/div>","protected":false},"excerpt":{"rendered":"<p>M\u00e1y b\u01a1m piston \u0111i\u1ec7n d\u00f2ng J100 l\u00e0 thi\u1ebft b\u1ecb d\u00e0nh cho h\u1ec7 th\u1ed1ng b\u00f4i tr\u01a1n t\u1eadp trung m\u1ed9t d\u00f2ng, c\u00f3 thi\u1ebft k\u1ebf nh\u1ecf g\u1ecdn, thay th\u1ebf h\u1ed9p m\u1ef1c b\u00f4i tr\u01a1n nhanh ch\u00f3ng, cung c\u1ea5p ch\u1ea5t b\u00f4i tr\u01a1n hai \u0111\u1ea7u ra, h\u1ec7 th\u1ed1ng \u0111i\u1ec1u khi\u1ec3n t\u1ef1 \u0111\u1ed9ng v\u00e0 ch\u1ea5t b\u00f4i tr\u01a1n \u0111\u1ea7u ra ch\u00ednh x\u00e1c.<\/p>","protected":false},"featured_media":4009,"template":"","meta":{"ocean_post_layout":"","ocean_both_sidebars_style":"","ocean_both_sidebars_content_width":0,"ocean_both_sidebars_sidebars_width":0,"ocean_sidebar":"0","ocean_second_sidebar":"0","ocean_disable_margins":"enable","ocean_add_body_class":"","ocean_shortcode_before_top_bar":"","ocean_shortcode_after_top_bar":"","ocean_shortcode_before_header":"","ocean_shortcode_after_header":"","ocean_has_shortcode":"","ocean_shortcode_after_title":"","ocean_shortcode_before_footer_widgets":"","ocean_shortcode_after_footer_widgets":"","ocean_shortcode_before_footer_bottom":"","ocean_shortcode_after_footer_bottom":"","ocean_display_top_bar":"default","ocean_display_header":"default","ocean_header_style":"","ocean_center_header_left_menu":"0","ocean_custom_header_template":"0","ocean_custom_logo":0,"ocean_custom_retina_logo":0,"ocean_custom_logo_max_width":0,"ocean_custom_logo_tablet_max_width":0,"ocean_custom_logo_mobile_max_width":0,"ocean_custom_logo_max_height":0,"ocean_custom_logo_tablet_max_height":0,"ocean_custom_logo_mobile_max_height":0,"ocean_header_custom_menu":"0","ocean_menu_typo_font_family":"0","ocean_menu_typo_font_subset":"","ocean_menu_typo_font_size":0,"ocean_menu_typo_font_size_tablet":0,"ocean_menu_typo_font_size_mobile":0,"ocean_menu_typo_font_size_unit":"px","ocean_menu_typo_font_weight":"","ocean_menu_typo_font_weight_tablet":"","ocean_menu_typo_font_weight_mobile":"","ocean_menu_typo_transform":"","ocean_menu_typo_transform_tablet":"","ocean_menu_typo_transform_mobile":"","ocean_menu_typo_line_height":0,"ocean_menu_typo_line_height_tablet":0,"ocean_menu_typo_line_height_mobile":0,"ocean_menu_typo_line_height_unit":"","ocean_menu_typo_spacing":0,"ocean_menu_typo_spacing_tablet":0,"ocean_menu_typo_spacing_mobile":0,"ocean_menu_typo_spacing_unit":"","ocean_menu_link_color":"","ocean_menu_link_color_hover":"","ocean_menu_link_color_active":"","ocean_menu_link_background":"","ocean_menu_link_hover_background":"","ocean_menu_link_active_background":"","ocean_menu_social_links_bg":"","ocean_menu_social_hover_links_bg":"","ocean_menu_social_links_color":"","ocean_menu_social_hover_links_color":"","ocean_disable_title":"default","ocean_disable_heading":"default","ocean_post_title":"","ocean_post_subheading":"","ocean_post_title_style":"","ocean_post_title_background_color":"","ocean_post_title_background":0,"ocean_post_title_bg_image_position":"","ocean_post_title_bg_image_attachment":"","ocean_post_title_bg_image_repeat":"","ocean_post_title_bg_image_size":"","ocean_post_title_height":0,"ocean_post_title_bg_overlay":0.5,"ocean_post_title_bg_overlay_color":"","ocean_disable_breadcrumbs":"default","ocean_breadcrumbs_color":"","ocean_breadcrumbs_separator_color":"","ocean_breadcrumbs_links_color":"","ocean_breadcrumbs_links_hover_color":"","ocean_display_footer_widgets":"default","ocean_display_footer_bottom":"default","ocean_custom_footer_template":"0","osh_disable_topbar_sticky":"default","osh_disable_header_sticky":"default","osh_sticky_header_style":"default","osh_sticky_header_effect":"","osh_custom_sticky_logo":0,"osh_custom_retina_sticky_logo":0,"osh_custom_sticky_logo_height":0,"osh_background_color":"","osh_links_color":"","osh_links_hover_color":"","osh_links_active_color":"","osh_links_bg_color":"","osh_links_hover_bg_color":"","osh_links_active_bg_color":"","osh_menu_social_links_color":"","osh_menu_social_hover_links_color":""},"product_brand":[],"product_cat":[38,37],"product_tag":[377,321,376,73,76],"class_list":{"0":"post-4008","1":"product","2":"type-product","3":"status-publish","4":"has-post-thumbnail","6":"product_cat-electric-pressure-relief-pumps","7":"product_cat-single-line-grease-systems","8":"product_tag-automatic-grease-pump","9":"product_tag-automatic-lubrication-system","10":"product_tag-cartridge-lubrication-pump","11":"product_tag-electric-lubrication-pump","12":"product_tag-electric-lubrication-system","14":"entry","15":"has-media","17":"first","18":"instock","19":"shipping-taxable","20":"product-type-external","21":"col","22":"span_1_of_3","23":"owp-content-center","24":"owp-thumbs-layout-horizontal","25":"owp-btn-very-big","26":"owp-tabs-layout-horizontal"},"_links":{"self":[{"href":"https:\/\/www.jinpinlub.com\/vi\/wp-json\/wp\/v2\/product\/4008","targetHints":{"allow":["GET"]}}],"collection":[{"href":"https:\/\/www.jinpinlub.com\/vi\/wp-json\/wp\/v2\/product"}],"about":[{"href":"https:\/\/www.jinpinlub.com\/vi\/wp-json\/wp\/v2\/types\/product"}],"wp:featuredmedia":[{"embeddable":true,"href":"https:\/\/www.jinpinlub.com\/vi\/wp-json\/wp\/v2\/media\/4009"}],"wp:attachment":[{"href":"https:\/\/www.jinpinlub.com\/vi\/wp-json\/wp\/v2\/media?parent=4008"}],"wp:term":[{"taxonomy":"product_brand","embeddable":true,"href":"https:\/\/www.jinpinlub.com\/vi\/wp-json\/wp\/v2\/product_brand?post=4008"},{"taxonomy":"product_cat","embeddable":true,"href":"https:\/\/www.jinpinlub.com\/vi\/wp-json\/wp\/v2\/product_cat?post=4008"},{"taxonomy":"product_tag","embeddable":true,"href":"https:\/\/www.jinpinlub.com\/vi\/wp-json\/wp\/v2\/product_tag?post=4008"}],"curies":[{"name":"wp","href":"https:\/\/api.w.org\/{rel}","templated":true}]}}