{"id":4013,"date":"2024-12-12T17:45:07","date_gmt":"2024-12-12T09:45:07","guid":{"rendered":"https:\/\/www.jinpinlub.com\/?post_type=product&#038;p=4013"},"modified":"2024-12-13T05:49:02","modified_gmt":"2024-12-12T21:49:02","slug":"bom-boi-tron-mot-dong-j200-3r-de-boi-tron-chinh-xac","status":"publish","type":"product","link":"https:\/\/www.jinpinlub.com\/vi\/product\/j200-3r-single-line-lubrication-pump-for-precise-lubrication\/","title":{"rendered":"B\u01a1m b\u00f4i tr\u01a1n m\u1ed9t d\u00f2ng J200-3R \u0111\u1ec3 b\u00f4i tr\u01a1n ch\u00ednh x\u00e1c"},"content":{"rendered":"<h2>\u0110\u1eb7c tr\u01b0ng<\/h2>\n<p>\u2013 Cung c\u1ea5p ch\u1ea5t b\u00f4i tr\u01a1n ch\u00ednh x\u00e1c: vi\u1ec7c cung c\u1ea5p ch\u00ednh x\u00e1c m\u1ed9t l\u01b0\u1ee3ng nh\u1ecf ch\u1ea5t b\u00f4i tr\u01a1n \u0111\u01b0\u1ee3c th\u1ef1c hi\u1ec7n th\u00f4ng qua c\u00e1c van \u0111\u1ecbnh l\u01b0\u1ee3ng \u0111\u1ec3 \u0111\u1ea3m b\u1ea3o b\u00f4i tr\u01a1n ch\u00ednh x\u00e1c \u0111\u1ebfn t\u1eebng \u0111i\u1ec3m b\u00f4i tr\u01a1n c\u1ee7a m\u00e1y.<br \/>\n\u2013 C\u00f4ng t\u1eafc m\u1ee9c ch\u1ea5t l\u1ecfng: t\u00edch h\u1ee3p trong b\u1ed9 chuy\u1ec3n \u0111\u1ed5i h\u1ed9p m\u1ef1c, c\u00f3 th\u1ec3 d\u1eebng b\u01a1m k\u1ecbp th\u1eddi khi h\u1ed9p m\u1ef1c h\u1ebft d\u1ea7u, ng\u0103n ch\u1eb7n hi\u1ec7u qu\u1ea3 kh\u00f4ng kh\u00ed tr\u1ed9n v\u00e0o h\u1ec7 th\u1ed1ng b\u00f4i tr\u01a1n v\u00e0 \u0111\u1ea3m b\u1ea3o hi\u1ec7u qu\u1ea3 b\u00f4i tr\u01a1n.<br \/>\n\u2013 Thay h\u1ed9p m\u1ef1c d\u1ec5 d\u00e0ng: ch\u1ec9 c\u1ea7n th\u1ef1c hi\u1ec7n theo c\u00e1c b\u01b0\u1edbc nh\u01b0 xoay \u0111\u1ec3 th\u00e1o h\u1ed9p m\u1ef1c c\u0169, l\u1eafp h\u1ed9p m\u1ef1c m\u1edbi v\u00e0 v\u1eb7n ch\u1eb7t n\u1eafp.<br \/>\n\u2013 B\u00ecnh ch\u1ee9a c\u00f3 th\u1ec3 th\u00e1o r\u1eddi: phi\u00ean b\u1ea3n b\u00ecnh ch\u1ee9a c\u00f3 th\u1ec3 th\u00e1o r\u1eddi t\u00f9y ch\u1ecdn, kh\u00f4ng c\u1ea7n thay h\u1ed9p m\u1ef1c \u0111\u1ec3 n\u1ea1p m\u1ee1 nhi\u1ec1u l\u1ea7n m\u1ed9t c\u00e1ch \u0111\u01a1n gi\u1ea3n.<br \/>\n\u2013 Kh\u1ea3 n\u0103ng th\u00edch \u1ee9ng v\u1edbi m\u00f4i tr\u01b0\u1eddng m\u1ea1nh m\u1ebd: c\u00f3 th\u1ec3 ho\u1ea1t \u0111\u1ed9ng trong \u0111i\u1ec1u ki\u1ec7n nhi\u1ec7t \u0111\u1ed9 m\u00f4i tr\u01b0\u1eddng 0 \u2013 50\u00b0C v\u00e0 \u0111\u1ed9 \u1ea9m 35 \u2013 85%RH, y\u00eau c\u1ea7u \u0111\u1ed9 rung d\u01b0\u1edbi 9G (88m\/s\u00b2), c\u00f3 th\u1ec3 ch\u1ed1ng l\u1ea1i \u1ea3nh h\u01b0\u1edfng c\u1ee7a c\u00e1c y\u1ebfu t\u1ed1 m\u00f4i tr\u01b0\u1eddng b\u1ea5t l\u1ee3i nh\u01b0 n\u01b0\u1edbc, d\u1ea7u, m\u1ea3nh v\u1ee5n, b\u1ee5i, v.v. \u1edf m\u1ed9t m\u1ee9c \u0111\u1ed9 nh\u1ea5t \u0111\u1ecbnh.<\/p>\n<h2>\u0110\u1eb7c \u0111i\u1ec3m k\u1ef9 thu\u1eadt<\/h2>\n<table>\n<tbody>\n<tr>\n<td>Ng\u01b0\u1eddi m\u1eabu<\/td>\n<td>J200-3D<\/td>\n<\/tr>\n<tr>\n<td>Th\u1eddi gian b\u00f4i tr\u01a1n<\/td>\n<td>PLC ho\u1eb7c b\u1ed9 \u0111i\u1ec1u khi\u1ec3n b\u00ean ngo\u00e0i<\/td>\n<\/tr>\n<tr>\n<td>Kho\u1ea3ng th\u1eddi gian<\/td>\n<td>PLC ho\u1eb7c b\u1ed9 \u0111i\u1ec1u khi\u1ec3n b\u00ean ngo\u00e0i<\/td>\n<\/tr>\n<tr>\n<td>Nhi\u1ec7t \u0111\u1ed9 ho\u1ea1t \u0111\u1ed9ng<\/td>\n<td>0\u2103~ +50\u00b0C (\u0110i\u1ec1u ki\u1ec7n nhi\u1ec7t \u0111\u1ed9 th\u1ea5p c\u1ea7n m\u1ee1 ch\u1ed1ng \u0111\u00f4ng)<\/td>\n<\/tr>\n<tr>\n<td>S\u1ed1 l\u01b0\u1ee3ng c\u1eeda h\u00e0ng<\/td>\n<td>1 ho\u1eb7c 2<\/td>\n<\/tr>\n<tr>\n<td>S\u1ee9c ch\u1ee9a h\u1ed3 ch\u1ee9a<\/td>\n<td>0,3L, 0,5L, 0,7L<\/td>\n<\/tr>\n<tr>\n<td>N\u1ea1p l\u1ea1i<\/td>\n<td>B\u00ecnh ch\u1ee9a\/h\u1ed9p m\u1ef1c c\u00f3 th\u1ec3 th\u00e1o r\u1eddi<\/td>\n<\/tr>\n<tr>\n<td>Ch\u1ea5t b\u00f4i tr\u01a1n<\/td>\n<td>M\u1ee1 b\u00f4i tr\u01a1n c\u1ea5p NLGI 000~2#<\/td>\n<\/tr>\n<tr>\n<td>Van gi\u1ea3m \u00e1p<\/td>\n<td>\u0110\u00e3 l\u1eafp r\u00e1p<\/td>\n<\/tr>\n<tr>\n<td>Ph\u00f3ng \u0111i\u1ec7n<\/td>\n<td>7 mL\/ph\u00fat<\/td>\n<\/tr>\n<tr>\n<td>\u00c1p su\u1ea5t v\u1eadn h\u00e0nh t\u1ed1i \u0111a<\/td>\n<td>5.0 ho\u1eb7c 8.0 MPa<\/td>\n<\/tr>\n<tr>\n<td>Ch\u1ee7 \u0111\u1ec1 k\u1ebft n\u1ed1i<\/td>\n<td>\u0110\u1ea7u ra \u03a66<\/td>\n<\/tr>\n<tr>\n<td>\u0110i\u1ec7n \u00e1p ho\u1ea1t \u0111\u1ed9ng<\/td>\n<td>24VDC<\/td>\n<\/tr>\n<tr>\n<td>Ch\u1ee9ng nh\u1eadn<\/td>\n<td>Ti\u00eau chu\u1ea9n<\/td>\n<\/tr>\n<tr>\n<td>C\u00f4ng t\u1eafc m\u1ee9c th\u1ea5p<\/td>\n<td>Li\u00ean h\u1ec7 NC<\/td>\n<\/tr>\n<\/tbody>\n<\/table>\n<h2>D\u00e2y \u0111i\u1ec7n<\/h2>\n<p><span id=\"input-sentence~0\">\u2013 Tr\u00ecnh \u0111\u1ed9 nh\u00e2n s\u1ef1: Vi\u1ec7c \u0111\u1ea5u d\u00e2y b\u01a1m b\u00f4i tr\u01a1n ph\u1ea3i \u0111\u01b0\u1ee3c th\u1ef1c hi\u1ec7n b\u1edfi nh\u00e2n s\u1ef1 c\u00f3 tr\u00ecnh \u0111\u1ed9 chuy\u00ean m\u00f4n v\u1ec1 \u0111i\u1ec7n \u0111\u1ec3 \u0111\u1ea3m b\u1ea3o vi\u1ec7c \u0111\u1ea5u d\u00e2y ph\u00f9 h\u1ee3p v\u00e0 an to\u00e0n.<br \/>\n\u2013 X\u00e1c nh\u1eadn c\u1ef1c t\u00ednh: \u0110\u1ed9ng c\u01a1 c\u00f3 c\u1ef1c t\u00ednh. Khi k\u1ebft n\u1ed1i d\u00e2y (+) v\u00e0 (-), c\u1ea7n tham kh\u1ea3o s\u01a1 \u0111\u1ed3 \u0111\u1ec3 x\u00e1c nh\u1eadn c\u1ea9n th\u1eadn, tr\u00e1nh h\u1ecfng thi\u1ebft b\u1ecb do c\u1ef1c t\u00ednh kh\u00f4ng \u0111\u00fang.<\/span><span id=\"input-sentence~1\"><br \/>\n\u2013 Bi\u1ec7n ph\u00e1p c\u00e1ch \u0111i\u1ec7n: N\u1ebfu d\u00e2y t\u1eeb ngu\u1ed3n \u0111i\u1ec7n 24VDC c\u00f3 th\u1ec3 ti\u1ebfp x\u00fac v\u1edbi th\u00e2n b\u01a1m b\u00f4i tr\u01a1n, c\u01a1 th\u1ec3 ng\u01b0\u1eddi ho\u1eb7c c\u00e1c v\u1eadt th\u1ec3 xung quanh th\u00ec ph\u1ea3i s\u1eed d\u1ee5ng d\u00e2y c\u00e1ch \u0111i\u1ec7n \u0111\u1ec3 tr\u00e1nh r\u00f2 r\u1ec9 v\u00e0 tai n\u1ea1n \u0111i\u1ec7n gi\u1eadt.<br \/>\n\u2013 K\u1ebft n\u1ed1i \u0111\u1ea5t: K\u1ebft n\u1ed1i d\u00e2y \u0111\u1ea5t v\u1edbi b\u1ed9 ph\u1eadn \u0111\u01b0\u1ee3c ch\u1ec9 \u0111\u1ecbnh \u0111\u1ec3 tr\u00e1nh r\u00f2 r\u1ec9 v\u00e0 \u0111i\u1ec7n gi\u1eadt. \u0110\u1ed3ng th\u1eddi, \u0111\u1ec3 tr\u00e1nh h\u1ecfa ho\u1ea1n do qu\u00e1 d\u00f2ng, h\u00e3y ch\u00fa \u00fd \u0111\u1ebfn gi\u1edbi h\u1ea1n d\u00f2ng \u0111i\u1ec7n. N\u1ebfu d\u00f2ng \u0111i\u1ec7n v\u01b0\u1ee3t qu\u00e1 1,2A, c\u01a1 c\u1ea5u truy\u1ec1n \u0111\u1ed9ng b\u00ean trong c\u1ee7a b\u01a1m b\u00f4i tr\u01a1n s\u1ebd tr\u1edf v\u1ec1 v\u1ecb tr\u00ed ban \u0111\u1ea7u.<\/span><\/p>\n<h2>H\u01b0\u1edbng d\u1eabn s\u1eed d\u1ee5ng<\/h2>\n<div class=\"sdm_download_button_box_default\"><div class=\"sdm_download_link\"><a href=\"https:\/\/www.jinpinlub.com\/vi\/?sdm_process_download=1&download_id=3962\" class=\"sdm_download white\" title=\"Ri\u00eang t\u01b0: J200 Electric Pump\" target=\"&quot;_blank&quot;\">Xem B\u1ea3ng d\u1eef li\u1ec7u - B\u01a1m m\u1ee1 J200<\/a><\/div><\/div>","protected":false},"excerpt":{"rendered":"<p>J200 l\u00e0 thi\u1ebft b\u1ecb b\u00f4i tr\u01a1n hi\u1ec7u su\u1ea5t cao v\u1edbi c\u00e1c t\u00ednh n\u0103ng bao g\u1ed3m: Ngu\u1ed3n \u0111i\u1ec7n DC24V, l\u01b0u l\u01b0\u1ee3ng x\u1ea3 7ml\/ph\u00fat v\u00e0 \u00e1p su\u1ea5t x\u1ea3 5-8MPa. Th\u00edch h\u1ee3p cho nhi\u1ec1u \u1ee9ng d\u1ee5ng c\u00f4ng nghi\u1ec7p kh\u00e1c nhau \u0111\u1ec3 \u0111\u1ea3m b\u1ea3o thi\u1ebft b\u1ecb ho\u1ea1t \u0111\u1ed9ng \u1ed5n \u0111\u1ecbnh l\u00e2u d\u00e0i.<\/p>","protected":false},"featured_media":4014,"template":"","meta":{"ocean_post_layout":"","ocean_both_sidebars_style":"","ocean_both_sidebars_content_width":0,"ocean_both_sidebars_sidebars_width":0,"ocean_sidebar":"0","ocean_second_sidebar":"0","ocean_disable_margins":"enable","ocean_add_body_class":"","ocean_shortcode_before_top_bar":"","ocean_shortcode_after_top_bar":"","ocean_shortcode_before_header":"","ocean_shortcode_after_header":"","ocean_has_shortcode":"","ocean_shortcode_after_title":"","ocean_shortcode_before_footer_widgets":"","ocean_shortcode_after_footer_widgets":"","ocean_shortcode_before_footer_bottom":"","ocean_shortcode_after_footer_bottom":"","ocean_display_top_bar":"default","ocean_display_header":"default","ocean_header_style":"","ocean_center_header_left_menu":"0","ocean_custom_header_template":"0","ocean_custom_logo":0,"ocean_custom_retina_logo":0,"ocean_custom_logo_max_width":0,"ocean_custom_logo_tablet_max_width":0,"ocean_custom_logo_mobile_max_width":0,"ocean_custom_logo_max_height":0,"ocean_custom_logo_tablet_max_height":0,"ocean_custom_logo_mobile_max_height":0,"ocean_header_custom_menu":"0","ocean_menu_typo_font_family":"0","ocean_menu_typo_font_subset":"","ocean_menu_typo_font_size":0,"ocean_menu_typo_font_size_tablet":0,"ocean_menu_typo_font_size_mobile":0,"ocean_menu_typo_font_size_unit":"px","ocean_menu_typo_font_weight":"","ocean_menu_typo_font_weight_tablet":"","ocean_menu_typo_font_weight_mobile":"","ocean_menu_typo_transform":"","ocean_menu_typo_transform_tablet":"","ocean_menu_typo_transform_mobile":"","ocean_menu_typo_line_height":0,"ocean_menu_typo_line_height_tablet":0,"ocean_menu_typo_line_height_mobile":0,"ocean_menu_typo_line_height_unit":"","ocean_menu_typo_spacing":0,"ocean_menu_typo_spacing_tablet":0,"ocean_menu_typo_spacing_mobile":0,"ocean_menu_typo_spacing_unit":"","ocean_menu_link_color":"","ocean_menu_link_color_hover":"","ocean_menu_link_color_active":"","ocean_menu_link_background":"","ocean_menu_link_hover_background":"","ocean_menu_link_active_background":"","ocean_menu_social_links_bg":"","ocean_menu_social_hover_links_bg":"","ocean_menu_social_links_color":"","ocean_menu_social_hover_links_color":"","ocean_disable_title":"default","ocean_disable_heading":"default","ocean_post_title":"","ocean_post_subheading":"","ocean_post_title_style":"","ocean_post_title_background_color":"","ocean_post_title_background":0,"ocean_post_title_bg_image_position":"","ocean_post_title_bg_image_attachment":"","ocean_post_title_bg_image_repeat":"","ocean_post_title_bg_image_size":"","ocean_post_title_height":0,"ocean_post_title_bg_overlay":0.5,"ocean_post_title_bg_overlay_color":"","ocean_disable_breadcrumbs":"default","ocean_breadcrumbs_color":"","ocean_breadcrumbs_separator_color":"","ocean_breadcrumbs_links_color":"","ocean_breadcrumbs_links_hover_color":"","ocean_display_footer_widgets":"default","ocean_display_footer_bottom":"default","ocean_custom_footer_template":"0","osh_disable_topbar_sticky":"default","osh_disable_header_sticky":"default","osh_sticky_header_style":"default","osh_sticky_header_effect":"","osh_custom_sticky_logo":0,"osh_custom_retina_sticky_logo":0,"osh_custom_sticky_logo_height":0,"osh_background_color":"","osh_links_color":"","osh_links_hover_color":"","osh_links_active_color":"","osh_links_bg_color":"","osh_links_hover_bg_color":"","osh_links_active_bg_color":"","osh_menu_social_links_color":"","osh_menu_social_hover_links_color":""},"product_brand":[],"product_cat":[38,37],"product_tag":[191,73,378,379,92],"class_list":{"0":"post-4013","1":"product","2":"type-product","3":"status-publish","4":"has-post-thumbnail","6":"product_cat-electric-pressure-relief-pumps","7":"product_cat-single-line-grease-systems","8":"product_tag-cnc-lubrication-pump","9":"product_tag-electric-lubrication-pump","10":"product_tag-lhl-lubrication-pump","11":"product_tag-machine-tool-lubrication-pump","12":"product_tag-single-line-lubrication-pump","14":"entry","15":"has-media","17":"first","18":"instock","19":"shipping-taxable","20":"product-type-external","21":"col","22":"span_1_of_3","23":"owp-content-center","24":"owp-thumbs-layout-horizontal","25":"owp-btn-very-big","26":"owp-tabs-layout-horizontal"},"_links":{"self":[{"href":"https:\/\/www.jinpinlub.com\/vi\/wp-json\/wp\/v2\/product\/4013","targetHints":{"allow":["GET"]}}],"collection":[{"href":"https:\/\/www.jinpinlub.com\/vi\/wp-json\/wp\/v2\/product"}],"about":[{"href":"https:\/\/www.jinpinlub.com\/vi\/wp-json\/wp\/v2\/types\/product"}],"wp:featuredmedia":[{"embeddable":true,"href":"https:\/\/www.jinpinlub.com\/vi\/wp-json\/wp\/v2\/media\/4014"}],"wp:attachment":[{"href":"https:\/\/www.jinpinlub.com\/vi\/wp-json\/wp\/v2\/media?parent=4013"}],"wp:term":[{"taxonomy":"product_brand","embeddable":true,"href":"https:\/\/www.jinpinlub.com\/vi\/wp-json\/wp\/v2\/product_brand?post=4013"},{"taxonomy":"product_cat","embeddable":true,"href":"https:\/\/www.jinpinlub.com\/vi\/wp-json\/wp\/v2\/product_cat?post=4013"},{"taxonomy":"product_tag","embeddable":true,"href":"https:\/\/www.jinpinlub.com\/vi\/wp-json\/wp\/v2\/product_tag?post=4013"}],"curies":[{"name":"wp","href":"https:\/\/api.w.org\/{rel}","templated":true}]}}