{"id":4018,"date":"2024-12-12T23:27:32","date_gmt":"2024-12-12T15:27:32","guid":{"rendered":"https:\/\/www.jinpinlub.com\/?post_type=product&#038;p=4018"},"modified":"2024-12-13T05:49:09","modified_gmt":"2024-12-12T21:49:09","slug":"bom-boi-tron-dien-j200-5d-co-binh-chua-co-the-thao-roi","status":"publish","type":"product","link":"https:\/\/www.jinpinlub.com\/vi\/product\/j200-5d-electric-lubrication-pump-with-detachable-reservoir\/","title":{"rendered":"B\u01a1m b\u00f4i tr\u01a1n \u0111i\u1ec7n J200-5D c\u00f3 b\u00ecnh ch\u1ee9a c\u00f3 th\u1ec3 th\u00e1o r\u1eddi"},"content":{"rendered":"<h2>\u0110\u1eb7c tr\u01b0ng<\/h2>\n<p><span id=\"input-sentence~0\">1. Ngu\u1ed3n \u0111i\u1ec7n v\u00e0 kh\u1edfi \u0111\u1ed9ng<br \/>\nB\u01a1m b\u00f4i tr\u01a1n \u0111\u01b0\u1ee3c cung c\u1ea5p n\u0103ng l\u01b0\u1ee3ng b\u1edfi ngu\u1ed3n \u0111i\u1ec7n 24V DC. Khi b\u1eadt ngu\u1ed3n, \u0111\u1ed9ng c\u01a1 kh\u1edfi \u0111\u1ed9ng. D\u00f2ng \u0111i\u1ec7n \u0111\u1ecbnh m\u1ee9c c\u1ee7a \u0111\u1ed9ng c\u01a1 l\u00e0 0,8A. Trong ph\u1ea1m vi ngu\u1ed3n \u0111i\u1ec7n th\u00f4ng th\u01b0\u1eddng, \u0111\u1ed9ng c\u01a1 c\u00f3 th\u1ec3 ch\u1ea1y \u1ed5n \u0111\u1ecbnh v\u00e0 cung c\u1ea5p n\u0103ng l\u01b0\u1ee3ng cho b\u01a1m.<\/span><span id=\"input-sentence~1\"><br \/>\n2. Cung c\u1ea5p ch\u1ea5t b\u00f4i tr\u01a1n<br \/>\n\u0110\u1ed9ng c\u01a1 d\u1eabn \u0111\u1ed9ng b\u01a1m b\u00f4i tr\u01a1n ho\u1ea1t \u0111\u1ed9ng. Ch\u1ea5t b\u00f4i tr\u01a1n \u0111\u01b0\u1ee3c chi\u1ebft xu\u1ea5t t\u1eeb th\u00f9ng ch\u1ee9a ho\u1eb7c h\u1ed9p m\u1ef1c th\u00f4ng qua c\u1ea5u tr\u00fac b\u00ean trong bao g\u1ed3m p\u00edt t\u00f4ng, b\u00e1nh r\u0103ng, v.v. v\u00e0 \u0111\u01b0\u1ee3c \u0111\u01b0a \u0111\u1ebfn t\u1eebng \u0111i\u1ec3m b\u00f4i tr\u01a1n c\u1ee7a m\u00e1y th\u00f4ng qua \u0111\u01b0\u1eddng \u1ed1ng v\u1edbi t\u1ed1c \u0111\u1ed9 d\u1ecbch chuy\u1ec3n 7ml\/ph\u00fat.<\/span><span id=\"input-sentence~2\"> Trong qu\u00e1 tr\u00ecnh cung c\u1ea5p, \u00e1p su\u1ea5t x\u1ea3 c\u00f3 th\u1ec3 \u0111\u1ea1t t\u1edbi 8MPa.<br \/>\n3. \u0110o l\u01b0\u1eddng v\u00e0 ki\u1ec3m so\u00e1t<br \/>\nTrong h\u1ec7 th\u1ed1ng b\u00f4i tr\u01a1n, b\u1ed9 ph\u00e2n ph\u1ed1i d\u1ecbch chuy\u1ec3n t\u00edch c\u1ef1c \u0111\u01b0\u1ee3c s\u1eed d\u1ee5ng \u0111\u1ec3 ki\u1ec3m so\u00e1t ch\u00ednh x\u00e1c l\u01b0\u1ee3ng ch\u1ea5t b\u00f4i tr\u01a1n \u0111\u01b0\u1ee3c cung c\u1ea5p. \u0110i\u1ec1u n\u00e0y cho ph\u00e9p m\u1ed7i \u0111i\u1ec3m b\u00f4i tr\u01a1n c\u00f3 \u0111\u01b0\u1ee3c l\u01b0\u1ee3ng ch\u1ea5t b\u00f4i tr\u01a1n th\u00edch h\u1ee3p \u0111\u1ec3 \u0111\u1ea1t \u0111\u01b0\u1ee3c hi\u1ec7u qu\u1ea3 b\u00f4i tr\u01a1n t\u1ed1i \u01b0u, thay v\u00ec l\u00e3ng ph\u00ed ch\u1ea5t b\u00f4i tr\u01a1n. Th\u1eddi gian ch\u1ea1y v\u00e0 chu k\u1ef3 kho\u1ea3ng th\u1eddi gian c\u1ee7a b\u01a1m b\u00f4i tr\u01a1n \u0111\u01b0\u1ee3c thi\u1ebft l\u1eadp b\u1edfi b\u1ed9 h\u1eb9n gi\u1edd \u0111\u01b0\u1ee3c l\u1eafp tr\u00ean m\u00e1y v\u00e0 ho\u1ea1t \u0111\u1ed9ng theo thi\u1ebft l\u1eadp ch\u01b0\u01a1ng tr\u00ecnh.<\/span><\/p>\n<h2>\u0110\u1eb7c \u0111i\u1ec3m k\u1ef9 thu\u1eadt<\/h2>\n<table>\n<tbody>\n<tr>\n<td>Ng\u01b0\u1eddi m\u1eabu<\/td>\n<td>J200-5D<\/td>\n<\/tr>\n<tr>\n<td>Th\u1eddi gian b\u00f4i tr\u01a1n<\/td>\n<td>PLC ho\u1eb7c b\u1ed9 \u0111i\u1ec1u khi\u1ec3n b\u00ean ngo\u00e0i<\/td>\n<\/tr>\n<tr>\n<td>Kho\u1ea3ng th\u1eddi gian<\/td>\n<td>PLC ho\u1eb7c b\u1ed9 \u0111i\u1ec1u khi\u1ec3n b\u00ean ngo\u00e0i<\/td>\n<\/tr>\n<tr>\n<td>Nhi\u1ec7t \u0111\u1ed9 ho\u1ea1t \u0111\u1ed9ng<\/td>\n<td>0\u2103~ +50\u00b0C (\u0110i\u1ec1u ki\u1ec7n nhi\u1ec7t \u0111\u1ed9 th\u1ea5p c\u1ea7n m\u1ee1 ch\u1ed1ng \u0111\u00f4ng)<\/td>\n<\/tr>\n<tr>\n<td>S\u1ed1 l\u01b0\u1ee3ng c\u1eeda h\u00e0ng<\/td>\n<td>1 ho\u1eb7c 2<\/td>\n<\/tr>\n<tr>\n<td>S\u1ee9c ch\u1ee9a h\u1ed3 ch\u1ee9a<\/td>\n<td>0,3L, 0,5L, 0,7L<\/td>\n<\/tr>\n<tr>\n<td>N\u1ea1p l\u1ea1i<\/td>\n<td>B\u00ecnh ch\u1ee9a\/h\u1ed9p m\u1ef1c c\u00f3 th\u1ec3 th\u00e1o r\u1eddi<\/td>\n<\/tr>\n<tr>\n<td>Ch\u1ea5t b\u00f4i tr\u01a1n<\/td>\n<td>M\u1ee1 b\u00f4i tr\u01a1n c\u1ea5p NLGI 000~2#<\/td>\n<\/tr>\n<tr>\n<td>Van gi\u1ea3m \u00e1p<\/td>\n<td>\u0110\u00e3 l\u1eafp r\u00e1p<\/td>\n<\/tr>\n<tr>\n<td>Ph\u00f3ng \u0111i\u1ec7n<\/td>\n<td>7 mL\/ph\u00fat<\/td>\n<\/tr>\n<tr>\n<td>\u00c1p su\u1ea5t v\u1eadn h\u00e0nh t\u1ed1i \u0111a<\/td>\n<td>5.0 ho\u1eb7c 8.0 MPa<\/td>\n<\/tr>\n<tr>\n<td>Ch\u1ee7 \u0111\u1ec1 k\u1ebft n\u1ed1i<\/td>\n<td>\u0110\u1ea7u ra \u03a66<\/td>\n<\/tr>\n<tr>\n<td>\u0110i\u1ec7n \u00e1p ho\u1ea1t \u0111\u1ed9ng<\/td>\n<td>24VDC<\/td>\n<\/tr>\n<tr>\n<td>Ch\u1ee9ng nh\u1eadn<\/td>\n<td>Ti\u00eau chu\u1ea9n<\/td>\n<\/tr>\n<tr>\n<td>C\u00f4ng t\u1eafc m\u1ee9c th\u1ea5p<\/td>\n<td>Li\u00ean h\u1ec7 NC<\/td>\n<\/tr>\n<\/tbody>\n<\/table>\n<h2>N\u1ea1p l\u1ea1i<\/h2>\n<p><span id=\"input-sentence~0\">\u2013 Thay th\u1ebf h\u1ed9p m\u1ef1c sau khi LHL trong h\u1ed9p m\u1ef1c \u0111\u00e3 c\u1ea1n ho\u00e0n to\u00e0n \u0111\u1ec3 tr\u00e1nh kh\u00f4ng kh\u00ed l\u1ecdt v\u00e0o h\u1ed9p m\u1ef1c do m\u1ee1 th\u1eeba c\u00f2n s\u00f3t l\u1ea1i, c\u00f3 th\u1ec3 khi\u1ebfn b\u01a1m b\u00f4i tr\u01a1n ho\u1ea1t \u0111\u1ed9ng kh\u00f4ng b\u00ecnh th\u01b0\u1eddng.<br \/>\n\u2013 Trong qu\u00e1 tr\u00ecnh thay th\u1ebf h\u1ed9p m\u1ef1c, h\u00e3y \u0111\u1ea3m b\u1ea3o m\u00f4i tr\u01b0\u1eddng xung quanh s\u1ea1ch s\u1ebd \u0111\u1ec3 tr\u00e1nh c\u00e1c v\u1eadt l\u1ea1 nh\u01b0 b\u1ee5i v\u00e0 t\u1ea1p ch\u1ea5t x\u00e2m nh\u1eadp v\u00e0o th\u00e2n b\u01a1m b\u00f4i tr\u01a1n ho\u1eb7c h\u1ed9p m\u1ef1c.<\/span><span id=\"input-sentence~1\"><br \/>\n\u2013 Tuy\u1ec7t \u0111\u1ed1i kh\u00f4ng \u0111\u01b0\u1ee3c b\u1eadt ngu\u1ed3n khi h\u1ed9p m\u1ef1c ch\u01b0a \u0111\u01b0\u1ee3c l\u1eafp v\u00e0o \u0111\u00fang v\u1ecb tr\u00ed ho\u1eb7c ch\u01b0a \u0111\u01b0\u1ee3c th\u00e1o ra, n\u1ebfu kh\u00f4ng b\u01a1m b\u00f4i tr\u01a1n c\u00f3 th\u1ec3 h\u00edt ph\u1ea3i kh\u00f4ng kh\u00ed ho\u1eb7c v\u1eadt l\u1ea1.<br \/>\n\u2013 Khi thay h\u1ed9p m\u1ef1c, n\u1ebfu c\u1ea7n lau xung quanh c\u1ed5ng h\u00fat d\u1ea7u c\u1ee7a b\u01a1m, b\u1ea1n ph\u1ea3i d\u00f9ng v\u1ea3i s\u1ea1ch \u0111\u1ec3 tr\u00e1nh v\u1eadt l\u1ea1 b\u1ecb h\u00fat v\u00e0o b\u01a1m b\u00f4i tr\u01a1n.<br \/>\n\u2013 Ch\u1ec9 s\u1eed d\u1ee5ng h\u1ed9p m\u1ee1 LHL \u0111\u01b0\u1ee3c ch\u1ec9 \u0111\u1ecbnh. S\u1eed d\u1ee5ng c\u00e1c ch\u1ea5t b\u00f4i tr\u01a1n kh\u00f4ng \u0111\u01b0\u1ee3c ch\u1ec9 \u0111\u1ecbnh kh\u00e1c c\u00f3 th\u1ec3 g\u00e2y ra l\u1ed7i h\u1ec7 th\u1ed1ng b\u00f4i tr\u01a1n.<br \/>\n\u2013 Kh\u00f4ng bao gi\u1edd \u0111\u1ed5 \u0111\u1ea7y ch\u1ea5t b\u00f4i tr\u01a1n v\u00e0o h\u1ed9p m\u1ee1 \u0111\u00e3 s\u1eed d\u1ee5ng v\u00e0 s\u1eed d\u1ee5ng l\u1ea1i.<\/span><\/p>\n<h2>H\u01b0\u1edbng d\u1eabn s\u1eed d\u1ee5ng<\/h2>\n<div class=\"sdm_download_button_box_default\"><div class=\"sdm_download_link\"><a href=\"https:\/\/www.jinpinlub.com\/vi\/?sdm_process_download=1&download_id=3962\" class=\"sdm_download white\" title=\"Ri\u00eang t\u01b0: J200 Electric Pump\" target=\"&quot;_blank&quot;\">Xem B\u1ea3ng d\u1eef li\u1ec7u - B\u01a1m m\u1ee1 J200<\/a><\/div><\/div>","protected":false},"excerpt":{"rendered":"<p>J200 l\u00e0 b\u01a1m b\u00f4i tr\u01a1n \u0111i\u1ec7n, m\u1ed9t \u0111\u01a1n v\u1ecb b\u01a1m h\u1ec7 th\u1ed1ng b\u00f4i tr\u01a1n m\u1ed9t d\u00f2ng. C\u00e1c t\u00ednh n\u0103ng ch\u00ednh c\u1ee7a n\u00f3 bao g\u1ed3m: ngu\u1ed3n \u0111i\u1ec7n l\u00e0 DC24V, th\u1ec3 t\u00edch x\u1ea3 l\u00e0 7ml m\u1ed7i ph\u00fat, \u00e1p su\u1ea5t x\u1ea3 l\u00e0 5MPa \u0111\u1ebfn 8MPa, ph\u00f9 h\u1ee3p v\u1edbi m\u1ee1 g\u1ed1c lithium, c\u1ea5p b\u1ea3o v\u1ec7 IP54.<\/p>","protected":false},"featured_media":4019,"template":"","meta":{"ocean_post_layout":"","ocean_both_sidebars_style":"","ocean_both_sidebars_content_width":0,"ocean_both_sidebars_sidebars_width":0,"ocean_sidebar":"0","ocean_second_sidebar":"0","ocean_disable_margins":"enable","ocean_add_body_class":"","ocean_shortcode_before_top_bar":"","ocean_shortcode_after_top_bar":"","ocean_shortcode_before_header":"","ocean_shortcode_after_header":"","ocean_has_shortcode":"","ocean_shortcode_after_title":"","ocean_shortcode_before_footer_widgets":"","ocean_shortcode_after_footer_widgets":"","ocean_shortcode_before_footer_bottom":"","ocean_shortcode_after_footer_bottom":"","ocean_display_top_bar":"default","ocean_display_header":"default","ocean_header_style":"","ocean_center_header_left_menu":"0","ocean_custom_header_template":"0","ocean_custom_logo":0,"ocean_custom_retina_logo":0,"ocean_custom_logo_max_width":0,"ocean_custom_logo_tablet_max_width":0,"ocean_custom_logo_mobile_max_width":0,"ocean_custom_logo_max_height":0,"ocean_custom_logo_tablet_max_height":0,"ocean_custom_logo_mobile_max_height":0,"ocean_header_custom_menu":"0","ocean_menu_typo_font_family":"0","ocean_menu_typo_font_subset":"","ocean_menu_typo_font_size":0,"ocean_menu_typo_font_size_tablet":0,"ocean_menu_typo_font_size_mobile":0,"ocean_menu_typo_font_size_unit":"px","ocean_menu_typo_font_weight":"","ocean_menu_typo_font_weight_tablet":"","ocean_menu_typo_font_weight_mobile":"","ocean_menu_typo_transform":"","ocean_menu_typo_transform_tablet":"","ocean_menu_typo_transform_mobile":"","ocean_menu_typo_line_height":0,"ocean_menu_typo_line_height_tablet":0,"ocean_menu_typo_line_height_mobile":0,"ocean_menu_typo_line_height_unit":"","ocean_menu_typo_spacing":0,"ocean_menu_typo_spacing_tablet":0,"ocean_menu_typo_spacing_mobile":0,"ocean_menu_typo_spacing_unit":"","ocean_menu_link_color":"","ocean_menu_link_color_hover":"","ocean_menu_link_color_active":"","ocean_menu_link_background":"","ocean_menu_link_hover_background":"","ocean_menu_link_active_background":"","ocean_menu_social_links_bg":"","ocean_menu_social_hover_links_bg":"","ocean_menu_social_links_color":"","ocean_menu_social_hover_links_color":"","ocean_disable_title":"default","ocean_disable_heading":"default","ocean_post_title":"","ocean_post_subheading":"","ocean_post_title_style":"","ocean_post_title_background_color":"","ocean_post_title_background":0,"ocean_post_title_bg_image_position":"","ocean_post_title_bg_image_attachment":"","ocean_post_title_bg_image_repeat":"","ocean_post_title_bg_image_size":"","ocean_post_title_height":0,"ocean_post_title_bg_overlay":0.5,"ocean_post_title_bg_overlay_color":"","ocean_disable_breadcrumbs":"default","ocean_breadcrumbs_color":"","ocean_breadcrumbs_separator_color":"","ocean_breadcrumbs_links_color":"","ocean_breadcrumbs_links_hover_color":"","ocean_display_footer_widgets":"default","ocean_display_footer_bottom":"default","ocean_custom_footer_template":"0","osh_disable_topbar_sticky":"default","osh_disable_header_sticky":"default","osh_sticky_header_style":"default","osh_sticky_header_effect":"","osh_custom_sticky_logo":0,"osh_custom_retina_sticky_logo":0,"osh_custom_sticky_logo_height":0,"osh_background_color":"","osh_links_color":"","osh_links_hover_color":"","osh_links_active_color":"","osh_links_bg_color":"","osh_links_hover_bg_color":"","osh_links_active_bg_color":"","osh_menu_social_links_color":"","osh_menu_social_hover_links_color":""},"product_brand":[],"product_cat":[38,37],"product_tag":[191,73,378,379,92],"class_list":{"0":"post-4018","1":"product","2":"type-product","3":"status-publish","4":"has-post-thumbnail","6":"product_cat-electric-pressure-relief-pumps","7":"product_cat-single-line-grease-systems","8":"product_tag-cnc-lubrication-pump","9":"product_tag-electric-lubrication-pump","10":"product_tag-lhl-lubrication-pump","11":"product_tag-machine-tool-lubrication-pump","12":"product_tag-single-line-lubrication-pump","14":"entry","15":"has-media","17":"first","18":"instock","19":"shipping-taxable","20":"product-type-external","21":"col","22":"span_1_of_3","23":"owp-content-center","24":"owp-thumbs-layout-horizontal","25":"owp-btn-very-big","26":"owp-tabs-layout-horizontal"},"_links":{"self":[{"href":"https:\/\/www.jinpinlub.com\/vi\/wp-json\/wp\/v2\/product\/4018","targetHints":{"allow":["GET"]}}],"collection":[{"href":"https:\/\/www.jinpinlub.com\/vi\/wp-json\/wp\/v2\/product"}],"about":[{"href":"https:\/\/www.jinpinlub.com\/vi\/wp-json\/wp\/v2\/types\/product"}],"wp:featuredmedia":[{"embeddable":true,"href":"https:\/\/www.jinpinlub.com\/vi\/wp-json\/wp\/v2\/media\/4019"}],"wp:attachment":[{"href":"https:\/\/www.jinpinlub.com\/vi\/wp-json\/wp\/v2\/media?parent=4018"}],"wp:term":[{"taxonomy":"product_brand","embeddable":true,"href":"https:\/\/www.jinpinlub.com\/vi\/wp-json\/wp\/v2\/product_brand?post=4018"},{"taxonomy":"product_cat","embeddable":true,"href":"https:\/\/www.jinpinlub.com\/vi\/wp-json\/wp\/v2\/product_cat?post=4018"},{"taxonomy":"product_tag","embeddable":true,"href":"https:\/\/www.jinpinlub.com\/vi\/wp-json\/wp\/v2\/product_tag?post=4018"}],"curies":[{"name":"wp","href":"https:\/\/api.w.org\/{rel}","templated":true}]}}