{"id":4023,"date":"2024-12-13T04:49:24","date_gmt":"2024-12-12T20:49:24","guid":{"rendered":"https:\/\/www.jinpinlub.com\/?post_type=product&#038;p=4023"},"modified":"2024-12-13T05:49:16","modified_gmt":"2024-12-12T21:49:16","slug":"bom-boi-tron-jinpinlub-j200-cnc-cho-hop-mo-lhl","status":"publish","type":"product","link":"https:\/\/www.jinpinlub.com\/vi\/product\/jinpinlub-j200-cnc-lubrication-pump-for-lhl-grease-cartridge\/","title":{"rendered":"M\u00e1y b\u01a1m b\u00f4i tr\u01a1n CNC Jinpinlub J200 cho h\u1ed9p m\u1ee1 LHL"},"content":{"rendered":"<h2>\u0110\u1eb7c tr\u01b0ng<\/h2>\n<p><span id=\"input-sentence~0\">\u2013 \u00c1p su\u1ea5t v\u1eadn h\u00e0nh c\u1ee7a b\u01a1m b\u00f4i tr\u01a1n J200 n\u1eb1m trong kho\u1ea3ng t\u1eeb 5MPa \u0111\u1ebfn 8MPa, gi\u00fap cung c\u1ea5p ch\u1ea5t b\u00f4i tr\u01a1n \u1edf \u00e1p su\u1ea5t cao v\u00e0 \u1ed5n \u0111\u1ecbnh.<br \/>\n\u2013 L\u01b0\u1ee3ng ch\u1ea5t b\u00f4i tr\u01a1n \u0111\u1ea7u ra t\u1eeb b\u01a1m b\u00f4i tr\u01a1n l\u00e0 7 ml\/ph\u00fat. L\u01b0\u1ee3ng ch\u1ea5t b\u00f4i tr\u01a1n \u1ed5n \u0111\u1ecbnh n\u00e0y gi\u00fap h\u1ec7 th\u1ed1ng b\u00f4i tr\u01a1n ho\u1ea1t \u0111\u1ed9ng hi\u1ec7u qu\u1ea3.<\/span><span id=\"input-sentence~1\"><br \/>\n\u2013 B\u01a1m b\u00f4i tr\u01a1n J20 c\u00f3 x\u1ebfp h\u1ea1ng b\u1ea3o v\u1ec7 IP54, ngh\u0129a l\u00e0 n\u00f3 c\u00f3 kh\u1ea3 n\u0103ng ch\u1ed1ng b\u1ee5i v\u00e0 n\u01b0\u1edbc t\u1ed1t v\u00e0 c\u00f3 th\u1ec3 ho\u1ea1t \u0111\u1ed9ng \u0111\u00e1ng tin c\u1eady trong m\u00f4i tr\u01b0\u1eddng b\u1ee5i v\u00e0 \u1ea9m \u01b0\u1edbt.<br \/>\n\u2013 B\u01a1m b\u00f4i tr\u01a1n s\u1eed d\u1ee5ng ngu\u1ed3n \u0111i\u1ec7n DC 24V. Thi\u1ebft k\u1ebf n\u00e0y kh\u00f4ng ch\u1ec9 \u0111\u1ea3m b\u1ea3o b\u01a1m ho\u1ea1t \u0111\u1ed9ng hi\u1ec7u qu\u1ea3 m\u00e0 c\u00f2n ti\u1ebft ki\u1ec7m n\u0103ng l\u01b0\u1ee3ng.<br \/>\n\u2013 B\u01a1m b\u00f4i tr\u01a1n \u0111\u01b0\u1ee3c trang b\u1ecb c\u00f4ng t\u1eafc c\u1ea5p li\u1ec7u t\u00f9y ch\u1ecdn v\u00e0 c\u00f4ng t\u1eafc m\u1ee9c ch\u1ea5t b\u00f4i tr\u01a1n \u0111\u1ec3 ng\u01b0\u1eddi d\u00f9ng theo d\u00f5i v\u00e0 v\u1eadn h\u00e0nh. Ngo\u00e0i ra, c\u00f2n s\u1eed d\u1ee5ng h\u1ed9p m\u1ef1c m\u1ee1 c\u00f3 th\u1ec3 th\u00e1o r\u1eddi chuy\u00ean d\u1ee5ng.<\/span><\/p>\n<h2>\u0110\u1eb7c \u0111i\u1ec3m k\u1ef9 thu\u1eadt<\/h2>\n<table>\n<tbody>\n<tr>\n<td>Ng\u01b0\u1eddi m\u1eabu<\/td>\n<td>J200-3D<\/td>\n<\/tr>\n<tr>\n<td>Th\u1eddi gian b\u00f4i tr\u01a1n<\/td>\n<td>PLC ho\u1eb7c b\u1ed9 \u0111i\u1ec1u khi\u1ec3n b\u00ean ngo\u00e0i<\/td>\n<\/tr>\n<tr>\n<td>Kho\u1ea3ng th\u1eddi gian<\/td>\n<td>PLC ho\u1eb7c b\u1ed9 \u0111i\u1ec1u khi\u1ec3n b\u00ean ngo\u00e0i<\/td>\n<\/tr>\n<tr>\n<td>Nhi\u1ec7t \u0111\u1ed9 ho\u1ea1t \u0111\u1ed9ng<\/td>\n<td>0\u2103~ +50\u00b0C (\u0110i\u1ec1u ki\u1ec7n nhi\u1ec7t \u0111\u1ed9 th\u1ea5p c\u1ea7n m\u1ee1 ch\u1ed1ng \u0111\u00f4ng)<\/td>\n<\/tr>\n<tr>\n<td>S\u1ed1 l\u01b0\u1ee3ng c\u1eeda h\u00e0ng<\/td>\n<td>1 ho\u1eb7c 2<\/td>\n<\/tr>\n<tr>\n<td>S\u1ee9c ch\u1ee9a h\u1ed3 ch\u1ee9a<\/td>\n<td>0,3L, 0,5L, 0,7L<\/td>\n<\/tr>\n<tr>\n<td>N\u1ea1p l\u1ea1i<\/td>\n<td>B\u00ecnh ch\u1ee9a\/h\u1ed9p m\u1ef1c c\u00f3 th\u1ec3 th\u00e1o r\u1eddi<\/td>\n<\/tr>\n<tr>\n<td>Ch\u1ea5t b\u00f4i tr\u01a1n<\/td>\n<td>M\u1ee1 b\u00f4i tr\u01a1n c\u1ea5p NLGI 000~2#<\/td>\n<\/tr>\n<tr>\n<td>Van gi\u1ea3m \u00e1p<\/td>\n<td>\u0110\u00e3 l\u1eafp r\u00e1p<\/td>\n<\/tr>\n<tr>\n<td>Ph\u00f3ng \u0111i\u1ec7n<\/td>\n<td>7 mL\/ph\u00fat<\/td>\n<\/tr>\n<tr>\n<td>\u00c1p su\u1ea5t v\u1eadn h\u00e0nh t\u1ed1i \u0111a<\/td>\n<td>5.0 ho\u1eb7c 8.0 MPa<\/td>\n<\/tr>\n<tr>\n<td>Ch\u1ee7 \u0111\u1ec1 k\u1ebft n\u1ed1i<\/td>\n<td>\u0110\u1ea7u ra \u03a66<\/td>\n<\/tr>\n<tr>\n<td>\u0110i\u1ec7n \u00e1p ho\u1ea1t \u0111\u1ed9ng<\/td>\n<td>24VDC<\/td>\n<\/tr>\n<tr>\n<td>Ch\u1ee9ng nh\u1eadn<\/td>\n<td>Ti\u00eau chu\u1ea9n<\/td>\n<\/tr>\n<tr>\n<td>C\u00f4ng t\u1eafc m\u1ee9c th\u1ea5p<\/td>\n<td>Li\u00ean h\u1ec7 NC<\/td>\n<\/tr>\n<\/tbody>\n<\/table>\n<h2>N\u1ea1p l\u1ea1i<\/h2>\n<p>\u2013 N\u1ebfu b\u01a1m b\u00f4i tr\u01a1n kh\u00f4ng x\u1ea3 m\u1ee1, c\u00f3 th\u1ec3 l\u01b0\u1ee3ng m\u1ee1 c\u00f2n l\u1ea1i trong b\u00ecnh ch\u1ee9a \u00edt h\u01a1n. N\u1ebfu van kh\u00f4ng x\u1ea3, van c\u00f3 th\u1ec3 b\u1ecb ch\u1eb7n.<br \/>\n\u2013 N\u1ebfu c\u00f3 kh\u00f4ng kh\u00ed trong b\u01a1m b\u00f4i tr\u01a1n, h\u00e3y x\u1ea3 kh\u00ed theo h\u01b0\u1edbng d\u1eabn trong s\u00e1ch h\u01b0\u1edbng d\u1eabn s\u1eed d\u1ee5ng. N\u1ebfu c\u00f3 kh\u00f4ng kh\u00ed trong \u0111\u01b0\u1eddng \u1ed1ng ch\u00ednh, h\u00e3y th\u00e1o n\u00fat ch\u1eb7n cu\u1ed1i v\u00e0 v\u1eadn h\u00e0nh b\u01a1m \u0111\u1ec3 x\u1ea3 kh\u00ed.<br \/>\n\u2013 N\u1ebfu b\u01a1m b\u00f4i tr\u01a1n kh\u00f4ng ch\u1ea1y, h\u00e3y ki\u1ec3m tra k\u1ebft n\u1ed1i ngu\u1ed3n 24VDC \u0111\u1ec3 \u0111\u1ea3m b\u1ea3o c\u1ef1c d\u01b0\u01a1ng v\u00e0 c\u1ef1c \u00e2m c\u1ee7a d\u00e2y \u0111\u01b0\u1ee3c k\u1ebft n\u1ed1i ch\u00ednh x\u00e1c. Ngay c\u1ea3 khi c\u1ef1c t\u00ednh sai, b\u01a1m s\u1ebd kh\u00f4ng b\u1ecb h\u1ecfng, nh\u01b0ng c\u1ea7n ph\u1ea3i s\u1eeda ch\u1eefa.<br \/>\n\u2013 N\u1ebfu b\u01a1m b\u00f4i tr\u01a1n x\u1ea3 \u00e1p su\u1ea5t th\u1ea5p, c\u00f3 th\u1ec3 c\u00f3 r\u00f2 r\u1ec9 \u1edf \u0111\u1ea7u ra c\u1ee7a b\u01a1m ho\u1eb7c c\u00e1c b\u1ed9 ph\u1eadn k\u1ebft n\u1ed1i \u0111\u01b0\u1eddng \u1ed1ng m\u00e1y. N\u1ebfu \u0111\u01b0\u1eddng \u1ed1ng b\u1ecb h\u1ecfng, c\u1ea7n ph\u1ea3i thay th\u1ebf.<br \/>\n\u2013 N\u1ebfu \u00e1p su\u1ea5t \u0111\u01b0\u1eddng \u1ed1ng ch\u00ednh kh\u00f4ng \u0111\u01b0\u1ee3c thi\u1ebft l\u1eadp, h\u00e3y tham kh\u1ea3o c\u00e1ch x\u1eed l\u00fd b\u01a1m b\u00f4i tr\u01a1n kh\u00f4ng x\u1ea3 m\u1ee1. C\u0169ng c\u00f3 th\u1ec3 l\u00e0 do m\u1ea5t \u0111i\u1ec7n, h\u1ecfng \u0111\u01b0\u1eddng \u1ed1ng ho\u1eb7c c\u00f3 kh\u00f4ng kh\u00ed trong h\u1ec7 th\u1ed1ng.<\/p>\n<h2>H\u01b0\u1edbng d\u1eabn s\u1eed d\u1ee5ng<\/h2>\n<div class=\"sdm_download_button_box_default\"><div class=\"sdm_download_link\"><a href=\"https:\/\/www.jinpinlub.com\/vi\/?sdm_process_download=1&download_id=3962\" class=\"sdm_download white\" title=\"Ri\u00eang t\u01b0: J200 Electric Pump\" target=\"&quot;_blank&quot;\">Xem B\u1ea3ng d\u1eef li\u1ec7u - B\u01a1m m\u1ee1 J200<\/a><\/div><\/div>","protected":false},"excerpt":{"rendered":"<p>B\u01a1m b\u00f4i tr\u01a1n Jinpinlub J200 l\u00e0 b\u01a1m m\u1ee1 \u0111i\u1ec7n nh\u1ecf c\u00f3 ch\u1ee9c n\u0103ng n\u1ea1p l\u1ea1i thu\u1eadn ti\u1ec7n, t\u1ef1 \u0111\u1ed9ng ph\u00e1t hi\u1ec7n \u00e1p su\u1ea5t h\u1ec7 th\u1ed1ng, t\u1ef1 \u0111\u1ed9ng ki\u1ec3m so\u00e1t th\u1eddi gian ch\u1ea1y v\u00e0 th\u1eddi gian ng\u1eaft qu\u00e3ng, t\u1ef1 \u0111\u1ed9ng x\u1ea3 \u00e1p. K\u00edch th\u01b0\u1edbc nh\u1ecf, ho\u1ea1t \u0111\u1ed9ng \u0111\u00e1ng tin c\u1eady.<\/p>","protected":false},"featured_media":4024,"template":"","meta":{"ocean_post_layout":"","ocean_both_sidebars_style":"","ocean_both_sidebars_content_width":0,"ocean_both_sidebars_sidebars_width":0,"ocean_sidebar":"0","ocean_second_sidebar":"0","ocean_disable_margins":"enable","ocean_add_body_class":"","ocean_shortcode_before_top_bar":"","ocean_shortcode_after_top_bar":"","ocean_shortcode_before_header":"","ocean_shortcode_after_header":"","ocean_has_shortcode":"","ocean_shortcode_after_title":"","ocean_shortcode_before_footer_widgets":"","ocean_shortcode_after_footer_widgets":"","ocean_shortcode_before_footer_bottom":"","ocean_shortcode_after_footer_bottom":"","ocean_display_top_bar":"default","ocean_display_header":"default","ocean_header_style":"","ocean_center_header_left_menu":"0","ocean_custom_header_template":"0","ocean_custom_logo":0,"ocean_custom_retina_logo":0,"ocean_custom_logo_max_width":0,"ocean_custom_logo_tablet_max_width":0,"ocean_custom_logo_mobile_max_width":0,"ocean_custom_logo_max_height":0,"ocean_custom_logo_tablet_max_height":0,"ocean_custom_logo_mobile_max_height":0,"ocean_header_custom_menu":"0","ocean_menu_typo_font_family":"0","ocean_menu_typo_font_subset":"","ocean_menu_typo_font_size":0,"ocean_menu_typo_font_size_tablet":0,"ocean_menu_typo_font_size_mobile":0,"ocean_menu_typo_font_size_unit":"px","ocean_menu_typo_font_weight":"","ocean_menu_typo_font_weight_tablet":"","ocean_menu_typo_font_weight_mobile":"","ocean_menu_typo_transform":"","ocean_menu_typo_transform_tablet":"","ocean_menu_typo_transform_mobile":"","ocean_menu_typo_line_height":0,"ocean_menu_typo_line_height_tablet":0,"ocean_menu_typo_line_height_mobile":0,"ocean_menu_typo_line_height_unit":"","ocean_menu_typo_spacing":0,"ocean_menu_typo_spacing_tablet":0,"ocean_menu_typo_spacing_mobile":0,"ocean_menu_typo_spacing_unit":"","ocean_menu_link_color":"","ocean_menu_link_color_hover":"","ocean_menu_link_color_active":"","ocean_menu_link_background":"","ocean_menu_link_hover_background":"","ocean_menu_link_active_background":"","ocean_menu_social_links_bg":"","ocean_menu_social_hover_links_bg":"","ocean_menu_social_links_color":"","ocean_menu_social_hover_links_color":"","ocean_disable_title":"default","ocean_disable_heading":"default","ocean_post_title":"","ocean_post_subheading":"","ocean_post_title_style":"","ocean_post_title_background_color":"","ocean_post_title_background":0,"ocean_post_title_bg_image_position":"","ocean_post_title_bg_image_attachment":"","ocean_post_title_bg_image_repeat":"","ocean_post_title_bg_image_size":"","ocean_post_title_height":0,"ocean_post_title_bg_overlay":0.5,"ocean_post_title_bg_overlay_color":"","ocean_disable_breadcrumbs":"default","ocean_breadcrumbs_color":"","ocean_breadcrumbs_separator_color":"","ocean_breadcrumbs_links_color":"","ocean_breadcrumbs_links_hover_color":"","ocean_display_footer_widgets":"default","ocean_display_footer_bottom":"default","ocean_custom_footer_template":"0","osh_disable_topbar_sticky":"default","osh_disable_header_sticky":"default","osh_sticky_header_style":"default","osh_sticky_header_effect":"","osh_custom_sticky_logo":0,"osh_custom_retina_sticky_logo":0,"osh_custom_sticky_logo_height":0,"osh_background_color":"","osh_links_color":"","osh_links_hover_color":"","osh_links_active_color":"","osh_links_bg_color":"","osh_links_hover_bg_color":"","osh_links_active_bg_color":"","osh_menu_social_links_color":"","osh_menu_social_hover_links_color":""},"product_brand":[],"product_cat":[38,37],"product_tag":[73,380,378,111,92],"class_list":{"0":"post-4023","1":"product","2":"type-product","3":"status-publish","4":"has-post-thumbnail","6":"product_cat-electric-pressure-relief-pumps","7":"product_cat-single-line-grease-systems","8":"product_tag-electric-lubrication-pump","9":"product_tag-jinpuinlub-lubrication-pump","10":"product_tag-lhl-lubrication-pump","11":"product_tag-oil-lubrication-pump","12":"product_tag-single-line-lubrication-pump","14":"entry","15":"has-media","17":"first","18":"instock","19":"shipping-taxable","20":"product-type-external","21":"col","22":"span_1_of_3","23":"owp-content-center","24":"owp-thumbs-layout-horizontal","25":"owp-btn-very-big","26":"owp-tabs-layout-horizontal"},"_links":{"self":[{"href":"https:\/\/www.jinpinlub.com\/vi\/wp-json\/wp\/v2\/product\/4023","targetHints":{"allow":["GET"]}}],"collection":[{"href":"https:\/\/www.jinpinlub.com\/vi\/wp-json\/wp\/v2\/product"}],"about":[{"href":"https:\/\/www.jinpinlub.com\/vi\/wp-json\/wp\/v2\/types\/product"}],"wp:featuredmedia":[{"embeddable":true,"href":"https:\/\/www.jinpinlub.com\/vi\/wp-json\/wp\/v2\/media\/4024"}],"wp:attachment":[{"href":"https:\/\/www.jinpinlub.com\/vi\/wp-json\/wp\/v2\/media?parent=4023"}],"wp:term":[{"taxonomy":"product_brand","embeddable":true,"href":"https:\/\/www.jinpinlub.com\/vi\/wp-json\/wp\/v2\/product_brand?post=4023"},{"taxonomy":"product_cat","embeddable":true,"href":"https:\/\/www.jinpinlub.com\/vi\/wp-json\/wp\/v2\/product_cat?post=4023"},{"taxonomy":"product_tag","embeddable":true,"href":"https:\/\/www.jinpinlub.com\/vi\/wp-json\/wp\/v2\/product_tag?post=4023"}],"curies":[{"name":"wp","href":"https:\/\/api.w.org\/{rel}","templated":true}]}}