{"id":4028,"date":"2024-12-13T05:32:23","date_gmt":"2024-12-12T21:32:23","guid":{"rendered":"https:\/\/www.jinpinlub.com\/?post_type=product&#038;p=4028"},"modified":"2024-12-13T05:48:01","modified_gmt":"2024-12-12T21:48:01","slug":"bom-boi-tron-chinh-xac-co-the-thao-roi-j200-cho-may-mai-cnc","status":"publish","type":"product","link":"https:\/\/www.jinpinlub.com\/vi\/product\/j200-detachable-precision-lubrication-pump-for-grinding-cnc\/","title":{"rendered":"B\u01a1m b\u00f4i tr\u01a1n ch\u00ednh x\u00e1c c\u00f3 th\u1ec3 th\u00e1o r\u1eddi J200 cho m\u00e1y m\u00e0i CNC"},"content":{"rendered":"<h2>\u0110\u1eb7c tr\u01b0ng<\/h2>\n<p>Ch\u1ee9c n\u0103ng chuy\u1ec3n \u0111\u1ed5i m\u1ee9c<br \/>\nC\u00f4ng t\u1eafc m\u1ee9c \u0111\u01b0\u1ee3c t\u00edch h\u1ee3p b\u00ean trong b\u01a1m b\u00f4i tr\u01a1n J200. Khi c\u00f4ng t\u1eafc m\u1ee9c \u0111\u01b0\u1ee3c k\u00edch ho\u1ea1t, b\u01a1m c\u00f3 th\u1ec3 d\u1eebng l\u1ea1i tr\u01b0\u1edbc khi m\u1ee1 \u0111\u01b0\u1ee3c x\u1ea3 h\u1ebft ho\u00e0n to\u00e0n, ng\u0103n kh\u00f4ng cho kh\u00f4ng kh\u00ed h\u00f2a l\u1eabn v\u00e0o m\u1ee1 v\u00e0 \u0111\u1ea3m b\u1ea3o h\u1ec7 th\u1ed1ng b\u00f4i tr\u01a1n ho\u1ea1t \u0111\u1ed9ng b\u00ecnh th\u01b0\u1eddng.<br \/>\nH\u1ea1n ch\u1ebf \u0111i\u1ec1u ki\u1ec7n l\u00e0m vi\u1ec7c<br \/>\nC\u00f4ng t\u1eafc m\u1ee9c ch\u1ec9 ph\u00e1t ra t\u00edn hi\u1ec7u khi b\u01a1m b\u00f4i tr\u01a1n J200 \u0111\u01b0\u1ee3c b\u1eadt ngu\u1ed3n. V\u00ec b\u01a1m d\u1eebng khi c\u00f4ng t\u1eafc m\u1ee9c \u0111\u01b0\u1ee3c k\u00edch ho\u1ea1t, \u0111i\u1ec1u n\u00e0y c\u00f3 th\u1ec3 khi\u1ebfn c\u00f4ng t\u1eafc \u00e1p su\u1ea5t kh\u00f4ng ho\u1ea1t \u0111\u1ed9ng b\u00ecnh th\u01b0\u1eddng v\u00e0 ph\u00e1t ra t\u00edn hi\u1ec7u \u00e1p su\u1ea5t b\u1ea5t th\u01b0\u1eddng.<br \/>\nC\u00e1c bi\u1ec7n ph\u00e1p ph\u00f2ng ng\u1eeba khi v\u1eadn h\u00e0nh<br \/>\nC\u00f4ng t\u1eafc m\u1ee9c v\u00e0 b\u1ed9 chuy\u1ec3n \u0111\u1ed5i b\u1ed9 l\u1ecdc t\u1ea1o th\u00e0nh m\u1ed9t \u0111\u01a1n v\u1ecb t\u00edch h\u1ee3p. Khi h\u1ed9p m\u1ef1c r\u1ed7ng \u0111\u01b0\u1ee3c th\u00e1o ra, \u0111\u1ea7u ra b\u1ea5t th\u01b0\u1eddng \u1edf ph\u00eda thi\u1ebft b\u1ecb v\u1eabn c\u00f2n. N\u1ebfu b\u1eadt ngu\u1ed3n trong tr\u01b0\u1eddng h\u1ee3p n\u00e0y, b\u01a1m b\u00f4i tr\u01a1n J200 s\u1ebd h\u00edt kh\u00f4ng kh\u00ed. Do \u0111\u00f3, h\u00e3y \u0111\u1ea3m b\u1ea3o l\u1eafp h\u1ed9p m\u1ef1c m\u1edbi tr\u01b0\u1edbc khi b\u1eadt l\u1ea1i ngu\u1ed3n v\u00e0 nh\u1ea3 \u0111\u1ea7u ra b\u1ea5t th\u01b0\u1eddng.<\/p>\n<h2>\u0110\u1eb7c \u0111i\u1ec3m k\u1ef9 thu\u1eadt<\/h2>\n<table>\n<tbody>\n<tr>\n<td>Ng\u01b0\u1eddi m\u1eabu<\/td>\n<td>J200-5D<\/td>\n<\/tr>\n<tr>\n<td>Th\u1eddi gian b\u00f4i tr\u01a1n<\/td>\n<td>PLC ho\u1eb7c b\u1ed9 \u0111i\u1ec1u khi\u1ec3n b\u00ean ngo\u00e0i<\/td>\n<\/tr>\n<tr>\n<td>Kho\u1ea3ng th\u1eddi gian<\/td>\n<td>PLC ho\u1eb7c b\u1ed9 \u0111i\u1ec1u khi\u1ec3n b\u00ean ngo\u00e0i<\/td>\n<\/tr>\n<tr>\n<td>Nhi\u1ec7t \u0111\u1ed9 ho\u1ea1t \u0111\u1ed9ng<\/td>\n<td>0\u2103~ +50\u00b0C (\u0110i\u1ec1u ki\u1ec7n nhi\u1ec7t \u0111\u1ed9 th\u1ea5p c\u1ea7n m\u1ee1 ch\u1ed1ng \u0111\u00f4ng)<\/td>\n<\/tr>\n<tr>\n<td>S\u1ed1 l\u01b0\u1ee3ng c\u1eeda h\u00e0ng<\/td>\n<td>1 ho\u1eb7c 2<\/td>\n<\/tr>\n<tr>\n<td>S\u1ee9c ch\u1ee9a h\u1ed3 ch\u1ee9a<\/td>\n<td>0,3L, 0,5L, 0,7L<\/td>\n<\/tr>\n<tr>\n<td>N\u1ea1p l\u1ea1i<\/td>\n<td>B\u00ecnh ch\u1ee9a\/h\u1ed9p m\u1ef1c c\u00f3 th\u1ec3 th\u00e1o r\u1eddi<\/td>\n<\/tr>\n<tr>\n<td>Ch\u1ea5t b\u00f4i tr\u01a1n<\/td>\n<td>M\u1ee1 b\u00f4i tr\u01a1n c\u1ea5p NLGI 000~2#<\/td>\n<\/tr>\n<tr>\n<td>Van gi\u1ea3m \u00e1p<\/td>\n<td>\u0110\u00e3 l\u1eafp r\u00e1p<\/td>\n<\/tr>\n<tr>\n<td>Ph\u00f3ng \u0111i\u1ec7n<\/td>\n<td>7 mL\/ph\u00fat<\/td>\n<\/tr>\n<tr>\n<td>\u00c1p su\u1ea5t v\u1eadn h\u00e0nh t\u1ed1i \u0111a<\/td>\n<td>5.0 ho\u1eb7c 8.0 MPa<\/td>\n<\/tr>\n<tr>\n<td>Ch\u1ee7 \u0111\u1ec1 k\u1ebft n\u1ed1i<\/td>\n<td>\u0110\u1ea7u ra \u03a66<\/td>\n<\/tr>\n<tr>\n<td>\u0110i\u1ec7n \u00e1p ho\u1ea1t \u0111\u1ed9ng<\/td>\n<td>24VDC<\/td>\n<\/tr>\n<tr>\n<td>Ch\u1ee9ng nh\u1eadn<\/td>\n<td>Ti\u00eau chu\u1ea9n<\/td>\n<\/tr>\n<tr>\n<td>C\u00f4ng t\u1eafc m\u1ee9c th\u1ea5p<\/td>\n<td>Li\u00ean h\u1ec7 NC<\/td>\n<\/tr>\n<\/tbody>\n<\/table>\n<h2>\u0110\u01b0\u1eddng \u1ed1ng<\/h2>\n<p>1. C\u00e1c b\u01b0\u1edbc k\u1ebft n\u1ed1i<br \/>\nK\u1ebft n\u1ed1i \u1ed1ng v\u1edbi \u0111\u1ea7u ra c\u1ee7a b\u01a1m b\u00f4i tr\u01a1n. S\u1eed d\u1ee5ng \u1ed1ng c\u00f3 kh\u1ea3 n\u0103ng ch\u1ecbu \u00e1p su\u1ea5t t\u1eeb 10MPa tr\u1edf l\u00ean. \u0110\u1ea7u ti\u00ean, c\u1ed1 \u0111\u1ecbnh kh\u1edbp n\u1ed1i b\u1eb1ng tay \u0111\u1ec3 \u0111\u1ea3m b\u1ea3o \u0111\u1ed9 \u1ed5n \u0111\u1ecbnh ban \u0111\u1ea7u c\u1ee7a k\u1ebft n\u1ed1i. Sau \u0111\u00f3 si\u1ebft ch\u1eb7t b\u1eb1ng c\u1edd l\u00ea. Ch\u00fa \u00fd \u0111\u1ebfn l\u1ef1c v\u1eeba ph\u1ea3i c\u1ee7a thao t\u00e1c n\u00e0y. M\u00f4-men xo\u1eafn th\u00edch h\u1ee3p l\u00e0 7,1N\uff65m.<br \/>\n2. Ki\u1ec3m tra sau khi k\u1ebft n\u1ed1i<br \/>\nSau khi k\u1ebft n\u1ed1i ho\u00e0n t\u1ea5t, h\u00e3y ch\u1eafc ch\u1eafn ki\u1ec3m tra c\u1ea9n th\u1eadn xem c\u00f3 r\u00f2 r\u1ec9 m\u1ee1 \u1edf m\u1ed1i n\u1ed1i kh\u00f4ng \u0111\u1ec3 \u0111\u1ea3m b\u1ea3o \u0111\u1ed9 k\u00edn c\u1ee7a m\u1ed1i n\u1ed1i. Sau \u0111\u00f3, x\u1ea3 kh\u00ed \u0111\u1ec3 lo\u1ea1i b\u1ecf kh\u00f4ng kh\u00ed c\u00f3 th\u1ec3 t\u1ed3n t\u1ea1i trong \u0111\u01b0\u1eddng \u1ed1ng v\u00e0 b\u01a1m b\u00f4i tr\u01a1n.<br \/>\n3. M\u00f4 t\u1ea3 t\u00ecnh hu\u1ed1ng \u00e1p su\u1ea5t<br \/>\nM\u1eb7c d\u00f9 \u00e1p su\u1ea5t 8MPa ho\u1eb7c cao h\u01a1n c\u00f3 th\u1ec3 x\u1ea3y ra khi \u0111\u01b0\u1eddng \u1ed1ng ch\u00ednh ng\u1eafn, nh\u01b0ng \u0111i\u1ec1u n\u00e0y s\u1ebd kh\u00f4ng g\u00e2y ra v\u1ea5n \u0111\u1ec1 g\u00ec khi s\u1eed d\u1ee5ng b\u00ecnh th\u01b0\u1eddng, nh\u01b0ng v\u1eabn c\u1ea7n ch\u00fa \u00fd \u0111\u1ebfn nh\u1eefng thay \u0111\u1ed5i \u00e1p su\u1ea5t c\u1ee7a h\u1ec7 th\u1ed1ng b\u00f4i tr\u01a1n \u0111\u1ec3 \u0111\u1ea3m b\u1ea3o r\u1eb1ng n\u00f3 n\u1eb1m trong ph\u1ea1m vi ho\u1ea1t \u0111\u1ed9ng b\u00ecnh th\u01b0\u1eddng.<\/p>\n<h2>H\u01b0\u1edbng d\u1eabn s\u1eed d\u1ee5ng<\/h2>\n<div class=\"sdm_download_button_box_default\"><div class=\"sdm_download_link\"><a href=\"https:\/\/www.jinpinlub.com\/vi\/?sdm_process_download=1&download_id=3962\" class=\"sdm_download white\" title=\"Ri\u00eang t\u01b0: J200 Electric Pump\" target=\"&quot;_blank&quot;\">Xem B\u1ea3ng d\u1eef li\u1ec7u - B\u01a1m m\u1ee1 J200<\/a><\/div><\/div>","protected":false},"excerpt":{"rendered":"<p>Jinpinlub J200 l\u00e0 b\u01a1m b\u00f4i tr\u01a1n hi\u1ec7u su\u1ea5t cao, l\u01b0u l\u01b0\u1ee3ng ch\u00ednh x\u00e1c, thi\u1ebft k\u1ebf k\u1ebft c\u1ea5u tinh t\u1ebf v\u00e0 nh\u1ecf g\u1ecdn, l\u1eafp \u0111\u1eb7t thu\u1eadn ti\u1ec7n, ph\u00f9 h\u1ee3p v\u1edbi nhi\u1ec1u kh\u00f4ng gian thi\u1ebft b\u1ecb kh\u00e1c nhau. Ti\u1ebfng \u1ed3n c\u1ef1c th\u1ea5p khi v\u1eadn h\u00e0nh, t\u1ea1o ra m\u00f4i tr\u01b0\u1eddng l\u00e0m vi\u1ec7c y\u00ean t\u0129nh.<\/p>","protected":false},"featured_media":4029,"template":"","meta":{"ocean_post_layout":"","ocean_both_sidebars_style":"","ocean_both_sidebars_content_width":0,"ocean_both_sidebars_sidebars_width":0,"ocean_sidebar":"0","ocean_second_sidebar":"0","ocean_disable_margins":"enable","ocean_add_body_class":"","ocean_shortcode_before_top_bar":"","ocean_shortcode_after_top_bar":"","ocean_shortcode_before_header":"","ocean_shortcode_after_header":"","ocean_has_shortcode":"","ocean_shortcode_after_title":"","ocean_shortcode_before_footer_widgets":"","ocean_shortcode_after_footer_widgets":"","ocean_shortcode_before_footer_bottom":"","ocean_shortcode_after_footer_bottom":"","ocean_display_top_bar":"default","ocean_display_header":"default","ocean_header_style":"","ocean_center_header_left_menu":"0","ocean_custom_header_template":"0","ocean_custom_logo":0,"ocean_custom_retina_logo":0,"ocean_custom_logo_max_width":0,"ocean_custom_logo_tablet_max_width":0,"ocean_custom_logo_mobile_max_width":0,"ocean_custom_logo_max_height":0,"ocean_custom_logo_tablet_max_height":0,"ocean_custom_logo_mobile_max_height":0,"ocean_header_custom_menu":"0","ocean_menu_typo_font_family":"0","ocean_menu_typo_font_subset":"","ocean_menu_typo_font_size":0,"ocean_menu_typo_font_size_tablet":0,"ocean_menu_typo_font_size_mobile":0,"ocean_menu_typo_font_size_unit":"px","ocean_menu_typo_font_weight":"","ocean_menu_typo_font_weight_tablet":"","ocean_menu_typo_font_weight_mobile":"","ocean_menu_typo_transform":"","ocean_menu_typo_transform_tablet":"","ocean_menu_typo_transform_mobile":"","ocean_menu_typo_line_height":0,"ocean_menu_typo_line_height_tablet":0,"ocean_menu_typo_line_height_mobile":0,"ocean_menu_typo_line_height_unit":"","ocean_menu_typo_spacing":0,"ocean_menu_typo_spacing_tablet":0,"ocean_menu_typo_spacing_mobile":0,"ocean_menu_typo_spacing_unit":"","ocean_menu_link_color":"","ocean_menu_link_color_hover":"","ocean_menu_link_color_active":"","ocean_menu_link_background":"","ocean_menu_link_hover_background":"","ocean_menu_link_active_background":"","ocean_menu_social_links_bg":"","ocean_menu_social_hover_links_bg":"","ocean_menu_social_links_color":"","ocean_menu_social_hover_links_color":"","ocean_disable_title":"default","ocean_disable_heading":"default","ocean_post_title":"","ocean_post_subheading":"","ocean_post_title_style":"","ocean_post_title_background_color":"","ocean_post_title_background":0,"ocean_post_title_bg_image_position":"","ocean_post_title_bg_image_attachment":"","ocean_post_title_bg_image_repeat":"","ocean_post_title_bg_image_size":"","ocean_post_title_height":0,"ocean_post_title_bg_overlay":0.5,"ocean_post_title_bg_overlay_color":"","ocean_disable_breadcrumbs":"default","ocean_breadcrumbs_color":"","ocean_breadcrumbs_separator_color":"","ocean_breadcrumbs_links_color":"","ocean_breadcrumbs_links_hover_color":"","ocean_display_footer_widgets":"default","ocean_display_footer_bottom":"default","ocean_custom_footer_template":"0","osh_disable_topbar_sticky":"default","osh_disable_header_sticky":"default","osh_sticky_header_style":"default","osh_sticky_header_effect":"","osh_custom_sticky_logo":0,"osh_custom_retina_sticky_logo":0,"osh_custom_sticky_logo_height":0,"osh_background_color":"","osh_links_color":"","osh_links_hover_color":"","osh_links_active_color":"","osh_links_bg_color":"","osh_links_hover_bg_color":"","osh_links_active_bg_color":"","osh_menu_social_links_color":"","osh_menu_social_hover_links_color":""},"product_brand":[],"product_cat":[38,37],"product_tag":[73,380,378,111,92],"class_list":{"0":"post-4028","1":"product","2":"type-product","3":"status-publish","4":"has-post-thumbnail","6":"product_cat-electric-pressure-relief-pumps","7":"product_cat-single-line-grease-systems","8":"product_tag-electric-lubrication-pump","9":"product_tag-jinpuinlub-lubrication-pump","10":"product_tag-lhl-lubrication-pump","11":"product_tag-oil-lubrication-pump","12":"product_tag-single-line-lubrication-pump","14":"entry","15":"has-media","17":"first","18":"instock","19":"shipping-taxable","20":"product-type-external","21":"col","22":"span_1_of_3","23":"owp-content-center","24":"owp-thumbs-layout-horizontal","25":"owp-btn-very-big","26":"owp-tabs-layout-horizontal"},"_links":{"self":[{"href":"https:\/\/www.jinpinlub.com\/vi\/wp-json\/wp\/v2\/product\/4028","targetHints":{"allow":["GET"]}}],"collection":[{"href":"https:\/\/www.jinpinlub.com\/vi\/wp-json\/wp\/v2\/product"}],"about":[{"href":"https:\/\/www.jinpinlub.com\/vi\/wp-json\/wp\/v2\/types\/product"}],"wp:featuredmedia":[{"embeddable":true,"href":"https:\/\/www.jinpinlub.com\/vi\/wp-json\/wp\/v2\/media\/4029"}],"wp:attachment":[{"href":"https:\/\/www.jinpinlub.com\/vi\/wp-json\/wp\/v2\/media?parent=4028"}],"wp:term":[{"taxonomy":"product_brand","embeddable":true,"href":"https:\/\/www.jinpinlub.com\/vi\/wp-json\/wp\/v2\/product_brand?post=4028"},{"taxonomy":"product_cat","embeddable":true,"href":"https:\/\/www.jinpinlub.com\/vi\/wp-json\/wp\/v2\/product_cat?post=4028"},{"taxonomy":"product_tag","embeddable":true,"href":"https:\/\/www.jinpinlub.com\/vi\/wp-json\/wp\/v2\/product_tag?post=4028"}],"curies":[{"name":"wp","href":"https:\/\/api.w.org\/{rel}","templated":true}]}}