{"id":4035,"date":"2024-12-16T21:43:19","date_gmt":"2024-12-16T13:43:19","guid":{"rendered":"https:\/\/www.jinpinlub.com\/?post_type=product&#038;p=4035"},"modified":"2024-12-16T22:10:13","modified_gmt":"2024-12-16T14:10:13","slug":"he-thong-boi-tron-dien-tien-bo-j203-cho-may-xuc","status":"publish","type":"product","link":"https:\/\/www.jinpinlub.com\/vi\/product\/j203-electric-progressive-lubrication-system-for-excavator\/","title":{"rendered":"H\u1ec7 th\u1ed1ng b\u00f4i tr\u01a1n \u0111i\u1ec7n ti\u1ebfn b\u1ed9 J203 cho m\u00e1y \u0111\u00e0o"},"content":{"rendered":"<h2>\u0110\u1eb7c tr\u01b0ng<\/h2>\n<p>1. Th\u00e2n b\u01a1m b\u00f4i tr\u01a1n c\u00f3 nhi\u1ec1u thi\u1ebft k\u1ebf kh\u00e1c nhau: c\u00f3 thi\u1ebft k\u1ebf c\u00f3 ho\u1eb7c kh\u00f4ng c\u00f3 t\u1ea5m d\u1eabn h\u01b0\u1edbng, t\u1ea5m d\u1eabn h\u01b0\u1edbng c\u1ea3i thi\u1ec7n kh\u1ea3 n\u0103ng h\u1ea5p th\u1ee5 d\u1ea7u, c\u00f3 nhi\u1ec1u b\u1ed9 ph\u1eadn b\u01a1m kh\u00e1c nhau, ph\u00f9 h\u1ee3p v\u1edbi c\u00e1c lo\u1ea1i m\u1ee1 kh\u00e1c nhau v\u00e0 thi\u1ebft k\u1ebf linh ho\u1ea1t.<br \/>\n2. Ki\u1ec3m so\u00e1t v\u00e0 gi\u00e1m s\u00e1t ch\u00ednh x\u00e1c: b\u1ea3ng \u0111i\u1ec1u khi\u1ec3n c\u00f3 nhi\u1ec1u ch\u1ee9c n\u0103ng v\u00e0 c\u00f3 th\u1ec3 \u0111i\u1ec1u ch\u1ec9nh th\u1eddi gian ch\u00ednh x\u00e1c. M\u1ed9t s\u1ed1 b\u01a1m b\u00f4i tr\u01a1n \u0111\u01b0\u1ee3c trang b\u1ecb c\u1ea3m bi\u1ebfn \u0111\u1ec3 theo d\u00f5i m\u1ee9c ch\u1ea5t l\u1ecfng. X\u1eed l\u00fd t\u00edn hi\u1ec7u \u0111\u00f2i h\u1ecfi ph\u1ea3i l\u1eadp tr\u00ecnh \u0111\u1ec3 \u0111\u1ea3m b\u1ea3o ho\u1ea1t \u0111\u1ed9ng \u1ed5n \u0111\u1ecbnh.<br \/>\n3. K\u1ebft n\u1ed1i \u0111i\u1ec7n \u0111a d\u1ea1ng: \u0111i\u1ec7n \u00e1p t\u00f9y ch\u1ecdn, nhi\u1ec1u ph\u01b0\u01a1ng ph\u00e1p k\u1ebft n\u1ed1i, t\u00f9y thu\u1ed9c v\u00e0o lo\u1ea1i b\u01a1m b\u00f4i tr\u01a1n, c\u1ea7n tu\u00e2n th\u1ee7 c\u00e1c ti\u00eau chu\u1ea9n \u0111\u1ec3 \u0111\u1ea3m b\u1ea3o an to\u00e0n v\u00e0 m\u1ee9c \u0111\u1ed9 b\u1ea3o v\u1ec7 li\u00ean quan \u0111\u1ebfn c\u00e1c th\u00e0nh ph\u1ea7n.<br \/>\n4. Kh\u1ea3 n\u0103ng th\u00edch \u1ee9ng v\u1edbi m\u00f4i tr\u01b0\u1eddng t\u1ed1t: nhi\u1ec7t \u0111\u1ed9 \u1ea3nh h\u01b0\u1edfng \u0111\u1ebfn hi\u1ec7u su\u1ea5t, c\u00e1c lo\u1ea1i b\u01a1m b\u00f4i tr\u01a1n kh\u00e1c nhau c\u00f3 y\u00eau c\u1ea7u t\u01b0\u01a1ng \u1ee9ng, thi\u1ebft k\u1ebf b\u00ecnh ch\u1ee9a \u0111a d\u1ea1ng, c\u00f3 th\u1ec3 l\u1ef1a ch\u1ecdn c\u00e1c dung t\u00edch kh\u00e1c nhau l\u00e0 2L, 4L, 8L, 15L, l\u1eafp \u0111\u1eb7t linh ho\u1ea1t v\u00e0 th\u00edch \u1ee9ng v\u1edbi nhi\u1ec1u \u0111i\u1ec1u ki\u1ec7n l\u00e0m vi\u1ec7c kh\u00e1c nhau.<br \/>\n5. Kh\u1ea3 n\u0103ng cung c\u1ea5p tuy\u1ec7t v\u1eddi: t\u1ed1c \u0111\u1ed9 cung c\u1ea5p \u0111\u1ecbnh m\u1ee9c thay \u0111\u1ed5i t\u00f9y thu\u1ed9c v\u00e0o th\u00e0nh ph\u1ea7n v\u00e0 m\u1ee1, b\u1ecb \u1ea3nh h\u01b0\u1edfng b\u1edfi nhi\u1ec1u y\u1ebfu t\u1ed1, c\u00f3 th\u1ec3 \u0111i\u1ec1u ch\u1ec9nh v\u00e0 c\u00f3 bi\u1ec3u \u0111\u1ed3 \u0111\u1ec3 h\u1ed7 tr\u1ee3 t\u00ednh to\u00e1n v\u00e0 \u0111i\u1ec1u ch\u1ec9nh.<\/p>\n<h2>\u0110\u1eb7c \u0111i\u1ec3m k\u1ef9 thu\u1eadt<\/h2>\n<table>\n<tbody>\n<tr>\n<td>Nhi\u1ec7t \u0111\u1ed9 ho\u1ea1t \u0111\u1ed9ng<\/td>\n<td>(-40\u00b0C \u0111\u1ebfn +70\u00b0C)<\/td>\n<\/tr>\n<tr>\n<td>S\u1ed1 l\u01b0\u1ee3ng c\u1eeda h\u00e0ng<\/td>\n<td>1, 2 ho\u1eb7c 3<\/td>\n<\/tr>\n<tr>\n<td>S\u1ee9c ch\u1ee9a h\u1ed3 ch\u1ee9a<\/td>\n<td>2L, 4L, 8L, 15L<\/td>\n<\/tr>\n<tr>\n<td>N\u1ea1p l\u1ea1i<\/td>\n<td>Ph\u1ee5 ki\u1ec7n b\u00f4i tr\u01a1n th\u1ee7y l\u1ef1c ho\u1eb7c t\u1eeb tr\u00ean xu\u1ed1ng<\/td>\n<\/tr>\n<tr>\n<td>Ch\u1ea5t b\u00f4i tr\u01a1n<\/td>\n<td>M\u1ee1 b\u00f4i tr\u01a1n \u00edt nh\u1ea5t l\u00e0 lo\u1ea1i NLGI 2, D\u1ea7u c\u00f3 l\u01b0u l\u01b0\u1ee3ng l\u00ean \u0111\u1ebfn 40mm\u00b2\/gi\u00e2y (cSt) \u1edf 40\u00b0 C<\/td>\n<\/tr>\n<tr>\n<td>L\u1edbp b\u1ea3o v\u1ec7<\/td>\n<td>IP6K 9K<\/td>\n<\/tr>\n<tr>\n<td>\u0110\u01b0\u1eddng k\u00ednh piston, K5<\/td>\n<td>5 mm, x\u1ea5p x\u1ec9 2 cm\u00b3\/ph\u00fat<\/td>\n<\/tr>\n<tr>\n<td>\u0110\u01b0\u1eddng k\u00ednh piston, (ti\u00eau chu\u1ea9n) K6<\/td>\n<td>6 mm, x\u1ea5p x\u1ec9 2,8cm\u00b3\/ph\u00fat<\/td>\n<\/tr>\n<tr>\n<td>\u0110\u01b0\u1eddng k\u00ednh piston, K7<\/td>\n<td>7 mm, x\u1ea5p x\u1ec9 4 cm\u00b3\/ph\u00fat<\/td>\n<\/tr>\n<tr>\n<td>\u00c1p su\u1ea5t v\u1eadn h\u00e0nh t\u1ed1i \u0111a<\/td>\n<td>350 thanh<\/td>\n<\/tr>\n<tr>\n<td>Ch\u1ee7 \u0111\u1ec1 k\u1ebft n\u1ed1i<\/td>\n<td>G 1\/4<\/td>\n<\/tr>\n<tr>\n<td>\u0110i\u1ec7n \u00e1p ho\u1ea1t \u0111\u1ed9ng<\/td>\n<td>12VDC, 24VDC, 110-240VAC<\/td>\n<\/tr>\n<\/tbody>\n<\/table>\n<h2>B\u1ea2O TR\u00cc<\/h2>\n<p>1. Th\u00f4ng s\u1ed1 k\u1ef9 thu\u1eadt ho\u1ea1t \u0111\u1ed9ng<br \/>\nHo\u1ea1t \u0111\u1ed9ng h\u00e0ng ng\u00e0y c\u1ee7a h\u1ec7 th\u1ed1ng b\u00f4i tr\u01a1n xoay quanh vi\u1ec7c b\u1ed5 sung m\u1ee1, k\u00edch ho\u1ea1t b\u00f4i tr\u01a1n b\u1ed5 sung v\u00e0 thi\u1ebft l\u1eadp l\u1ea1i th\u00f4ng b\u00e1o l\u1ed7i. C\u00f3 nhi\u1ec1u c\u00e1ch kh\u00e1c nhau \u0111\u1ec3 b\u1ed5 sung m\u1ee1 v\u00e0 c\u00e1c r\u1ee7i ro nh\u01b0 \u0111\u00f9n c\u00e1nh khu\u1ea5y v\u00e0 ch\u1ea5n th\u01b0\u01a1ng do l\u1ef1c c\u0103ng c\u1ee7a l\u00f2 xo ph\u1ea3i \u0111\u01b0\u1ee3c ng\u0103n ng\u1eeba trong qu\u00e1 tr\u00ecnh v\u1eadn h\u00e0nh.<br \/>\nC\u00e1c thao t\u00e1c k\u00edch ho\u1ea1t v\u00e0 \u0111\u1eb7t l\u1ea1i \u0111\u01b0\u1ee3c th\u1ef1c hi\u1ec7n v\u1edbi s\u1ef1 tr\u1ee3 gi\u00fap c\u1ee7a c\u00e1c n\u00fat tr\u00ean b\u1ea3ng m\u1ea1ch \u0111i\u1ec1u khi\u1ec3n. C\u1ea7n ph\u1ea3i kh\u1eafc ph\u1ee5c s\u1ef1 c\u1ed1 tr\u01b0\u1edbc khi \u0111\u1eb7t l\u1ea1i. C\u00e1c thi\u1ebft l\u1eadp m\u1edbi s\u1ebd c\u00f3 hi\u1ec7u l\u1ef1c sau khi kh\u1edfi \u0111\u1ed9ng l\u1ea1i ngu\u1ed3n. C\u00e1c thao t\u00e1c n\u00fat b\u1ecb gi\u1edbi h\u1ea1n v\u1ec1 th\u1eddi gian v\u00e0 ch\u1ee9c n\u0103ng.<br \/>\n2. B\u1ea3o tr\u00ec nghi\u00eam ng\u1eb7t<br \/>\nKi\u1ec3m tra th\u01b0\u1eddng xuy\u00ean v\u00e0 to\u00e0n di\u1ec7n k\u1ebft n\u1ed1i \u0111i\u1ec7n, hi\u1ec7u su\u1ea5t, l\u1eafp \u0111\u1eb7t linh ki\u1ec7n, b\u1ea3o v\u1ec7 \u00e1p su\u1ea5t, tr\u1ea1ng th\u00e1i thi\u1ebft b\u1ecb v\u00e0 \u0111i\u1ec1u ki\u1ec7n b\u00f4i tr\u01a1n c\u1ee7a m\u00e1y m\u00f3c v\u00e0 b\u01a1m b\u00f4i tr\u01a1n.<br \/>\nTr\u01b0\u1edbc khi v\u1ec7 sinh b\u01a1m b\u00f4i tr\u01a1n, h\u00e3y t\u1eaft ngu\u1ed3n \u0111i\u1ec7n tr\u01b0\u1edbc, s\u1eed d\u1ee5ng ch\u1ea5t t\u1ea9y r\u1eeda th\u00edch h\u1ee3p \u0111\u1ec3 lo\u1ea1i b\u1ecf c\u1eb7n b\u1ea9n, b\u1ea3o h\u1ed9 t\u1ed1t v\u00e0 tr\u00e1nh ti\u1ebfp x\u00fac v\u1edbi c\u00e1c ch\u1ea5t \u0111\u1ed9c h\u1ea1i.<\/p>\n<h2>H\u01b0\u1edbng d\u1eabn s\u1eed d\u1ee5ng<\/h2>\n<div class=\"sdm_download_button_box_default\"><div class=\"sdm_download_link\"><a href=\"https:\/\/www.jinpinlub.com\/vi\/?sdm_process_download=1&download_id=2429\" class=\"sdm_download white\" title=\"Ri\u00eang t\u01b0: J203 Grease Pump\" target=\"&quot;_blank&quot;\">Xem B\u1ea3ng d\u1eef li\u1ec7u - B\u01a1m m\u1ee1 J203<\/a><\/div><\/div>","protected":false},"excerpt":{"rendered":"<p>J203 l\u00e0 h\u1ec7 th\u1ed1ng b\u00f4i tr\u01a1n \u0111i\u1ec7n ti\u1ebfn b\u1ed9 c\u1ee7a Jinpinlub, ph\u00f9 h\u1ee3p v\u1edbi nhi\u1ec1u lo\u1ea1i thi\u1ebft b\u1ecb c\u00f4ng nghi\u1ec7p. Nh\u1ecf g\u1ecdn, ti\u1ebft ki\u1ec7m, c\u00f3 th\u1ec3 cung c\u1ea5p t\u1edbi 150 \u0111i\u1ec3m b\u00f4i tr\u01a1n, h\u1ed7 tr\u1ee3 ngu\u1ed3n \u0111i\u1ec7n DC ho\u1eb7c AC v\u00e0 c\u00f3 \u00e1p su\u1ea5t l\u00e0m vi\u1ec7c t\u1ed1i \u0111a l\u00e0 350 bar.<\/p>","protected":false},"featured_media":4036,"template":"","meta":{"ocean_post_layout":"","ocean_both_sidebars_style":"","ocean_both_sidebars_content_width":0,"ocean_both_sidebars_sidebars_width":0,"ocean_sidebar":"0","ocean_second_sidebar":"0","ocean_disable_margins":"enable","ocean_add_body_class":"","ocean_shortcode_before_top_bar":"","ocean_shortcode_after_top_bar":"","ocean_shortcode_before_header":"","ocean_shortcode_after_header":"","ocean_has_shortcode":"","ocean_shortcode_after_title":"","ocean_shortcode_before_footer_widgets":"","ocean_shortcode_after_footer_widgets":"","ocean_shortcode_before_footer_bottom":"","ocean_shortcode_after_footer_bottom":"","ocean_display_top_bar":"default","ocean_display_header":"default","ocean_header_style":"","ocean_center_header_left_menu":"0","ocean_custom_header_template":"0","ocean_custom_logo":0,"ocean_custom_retina_logo":0,"ocean_custom_logo_max_width":0,"ocean_custom_logo_tablet_max_width":0,"ocean_custom_logo_mobile_max_width":0,"ocean_custom_logo_max_height":0,"ocean_custom_logo_tablet_max_height":0,"ocean_custom_logo_mobile_max_height":0,"ocean_header_custom_menu":"0","ocean_menu_typo_font_family":"0","ocean_menu_typo_font_subset":"","ocean_menu_typo_font_size":0,"ocean_menu_typo_font_size_tablet":0,"ocean_menu_typo_font_size_mobile":0,"ocean_menu_typo_font_size_unit":"px","ocean_menu_typo_font_weight":"","ocean_menu_typo_font_weight_tablet":"","ocean_menu_typo_font_weight_mobile":"","ocean_menu_typo_transform":"","ocean_menu_typo_transform_tablet":"","ocean_menu_typo_transform_mobile":"","ocean_menu_typo_line_height":0,"ocean_menu_typo_line_height_tablet":0,"ocean_menu_typo_line_height_mobile":0,"ocean_menu_typo_line_height_unit":"","ocean_menu_typo_spacing":0,"ocean_menu_typo_spacing_tablet":0,"ocean_menu_typo_spacing_mobile":0,"ocean_menu_typo_spacing_unit":"","ocean_menu_link_color":"","ocean_menu_link_color_hover":"","ocean_menu_link_color_active":"","ocean_menu_link_background":"","ocean_menu_link_hover_background":"","ocean_menu_link_active_background":"","ocean_menu_social_links_bg":"","ocean_menu_social_hover_links_bg":"","ocean_menu_social_links_color":"","ocean_menu_social_hover_links_color":"","ocean_disable_title":"default","ocean_disable_heading":"default","ocean_post_title":"","ocean_post_subheading":"","ocean_post_title_style":"","ocean_post_title_background_color":"","ocean_post_title_background":0,"ocean_post_title_bg_image_position":"","ocean_post_title_bg_image_attachment":"","ocean_post_title_bg_image_repeat":"","ocean_post_title_bg_image_size":"","ocean_post_title_height":0,"ocean_post_title_bg_overlay":0.5,"ocean_post_title_bg_overlay_color":"","ocean_disable_breadcrumbs":"default","ocean_breadcrumbs_color":"","ocean_breadcrumbs_separator_color":"","ocean_breadcrumbs_links_color":"","ocean_breadcrumbs_links_hover_color":"","ocean_display_footer_widgets":"default","ocean_display_footer_bottom":"default","ocean_custom_footer_template":"0","osh_disable_topbar_sticky":"default","osh_disable_header_sticky":"default","osh_sticky_header_style":"default","osh_sticky_header_effect":"","osh_custom_sticky_logo":0,"osh_custom_retina_sticky_logo":0,"osh_custom_sticky_logo_height":0,"osh_background_color":"","osh_links_color":"","osh_links_hover_color":"","osh_links_active_color":"","osh_links_bg_color":"","osh_links_hover_bg_color":"","osh_links_active_bg_color":"","osh_menu_social_links_color":"","osh_menu_social_hover_links_color":""},"product_brand":[],"product_cat":[42,41],"product_tag":[74,321,73,78,77],"class_list":{"0":"post-4035","1":"product","2":"type-product","3":"status-publish","4":"has-post-thumbnail","6":"product_cat-electric-progressive-pumps","7":"product_cat-progressive-grease-systems","8":"product_tag-automatic-lubrication-pump","9":"product_tag-automatic-lubrication-system","10":"product_tag-electric-lubrication-pump","11":"product_tag-excavator-lubrication-pump","12":"product_tag-grease-lubrication-pump","14":"entry","15":"has-media","17":"first","18":"instock","19":"shipping-taxable","20":"product-type-external","21":"col","22":"span_1_of_3","23":"owp-content-center","24":"owp-thumbs-layout-horizontal","25":"owp-btn-very-big","26":"owp-tabs-layout-horizontal"},"_links":{"self":[{"href":"https:\/\/www.jinpinlub.com\/vi\/wp-json\/wp\/v2\/product\/4035","targetHints":{"allow":["GET"]}}],"collection":[{"href":"https:\/\/www.jinpinlub.com\/vi\/wp-json\/wp\/v2\/product"}],"about":[{"href":"https:\/\/www.jinpinlub.com\/vi\/wp-json\/wp\/v2\/types\/product"}],"wp:featuredmedia":[{"embeddable":true,"href":"https:\/\/www.jinpinlub.com\/vi\/wp-json\/wp\/v2\/media\/4036"}],"wp:attachment":[{"href":"https:\/\/www.jinpinlub.com\/vi\/wp-json\/wp\/v2\/media?parent=4035"}],"wp:term":[{"taxonomy":"product_brand","embeddable":true,"href":"https:\/\/www.jinpinlub.com\/vi\/wp-json\/wp\/v2\/product_brand?post=4035"},{"taxonomy":"product_cat","embeddable":true,"href":"https:\/\/www.jinpinlub.com\/vi\/wp-json\/wp\/v2\/product_cat?post=4035"},{"taxonomy":"product_tag","embeddable":true,"href":"https:\/\/www.jinpinlub.com\/vi\/wp-json\/wp\/v2\/product_tag?post=4035"}],"curies":[{"name":"wp","href":"https:\/\/api.w.org\/{rel}","templated":true}]}}