{"id":4045,"date":"2024-12-17T01:12:55","date_gmt":"2024-12-16T17:12:55","guid":{"rendered":"https:\/\/www.jinpinlub.com\/?post_type=product&#038;p=4045"},"modified":"2024-12-17T01:54:14","modified_gmt":"2024-12-16T17:54:14","slug":"he-thong-boi-tron-trung-tam-jinpinlub-bom-mo-dien","status":"publish","type":"product","link":"https:\/\/www.jinpinlub.com\/vi\/product\/jinpinlub-central-lubrication-system-electric-grease-pump\/","title":{"rendered":"H\u1ec7 th\u1ed1ng b\u00f4i tr\u01a1n trung t\u00e2m Jinpinlub M\u00e1y b\u01a1m m\u1ee1 \u0111i\u1ec7n"},"content":{"rendered":"<h2>\u0110\u1eb7c tr\u01b0ng<\/h2>\n<p>1. B\u01a1m b\u00f4i tr\u01a1n J203 kh\u00f4ng c\u00f3 t\u1ea5m d\u1eabn h\u01b0\u1edbng<br \/>\nCh\u1ee9c n\u0103ng c\u1ee7a b\u00ecnh ch\u1ee9a v\u00e0 c\u00e1nh khu\u1ea5y: B\u00ecnh ch\u1ee9a d\u1ea7u ch\u1ee9a ch\u1ea5t b\u00f4i tr\u01a1n, n\u1eafp \u0111\u1eady ch\u1ed1ng \u00f4 nhi\u1ec5m v\u00e0 thu\u1eadn ti\u1ec7n cho vi\u1ec7c ti\u1ebfp nhi\u00ean li\u1ec7u, thi\u1ebft b\u1ecb th\u00f4ng gi\u00f3 \u0111\u1ea3m b\u1ea3o l\u01b0u th\u00f4ng kh\u00f4ng kh\u00ed trong b\u00ecnh ch\u1ee9a d\u1ea7u khi b\u01a1m \u0111ang ch\u1ea1y. C\u00e1nh khu\u1ea5y \u0111\u1ed3ng nh\u1ea5t h\u00f3a ch\u1ea5t b\u00f4i tr\u01a1n v\u00e0 h\u1ed7 tr\u1ee3 b\u01a1m h\u00fat d\u1ea7u.<br \/>\n\u0110\u1ebf b\u01a1m v\u00e0 k\u1ebft n\u1ed1i b\u00ean trong: \u0110\u1ebf ch\u1ee9a \u0111\u1ed9ng c\u01a1, k\u1ebft n\u1ed1i \u0111i\u1ec7n, ph\u1ee5 ki\u1ec7n n\u1ea1p l\u1ea1i v\u00e0 t\u1ed1i \u0111a 3 b\u1ed9 ph\u1eadn b\u01a1m, \u0111\u1ed3ng th\u1eddi c\u00f4ng su\u1ea5t \u0111\u1ea7u ra c\u1ee7a c\u00e1c b\u1ed9 ph\u1eadn kh\u00e1c nhau c\u0169ng kh\u00e1c nhau.<br \/>\n2. B\u01a1m b\u00f4i tr\u01a1n J203 c\u00f3 t\u1ea5m d\u1eabn h\u01b0\u1edbng<br \/>\nB\u00ecnh ch\u1ee9a v\u00e0 c\u00e1c b\u1ed9 ph\u1eadn \u0111\u1eb7c bi\u1ec7t: Ch\u1ee9c n\u0103ng c\u1ee7a b\u00ecnh ch\u1ee9a t\u01b0\u01a1ng t\u1ef1 nh\u01b0 ch\u1ee9c n\u0103ng c\u1ee7a m\u00e1y b\u01a1m kh\u00f4ng c\u00f3 t\u1ea5m d\u1eabn h\u01b0\u1edbng, v\u00e0 thi\u1ebft b\u1ecb th\u00f4ng gi\u00f3 \u0111\u00f3ng vai tr\u00f2 trong qu\u00e1 tr\u00ecnh v\u1eadn h\u00e0nh v\u00e0 n\u1ea1p. T\u1ea5m d\u1eabn h\u01b0\u1edbng m\u1edbi \u0111\u01b0\u1ee3c th\u00eam v\u00e0o \u00e9p d\u1ea7u b\u1eb1ng l\u00f2 xo, v\u00e0 thanh ti\u1ebfp x\u00fac th\u1ef1c hi\u1ec7n ph\u00e1t hi\u1ec7n v\u00e0 ch\u1ec9 b\u00e1o m\u1ee9c ch\u1ea5t l\u1ecfng th\u1ea5p th\u00f4ng qua ti\u1ebfp x\u00fac l\u01b0\u1ee1i g\u00e0.<br \/>\nM\u1edf r\u1ed9ng k\u1ebft n\u1ed1i v\u00e0 ch\u1ee9c n\u0103ng: Ch\u1ee9c n\u0103ng c\u1ee7a v\u1ecf b\u01a1m v\u1eabn kh\u00f4ng thay \u0111\u1ed5i, k\u1ebft n\u1ed1i \u0111i\u1ec7n b\u1ed5 sung ch\u1ee9c n\u0103ng ch\u1ec9 b\u00e1o m\u1ee9c ch\u1ea5t l\u1ecfng. C\u00e1c lo\u1ea1i k\u1ebft n\u1ed1i l\u00e0 ph\u00edch c\u1eafm vu\u00f4ng ho\u1eb7c ph\u00edch c\u1eafm M12.<\/p>\n<h2>\u0110\u1eb7c \u0111i\u1ec3m k\u1ef9 thu\u1eadt<\/h2>\n<table>\n<tbody>\n<tr>\n<td>Nhi\u1ec7t \u0111\u1ed9 ho\u1ea1t \u0111\u1ed9ng<\/td>\n<td>(-40\u00b0C \u0111\u1ebfn +70\u00b0C)<\/td>\n<\/tr>\n<tr>\n<td>S\u1ed1 l\u01b0\u1ee3ng c\u1eeda h\u00e0ng<\/td>\n<td>1, 2 ho\u1eb7c 3<\/td>\n<\/tr>\n<tr>\n<td>S\u1ee9c ch\u1ee9a h\u1ed3 ch\u1ee9a<\/td>\n<td>2L, 4L, 8L, 15L<\/td>\n<\/tr>\n<tr>\n<td>N\u1ea1p l\u1ea1i<\/td>\n<td>Ph\u1ee5 ki\u1ec7n b\u00f4i tr\u01a1n th\u1ee7y l\u1ef1c ho\u1eb7c t\u1eeb tr\u00ean xu\u1ed1ng<\/td>\n<\/tr>\n<tr>\n<td>Ch\u1ea5t b\u00f4i tr\u01a1n<\/td>\n<td>M\u1ee1 b\u00f4i tr\u01a1n \u00edt nh\u1ea5t l\u00e0 lo\u1ea1i NLGI 2, D\u1ea7u c\u00f3 l\u01b0u l\u01b0\u1ee3ng l\u00ean \u0111\u1ebfn 40mm\u00b2\/gi\u00e2y (cSt) \u1edf 40\u00b0 C<\/td>\n<\/tr>\n<tr>\n<td>L\u1edbp b\u1ea3o v\u1ec7<\/td>\n<td>IP6K 9K<\/td>\n<\/tr>\n<tr>\n<td>\u0110\u01b0\u1eddng k\u00ednh piston, K5<\/td>\n<td>5 mm, x\u1ea5p x\u1ec9 2 cm\u00b3\/ph\u00fat<\/td>\n<\/tr>\n<tr>\n<td>\u0110\u01b0\u1eddng k\u00ednh piston, (ti\u00eau chu\u1ea9n) K6<\/td>\n<td>6 mm, x\u1ea5p x\u1ec9 2,8cm\u00b3\/ph\u00fat<\/td>\n<\/tr>\n<tr>\n<td>\u0110\u01b0\u1eddng k\u00ednh piston, K7<\/td>\n<td>7 mm, x\u1ea5p x\u1ec9 4 cm\u00b3\/ph\u00fat<\/td>\n<\/tr>\n<tr>\n<td>\u00c1p su\u1ea5t v\u1eadn h\u00e0nh t\u1ed1i \u0111a<\/td>\n<td>350 thanh<\/td>\n<\/tr>\n<tr>\n<td>Ch\u1ee7 \u0111\u1ec1 k\u1ebft n\u1ed1i<\/td>\n<td>G 1\/4<\/td>\n<\/tr>\n<tr>\n<td>\u0110i\u1ec7n \u00e1p ho\u1ea1t \u0111\u1ed9ng<\/td>\n<td>12VDC, 24VDC, 110-240VAC<\/td>\n<\/tr>\n<\/tbody>\n<\/table>\n<h2><span data-slate-fragment=\"JTVCJTdCJTIydHlwZSUyMiUzQSUyMnBhcmFncmFwaCUyMiUyQyUyMmNoaWxkcmVuJTIyJTNBJTVCJTdCJTIyaWQlMjIlM0ElMjJXUDU4YUw0Snc3JTIyJTJDJTIycGFyYUlkeCUyMiUzQTAlMkMlMjJzcmMlMjIlM0ElMjJtYWludGVuYW5jZSUyMiUyQyUyMmRzdCUyMiUzQSUyMiVFNyVCQiVCNCVFNCVCRiVBRSUyMiUyQyUyMm1ldGFkYXRhJTIyJTNBJTIyJTIyJTJDJTIybWV0YURhdGElMjIlM0ElNUIlNUQlMkMlMjJ0ZXh0JTIyJTNBJTIybWFpbnRlbmFuY2UlMjIlN0QlNUQlN0QlNUQ=\">B\u1ea2O TR\u00cc<\/span><\/h2>\n<p>1. B\u01a1m b\u00f4i tr\u01a1n kh\u00f4ng ch\u1ea1y<br \/>\n\u2013 L\u1ed7i ngu\u1ed3n \u0111i\u1ec7n: m\u00e1y ph\u00eda tr\u00ean \u0111\u00e3 t\u1eaft, c\u00e1p k\u1ebft n\u1ed1i b\u1ecb l\u1ecfng ho\u1eb7c h\u1ecfng, c\u1ea7u ch\u00ec ngo\u00e0i b\u1ecb \u0111\u1ee9t, h\u00e3y ki\u1ec3m tra v\u00e0 s\u1eeda ch\u1eefa.<br \/>\n\u2013 V\u1ea5n \u0111\u1ec1 ch\u1ebf \u0111\u1ed9 ho\u1ea1t \u0111\u1ed9ng: \u1edf ch\u1ebf \u0111\u1ed9 th\u1eddi gian t\u1ea1m d\u1eebng, h\u00e3y \u0111i\u1ec1u ch\u1ec9nh ch\u1ebf \u0111\u1ed9 ho\u1ea1t \u0111\u1ed9ng.<br \/>\n\u2013 H\u1ecfng h\u00f3c b\u00ean trong: \u0111\u1ed9ng c\u01a1, bo m\u1ea1ch \u0111i\u1ec7n b\u1ecb h\u1ecfng ho\u1eb7c d\u00e2y c\u00e1p b\u00ean trong b\u1ecb \u0111\u1ee9t, c\u1ea7n ki\u1ec3m tra chuy\u00ean nghi\u1ec7p v\u00e0 s\u1eeda ch\u1eefa ho\u1eb7c thay th\u1ebf linh ki\u1ec7n.<br \/>\n2. B\u01a1m b\u00f4i tr\u01a1n ch\u1ea1y nh\u01b0ng l\u01b0\u1ee3ng d\u1ea7u cung c\u1ea5p \u00edt ho\u1eb7c kh\u00f4ng c\u00f3<br \/>\n\u2013 H\u1ecfng h\u00f3c linh ki\u1ec7n h\u1ec7 th\u1ed1ng: h\u1ec7 th\u1ed1ng b\u00f4i tr\u01a1n \u0111i\u1ec7n b\u1ecb t\u1eafc, van m\u1ed9t chi\u1ec1u ho\u1eb7c van gi\u1ea3m \u00e1p b\u1ecb h\u1ecfng, thay th\u1ebf c\u00e1c linh ki\u1ec7n b\u1ecb h\u1ecfng.<br \/>\n\u2013 S\u1ef1 c\u1ed1 \u1edf linh ki\u1ec7n b\u01a1m b\u00f4i tr\u01a1n: l\u1ed7 h\u00fat d\u1ea7u b\u1ecb t\u1eafc, linh ki\u1ec7n b\u1ecb \u0111\u00f3ng, ch\u1ea5t b\u00f4i tr\u01a1n c\u00f3 b\u1ecdt kh\u00ed ho\u1eb7c \u0111\u1ed9 nh\u1edbt b\u1ea5t th\u01b0\u1eddng, h\u00e3y ki\u1ec3m tra v\u00e0 x\u1eed l\u00fd c\u00e1c linh ki\u1ec7n b\u01a1m v\u00e0 ch\u1ea5t b\u00f4i tr\u01a1n.<br \/>\n\u2013 S\u1ef1 c\u1ed1 thi\u1ebft b\u1ecb \u0111o: thi\u1ebft b\u1ecb \u0111o \u0111\u01b0\u1ee3c c\u1ea5u h\u00ecnh kh\u00f4ng \u0111\u00fang, c\u1ea5u h\u00ecnh l\u1ea1i cho \u0111\u00fang. \u0110\u1ea3m b\u1ea3o c\u00e1c bi\u1ec7n ph\u00e1p an to\u00e0n \u0111\u01b0\u1ee3c \u00e1p d\u1ee5ng v\u00e0 ho\u1ea1t \u0111\u1ed9ng theo quy \u0111\u1ecbnh tr\u01b0\u1edbc khi b\u1ea3o tr\u00ec.<\/p>\n<h2>H\u01b0\u1edbng d\u1eabn s\u1eed d\u1ee5ng<\/h2>\n<div class=\"sdm_download_button_box_default\"><div class=\"sdm_download_link\"><a href=\"https:\/\/www.jinpinlub.com\/vi\/?sdm_process_download=1&download_id=2429\" class=\"sdm_download white\" title=\"Ri\u00eang t\u01b0: J203 Grease Pump\" target=\"&quot;_blank&quot;\">Xem B\u1ea3ng d\u1eef li\u1ec7u - B\u01a1m m\u1ee1 J203<\/a><\/div><\/div>","protected":false},"excerpt":{"rendered":"<p>J203 l\u00e0 b\u01a1m b\u00f4i tr\u01a1n t\u1eadp trung t\u1ef1 \u0111\u1ed9ng c\u00f3 th\u1ec3 h\u1ed7 tr\u1ee3 t\u1ed1i \u0111a 3 c\u1ee5m b\u01a1m v\u00e0 cung c\u1ea5p t\u1edbi 150 \u0111i\u1ec3m b\u00f4i tr\u01a1n, ph\u00f9 h\u1ee3p v\u1edbi c\u00e1c t\u00ecnh hu\u1ed1ng nh\u01b0 m\u00e1y m\u00f3c x\u00e2y d\u1ef1ng, khung g\u1ea7m xe bu\u00fdt, m\u00e1y m\u00f3c v\u1eeba v\u00e0 nh\u1ecf v\u00e0 c\u00e1c ng\u00e0nh c\u00f4ng nghi\u1ec7p th\u00f4ng th\u01b0\u1eddng.<\/p>","protected":false},"featured_media":4046,"template":"","meta":{"ocean_post_layout":"","ocean_both_sidebars_style":"","ocean_both_sidebars_content_width":0,"ocean_both_sidebars_sidebars_width":0,"ocean_sidebar":"0","ocean_second_sidebar":"0","ocean_disable_margins":"enable","ocean_add_body_class":"","ocean_shortcode_before_top_bar":"","ocean_shortcode_after_top_bar":"","ocean_shortcode_before_header":"","ocean_shortcode_after_header":"","ocean_has_shortcode":"","ocean_shortcode_after_title":"","ocean_shortcode_before_footer_widgets":"","ocean_shortcode_after_footer_widgets":"","ocean_shortcode_before_footer_bottom":"","ocean_shortcode_after_footer_bottom":"","ocean_display_top_bar":"default","ocean_display_header":"default","ocean_header_style":"","ocean_center_header_left_menu":"0","ocean_custom_header_template":"0","ocean_custom_logo":0,"ocean_custom_retina_logo":0,"ocean_custom_logo_max_width":0,"ocean_custom_logo_tablet_max_width":0,"ocean_custom_logo_mobile_max_width":0,"ocean_custom_logo_max_height":0,"ocean_custom_logo_tablet_max_height":0,"ocean_custom_logo_mobile_max_height":0,"ocean_header_custom_menu":"0","ocean_menu_typo_font_family":"0","ocean_menu_typo_font_subset":"","ocean_menu_typo_font_size":0,"ocean_menu_typo_font_size_tablet":0,"ocean_menu_typo_font_size_mobile":0,"ocean_menu_typo_font_size_unit":"px","ocean_menu_typo_font_weight":"","ocean_menu_typo_font_weight_tablet":"","ocean_menu_typo_font_weight_mobile":"","ocean_menu_typo_transform":"","ocean_menu_typo_transform_tablet":"","ocean_menu_typo_transform_mobile":"","ocean_menu_typo_line_height":0,"ocean_menu_typo_line_height_tablet":0,"ocean_menu_typo_line_height_mobile":0,"ocean_menu_typo_line_height_unit":"","ocean_menu_typo_spacing":0,"ocean_menu_typo_spacing_tablet":0,"ocean_menu_typo_spacing_mobile":0,"ocean_menu_typo_spacing_unit":"","ocean_menu_link_color":"","ocean_menu_link_color_hover":"","ocean_menu_link_color_active":"","ocean_menu_link_background":"","ocean_menu_link_hover_background":"","ocean_menu_link_active_background":"","ocean_menu_social_links_bg":"","ocean_menu_social_hover_links_bg":"","ocean_menu_social_links_color":"","ocean_menu_social_hover_links_color":"","ocean_disable_title":"default","ocean_disable_heading":"default","ocean_post_title":"","ocean_post_subheading":"","ocean_post_title_style":"","ocean_post_title_background_color":"","ocean_post_title_background":0,"ocean_post_title_bg_image_position":"","ocean_post_title_bg_image_attachment":"","ocean_post_title_bg_image_repeat":"","ocean_post_title_bg_image_size":"","ocean_post_title_height":0,"ocean_post_title_bg_overlay":0.5,"ocean_post_title_bg_overlay_color":"","ocean_disable_breadcrumbs":"default","ocean_breadcrumbs_color":"","ocean_breadcrumbs_separator_color":"","ocean_breadcrumbs_links_color":"","ocean_breadcrumbs_links_hover_color":"","ocean_display_footer_widgets":"default","ocean_display_footer_bottom":"default","ocean_custom_footer_template":"0","osh_disable_topbar_sticky":"default","osh_disable_header_sticky":"default","osh_sticky_header_style":"default","osh_sticky_header_effect":"","osh_custom_sticky_logo":0,"osh_custom_retina_sticky_logo":0,"osh_custom_sticky_logo_height":0,"osh_background_color":"","osh_links_color":"","osh_links_hover_color":"","osh_links_active_color":"","osh_links_bg_color":"","osh_links_hover_bg_color":"","osh_links_active_bg_color":"","osh_menu_social_links_color":"","osh_menu_social_hover_links_color":""},"product_brand":[],"product_cat":[42,41],"product_tag":[321,73,76,77,91],"class_list":{"0":"post-4045","1":"product","2":"type-product","3":"status-publish","4":"has-post-thumbnail","6":"product_cat-electric-progressive-pumps","7":"product_cat-progressive-grease-systems","8":"product_tag-automatic-lubrication-system","9":"product_tag-electric-lubrication-pump","10":"product_tag-electric-lubrication-system","11":"product_tag-grease-lubrication-pump","12":"product_tag-progressive-lubrication-pump","14":"entry","15":"has-media","17":"first","18":"instock","19":"shipping-taxable","20":"product-type-external","21":"col","22":"span_1_of_3","23":"owp-content-center","24":"owp-thumbs-layout-horizontal","25":"owp-btn-very-big","26":"owp-tabs-layout-horizontal"},"_links":{"self":[{"href":"https:\/\/www.jinpinlub.com\/vi\/wp-json\/wp\/v2\/product\/4045","targetHints":{"allow":["GET"]}}],"collection":[{"href":"https:\/\/www.jinpinlub.com\/vi\/wp-json\/wp\/v2\/product"}],"about":[{"href":"https:\/\/www.jinpinlub.com\/vi\/wp-json\/wp\/v2\/types\/product"}],"wp:featuredmedia":[{"embeddable":true,"href":"https:\/\/www.jinpinlub.com\/vi\/wp-json\/wp\/v2\/media\/4046"}],"wp:attachment":[{"href":"https:\/\/www.jinpinlub.com\/vi\/wp-json\/wp\/v2\/media?parent=4045"}],"wp:term":[{"taxonomy":"product_brand","embeddable":true,"href":"https:\/\/www.jinpinlub.com\/vi\/wp-json\/wp\/v2\/product_brand?post=4045"},{"taxonomy":"product_cat","embeddable":true,"href":"https:\/\/www.jinpinlub.com\/vi\/wp-json\/wp\/v2\/product_cat?post=4045"},{"taxonomy":"product_tag","embeddable":true,"href":"https:\/\/www.jinpinlub.com\/vi\/wp-json\/wp\/v2\/product_tag?post=4045"}],"curies":[{"name":"wp","href":"https:\/\/api.w.org\/{rel}","templated":true}]}}