{"id":4052,"date":"2025-01-01T21:06:51","date_gmt":"2025-01-01T13:06:51","guid":{"rendered":"https:\/\/www.jinpinlub.com\/?post_type=product&#038;p=4052"},"modified":"2025-01-02T00:29:16","modified_gmt":"2025-01-01T16:29:16","slug":"mls-0-5l-bo-dieu-khien-boi-tron-toi-thieu-cho-may-cua","status":"publish","type":"product","link":"https:\/\/www.jinpinlub.com\/vi\/product\/mls-0-5l-minimal-lubrication-control-unit-for-sawing-machine\/","title":{"rendered":"B\u1ed9 \u0111i\u1ec1u khi\u1ec3n b\u00f4i tr\u01a1n t\u1ed1i thi\u1ec3u MLS 4L cho m\u00e1y c\u01b0a"},"content":{"rendered":"<h2>T\u00ednh n\u0103ng<\/h2>\n<p>1. B\u00f4i tr\u01a1n ch\u00ednh x\u00e1c: b\u01a1m b\u00f4i tr\u01a1n vi m\u00f4 c\u00f3 kh\u1ea3 n\u0103ng \u0111i\u1ec1u ch\u1ec9nh t\u1ed1t, v\u00edt \u0111\u1ecbnh l\u01b0\u1ee3ng kh\u00f4ng kh\u00ed v\u00e0 n\u00fam \u0111i\u1ec1u ch\u1ec9nh h\u00e0nh tr\u00ecnh b\u01a1m gi\u00fap ki\u1ec3m so\u00e1t ch\u00ednh x\u00e1c l\u01b0\u1ee3ng phun c\u1ee7a b\u01a1m phun; m\u00e1y ph\u00e1t xung \u0111i\u1ec1u khi\u1ec3n t\u1ed1c \u0111\u1ed9 chu k\u1ef3 b\u01a1m c\u00f3 th\u1ec3 \u0111\u01b0\u1ee3c th\u1ef1c hi\u1ec7n theo nhi\u1ec1u c\u00e1ch \u0111i\u1ec1u ch\u1ec9nh ch\u00ednh x\u00e1c.<br \/>\n2. Linh ho\u1ea1t trong c\u1ea5u h\u00ecnh: \u0110\u00e2y l\u00e0 thi\u1ebft k\u1ebf m\u00f4-\u0111un m\u00e0 kh\u00e1ch h\u00e0ng c\u00f3 th\u1ec3 t\u1ef1 c\u1ea5u h\u00ecnh theo nhu c\u1ea7u c\u1ee7a m\u00ecnh. H\u1ec7 th\u1ed1ng bao g\u1ed3m t\u1ea5t c\u1ea3 c\u00e1c lo\u1ea1i m\u00e1y b\u01a1m, van \u0111i\u1ec1u ch\u1ec9nh, b\u1ed3n ch\u1ee9a ch\u1ea5t l\u1ecfng, v.v. \u00c1p d\u1ee5ng c\u00e1c c\u1ea3nh \u1ee9ng d\u1ee5ng kh\u00e1c nhau v\u1edbi c\u00e1c c\u1ea5u tr\u00fac h\u1ec7 th\u1ed1ng v\u00e0 s\u1ef1 k\u1ebft h\u1ee3p th\u00e0nh ph\u1ea7n kh\u00e1c nhau.<br \/>\n3. C\u00e1c th\u00f4ng s\u1ed1 \u0111\u01b0\u1ee3c x\u00e1c \u0111\u1ecbnh: \u00e1p su\u1ea5t cung c\u1ea5p kh\u00ed, th\u00f4ng s\u1ed1 b\u01a1m b\u00f4i tr\u01a1n vi m\u00f4, l\u01b0u l\u01b0\u1ee3ng kh\u00ed, t\u1ea7n s\u1ed1 m\u00e1y ph\u00e1t xung, ph\u1ea1m vi nhi\u1ec7t \u0111\u1ed9 l\u00e0m vi\u1ec7c v\u00e0 l\u01b0u tr\u1eef, v.v.<\/p>\n<h2>\u0110\u1eb7c \u0111i\u1ec3m k\u1ef9 thu\u1eadt<\/h2>\n<table>\n<tbody>\n<tr>\n<td>Cung c\u1ea5p \u00e1p su\u1ea5t kh\u00f4ng kh\u00ed<\/td>\n<td>Kh\u00f4ng kh\u00ed n\u00e9n s\u1ea1ch, kh\u00f4, 4~7 bar, t\u1ed1i thi\u1ec3u 708 LPM<\/td>\n<\/tr>\n<tr>\n<td>\u0110\u1ed9 nh\u1edbt c\u1ee7a b\u01a1m<\/td>\n<td>50~1000 SUS<\/td>\n<\/tr>\n<tr>\n<td>C\u00f4ng su\u1ea5t b\u01a1m \u1edf h\u00e0nh tr\u00ecnh \u0111\u1ea7y \u0111\u1ee7<\/td>\n<td>0,033 mL (chu\u1ea9n 1 gi\u1ecdt), 0,100 mL (chu\u1ea9n 3 gi\u1ecdt)<\/td>\n<\/tr>\n<tr>\n<td>T\u1ed1c \u0111\u1ed9 \u0111\u1ea7u ra c\u1ee7a m\u00e1y b\u01a1m<\/td>\n<td>0~396mL\/gi\u1edd (chu\u1ea9n 1 gi\u1ecdt), 0~1200mL\/gi\u1edd (chu\u1ea9n 3 gi\u1ecdt)<\/td>\n<\/tr>\n<tr>\n<td>L\u01b0u l\u01b0\u1ee3ng kh\u00f4ng kh\u00ed<\/td>\n<td>0~4 SCFM cho m\u1ed7i \u0111\u1ea7u ra kh\u00f4ng kh\u00ed v\u00e0 d\u1ea7u, 1~2 SCFM \u0111i\u1ec3n h\u00ecnh<\/td>\n<\/tr>\n<tr>\n<td>M\u00e1y ph\u00e1t xung<\/td>\n<td>5~50 xung\/ph\u00fat, T\u1ed1i \u0111a 200 xung\/ph\u00fat (kh\u00f4ng khuy\u1ebfn ngh\u1ecb)<\/td>\n<\/tr>\n<tr>\n<td>Nhi\u1ec7t \u0111\u1ed9 ho\u1ea1t \u0111\u1ed9ng<\/td>\n<td>0\u2103 ~ +50\u02daC<\/td>\n<\/tr>\n<tr>\n<td>Nhi\u1ec7t \u0111\u1ed9 l\u01b0u tr\u1eef<\/td>\n<td>(-16\u2103 ~ +70\u02daC)<\/td>\n<\/tr>\n<tr>\n<td>B\u00ecnh ch\u1ee9a ch\u1ea5t l\u1ecfng<\/td>\n<td>C\u00f3 th\u1ec3 t\u00f9y ch\u1ec9nh, ti\u00eau chu\u1ea9n 0,5L, 1,0L, 2L, 4L<\/td>\n<\/tr>\n<\/tbody>\n<\/table>\n<h2><span data-slate-fragment=\"JTVCJTdCJTIydHlwZSUyMiUzQSUyMnBhcmFncmFwaCUyMiUyQyUyMmNoaWxkcmVuJTIyJTNBJTVCJTdCJTIyaWQlMjIlM0ElMjJXUDU4YUw0Snc3JTIyJTJDJTIycGFyYUlkeCUyMiUzQTAlMkMlMjJzcmMlMjIlM0ElMjJtYWludGVuYW5jZSUyMiUyQyUyMmRzdCUyMiUzQSUyMiVFNyVCQiVCNCVFNCVCRiVBRSUyMiUyQyUyMm1ldGFkYXRhJTIyJTNBJTIyJTIyJTJDJTIybWV0YURhdGElMjIlM0ElNUIlNUQlMkMlMjJ0ZXh0JTIyJTNBJTIybWFpbnRlbmFuY2UlMjIlN0QlNUQlN0QlNUQ=\">L\u1eafp r\u00e1p<\/span><\/h2>\n<p><span id=\"input-sentence~0\">V\u1ecb tr\u00ed l\u1eafp \u0111\u1eb7t<br \/>\nH\u1ec7 th\u1ed1ng b\u00f4i tr\u01a1n vi m\u00f4 \u0111\u01b0\u1ee3c l\u1eafp \u0111\u1eb7t g\u1ea7n m\u00e1y v\u00e0 \u0111\u1ea3m b\u1ea3o kh\u00f4ng c\u00f3 ch\u01b0\u1edbng ng\u1ea1i v\u1eadt n\u00e0o c\u00f3 th\u1ec3 n\u00e9n ho\u1eb7c xo\u1eafn \u0111\u01b0\u1eddng \u1ed1ng \u0111\u1ea7u ra ho\u1eb7c \u0111\u01b0\u1eddng \u1ed1ng cung c\u1ea5p kh\u00ed. Trong khi \u0111\u00f3, thi\u1ebft b\u1ecb ph\u1ea3i \u0111\u01b0\u1ee3c l\u1eafp \u0111\u1eb7t v\u1edbi b\u00ecnh ch\u1ee9a h\u01b0\u1edbng l\u00ean tr\u00ean v\u00e0 \u1edf v\u1ecb tr\u00ed n\u1eb1m ngang.<\/span><span id=\"input-sentence~1\"><br \/>\nPh\u01b0\u01a1ng ph\u00e1p c\u00e0i \u0111\u1eb7t<br \/>\nL\u1eafp \u0111\u1eb7t tr\u1ef1c ti\u1ebfp: L\u1eafp tr\u1ef1c ti\u1ebfp h\u1ec7 th\u1ed1ng b\u00f4i tr\u01a1n vi m\u00f4 v\u00e0o m\u00e1y, quan s\u00e1t qu\u00e1 tr\u00ecnh l\u1eafp \u0111\u1eb7t \u0111\u1ec3 \u0111\u1ea3m b\u1ea3o an to\u00e0n c\u00e1 nh\u00e2n. S\u1eed d\u1ee5ng v\u00edt th\u00edch h\u1ee3p t\u1ea1i m\u1ed7i v\u1ecb tr\u00ed l\u1eafp \u0111\u1eb7t v\u1edbi v\u00edt t\u01b0\u01a1ng \u1ee9ng \u0111\u1ec3 l\u1eafp \u0111\u1eb7t \u0111\u00fang c\u00e1ch.<br \/>\nL\u1eafp \u0111\u1eb7t nam ch\u00e2m: L\u1eafp \u0111\u1eb7t b\u1eb1ng nam ch\u00e2m c\u0169ng c\u00f3 th\u1ec3 \u0111\u01b0\u1ee3c s\u1eed d\u1ee5ng t\u00f9y ch\u1ecdn t\u00f9y thu\u1ed9c v\u00e0o n\u01a1i c\u1ea7n y\u00eau c\u1ea7u l\u1eafp \u0111\u1eb7t. Vi\u1ec7c tu\u00e2n th\u1ee7 an to\u00e0n trong qu\u00e1 tr\u00ecnh l\u1eafp \u0111\u1eb7t c\u0169ng s\u1ebd \u0111\u1ea3m b\u1ea3o t\u00ednh \u1ed5n \u0111\u1ecbnh c\u1ee7a h\u1ec7 th\u1ed1ng b\u00f4i tr\u01a1n vi m\u00f4 \u0111\u01b0\u1ee3c l\u1eafp \u0111\u1eb7t.<\/span><\/p>\n<h2>H\u01b0\u1edbng d\u1eabn s\u1eed d\u1ee5ng<\/h2>\n<div class=\"sdm_download_button_box_default\"><div class=\"sdm_download_link\"><a href=\"https:\/\/www.jinpinlub.com\/vi\/?sdm_process_download=1&download_id=4054\" class=\"sdm_download white\" title=\"Ri\u00eang t\u01b0: Minimal Quantity Lubrication\" target=\"&quot;_blank&quot;\">Xem B\u1ea3ng d\u1eef li\u1ec7u - B\u00f4i tr\u01a1n s\u1ed1 l\u01b0\u1ee3ng t\u1ed1i thi\u1ec3u<\/a><\/div><\/div>","protected":false},"excerpt":{"rendered":"<p>H\u1ec7 th\u1ed1ng b\u00f4i tr\u01a1n vi m\u00f4 MLS s\u1eed d\u1ee5ng b\u01a1m d\u1ecbch chuy\u1ec3n t\u00edch c\u1ef1c ch\u1ea1y b\u1eb1ng kh\u00ed n\u00e9n, c\u00f3 th\u1ec3 ki\u1ec3m so\u00e1t ch\u00ednh x\u00e1c l\u01b0\u1ee3ng s\u01b0\u01a1ng d\u1ea7u \u0111\u1ea7u ra. Thi\u1ebft k\u1ebf d\u1ea1ng m\u00f4-\u0111un, hi\u1ec7u su\u1ea5t \u0111\u00e1ng tin c\u1eady, c\u1ea5u h\u00ecnh linh ho\u1ea1t v\u00e0 l\u1eafp \u0111\u1eb7t d\u1ec5 d\u00e0ng.<\/p>","protected":false},"featured_media":4057,"template":"","meta":{"ocean_post_layout":"","ocean_both_sidebars_style":"","ocean_both_sidebars_content_width":0,"ocean_both_sidebars_sidebars_width":0,"ocean_sidebar":"0","ocean_second_sidebar":"0","ocean_disable_margins":"enable","ocean_add_body_class":"","ocean_shortcode_before_top_bar":"","ocean_shortcode_after_top_bar":"","ocean_shortcode_before_header":"","ocean_shortcode_after_header":"","ocean_has_shortcode":"","ocean_shortcode_after_title":"","ocean_shortcode_before_footer_widgets":"","ocean_shortcode_after_footer_widgets":"","ocean_shortcode_before_footer_bottom":"","ocean_shortcode_after_footer_bottom":"","ocean_display_top_bar":"default","ocean_display_header":"default","ocean_header_style":"","ocean_center_header_left_menu":"0","ocean_custom_header_template":"0","ocean_custom_logo":0,"ocean_custom_retina_logo":0,"ocean_custom_logo_max_width":0,"ocean_custom_logo_tablet_max_width":0,"ocean_custom_logo_mobile_max_width":0,"ocean_custom_logo_max_height":0,"ocean_custom_logo_tablet_max_height":0,"ocean_custom_logo_mobile_max_height":0,"ocean_header_custom_menu":"0","ocean_menu_typo_font_family":"0","ocean_menu_typo_font_subset":"","ocean_menu_typo_font_size":0,"ocean_menu_typo_font_size_tablet":0,"ocean_menu_typo_font_size_mobile":0,"ocean_menu_typo_font_size_unit":"px","ocean_menu_typo_font_weight":"","ocean_menu_typo_font_weight_tablet":"","ocean_menu_typo_font_weight_mobile":"","ocean_menu_typo_transform":"","ocean_menu_typo_transform_tablet":"","ocean_menu_typo_transform_mobile":"","ocean_menu_typo_line_height":0,"ocean_menu_typo_line_height_tablet":0,"ocean_menu_typo_line_height_mobile":0,"ocean_menu_typo_line_height_unit":"","ocean_menu_typo_spacing":0,"ocean_menu_typo_spacing_tablet":0,"ocean_menu_typo_spacing_mobile":0,"ocean_menu_typo_spacing_unit":"","ocean_menu_link_color":"","ocean_menu_link_color_hover":"","ocean_menu_link_color_active":"","ocean_menu_link_background":"","ocean_menu_link_hover_background":"","ocean_menu_link_active_background":"","ocean_menu_social_links_bg":"","ocean_menu_social_hover_links_bg":"","ocean_menu_social_links_color":"","ocean_menu_social_hover_links_color":"","ocean_disable_title":"default","ocean_disable_heading":"default","ocean_post_title":"","ocean_post_subheading":"","ocean_post_title_style":"","ocean_post_title_background_color":"","ocean_post_title_background":0,"ocean_post_title_bg_image_position":"","ocean_post_title_bg_image_attachment":"","ocean_post_title_bg_image_repeat":"","ocean_post_title_bg_image_size":"","ocean_post_title_height":0,"ocean_post_title_bg_overlay":0.5,"ocean_post_title_bg_overlay_color":"","ocean_disable_breadcrumbs":"default","ocean_breadcrumbs_color":"","ocean_breadcrumbs_separator_color":"","ocean_breadcrumbs_links_color":"","ocean_breadcrumbs_links_hover_color":"","ocean_display_footer_widgets":"default","ocean_display_footer_bottom":"default","ocean_custom_footer_template":"0","osh_disable_topbar_sticky":"default","osh_disable_header_sticky":"default","osh_sticky_header_style":"default","osh_sticky_header_effect":"","osh_custom_sticky_logo":0,"osh_custom_retina_sticky_logo":0,"osh_custom_sticky_logo_height":0,"osh_background_color":"","osh_links_color":"","osh_links_hover_color":"","osh_links_active_color":"","osh_links_bg_color":"","osh_links_hover_bg_color":"","osh_links_active_bg_color":"","osh_menu_social_links_color":"","osh_menu_social_hover_links_color":""},"product_brand":[],"product_cat":[46],"product_tag":[386,382,388,381,387],"class_list":{"0":"post-4052","1":"product","2":"type-product","3":"status-publish","4":"has-post-thumbnail","6":"product_cat-oil-mist-lubrication-systems","7":"product_tag-micro-lubrication-system","8":"product_tag-minimal-quantity-lubrication","9":"product_tag-minimum-quantity-lubrication","10":"product_tag-mql-lubrication-pump","11":"product_tag-oil-mist-coolant-pumps","13":"entry","14":"has-media","16":"first","17":"instock","18":"shipping-taxable","19":"product-type-external","20":"col","21":"span_1_of_3","22":"owp-content-center","23":"owp-thumbs-layout-horizontal","24":"owp-btn-very-big","25":"owp-tabs-layout-horizontal"},"_links":{"self":[{"href":"https:\/\/www.jinpinlub.com\/vi\/wp-json\/wp\/v2\/product\/4052","targetHints":{"allow":["GET"]}}],"collection":[{"href":"https:\/\/www.jinpinlub.com\/vi\/wp-json\/wp\/v2\/product"}],"about":[{"href":"https:\/\/www.jinpinlub.com\/vi\/wp-json\/wp\/v2\/types\/product"}],"wp:featuredmedia":[{"embeddable":true,"href":"https:\/\/www.jinpinlub.com\/vi\/wp-json\/wp\/v2\/media\/4057"}],"wp:attachment":[{"href":"https:\/\/www.jinpinlub.com\/vi\/wp-json\/wp\/v2\/media?parent=4052"}],"wp:term":[{"taxonomy":"product_brand","embeddable":true,"href":"https:\/\/www.jinpinlub.com\/vi\/wp-json\/wp\/v2\/product_brand?post=4052"},{"taxonomy":"product_cat","embeddable":true,"href":"https:\/\/www.jinpinlub.com\/vi\/wp-json\/wp\/v2\/product_cat?post=4052"},{"taxonomy":"product_tag","embeddable":true,"href":"https:\/\/www.jinpinlub.com\/vi\/wp-json\/wp\/v2\/product_tag?post=4052"}],"curies":[{"name":"wp","href":"https:\/\/api.w.org\/{rel}","templated":true}]}}