{"id":4064,"date":"2025-01-01T23:46:16","date_gmt":"2025-01-01T15:46:16","guid":{"rendered":"https:\/\/www.jinpinlub.com\/?post_type=product&#038;p=4064"},"modified":"2025-01-02T00:24:58","modified_gmt":"2025-01-01T16:24:58","slug":"don-vi-boi-tron-so-luong-toi-thieu-mls-cho-quy-trinh-cat","status":"publish","type":"product","link":"https:\/\/www.jinpinlub.com\/vi\/product\/mls-minimal-quantity-lubrication-unit-for-cutting-processes\/","title":{"rendered":"\u0110\u01a1n v\u1ecb b\u00f4i tr\u01a1n s\u1ed1 l\u01b0\u1ee3ng t\u1ed1i thi\u1ec3u MLS cho quy tr\u00ecnh c\u1eaft"},"content":{"rendered":"<h2>T\u00ednh n\u0103ng<\/h2>\n<p><span id=\"input-sentence~0\">\u2013 B\u00f4i tr\u01a1n ch\u00ednh x\u00e1c: MLS s\u1eed d\u1ee5ng b\u01a1m d\u1ecbch chuy\u1ec3n t\u00edch c\u1ef1c c\u00f3 kh\u1ea3 n\u0103ng phun ch\u1ea5t l\u1ecfng v\u1edbi t\u1ed1c \u0111\u1ed9 ch\u00ednh x\u00e1c, gi\u00fap gi\u1ea3m ch\u1ea5t th\u1ea3i v\u00e0 t\u0103ng hi\u1ec7u qu\u1ea3.<br \/>\n\u2013 Thi\u1ebft k\u1ebf m\u00f4-\u0111un: Thi\u1ebft k\u1ebf m\u00f4-\u0111un cho ph\u00e9p ng\u01b0\u1eddi d\u00f9ng th\u00eam ho\u1eb7c gi\u1ea3m s\u1ed1 l\u01b0\u1ee3ng b\u01a1m v\u00e0 c\u1ea5u h\u00ecnh h\u1ec7 th\u1ed1ng b\u00f4i tr\u01a1n vi m\u00f4 v\u1edbi nhi\u1ec1u c\u1ed5ng ra kh\u00e1c nhau theo y\u00eau c\u1ea7u c\u1ee5 th\u1ec3 c\u1ee7a \u1ee9ng d\u1ee5ng.<\/span><span id=\"input-sentence~1\"><br \/>\n<span id=\"input-sentence~0\">&#8211; <\/span>B\u01a1m d\u1ecbch chuy\u1ec3n t\u00edch c\u1ef1c: B\u01a1m d\u1ecbch chuy\u1ec3n t\u00edch c\u1ef1c trong h\u1ec7 th\u1ed1ng b\u00f4i tr\u01a1n vi m\u00f4 \u0111\u1ea3m b\u1ea3o l\u01b0u l\u01b0\u1ee3ng \u0111\u1ea7u ra \u1ed5n \u0111\u1ecbnh ngay c\u1ea3 khi \u00e1p su\u1ea5t thay \u0111\u1ed5i, \u0111i\u1ec1u n\u00e0y r\u1ea5t quan tr\u1ecdng \u0111\u1ec3 b\u00f4i tr\u01a1n ch\u00ednh x\u00e1c.<br \/>\n<span id=\"input-sentence~0\">&#8211; <\/span>Ho\u1ea1t \u0111\u1ed9ng b\u1eb1ng kh\u00ed n\u00e9n: To\u00e0n b\u1ed9 h\u1ec7 th\u1ed1ng nh\u1ecf ch\u1ec9 d\u1ef1a v\u00e0o kh\u00ed n\u00e9n, kh\u00f4ng c\u1ea7n ngu\u1ed3n \u0111i\u1ec7n b\u1ed5 sung, gi\u00fap \u0111\u01a1n gi\u1ea3n h\u00f3a vi\u1ec7c l\u1eafp \u0111\u1eb7t v\u00e0 v\u1eadn h\u00e0nh \u0111\u1ed3ng th\u1eddi gi\u1ea3m m\u1ee9c ti\u00eau th\u1ee5 n\u0103ng l\u01b0\u1ee3ng.<\/span><\/p>\n<h2>\u0110\u1eb7c \u0111i\u1ec3m k\u1ef9 thu\u1eadt<\/h2>\n<table>\n<tbody>\n<tr>\n<td>Cung c\u1ea5p \u00e1p su\u1ea5t kh\u00f4ng kh\u00ed<\/td>\n<td>Kh\u00f4ng kh\u00ed n\u00e9n s\u1ea1ch, kh\u00f4, 4~7 bar, t\u1ed1i thi\u1ec3u 708 LPM<\/td>\n<\/tr>\n<tr>\n<td>\u0110\u1ed9 nh\u1edbt c\u1ee7a b\u01a1m<\/td>\n<td>50~1000 SUS<\/td>\n<\/tr>\n<tr>\n<td>C\u00f4ng su\u1ea5t b\u01a1m \u1edf h\u00e0nh tr\u00ecnh \u0111\u1ea7y \u0111\u1ee7<\/td>\n<td>0,033 mL (chu\u1ea9n 1 gi\u1ecdt), 0,100 mL (chu\u1ea9n 3 gi\u1ecdt)<\/td>\n<\/tr>\n<tr>\n<td>T\u1ed1c \u0111\u1ed9 \u0111\u1ea7u ra c\u1ee7a m\u00e1y b\u01a1m<\/td>\n<td>0~396mL\/gi\u1edd (chu\u1ea9n 1 gi\u1ecdt), 0~1200mL\/gi\u1edd (chu\u1ea9n 3 gi\u1ecdt)<\/td>\n<\/tr>\n<tr>\n<td>L\u01b0u l\u01b0\u1ee3ng kh\u00f4ng kh\u00ed<\/td>\n<td>0~4 SCFM cho m\u1ed7i \u0111\u1ea7u ra kh\u00f4ng kh\u00ed v\u00e0 d\u1ea7u, 1~2 SCFM \u0111i\u1ec3n h\u00ecnh<\/td>\n<\/tr>\n<tr>\n<td>M\u00e1y ph\u00e1t xung<\/td>\n<td>5~50 xung\/ph\u00fat, T\u1ed1i \u0111a 200 xung\/ph\u00fat (kh\u00f4ng khuy\u1ebfn ngh\u1ecb)<\/td>\n<\/tr>\n<tr>\n<td>Nhi\u1ec7t \u0111\u1ed9 ho\u1ea1t \u0111\u1ed9ng<\/td>\n<td>0\u2103 ~ +50\u02daC<\/td>\n<\/tr>\n<tr>\n<td>Nhi\u1ec7t \u0111\u1ed9 l\u01b0u tr\u1eef<\/td>\n<td>(-16\u2103 ~ +70\u02daC)<\/td>\n<\/tr>\n<tr>\n<td>B\u00ecnh ch\u1ee9a ch\u1ea5t l\u1ecfng<\/td>\n<td>C\u00f3 th\u1ec3 t\u00f9y ch\u1ec9nh, ti\u00eau chu\u1ea9n 0,5L, 1,0L, 2L, 4L<\/td>\n<\/tr>\n<\/tbody>\n<\/table>\n<h2>\u0110i\u1ec1u ch\u1ec9nh<\/h2>\n<p>V\u1ecb tr\u00ed v\u00f2i phun r\u1ea5t quan tr\u1ecdng \u0111\u1ed1i v\u1edbi hi\u1ec7u \u1ee9ng b\u00f4i tr\u01a1n vi m\u00f4 v\u00e0 ph\u1ea3i \u0111\u01b0\u1ee3c \u0111\u1eb7t \u1edf v\u1ecb tr\u00ed t\u1ed1i \u01b0u theo c\u00e1c ph\u01b0\u01a1ng ph\u00e1p gia c\u00f4ng kh\u00e1c nhau (nh\u01b0 phay m\u1eb7t \u0111\u1ea7u, phay ngo\u1ea1i vi, v.v.), \u0111\u1ea3m b\u1ea3o kh\u1ed1i gh\u00e9p v\u00f2i phun n\u1eb1m ngang ho\u1eb7c h\u01b0\u1edbng xu\u1ed1ng d\u01b0\u1edbi.<br \/>\nTrong qu\u00e1 tr\u00ecnh s\u1eed d\u1ee5ng, n\u1ebfu hi\u1ec7u qu\u1ea3 b\u00f4i tr\u01a1n c\u1ee7a s\u01b0\u01a1ng d\u1ea7u kh\u00f4ng t\u1ed1t ho\u1eb7c v\u1ecb tr\u00ed v\u00f2i phun thay \u0111\u1ed5i th\u00ec c\u1ea7n ph\u1ea3i \u0111i\u1ec1u ch\u1ec9nh k\u1ecbp th\u1eddi, gi\u00fap duy tr\u00ec hi\u1ec7u su\u1ea5t b\u00f4i tr\u01a1n t\u1ed1t c\u1ee7a h\u1ec7 th\u1ed1ng v\u00e0 c\u0169ng l\u00e0 m\u1ed9t ph\u1ea7n c\u1ee7a c\u00f4ng vi\u1ec7c b\u1ea3o d\u01b0\u1ee1ng.<br \/>\nC\u00e1c lo\u1ea1i v\u00f2i phun b\u00f4i tr\u01a1n l\u01b0\u1ee3ng t\u1ed1i thi\u1ec3u kh\u00e1c nhau (nh\u1ef1a m\u1ec1m, \u0111\u1ed3ng b\u00e1n c\u1ee9ng, th\u00e9p kh\u00f4ng g\u1ec9, v.v.) c\u00f3 nh\u1eefng \u0111\u1eb7c \u0111i\u1ec3m ri\u00eang v\u00e0 c\u1ea7n ch\u00fa \u00fd tr\u00e1nh h\u01b0 h\u1ecfng trong qu\u00e1 tr\u00ecnh s\u1eed d\u1ee5ng. V\u00ed d\u1ee5, v\u00f2i phun nh\u1ef1a m\u1ec1m d\u1ec5 b\u1ecb ch\u1ea1m v\u00e0 d\u1ecbch chuy\u1ec3n, v\u00f2i phun \u0111\u1ed3ng b\u00e1n c\u1ee9ng c\u00f3 th\u1ec3 \u0111\u01b0\u1ee3c t\u00f4i luy\u1ec7n b\u1eb1ng c\u00e1ch u\u1ed1n cong nhi\u1ec1u l\u1ea7n v\u00e0 v\u00f2i phun th\u00e9p kh\u00f4ng g\u1ec9 c\u00f3 \u0111\u1ed9 c\u1ee9ng t\u1ed1t nh\u01b0ng kh\u00f4ng d\u1ec5 b\u1ecb u\u1ed1n cong ho\u1eb7c bi\u1ebfn d\u1ea1ng.<\/p>\n<h2>H\u01b0\u1edbng d\u1eabn s\u1eed d\u1ee5ng<\/h2>\n<div class=\"sdm_download_button_box_default\"><div class=\"sdm_download_link\"><a href=\"https:\/\/www.jinpinlub.com\/vi\/?sdm_process_download=1&download_id=4054\" class=\"sdm_download white\" title=\"Ri\u00eang t\u01b0: Minimal Quantity Lubrication\" target=\"&quot;_blank&quot;\">Xem B\u1ea3ng d\u1eef li\u1ec7u - B\u00f4i tr\u01a1n s\u1ed1 l\u01b0\u1ee3ng t\u1ed1i thi\u1ec3u<\/a><\/div><\/div>","protected":false},"excerpt":{"rendered":"<p>H\u1ec7 th\u1ed1ng b\u00f4i tr\u01a1n vi m\u00f4 MLS n\u1ed5i ti\u1ebfng v\u1edbi thi\u1ebft k\u1ebf ch\u00ednh x\u00e1c, \u0111\u01a1n gi\u1ea3n v\u00e0 d\u1ea1ng m\u00f4-\u0111un, \u0111\u00f3ng vai tr\u00f2 l\u00e0 b\u01a1m phun cho h\u1ed7n h\u1ee3p kh\u00f4ng kh\u00ed v\u00e0 d\u1ea7u. H\u1ec7 th\u1ed1ng s\u1eed d\u1ee5ng b\u01a1m d\u1ecbch chuy\u1ec3n t\u00edch c\u1ef1c \u0111\u1ec3 \u0111\u1ea3m b\u1ea3o phun li\u00ean t\u1ee5c v\u00e0 ch\u00ednh x\u00e1c, d\u1ef1a v\u00e0o ho\u1ea1t \u0111\u1ed9ng c\u1ee7a kh\u00ed n\u00e9n.<\/p>","protected":false},"featured_media":4061,"template":"","meta":{"ocean_post_layout":"","ocean_both_sidebars_style":"","ocean_both_sidebars_content_width":0,"ocean_both_sidebars_sidebars_width":0,"ocean_sidebar":"0","ocean_second_sidebar":"0","ocean_disable_margins":"enable","ocean_add_body_class":"","ocean_shortcode_before_top_bar":"","ocean_shortcode_after_top_bar":"","ocean_shortcode_before_header":"","ocean_shortcode_after_header":"","ocean_has_shortcode":"","ocean_shortcode_after_title":"","ocean_shortcode_before_footer_widgets":"","ocean_shortcode_after_footer_widgets":"","ocean_shortcode_before_footer_bottom":"","ocean_shortcode_after_footer_bottom":"","ocean_display_top_bar":"default","ocean_display_header":"default","ocean_header_style":"","ocean_center_header_left_menu":"0","ocean_custom_header_template":"0","ocean_custom_logo":0,"ocean_custom_retina_logo":0,"ocean_custom_logo_max_width":0,"ocean_custom_logo_tablet_max_width":0,"ocean_custom_logo_mobile_max_width":0,"ocean_custom_logo_max_height":0,"ocean_custom_logo_tablet_max_height":0,"ocean_custom_logo_mobile_max_height":0,"ocean_header_custom_menu":"0","ocean_menu_typo_font_family":"0","ocean_menu_typo_font_subset":"","ocean_menu_typo_font_size":0,"ocean_menu_typo_font_size_tablet":0,"ocean_menu_typo_font_size_mobile":0,"ocean_menu_typo_font_size_unit":"px","ocean_menu_typo_font_weight":"","ocean_menu_typo_font_weight_tablet":"","ocean_menu_typo_font_weight_mobile":"","ocean_menu_typo_transform":"","ocean_menu_typo_transform_tablet":"","ocean_menu_typo_transform_mobile":"","ocean_menu_typo_line_height":0,"ocean_menu_typo_line_height_tablet":0,"ocean_menu_typo_line_height_mobile":0,"ocean_menu_typo_line_height_unit":"","ocean_menu_typo_spacing":0,"ocean_menu_typo_spacing_tablet":0,"ocean_menu_typo_spacing_mobile":0,"ocean_menu_typo_spacing_unit":"","ocean_menu_link_color":"","ocean_menu_link_color_hover":"","ocean_menu_link_color_active":"","ocean_menu_link_background":"","ocean_menu_link_hover_background":"","ocean_menu_link_active_background":"","ocean_menu_social_links_bg":"","ocean_menu_social_hover_links_bg":"","ocean_menu_social_links_color":"","ocean_menu_social_hover_links_color":"","ocean_disable_title":"default","ocean_disable_heading":"default","ocean_post_title":"","ocean_post_subheading":"","ocean_post_title_style":"","ocean_post_title_background_color":"","ocean_post_title_background":0,"ocean_post_title_bg_image_position":"","ocean_post_title_bg_image_attachment":"","ocean_post_title_bg_image_repeat":"","ocean_post_title_bg_image_size":"","ocean_post_title_height":0,"ocean_post_title_bg_overlay":0.5,"ocean_post_title_bg_overlay_color":"","ocean_disable_breadcrumbs":"default","ocean_breadcrumbs_color":"","ocean_breadcrumbs_separator_color":"","ocean_breadcrumbs_links_color":"","ocean_breadcrumbs_links_hover_color":"","ocean_display_footer_widgets":"default","ocean_display_footer_bottom":"default","ocean_custom_footer_template":"0","osh_disable_topbar_sticky":"default","osh_disable_header_sticky":"default","osh_sticky_header_style":"default","osh_sticky_header_effect":"","osh_custom_sticky_logo":0,"osh_custom_retina_sticky_logo":0,"osh_custom_sticky_logo_height":0,"osh_background_color":"","osh_links_color":"","osh_links_hover_color":"","osh_links_active_color":"","osh_links_bg_color":"","osh_links_hover_bg_color":"","osh_links_active_bg_color":"","osh_menu_social_links_color":"","osh_menu_social_hover_links_color":""},"product_brand":[],"product_cat":[46],"product_tag":[385,383,382,381,384],"class_list":{"0":"post-4064","1":"product","2":"type-product","3":"status-publish","4":"has-post-thumbnail","6":"product_cat-oil-mist-lubrication-systems","7":"product_tag-cooling-lubrication-system","8":"product_tag-micro-lubrication-pump","9":"product_tag-minimal-quantity-lubrication","10":"product_tag-mql-lubrication-pump","11":"product_tag-oil-mist-lubrication-system","13":"entry","14":"has-media","16":"first","17":"instock","18":"shipping-taxable","19":"product-type-external","20":"col","21":"span_1_of_3","22":"owp-content-center","23":"owp-thumbs-layout-horizontal","24":"owp-btn-very-big","25":"owp-tabs-layout-horizontal"},"_links":{"self":[{"href":"https:\/\/www.jinpinlub.com\/vi\/wp-json\/wp\/v2\/product\/4064","targetHints":{"allow":["GET"]}}],"collection":[{"href":"https:\/\/www.jinpinlub.com\/vi\/wp-json\/wp\/v2\/product"}],"about":[{"href":"https:\/\/www.jinpinlub.com\/vi\/wp-json\/wp\/v2\/types\/product"}],"wp:featuredmedia":[{"embeddable":true,"href":"https:\/\/www.jinpinlub.com\/vi\/wp-json\/wp\/v2\/media\/4061"}],"wp:attachment":[{"href":"https:\/\/www.jinpinlub.com\/vi\/wp-json\/wp\/v2\/media?parent=4064"}],"wp:term":[{"taxonomy":"product_brand","embeddable":true,"href":"https:\/\/www.jinpinlub.com\/vi\/wp-json\/wp\/v2\/product_brand?post=4064"},{"taxonomy":"product_cat","embeddable":true,"href":"https:\/\/www.jinpinlub.com\/vi\/wp-json\/wp\/v2\/product_cat?post=4064"},{"taxonomy":"product_tag","embeddable":true,"href":"https:\/\/www.jinpinlub.com\/vi\/wp-json\/wp\/v2\/product_tag?post=4064"}],"curies":[{"name":"wp","href":"https:\/\/api.w.org\/{rel}","templated":true}]}}