{"id":4065,"date":"2025-01-02T01:03:48","date_gmt":"2025-01-01T17:03:48","guid":{"rendered":"https:\/\/www.jinpinlub.com\/?post_type=product&#038;p=4065"},"modified":"2025-01-11T11:48:58","modified_gmt":"2025-01-11T03:48:58","slug":"micro-precision-spray-lubrication-system-for-metal-cutting","status":"publish","type":"product","link":"https:\/\/www.jinpinlub.com\/vi\/product\/micro-precision-spray-lubrication-system-for-metal-cutting\/","title":{"rendered":"H\u1ec7 th\u1ed1ng b\u00f4i tr\u01a1n phun si\u00eau ch\u00ednh x\u00e1c \u0111\u1ec3 c\u1eaft kim lo\u1ea1i"},"content":{"rendered":"<h2>T\u00ednh n\u0103ng<\/h2>\n<p><span id=\"input-sentence~0\">&#8211; Air and oil mixture: minimum quantity lubrication pump can provide a mixture of air and oil that may be used for different application scenarios requiring precise lubrication.<br \/>\n&#8211; Adjustment function: Stroke regulator and pulse generator in minimum quantity lubrication pump allow users to regulate the circulation rate and output per stroke of the pump according to requirement, hence accurate regulation.<\/span><span id=\"input-sentence~1\"><br \/>\n<span id=\"input-sentence~0\">&#8211; <\/span>Environmentally friendly: The ISO VG 68 machine tool guide oil recommended by the pump has environmentally friendly characteristics, and precise micro-oil mist lubrication can further reduce the impact on the environment.<br \/>\n<span id=\"input-sentence~0\">&#8211; <\/span>High-performance materials: Nozzles of different materials are suitable for different working environments, such as stainless steel nozzles for environments that require high rigidity, while flexible plastic nozzles are suitable for environments that require easy adjustment of direction.<\/span><\/p>\n<h2>\u0110\u1eb7c \u0111i\u1ec3m k\u1ef9 thu\u1eadt<\/h2>\n<table>\n<tbody>\n<tr>\n<td>Cung c\u1ea5p \u00e1p su\u1ea5t kh\u00f4ng kh\u00ed<\/td>\n<td>Kh\u00f4ng kh\u00ed n\u00e9n s\u1ea1ch, kh\u00f4, 4~7 bar, t\u1ed1i thi\u1ec3u 708 LPM<\/td>\n<\/tr>\n<tr>\n<td>\u0110\u1ed9 nh\u1edbt c\u1ee7a b\u01a1m<\/td>\n<td>50~1000 SUS<\/td>\n<\/tr>\n<tr>\n<td>C\u00f4ng su\u1ea5t b\u01a1m \u1edf h\u00e0nh tr\u00ecnh \u0111\u1ea7y \u0111\u1ee7<\/td>\n<td>0,033 mL (chu\u1ea9n 1 gi\u1ecdt), 0,100 mL (chu\u1ea9n 3 gi\u1ecdt)<\/td>\n<\/tr>\n<tr>\n<td>T\u1ed1c \u0111\u1ed9 \u0111\u1ea7u ra c\u1ee7a m\u00e1y b\u01a1m<\/td>\n<td>0~396mL\/gi\u1edd (chu\u1ea9n 1 gi\u1ecdt), 0~1200mL\/gi\u1edd (chu\u1ea9n 3 gi\u1ecdt)<\/td>\n<\/tr>\n<tr>\n<td>L\u01b0u l\u01b0\u1ee3ng kh\u00f4ng kh\u00ed<\/td>\n<td>0~4 SCFM cho m\u1ed7i \u0111\u1ea7u ra kh\u00f4ng kh\u00ed v\u00e0 d\u1ea7u, 1~2 SCFM \u0111i\u1ec3n h\u00ecnh<\/td>\n<\/tr>\n<tr>\n<td>M\u00e1y ph\u00e1t xung<\/td>\n<td>5~50 xung\/ph\u00fat, T\u1ed1i \u0111a 200 xung\/ph\u00fat (kh\u00f4ng khuy\u1ebfn ngh\u1ecb)<\/td>\n<\/tr>\n<tr>\n<td>Nhi\u1ec7t \u0111\u1ed9 ho\u1ea1t \u0111\u1ed9ng<\/td>\n<td>0\u2103 ~ +50\u02daC<\/td>\n<\/tr>\n<tr>\n<td>Nhi\u1ec7t \u0111\u1ed9 l\u01b0u tr\u1eef<\/td>\n<td>(-16\u2103 ~ +70\u02daC)<\/td>\n<\/tr>\n<tr>\n<td>B\u00ecnh ch\u1ee9a ch\u1ea5t l\u1ecfng<\/td>\n<td>C\u00f3 th\u1ec3 t\u00f9y ch\u1ec9nh, ti\u00eau chu\u1ea9n 0,5L, 1,0L, 2L, 4L<\/td>\n<\/tr>\n<\/tbody>\n<\/table>\n<h2>L\u1eafp r\u00e1p<\/h2>\n<p><span id=\"input-sentence~0\">1. Installation preparation: Read the operational manual, understand the principles of the minimal quantity lubrication system, component functions, and adjustment methods. Prepare all the tools which may be required for mounting.<br \/>\n2. Installation location: Choose a place close to the machine and easy for operation and maintenance, making sure the minimal quantity lubrication pump is installed horizontally with the liquid storage tank up.<\/span><span id=\"input-sentence~1\"><br \/>\n3. Installation method: Fixed by screws at four installation places minimum quantity lubrication system. As for the case magnet installation method is adopted, it needs to be installed in clean and flat installment location.<br \/>\n4. Air connection: Keep the air supply pressure between 4 -7 bar, connect the air supply line through the air filter, and seal the interface.<br \/>\n5. Thin oil filling: Fill in the qualified thin oil to 75% of the volume of the oil tank. In the process of filling, push down the cover to discharge extra air.<\/span><\/p>\n<h2>H\u01b0\u1edbng d\u1eabn s\u1eed d\u1ee5ng<\/h2>\n<div class=\"sdm_download_button_box_default\"><div class=\"sdm_download_link\"><a href=\"https:\/\/www.jinpinlub.com\/vi\/?sdm_process_download=1&download_id=4054\" class=\"sdm_download white\" title=\"Ri\u00eang t\u01b0: Minimal Quantity Lubrication\" target=\"&quot;_blank&quot;\">Xem B\u1ea3ng d\u1eef li\u1ec7u - B\u00f4i tr\u01a1n s\u1ed1 l\u01b0\u1ee3ng t\u1ed1i thi\u1ec3u<\/a><\/div><\/div>","protected":false},"excerpt":{"rendered":"<p>MLS micro-lubrication pump is a device used to replace the traditional water-soluble cutting fluid cooling system. It sprays a mixture of air and oil into the processing area through high-pressure atomization, so that a small amount of lubricating oil is more evenly dispersed.<\/p>","protected":false},"featured_media":4066,"template":"","meta":{"ocean_post_layout":"","ocean_both_sidebars_style":"","ocean_both_sidebars_content_width":0,"ocean_both_sidebars_sidebars_width":0,"ocean_sidebar":"0","ocean_second_sidebar":"0","ocean_disable_margins":"enable","ocean_add_body_class":"","ocean_shortcode_before_top_bar":"","ocean_shortcode_after_top_bar":"","ocean_shortcode_before_header":"","ocean_shortcode_after_header":"","ocean_has_shortcode":"","ocean_shortcode_after_title":"","ocean_shortcode_before_footer_widgets":"","ocean_shortcode_after_footer_widgets":"","ocean_shortcode_before_footer_bottom":"","ocean_shortcode_after_footer_bottom":"","ocean_display_top_bar":"default","ocean_display_header":"default","ocean_header_style":"","ocean_center_header_left_menu":"0","ocean_custom_header_template":"0","ocean_custom_logo":0,"ocean_custom_retina_logo":0,"ocean_custom_logo_max_width":0,"ocean_custom_logo_tablet_max_width":0,"ocean_custom_logo_mobile_max_width":0,"ocean_custom_logo_max_height":0,"ocean_custom_logo_tablet_max_height":0,"ocean_custom_logo_mobile_max_height":0,"ocean_header_custom_menu":"0","ocean_menu_typo_font_family":"0","ocean_menu_typo_font_subset":"","ocean_menu_typo_font_size":0,"ocean_menu_typo_font_size_tablet":0,"ocean_menu_typo_font_size_mobile":0,"ocean_menu_typo_font_size_unit":"px","ocean_menu_typo_font_weight":"","ocean_menu_typo_font_weight_tablet":"","ocean_menu_typo_font_weight_mobile":"","ocean_menu_typo_transform":"","ocean_menu_typo_transform_tablet":"","ocean_menu_typo_transform_mobile":"","ocean_menu_typo_line_height":0,"ocean_menu_typo_line_height_tablet":0,"ocean_menu_typo_line_height_mobile":0,"ocean_menu_typo_line_height_unit":"","ocean_menu_typo_spacing":0,"ocean_menu_typo_spacing_tablet":0,"ocean_menu_typo_spacing_mobile":0,"ocean_menu_typo_spacing_unit":"","ocean_menu_link_color":"","ocean_menu_link_color_hover":"","ocean_menu_link_color_active":"","ocean_menu_link_background":"","ocean_menu_link_hover_background":"","ocean_menu_link_active_background":"","ocean_menu_social_links_bg":"","ocean_menu_social_hover_links_bg":"","ocean_menu_social_links_color":"","ocean_menu_social_hover_links_color":"","ocean_disable_title":"default","ocean_disable_heading":"default","ocean_post_title":"","ocean_post_subheading":"","ocean_post_title_style":"","ocean_post_title_background_color":"","ocean_post_title_background":0,"ocean_post_title_bg_image_position":"","ocean_post_title_bg_image_attachment":"","ocean_post_title_bg_image_repeat":"","ocean_post_title_bg_image_size":"","ocean_post_title_height":0,"ocean_post_title_bg_overlay":0.5,"ocean_post_title_bg_overlay_color":"","ocean_disable_breadcrumbs":"default","ocean_breadcrumbs_color":"","ocean_breadcrumbs_separator_color":"","ocean_breadcrumbs_links_color":"","ocean_breadcrumbs_links_hover_color":"","ocean_display_footer_widgets":"default","ocean_display_footer_bottom":"default","ocean_custom_footer_template":"0","osh_disable_topbar_sticky":"default","osh_disable_header_sticky":"default","osh_sticky_header_style":"default","osh_sticky_header_effect":"","osh_custom_sticky_logo":0,"osh_custom_retina_sticky_logo":0,"osh_custom_sticky_logo_height":0,"osh_background_color":"","osh_links_color":"","osh_links_hover_color":"","osh_links_active_color":"","osh_links_bg_color":"","osh_links_hover_bg_color":"","osh_links_active_bg_color":"","osh_menu_social_links_color":"","osh_menu_social_hover_links_color":""},"product_brand":[],"product_cat":[46],"product_tag":[386,382,387,389,390],"class_list":{"0":"post-4065","1":"product","2":"type-product","3":"status-publish","4":"has-post-thumbnail","6":"product_cat-oil-mist-lubrication-systems","7":"product_tag-micro-lubrication-system","8":"product_tag-minimal-quantity-lubrication","9":"product_tag-oil-mist-coolant-pumps","10":"product_tag-pneumatic-oil-mist-pump","11":"product_tag-pneumatic-spray-pump","13":"entry","14":"has-media","16":"first","17":"instock","18":"featured","19":"shipping-taxable","20":"product-type-external","21":"col","22":"span_1_of_3","23":"owp-content-center","24":"owp-thumbs-layout-horizontal","25":"owp-btn-very-big","26":"owp-tabs-layout-horizontal"},"_links":{"self":[{"href":"https:\/\/www.jinpinlub.com\/vi\/wp-json\/wp\/v2\/product\/4065","targetHints":{"allow":["GET"]}}],"collection":[{"href":"https:\/\/www.jinpinlub.com\/vi\/wp-json\/wp\/v2\/product"}],"about":[{"href":"https:\/\/www.jinpinlub.com\/vi\/wp-json\/wp\/v2\/types\/product"}],"wp:featuredmedia":[{"embeddable":true,"href":"https:\/\/www.jinpinlub.com\/vi\/wp-json\/wp\/v2\/media\/4066"}],"wp:attachment":[{"href":"https:\/\/www.jinpinlub.com\/vi\/wp-json\/wp\/v2\/media?parent=4065"}],"wp:term":[{"taxonomy":"product_brand","embeddable":true,"href":"https:\/\/www.jinpinlub.com\/vi\/wp-json\/wp\/v2\/product_brand?post=4065"},{"taxonomy":"product_cat","embeddable":true,"href":"https:\/\/www.jinpinlub.com\/vi\/wp-json\/wp\/v2\/product_cat?post=4065"},{"taxonomy":"product_tag","embeddable":true,"href":"https:\/\/www.jinpinlub.com\/vi\/wp-json\/wp\/v2\/product_tag?post=4065"}],"curies":[{"name":"wp","href":"https:\/\/api.w.org\/{rel}","templated":true}]}}